{"id":6399,"date":"2024-06-28T10:04:17","date_gmt":"2024-06-28T10:04:17","guid":{"rendered":"https:\/\/vitraaz.ee\/?post_type=product&#038;p=6399"},"modified":"2025-04-09T12:35:36","modified_gmt":"2025-04-09T12:35:36","slug":"vitraaz-kortsleht","status":"publish","type":"product","link":"https:\/\/vitraaz.ee\/ru\/toode\/vitraaz-kortsleht\/","title":{"rendered":"Vitraa\u017e &#187;Kortsleht&#187;"},"content":{"rendered":"<p>Vitraa\u017e &#187;Kortsleht&#187;\u00a0 kujutab meie loodusest tuntud taime,\u00a0 mis oma lehvikud elegantselt laiali laotab. Loodusele omastele tugevatele rohelistele toonidele on taustaks roosakas ja kirgas j\u00e4\u00e4klaas. Vitraa\u017e on m\u00f5\u00f5tudega 30&#215;21 cm.\u00a0 Klaasinterj\u00f6\u00f6r on klaasistuudio, mille kunstnikud loovad ainulaadseid k\u00e4sit\u00f6\u00f6na valmivaid kingitusi. Et tutvuda teiste toodetega, k\u00fclasta <a href=\"https:\/\/vitraaz.ee\/pood\/\">e-poodi.<\/a><\/p>\n<p>NB! &#171;J\u00e4reltellimisel\u00b4\u00b4 m\u00e4rkega vitraa\u017eid pole laos kohe saadaval. V\u00f5tame ostjaga \u00fchendust, et kokku leppida tellimuse valmistamise t\u00e4htaeg. Tavaliselt v\u00f5ib selleks kuluda kuni 5 t\u00f6\u00f6p\u00e4eva ning seej\u00e4rel saame paki postitada.<\/p>\n","protected":false},"excerpt":{"rendered":"<p>Vitraa\u017e &#187;Kortsleht&#187;\u00a0 kujutab meie loodusest tuntud taime,\u00a0 mis oma lehvikud elegantselt laiali laotab. Loodusele omastele tugevatele rohelistele toonidele on taustaks roosakas ja kirgas j\u00e4\u00e4klaas. Vitraa\u017e on m\u00f5\u00f5tudega 30&#215;21 cm.\u00a0 Klaasinterj\u00f6\u00f6r on klaasistuudio, mille kunstnikud loovad ainulaadseid k\u00e4sit\u00f6\u00f6na valmivaid kingitusi. Et tutvuda teiste toodetega, k\u00fclasta e-poodi. NB! &#171;J\u00e4reltellimisel\u00b4\u00b4 m\u00e4rkega vitraa\u017eid pole laos kohe saadaval. V\u00f5tame ostjaga [&hellip;]<\/p>\n","protected":false},"featured_media":6314,"template":"","meta":{"_acf_changed":false},"product_brand":[],"product_cat":[47],"product_tag":[],"class_list":{"0":"post-6399","1":"product","2":"type-product","3":"status-publish","4":"has-post-thumbnail","6":"product_cat-vitraazid","8":"first","9":"onbackorder","10":"taxable","11":"shipping-taxable","12":"purchasable","13":"product-type-simple"},"acf":[],"yoast_head":"<!-- This site is optimized with the Yoast SEO plugin v27.3 - https:\/\/yoast.com\/product\/yoast-seo-wordpress\/ -->\n<title>Vitraa\u017e &#039;&#039;Kortsleht&#039;&#039; - Vitraaz.ee<\/title>\n<meta name=\"description\" content=\"Vitraa\u017e &#039;&#039;Kortsleht&#039;&#039; kujutab eesti loodusest tuntud taime, mille \u00e4gedad lehvikulaadsed lehed rohu sees sageli silma paistavad.\" \/>\n<meta name=\"robots\" content=\"index, follow, max-snippet:-1, max-image-preview:large, max-video-preview:-1\" \/>\n<link rel=\"canonical\" href=\"https:\/\/vitraaz.ee\/ru\/toode\/vitraaz-kortsleht\/\" \/>\n<meta property=\"og:locale\" content=\"ru_RU\" \/>\n<meta property=\"og:type\" content=\"article\" \/>\n<meta property=\"og:title\" content=\"Vitraa\u017e &#039;&#039;Kortsleht&#039;&#039; - Vitraaz.ee\" \/>\n<meta property=\"og:description\" content=\"Vitraa\u017e &#039;&#039;Kortsleht&#039;&#039; kujutab eesti loodusest tuntud taime, mille \u00e4gedad lehvikulaadsed lehed rohu sees sageli silma paistavad.\" \/>\n<meta property=\"og:url\" content=\"https:\/\/vitraaz.ee\/ru\/toode\/vitraaz-kortsleht\/\" \/>\n<meta property=\"og:site_name\" content=\"Vitraaz.ee\" \/>\n<meta property=\"article:publisher\" content=\"https:\/\/www.facebook.com\/Klaasinterjoor\" \/>\n<meta property=\"article:modified_time\" content=\"2025-04-09T12:35:36+00:00\" \/>\n<meta property=\"og:image\" content=\"https:\/\/vitraaz.ee\/wp-content\/uploads\/2024\/06\/lehed1.jpg\" \/>\n\t<meta property=\"og:image:width\" content=\"1236\" \/>\n\t<meta property=\"og:image:height\" content=\"798\" \/>\n\t<meta property=\"og:image:type\" content=\"image\/jpeg\" \/>\n<meta name=\"twitter:card\" content=\"summary_large_image\" \/>\n<meta name=\"twitter:label1\" content=\"\u041f\u0440\u0438\u043c\u0435\u0440\u043d\u043e\u0435 \u0432\u0440\u0435\u043c\u044f \u0434\u043b\u044f \u0447\u0442\u0435\u043d\u0438\u044f\" \/>\n\t<meta name=\"twitter:data1\" content=\"1 \u043c\u0438\u043d\u0443\u0442\u0430\" \/>\n<script type=\"application\/ld+json\" class=\"yoast-schema-graph\">{\"@context\":\"https:\\\/\\\/schema.org\",\"@graph\":[{\"@type\":\"WebPage\",\"@id\":\"https:\\\/\\\/vitraaz.ee\\\/ru\\\/toode\\\/vitraaz-kortsleht\\\/\",\"url\":\"https:\\\/\\\/vitraaz.ee\\\/ru\\\/toode\\\/vitraaz-kortsleht\\\/\",\"name\":\"Vitraa\u017e ''Kortsleht'' - Vitraaz.ee\",\"isPartOf\":{\"@id\":\"https:\\\/\\\/vitraaz.ee\\\/ru\\\/#website\"},\"primaryImageOfPage\":{\"@id\":\"https:\\\/\\\/vitraaz.ee\\\/ru\\\/toode\\\/vitraaz-kortsleht\\\/#primaryimage\"},\"image\":{\"@id\":\"https:\\\/\\\/vitraaz.ee\\\/ru\\\/toode\\\/vitraaz-kortsleht\\\/#primaryimage\"},\"thumbnailUrl\":\"https:\\\/\\\/vitraaz.ee\\\/wp-content\\\/uploads\\\/2024\\\/06\\\/lehed1.jpg\",\"datePublished\":\"2024-06-28T10:04:17+00:00\",\"dateModified\":\"2025-04-09T12:35:36+00:00\",\"description\":\"Vitraa\u017e ''Kortsleht'' kujutab eesti loodusest tuntud taime, mille \u00e4gedad lehvikulaadsed lehed rohu sees sageli silma paistavad.\",\"breadcrumb\":{\"@id\":\"https:\\\/\\\/vitraaz.ee\\\/ru\\\/toode\\\/vitraaz-kortsleht\\\/#breadcrumb\"},\"inLanguage\":\"ru-RU\",\"potentialAction\":[{\"@type\":\"ReadAction\",\"target\":[\"https:\\\/\\\/vitraaz.ee\\\/ru\\\/toode\\\/vitraaz-kortsleht\\\/\"]}]},{\"@type\":\"ImageObject\",\"inLanguage\":\"ru-RU\",\"@id\":\"https:\\\/\\\/vitraaz.ee\\\/ru\\\/toode\\\/vitraaz-kortsleht\\\/#primaryimage\",\"url\":\"https:\\\/\\\/vitraaz.ee\\\/wp-content\\\/uploads\\\/2024\\\/06\\\/lehed1.jpg\",\"contentUrl\":\"https:\\\/\\\/vitraaz.ee\\\/wp-content\\\/uploads\\\/2024\\\/06\\\/lehed1.jpg\",\"width\":1236,\"height\":798},{\"@type\":\"BreadcrumbList\",\"@id\":\"https:\\\/\\\/vitraaz.ee\\\/ru\\\/toode\\\/vitraaz-kortsleht\\\/#breadcrumb\",\"itemListElement\":[{\"@type\":\"ListItem\",\"position\":1,\"name\":\"Home\",\"item\":\"https:\\\/\\\/vitraaz.ee\\\/ru\\\/\"},{\"@type\":\"ListItem\",\"position\":2,\"name\":\"Pood\",\"item\":\"https:\\\/\\\/vitraaz.ee\\\/pood\\\/\"},{\"@type\":\"ListItem\",\"position\":3,\"name\":\"Vitraa\u017e &#8221;Kortsleht&#8221;\"}]},{\"@type\":\"WebSite\",\"@id\":\"https:\\\/\\\/vitraaz.ee\\\/ru\\\/#website\",\"url\":\"https:\\\/\\\/vitraaz.ee\\\/ru\\\/\",\"name\":\"Vitraaz.ee\",\"description\":\"Klaasinterj&ouml;&ouml;r\",\"publisher\":{\"@id\":\"https:\\\/\\\/vitraaz.ee\\\/ru\\\/#organization\"},\"potentialAction\":[{\"@type\":\"SearchAction\",\"target\":{\"@type\":\"EntryPoint\",\"urlTemplate\":\"https:\\\/\\\/vitraaz.ee\\\/ru\\\/?s={search_term_string}\"},\"query-input\":{\"@type\":\"PropertyValueSpecification\",\"valueRequired\":true,\"valueName\":\"search_term_string\"}}],\"inLanguage\":\"ru-RU\"},{\"@type\":\"Organization\",\"@id\":\"https:\\\/\\\/vitraaz.ee\\\/ru\\\/#organization\",\"name\":\"KLAASINTERJ\u00d6\u00d6R O\u00dc\",\"url\":\"https:\\\/\\\/vitraaz.ee\\\/ru\\\/\",\"logo\":{\"@type\":\"ImageObject\",\"inLanguage\":\"ru-RU\",\"@id\":\"https:\\\/\\\/vitraaz.ee\\\/ru\\\/#\\\/schema\\\/logo\\\/image\\\/\",\"url\":\"https:\\\/\\\/vitraaz.ee\\\/wp-content\\\/uploads\\\/2022\\\/09\\\/logoKI.png\",\"contentUrl\":\"https:\\\/\\\/vitraaz.ee\\\/wp-content\\\/uploads\\\/2022\\\/09\\\/logoKI.png\",\"width\":1159,\"height\":458,\"caption\":\"KLAASINTERJ\u00d6\u00d6R O\u00dc\"},\"image\":{\"@id\":\"https:\\\/\\\/vitraaz.ee\\\/ru\\\/#\\\/schema\\\/logo\\\/image\\\/\"},\"sameAs\":[\"https:\\\/\\\/www.facebook.com\\\/Klaasinterjoor\"]}]}<\/script>\n<!-- \/ Yoast SEO plugin. -->","yoast_head_json":{"title":"Vitraa\u017e ''Kortsleht'' - Vitraaz.ee","description":"Vitraa\u017e ''Kortsleht'' kujutab eesti loodusest tuntud taime, mille \u00e4gedad lehvikulaadsed lehed rohu sees sageli silma paistavad.","robots":{"index":"index","follow":"follow","max-snippet":"max-snippet:-1","max-image-preview":"max-image-preview:large","max-video-preview":"max-video-preview:-1"},"canonical":"https:\/\/vitraaz.ee\/ru\/toode\/vitraaz-kortsleht\/","og_locale":"ru_RU","og_type":"article","og_title":"Vitraa\u017e ''Kortsleht'' - Vitraaz.ee","og_description":"Vitraa\u017e ''Kortsleht'' kujutab eesti loodusest tuntud taime, mille \u00e4gedad lehvikulaadsed lehed rohu sees sageli silma paistavad.","og_url":"https:\/\/vitraaz.ee\/ru\/toode\/vitraaz-kortsleht\/","og_site_name":"Vitraaz.ee","article_publisher":"https:\/\/www.facebook.com\/Klaasinterjoor","article_modified_time":"2025-04-09T12:35:36+00:00","og_image":[{"width":1236,"height":798,"url":"https:\/\/vitraaz.ee\/wp-content\/uploads\/2024\/06\/lehed1.jpg","type":"image\/jpeg"}],"twitter_card":"summary_large_image","twitter_misc":{"\u041f\u0440\u0438\u043c\u0435\u0440\u043d\u043e\u0435 \u0432\u0440\u0435\u043c\u044f \u0434\u043b\u044f \u0447\u0442\u0435\u043d\u0438\u044f":"1 \u043c\u0438\u043d\u0443\u0442\u0430"},"schema":{"@context":"https:\/\/schema.org","@graph":[{"@type":"WebPage","@id":"https:\/\/vitraaz.ee\/ru\/toode\/vitraaz-kortsleht\/","url":"https:\/\/vitraaz.ee\/ru\/toode\/vitraaz-kortsleht\/","name":"Vitraa\u017e ''Kortsleht'' - Vitraaz.ee","isPartOf":{"@id":"https:\/\/vitraaz.ee\/ru\/#website"},"primaryImageOfPage":{"@id":"https:\/\/vitraaz.ee\/ru\/toode\/vitraaz-kortsleht\/#primaryimage"},"image":{"@id":"https:\/\/vitraaz.ee\/ru\/toode\/vitraaz-kortsleht\/#primaryimage"},"thumbnailUrl":"https:\/\/vitraaz.ee\/wp-content\/uploads\/2024\/06\/lehed1.jpg","datePublished":"2024-06-28T10:04:17+00:00","dateModified":"2025-04-09T12:35:36+00:00","description":"Vitraa\u017e ''Kortsleht'' kujutab eesti loodusest tuntud taime, mille \u00e4gedad lehvikulaadsed lehed rohu sees sageli silma paistavad.","breadcrumb":{"@id":"https:\/\/vitraaz.ee\/ru\/toode\/vitraaz-kortsleht\/#breadcrumb"},"inLanguage":"ru-RU","potentialAction":[{"@type":"ReadAction","target":["https:\/\/vitraaz.ee\/ru\/toode\/vitraaz-kortsleht\/"]}]},{"@type":"ImageObject","inLanguage":"ru-RU","@id":"https:\/\/vitraaz.ee\/ru\/toode\/vitraaz-kortsleht\/#primaryimage","url":"https:\/\/vitraaz.ee\/wp-content\/uploads\/2024\/06\/lehed1.jpg","contentUrl":"https:\/\/vitraaz.ee\/wp-content\/uploads\/2024\/06\/lehed1.jpg","width":1236,"height":798},{"@type":"BreadcrumbList","@id":"https:\/\/vitraaz.ee\/ru\/toode\/vitraaz-kortsleht\/#breadcrumb","itemListElement":[{"@type":"ListItem","position":1,"name":"Home","item":"https:\/\/vitraaz.ee\/ru\/"},{"@type":"ListItem","position":2,"name":"Pood","item":"https:\/\/vitraaz.ee\/pood\/"},{"@type":"ListItem","position":3,"name":"Vitraa\u017e &#8221;Kortsleht&#8221;"}]},{"@type":"WebSite","@id":"https:\/\/vitraaz.ee\/ru\/#website","url":"https:\/\/vitraaz.ee\/ru\/","name":"Vitraaz.ee","description":"Klaasinterj&ouml;&ouml;r","publisher":{"@id":"https:\/\/vitraaz.ee\/ru\/#organization"},"potentialAction":[{"@type":"SearchAction","target":{"@type":"EntryPoint","urlTemplate":"https:\/\/vitraaz.ee\/ru\/?s={search_term_string}"},"query-input":{"@type":"PropertyValueSpecification","valueRequired":true,"valueName":"search_term_string"}}],"inLanguage":"ru-RU"},{"@type":"Organization","@id":"https:\/\/vitraaz.ee\/ru\/#organization","name":"KLAASINTERJ\u00d6\u00d6R O\u00dc","url":"https:\/\/vitraaz.ee\/ru\/","logo":{"@type":"ImageObject","inLanguage":"ru-RU","@id":"https:\/\/vitraaz.ee\/ru\/#\/schema\/logo\/image\/","url":"https:\/\/vitraaz.ee\/wp-content\/uploads\/2022\/09\/logoKI.png","contentUrl":"https:\/\/vitraaz.ee\/wp-content\/uploads\/2022\/09\/logoKI.png","width":1159,"height":458,"caption":"KLAASINTERJ\u00d6\u00d6R O\u00dc"},"image":{"@id":"https:\/\/vitraaz.ee\/ru\/#\/schema\/logo\/image\/"},"sameAs":["https:\/\/www.facebook.com\/Klaasinterjoor"]}]}},"_links":{"self":[{"href":"https:\/\/vitraaz.ee\/ru\/wp-json\/wp\/v2\/product\/6399","targetHints":{"allow":["GET"]}}],"collection":[{"href":"https:\/\/vitraaz.ee\/ru\/wp-json\/wp\/v2\/product"}],"about":[{"href":"https:\/\/vitraaz.ee\/ru\/wp-json\/wp\/v2\/types\/product"}],"version-history":[{"count":2,"href":"https:\/\/vitraaz.ee\/ru\/wp-json\/wp\/v2\/product\/6399\/revisions"}],"predecessor-version":[{"id":8559,"href":"https:\/\/vitraaz.ee\/ru\/wp-json\/wp\/v2\/product\/6399\/revisions\/8559"}],"wp:featuredmedia":[{"embeddable":true,"href":"https:\/\/vitraaz.ee\/ru\/wp-json\/wp\/v2\/media\/6314"}],"wp:attachment":[{"href":"https:\/\/vitraaz.ee\/ru\/wp-json\/wp\/v2\/media?parent=6399"}],"wp:term":[{"taxonomy":"product_brand","embeddable":true,"href":"https:\/\/vitraaz.ee\/ru\/wp-json\/wp\/v2\/product_brand?post=6399"},{"taxonomy":"product_cat","embeddable":true,"href":"https:\/\/vitraaz.ee\/ru\/wp-json\/wp\/v2\/product_cat?post=6399"},{"taxonomy":"product_tag","embeddable":true,"href":"https:\/\/vitraaz.ee\/ru\/wp-json\/wp\/v2\/product_tag?post=6399"}],"curies":[{"name":"wp","href":"https:\/\/api.w.org\/{rel}","templated":true}]}}