{"id":5880,"date":"2023-11-02T14:33:11","date_gmt":"2023-11-02T14:33:11","guid":{"rendered":"https:\/\/vitraaz.ee\/?post_type=product&#038;p=5880"},"modified":"2024-07-16T13:15:51","modified_gmt":"2024-07-16T13:15:51","slug":"sinine-kaevoru","status":"publish","type":"product","link":"https:\/\/vitraaz.ee\/ru\/toode\/sinine-kaevoru\/","title":{"rendered":"Sinine k\u00e4ev\u00f5ru"},"content":{"rendered":"<p>Sinine k\u00e4ev\u00f5ru, mis kindlasti pilke p\u00fc\u00fcab. Kui armastad sinist ja eriti elektrisinist, siis on see k\u00e4ev\u00f5ru just sulle. Mustast nahast rihmal ilutseb sulatatud klaasist detail. J\u00f5uline disainehe. Pehme nahkrihm tundub k\u00e4e \u00fcmber m\u00f5nus ja kinnitub lihtsalt trukiga. Et veenduda ehte sobivuses, m\u00f5\u00f5da oma k\u00e4e\u00fcmberm\u00f5\u00f5t paar cm randmest k\u00f5rgemalt. See ehe sobib\u00a0 k\u00e4ele \u00fcmberm\u00f5\u00f5duga 19 cm.<\/p>\n","protected":false},"excerpt":{"rendered":"<p>Sinine k\u00e4ev\u00f5ru, mis kindlasti pilke p\u00fc\u00fcab. Kui armastad sinist ja eriti elektrisinist, siis on see k\u00e4ev\u00f5ru just sulle. Mustast nahast rihmal ilutseb sulatatud klaasist detail. J\u00f5uline disainehe. Pehme nahkrihm tundub k\u00e4e \u00fcmber m\u00f5nus ja kinnitub lihtsalt trukiga. Et veenduda ehte sobivuses, m\u00f5\u00f5da oma k\u00e4e\u00fcmberm\u00f5\u00f5t paar cm randmest k\u00f5rgemalt. See ehe sobib\u00a0 k\u00e4ele \u00fcmberm\u00f5\u00f5duga 19 cm.<\/p>\n","protected":false},"featured_media":5777,"template":"","meta":{"_acf_changed":false},"product_brand":[],"product_cat":[39],"product_tag":[],"class_list":{"0":"post-5880","1":"product","2":"type-product","3":"status-publish","4":"has-post-thumbnail","6":"product_cat-ehted","8":"first","9":"instock","10":"taxable","11":"shipping-taxable","12":"purchasable","13":"product-type-simple"},"acf":[],"yoast_head":"<!-- This site is optimized with the Yoast SEO plugin v27.3 - https:\/\/yoast.com\/product\/yoast-seo-wordpress\/ -->\n<title>Sinine k\u00e4ev\u00f5ru - Vitraaz.ee<\/title>\n<meta name=\"description\" content=\"P\u00f5nev v\u00e4rviaktsent sinu riietusele v\u00f5ib olla just see sinine k\u00e4ev\u00f5ru. Vaata kindlasti ka teisi ehteid: https:\/\/vitraaz.ee\/pood\/\" \/>\n<meta name=\"robots\" content=\"index, follow, max-snippet:-1, max-image-preview:large, max-video-preview:-1\" \/>\n<link rel=\"canonical\" href=\"https:\/\/vitraaz.ee\/ru\/toode\/sinine-kaevoru\/\" \/>\n<meta property=\"og:locale\" content=\"ru_RU\" \/>\n<meta property=\"og:type\" content=\"article\" \/>\n<meta property=\"og:title\" content=\"Sinine k\u00e4ev\u00f5ru - Vitraaz.ee\" \/>\n<meta property=\"og:description\" content=\"P\u00f5nev v\u00e4rviaktsent sinu riietusele v\u00f5ib olla just see sinine k\u00e4ev\u00f5ru. Vaata kindlasti ka teisi ehteid: https:\/\/vitraaz.ee\/pood\/\" \/>\n<meta property=\"og:url\" content=\"https:\/\/vitraaz.ee\/ru\/toode\/sinine-kaevoru\/\" \/>\n<meta property=\"og:site_name\" content=\"Vitraaz.ee\" \/>\n<meta property=\"article:publisher\" content=\"https:\/\/www.facebook.com\/Klaasinterjoor\" \/>\n<meta property=\"article:modified_time\" content=\"2024-07-16T13:15:51+00:00\" \/>\n<meta property=\"og:image\" content=\"https:\/\/vitraaz.ee\/wp-content\/uploads\/2023\/10\/tumesininekitsas.jpg\" \/>\n\t<meta property=\"og:image:width\" content=\"1200\" \/>\n\t<meta property=\"og:image:height\" content=\"798\" \/>\n\t<meta property=\"og:image:type\" content=\"image\/jpeg\" \/>\n<meta name=\"twitter:card\" content=\"summary_large_image\" \/>\n<meta name=\"twitter:label1\" content=\"\u041f\u0440\u0438\u043c\u0435\u0440\u043d\u043e\u0435 \u0432\u0440\u0435\u043c\u044f \u0434\u043b\u044f \u0447\u0442\u0435\u043d\u0438\u044f\" \/>\n\t<meta name=\"twitter:data1\" content=\"1 \u043c\u0438\u043d\u0443\u0442\u0430\" \/>\n<script type=\"application\/ld+json\" class=\"yoast-schema-graph\">{\"@context\":\"https:\\\/\\\/schema.org\",\"@graph\":[{\"@type\":\"WebPage\",\"@id\":\"https:\\\/\\\/vitraaz.ee\\\/ru\\\/toode\\\/sinine-kaevoru\\\/\",\"url\":\"https:\\\/\\\/vitraaz.ee\\\/ru\\\/toode\\\/sinine-kaevoru\\\/\",\"name\":\"Sinine k\u00e4ev\u00f5ru - Vitraaz.ee\",\"isPartOf\":{\"@id\":\"https:\\\/\\\/vitraaz.ee\\\/ru\\\/#website\"},\"primaryImageOfPage\":{\"@id\":\"https:\\\/\\\/vitraaz.ee\\\/ru\\\/toode\\\/sinine-kaevoru\\\/#primaryimage\"},\"image\":{\"@id\":\"https:\\\/\\\/vitraaz.ee\\\/ru\\\/toode\\\/sinine-kaevoru\\\/#primaryimage\"},\"thumbnailUrl\":\"https:\\\/\\\/vitraaz.ee\\\/wp-content\\\/uploads\\\/2023\\\/10\\\/tumesininekitsas.jpg\",\"datePublished\":\"2023-11-02T14:33:11+00:00\",\"dateModified\":\"2024-07-16T13:15:51+00:00\",\"description\":\"P\u00f5nev v\u00e4rviaktsent sinu riietusele v\u00f5ib olla just see sinine k\u00e4ev\u00f5ru. Vaata kindlasti ka teisi ehteid: https:\\\/\\\/vitraaz.ee\\\/pood\\\/\",\"breadcrumb\":{\"@id\":\"https:\\\/\\\/vitraaz.ee\\\/ru\\\/toode\\\/sinine-kaevoru\\\/#breadcrumb\"},\"inLanguage\":\"ru-RU\",\"potentialAction\":[{\"@type\":\"ReadAction\",\"target\":[\"https:\\\/\\\/vitraaz.ee\\\/ru\\\/toode\\\/sinine-kaevoru\\\/\"]}]},{\"@type\":\"ImageObject\",\"inLanguage\":\"ru-RU\",\"@id\":\"https:\\\/\\\/vitraaz.ee\\\/ru\\\/toode\\\/sinine-kaevoru\\\/#primaryimage\",\"url\":\"https:\\\/\\\/vitraaz.ee\\\/wp-content\\\/uploads\\\/2023\\\/10\\\/tumesininekitsas.jpg\",\"contentUrl\":\"https:\\\/\\\/vitraaz.ee\\\/wp-content\\\/uploads\\\/2023\\\/10\\\/tumesininekitsas.jpg\",\"width\":1200,\"height\":798,\"caption\":\"klaasist ja nahast ehe\"},{\"@type\":\"BreadcrumbList\",\"@id\":\"https:\\\/\\\/vitraaz.ee\\\/ru\\\/toode\\\/sinine-kaevoru\\\/#breadcrumb\",\"itemListElement\":[{\"@type\":\"ListItem\",\"position\":1,\"name\":\"Home\",\"item\":\"https:\\\/\\\/vitraaz.ee\\\/ru\\\/\"},{\"@type\":\"ListItem\",\"position\":2,\"name\":\"Pood\",\"item\":\"https:\\\/\\\/vitraaz.ee\\\/pood\\\/\"},{\"@type\":\"ListItem\",\"position\":3,\"name\":\"Sinine k\u00e4ev\u00f5ru\"}]},{\"@type\":\"WebSite\",\"@id\":\"https:\\\/\\\/vitraaz.ee\\\/ru\\\/#website\",\"url\":\"https:\\\/\\\/vitraaz.ee\\\/ru\\\/\",\"name\":\"Vitraaz.ee\",\"description\":\"Klaasinterj&ouml;&ouml;r\",\"publisher\":{\"@id\":\"https:\\\/\\\/vitraaz.ee\\\/ru\\\/#organization\"},\"potentialAction\":[{\"@type\":\"SearchAction\",\"target\":{\"@type\":\"EntryPoint\",\"urlTemplate\":\"https:\\\/\\\/vitraaz.ee\\\/ru\\\/?s={search_term_string}\"},\"query-input\":{\"@type\":\"PropertyValueSpecification\",\"valueRequired\":true,\"valueName\":\"search_term_string\"}}],\"inLanguage\":\"ru-RU\"},{\"@type\":\"Organization\",\"@id\":\"https:\\\/\\\/vitraaz.ee\\\/ru\\\/#organization\",\"name\":\"KLAASINTERJ\u00d6\u00d6R O\u00dc\",\"url\":\"https:\\\/\\\/vitraaz.ee\\\/ru\\\/\",\"logo\":{\"@type\":\"ImageObject\",\"inLanguage\":\"ru-RU\",\"@id\":\"https:\\\/\\\/vitraaz.ee\\\/ru\\\/#\\\/schema\\\/logo\\\/image\\\/\",\"url\":\"https:\\\/\\\/vitraaz.ee\\\/wp-content\\\/uploads\\\/2022\\\/09\\\/logoKI.png\",\"contentUrl\":\"https:\\\/\\\/vitraaz.ee\\\/wp-content\\\/uploads\\\/2022\\\/09\\\/logoKI.png\",\"width\":1159,\"height\":458,\"caption\":\"KLAASINTERJ\u00d6\u00d6R O\u00dc\"},\"image\":{\"@id\":\"https:\\\/\\\/vitraaz.ee\\\/ru\\\/#\\\/schema\\\/logo\\\/image\\\/\"},\"sameAs\":[\"https:\\\/\\\/www.facebook.com\\\/Klaasinterjoor\"]}]}<\/script>\n<!-- \/ Yoast SEO plugin. -->","yoast_head_json":{"title":"Sinine k\u00e4ev\u00f5ru - Vitraaz.ee","description":"P\u00f5nev v\u00e4rviaktsent sinu riietusele v\u00f5ib olla just see sinine k\u00e4ev\u00f5ru. Vaata kindlasti ka teisi ehteid: https:\/\/vitraaz.ee\/pood\/","robots":{"index":"index","follow":"follow","max-snippet":"max-snippet:-1","max-image-preview":"max-image-preview:large","max-video-preview":"max-video-preview:-1"},"canonical":"https:\/\/vitraaz.ee\/ru\/toode\/sinine-kaevoru\/","og_locale":"ru_RU","og_type":"article","og_title":"Sinine k\u00e4ev\u00f5ru - Vitraaz.ee","og_description":"P\u00f5nev v\u00e4rviaktsent sinu riietusele v\u00f5ib olla just see sinine k\u00e4ev\u00f5ru. Vaata kindlasti ka teisi ehteid: https:\/\/vitraaz.ee\/pood\/","og_url":"https:\/\/vitraaz.ee\/ru\/toode\/sinine-kaevoru\/","og_site_name":"Vitraaz.ee","article_publisher":"https:\/\/www.facebook.com\/Klaasinterjoor","article_modified_time":"2024-07-16T13:15:51+00:00","og_image":[{"width":1200,"height":798,"url":"https:\/\/vitraaz.ee\/wp-content\/uploads\/2023\/10\/tumesininekitsas.jpg","type":"image\/jpeg"}],"twitter_card":"summary_large_image","twitter_misc":{"\u041f\u0440\u0438\u043c\u0435\u0440\u043d\u043e\u0435 \u0432\u0440\u0435\u043c\u044f \u0434\u043b\u044f \u0447\u0442\u0435\u043d\u0438\u044f":"1 \u043c\u0438\u043d\u0443\u0442\u0430"},"schema":{"@context":"https:\/\/schema.org","@graph":[{"@type":"WebPage","@id":"https:\/\/vitraaz.ee\/ru\/toode\/sinine-kaevoru\/","url":"https:\/\/vitraaz.ee\/ru\/toode\/sinine-kaevoru\/","name":"Sinine k\u00e4ev\u00f5ru - Vitraaz.ee","isPartOf":{"@id":"https:\/\/vitraaz.ee\/ru\/#website"},"primaryImageOfPage":{"@id":"https:\/\/vitraaz.ee\/ru\/toode\/sinine-kaevoru\/#primaryimage"},"image":{"@id":"https:\/\/vitraaz.ee\/ru\/toode\/sinine-kaevoru\/#primaryimage"},"thumbnailUrl":"https:\/\/vitraaz.ee\/wp-content\/uploads\/2023\/10\/tumesininekitsas.jpg","datePublished":"2023-11-02T14:33:11+00:00","dateModified":"2024-07-16T13:15:51+00:00","description":"P\u00f5nev v\u00e4rviaktsent sinu riietusele v\u00f5ib olla just see sinine k\u00e4ev\u00f5ru. Vaata kindlasti ka teisi ehteid: https:\/\/vitraaz.ee\/pood\/","breadcrumb":{"@id":"https:\/\/vitraaz.ee\/ru\/toode\/sinine-kaevoru\/#breadcrumb"},"inLanguage":"ru-RU","potentialAction":[{"@type":"ReadAction","target":["https:\/\/vitraaz.ee\/ru\/toode\/sinine-kaevoru\/"]}]},{"@type":"ImageObject","inLanguage":"ru-RU","@id":"https:\/\/vitraaz.ee\/ru\/toode\/sinine-kaevoru\/#primaryimage","url":"https:\/\/vitraaz.ee\/wp-content\/uploads\/2023\/10\/tumesininekitsas.jpg","contentUrl":"https:\/\/vitraaz.ee\/wp-content\/uploads\/2023\/10\/tumesininekitsas.jpg","width":1200,"height":798,"caption":"klaasist ja nahast ehe"},{"@type":"BreadcrumbList","@id":"https:\/\/vitraaz.ee\/ru\/toode\/sinine-kaevoru\/#breadcrumb","itemListElement":[{"@type":"ListItem","position":1,"name":"Home","item":"https:\/\/vitraaz.ee\/ru\/"},{"@type":"ListItem","position":2,"name":"Pood","item":"https:\/\/vitraaz.ee\/pood\/"},{"@type":"ListItem","position":3,"name":"Sinine k\u00e4ev\u00f5ru"}]},{"@type":"WebSite","@id":"https:\/\/vitraaz.ee\/ru\/#website","url":"https:\/\/vitraaz.ee\/ru\/","name":"Vitraaz.ee","description":"Klaasinterj&ouml;&ouml;r","publisher":{"@id":"https:\/\/vitraaz.ee\/ru\/#organization"},"potentialAction":[{"@type":"SearchAction","target":{"@type":"EntryPoint","urlTemplate":"https:\/\/vitraaz.ee\/ru\/?s={search_term_string}"},"query-input":{"@type":"PropertyValueSpecification","valueRequired":true,"valueName":"search_term_string"}}],"inLanguage":"ru-RU"},{"@type":"Organization","@id":"https:\/\/vitraaz.ee\/ru\/#organization","name":"KLAASINTERJ\u00d6\u00d6R O\u00dc","url":"https:\/\/vitraaz.ee\/ru\/","logo":{"@type":"ImageObject","inLanguage":"ru-RU","@id":"https:\/\/vitraaz.ee\/ru\/#\/schema\/logo\/image\/","url":"https:\/\/vitraaz.ee\/wp-content\/uploads\/2022\/09\/logoKI.png","contentUrl":"https:\/\/vitraaz.ee\/wp-content\/uploads\/2022\/09\/logoKI.png","width":1159,"height":458,"caption":"KLAASINTERJ\u00d6\u00d6R O\u00dc"},"image":{"@id":"https:\/\/vitraaz.ee\/ru\/#\/schema\/logo\/image\/"},"sameAs":["https:\/\/www.facebook.com\/Klaasinterjoor"]}]}},"_links":{"self":[{"href":"https:\/\/vitraaz.ee\/ru\/wp-json\/wp\/v2\/product\/5880","targetHints":{"allow":["GET"]}}],"collection":[{"href":"https:\/\/vitraaz.ee\/ru\/wp-json\/wp\/v2\/product"}],"about":[{"href":"https:\/\/vitraaz.ee\/ru\/wp-json\/wp\/v2\/types\/product"}],"version-history":[{"count":0,"href":"https:\/\/vitraaz.ee\/ru\/wp-json\/wp\/v2\/product\/5880\/revisions"}],"wp:featuredmedia":[{"embeddable":true,"href":"https:\/\/vitraaz.ee\/ru\/wp-json\/wp\/v2\/media\/5777"}],"wp:attachment":[{"href":"https:\/\/vitraaz.ee\/ru\/wp-json\/wp\/v2\/media?parent=5880"}],"wp:term":[{"taxonomy":"product_brand","embeddable":true,"href":"https:\/\/vitraaz.ee\/ru\/wp-json\/wp\/v2\/product_brand?post=5880"},{"taxonomy":"product_cat","embeddable":true,"href":"https:\/\/vitraaz.ee\/ru\/wp-json\/wp\/v2\/product_cat?post=5880"},{"taxonomy":"product_tag","embeddable":true,"href":"https:\/\/vitraaz.ee\/ru\/wp-json\/wp\/v2\/product_tag?post=5880"}],"curies":[{"name":"wp","href":"https:\/\/api.w.org\/{rel}","templated":true}]}}