{"id":5407,"date":"2023-02-23T09:48:40","date_gmt":"2023-02-23T09:48:40","guid":{"rendered":"https:\/\/vitraaz.ee\/?post_type=product&#038;p=5407"},"modified":"2024-07-16T22:35:17","modified_gmt":"2024-07-16T22:35:17","slug":"suur-seinakell","status":"publish","type":"product","link":"https:\/\/vitraaz.ee\/ru\/toode\/suur-seinakell\/","title":{"rendered":"Suur seinakell"},"content":{"rendered":"<p>Suur valge seinakell on \u00e4gedaks pilgup\u00fc\u00fcdjaks ruumis.\u00a0 Suur kell on\u00a0 praktiline ja samas kaasaegne sisekujunduselement. Valge ja pretensioonitu kell sobib h\u00e4sti avalikesse ruumidesse ja avaratesse helgetesse kodudesse. Ajat\u00e4hised kellal on l\u00e4ikiva peegelpinnana. Kell on valgel m\u00f6\u00f6bliplaadist raamil. Riputamiseks on plaadi taga spetsiaalsed avad. Kella diameeter on 80 cm. Ostu sooritamisel vali ostukorvis &#187;tulen ise j\u00e4rele&#187;. Seda toodet ei saa saata pakiautomaati. Tootele saab j\u00e4rele tulla meie stuudiosse Laki 9a, Tallinn.<\/p>\n","protected":false},"excerpt":{"rendered":"<p>Suur valge seinakell on \u00e4gedaks pilgup\u00fc\u00fcdjaks ruumis.\u00a0 Suur kell on\u00a0 praktiline ja samas kaasaegne sisekujunduselement. Valge ja pretensioonitu kell sobib h\u00e4sti avalikesse ruumidesse ja avaratesse helgetesse kodudesse. Ajat\u00e4hised kellal on l\u00e4ikiva peegelpinnana. Kell on valgel m\u00f6\u00f6bliplaadist raamil. Riputamiseks on plaadi taga spetsiaalsed avad. Kella diameeter on 80 cm. Ostu sooritamisel vali ostukorvis &#187;tulen ise j\u00e4rele&#187;. [&hellip;]<\/p>\n","protected":false},"featured_media":5408,"template":"","meta":{"_acf_changed":false},"product_brand":[],"product_cat":[37],"product_tag":[],"class_list":{"0":"post-5407","1":"product","2":"type-product","3":"status-publish","4":"has-post-thumbnail","6":"product_cat-seinakellad-lauakellad","8":"first","9":"instock","10":"taxable","11":"shipping-taxable","12":"purchasable","13":"product-type-simple"},"acf":[],"yoast_head":"<!-- This site is optimized with the Yoast SEO plugin v27.3 - https:\/\/yoast.com\/product\/yoast-seo-wordpress\/ -->\n<title>Suur seinakell - Vitraaz.ee<\/title>\n<meta name=\"description\" content=\"Suur seinakell on \u00fchtaegu praktiline ja kaasaegne sisekujunduselement. Valge kell sobib h\u00e4sti avalikesse ruumidesse ja avaratesse kaasaegsetesse kodudesse.\" \/>\n<meta name=\"robots\" content=\"index, follow, max-snippet:-1, max-image-preview:large, max-video-preview:-1\" \/>\n<link rel=\"canonical\" href=\"https:\/\/vitraaz.ee\/ru\/toode\/suur-seinakell\/\" \/>\n<meta property=\"og:locale\" content=\"ru_RU\" \/>\n<meta property=\"og:type\" content=\"article\" \/>\n<meta property=\"og:title\" content=\"Suur seinakell - Vitraaz.ee\" \/>\n<meta property=\"og:description\" content=\"Suur seinakell on \u00fchtaegu praktiline ja kaasaegne sisekujunduselement. Valge kell sobib h\u00e4sti avalikesse ruumidesse ja avaratesse kaasaegsetesse kodudesse.\" \/>\n<meta property=\"og:url\" content=\"https:\/\/vitraaz.ee\/ru\/toode\/suur-seinakell\/\" \/>\n<meta property=\"og:site_name\" content=\"Vitraaz.ee\" \/>\n<meta property=\"article:publisher\" content=\"https:\/\/www.facebook.com\/Klaasinterjoor\" \/>\n<meta property=\"article:modified_time\" content=\"2024-07-16T22:35:17+00:00\" \/>\n<meta property=\"og:image\" content=\"https:\/\/vitraaz.ee\/wp-content\/uploads\/2023\/02\/suur-kell.jpg\" \/>\n\t<meta property=\"og:image:width\" content=\"531\" \/>\n\t<meta property=\"og:image:height\" content=\"798\" \/>\n\t<meta property=\"og:image:type\" content=\"image\/jpeg\" \/>\n<meta name=\"twitter:card\" content=\"summary_large_image\" \/>\n<meta name=\"twitter:label1\" content=\"\u041f\u0440\u0438\u043c\u0435\u0440\u043d\u043e\u0435 \u0432\u0440\u0435\u043c\u044f \u0434\u043b\u044f \u0447\u0442\u0435\u043d\u0438\u044f\" \/>\n\t<meta name=\"twitter:data1\" content=\"1 \u043c\u0438\u043d\u0443\u0442\u0430\" \/>\n<script type=\"application\/ld+json\" class=\"yoast-schema-graph\">{\"@context\":\"https:\\\/\\\/schema.org\",\"@graph\":[{\"@type\":\"WebPage\",\"@id\":\"https:\\\/\\\/vitraaz.ee\\\/ru\\\/toode\\\/suur-seinakell\\\/\",\"url\":\"https:\\\/\\\/vitraaz.ee\\\/ru\\\/toode\\\/suur-seinakell\\\/\",\"name\":\"Suur seinakell - Vitraaz.ee\",\"isPartOf\":{\"@id\":\"https:\\\/\\\/vitraaz.ee\\\/ru\\\/#website\"},\"primaryImageOfPage\":{\"@id\":\"https:\\\/\\\/vitraaz.ee\\\/ru\\\/toode\\\/suur-seinakell\\\/#primaryimage\"},\"image\":{\"@id\":\"https:\\\/\\\/vitraaz.ee\\\/ru\\\/toode\\\/suur-seinakell\\\/#primaryimage\"},\"thumbnailUrl\":\"https:\\\/\\\/vitraaz.ee\\\/wp-content\\\/uploads\\\/2023\\\/02\\\/suur-kell.jpg\",\"datePublished\":\"2023-02-23T09:48:40+00:00\",\"dateModified\":\"2024-07-16T22:35:17+00:00\",\"description\":\"Suur seinakell on \u00fchtaegu praktiline ja kaasaegne sisekujunduselement. Valge kell sobib h\u00e4sti avalikesse ruumidesse ja avaratesse kaasaegsetesse kodudesse.\",\"breadcrumb\":{\"@id\":\"https:\\\/\\\/vitraaz.ee\\\/ru\\\/toode\\\/suur-seinakell\\\/#breadcrumb\"},\"inLanguage\":\"ru-RU\",\"potentialAction\":[{\"@type\":\"ReadAction\",\"target\":[\"https:\\\/\\\/vitraaz.ee\\\/ru\\\/toode\\\/suur-seinakell\\\/\"]}]},{\"@type\":\"ImageObject\",\"inLanguage\":\"ru-RU\",\"@id\":\"https:\\\/\\\/vitraaz.ee\\\/ru\\\/toode\\\/suur-seinakell\\\/#primaryimage\",\"url\":\"https:\\\/\\\/vitraaz.ee\\\/wp-content\\\/uploads\\\/2023\\\/02\\\/suur-kell.jpg\",\"contentUrl\":\"https:\\\/\\\/vitraaz.ee\\\/wp-content\\\/uploads\\\/2023\\\/02\\\/suur-kell.jpg\",\"width\":531,\"height\":798,\"caption\":\"suur valge seinakell\"},{\"@type\":\"BreadcrumbList\",\"@id\":\"https:\\\/\\\/vitraaz.ee\\\/ru\\\/toode\\\/suur-seinakell\\\/#breadcrumb\",\"itemListElement\":[{\"@type\":\"ListItem\",\"position\":1,\"name\":\"Home\",\"item\":\"https:\\\/\\\/vitraaz.ee\\\/ru\\\/\"},{\"@type\":\"ListItem\",\"position\":2,\"name\":\"Pood\",\"item\":\"https:\\\/\\\/vitraaz.ee\\\/pood\\\/\"},{\"@type\":\"ListItem\",\"position\":3,\"name\":\"Suur seinakell\"}]},{\"@type\":\"WebSite\",\"@id\":\"https:\\\/\\\/vitraaz.ee\\\/ru\\\/#website\",\"url\":\"https:\\\/\\\/vitraaz.ee\\\/ru\\\/\",\"name\":\"Vitraaz.ee\",\"description\":\"Klaasinterj&ouml;&ouml;r\",\"publisher\":{\"@id\":\"https:\\\/\\\/vitraaz.ee\\\/ru\\\/#organization\"},\"potentialAction\":[{\"@type\":\"SearchAction\",\"target\":{\"@type\":\"EntryPoint\",\"urlTemplate\":\"https:\\\/\\\/vitraaz.ee\\\/ru\\\/?s={search_term_string}\"},\"query-input\":{\"@type\":\"PropertyValueSpecification\",\"valueRequired\":true,\"valueName\":\"search_term_string\"}}],\"inLanguage\":\"ru-RU\"},{\"@type\":\"Organization\",\"@id\":\"https:\\\/\\\/vitraaz.ee\\\/ru\\\/#organization\",\"name\":\"KLAASINTERJ\u00d6\u00d6R O\u00dc\",\"url\":\"https:\\\/\\\/vitraaz.ee\\\/ru\\\/\",\"logo\":{\"@type\":\"ImageObject\",\"inLanguage\":\"ru-RU\",\"@id\":\"https:\\\/\\\/vitraaz.ee\\\/ru\\\/#\\\/schema\\\/logo\\\/image\\\/\",\"url\":\"https:\\\/\\\/vitraaz.ee\\\/wp-content\\\/uploads\\\/2022\\\/09\\\/logoKI.png\",\"contentUrl\":\"https:\\\/\\\/vitraaz.ee\\\/wp-content\\\/uploads\\\/2022\\\/09\\\/logoKI.png\",\"width\":1159,\"height\":458,\"caption\":\"KLAASINTERJ\u00d6\u00d6R O\u00dc\"},\"image\":{\"@id\":\"https:\\\/\\\/vitraaz.ee\\\/ru\\\/#\\\/schema\\\/logo\\\/image\\\/\"},\"sameAs\":[\"https:\\\/\\\/www.facebook.com\\\/Klaasinterjoor\"]}]}<\/script>\n<!-- \/ Yoast SEO plugin. -->","yoast_head_json":{"title":"Suur seinakell - Vitraaz.ee","description":"Suur seinakell on \u00fchtaegu praktiline ja kaasaegne sisekujunduselement. Valge kell sobib h\u00e4sti avalikesse ruumidesse ja avaratesse kaasaegsetesse kodudesse.","robots":{"index":"index","follow":"follow","max-snippet":"max-snippet:-1","max-image-preview":"max-image-preview:large","max-video-preview":"max-video-preview:-1"},"canonical":"https:\/\/vitraaz.ee\/ru\/toode\/suur-seinakell\/","og_locale":"ru_RU","og_type":"article","og_title":"Suur seinakell - Vitraaz.ee","og_description":"Suur seinakell on \u00fchtaegu praktiline ja kaasaegne sisekujunduselement. Valge kell sobib h\u00e4sti avalikesse ruumidesse ja avaratesse kaasaegsetesse kodudesse.","og_url":"https:\/\/vitraaz.ee\/ru\/toode\/suur-seinakell\/","og_site_name":"Vitraaz.ee","article_publisher":"https:\/\/www.facebook.com\/Klaasinterjoor","article_modified_time":"2024-07-16T22:35:17+00:00","og_image":[{"width":531,"height":798,"url":"https:\/\/vitraaz.ee\/wp-content\/uploads\/2023\/02\/suur-kell.jpg","type":"image\/jpeg"}],"twitter_card":"summary_large_image","twitter_misc":{"\u041f\u0440\u0438\u043c\u0435\u0440\u043d\u043e\u0435 \u0432\u0440\u0435\u043c\u044f \u0434\u043b\u044f \u0447\u0442\u0435\u043d\u0438\u044f":"1 \u043c\u0438\u043d\u0443\u0442\u0430"},"schema":{"@context":"https:\/\/schema.org","@graph":[{"@type":"WebPage","@id":"https:\/\/vitraaz.ee\/ru\/toode\/suur-seinakell\/","url":"https:\/\/vitraaz.ee\/ru\/toode\/suur-seinakell\/","name":"Suur seinakell - Vitraaz.ee","isPartOf":{"@id":"https:\/\/vitraaz.ee\/ru\/#website"},"primaryImageOfPage":{"@id":"https:\/\/vitraaz.ee\/ru\/toode\/suur-seinakell\/#primaryimage"},"image":{"@id":"https:\/\/vitraaz.ee\/ru\/toode\/suur-seinakell\/#primaryimage"},"thumbnailUrl":"https:\/\/vitraaz.ee\/wp-content\/uploads\/2023\/02\/suur-kell.jpg","datePublished":"2023-02-23T09:48:40+00:00","dateModified":"2024-07-16T22:35:17+00:00","description":"Suur seinakell on \u00fchtaegu praktiline ja kaasaegne sisekujunduselement. Valge kell sobib h\u00e4sti avalikesse ruumidesse ja avaratesse kaasaegsetesse kodudesse.","breadcrumb":{"@id":"https:\/\/vitraaz.ee\/ru\/toode\/suur-seinakell\/#breadcrumb"},"inLanguage":"ru-RU","potentialAction":[{"@type":"ReadAction","target":["https:\/\/vitraaz.ee\/ru\/toode\/suur-seinakell\/"]}]},{"@type":"ImageObject","inLanguage":"ru-RU","@id":"https:\/\/vitraaz.ee\/ru\/toode\/suur-seinakell\/#primaryimage","url":"https:\/\/vitraaz.ee\/wp-content\/uploads\/2023\/02\/suur-kell.jpg","contentUrl":"https:\/\/vitraaz.ee\/wp-content\/uploads\/2023\/02\/suur-kell.jpg","width":531,"height":798,"caption":"suur valge seinakell"},{"@type":"BreadcrumbList","@id":"https:\/\/vitraaz.ee\/ru\/toode\/suur-seinakell\/#breadcrumb","itemListElement":[{"@type":"ListItem","position":1,"name":"Home","item":"https:\/\/vitraaz.ee\/ru\/"},{"@type":"ListItem","position":2,"name":"Pood","item":"https:\/\/vitraaz.ee\/pood\/"},{"@type":"ListItem","position":3,"name":"Suur seinakell"}]},{"@type":"WebSite","@id":"https:\/\/vitraaz.ee\/ru\/#website","url":"https:\/\/vitraaz.ee\/ru\/","name":"Vitraaz.ee","description":"Klaasinterj&ouml;&ouml;r","publisher":{"@id":"https:\/\/vitraaz.ee\/ru\/#organization"},"potentialAction":[{"@type":"SearchAction","target":{"@type":"EntryPoint","urlTemplate":"https:\/\/vitraaz.ee\/ru\/?s={search_term_string}"},"query-input":{"@type":"PropertyValueSpecification","valueRequired":true,"valueName":"search_term_string"}}],"inLanguage":"ru-RU"},{"@type":"Organization","@id":"https:\/\/vitraaz.ee\/ru\/#organization","name":"KLAASINTERJ\u00d6\u00d6R O\u00dc","url":"https:\/\/vitraaz.ee\/ru\/","logo":{"@type":"ImageObject","inLanguage":"ru-RU","@id":"https:\/\/vitraaz.ee\/ru\/#\/schema\/logo\/image\/","url":"https:\/\/vitraaz.ee\/wp-content\/uploads\/2022\/09\/logoKI.png","contentUrl":"https:\/\/vitraaz.ee\/wp-content\/uploads\/2022\/09\/logoKI.png","width":1159,"height":458,"caption":"KLAASINTERJ\u00d6\u00d6R O\u00dc"},"image":{"@id":"https:\/\/vitraaz.ee\/ru\/#\/schema\/logo\/image\/"},"sameAs":["https:\/\/www.facebook.com\/Klaasinterjoor"]}]}},"_links":{"self":[{"href":"https:\/\/vitraaz.ee\/ru\/wp-json\/wp\/v2\/product\/5407","targetHints":{"allow":["GET"]}}],"collection":[{"href":"https:\/\/vitraaz.ee\/ru\/wp-json\/wp\/v2\/product"}],"about":[{"href":"https:\/\/vitraaz.ee\/ru\/wp-json\/wp\/v2\/types\/product"}],"version-history":[{"count":0,"href":"https:\/\/vitraaz.ee\/ru\/wp-json\/wp\/v2\/product\/5407\/revisions"}],"wp:featuredmedia":[{"embeddable":true,"href":"https:\/\/vitraaz.ee\/ru\/wp-json\/wp\/v2\/media\/5408"}],"wp:attachment":[{"href":"https:\/\/vitraaz.ee\/ru\/wp-json\/wp\/v2\/media?parent=5407"}],"wp:term":[{"taxonomy":"product_brand","embeddable":true,"href":"https:\/\/vitraaz.ee\/ru\/wp-json\/wp\/v2\/product_brand?post=5407"},{"taxonomy":"product_cat","embeddable":true,"href":"https:\/\/vitraaz.ee\/ru\/wp-json\/wp\/v2\/product_cat?post=5407"},{"taxonomy":"product_tag","embeddable":true,"href":"https:\/\/vitraaz.ee\/ru\/wp-json\/wp\/v2\/product_tag?post=5407"}],"curies":[{"name":"wp","href":"https:\/\/api.w.org\/{rel}","templated":true}]}}