{"id":2665,"date":"2022-10-05T23:54:50","date_gmt":"2022-10-05T23:54:50","guid":{"rendered":"https:\/\/vitraaz.ee\/?post_type=product&#038;p=2665"},"modified":"2024-07-17T08:39:53","modified_gmt":"2024-07-17T08:39:53","slug":"rohelised-klaaskorvarongad","status":"publish","type":"product","link":"https:\/\/vitraaz.ee\/ru\/toode\/rohelised-klaaskorvarongad\/","title":{"rendered":"Rohelised klaask\u00f5rvar\u00f5ngad"},"content":{"rendered":"<p>Rohelised klaask\u00f5rvar\u00f5ngad on rohelisest ja valgest klaasist sulatatud. K\u00f5rvar\u00f5ngastel on h\u00f5bedast kinnitused. Mummu l\u00e4bim\u00f5\u00f5t 8 mm. K\u00f5rvar\u00f5ngastega kaasas must karp.<\/p>\n","protected":false},"excerpt":{"rendered":"<p>Rohelised klaask\u00f5rvar\u00f5ngad on rohelisest ja valgest klaasist sulatatud. K\u00f5rvar\u00f5ngastel on h\u00f5bedast kinnitused. Mummu l\u00e4bim\u00f5\u00f5t 8 mm. K\u00f5rvar\u00f5ngastega kaasas must karp.<\/p>\n","protected":false},"featured_media":2854,"template":"","meta":{"_acf_changed":false},"product_brand":[],"product_cat":[39],"product_tag":[80],"class_list":{"0":"post-2665","1":"product","2":"type-product","3":"status-publish","4":"has-post-thumbnail","6":"product_cat-ehted","7":"product_tag-klaaskorvarongad","9":"first","10":"instock","11":"taxable","12":"shipping-taxable","13":"purchasable","14":"product-type-simple"},"acf":[],"yoast_head":"<!-- This site is optimized with the Yoast SEO plugin v27.3 - https:\/\/yoast.com\/product\/yoast-seo-wordpress\/ -->\n<title>Rohelised klaask\u00f5rvar\u00f5ngad - Vitraaz.ee<\/title>\n<meta name=\"description\" content=\"Rohelised klaask\u00f5rvar\u00f5ngad on rohelisest ja valgest klaasist sulatatud. K\u00f5rvar\u00f5ngastel on h\u00f5bedast kinnitused. Mummu l\u00e4bim\u00f5\u00f5t 8 mm.\" \/>\n<meta name=\"robots\" content=\"index, follow, max-snippet:-1, max-image-preview:large, max-video-preview:-1\" \/>\n<link rel=\"canonical\" href=\"https:\/\/vitraaz.ee\/ru\/toode\/rohelised-klaaskorvarongad\/\" \/>\n<meta property=\"og:locale\" content=\"ru_RU\" \/>\n<meta property=\"og:type\" content=\"article\" \/>\n<meta property=\"og:title\" content=\"Rohelised klaask\u00f5rvar\u00f5ngad - Vitraaz.ee\" \/>\n<meta property=\"og:description\" content=\"Rohelised klaask\u00f5rvar\u00f5ngad on rohelisest ja valgest klaasist sulatatud. K\u00f5rvar\u00f5ngastel on h\u00f5bedast kinnitused. Mummu l\u00e4bim\u00f5\u00f5t 8 mm.\" \/>\n<meta property=\"og:url\" content=\"https:\/\/vitraaz.ee\/ru\/toode\/rohelised-klaaskorvarongad\/\" \/>\n<meta property=\"og:site_name\" content=\"Vitraaz.ee\" \/>\n<meta property=\"article:publisher\" content=\"https:\/\/www.facebook.com\/Klaasinterjoor\" \/>\n<meta property=\"article:modified_time\" content=\"2024-07-17T08:39:53+00:00\" \/>\n<meta property=\"og:image\" content=\"https:\/\/vitraaz.ee\/wp-content\/uploads\/2022\/10\/KLR2.jpg\" \/>\n\t<meta property=\"og:image:width\" content=\"1138\" \/>\n\t<meta property=\"og:image:height\" content=\"798\" \/>\n\t<meta property=\"og:image:type\" content=\"image\/jpeg\" \/>\n<meta name=\"twitter:card\" content=\"summary_large_image\" \/>\n<meta name=\"twitter:label1\" content=\"\u041f\u0440\u0438\u043c\u0435\u0440\u043d\u043e\u0435 \u0432\u0440\u0435\u043c\u044f \u0434\u043b\u044f \u0447\u0442\u0435\u043d\u0438\u044f\" \/>\n\t<meta name=\"twitter:data1\" content=\"1 \u043c\u0438\u043d\u0443\u0442\u0430\" \/>\n<script type=\"application\/ld+json\" class=\"yoast-schema-graph\">{\"@context\":\"https:\\\/\\\/schema.org\",\"@graph\":[{\"@type\":\"WebPage\",\"@id\":\"https:\\\/\\\/vitraaz.ee\\\/ru\\\/toode\\\/rohelised-klaaskorvarongad\\\/\",\"url\":\"https:\\\/\\\/vitraaz.ee\\\/ru\\\/toode\\\/rohelised-klaaskorvarongad\\\/\",\"name\":\"Rohelised klaask\u00f5rvar\u00f5ngad - Vitraaz.ee\",\"isPartOf\":{\"@id\":\"https:\\\/\\\/vitraaz.ee\\\/ru\\\/#website\"},\"primaryImageOfPage\":{\"@id\":\"https:\\\/\\\/vitraaz.ee\\\/ru\\\/toode\\\/rohelised-klaaskorvarongad\\\/#primaryimage\"},\"image\":{\"@id\":\"https:\\\/\\\/vitraaz.ee\\\/ru\\\/toode\\\/rohelised-klaaskorvarongad\\\/#primaryimage\"},\"thumbnailUrl\":\"https:\\\/\\\/vitraaz.ee\\\/wp-content\\\/uploads\\\/2022\\\/10\\\/KLR2.jpg\",\"datePublished\":\"2022-10-05T23:54:50+00:00\",\"dateModified\":\"2024-07-17T08:39:53+00:00\",\"description\":\"Rohelised klaask\u00f5rvar\u00f5ngad on rohelisest ja valgest klaasist sulatatud. K\u00f5rvar\u00f5ngastel on h\u00f5bedast kinnitused. Mummu l\u00e4bim\u00f5\u00f5t 8 mm.\",\"breadcrumb\":{\"@id\":\"https:\\\/\\\/vitraaz.ee\\\/ru\\\/toode\\\/rohelised-klaaskorvarongad\\\/#breadcrumb\"},\"inLanguage\":\"ru-RU\",\"potentialAction\":[{\"@type\":\"ReadAction\",\"target\":[\"https:\\\/\\\/vitraaz.ee\\\/ru\\\/toode\\\/rohelised-klaaskorvarongad\\\/\"]}]},{\"@type\":\"ImageObject\",\"inLanguage\":\"ru-RU\",\"@id\":\"https:\\\/\\\/vitraaz.ee\\\/ru\\\/toode\\\/rohelised-klaaskorvarongad\\\/#primaryimage\",\"url\":\"https:\\\/\\\/vitraaz.ee\\\/wp-content\\\/uploads\\\/2022\\\/10\\\/KLR2.jpg\",\"contentUrl\":\"https:\\\/\\\/vitraaz.ee\\\/wp-content\\\/uploads\\\/2022\\\/10\\\/KLR2.jpg\",\"width\":1138,\"height\":798},{\"@type\":\"BreadcrumbList\",\"@id\":\"https:\\\/\\\/vitraaz.ee\\\/ru\\\/toode\\\/rohelised-klaaskorvarongad\\\/#breadcrumb\",\"itemListElement\":[{\"@type\":\"ListItem\",\"position\":1,\"name\":\"Home\",\"item\":\"https:\\\/\\\/vitraaz.ee\\\/ru\\\/\"},{\"@type\":\"ListItem\",\"position\":2,\"name\":\"Pood\",\"item\":\"https:\\\/\\\/vitraaz.ee\\\/pood\\\/\"},{\"@type\":\"ListItem\",\"position\":3,\"name\":\"Rohelised klaask\u00f5rvar\u00f5ngad\"}]},{\"@type\":\"WebSite\",\"@id\":\"https:\\\/\\\/vitraaz.ee\\\/ru\\\/#website\",\"url\":\"https:\\\/\\\/vitraaz.ee\\\/ru\\\/\",\"name\":\"Vitraaz.ee\",\"description\":\"Klaasinterj&ouml;&ouml;r\",\"publisher\":{\"@id\":\"https:\\\/\\\/vitraaz.ee\\\/ru\\\/#organization\"},\"potentialAction\":[{\"@type\":\"SearchAction\",\"target\":{\"@type\":\"EntryPoint\",\"urlTemplate\":\"https:\\\/\\\/vitraaz.ee\\\/ru\\\/?s={search_term_string}\"},\"query-input\":{\"@type\":\"PropertyValueSpecification\",\"valueRequired\":true,\"valueName\":\"search_term_string\"}}],\"inLanguage\":\"ru-RU\"},{\"@type\":\"Organization\",\"@id\":\"https:\\\/\\\/vitraaz.ee\\\/ru\\\/#organization\",\"name\":\"KLAASINTERJ\u00d6\u00d6R O\u00dc\",\"url\":\"https:\\\/\\\/vitraaz.ee\\\/ru\\\/\",\"logo\":{\"@type\":\"ImageObject\",\"inLanguage\":\"ru-RU\",\"@id\":\"https:\\\/\\\/vitraaz.ee\\\/ru\\\/#\\\/schema\\\/logo\\\/image\\\/\",\"url\":\"https:\\\/\\\/vitraaz.ee\\\/wp-content\\\/uploads\\\/2022\\\/09\\\/logoKI.png\",\"contentUrl\":\"https:\\\/\\\/vitraaz.ee\\\/wp-content\\\/uploads\\\/2022\\\/09\\\/logoKI.png\",\"width\":1159,\"height\":458,\"caption\":\"KLAASINTERJ\u00d6\u00d6R O\u00dc\"},\"image\":{\"@id\":\"https:\\\/\\\/vitraaz.ee\\\/ru\\\/#\\\/schema\\\/logo\\\/image\\\/\"},\"sameAs\":[\"https:\\\/\\\/www.facebook.com\\\/Klaasinterjoor\"]}]}<\/script>\n<!-- \/ Yoast SEO plugin. -->","yoast_head_json":{"title":"Rohelised klaask\u00f5rvar\u00f5ngad - Vitraaz.ee","description":"Rohelised klaask\u00f5rvar\u00f5ngad on rohelisest ja valgest klaasist sulatatud. K\u00f5rvar\u00f5ngastel on h\u00f5bedast kinnitused. Mummu l\u00e4bim\u00f5\u00f5t 8 mm.","robots":{"index":"index","follow":"follow","max-snippet":"max-snippet:-1","max-image-preview":"max-image-preview:large","max-video-preview":"max-video-preview:-1"},"canonical":"https:\/\/vitraaz.ee\/ru\/toode\/rohelised-klaaskorvarongad\/","og_locale":"ru_RU","og_type":"article","og_title":"Rohelised klaask\u00f5rvar\u00f5ngad - Vitraaz.ee","og_description":"Rohelised klaask\u00f5rvar\u00f5ngad on rohelisest ja valgest klaasist sulatatud. K\u00f5rvar\u00f5ngastel on h\u00f5bedast kinnitused. Mummu l\u00e4bim\u00f5\u00f5t 8 mm.","og_url":"https:\/\/vitraaz.ee\/ru\/toode\/rohelised-klaaskorvarongad\/","og_site_name":"Vitraaz.ee","article_publisher":"https:\/\/www.facebook.com\/Klaasinterjoor","article_modified_time":"2024-07-17T08:39:53+00:00","og_image":[{"width":1138,"height":798,"url":"https:\/\/vitraaz.ee\/wp-content\/uploads\/2022\/10\/KLR2.jpg","type":"image\/jpeg"}],"twitter_card":"summary_large_image","twitter_misc":{"\u041f\u0440\u0438\u043c\u0435\u0440\u043d\u043e\u0435 \u0432\u0440\u0435\u043c\u044f \u0434\u043b\u044f \u0447\u0442\u0435\u043d\u0438\u044f":"1 \u043c\u0438\u043d\u0443\u0442\u0430"},"schema":{"@context":"https:\/\/schema.org","@graph":[{"@type":"WebPage","@id":"https:\/\/vitraaz.ee\/ru\/toode\/rohelised-klaaskorvarongad\/","url":"https:\/\/vitraaz.ee\/ru\/toode\/rohelised-klaaskorvarongad\/","name":"Rohelised klaask\u00f5rvar\u00f5ngad - Vitraaz.ee","isPartOf":{"@id":"https:\/\/vitraaz.ee\/ru\/#website"},"primaryImageOfPage":{"@id":"https:\/\/vitraaz.ee\/ru\/toode\/rohelised-klaaskorvarongad\/#primaryimage"},"image":{"@id":"https:\/\/vitraaz.ee\/ru\/toode\/rohelised-klaaskorvarongad\/#primaryimage"},"thumbnailUrl":"https:\/\/vitraaz.ee\/wp-content\/uploads\/2022\/10\/KLR2.jpg","datePublished":"2022-10-05T23:54:50+00:00","dateModified":"2024-07-17T08:39:53+00:00","description":"Rohelised klaask\u00f5rvar\u00f5ngad on rohelisest ja valgest klaasist sulatatud. K\u00f5rvar\u00f5ngastel on h\u00f5bedast kinnitused. Mummu l\u00e4bim\u00f5\u00f5t 8 mm.","breadcrumb":{"@id":"https:\/\/vitraaz.ee\/ru\/toode\/rohelised-klaaskorvarongad\/#breadcrumb"},"inLanguage":"ru-RU","potentialAction":[{"@type":"ReadAction","target":["https:\/\/vitraaz.ee\/ru\/toode\/rohelised-klaaskorvarongad\/"]}]},{"@type":"ImageObject","inLanguage":"ru-RU","@id":"https:\/\/vitraaz.ee\/ru\/toode\/rohelised-klaaskorvarongad\/#primaryimage","url":"https:\/\/vitraaz.ee\/wp-content\/uploads\/2022\/10\/KLR2.jpg","contentUrl":"https:\/\/vitraaz.ee\/wp-content\/uploads\/2022\/10\/KLR2.jpg","width":1138,"height":798},{"@type":"BreadcrumbList","@id":"https:\/\/vitraaz.ee\/ru\/toode\/rohelised-klaaskorvarongad\/#breadcrumb","itemListElement":[{"@type":"ListItem","position":1,"name":"Home","item":"https:\/\/vitraaz.ee\/ru\/"},{"@type":"ListItem","position":2,"name":"Pood","item":"https:\/\/vitraaz.ee\/pood\/"},{"@type":"ListItem","position":3,"name":"Rohelised klaask\u00f5rvar\u00f5ngad"}]},{"@type":"WebSite","@id":"https:\/\/vitraaz.ee\/ru\/#website","url":"https:\/\/vitraaz.ee\/ru\/","name":"Vitraaz.ee","description":"Klaasinterj&ouml;&ouml;r","publisher":{"@id":"https:\/\/vitraaz.ee\/ru\/#organization"},"potentialAction":[{"@type":"SearchAction","target":{"@type":"EntryPoint","urlTemplate":"https:\/\/vitraaz.ee\/ru\/?s={search_term_string}"},"query-input":{"@type":"PropertyValueSpecification","valueRequired":true,"valueName":"search_term_string"}}],"inLanguage":"ru-RU"},{"@type":"Organization","@id":"https:\/\/vitraaz.ee\/ru\/#organization","name":"KLAASINTERJ\u00d6\u00d6R O\u00dc","url":"https:\/\/vitraaz.ee\/ru\/","logo":{"@type":"ImageObject","inLanguage":"ru-RU","@id":"https:\/\/vitraaz.ee\/ru\/#\/schema\/logo\/image\/","url":"https:\/\/vitraaz.ee\/wp-content\/uploads\/2022\/09\/logoKI.png","contentUrl":"https:\/\/vitraaz.ee\/wp-content\/uploads\/2022\/09\/logoKI.png","width":1159,"height":458,"caption":"KLAASINTERJ\u00d6\u00d6R O\u00dc"},"image":{"@id":"https:\/\/vitraaz.ee\/ru\/#\/schema\/logo\/image\/"},"sameAs":["https:\/\/www.facebook.com\/Klaasinterjoor"]}]}},"_links":{"self":[{"href":"https:\/\/vitraaz.ee\/ru\/wp-json\/wp\/v2\/product\/2665","targetHints":{"allow":["GET"]}}],"collection":[{"href":"https:\/\/vitraaz.ee\/ru\/wp-json\/wp\/v2\/product"}],"about":[{"href":"https:\/\/vitraaz.ee\/ru\/wp-json\/wp\/v2\/types\/product"}],"version-history":[{"count":0,"href":"https:\/\/vitraaz.ee\/ru\/wp-json\/wp\/v2\/product\/2665\/revisions"}],"wp:featuredmedia":[{"embeddable":true,"href":"https:\/\/vitraaz.ee\/ru\/wp-json\/wp\/v2\/media\/2854"}],"wp:attachment":[{"href":"https:\/\/vitraaz.ee\/ru\/wp-json\/wp\/v2\/media?parent=2665"}],"wp:term":[{"taxonomy":"product_brand","embeddable":true,"href":"https:\/\/vitraaz.ee\/ru\/wp-json\/wp\/v2\/product_brand?post=2665"},{"taxonomy":"product_cat","embeddable":true,"href":"https:\/\/vitraaz.ee\/ru\/wp-json\/wp\/v2\/product_cat?post=2665"},{"taxonomy":"product_tag","embeddable":true,"href":"https:\/\/vitraaz.ee\/ru\/wp-json\/wp\/v2\/product_tag?post=2665"}],"curies":[{"name":"wp","href":"https:\/\/api.w.org\/{rel}","templated":true}]}}