{"id":2523,"date":"2022-10-05T23:54:27","date_gmt":"2022-10-05T23:54:27","guid":{"rendered":"https:\/\/vitraaz.ee\/?post_type=product&#038;p=2523"},"modified":"2024-08-05T06:56:53","modified_gmt":"2024-08-05T06:56:53","slug":"seinakell-pehmepoolne","status":"publish","type":"product","link":"https:\/\/vitraaz.ee\/ru\/toode\/seinakell-pehmepoolne\/","title":{"rendered":"Seinakell &#171;Pehmepoolne&#187;"},"content":{"rendered":"<p>Seinakell &#171;Pehmepoolne&#187; on k\u00e4sit\u00f6\u00f6na valminud hallikasbeez seinakell, mida katab kaunis peegeldav sulemuster.<\/p>\n<p>M\u00f5\u00f5t: l\u00e4bim\u00f5\u00f5t ( m\u00e4rgina) 35cm<br \/>\nVaikne mehhanism<br \/>\nKaasas patarei<br \/>\nKaasas pakend<br \/>\nKlaasil on omadus peegeldada enda \u00fcmber olevaid v\u00e4rve ja valgust ning seega paista veidi erinev igas interj\u00f6\u00f6ris. Pilt on illustratiivne.<\/p>\n","protected":false},"excerpt":{"rendered":"<p>Seinakell &#171;Pehmepoolne&#187; on k\u00e4sit\u00f6\u00f6na valminud hallikasbeez seinakell, mida katab kaunis peegeldav sulemuster. M\u00f5\u00f5t: l\u00e4bim\u00f5\u00f5t ( m\u00e4rgina) 35cm Vaikne mehhanism Kaasas patarei Kaasas pakend Klaasil on omadus peegeldada enda \u00fcmber olevaid v\u00e4rve ja valgust ning seega paista veidi erinev igas interj\u00f6\u00f6ris. Pilt on illustratiivne.<\/p>\n","protected":false},"featured_media":2670,"template":"","meta":{"_acf_changed":false},"product_brand":[],"product_cat":[37],"product_tag":[64],"class_list":{"0":"post-2523","1":"product","2":"type-product","3":"status-publish","4":"has-post-thumbnail","6":"product_cat-seinakellad-lauakellad","7":"product_tag-seinakell","9":"first","10":"instock","11":"taxable","12":"shipping-taxable","13":"purchasable","14":"product-type-simple"},"acf":[],"yoast_head":"<!-- This site is optimized with the Yoast SEO plugin v27.3 - https:\/\/yoast.com\/product\/yoast-seo-wordpress\/ -->\n<title>Seinakell &quot;Pehmepoolne&quot; - Vitraaz.ee<\/title>\n<meta name=\"description\" content=\"Seinakell &quot;Pehmepoolne&quot; on k\u00e4sit\u00f6\u00f6na valminud hallikasbeez seinakell, mida katab kaunis peegeldav sulemuster.M\u00f5\u00f5t: l\u00e4bim\u00f5\u00f5t ( m\u00e4rgina) 35cm\" \/>\n<meta name=\"robots\" content=\"index, follow, max-snippet:-1, max-image-preview:large, max-video-preview:-1\" \/>\n<link rel=\"canonical\" href=\"https:\/\/vitraaz.ee\/ru\/toode\/seinakell-pehmepoolne\/\" \/>\n<meta property=\"og:locale\" content=\"ru_RU\" \/>\n<meta property=\"og:type\" content=\"article\" \/>\n<meta property=\"og:title\" content=\"Seinakell &quot;Pehmepoolne&quot; - Vitraaz.ee\" \/>\n<meta property=\"og:description\" content=\"Seinakell &quot;Pehmepoolne&quot; on k\u00e4sit\u00f6\u00f6na valminud hallikasbeez seinakell, mida katab kaunis peegeldav sulemuster.M\u00f5\u00f5t: l\u00e4bim\u00f5\u00f5t ( m\u00e4rgina) 35cm\" \/>\n<meta property=\"og:url\" content=\"https:\/\/vitraaz.ee\/ru\/toode\/seinakell-pehmepoolne\/\" \/>\n<meta property=\"og:site_name\" content=\"Vitraaz.ee\" \/>\n<meta property=\"article:publisher\" content=\"https:\/\/www.facebook.com\/Klaasinterjoor\" \/>\n<meta property=\"article:modified_time\" content=\"2024-08-05T06:56:53+00:00\" \/>\n<meta property=\"og:image\" content=\"https:\/\/vitraaz.ee\/wp-content\/uploads\/2022\/10\/Ep3a.jpg\" \/>\n\t<meta property=\"og:image:width\" content=\"1200\" \/>\n\t<meta property=\"og:image:height\" content=\"798\" \/>\n\t<meta property=\"og:image:type\" content=\"image\/jpeg\" \/>\n<meta name=\"twitter:card\" content=\"summary_large_image\" \/>\n<meta name=\"twitter:label1\" content=\"\u041f\u0440\u0438\u043c\u0435\u0440\u043d\u043e\u0435 \u0432\u0440\u0435\u043c\u044f \u0434\u043b\u044f \u0447\u0442\u0435\u043d\u0438\u044f\" \/>\n\t<meta name=\"twitter:data1\" content=\"1 \u043c\u0438\u043d\u0443\u0442\u0430\" \/>\n<script type=\"application\/ld+json\" class=\"yoast-schema-graph\">{\"@context\":\"https:\\\/\\\/schema.org\",\"@graph\":[{\"@type\":\"WebPage\",\"@id\":\"https:\\\/\\\/vitraaz.ee\\\/ru\\\/toode\\\/seinakell-pehmepoolne\\\/\",\"url\":\"https:\\\/\\\/vitraaz.ee\\\/ru\\\/toode\\\/seinakell-pehmepoolne\\\/\",\"name\":\"Seinakell \\\"Pehmepoolne\\\" - Vitraaz.ee\",\"isPartOf\":{\"@id\":\"https:\\\/\\\/vitraaz.ee\\\/ru\\\/#website\"},\"primaryImageOfPage\":{\"@id\":\"https:\\\/\\\/vitraaz.ee\\\/ru\\\/toode\\\/seinakell-pehmepoolne\\\/#primaryimage\"},\"image\":{\"@id\":\"https:\\\/\\\/vitraaz.ee\\\/ru\\\/toode\\\/seinakell-pehmepoolne\\\/#primaryimage\"},\"thumbnailUrl\":\"https:\\\/\\\/vitraaz.ee\\\/wp-content\\\/uploads\\\/2022\\\/10\\\/Ep3a.jpg\",\"datePublished\":\"2022-10-05T23:54:27+00:00\",\"dateModified\":\"2024-08-05T06:56:53+00:00\",\"description\":\"Seinakell \\\"Pehmepoolne\\\" on k\u00e4sit\u00f6\u00f6na valminud hallikasbeez seinakell, mida katab kaunis peegeldav sulemuster.M\u00f5\u00f5t: l\u00e4bim\u00f5\u00f5t ( m\u00e4rgina) 35cm\",\"breadcrumb\":{\"@id\":\"https:\\\/\\\/vitraaz.ee\\\/ru\\\/toode\\\/seinakell-pehmepoolne\\\/#breadcrumb\"},\"inLanguage\":\"ru-RU\",\"potentialAction\":[{\"@type\":\"ReadAction\",\"target\":[\"https:\\\/\\\/vitraaz.ee\\\/ru\\\/toode\\\/seinakell-pehmepoolne\\\/\"]}]},{\"@type\":\"ImageObject\",\"inLanguage\":\"ru-RU\",\"@id\":\"https:\\\/\\\/vitraaz.ee\\\/ru\\\/toode\\\/seinakell-pehmepoolne\\\/#primaryimage\",\"url\":\"https:\\\/\\\/vitraaz.ee\\\/wp-content\\\/uploads\\\/2022\\\/10\\\/Ep3a.jpg\",\"contentUrl\":\"https:\\\/\\\/vitraaz.ee\\\/wp-content\\\/uploads\\\/2022\\\/10\\\/Ep3a.jpg\",\"width\":1200,\"height\":798},{\"@type\":\"BreadcrumbList\",\"@id\":\"https:\\\/\\\/vitraaz.ee\\\/ru\\\/toode\\\/seinakell-pehmepoolne\\\/#breadcrumb\",\"itemListElement\":[{\"@type\":\"ListItem\",\"position\":1,\"name\":\"Home\",\"item\":\"https:\\\/\\\/vitraaz.ee\\\/ru\\\/\"},{\"@type\":\"ListItem\",\"position\":2,\"name\":\"Pood\",\"item\":\"https:\\\/\\\/vitraaz.ee\\\/pood\\\/\"},{\"@type\":\"ListItem\",\"position\":3,\"name\":\"Seinakell &#8220;Pehmepoolne&#8221;\"}]},{\"@type\":\"WebSite\",\"@id\":\"https:\\\/\\\/vitraaz.ee\\\/ru\\\/#website\",\"url\":\"https:\\\/\\\/vitraaz.ee\\\/ru\\\/\",\"name\":\"Vitraaz.ee\",\"description\":\"Klaasinterj&ouml;&ouml;r\",\"publisher\":{\"@id\":\"https:\\\/\\\/vitraaz.ee\\\/ru\\\/#organization\"},\"potentialAction\":[{\"@type\":\"SearchAction\",\"target\":{\"@type\":\"EntryPoint\",\"urlTemplate\":\"https:\\\/\\\/vitraaz.ee\\\/ru\\\/?s={search_term_string}\"},\"query-input\":{\"@type\":\"PropertyValueSpecification\",\"valueRequired\":true,\"valueName\":\"search_term_string\"}}],\"inLanguage\":\"ru-RU\"},{\"@type\":\"Organization\",\"@id\":\"https:\\\/\\\/vitraaz.ee\\\/ru\\\/#organization\",\"name\":\"KLAASINTERJ\u00d6\u00d6R O\u00dc\",\"url\":\"https:\\\/\\\/vitraaz.ee\\\/ru\\\/\",\"logo\":{\"@type\":\"ImageObject\",\"inLanguage\":\"ru-RU\",\"@id\":\"https:\\\/\\\/vitraaz.ee\\\/ru\\\/#\\\/schema\\\/logo\\\/image\\\/\",\"url\":\"https:\\\/\\\/vitraaz.ee\\\/wp-content\\\/uploads\\\/2022\\\/09\\\/logoKI.png\",\"contentUrl\":\"https:\\\/\\\/vitraaz.ee\\\/wp-content\\\/uploads\\\/2022\\\/09\\\/logoKI.png\",\"width\":1159,\"height\":458,\"caption\":\"KLAASINTERJ\u00d6\u00d6R O\u00dc\"},\"image\":{\"@id\":\"https:\\\/\\\/vitraaz.ee\\\/ru\\\/#\\\/schema\\\/logo\\\/image\\\/\"},\"sameAs\":[\"https:\\\/\\\/www.facebook.com\\\/Klaasinterjoor\"]}]}<\/script>\n<!-- \/ Yoast SEO plugin. -->","yoast_head_json":{"title":"Seinakell \"Pehmepoolne\" - Vitraaz.ee","description":"Seinakell \"Pehmepoolne\" on k\u00e4sit\u00f6\u00f6na valminud hallikasbeez seinakell, mida katab kaunis peegeldav sulemuster.M\u00f5\u00f5t: l\u00e4bim\u00f5\u00f5t ( m\u00e4rgina) 35cm","robots":{"index":"index","follow":"follow","max-snippet":"max-snippet:-1","max-image-preview":"max-image-preview:large","max-video-preview":"max-video-preview:-1"},"canonical":"https:\/\/vitraaz.ee\/ru\/toode\/seinakell-pehmepoolne\/","og_locale":"ru_RU","og_type":"article","og_title":"Seinakell \"Pehmepoolne\" - Vitraaz.ee","og_description":"Seinakell \"Pehmepoolne\" on k\u00e4sit\u00f6\u00f6na valminud hallikasbeez seinakell, mida katab kaunis peegeldav sulemuster.M\u00f5\u00f5t: l\u00e4bim\u00f5\u00f5t ( m\u00e4rgina) 35cm","og_url":"https:\/\/vitraaz.ee\/ru\/toode\/seinakell-pehmepoolne\/","og_site_name":"Vitraaz.ee","article_publisher":"https:\/\/www.facebook.com\/Klaasinterjoor","article_modified_time":"2024-08-05T06:56:53+00:00","og_image":[{"width":1200,"height":798,"url":"https:\/\/vitraaz.ee\/wp-content\/uploads\/2022\/10\/Ep3a.jpg","type":"image\/jpeg"}],"twitter_card":"summary_large_image","twitter_misc":{"\u041f\u0440\u0438\u043c\u0435\u0440\u043d\u043e\u0435 \u0432\u0440\u0435\u043c\u044f \u0434\u043b\u044f \u0447\u0442\u0435\u043d\u0438\u044f":"1 \u043c\u0438\u043d\u0443\u0442\u0430"},"schema":{"@context":"https:\/\/schema.org","@graph":[{"@type":"WebPage","@id":"https:\/\/vitraaz.ee\/ru\/toode\/seinakell-pehmepoolne\/","url":"https:\/\/vitraaz.ee\/ru\/toode\/seinakell-pehmepoolne\/","name":"Seinakell \"Pehmepoolne\" - Vitraaz.ee","isPartOf":{"@id":"https:\/\/vitraaz.ee\/ru\/#website"},"primaryImageOfPage":{"@id":"https:\/\/vitraaz.ee\/ru\/toode\/seinakell-pehmepoolne\/#primaryimage"},"image":{"@id":"https:\/\/vitraaz.ee\/ru\/toode\/seinakell-pehmepoolne\/#primaryimage"},"thumbnailUrl":"https:\/\/vitraaz.ee\/wp-content\/uploads\/2022\/10\/Ep3a.jpg","datePublished":"2022-10-05T23:54:27+00:00","dateModified":"2024-08-05T06:56:53+00:00","description":"Seinakell \"Pehmepoolne\" on k\u00e4sit\u00f6\u00f6na valminud hallikasbeez seinakell, mida katab kaunis peegeldav sulemuster.M\u00f5\u00f5t: l\u00e4bim\u00f5\u00f5t ( m\u00e4rgina) 35cm","breadcrumb":{"@id":"https:\/\/vitraaz.ee\/ru\/toode\/seinakell-pehmepoolne\/#breadcrumb"},"inLanguage":"ru-RU","potentialAction":[{"@type":"ReadAction","target":["https:\/\/vitraaz.ee\/ru\/toode\/seinakell-pehmepoolne\/"]}]},{"@type":"ImageObject","inLanguage":"ru-RU","@id":"https:\/\/vitraaz.ee\/ru\/toode\/seinakell-pehmepoolne\/#primaryimage","url":"https:\/\/vitraaz.ee\/wp-content\/uploads\/2022\/10\/Ep3a.jpg","contentUrl":"https:\/\/vitraaz.ee\/wp-content\/uploads\/2022\/10\/Ep3a.jpg","width":1200,"height":798},{"@type":"BreadcrumbList","@id":"https:\/\/vitraaz.ee\/ru\/toode\/seinakell-pehmepoolne\/#breadcrumb","itemListElement":[{"@type":"ListItem","position":1,"name":"Home","item":"https:\/\/vitraaz.ee\/ru\/"},{"@type":"ListItem","position":2,"name":"Pood","item":"https:\/\/vitraaz.ee\/pood\/"},{"@type":"ListItem","position":3,"name":"Seinakell &#8220;Pehmepoolne&#8221;"}]},{"@type":"WebSite","@id":"https:\/\/vitraaz.ee\/ru\/#website","url":"https:\/\/vitraaz.ee\/ru\/","name":"Vitraaz.ee","description":"Klaasinterj&ouml;&ouml;r","publisher":{"@id":"https:\/\/vitraaz.ee\/ru\/#organization"},"potentialAction":[{"@type":"SearchAction","target":{"@type":"EntryPoint","urlTemplate":"https:\/\/vitraaz.ee\/ru\/?s={search_term_string}"},"query-input":{"@type":"PropertyValueSpecification","valueRequired":true,"valueName":"search_term_string"}}],"inLanguage":"ru-RU"},{"@type":"Organization","@id":"https:\/\/vitraaz.ee\/ru\/#organization","name":"KLAASINTERJ\u00d6\u00d6R O\u00dc","url":"https:\/\/vitraaz.ee\/ru\/","logo":{"@type":"ImageObject","inLanguage":"ru-RU","@id":"https:\/\/vitraaz.ee\/ru\/#\/schema\/logo\/image\/","url":"https:\/\/vitraaz.ee\/wp-content\/uploads\/2022\/09\/logoKI.png","contentUrl":"https:\/\/vitraaz.ee\/wp-content\/uploads\/2022\/09\/logoKI.png","width":1159,"height":458,"caption":"KLAASINTERJ\u00d6\u00d6R O\u00dc"},"image":{"@id":"https:\/\/vitraaz.ee\/ru\/#\/schema\/logo\/image\/"},"sameAs":["https:\/\/www.facebook.com\/Klaasinterjoor"]}]}},"_links":{"self":[{"href":"https:\/\/vitraaz.ee\/ru\/wp-json\/wp\/v2\/product\/2523","targetHints":{"allow":["GET"]}}],"collection":[{"href":"https:\/\/vitraaz.ee\/ru\/wp-json\/wp\/v2\/product"}],"about":[{"href":"https:\/\/vitraaz.ee\/ru\/wp-json\/wp\/v2\/types\/product"}],"version-history":[{"count":0,"href":"https:\/\/vitraaz.ee\/ru\/wp-json\/wp\/v2\/product\/2523\/revisions"}],"wp:featuredmedia":[{"embeddable":true,"href":"https:\/\/vitraaz.ee\/ru\/wp-json\/wp\/v2\/media\/2670"}],"wp:attachment":[{"href":"https:\/\/vitraaz.ee\/ru\/wp-json\/wp\/v2\/media?parent=2523"}],"wp:term":[{"taxonomy":"product_brand","embeddable":true,"href":"https:\/\/vitraaz.ee\/ru\/wp-json\/wp\/v2\/product_brand?post=2523"},{"taxonomy":"product_cat","embeddable":true,"href":"https:\/\/vitraaz.ee\/ru\/wp-json\/wp\/v2\/product_cat?post=2523"},{"taxonomy":"product_tag","embeddable":true,"href":"https:\/\/vitraaz.ee\/ru\/wp-json\/wp\/v2\/product_tag?post=2523"}],"curies":[{"name":"wp","href":"https:\/\/api.w.org\/{rel}","templated":true}]}}