{"id":3730,"date":"2022-10-02T05:08:23","date_gmt":"2022-10-02T05:08:23","guid":{"rendered":"https:\/\/vitraaz.ee\/?page_id=3730"},"modified":"2022-10-22T00:22:48","modified_gmt":"2022-10-22T00:22:48","slug":"vana-villemi-pubid","status":"publish","type":"page","link":"https:\/\/vitraaz.ee\/ru\/vana-villemi-pubid\/","title":{"rendered":"Vana Villemi pubid"},"content":{"rendered":"\t\t<div data-elementor-type=\"wp-page\" data-elementor-id=\"3730\" class=\"elementor elementor-3730 elementor-1438\">\n\t\t\t\t\t\t<section class=\"elementor-section elementor-top-section elementor-element elementor-element-ef2b786 elementor-section-boxed elementor-section-height-default elementor-section-height-default\" data-id=\"ef2b786\" data-element_type=\"section\" data-e-type=\"section\">\n\t\t\t\t\t\t<div class=\"elementor-container elementor-column-gap-default\">\n\t\t\t\t\t<div class=\"elementor-column elementor-col-100 elementor-top-column elementor-element elementor-element-25e7acb\" data-id=\"25e7acb\" data-element_type=\"column\" data-e-type=\"column\">\n\t\t\t<div class=\"elementor-widget-wrap elementor-element-populated\">\n\t\t\t\t\t\t<div class=\"elementor-element elementor-element-154ad31 elementor-widget elementor-widget-image\" data-id=\"154ad31\" data-element_type=\"widget\" data-e-type=\"widget\" data-widget_type=\"image.default\">\n\t\t\t\t<div class=\"elementor-widget-container\">\n\t\t\t\t\t\t\t\t\t\t\t\t\t\t\t<img fetchpriority=\"high\" decoding=\"async\" width=\"1024\" height=\"639\" src=\"https:\/\/vitraaz.ee\/wp-content\/uploads\/2022\/10\/Vana-Villemi-pubid--1024x639.jpg\" class=\"attachment-large size-large wp-image-2388\" alt=\"\" srcset=\"https:\/\/vitraaz.ee\/wp-content\/uploads\/2022\/10\/Vana-Villemi-pubid--1024x639.jpg 1024w, https:\/\/vitraaz.ee\/wp-content\/uploads\/2022\/10\/Vana-Villemi-pubid--600x374.jpg 600w, https:\/\/vitraaz.ee\/wp-content\/uploads\/2022\/10\/Vana-Villemi-pubid--300x187.jpg 300w, https:\/\/vitraaz.ee\/wp-content\/uploads\/2022\/10\/Vana-Villemi-pubid--768x479.jpg 768w, https:\/\/vitraaz.ee\/wp-content\/uploads\/2022\/10\/Vana-Villemi-pubid-.jpg 1040w\" sizes=\"(max-width: 1024px) 100vw, 1024px\" \/>\t\t\t\t\t\t\t\t\t\t\t\t\t\t\t<\/div>\n\t\t\t\t<\/div>\n\t\t\t\t<div class=\"elementor-element elementor-element-32e3df9 elementor-widget elementor-widget-heading\" data-id=\"32e3df9\" data-element_type=\"widget\" data-e-type=\"widget\" data-widget_type=\"heading.default\">\n\t\t\t\t<div class=\"elementor-widget-container\">\n\t\t\t\t\t<h2 class=\"elementor-heading-title elementor-size-default\">Vana Villemi pubid<\/h2>\t\t\t\t<\/div>\n\t\t\t\t<\/div>\n\t\t\t\t<div class=\"elementor-element elementor-element-5b10d8a elementor-widget elementor-widget-text-editor\" data-id=\"5b10d8a\" data-element_type=\"widget\" data-e-type=\"widget\" data-widget_type=\"text-editor.default\">\n\t\t\t\t<div class=\"elementor-widget-container\">\n\t\t\t\t\t\t\t\t\t<p>Aastatepikkune koost\u00f6\u00f6 Vana Villemi K\u00f5rtside omanikega on meile andnud v\u00f5imaluse disainida ja teostada palju ideid klaaspindades pubide seintes, lagedes, ustes ja akendes.<\/p><p>Disain: <strong>Sandra Allemann ja Anu Jaanhold<\/strong><br \/>Asukoht: <strong>\u00fcle Eesti\u00a0<\/strong><\/p>\t\t\t\t\t\t\t\t<\/div>\n\t\t\t\t<\/div>\n\t\t\t\t\t<\/div>\n\t\t<\/div>\n\t\t\t\t\t<\/div>\n\t\t<\/section>\n\t\t\t\t<section class=\"elementor-section elementor-top-section elementor-element elementor-element-7a82a8b elementor-section-boxed elementor-section-height-default elementor-section-height-default\" data-id=\"7a82a8b\" data-element_type=\"section\" data-e-type=\"section\">\n\t\t\t\t\t\t<div class=\"elementor-container elementor-column-gap-default\">\n\t\t\t\t\t<div class=\"elementor-column elementor-col-100 elementor-top-column elementor-element elementor-element-f5d60e5\" data-id=\"f5d60e5\" data-element_type=\"column\" data-e-type=\"column\">\n\t\t\t<div class=\"elementor-widget-wrap elementor-element-populated\">\n\t\t\t\t\t\t<div class=\"elementor-element elementor-element-c9380dc elementor-widget elementor-widget-image\" data-id=\"c9380dc\" data-element_type=\"widget\" data-e-type=\"widget\" data-widget_type=\"image.default\">\n\t\t\t\t<div class=\"elementor-widget-container\">\n\t\t\t\t\t\t\t\t\t\t\t\t\t\t\t<img decoding=\"async\" width=\"1024\" height=\"639\" src=\"https:\/\/vitraaz.ee\/wp-content\/uploads\/2022\/10\/Vana-Villemi-pubid-1-1-1024x639.jpg\" class=\"attachment-large size-large wp-image-2394\" alt=\"\" srcset=\"https:\/\/vitraaz.ee\/wp-content\/uploads\/2022\/10\/Vana-Villemi-pubid-1-1-1024x639.jpg 1024w, https:\/\/vitraaz.ee\/wp-content\/uploads\/2022\/10\/Vana-Villemi-pubid-1-1-600x374.jpg 600w, https:\/\/vitraaz.ee\/wp-content\/uploads\/2022\/10\/Vana-Villemi-pubid-1-1-300x187.jpg 300w, https:\/\/vitraaz.ee\/wp-content\/uploads\/2022\/10\/Vana-Villemi-pubid-1-1-768x479.jpg 768w, https:\/\/vitraaz.ee\/wp-content\/uploads\/2022\/10\/Vana-Villemi-pubid-1-1.jpg 1040w\" sizes=\"(max-width: 1024px) 100vw, 1024px\" \/>\t\t\t\t\t\t\t\t\t\t\t\t\t\t\t<\/div>\n\t\t\t\t<\/div>\n\t\t\t\t<div class=\"elementor-element elementor-element-1ff0d17 elementor-widget elementor-widget-text-editor\" data-id=\"1ff0d17\" data-element_type=\"widget\" data-e-type=\"widget\" data-widget_type=\"text-editor.default\">\n\t\t\t\t<div class=\"elementor-widget-container\">\n\t\t\t\t\t\t\t\t\t<p>Vitraaz lisab hubasust ja v\u00e4rvivarjundeid, mille keskel klient tunneb end koduselt. Loodame, et inspireerime k\u00f5iki, kes plaanivad uuendada v\u00f5i avada uusi kohvikuid, baare ja k\u00f5rtse.<\/p>\t\t\t\t\t\t\t\t<\/div>\n\t\t\t\t<\/div>\n\t\t\t\t<div class=\"elementor-element elementor-element-df8e231 elementor-widget elementor-widget-image\" data-id=\"df8e231\" data-element_type=\"widget\" data-e-type=\"widget\" data-widget_type=\"image.default\">\n\t\t\t\t<div class=\"elementor-widget-container\">\n\t\t\t\t\t\t\t\t\t\t\t\t\t\t\t<img decoding=\"async\" width=\"1024\" height=\"639\" src=\"https:\/\/vitraaz.ee\/wp-content\/uploads\/2022\/10\/Vana-Villemi-pubid-1-2-1024x639.jpg\" class=\"attachment-large size-large wp-image-2397\" alt=\"\" srcset=\"https:\/\/vitraaz.ee\/wp-content\/uploads\/2022\/10\/Vana-Villemi-pubid-1-2-1024x639.jpg 1024w, https:\/\/vitraaz.ee\/wp-content\/uploads\/2022\/10\/Vana-Villemi-pubid-1-2-600x374.jpg 600w, https:\/\/vitraaz.ee\/wp-content\/uploads\/2022\/10\/Vana-Villemi-pubid-1-2-300x187.jpg 300w, https:\/\/vitraaz.ee\/wp-content\/uploads\/2022\/10\/Vana-Villemi-pubid-1-2-768x479.jpg 768w, https:\/\/vitraaz.ee\/wp-content\/uploads\/2022\/10\/Vana-Villemi-pubid-1-2.jpg 1040w\" sizes=\"(max-width: 1024px) 100vw, 1024px\" \/>\t\t\t\t\t\t\t\t\t\t\t\t\t\t\t<\/div>\n\t\t\t\t<\/div>\n\t\t\t\t<div class=\"elementor-element elementor-element-8b64f77 elementor-widget elementor-widget-image\" data-id=\"8b64f77\" data-element_type=\"widget\" data-e-type=\"widget\" data-widget_type=\"image.default\">\n\t\t\t\t<div class=\"elementor-widget-container\">\n\t\t\t\t\t\t\t\t\t\t\t\t\t\t\t<img loading=\"lazy\" decoding=\"async\" width=\"1024\" height=\"639\" src=\"https:\/\/vitraaz.ee\/wp-content\/uploads\/2022\/10\/Vana-Villemi-pubid-1-3-1024x639.jpg\" class=\"attachment-large size-large wp-image-2400\" alt=\"\" srcset=\"https:\/\/vitraaz.ee\/wp-content\/uploads\/2022\/10\/Vana-Villemi-pubid-1-3-1024x639.jpg 1024w, https:\/\/vitraaz.ee\/wp-content\/uploads\/2022\/10\/Vana-Villemi-pubid-1-3-600x374.jpg 600w, https:\/\/vitraaz.ee\/wp-content\/uploads\/2022\/10\/Vana-Villemi-pubid-1-3-300x187.jpg 300w, https:\/\/vitraaz.ee\/wp-content\/uploads\/2022\/10\/Vana-Villemi-pubid-1-3-768x479.jpg 768w, https:\/\/vitraaz.ee\/wp-content\/uploads\/2022\/10\/Vana-Villemi-pubid-1-3.jpg 1040w\" sizes=\"(max-width: 1024px) 100vw, 1024px\" \/>\t\t\t\t\t\t\t\t\t\t\t\t\t\t\t<\/div>\n\t\t\t\t<\/div>\n\t\t\t\t<div class=\"elementor-element elementor-element-5bf4117 elementor-widget elementor-widget-image\" data-id=\"5bf4117\" data-element_type=\"widget\" data-e-type=\"widget\" data-widget_type=\"image.default\">\n\t\t\t\t<div class=\"elementor-widget-container\">\n\t\t\t\t\t\t\t\t\t\t\t\t\t\t\t<img loading=\"lazy\" decoding=\"async\" width=\"1024\" height=\"639\" src=\"https:\/\/vitraaz.ee\/wp-content\/uploads\/2022\/10\/Vana-Villemi-pubid--1024x639.jpg\" class=\"attachment-large size-large wp-image-2403\" alt=\"\" srcset=\"https:\/\/vitraaz.ee\/wp-content\/uploads\/2022\/10\/Vana-Villemi-pubid--1024x639.jpg 1024w, https:\/\/vitraaz.ee\/wp-content\/uploads\/2022\/10\/Vana-Villemi-pubid--600x374.jpg 600w, https:\/\/vitraaz.ee\/wp-content\/uploads\/2022\/10\/Vana-Villemi-pubid--300x187.jpg 300w, https:\/\/vitraaz.ee\/wp-content\/uploads\/2022\/10\/Vana-Villemi-pubid--768x479.jpg 768w, https:\/\/vitraaz.ee\/wp-content\/uploads\/2022\/10\/Vana-Villemi-pubid-.bmp 1040w\" sizes=\"(max-width: 1024px) 100vw, 1024px\" \/>\t\t\t\t\t\t\t\t\t\t\t\t\t\t\t<\/div>\n\t\t\t\t<\/div>\n\t\t\t\t<div class=\"elementor-element elementor-element-370cd69 elementor-widget elementor-widget-image\" data-id=\"370cd69\" data-element_type=\"widget\" data-e-type=\"widget\" data-widget_type=\"image.default\">\n\t\t\t\t<div class=\"elementor-widget-container\">\n\t\t\t\t\t\t\t\t\t\t\t\t\t\t\t<img loading=\"lazy\" decoding=\"async\" width=\"1024\" height=\"639\" src=\"https:\/\/vitraaz.ee\/wp-content\/uploads\/2022\/10\/Vana-Villemi-pubid-1-4-1024x639.jpg\" class=\"attachment-large size-large wp-image-2406\" alt=\"\" srcset=\"https:\/\/vitraaz.ee\/wp-content\/uploads\/2022\/10\/Vana-Villemi-pubid-1-4-1024x639.jpg 1024w, https:\/\/vitraaz.ee\/wp-content\/uploads\/2022\/10\/Vana-Villemi-pubid-1-4-600x374.jpg 600w, https:\/\/vitraaz.ee\/wp-content\/uploads\/2022\/10\/Vana-Villemi-pubid-1-4-300x187.jpg 300w, https:\/\/vitraaz.ee\/wp-content\/uploads\/2022\/10\/Vana-Villemi-pubid-1-4-768x479.jpg 768w, https:\/\/vitraaz.ee\/wp-content\/uploads\/2022\/10\/Vana-Villemi-pubid-1-4.jpg 1040w\" sizes=\"(max-width: 1024px) 100vw, 1024px\" \/>\t\t\t\t\t\t\t\t\t\t\t\t\t\t\t<\/div>\n\t\t\t\t<\/div>\n\t\t\t\t<div class=\"elementor-element elementor-element-d51ceb7 elementor-widget elementor-widget-image\" data-id=\"d51ceb7\" data-element_type=\"widget\" data-e-type=\"widget\" data-widget_type=\"image.default\">\n\t\t\t\t<div class=\"elementor-widget-container\">\n\t\t\t\t\t\t\t\t\t\t\t\t\t\t\t<img loading=\"lazy\" decoding=\"async\" width=\"1024\" height=\"639\" src=\"https:\/\/vitraaz.ee\/wp-content\/uploads\/2022\/10\/Vana-Villemi-pubid-1-5-1024x639.jpg\" class=\"attachment-large size-large wp-image-2409\" alt=\"\" srcset=\"https:\/\/vitraaz.ee\/wp-content\/uploads\/2022\/10\/Vana-Villemi-pubid-1-5-1024x639.jpg 1024w, https:\/\/vitraaz.ee\/wp-content\/uploads\/2022\/10\/Vana-Villemi-pubid-1-5-600x374.jpg 600w, https:\/\/vitraaz.ee\/wp-content\/uploads\/2022\/10\/Vana-Villemi-pubid-1-5-300x187.jpg 300w, https:\/\/vitraaz.ee\/wp-content\/uploads\/2022\/10\/Vana-Villemi-pubid-1-5-768x479.jpg 768w, https:\/\/vitraaz.ee\/wp-content\/uploads\/2022\/10\/Vana-Villemi-pubid-1-5.jpg 1040w\" sizes=\"(max-width: 1024px) 100vw, 1024px\" \/>\t\t\t\t\t\t\t\t\t\t\t\t\t\t\t<\/div>\n\t\t\t\t<\/div>\n\t\t\t\t<div class=\"elementor-element elementor-element-03f3d94 elementor-widget elementor-widget-image\" data-id=\"03f3d94\" data-element_type=\"widget\" data-e-type=\"widget\" data-widget_type=\"image.default\">\n\t\t\t\t<div class=\"elementor-widget-container\">\n\t\t\t\t\t\t\t\t\t\t\t\t\t\t\t<img loading=\"lazy\" decoding=\"async\" width=\"1040\" height=\"1398\" src=\"https:\/\/vitraaz.ee\/wp-content\/uploads\/2022\/10\/Vana-Villemi-pubid-1-7.jpg\" class=\"attachment-2048x2048 size-2048x2048 wp-image-2415\" alt=\"\" srcset=\"https:\/\/vitraaz.ee\/wp-content\/uploads\/2022\/10\/Vana-Villemi-pubid-1-7.jpg 1040w, https:\/\/vitraaz.ee\/wp-content\/uploads\/2022\/10\/Vana-Villemi-pubid-1-7-600x807.jpg 600w, https:\/\/vitraaz.ee\/wp-content\/uploads\/2022\/10\/Vana-Villemi-pubid-1-7-223x300.jpg 223w, https:\/\/vitraaz.ee\/wp-content\/uploads\/2022\/10\/Vana-Villemi-pubid-1-7-762x1024.jpg 762w, https:\/\/vitraaz.ee\/wp-content\/uploads\/2022\/10\/Vana-Villemi-pubid-1-7-768x1032.jpg 768w\" sizes=\"(max-width: 1040px) 100vw, 1040px\" \/>\t\t\t\t\t\t\t\t\t\t\t\t\t\t\t<\/div>\n\t\t\t\t<\/div>\n\t\t\t\t<div class=\"elementor-element elementor-element-f299db1 elementor-widget elementor-widget-text-editor\" data-id=\"f299db1\" data-element_type=\"widget\" data-e-type=\"widget\" data-widget_type=\"text-editor.default\">\n\t\t\t\t<div class=\"elementor-widget-container\">\n\t\t\t\t\t\t\t\t\t<p>Suured projektid:\u00a0<a href=\"https:\/\/vitraaz.ee\/lihtsate-vaartuste-monument\/\">Lihtsate V\u00e4\u00e4rtuste Monument<\/a> |\u00a0<a href=\"https:\/\/vitraaz.ee\/noorus-spa\/\">Noorus SPA<\/a> |\u00a0<a href=\"https:\/\/vitraaz.ee\/the-coolest-place-for-cocoa\/\">The coolest place for Cocoa<\/a><\/p>\t\t\t\t\t\t\t\t<\/div>\n\t\t\t\t<\/div>\n\t\t\t\t\t<\/div>\n\t\t<\/div>\n\t\t\t\t\t<\/div>\n\t\t<\/section>\n\t\t\t\t<\/div>\n\t\t","protected":false},"excerpt":{"rendered":"<p>Vana Villemi pubid Aastatepikkune koost\u00f6\u00f6 Vana Villemi K\u00f5rtside omanikega on meile andnud v\u00f5imaluse disainida ja teostada palju ideid klaaspindades pubide seintes, lagedes, ustes ja akendes. Disain: Sandra Allemann ja Anu JaanholdAsukoht: \u00fcle Eesti\u00a0 Vitraaz lisab hubasust ja v\u00e4rvivarjundeid, mille keskel klient tunneb end koduselt. Loodame, et inspireerime k\u00f5iki, kes plaanivad uuendada v\u00f5i avada uusi kohvikuid, [&hellip;]<\/p>\n","protected":false},"author":1,"featured_media":0,"parent":0,"menu_order":0,"comment_status":"closed","ping_status":"closed","template":"elementor_header_footer","meta":{"_acf_changed":false,"footnotes":""},"class_list":["post-3730","page","type-page","status-publish","hentry"],"acf":[],"yoast_head":"<!-- This site is optimized with the Yoast SEO plugin v27.3 - https:\/\/yoast.com\/product\/yoast-seo-wordpress\/ -->\n<title>Vana Villemi pubid - Vitraaz.ee<\/title>\n<meta name=\"robots\" content=\"index, follow, max-snippet:-1, max-image-preview:large, max-video-preview:-1\" \/>\n<link rel=\"canonical\" href=\"https:\/\/vitraaz.ee\/ru\/vana-villemi-pubid\/\" \/>\n<meta property=\"og:locale\" content=\"ru_RU\" \/>\n<meta property=\"og:type\" content=\"article\" \/>\n<meta property=\"og:title\" content=\"Vana Villemi pubid - Vitraaz.ee\" \/>\n<meta property=\"og:description\" content=\"Vana Villemi pubid Aastatepikkune koost\u00f6\u00f6 Vana Villemi K\u00f5rtside omanikega on meile andnud v\u00f5imaluse disainida ja teostada palju ideid klaaspindades pubide seintes, lagedes, ustes ja akendes. Disain: Sandra Allemann ja Anu JaanholdAsukoht: \u00fcle Eesti\u00a0 Vitraaz lisab hubasust ja v\u00e4rvivarjundeid, mille keskel klient tunneb end koduselt. Loodame, et inspireerime k\u00f5iki, kes plaanivad uuendada v\u00f5i avada uusi kohvikuid, [&hellip;]\" \/>\n<meta property=\"og:url\" content=\"https:\/\/vitraaz.ee\/ru\/vana-villemi-pubid\/\" \/>\n<meta property=\"og:site_name\" content=\"Vitraaz.ee\" \/>\n<meta property=\"article:publisher\" content=\"https:\/\/www.facebook.com\/Klaasinterjoor\" \/>\n<meta property=\"article:modified_time\" content=\"2022-10-22T00:22:48+00:00\" \/>\n<meta property=\"og:image\" content=\"https:\/\/vitraaz.ee\/wp-content\/uploads\/2022\/10\/Vana-Villemi-pubid--1024x639.jpg\" \/>\n<meta name=\"twitter:card\" content=\"summary_large_image\" \/>\n<meta name=\"twitter:label1\" content=\"\u041f\u0440\u0438\u043c\u0435\u0440\u043d\u043e\u0435 \u0432\u0440\u0435\u043c\u044f \u0434\u043b\u044f \u0447\u0442\u0435\u043d\u0438\u044f\" \/>\n\t<meta name=\"twitter:data1\" content=\"2 \u043c\u0438\u043d\u0443\u0442\u044b\" \/>\n<script type=\"application\/ld+json\" class=\"yoast-schema-graph\">{\"@context\":\"https:\\\/\\\/schema.org\",\"@graph\":[{\"@type\":\"WebPage\",\"@id\":\"https:\\\/\\\/vitraaz.ee\\\/ru\\\/vana-villemi-pubid\\\/\",\"url\":\"https:\\\/\\\/vitraaz.ee\\\/ru\\\/vana-villemi-pubid\\\/\",\"name\":\"Vana Villemi pubid - Vitraaz.ee\",\"isPartOf\":{\"@id\":\"https:\\\/\\\/vitraaz.ee\\\/ru\\\/#website\"},\"primaryImageOfPage\":{\"@id\":\"https:\\\/\\\/vitraaz.ee\\\/ru\\\/vana-villemi-pubid\\\/#primaryimage\"},\"image\":{\"@id\":\"https:\\\/\\\/vitraaz.ee\\\/ru\\\/vana-villemi-pubid\\\/#primaryimage\"},\"thumbnailUrl\":\"https:\\\/\\\/vitraaz.ee\\\/wp-content\\\/uploads\\\/2022\\\/10\\\/Vana-Villemi-pubid--1024x639.jpg\",\"datePublished\":\"2022-10-02T05:08:23+00:00\",\"dateModified\":\"2022-10-22T00:22:48+00:00\",\"breadcrumb\":{\"@id\":\"https:\\\/\\\/vitraaz.ee\\\/ru\\\/vana-villemi-pubid\\\/#breadcrumb\"},\"inLanguage\":\"ru-RU\",\"potentialAction\":[{\"@type\":\"ReadAction\",\"target\":[\"https:\\\/\\\/vitraaz.ee\\\/ru\\\/vana-villemi-pubid\\\/\"]}]},{\"@type\":\"ImageObject\",\"inLanguage\":\"ru-RU\",\"@id\":\"https:\\\/\\\/vitraaz.ee\\\/ru\\\/vana-villemi-pubid\\\/#primaryimage\",\"url\":\"https:\\\/\\\/vitraaz.ee\\\/wp-content\\\/uploads\\\/2022\\\/10\\\/Vana-Villemi-pubid--1024x639.jpg\",\"contentUrl\":\"https:\\\/\\\/vitraaz.ee\\\/wp-content\\\/uploads\\\/2022\\\/10\\\/Vana-Villemi-pubid--1024x639.jpg\"},{\"@type\":\"BreadcrumbList\",\"@id\":\"https:\\\/\\\/vitraaz.ee\\\/ru\\\/vana-villemi-pubid\\\/#breadcrumb\",\"itemListElement\":[{\"@type\":\"ListItem\",\"position\":1,\"name\":\"Home\",\"item\":\"https:\\\/\\\/vitraaz.ee\\\/ru\\\/\"},{\"@type\":\"ListItem\",\"position\":2,\"name\":\"Vana Villemi pubid\"}]},{\"@type\":\"WebSite\",\"@id\":\"https:\\\/\\\/vitraaz.ee\\\/ru\\\/#website\",\"url\":\"https:\\\/\\\/vitraaz.ee\\\/ru\\\/\",\"name\":\"Vitraaz.ee\",\"description\":\"Klaasinterj&ouml;&ouml;r\",\"publisher\":{\"@id\":\"https:\\\/\\\/vitraaz.ee\\\/ru\\\/#organization\"},\"potentialAction\":[{\"@type\":\"SearchAction\",\"target\":{\"@type\":\"EntryPoint\",\"urlTemplate\":\"https:\\\/\\\/vitraaz.ee\\\/ru\\\/?s={search_term_string}\"},\"query-input\":{\"@type\":\"PropertyValueSpecification\",\"valueRequired\":true,\"valueName\":\"search_term_string\"}}],\"inLanguage\":\"ru-RU\"},{\"@type\":\"Organization\",\"@id\":\"https:\\\/\\\/vitraaz.ee\\\/ru\\\/#organization\",\"name\":\"KLAASINTERJ\u00d6\u00d6R O\u00dc\",\"url\":\"https:\\\/\\\/vitraaz.ee\\\/ru\\\/\",\"logo\":{\"@type\":\"ImageObject\",\"inLanguage\":\"ru-RU\",\"@id\":\"https:\\\/\\\/vitraaz.ee\\\/ru\\\/#\\\/schema\\\/logo\\\/image\\\/\",\"url\":\"https:\\\/\\\/vitraaz.ee\\\/wp-content\\\/uploads\\\/2022\\\/09\\\/logoKI.png\",\"contentUrl\":\"https:\\\/\\\/vitraaz.ee\\\/wp-content\\\/uploads\\\/2022\\\/09\\\/logoKI.png\",\"width\":1159,\"height\":458,\"caption\":\"KLAASINTERJ\u00d6\u00d6R O\u00dc\"},\"image\":{\"@id\":\"https:\\\/\\\/vitraaz.ee\\\/ru\\\/#\\\/schema\\\/logo\\\/image\\\/\"},\"sameAs\":[\"https:\\\/\\\/www.facebook.com\\\/Klaasinterjoor\"]}]}<\/script>\n<!-- \/ Yoast SEO plugin. -->","yoast_head_json":{"title":"Vana Villemi pubid - Vitraaz.ee","robots":{"index":"index","follow":"follow","max-snippet":"max-snippet:-1","max-image-preview":"max-image-preview:large","max-video-preview":"max-video-preview:-1"},"canonical":"https:\/\/vitraaz.ee\/ru\/vana-villemi-pubid\/","og_locale":"ru_RU","og_type":"article","og_title":"Vana Villemi pubid - Vitraaz.ee","og_description":"Vana Villemi pubid Aastatepikkune koost\u00f6\u00f6 Vana Villemi K\u00f5rtside omanikega on meile andnud v\u00f5imaluse disainida ja teostada palju ideid klaaspindades pubide seintes, lagedes, ustes ja akendes. Disain: Sandra Allemann ja Anu JaanholdAsukoht: \u00fcle Eesti\u00a0 Vitraaz lisab hubasust ja v\u00e4rvivarjundeid, mille keskel klient tunneb end koduselt. Loodame, et inspireerime k\u00f5iki, kes plaanivad uuendada v\u00f5i avada uusi kohvikuid, [&hellip;]","og_url":"https:\/\/vitraaz.ee\/ru\/vana-villemi-pubid\/","og_site_name":"Vitraaz.ee","article_publisher":"https:\/\/www.facebook.com\/Klaasinterjoor","article_modified_time":"2022-10-22T00:22:48+00:00","og_image":[{"url":"https:\/\/vitraaz.ee\/wp-content\/uploads\/2022\/10\/Vana-Villemi-pubid--1024x639.jpg","type":"","width":"","height":""}],"twitter_card":"summary_large_image","twitter_misc":{"\u041f\u0440\u0438\u043c\u0435\u0440\u043d\u043e\u0435 \u0432\u0440\u0435\u043c\u044f \u0434\u043b\u044f \u0447\u0442\u0435\u043d\u0438\u044f":"2 \u043c\u0438\u043d\u0443\u0442\u044b"},"schema":{"@context":"https:\/\/schema.org","@graph":[{"@type":"WebPage","@id":"https:\/\/vitraaz.ee\/ru\/vana-villemi-pubid\/","url":"https:\/\/vitraaz.ee\/ru\/vana-villemi-pubid\/","name":"Vana Villemi pubid - Vitraaz.ee","isPartOf":{"@id":"https:\/\/vitraaz.ee\/ru\/#website"},"primaryImageOfPage":{"@id":"https:\/\/vitraaz.ee\/ru\/vana-villemi-pubid\/#primaryimage"},"image":{"@id":"https:\/\/vitraaz.ee\/ru\/vana-villemi-pubid\/#primaryimage"},"thumbnailUrl":"https:\/\/vitraaz.ee\/wp-content\/uploads\/2022\/10\/Vana-Villemi-pubid--1024x639.jpg","datePublished":"2022-10-02T05:08:23+00:00","dateModified":"2022-10-22T00:22:48+00:00","breadcrumb":{"@id":"https:\/\/vitraaz.ee\/ru\/vana-villemi-pubid\/#breadcrumb"},"inLanguage":"ru-RU","potentialAction":[{"@type":"ReadAction","target":["https:\/\/vitraaz.ee\/ru\/vana-villemi-pubid\/"]}]},{"@type":"ImageObject","inLanguage":"ru-RU","@id":"https:\/\/vitraaz.ee\/ru\/vana-villemi-pubid\/#primaryimage","url":"https:\/\/vitraaz.ee\/wp-content\/uploads\/2022\/10\/Vana-Villemi-pubid--1024x639.jpg","contentUrl":"https:\/\/vitraaz.ee\/wp-content\/uploads\/2022\/10\/Vana-Villemi-pubid--1024x639.jpg"},{"@type":"BreadcrumbList","@id":"https:\/\/vitraaz.ee\/ru\/vana-villemi-pubid\/#breadcrumb","itemListElement":[{"@type":"ListItem","position":1,"name":"Home","item":"https:\/\/vitraaz.ee\/ru\/"},{"@type":"ListItem","position":2,"name":"Vana Villemi pubid"}]},{"@type":"WebSite","@id":"https:\/\/vitraaz.ee\/ru\/#website","url":"https:\/\/vitraaz.ee\/ru\/","name":"Vitraaz.ee","description":"Klaasinterj&ouml;&ouml;r","publisher":{"@id":"https:\/\/vitraaz.ee\/ru\/#organization"},"potentialAction":[{"@type":"SearchAction","target":{"@type":"EntryPoint","urlTemplate":"https:\/\/vitraaz.ee\/ru\/?s={search_term_string}"},"query-input":{"@type":"PropertyValueSpecification","valueRequired":true,"valueName":"search_term_string"}}],"inLanguage":"ru-RU"},{"@type":"Organization","@id":"https:\/\/vitraaz.ee\/ru\/#organization","name":"KLAASINTERJ\u00d6\u00d6R O\u00dc","url":"https:\/\/vitraaz.ee\/ru\/","logo":{"@type":"ImageObject","inLanguage":"ru-RU","@id":"https:\/\/vitraaz.ee\/ru\/#\/schema\/logo\/image\/","url":"https:\/\/vitraaz.ee\/wp-content\/uploads\/2022\/09\/logoKI.png","contentUrl":"https:\/\/vitraaz.ee\/wp-content\/uploads\/2022\/09\/logoKI.png","width":1159,"height":458,"caption":"KLAASINTERJ\u00d6\u00d6R O\u00dc"},"image":{"@id":"https:\/\/vitraaz.ee\/ru\/#\/schema\/logo\/image\/"},"sameAs":["https:\/\/www.facebook.com\/Klaasinterjoor"]}]}},"_links":{"self":[{"href":"https:\/\/vitraaz.ee\/ru\/wp-json\/wp\/v2\/pages\/3730","targetHints":{"allow":["GET"]}}],"collection":[{"href":"https:\/\/vitraaz.ee\/ru\/wp-json\/wp\/v2\/pages"}],"about":[{"href":"https:\/\/vitraaz.ee\/ru\/wp-json\/wp\/v2\/types\/page"}],"author":[{"embeddable":true,"href":"https:\/\/vitraaz.ee\/ru\/wp-json\/wp\/v2\/users\/1"}],"replies":[{"embeddable":true,"href":"https:\/\/vitraaz.ee\/ru\/wp-json\/wp\/v2\/comments?post=3730"}],"version-history":[{"count":0,"href":"https:\/\/vitraaz.ee\/ru\/wp-json\/wp\/v2\/pages\/3730\/revisions"}],"wp:attachment":[{"href":"https:\/\/vitraaz.ee\/ru\/wp-json\/wp\/v2\/media?parent=3730"}],"curies":[{"name":"wp","href":"https:\/\/api.w.org\/{rel}","templated":true}]}}