{"id":3706,"date":"2022-10-02T08:56:11","date_gmt":"2022-10-02T08:56:11","guid":{"rendered":"https:\/\/vitraaz.ee\/?page_id=3706"},"modified":"2022-10-19T04:51:20","modified_gmt":"2022-10-19T04:51:20","slug":"%d1%83%d1%81%d0%bb%d1%83%d0%b3%d0%b8","status":"publish","type":"page","link":"https:\/\/vitraaz.ee\/ru\/%d1%83%d1%81%d0%bb%d1%83%d0%b3%d0%b8\/","title":{"rendered":"\u0423\u0441\u043b\u0443\u0433\u0438"},"content":{"rendered":"\t\t<div data-elementor-type=\"wp-page\" data-elementor-id=\"3706\" class=\"elementor elementor-3706 elementor-1642\">\n\t\t\t\t\t\t<section class=\"elementor-section elementor-top-section elementor-element elementor-element-edd9ff7 elementor-section-boxed elementor-section-height-default elementor-section-height-default\" data-id=\"edd9ff7\" data-element_type=\"section\" data-e-type=\"section\">\n\t\t\t\t\t\t<div class=\"elementor-container elementor-column-gap-default\">\n\t\t\t\t\t<div class=\"elementor-column elementor-col-33 elementor-top-column elementor-element elementor-element-91e8dd9\" data-id=\"91e8dd9\" data-element_type=\"column\" data-e-type=\"column\">\n\t\t\t<div class=\"elementor-widget-wrap\">\n\t\t\t\t\t\t\t<\/div>\n\t\t<\/div>\n\t\t\t\t<div class=\"elementor-column elementor-col-33 elementor-top-column elementor-element elementor-element-8f13e5f\" data-id=\"8f13e5f\" data-element_type=\"column\" data-e-type=\"column\">\n\t\t\t<div class=\"elementor-widget-wrap elementor-element-populated\">\n\t\t\t\t\t\t<div class=\"elementor-element elementor-element-fa8158d elementor-widget elementor-widget-image\" data-id=\"fa8158d\" data-element_type=\"widget\" data-e-type=\"widget\" data-widget_type=\"image.default\">\n\t\t\t\t<div class=\"elementor-widget-container\">\n\t\t\t\t\t\t\t\t\t\t\t\t\t\t\t<img fetchpriority=\"high\" decoding=\"async\" width=\"1024\" height=\"639\" src=\"https:\/\/vitraaz.ee\/wp-content\/uploads\/2022\/10\/The-coolest-place-for-Cocoa-1024x639.jpg\" class=\"attachment-large size-large wp-image-2364\" alt=\"\" srcset=\"https:\/\/vitraaz.ee\/wp-content\/uploads\/2022\/10\/The-coolest-place-for-Cocoa-1024x639.jpg 1024w, https:\/\/vitraaz.ee\/wp-content\/uploads\/2022\/10\/The-coolest-place-for-Cocoa-600x374.jpg 600w, https:\/\/vitraaz.ee\/wp-content\/uploads\/2022\/10\/The-coolest-place-for-Cocoa-300x187.jpg 300w, https:\/\/vitraaz.ee\/wp-content\/uploads\/2022\/10\/The-coolest-place-for-Cocoa-768x479.jpg 768w, https:\/\/vitraaz.ee\/wp-content\/uploads\/2022\/10\/The-coolest-place-for-Cocoa.jpg 1040w\" sizes=\"(max-width: 1024px) 100vw, 1024px\" \/>\t\t\t\t\t\t\t\t\t\t\t\t\t\t\t<\/div>\n\t\t\t\t<\/div>\n\t\t\t\t<div class=\"elementor-element elementor-element-71b7a9e elementor-widget elementor-widget-heading\" data-id=\"71b7a9e\" data-element_type=\"widget\" data-e-type=\"widget\" data-widget_type=\"heading.default\">\n\t\t\t\t<div class=\"elementor-widget-container\">\n\t\t\t\t\t<h2 class=\"elementor-heading-title elementor-size-default\">\u0423\u0441\u043b\u0443\u0433\u0438<\/h2>\t\t\t\t<\/div>\n\t\t\t\t<\/div>\n\t\t\t\t<div class=\"elementor-element elementor-element-3827322 elementor-widget elementor-widget-text-editor\" data-id=\"3827322\" data-element_type=\"widget\" data-e-type=\"widget\" data-widget_type=\"text-editor.default\">\n\t\t\t\t<div class=\"elementor-widget-container\">\n\t\t\t\t\t\t\t\t\t<p>\u041c\u044b \u043f\u0440\u0435\u0434\u043b\u0430\u0433\u0430\u0435\u043c \u0432\u0430\u043c \u043f\u043e\u043b\u043d\u044b\u0439 \u0441\u0435\u0440\u0432\u0438\u0441 \u0438 \u0441\u043c\u0435\u043b\u044b\u0435 \u0440\u0435\u0448\u0435\u043d\u0438\u044f! \u041d\u0430\u0448\u0438 \u0443\u0441\u043b\u0443\u0433\u0438 \u0432\u043a\u043b\u044e\u0447\u0430\u044e\u0442 \u0432 \u0441\u0435\u0431\u044f:<\/p>\t\t\t\t\t\t\t\t<\/div>\n\t\t\t\t<\/div>\n\t\t\t\t<div class=\"elementor-element elementor-element-cb9566c elementor-widget elementor-widget-text-editor\" data-id=\"cb9566c\" data-element_type=\"widget\" data-e-type=\"widget\" data-widget_type=\"text-editor.default\">\n\t\t\t\t<div class=\"elementor-widget-container\">\n\t\t\t\t\t\t\t\t\t<p>\u0412\u0438\u0437\u0438\u0442 \u0438 \u043a\u043e\u043d\u0441\u0443\u043b\u044c\u0442\u0438\u0440\u043e\u0432\u0430\u043d\u0438\u0435 \u0445\u0443\u0434\u043e\u0436\u043d\u0438\u043a\u0430<br \/>\u0422\u0435\u0445\u043d\u0438\u0447\u0435\u0441\u043a\u0438\u0435 \u043a\u043e\u043d\u0441\u0443\u043b\u044c\u0442\u0430\u0446\u0438\u0438<br \/>\u0427\u0435\u0440\u0442\u0435\u0436\u0438 \u0434\u043b\u044f \u0437\u0430\u043a\u0430\u0437\u044b\u0432\u0430\u0435\u043c\u044b\u0445 \u0441\u0442\u0435\u043a\u043e\u043b<br \/>\u0418\u0437\u043c\u0435\u0440\u0435\u043d\u0438\u044f<br \/>\u0422\u0440\u0430\u043d\u0441\u043f\u043e\u0440\u0442<br \/>\u0423\u0441\u0442\u0430\u043d\u043e\u0432\u043a\u0430<\/p>\t\t\t\t\t\t\t\t<\/div>\n\t\t\t\t<\/div>\n\t\t\t\t<div class=\"elementor-element elementor-element-0eab8db elementor-widget elementor-widget-text-editor\" data-id=\"0eab8db\" data-element_type=\"widget\" data-e-type=\"widget\" data-widget_type=\"text-editor.default\">\n\t\t\t\t<div class=\"elementor-widget-container\">\n\t\t\t\t\t\t\t\t\t<p>\u041f\u043e\u0441\u043a\u043e\u043b\u044c\u043a\u0443 \u0432\u0441\u0435 \u0434\u043e\u043c\u0430 \u0438 \u0440\u0430\u0431\u043e\u0442\u044b \u0440\u0430\u0437\u043d\u044b\u0435, \u0446\u0435\u043d\u044b \u043d\u0430 \u0443\u0441\u043b\u0443\u0433\u0438 \u2013 \u0434\u043e\u0433\u043e\u0432\u043e\u0440\u043d\u044b\u0435.<\/p>\t\t\t\t\t\t\t\t<\/div>\n\t\t\t\t<\/div>\n\t\t\t\t\t<\/div>\n\t\t<\/div>\n\t\t\t\t<div class=\"elementor-column elementor-col-33 elementor-top-column elementor-element elementor-element-0db79c2\" data-id=\"0db79c2\" data-element_type=\"column\" data-e-type=\"column\">\n\t\t\t<div class=\"elementor-widget-wrap\">\n\t\t\t\t\t\t\t<\/div>\n\t\t<\/div>\n\t\t\t\t\t<\/div>\n\t\t<\/section>\n\t\t\t\t<\/div>\n\t\t","protected":false},"excerpt":{"rendered":"<p>\u0423\u0441\u043b\u0443\u0433\u0438 \u041c\u044b \u043f\u0440\u0435\u0434\u043b\u0430\u0433\u0430\u0435\u043c \u0432\u0430\u043c \u043f\u043e\u043b\u043d\u044b\u0439 \u0441\u0435\u0440\u0432\u0438\u0441 \u0438 \u0441\u043c\u0435\u043b\u044b\u0435 \u0440\u0435\u0448\u0435\u043d\u0438\u044f! \u041d\u0430\u0448\u0438 \u0443\u0441\u043b\u0443\u0433\u0438 \u0432\u043a\u043b\u044e\u0447\u0430\u044e\u0442 \u0432 \u0441\u0435\u0431\u044f: \u0412\u0438\u0437\u0438\u0442 \u0438 \u043a\u043e\u043d\u0441\u0443\u043b\u044c\u0442\u0438\u0440\u043e\u0432\u0430\u043d\u0438\u0435 \u0445\u0443\u0434\u043e\u0436\u043d\u0438\u043a\u0430\u0422\u0435\u0445\u043d\u0438\u0447\u0435\u0441\u043a\u0438\u0435 \u043a\u043e\u043d\u0441\u0443\u043b\u044c\u0442\u0430\u0446\u0438\u0438\u0427\u0435\u0440\u0442\u0435\u0436\u0438 \u0434\u043b\u044f \u0437\u0430\u043a\u0430\u0437\u044b\u0432\u0430\u0435\u043c\u044b\u0445 \u0441\u0442\u0435\u043a\u043e\u043b\u0418\u0437\u043c\u0435\u0440\u0435\u043d\u0438\u044f\u0422\u0440\u0430\u043d\u0441\u043f\u043e\u0440\u0442\u0423\u0441\u0442\u0430\u043d\u043e\u0432\u043a\u0430 \u041f\u043e\u0441\u043a\u043e\u043b\u044c\u043a\u0443 \u0432\u0441\u0435 \u0434\u043e\u043c\u0430 \u0438 \u0440\u0430\u0431\u043e\u0442\u044b \u0440\u0430\u0437\u043d\u044b\u0435, \u0446\u0435\u043d\u044b \u043d\u0430 \u0443\u0441\u043b\u0443\u0433\u0438 \u2013 \u0434\u043e\u0433\u043e\u0432\u043e\u0440\u043d\u044b\u0435.<\/p>\n","protected":false},"author":1,"featured_media":0,"parent":0,"menu_order":0,"comment_status":"closed","ping_status":"closed","template":"elementor_header_footer","meta":{"_acf_changed":false,"footnotes":""},"class_list":["post-3706","page","type-page","status-publish","hentry"],"acf":[],"yoast_head":"<!-- This site is optimized with the Yoast SEO plugin v27.3 - https:\/\/yoast.com\/product\/yoast-seo-wordpress\/ -->\n<title>\u0423\u0441\u043b\u0443\u0433\u0438 - Vitraaz.ee<\/title>\n<meta name=\"description\" content=\"\u0423\u0441\u043b\u0443\u0433\u0438 \u0441\u0442\u0435\u043a\u043e\u043b\u044c\u043d\u043e\u0433\u043e \u0438\u0441\u043a\u0443\u0441\u0441\u0442\u0432\u0430. \u0412\u0435\u0434\u0435\u043c \u0441\u0432\u043e\u044e \u0434\u0435\u044f\u0442\u0435\u043b\u044c\u043d\u043e\u0441\u0442\u044c \u0441 2001 \u0433\u043e\u0434\u0430. \u041d\u0430\u0448\u0430 \u043a\u043e\u043c\u043f\u0430\u043d\u0438\u044f \u043d\u0435\u0431\u043e\u043b\u044c\u0448\u0430\u044f, \u043c\u044b \u0441\u043c\u0435\u043b\u044b\u0435 \u0432 \u0441\u0432\u043e\u0438\u0445 \u0440\u0435\u0448\u0435\u043d\u0438\u044f\u0445 \u0438 \u0433\u0438\u0431\u043a\u0438\u0435.\" \/>\n<meta name=\"robots\" content=\"index, follow, max-snippet:-1, max-image-preview:large, max-video-preview:-1\" \/>\n<link rel=\"canonical\" href=\"https:\/\/vitraaz.ee\/ru\/%d1%83%d1%81%d0%bb%d1%83%d0%b3%d0%b8\/\" \/>\n<meta property=\"og:locale\" content=\"ru_RU\" \/>\n<meta property=\"og:type\" content=\"article\" \/>\n<meta property=\"og:title\" content=\"\u0423\u0441\u043b\u0443\u0433\u0438 - Vitraaz.ee\" \/>\n<meta property=\"og:description\" content=\"\u0423\u0441\u043b\u0443\u0433\u0438 \u0441\u0442\u0435\u043a\u043e\u043b\u044c\u043d\u043e\u0433\u043e \u0438\u0441\u043a\u0443\u0441\u0441\u0442\u0432\u0430. \u0412\u0435\u0434\u0435\u043c \u0441\u0432\u043e\u044e \u0434\u0435\u044f\u0442\u0435\u043b\u044c\u043d\u043e\u0441\u0442\u044c \u0441 2001 \u0433\u043e\u0434\u0430. \u041d\u0430\u0448\u0430 \u043a\u043e\u043c\u043f\u0430\u043d\u0438\u044f \u043d\u0435\u0431\u043e\u043b\u044c\u0448\u0430\u044f, \u043c\u044b \u0441\u043c\u0435\u043b\u044b\u0435 \u0432 \u0441\u0432\u043e\u0438\u0445 \u0440\u0435\u0448\u0435\u043d\u0438\u044f\u0445 \u0438 \u0433\u0438\u0431\u043a\u0438\u0435.\" \/>\n<meta property=\"og:url\" content=\"https:\/\/vitraaz.ee\/ru\/%d1%83%d1%81%d0%bb%d1%83%d0%b3%d0%b8\/\" \/>\n<meta property=\"og:site_name\" content=\"Vitraaz.ee\" \/>\n<meta property=\"article:publisher\" content=\"https:\/\/www.facebook.com\/Klaasinterjoor\" \/>\n<meta property=\"article:modified_time\" content=\"2022-10-19T04:51:20+00:00\" \/>\n<meta property=\"og:image\" content=\"https:\/\/vitraaz.ee\/wp-content\/uploads\/2022\/10\/The-coolest-place-for-Cocoa-1024x639.jpg\" \/>\n<meta name=\"twitter:card\" content=\"summary_large_image\" \/>\n<meta name=\"twitter:label1\" content=\"\u041f\u0440\u0438\u043c\u0435\u0440\u043d\u043e\u0435 \u0432\u0440\u0435\u043c\u044f \u0434\u043b\u044f \u0447\u0442\u0435\u043d\u0438\u044f\" \/>\n\t<meta name=\"twitter:data1\" content=\"1 \u043c\u0438\u043d\u0443\u0442\u0430\" \/>\n<script type=\"application\/ld+json\" class=\"yoast-schema-graph\">{\"@context\":\"https:\\\/\\\/schema.org\",\"@graph\":[{\"@type\":\"WebPage\",\"@id\":\"https:\\\/\\\/vitraaz.ee\\\/ru\\\/%d1%83%d1%81%d0%bb%d1%83%d0%b3%d0%b8\\\/\",\"url\":\"https:\\\/\\\/vitraaz.ee\\\/ru\\\/%d1%83%d1%81%d0%bb%d1%83%d0%b3%d0%b8\\\/\",\"name\":\"\u0423\u0441\u043b\u0443\u0433\u0438 - Vitraaz.ee\",\"isPartOf\":{\"@id\":\"https:\\\/\\\/vitraaz.ee\\\/ru\\\/#website\"},\"primaryImageOfPage\":{\"@id\":\"https:\\\/\\\/vitraaz.ee\\\/ru\\\/%d1%83%d1%81%d0%bb%d1%83%d0%b3%d0%b8\\\/#primaryimage\"},\"image\":{\"@id\":\"https:\\\/\\\/vitraaz.ee\\\/ru\\\/%d1%83%d1%81%d0%bb%d1%83%d0%b3%d0%b8\\\/#primaryimage\"},\"thumbnailUrl\":\"https:\\\/\\\/vitraaz.ee\\\/wp-content\\\/uploads\\\/2022\\\/10\\\/The-coolest-place-for-Cocoa-1024x639.jpg\",\"datePublished\":\"2022-10-02T08:56:11+00:00\",\"dateModified\":\"2022-10-19T04:51:20+00:00\",\"description\":\"\u0423\u0441\u043b\u0443\u0433\u0438 \u0441\u0442\u0435\u043a\u043e\u043b\u044c\u043d\u043e\u0433\u043e \u0438\u0441\u043a\u0443\u0441\u0441\u0442\u0432\u0430. \u0412\u0435\u0434\u0435\u043c \u0441\u0432\u043e\u044e \u0434\u0435\u044f\u0442\u0435\u043b\u044c\u043d\u043e\u0441\u0442\u044c \u0441 2001 \u0433\u043e\u0434\u0430. \u041d\u0430\u0448\u0430 \u043a\u043e\u043c\u043f\u0430\u043d\u0438\u044f \u043d\u0435\u0431\u043e\u043b\u044c\u0448\u0430\u044f, \u043c\u044b \u0441\u043c\u0435\u043b\u044b\u0435 \u0432 \u0441\u0432\u043e\u0438\u0445 \u0440\u0435\u0448\u0435\u043d\u0438\u044f\u0445 \u0438 \u0433\u0438\u0431\u043a\u0438\u0435.\",\"breadcrumb\":{\"@id\":\"https:\\\/\\\/vitraaz.ee\\\/ru\\\/%d1%83%d1%81%d0%bb%d1%83%d0%b3%d0%b8\\\/#breadcrumb\"},\"inLanguage\":\"ru-RU\",\"potentialAction\":[{\"@type\":\"ReadAction\",\"target\":[\"https:\\\/\\\/vitraaz.ee\\\/ru\\\/%d1%83%d1%81%d0%bb%d1%83%d0%b3%d0%b8\\\/\"]}]},{\"@type\":\"ImageObject\",\"inLanguage\":\"ru-RU\",\"@id\":\"https:\\\/\\\/vitraaz.ee\\\/ru\\\/%d1%83%d1%81%d0%bb%d1%83%d0%b3%d0%b8\\\/#primaryimage\",\"url\":\"https:\\\/\\\/vitraaz.ee\\\/wp-content\\\/uploads\\\/2022\\\/10\\\/The-coolest-place-for-Cocoa-1024x639.jpg\",\"contentUrl\":\"https:\\\/\\\/vitraaz.ee\\\/wp-content\\\/uploads\\\/2022\\\/10\\\/The-coolest-place-for-Cocoa-1024x639.jpg\"},{\"@type\":\"BreadcrumbList\",\"@id\":\"https:\\\/\\\/vitraaz.ee\\\/ru\\\/%d1%83%d1%81%d0%bb%d1%83%d0%b3%d0%b8\\\/#breadcrumb\",\"itemListElement\":[{\"@type\":\"ListItem\",\"position\":1,\"name\":\"Home\",\"item\":\"https:\\\/\\\/vitraaz.ee\\\/ru\\\/\"},{\"@type\":\"ListItem\",\"position\":2,\"name\":\"\u0423\u0441\u043b\u0443\u0433\u0438\"}]},{\"@type\":\"WebSite\",\"@id\":\"https:\\\/\\\/vitraaz.ee\\\/ru\\\/#website\",\"url\":\"https:\\\/\\\/vitraaz.ee\\\/ru\\\/\",\"name\":\"Vitraaz.ee\",\"description\":\"Klaasinterj&ouml;&ouml;r\",\"publisher\":{\"@id\":\"https:\\\/\\\/vitraaz.ee\\\/ru\\\/#organization\"},\"potentialAction\":[{\"@type\":\"SearchAction\",\"target\":{\"@type\":\"EntryPoint\",\"urlTemplate\":\"https:\\\/\\\/vitraaz.ee\\\/ru\\\/?s={search_term_string}\"},\"query-input\":{\"@type\":\"PropertyValueSpecification\",\"valueRequired\":true,\"valueName\":\"search_term_string\"}}],\"inLanguage\":\"ru-RU\"},{\"@type\":\"Organization\",\"@id\":\"https:\\\/\\\/vitraaz.ee\\\/ru\\\/#organization\",\"name\":\"KLAASINTERJ\u00d6\u00d6R O\u00dc\",\"url\":\"https:\\\/\\\/vitraaz.ee\\\/ru\\\/\",\"logo\":{\"@type\":\"ImageObject\",\"inLanguage\":\"ru-RU\",\"@id\":\"https:\\\/\\\/vitraaz.ee\\\/ru\\\/#\\\/schema\\\/logo\\\/image\\\/\",\"url\":\"https:\\\/\\\/vitraaz.ee\\\/wp-content\\\/uploads\\\/2022\\\/09\\\/logoKI.png\",\"contentUrl\":\"https:\\\/\\\/vitraaz.ee\\\/wp-content\\\/uploads\\\/2022\\\/09\\\/logoKI.png\",\"width\":1159,\"height\":458,\"caption\":\"KLAASINTERJ\u00d6\u00d6R O\u00dc\"},\"image\":{\"@id\":\"https:\\\/\\\/vitraaz.ee\\\/ru\\\/#\\\/schema\\\/logo\\\/image\\\/\"},\"sameAs\":[\"https:\\\/\\\/www.facebook.com\\\/Klaasinterjoor\"]}]}<\/script>\n<!-- \/ Yoast SEO plugin. -->","yoast_head_json":{"title":"\u0423\u0441\u043b\u0443\u0433\u0438 - Vitraaz.ee","description":"\u0423\u0441\u043b\u0443\u0433\u0438 \u0441\u0442\u0435\u043a\u043e\u043b\u044c\u043d\u043e\u0433\u043e \u0438\u0441\u043a\u0443\u0441\u0441\u0442\u0432\u0430. \u0412\u0435\u0434\u0435\u043c \u0441\u0432\u043e\u044e \u0434\u0435\u044f\u0442\u0435\u043b\u044c\u043d\u043e\u0441\u0442\u044c \u0441 2001 \u0433\u043e\u0434\u0430. \u041d\u0430\u0448\u0430 \u043a\u043e\u043c\u043f\u0430\u043d\u0438\u044f \u043d\u0435\u0431\u043e\u043b\u044c\u0448\u0430\u044f, \u043c\u044b \u0441\u043c\u0435\u043b\u044b\u0435 \u0432 \u0441\u0432\u043e\u0438\u0445 \u0440\u0435\u0448\u0435\u043d\u0438\u044f\u0445 \u0438 \u0433\u0438\u0431\u043a\u0438\u0435.","robots":{"index":"index","follow":"follow","max-snippet":"max-snippet:-1","max-image-preview":"max-image-preview:large","max-video-preview":"max-video-preview:-1"},"canonical":"https:\/\/vitraaz.ee\/ru\/%d1%83%d1%81%d0%bb%d1%83%d0%b3%d0%b8\/","og_locale":"ru_RU","og_type":"article","og_title":"\u0423\u0441\u043b\u0443\u0433\u0438 - Vitraaz.ee","og_description":"\u0423\u0441\u043b\u0443\u0433\u0438 \u0441\u0442\u0435\u043a\u043e\u043b\u044c\u043d\u043e\u0433\u043e \u0438\u0441\u043a\u0443\u0441\u0441\u0442\u0432\u0430. \u0412\u0435\u0434\u0435\u043c \u0441\u0432\u043e\u044e \u0434\u0435\u044f\u0442\u0435\u043b\u044c\u043d\u043e\u0441\u0442\u044c \u0441 2001 \u0433\u043e\u0434\u0430. \u041d\u0430\u0448\u0430 \u043a\u043e\u043c\u043f\u0430\u043d\u0438\u044f \u043d\u0435\u0431\u043e\u043b\u044c\u0448\u0430\u044f, \u043c\u044b \u0441\u043c\u0435\u043b\u044b\u0435 \u0432 \u0441\u0432\u043e\u0438\u0445 \u0440\u0435\u0448\u0435\u043d\u0438\u044f\u0445 \u0438 \u0433\u0438\u0431\u043a\u0438\u0435.","og_url":"https:\/\/vitraaz.ee\/ru\/%d1%83%d1%81%d0%bb%d1%83%d0%b3%d0%b8\/","og_site_name":"Vitraaz.ee","article_publisher":"https:\/\/www.facebook.com\/Klaasinterjoor","article_modified_time":"2022-10-19T04:51:20+00:00","og_image":[{"url":"https:\/\/vitraaz.ee\/wp-content\/uploads\/2022\/10\/The-coolest-place-for-Cocoa-1024x639.jpg","type":"","width":"","height":""}],"twitter_card":"summary_large_image","twitter_misc":{"\u041f\u0440\u0438\u043c\u0435\u0440\u043d\u043e\u0435 \u0432\u0440\u0435\u043c\u044f \u0434\u043b\u044f \u0447\u0442\u0435\u043d\u0438\u044f":"1 \u043c\u0438\u043d\u0443\u0442\u0430"},"schema":{"@context":"https:\/\/schema.org","@graph":[{"@type":"WebPage","@id":"https:\/\/vitraaz.ee\/ru\/%d1%83%d1%81%d0%bb%d1%83%d0%b3%d0%b8\/","url":"https:\/\/vitraaz.ee\/ru\/%d1%83%d1%81%d0%bb%d1%83%d0%b3%d0%b8\/","name":"\u0423\u0441\u043b\u0443\u0433\u0438 - Vitraaz.ee","isPartOf":{"@id":"https:\/\/vitraaz.ee\/ru\/#website"},"primaryImageOfPage":{"@id":"https:\/\/vitraaz.ee\/ru\/%d1%83%d1%81%d0%bb%d1%83%d0%b3%d0%b8\/#primaryimage"},"image":{"@id":"https:\/\/vitraaz.ee\/ru\/%d1%83%d1%81%d0%bb%d1%83%d0%b3%d0%b8\/#primaryimage"},"thumbnailUrl":"https:\/\/vitraaz.ee\/wp-content\/uploads\/2022\/10\/The-coolest-place-for-Cocoa-1024x639.jpg","datePublished":"2022-10-02T08:56:11+00:00","dateModified":"2022-10-19T04:51:20+00:00","description":"\u0423\u0441\u043b\u0443\u0433\u0438 \u0441\u0442\u0435\u043a\u043e\u043b\u044c\u043d\u043e\u0433\u043e \u0438\u0441\u043a\u0443\u0441\u0441\u0442\u0432\u0430. \u0412\u0435\u0434\u0435\u043c \u0441\u0432\u043e\u044e \u0434\u0435\u044f\u0442\u0435\u043b\u044c\u043d\u043e\u0441\u0442\u044c \u0441 2001 \u0433\u043e\u0434\u0430. \u041d\u0430\u0448\u0430 \u043a\u043e\u043c\u043f\u0430\u043d\u0438\u044f \u043d\u0435\u0431\u043e\u043b\u044c\u0448\u0430\u044f, \u043c\u044b \u0441\u043c\u0435\u043b\u044b\u0435 \u0432 \u0441\u0432\u043e\u0438\u0445 \u0440\u0435\u0448\u0435\u043d\u0438\u044f\u0445 \u0438 \u0433\u0438\u0431\u043a\u0438\u0435.","breadcrumb":{"@id":"https:\/\/vitraaz.ee\/ru\/%d1%83%d1%81%d0%bb%d1%83%d0%b3%d0%b8\/#breadcrumb"},"inLanguage":"ru-RU","potentialAction":[{"@type":"ReadAction","target":["https:\/\/vitraaz.ee\/ru\/%d1%83%d1%81%d0%bb%d1%83%d0%b3%d0%b8\/"]}]},{"@type":"ImageObject","inLanguage":"ru-RU","@id":"https:\/\/vitraaz.ee\/ru\/%d1%83%d1%81%d0%bb%d1%83%d0%b3%d0%b8\/#primaryimage","url":"https:\/\/vitraaz.ee\/wp-content\/uploads\/2022\/10\/The-coolest-place-for-Cocoa-1024x639.jpg","contentUrl":"https:\/\/vitraaz.ee\/wp-content\/uploads\/2022\/10\/The-coolest-place-for-Cocoa-1024x639.jpg"},{"@type":"BreadcrumbList","@id":"https:\/\/vitraaz.ee\/ru\/%d1%83%d1%81%d0%bb%d1%83%d0%b3%d0%b8\/#breadcrumb","itemListElement":[{"@type":"ListItem","position":1,"name":"Home","item":"https:\/\/vitraaz.ee\/ru\/"},{"@type":"ListItem","position":2,"name":"\u0423\u0441\u043b\u0443\u0433\u0438"}]},{"@type":"WebSite","@id":"https:\/\/vitraaz.ee\/ru\/#website","url":"https:\/\/vitraaz.ee\/ru\/","name":"Vitraaz.ee","description":"Klaasinterj&ouml;&ouml;r","publisher":{"@id":"https:\/\/vitraaz.ee\/ru\/#organization"},"potentialAction":[{"@type":"SearchAction","target":{"@type":"EntryPoint","urlTemplate":"https:\/\/vitraaz.ee\/ru\/?s={search_term_string}"},"query-input":{"@type":"PropertyValueSpecification","valueRequired":true,"valueName":"search_term_string"}}],"inLanguage":"ru-RU"},{"@type":"Organization","@id":"https:\/\/vitraaz.ee\/ru\/#organization","name":"KLAASINTERJ\u00d6\u00d6R O\u00dc","url":"https:\/\/vitraaz.ee\/ru\/","logo":{"@type":"ImageObject","inLanguage":"ru-RU","@id":"https:\/\/vitraaz.ee\/ru\/#\/schema\/logo\/image\/","url":"https:\/\/vitraaz.ee\/wp-content\/uploads\/2022\/09\/logoKI.png","contentUrl":"https:\/\/vitraaz.ee\/wp-content\/uploads\/2022\/09\/logoKI.png","width":1159,"height":458,"caption":"KLAASINTERJ\u00d6\u00d6R O\u00dc"},"image":{"@id":"https:\/\/vitraaz.ee\/ru\/#\/schema\/logo\/image\/"},"sameAs":["https:\/\/www.facebook.com\/Klaasinterjoor"]}]}},"_links":{"self":[{"href":"https:\/\/vitraaz.ee\/ru\/wp-json\/wp\/v2\/pages\/3706","targetHints":{"allow":["GET"]}}],"collection":[{"href":"https:\/\/vitraaz.ee\/ru\/wp-json\/wp\/v2\/pages"}],"about":[{"href":"https:\/\/vitraaz.ee\/ru\/wp-json\/wp\/v2\/types\/page"}],"author":[{"embeddable":true,"href":"https:\/\/vitraaz.ee\/ru\/wp-json\/wp\/v2\/users\/1"}],"replies":[{"embeddable":true,"href":"https:\/\/vitraaz.ee\/ru\/wp-json\/wp\/v2\/comments?post=3706"}],"version-history":[{"count":0,"href":"https:\/\/vitraaz.ee\/ru\/wp-json\/wp\/v2\/pages\/3706\/revisions"}],"wp:attachment":[{"href":"https:\/\/vitraaz.ee\/ru\/wp-json\/wp\/v2\/media?parent=3706"}],"curies":[{"name":"wp","href":"https:\/\/api.w.org\/{rel}","templated":true}]}}