{"id":3681,"date":"2022-10-02T01:11:11","date_gmt":"2022-10-02T01:11:11","guid":{"rendered":"https:\/\/vitraaz.ee\/?page_id=3681"},"modified":"2022-10-11T23:56:39","modified_gmt":"2022-10-11T23:56:39","slug":"%d0%ba%d1%80%d1%83%d0%bf%d0%bd%d1%8b%d0%b5-%d0%bf%d1%80%d0%be%d0%b5%d0%ba%d1%82%d1%8b","status":"publish","type":"page","link":"https:\/\/vitraaz.ee\/ru\/%d0%ba%d1%80%d1%83%d0%bf%d0%bd%d1%8b%d0%b5-%d0%bf%d1%80%d0%be%d0%b5%d0%ba%d1%82%d1%8b\/","title":{"rendered":"\u041a\u0440\u0443\u043f\u043d\u044b\u0435 \u043f\u0440\u043e\u0435\u043a\u0442\u044b"},"content":{"rendered":"\t\t<div data-elementor-type=\"wp-page\" data-elementor-id=\"3681\" class=\"elementor elementor-3681 elementor-1281\">\n\t\t\t\t\t\t<section class=\"elementor-section elementor-top-section elementor-element elementor-element-f2261ec elementor-section-boxed elementor-section-height-default elementor-section-height-default\" data-id=\"f2261ec\" data-element_type=\"section\" data-e-type=\"section\">\n\t\t\t\t\t\t<div class=\"elementor-container elementor-column-gap-default\">\n\t\t\t\t\t<div class=\"elementor-column elementor-col-33 elementor-top-column elementor-element elementor-element-d2da934\" data-id=\"d2da934\" data-element_type=\"column\" data-e-type=\"column\">\n\t\t\t<div class=\"elementor-widget-wrap elementor-element-populated\">\n\t\t\t\t\t\t<div class=\"elementor-element elementor-element-6cf6943 elementor-widget elementor-widget-image\" data-id=\"6cf6943\" data-element_type=\"widget\" data-e-type=\"widget\" data-widget_type=\"image.default\">\n\t\t\t\t<div class=\"elementor-widget-container\">\n\t\t\t\t\t\t\t\t\t\t\t\t\t\t\t<img fetchpriority=\"high\" decoding=\"async\" width=\"1024\" height=\"681\" src=\"https:\/\/vitraaz.ee\/wp-content\/uploads\/2022\/10\/klaaspindade-disain-pubi-villem-1024x681.jpg\" class=\"attachment-large size-large wp-image-2361\" alt=\"\" srcset=\"https:\/\/vitraaz.ee\/wp-content\/uploads\/2022\/10\/klaaspindade-disain-pubi-villem-1024x681.jpg 1024w, https:\/\/vitraaz.ee\/wp-content\/uploads\/2022\/10\/klaaspindade-disain-pubi-villem-600x399.jpg 600w, https:\/\/vitraaz.ee\/wp-content\/uploads\/2022\/10\/klaaspindade-disain-pubi-villem-300x200.jpg 300w, https:\/\/vitraaz.ee\/wp-content\/uploads\/2022\/10\/klaaspindade-disain-pubi-villem-768x511.jpg 768w, https:\/\/vitraaz.ee\/wp-content\/uploads\/2022\/10\/klaaspindade-disain-pubi-villem.jpg 1200w\" sizes=\"(max-width: 1024px) 100vw, 1024px\" \/>\t\t\t\t\t\t\t\t\t\t\t\t\t\t\t<\/div>\n\t\t\t\t<\/div>\n\t\t\t\t<div class=\"elementor-element elementor-element-e97d351 elementor-align-center elementor-widget elementor-widget-button\" data-id=\"e97d351\" data-element_type=\"widget\" data-e-type=\"widget\" data-widget_type=\"button.default\">\n\t\t\t\t<div class=\"elementor-widget-container\">\n\t\t\t\t\t\t\t\t\t<div class=\"elementor-button-wrapper\">\n\t\t\t\t\t<a class=\"elementor-button elementor-button-link elementor-size-sm\" href=\"https:\/\/vitraaz.ee\/vana-villemi-pubid\/\">\n\t\t\t\t\t\t<span class=\"elementor-button-content-wrapper\">\n\t\t\t\t\t\t\t\t\t<span class=\"elementor-button-text\">Vana Villemi pubid<\/span>\n\t\t\t\t\t<\/span>\n\t\t\t\t\t<\/a>\n\t\t\t\t<\/div>\n\t\t\t\t\t\t\t\t<\/div>\n\t\t\t\t<\/div>\n\t\t\t\t\t<\/div>\n\t\t<\/div>\n\t\t\t\t<div class=\"elementor-column elementor-col-33 elementor-top-column elementor-element elementor-element-556081a\" data-id=\"556081a\" data-element_type=\"column\" data-e-type=\"column\">\n\t\t\t<div class=\"elementor-widget-wrap elementor-element-populated\">\n\t\t\t\t\t\t<div class=\"elementor-element elementor-element-dd3ae2f elementor-widget elementor-widget-image\" data-id=\"dd3ae2f\" data-element_type=\"widget\" data-e-type=\"widget\" data-widget_type=\"image.default\">\n\t\t\t\t<div class=\"elementor-widget-container\">\n\t\t\t\t\t\t\t\t\t\t\t\t\t\t\t<img decoding=\"async\" width=\"1024\" height=\"681\" src=\"https:\/\/vitraaz.ee\/wp-content\/uploads\/2022\/10\/Klaasikunst-cocoa-suured-projektid-1024x681.jpg\" class=\"attachment-large size-large wp-image-2346\" alt=\"\" srcset=\"https:\/\/vitraaz.ee\/wp-content\/uploads\/2022\/10\/Klaasikunst-cocoa-suured-projektid-1024x681.jpg 1024w, https:\/\/vitraaz.ee\/wp-content\/uploads\/2022\/10\/Klaasikunst-cocoa-suured-projektid-600x399.jpg 600w, https:\/\/vitraaz.ee\/wp-content\/uploads\/2022\/10\/Klaasikunst-cocoa-suured-projektid-300x200.jpg 300w, https:\/\/vitraaz.ee\/wp-content\/uploads\/2022\/10\/Klaasikunst-cocoa-suured-projektid-768x511.jpg 768w, https:\/\/vitraaz.ee\/wp-content\/uploads\/2022\/10\/Klaasikunst-cocoa-suured-projektid.jpg 1200w\" sizes=\"(max-width: 1024px) 100vw, 1024px\" \/>\t\t\t\t\t\t\t\t\t\t\t\t\t\t\t<\/div>\n\t\t\t\t<\/div>\n\t\t\t\t<div class=\"elementor-element elementor-element-225e6be elementor-align-center elementor-widget elementor-widget-button\" data-id=\"225e6be\" data-element_type=\"widget\" data-e-type=\"widget\" data-widget_type=\"button.default\">\n\t\t\t\t<div class=\"elementor-widget-container\">\n\t\t\t\t\t\t\t\t\t<div class=\"elementor-button-wrapper\">\n\t\t\t\t\t<a class=\"elementor-button elementor-button-link elementor-size-sm\" href=\"https:\/\/vitraaz.ee\/the-coolest-place-for-cocoa\/\">\n\t\t\t\t\t\t<span class=\"elementor-button-content-wrapper\">\n\t\t\t\t\t\t\t\t\t<span class=\"elementor-button-text\">The coolest place for Cocoa<\/span>\n\t\t\t\t\t<\/span>\n\t\t\t\t\t<\/a>\n\t\t\t\t<\/div>\n\t\t\t\t\t\t\t\t<\/div>\n\t\t\t\t<\/div>\n\t\t\t\t\t<\/div>\n\t\t<\/div>\n\t\t\t\t<div class=\"elementor-column elementor-col-33 elementor-top-column elementor-element elementor-element-86bbdab\" data-id=\"86bbdab\" data-element_type=\"column\" data-e-type=\"column\">\n\t\t\t<div class=\"elementor-widget-wrap elementor-element-populated\">\n\t\t\t\t\t\t<div class=\"elementor-element elementor-element-f5d299c elementor-widget elementor-widget-image\" data-id=\"f5d299c\" data-element_type=\"widget\" data-e-type=\"widget\" data-widget_type=\"image.default\">\n\t\t\t\t<div class=\"elementor-widget-container\">\n\t\t\t\t\t\t\t\t\t\t\t\t\t\t\t<img decoding=\"async\" width=\"1024\" height=\"681\" src=\"https:\/\/vitraaz.ee\/wp-content\/uploads\/2022\/10\/Suured-projektid-klaasikunst-Noorus-Spa-restorani-vitraaz-1024x681.jpg\" class=\"attachment-large size-large wp-image-2349\" alt=\"\" srcset=\"https:\/\/vitraaz.ee\/wp-content\/uploads\/2022\/10\/Suured-projektid-klaasikunst-Noorus-Spa-restorani-vitraaz-1024x681.jpg 1024w, https:\/\/vitraaz.ee\/wp-content\/uploads\/2022\/10\/Suured-projektid-klaasikunst-Noorus-Spa-restorani-vitraaz-600x399.jpg 600w, https:\/\/vitraaz.ee\/wp-content\/uploads\/2022\/10\/Suured-projektid-klaasikunst-Noorus-Spa-restorani-vitraaz-300x200.jpg 300w, https:\/\/vitraaz.ee\/wp-content\/uploads\/2022\/10\/Suured-projektid-klaasikunst-Noorus-Spa-restorani-vitraaz-768x511.jpg 768w, https:\/\/vitraaz.ee\/wp-content\/uploads\/2022\/10\/Suured-projektid-klaasikunst-Noorus-Spa-restorani-vitraaz.jpg 1200w\" sizes=\"(max-width: 1024px) 100vw, 1024px\" \/>\t\t\t\t\t\t\t\t\t\t\t\t\t\t\t<\/div>\n\t\t\t\t<\/div>\n\t\t\t\t<div class=\"elementor-element elementor-element-1a54ba7 elementor-align-center elementor-widget elementor-widget-button\" data-id=\"1a54ba7\" data-element_type=\"widget\" data-e-type=\"widget\" data-widget_type=\"button.default\">\n\t\t\t\t<div class=\"elementor-widget-container\">\n\t\t\t\t\t\t\t\t\t<div class=\"elementor-button-wrapper\">\n\t\t\t\t\t<a class=\"elementor-button elementor-button-link elementor-size-sm\" href=\"https:\/\/vitraaz.ee\/noorus-spa\/\">\n\t\t\t\t\t\t<span class=\"elementor-button-content-wrapper\">\n\t\t\t\t\t\t\t\t\t<span class=\"elementor-button-text\">Noorus SPA restoran<\/span>\n\t\t\t\t\t<\/span>\n\t\t\t\t\t<\/a>\n\t\t\t\t<\/div>\n\t\t\t\t\t\t\t\t<\/div>\n\t\t\t\t<\/div>\n\t\t\t\t\t<\/div>\n\t\t<\/div>\n\t\t\t\t\t<\/div>\n\t\t<\/section>\n\t\t\t\t<section class=\"elementor-section elementor-top-section elementor-element elementor-element-0e875c8 elementor-section-boxed elementor-section-height-default elementor-section-height-default\" data-id=\"0e875c8\" data-element_type=\"section\" data-e-type=\"section\">\n\t\t\t\t\t\t<div class=\"elementor-container elementor-column-gap-default\">\n\t\t\t\t\t<div class=\"elementor-column elementor-col-33 elementor-top-column elementor-element elementor-element-542602f\" data-id=\"542602f\" data-element_type=\"column\" data-e-type=\"column\">\n\t\t\t<div class=\"elementor-widget-wrap\">\n\t\t\t\t\t\t\t<\/div>\n\t\t<\/div>\n\t\t\t\t<div class=\"elementor-column elementor-col-33 elementor-top-column elementor-element elementor-element-24e8e17\" data-id=\"24e8e17\" data-element_type=\"column\" data-e-type=\"column\">\n\t\t\t<div class=\"elementor-widget-wrap elementor-element-populated\">\n\t\t\t\t\t\t<div class=\"elementor-element elementor-element-80ea3ff elementor-widget elementor-widget-image\" data-id=\"80ea3ff\" data-element_type=\"widget\" data-e-type=\"widget\" data-widget_type=\"image.default\">\n\t\t\t\t<div class=\"elementor-widget-container\">\n\t\t\t\t\t\t\t\t\t\t\t\t\t\t\t<img loading=\"lazy\" decoding=\"async\" width=\"1024\" height=\"681\" src=\"https:\/\/vitraaz.ee\/wp-content\/uploads\/2022\/10\/Lihtsate-Vaartuste-Monument-1024x681.jpg\" class=\"attachment-large size-large wp-image-2355\" alt=\"\" srcset=\"https:\/\/vitraaz.ee\/wp-content\/uploads\/2022\/10\/Lihtsate-Vaartuste-Monument-1024x681.jpg 1024w, https:\/\/vitraaz.ee\/wp-content\/uploads\/2022\/10\/Lihtsate-Vaartuste-Monument-600x399.jpg 600w, https:\/\/vitraaz.ee\/wp-content\/uploads\/2022\/10\/Lihtsate-Vaartuste-Monument-300x200.jpg 300w, https:\/\/vitraaz.ee\/wp-content\/uploads\/2022\/10\/Lihtsate-Vaartuste-Monument-768x511.jpg 768w, https:\/\/vitraaz.ee\/wp-content\/uploads\/2022\/10\/Lihtsate-Vaartuste-Monument.jpg 1200w\" sizes=\"(max-width: 1024px) 100vw, 1024px\" \/>\t\t\t\t\t\t\t\t\t\t\t\t\t\t\t<\/div>\n\t\t\t\t<\/div>\n\t\t\t\t<div class=\"elementor-element elementor-element-4e8a45d elementor-align-center elementor-widget elementor-widget-button\" data-id=\"4e8a45d\" data-element_type=\"widget\" data-e-type=\"widget\" data-widget_type=\"button.default\">\n\t\t\t\t<div class=\"elementor-widget-container\">\n\t\t\t\t\t\t\t\t\t<div class=\"elementor-button-wrapper\">\n\t\t\t\t\t<a class=\"elementor-button elementor-button-link elementor-size-sm\" href=\"https:\/\/vitraaz.ee\/lihtsate-vaartuste-monument\/\">\n\t\t\t\t\t\t<span class=\"elementor-button-content-wrapper\">\n\t\t\t\t\t\t\t\t\t<span class=\"elementor-button-text\"> Lihtsate V\u00e4\u00e4rtuste Monument<\/span>\n\t\t\t\t\t<\/span>\n\t\t\t\t\t<\/a>\n\t\t\t\t<\/div>\n\t\t\t\t\t\t\t\t<\/div>\n\t\t\t\t<\/div>\n\t\t\t\t\t<\/div>\n\t\t<\/div>\n\t\t\t\t<div class=\"elementor-column elementor-col-33 elementor-top-column elementor-element elementor-element-c81c680\" data-id=\"c81c680\" data-element_type=\"column\" data-e-type=\"column\">\n\t\t\t<div class=\"elementor-widget-wrap\">\n\t\t\t\t\t\t\t<\/div>\n\t\t<\/div>\n\t\t\t\t\t<\/div>\n\t\t<\/section>\n\t\t\t\t<\/div>\n\t\t","protected":false},"excerpt":{"rendered":"<p>Vana Villemi pubid The coolest place for Cocoa Noorus SPA restoran Lihtsate V\u00e4\u00e4rtuste Monument<\/p>\n","protected":false},"author":1,"featured_media":0,"parent":0,"menu_order":0,"comment_status":"closed","ping_status":"closed","template":"elementor_header_footer","meta":{"_acf_changed":false,"footnotes":""},"class_list":["post-3681","page","type-page","status-publish","hentry"],"acf":[],"yoast_head":"<!-- This site is optimized with the Yoast SEO plugin v27.3 - https:\/\/yoast.com\/product\/yoast-seo-wordpress\/ -->\n<title>\u041a\u0440\u0443\u043f\u043d\u044b\u0435 \u043f\u0440\u043e\u0435\u043a\u0442\u044b - Vitraaz.ee<\/title>\n<meta name=\"description\" content=\"\u041a\u0440\u0443\u043f\u043d\u044b\u0435 \u043f\u0440\u043e\u0435\u043a\u0442\u044b \u0441\u0442\u0435\u043a\u043e\u043b\u044c\u043d\u043e\u0433\u043e \u0438\u0441\u043a\u0443\u0441\u0441\u0442\u0432\u0430. \u0412\u0435\u0434\u0435\u043c \u0441\u0432\u043e\u044e \u0434\u0435\u044f\u0442\u0435\u043b\u044c\u043d\u043e\u0441\u0442\u044c \u0441 2001 \u0433\u043e\u0434\u0430. \u041d\u0430\u0448\u0430 \u043a\u043e\u043c\u043f\u0430\u043d\u0438\u044f \u043d\u0435\u0431\u043e\u043b\u044c\u0448\u0430\u044f, \u043c\u044b \u0441\u043c\u0435\u043b\u044b\u0435 \u0432 \u0441\u0432\u043e\u0438\u0445 \u0440\u0435\u0448\u0435\u043d\u0438\u044f\u0445 \u0438 \u0433\u0438\u0431\u043a\u0438\u0435.\" \/>\n<meta name=\"robots\" content=\"index, follow, max-snippet:-1, max-image-preview:large, max-video-preview:-1\" \/>\n<link rel=\"canonical\" href=\"https:\/\/vitraaz.ee\/ru\/%d0%ba%d1%80%d1%83%d0%bf%d0%bd%d1%8b%d0%b5-%d0%bf%d1%80%d0%be%d0%b5%d0%ba%d1%82%d1%8b\/\" \/>\n<meta property=\"og:locale\" content=\"ru_RU\" \/>\n<meta property=\"og:type\" content=\"article\" \/>\n<meta property=\"og:title\" content=\"\u041a\u0440\u0443\u043f\u043d\u044b\u0435 \u043f\u0440\u043e\u0435\u043a\u0442\u044b - Vitraaz.ee\" \/>\n<meta property=\"og:description\" content=\"\u041a\u0440\u0443\u043f\u043d\u044b\u0435 \u043f\u0440\u043e\u0435\u043a\u0442\u044b \u0441\u0442\u0435\u043a\u043e\u043b\u044c\u043d\u043e\u0433\u043e \u0438\u0441\u043a\u0443\u0441\u0441\u0442\u0432\u0430. \u0412\u0435\u0434\u0435\u043c \u0441\u0432\u043e\u044e \u0434\u0435\u044f\u0442\u0435\u043b\u044c\u043d\u043e\u0441\u0442\u044c \u0441 2001 \u0433\u043e\u0434\u0430. \u041d\u0430\u0448\u0430 \u043a\u043e\u043c\u043f\u0430\u043d\u0438\u044f \u043d\u0435\u0431\u043e\u043b\u044c\u0448\u0430\u044f, \u043c\u044b \u0441\u043c\u0435\u043b\u044b\u0435 \u0432 \u0441\u0432\u043e\u0438\u0445 \u0440\u0435\u0448\u0435\u043d\u0438\u044f\u0445 \u0438 \u0433\u0438\u0431\u043a\u0438\u0435.\" \/>\n<meta property=\"og:url\" content=\"https:\/\/vitraaz.ee\/ru\/%d0%ba%d1%80%d1%83%d0%bf%d0%bd%d1%8b%d0%b5-%d0%bf%d1%80%d0%be%d0%b5%d0%ba%d1%82%d1%8b\/\" \/>\n<meta property=\"og:site_name\" content=\"Vitraaz.ee\" \/>\n<meta property=\"article:publisher\" content=\"https:\/\/www.facebook.com\/Klaasinterjoor\" \/>\n<meta property=\"article:modified_time\" content=\"2022-10-11T23:56:39+00:00\" \/>\n<meta property=\"og:image\" content=\"https:\/\/vitraaz.ee\/wp-content\/uploads\/2022\/10\/klaaspindade-disain-pubi-villem-1024x681.jpg\" \/>\n<meta name=\"twitter:card\" content=\"summary_large_image\" \/>\n<meta name=\"twitter:label1\" content=\"\u041f\u0440\u0438\u043c\u0435\u0440\u043d\u043e\u0435 \u0432\u0440\u0435\u043c\u044f \u0434\u043b\u044f \u0447\u0442\u0435\u043d\u0438\u044f\" \/>\n\t<meta name=\"twitter:data1\" content=\"1 \u043c\u0438\u043d\u0443\u0442\u0430\" \/>\n<script type=\"application\/ld+json\" class=\"yoast-schema-graph\">{\"@context\":\"https:\\\/\\\/schema.org\",\"@graph\":[{\"@type\":\"WebPage\",\"@id\":\"https:\\\/\\\/vitraaz.ee\\\/ru\\\/%d0%ba%d1%80%d1%83%d0%bf%d0%bd%d1%8b%d0%b5-%d0%bf%d1%80%d0%be%d0%b5%d0%ba%d1%82%d1%8b\\\/\",\"url\":\"https:\\\/\\\/vitraaz.ee\\\/ru\\\/%d0%ba%d1%80%d1%83%d0%bf%d0%bd%d1%8b%d0%b5-%d0%bf%d1%80%d0%be%d0%b5%d0%ba%d1%82%d1%8b\\\/\",\"name\":\"\u041a\u0440\u0443\u043f\u043d\u044b\u0435 \u043f\u0440\u043e\u0435\u043a\u0442\u044b - Vitraaz.ee\",\"isPartOf\":{\"@id\":\"https:\\\/\\\/vitraaz.ee\\\/ru\\\/#website\"},\"primaryImageOfPage\":{\"@id\":\"https:\\\/\\\/vitraaz.ee\\\/ru\\\/%d0%ba%d1%80%d1%83%d0%bf%d0%bd%d1%8b%d0%b5-%d0%bf%d1%80%d0%be%d0%b5%d0%ba%d1%82%d1%8b\\\/#primaryimage\"},\"image\":{\"@id\":\"https:\\\/\\\/vitraaz.ee\\\/ru\\\/%d0%ba%d1%80%d1%83%d0%bf%d0%bd%d1%8b%d0%b5-%d0%bf%d1%80%d0%be%d0%b5%d0%ba%d1%82%d1%8b\\\/#primaryimage\"},\"thumbnailUrl\":\"https:\\\/\\\/vitraaz.ee\\\/wp-content\\\/uploads\\\/2022\\\/10\\\/klaaspindade-disain-pubi-villem-1024x681.jpg\",\"datePublished\":\"2022-10-02T01:11:11+00:00\",\"dateModified\":\"2022-10-11T23:56:39+00:00\",\"description\":\"\u041a\u0440\u0443\u043f\u043d\u044b\u0435 \u043f\u0440\u043e\u0435\u043a\u0442\u044b \u0441\u0442\u0435\u043a\u043e\u043b\u044c\u043d\u043e\u0433\u043e \u0438\u0441\u043a\u0443\u0441\u0441\u0442\u0432\u0430. \u0412\u0435\u0434\u0435\u043c \u0441\u0432\u043e\u044e \u0434\u0435\u044f\u0442\u0435\u043b\u044c\u043d\u043e\u0441\u0442\u044c \u0441 2001 \u0433\u043e\u0434\u0430. \u041d\u0430\u0448\u0430 \u043a\u043e\u043c\u043f\u0430\u043d\u0438\u044f \u043d\u0435\u0431\u043e\u043b\u044c\u0448\u0430\u044f, \u043c\u044b \u0441\u043c\u0435\u043b\u044b\u0435 \u0432 \u0441\u0432\u043e\u0438\u0445 \u0440\u0435\u0448\u0435\u043d\u0438\u044f\u0445 \u0438 \u0433\u0438\u0431\u043a\u0438\u0435.\",\"breadcrumb\":{\"@id\":\"https:\\\/\\\/vitraaz.ee\\\/ru\\\/%d0%ba%d1%80%d1%83%d0%bf%d0%bd%d1%8b%d0%b5-%d0%bf%d1%80%d0%be%d0%b5%d0%ba%d1%82%d1%8b\\\/#breadcrumb\"},\"inLanguage\":\"ru-RU\",\"potentialAction\":[{\"@type\":\"ReadAction\",\"target\":[\"https:\\\/\\\/vitraaz.ee\\\/ru\\\/%d0%ba%d1%80%d1%83%d0%bf%d0%bd%d1%8b%d0%b5-%d0%bf%d1%80%d0%be%d0%b5%d0%ba%d1%82%d1%8b\\\/\"]}]},{\"@type\":\"ImageObject\",\"inLanguage\":\"ru-RU\",\"@id\":\"https:\\\/\\\/vitraaz.ee\\\/ru\\\/%d0%ba%d1%80%d1%83%d0%bf%d0%bd%d1%8b%d0%b5-%d0%bf%d1%80%d0%be%d0%b5%d0%ba%d1%82%d1%8b\\\/#primaryimage\",\"url\":\"https:\\\/\\\/vitraaz.ee\\\/wp-content\\\/uploads\\\/2022\\\/10\\\/klaaspindade-disain-pubi-villem-1024x681.jpg\",\"contentUrl\":\"https:\\\/\\\/vitraaz.ee\\\/wp-content\\\/uploads\\\/2022\\\/10\\\/klaaspindade-disain-pubi-villem-1024x681.jpg\"},{\"@type\":\"BreadcrumbList\",\"@id\":\"https:\\\/\\\/vitraaz.ee\\\/ru\\\/%d0%ba%d1%80%d1%83%d0%bf%d0%bd%d1%8b%d0%b5-%d0%bf%d1%80%d0%be%d0%b5%d0%ba%d1%82%d1%8b\\\/#breadcrumb\",\"itemListElement\":[{\"@type\":\"ListItem\",\"position\":1,\"name\":\"Home\",\"item\":\"https:\\\/\\\/vitraaz.ee\\\/ru\\\/\"},{\"@type\":\"ListItem\",\"position\":2,\"name\":\"\u041a\u0440\u0443\u043f\u043d\u044b\u0435 \u043f\u0440\u043e\u0435\u043a\u0442\u044b\"}]},{\"@type\":\"WebSite\",\"@id\":\"https:\\\/\\\/vitraaz.ee\\\/ru\\\/#website\",\"url\":\"https:\\\/\\\/vitraaz.ee\\\/ru\\\/\",\"name\":\"Vitraaz.ee\",\"description\":\"Klaasinterj&ouml;&ouml;r\",\"publisher\":{\"@id\":\"https:\\\/\\\/vitraaz.ee\\\/ru\\\/#organization\"},\"potentialAction\":[{\"@type\":\"SearchAction\",\"target\":{\"@type\":\"EntryPoint\",\"urlTemplate\":\"https:\\\/\\\/vitraaz.ee\\\/ru\\\/?s={search_term_string}\"},\"query-input\":{\"@type\":\"PropertyValueSpecification\",\"valueRequired\":true,\"valueName\":\"search_term_string\"}}],\"inLanguage\":\"ru-RU\"},{\"@type\":\"Organization\",\"@id\":\"https:\\\/\\\/vitraaz.ee\\\/ru\\\/#organization\",\"name\":\"KLAASINTERJ\u00d6\u00d6R O\u00dc\",\"url\":\"https:\\\/\\\/vitraaz.ee\\\/ru\\\/\",\"logo\":{\"@type\":\"ImageObject\",\"inLanguage\":\"ru-RU\",\"@id\":\"https:\\\/\\\/vitraaz.ee\\\/ru\\\/#\\\/schema\\\/logo\\\/image\\\/\",\"url\":\"https:\\\/\\\/vitraaz.ee\\\/wp-content\\\/uploads\\\/2022\\\/09\\\/logoKI.png\",\"contentUrl\":\"https:\\\/\\\/vitraaz.ee\\\/wp-content\\\/uploads\\\/2022\\\/09\\\/logoKI.png\",\"width\":1159,\"height\":458,\"caption\":\"KLAASINTERJ\u00d6\u00d6R O\u00dc\"},\"image\":{\"@id\":\"https:\\\/\\\/vitraaz.ee\\\/ru\\\/#\\\/schema\\\/logo\\\/image\\\/\"},\"sameAs\":[\"https:\\\/\\\/www.facebook.com\\\/Klaasinterjoor\"]}]}<\/script>\n<!-- \/ Yoast SEO plugin. -->","yoast_head_json":{"title":"\u041a\u0440\u0443\u043f\u043d\u044b\u0435 \u043f\u0440\u043e\u0435\u043a\u0442\u044b - Vitraaz.ee","description":"\u041a\u0440\u0443\u043f\u043d\u044b\u0435 \u043f\u0440\u043e\u0435\u043a\u0442\u044b \u0441\u0442\u0435\u043a\u043e\u043b\u044c\u043d\u043e\u0433\u043e \u0438\u0441\u043a\u0443\u0441\u0441\u0442\u0432\u0430. \u0412\u0435\u0434\u0435\u043c \u0441\u0432\u043e\u044e \u0434\u0435\u044f\u0442\u0435\u043b\u044c\u043d\u043e\u0441\u0442\u044c \u0441 2001 \u0433\u043e\u0434\u0430. \u041d\u0430\u0448\u0430 \u043a\u043e\u043c\u043f\u0430\u043d\u0438\u044f \u043d\u0435\u0431\u043e\u043b\u044c\u0448\u0430\u044f, \u043c\u044b \u0441\u043c\u0435\u043b\u044b\u0435 \u0432 \u0441\u0432\u043e\u0438\u0445 \u0440\u0435\u0448\u0435\u043d\u0438\u044f\u0445 \u0438 \u0433\u0438\u0431\u043a\u0438\u0435.","robots":{"index":"index","follow":"follow","max-snippet":"max-snippet:-1","max-image-preview":"max-image-preview:large","max-video-preview":"max-video-preview:-1"},"canonical":"https:\/\/vitraaz.ee\/ru\/%d0%ba%d1%80%d1%83%d0%bf%d0%bd%d1%8b%d0%b5-%d0%bf%d1%80%d0%be%d0%b5%d0%ba%d1%82%d1%8b\/","og_locale":"ru_RU","og_type":"article","og_title":"\u041a\u0440\u0443\u043f\u043d\u044b\u0435 \u043f\u0440\u043e\u0435\u043a\u0442\u044b - Vitraaz.ee","og_description":"\u041a\u0440\u0443\u043f\u043d\u044b\u0435 \u043f\u0440\u043e\u0435\u043a\u0442\u044b \u0441\u0442\u0435\u043a\u043e\u043b\u044c\u043d\u043e\u0433\u043e \u0438\u0441\u043a\u0443\u0441\u0441\u0442\u0432\u0430. \u0412\u0435\u0434\u0435\u043c \u0441\u0432\u043e\u044e \u0434\u0435\u044f\u0442\u0435\u043b\u044c\u043d\u043e\u0441\u0442\u044c \u0441 2001 \u0433\u043e\u0434\u0430. \u041d\u0430\u0448\u0430 \u043a\u043e\u043c\u043f\u0430\u043d\u0438\u044f \u043d\u0435\u0431\u043e\u043b\u044c\u0448\u0430\u044f, \u043c\u044b \u0441\u043c\u0435\u043b\u044b\u0435 \u0432 \u0441\u0432\u043e\u0438\u0445 \u0440\u0435\u0448\u0435\u043d\u0438\u044f\u0445 \u0438 \u0433\u0438\u0431\u043a\u0438\u0435.","og_url":"https:\/\/vitraaz.ee\/ru\/%d0%ba%d1%80%d1%83%d0%bf%d0%bd%d1%8b%d0%b5-%d0%bf%d1%80%d0%be%d0%b5%d0%ba%d1%82%d1%8b\/","og_site_name":"Vitraaz.ee","article_publisher":"https:\/\/www.facebook.com\/Klaasinterjoor","article_modified_time":"2022-10-11T23:56:39+00:00","og_image":[{"url":"https:\/\/vitraaz.ee\/wp-content\/uploads\/2022\/10\/klaaspindade-disain-pubi-villem-1024x681.jpg","type":"","width":"","height":""}],"twitter_card":"summary_large_image","twitter_misc":{"\u041f\u0440\u0438\u043c\u0435\u0440\u043d\u043e\u0435 \u0432\u0440\u0435\u043c\u044f \u0434\u043b\u044f \u0447\u0442\u0435\u043d\u0438\u044f":"1 \u043c\u0438\u043d\u0443\u0442\u0430"},"schema":{"@context":"https:\/\/schema.org","@graph":[{"@type":"WebPage","@id":"https:\/\/vitraaz.ee\/ru\/%d0%ba%d1%80%d1%83%d0%bf%d0%bd%d1%8b%d0%b5-%d0%bf%d1%80%d0%be%d0%b5%d0%ba%d1%82%d1%8b\/","url":"https:\/\/vitraaz.ee\/ru\/%d0%ba%d1%80%d1%83%d0%bf%d0%bd%d1%8b%d0%b5-%d0%bf%d1%80%d0%be%d0%b5%d0%ba%d1%82%d1%8b\/","name":"\u041a\u0440\u0443\u043f\u043d\u044b\u0435 \u043f\u0440\u043e\u0435\u043a\u0442\u044b - Vitraaz.ee","isPartOf":{"@id":"https:\/\/vitraaz.ee\/ru\/#website"},"primaryImageOfPage":{"@id":"https:\/\/vitraaz.ee\/ru\/%d0%ba%d1%80%d1%83%d0%bf%d0%bd%d1%8b%d0%b5-%d0%bf%d1%80%d0%be%d0%b5%d0%ba%d1%82%d1%8b\/#primaryimage"},"image":{"@id":"https:\/\/vitraaz.ee\/ru\/%d0%ba%d1%80%d1%83%d0%bf%d0%bd%d1%8b%d0%b5-%d0%bf%d1%80%d0%be%d0%b5%d0%ba%d1%82%d1%8b\/#primaryimage"},"thumbnailUrl":"https:\/\/vitraaz.ee\/wp-content\/uploads\/2022\/10\/klaaspindade-disain-pubi-villem-1024x681.jpg","datePublished":"2022-10-02T01:11:11+00:00","dateModified":"2022-10-11T23:56:39+00:00","description":"\u041a\u0440\u0443\u043f\u043d\u044b\u0435 \u043f\u0440\u043e\u0435\u043a\u0442\u044b \u0441\u0442\u0435\u043a\u043e\u043b\u044c\u043d\u043e\u0433\u043e \u0438\u0441\u043a\u0443\u0441\u0441\u0442\u0432\u0430. \u0412\u0435\u0434\u0435\u043c \u0441\u0432\u043e\u044e \u0434\u0435\u044f\u0442\u0435\u043b\u044c\u043d\u043e\u0441\u0442\u044c \u0441 2001 \u0433\u043e\u0434\u0430. \u041d\u0430\u0448\u0430 \u043a\u043e\u043c\u043f\u0430\u043d\u0438\u044f \u043d\u0435\u0431\u043e\u043b\u044c\u0448\u0430\u044f, \u043c\u044b \u0441\u043c\u0435\u043b\u044b\u0435 \u0432 \u0441\u0432\u043e\u0438\u0445 \u0440\u0435\u0448\u0435\u043d\u0438\u044f\u0445 \u0438 \u0433\u0438\u0431\u043a\u0438\u0435.","breadcrumb":{"@id":"https:\/\/vitraaz.ee\/ru\/%d0%ba%d1%80%d1%83%d0%bf%d0%bd%d1%8b%d0%b5-%d0%bf%d1%80%d0%be%d0%b5%d0%ba%d1%82%d1%8b\/#breadcrumb"},"inLanguage":"ru-RU","potentialAction":[{"@type":"ReadAction","target":["https:\/\/vitraaz.ee\/ru\/%d0%ba%d1%80%d1%83%d0%bf%d0%bd%d1%8b%d0%b5-%d0%bf%d1%80%d0%be%d0%b5%d0%ba%d1%82%d1%8b\/"]}]},{"@type":"ImageObject","inLanguage":"ru-RU","@id":"https:\/\/vitraaz.ee\/ru\/%d0%ba%d1%80%d1%83%d0%bf%d0%bd%d1%8b%d0%b5-%d0%bf%d1%80%d0%be%d0%b5%d0%ba%d1%82%d1%8b\/#primaryimage","url":"https:\/\/vitraaz.ee\/wp-content\/uploads\/2022\/10\/klaaspindade-disain-pubi-villem-1024x681.jpg","contentUrl":"https:\/\/vitraaz.ee\/wp-content\/uploads\/2022\/10\/klaaspindade-disain-pubi-villem-1024x681.jpg"},{"@type":"BreadcrumbList","@id":"https:\/\/vitraaz.ee\/ru\/%d0%ba%d1%80%d1%83%d0%bf%d0%bd%d1%8b%d0%b5-%d0%bf%d1%80%d0%be%d0%b5%d0%ba%d1%82%d1%8b\/#breadcrumb","itemListElement":[{"@type":"ListItem","position":1,"name":"Home","item":"https:\/\/vitraaz.ee\/ru\/"},{"@type":"ListItem","position":2,"name":"\u041a\u0440\u0443\u043f\u043d\u044b\u0435 \u043f\u0440\u043e\u0435\u043a\u0442\u044b"}]},{"@type":"WebSite","@id":"https:\/\/vitraaz.ee\/ru\/#website","url":"https:\/\/vitraaz.ee\/ru\/","name":"Vitraaz.ee","description":"Klaasinterj&ouml;&ouml;r","publisher":{"@id":"https:\/\/vitraaz.ee\/ru\/#organization"},"potentialAction":[{"@type":"SearchAction","target":{"@type":"EntryPoint","urlTemplate":"https:\/\/vitraaz.ee\/ru\/?s={search_term_string}"},"query-input":{"@type":"PropertyValueSpecification","valueRequired":true,"valueName":"search_term_string"}}],"inLanguage":"ru-RU"},{"@type":"Organization","@id":"https:\/\/vitraaz.ee\/ru\/#organization","name":"KLAASINTERJ\u00d6\u00d6R O\u00dc","url":"https:\/\/vitraaz.ee\/ru\/","logo":{"@type":"ImageObject","inLanguage":"ru-RU","@id":"https:\/\/vitraaz.ee\/ru\/#\/schema\/logo\/image\/","url":"https:\/\/vitraaz.ee\/wp-content\/uploads\/2022\/09\/logoKI.png","contentUrl":"https:\/\/vitraaz.ee\/wp-content\/uploads\/2022\/09\/logoKI.png","width":1159,"height":458,"caption":"KLAASINTERJ\u00d6\u00d6R O\u00dc"},"image":{"@id":"https:\/\/vitraaz.ee\/ru\/#\/schema\/logo\/image\/"},"sameAs":["https:\/\/www.facebook.com\/Klaasinterjoor"]}]}},"_links":{"self":[{"href":"https:\/\/vitraaz.ee\/ru\/wp-json\/wp\/v2\/pages\/3681","targetHints":{"allow":["GET"]}}],"collection":[{"href":"https:\/\/vitraaz.ee\/ru\/wp-json\/wp\/v2\/pages"}],"about":[{"href":"https:\/\/vitraaz.ee\/ru\/wp-json\/wp\/v2\/types\/page"}],"author":[{"embeddable":true,"href":"https:\/\/vitraaz.ee\/ru\/wp-json\/wp\/v2\/users\/1"}],"replies":[{"embeddable":true,"href":"https:\/\/vitraaz.ee\/ru\/wp-json\/wp\/v2\/comments?post=3681"}],"version-history":[{"count":0,"href":"https:\/\/vitraaz.ee\/ru\/wp-json\/wp\/v2\/pages\/3681\/revisions"}],"wp:attachment":[{"href":"https:\/\/vitraaz.ee\/ru\/wp-json\/wp\/v2\/media?parent=3681"}],"curies":[{"name":"wp","href":"https:\/\/api.w.org\/{rel}","templated":true}]}}