{"id":9176,"date":"2025-09-09T07:13:55","date_gmt":"2025-09-09T07:13:55","guid":{"rendered":"https:\/\/vitraaz.ee\/?post_type=product&#038;p=9176"},"modified":"2025-09-09T07:13:55","modified_gmt":"2025-09-09T07:13:55","slug":"riputatav-vitraaz","status":"publish","type":"product","link":"https:\/\/vitraaz.ee\/fi\/toode\/riputatav-vitraaz\/","title":{"rendered":"Riputatav vitraa\u017e"},"content":{"rendered":"<p>\u00d5rnade siniste \u00f5itega riputatav vitraa\u017e. Vitraa\u017eis on kasutatud lisaks sinisele rohelisi ja roosakat klaasi. Vitraa\u017ei alumisele osale on matistatud suurem lehemotiiv. Armas v\u00e4ike meene v\u00f5i kingitus. Vitraa\u017eil on riputusaasad ja tamiil. Vajadusel saab osta meie e-poest lisaks vitraa\u017ei riputuskonksud.<\/p>\n<p><strong>Vitraa\u017ei m\u00f5\u00f5t: 19&#215;19 cm.\u00a0<\/strong><\/p>\n<p>Kui sind huvitavad just v\u00e4iksemad vitraa\u017eid vaata kindlasti ka teist <a href=\"https:\/\/vitraaz.ee\/toode\/vaike-kinkevitraaz\/\">\u00f5ie motiividega vitraa\u017ei<\/a> ja <a href=\"https:\/\/vitraaz.ee\/toode\/vaike-vitraaz-maastik\/\">maastikku kujutavat v\u00e4ikevitraa\u017ei<\/a>.<\/p>\n<p>Saadame tooted pakiautomaati, pakime need hoole ja armastusega, et teieni j\u00f5uaks kindlasti terve ese.<\/p>\n","protected":false},"excerpt":{"rendered":"<p>\u00d5rnade siniste \u00f5itega riputatav vitraa\u017e. Vitraa\u017eis on kasutatud lisaks sinisele rohelisi ja roosakat klaasi. Vitraa\u017ei alumisele osale on matistatud suurem lehemotiiv. Armas v\u00e4ike meene v\u00f5i kingitus. Vitraa\u017eil on riputusaasad ja tamiil. Vajadusel saab osta meie e-poest lisaks vitraa\u017ei riputuskonksud. Vitraa\u017ei m\u00f5\u00f5t: 19&#215;19 cm.\u00a0 Kui sind huvitavad just v\u00e4iksemad vitraa\u017eid vaata kindlasti ka teist \u00f5ie motiividega [&hellip;]<\/p>\n","protected":false},"featured_media":9181,"template":"","meta":{"_acf_changed":false},"product_brand":[],"product_cat":[47],"product_tag":[],"class_list":{"0":"post-9176","1":"product","2":"type-product","3":"status-publish","4":"has-post-thumbnail","6":"product_cat-vitraazid","8":"first","9":"instock","10":"taxable","11":"shipping-taxable","12":"purchasable","13":"product-type-simple"},"acf":[],"yoast_head":"<!-- This site is optimized with the Yoast SEO plugin v27.3 - https:\/\/yoast.com\/product\/yoast-seo-wordpress\/ -->\n<title>Riputatav vitraa\u017e - Vitraaz.ee<\/title>\n<meta name=\"description\" content=\"See v\u00e4ike riputatav vitraa\u017e on ideaalne meene v\u00f5i kingitus. Tagasihoidlik ja mahedate toonidega aksessuaar sinu kodu aknale.\" \/>\n<meta name=\"robots\" content=\"index, follow, max-snippet:-1, max-image-preview:large, max-video-preview:-1\" \/>\n<link rel=\"canonical\" href=\"https:\/\/vitraaz.ee\/fi\/toode\/riputatav-vitraaz\/\" \/>\n<meta property=\"og:locale\" content=\"fi_FI\" \/>\n<meta property=\"og:type\" content=\"article\" \/>\n<meta property=\"og:title\" content=\"Riputatav vitraa\u017e - Vitraaz.ee\" \/>\n<meta property=\"og:description\" content=\"See v\u00e4ike riputatav vitraa\u017e on ideaalne meene v\u00f5i kingitus. Tagasihoidlik ja mahedate toonidega aksessuaar sinu kodu aknale.\" \/>\n<meta property=\"og:url\" content=\"https:\/\/vitraaz.ee\/fi\/toode\/riputatav-vitraaz\/\" \/>\n<meta property=\"og:site_name\" content=\"Vitraaz.ee\" \/>\n<meta property=\"article:publisher\" content=\"https:\/\/www.facebook.com\/Klaasinterjoor\" \/>\n<meta property=\"og:image\" content=\"https:\/\/vitraaz.ee\/wp-content\/uploads\/2025\/09\/sini2.jpg\" \/>\n\t<meta property=\"og:image:width\" content=\"1175\" \/>\n\t<meta property=\"og:image:height\" content=\"798\" \/>\n\t<meta property=\"og:image:type\" content=\"image\/jpeg\" \/>\n<meta name=\"twitter:card\" content=\"summary_large_image\" \/>\n<meta name=\"twitter:label1\" content=\"Arvioitu lukuaika\" \/>\n\t<meta name=\"twitter:data1\" content=\"1 minuutti\" \/>\n<script type=\"application\/ld+json\" class=\"yoast-schema-graph\">{\"@context\":\"https:\\\/\\\/schema.org\",\"@graph\":[{\"@type\":\"WebPage\",\"@id\":\"https:\\\/\\\/vitraaz.ee\\\/fi\\\/toode\\\/riputatav-vitraaz\\\/\",\"url\":\"https:\\\/\\\/vitraaz.ee\\\/fi\\\/toode\\\/riputatav-vitraaz\\\/\",\"name\":\"Riputatav vitraa\u017e - Vitraaz.ee\",\"isPartOf\":{\"@id\":\"https:\\\/\\\/vitraaz.ee\\\/fi\\\/#website\"},\"primaryImageOfPage\":{\"@id\":\"https:\\\/\\\/vitraaz.ee\\\/fi\\\/toode\\\/riputatav-vitraaz\\\/#primaryimage\"},\"image\":{\"@id\":\"https:\\\/\\\/vitraaz.ee\\\/fi\\\/toode\\\/riputatav-vitraaz\\\/#primaryimage\"},\"thumbnailUrl\":\"https:\\\/\\\/vitraaz.ee\\\/wp-content\\\/uploads\\\/2025\\\/09\\\/sini2.jpg\",\"datePublished\":\"2025-09-09T07:13:55+00:00\",\"description\":\"See v\u00e4ike riputatav vitraa\u017e on ideaalne meene v\u00f5i kingitus. Tagasihoidlik ja mahedate toonidega aksessuaar sinu kodu aknale.\",\"breadcrumb\":{\"@id\":\"https:\\\/\\\/vitraaz.ee\\\/fi\\\/toode\\\/riputatav-vitraaz\\\/#breadcrumb\"},\"inLanguage\":\"fi\",\"potentialAction\":[{\"@type\":\"ReadAction\",\"target\":[\"https:\\\/\\\/vitraaz.ee\\\/fi\\\/toode\\\/riputatav-vitraaz\\\/\"]}]},{\"@type\":\"ImageObject\",\"inLanguage\":\"fi\",\"@id\":\"https:\\\/\\\/vitraaz.ee\\\/fi\\\/toode\\\/riputatav-vitraaz\\\/#primaryimage\",\"url\":\"https:\\\/\\\/vitraaz.ee\\\/wp-content\\\/uploads\\\/2025\\\/09\\\/sini2.jpg\",\"contentUrl\":\"https:\\\/\\\/vitraaz.ee\\\/wp-content\\\/uploads\\\/2025\\\/09\\\/sini2.jpg\",\"width\":1175,\"height\":798,\"caption\":\"Riputatav vitraa\u017e \u00f5itega\"},{\"@type\":\"BreadcrumbList\",\"@id\":\"https:\\\/\\\/vitraaz.ee\\\/fi\\\/toode\\\/riputatav-vitraaz\\\/#breadcrumb\",\"itemListElement\":[{\"@type\":\"ListItem\",\"position\":1,\"name\":\"Home\",\"item\":\"https:\\\/\\\/vitraaz.ee\\\/fi\\\/\"},{\"@type\":\"ListItem\",\"position\":2,\"name\":\"Pood\",\"item\":\"https:\\\/\\\/vitraaz.ee\\\/pood\\\/\"},{\"@type\":\"ListItem\",\"position\":3,\"name\":\"Riputatav vitraa\u017e\"}]},{\"@type\":\"WebSite\",\"@id\":\"https:\\\/\\\/vitraaz.ee\\\/fi\\\/#website\",\"url\":\"https:\\\/\\\/vitraaz.ee\\\/fi\\\/\",\"name\":\"Vitraaz.ee\",\"description\":\"Klaasinterj&ouml;&ouml;r\",\"publisher\":{\"@id\":\"https:\\\/\\\/vitraaz.ee\\\/fi\\\/#organization\"},\"potentialAction\":[{\"@type\":\"SearchAction\",\"target\":{\"@type\":\"EntryPoint\",\"urlTemplate\":\"https:\\\/\\\/vitraaz.ee\\\/fi\\\/?s={search_term_string}\"},\"query-input\":{\"@type\":\"PropertyValueSpecification\",\"valueRequired\":true,\"valueName\":\"search_term_string\"}}],\"inLanguage\":\"fi\"},{\"@type\":\"Organization\",\"@id\":\"https:\\\/\\\/vitraaz.ee\\\/fi\\\/#organization\",\"name\":\"KLAASINTERJ\u00d6\u00d6R O\u00dc\",\"url\":\"https:\\\/\\\/vitraaz.ee\\\/fi\\\/\",\"logo\":{\"@type\":\"ImageObject\",\"inLanguage\":\"fi\",\"@id\":\"https:\\\/\\\/vitraaz.ee\\\/fi\\\/#\\\/schema\\\/logo\\\/image\\\/\",\"url\":\"https:\\\/\\\/vitraaz.ee\\\/wp-content\\\/uploads\\\/2022\\\/09\\\/logoKI.png\",\"contentUrl\":\"https:\\\/\\\/vitraaz.ee\\\/wp-content\\\/uploads\\\/2022\\\/09\\\/logoKI.png\",\"width\":1159,\"height\":458,\"caption\":\"KLAASINTERJ\u00d6\u00d6R O\u00dc\"},\"image\":{\"@id\":\"https:\\\/\\\/vitraaz.ee\\\/fi\\\/#\\\/schema\\\/logo\\\/image\\\/\"},\"sameAs\":[\"https:\\\/\\\/www.facebook.com\\\/Klaasinterjoor\"]}]}<\/script>\n<!-- \/ Yoast SEO plugin. -->","yoast_head_json":{"title":"Riputatav vitraa\u017e - Vitraaz.ee","description":"See v\u00e4ike riputatav vitraa\u017e on ideaalne meene v\u00f5i kingitus. Tagasihoidlik ja mahedate toonidega aksessuaar sinu kodu aknale.","robots":{"index":"index","follow":"follow","max-snippet":"max-snippet:-1","max-image-preview":"max-image-preview:large","max-video-preview":"max-video-preview:-1"},"canonical":"https:\/\/vitraaz.ee\/fi\/toode\/riputatav-vitraaz\/","og_locale":"fi_FI","og_type":"article","og_title":"Riputatav vitraa\u017e - Vitraaz.ee","og_description":"See v\u00e4ike riputatav vitraa\u017e on ideaalne meene v\u00f5i kingitus. Tagasihoidlik ja mahedate toonidega aksessuaar sinu kodu aknale.","og_url":"https:\/\/vitraaz.ee\/fi\/toode\/riputatav-vitraaz\/","og_site_name":"Vitraaz.ee","article_publisher":"https:\/\/www.facebook.com\/Klaasinterjoor","og_image":[{"width":1175,"height":798,"url":"https:\/\/vitraaz.ee\/wp-content\/uploads\/2025\/09\/sini2.jpg","type":"image\/jpeg"}],"twitter_card":"summary_large_image","twitter_misc":{"Arvioitu lukuaika":"1 minuutti"},"schema":{"@context":"https:\/\/schema.org","@graph":[{"@type":"WebPage","@id":"https:\/\/vitraaz.ee\/fi\/toode\/riputatav-vitraaz\/","url":"https:\/\/vitraaz.ee\/fi\/toode\/riputatav-vitraaz\/","name":"Riputatav vitraa\u017e - Vitraaz.ee","isPartOf":{"@id":"https:\/\/vitraaz.ee\/fi\/#website"},"primaryImageOfPage":{"@id":"https:\/\/vitraaz.ee\/fi\/toode\/riputatav-vitraaz\/#primaryimage"},"image":{"@id":"https:\/\/vitraaz.ee\/fi\/toode\/riputatav-vitraaz\/#primaryimage"},"thumbnailUrl":"https:\/\/vitraaz.ee\/wp-content\/uploads\/2025\/09\/sini2.jpg","datePublished":"2025-09-09T07:13:55+00:00","description":"See v\u00e4ike riputatav vitraa\u017e on ideaalne meene v\u00f5i kingitus. Tagasihoidlik ja mahedate toonidega aksessuaar sinu kodu aknale.","breadcrumb":{"@id":"https:\/\/vitraaz.ee\/fi\/toode\/riputatav-vitraaz\/#breadcrumb"},"inLanguage":"fi","potentialAction":[{"@type":"ReadAction","target":["https:\/\/vitraaz.ee\/fi\/toode\/riputatav-vitraaz\/"]}]},{"@type":"ImageObject","inLanguage":"fi","@id":"https:\/\/vitraaz.ee\/fi\/toode\/riputatav-vitraaz\/#primaryimage","url":"https:\/\/vitraaz.ee\/wp-content\/uploads\/2025\/09\/sini2.jpg","contentUrl":"https:\/\/vitraaz.ee\/wp-content\/uploads\/2025\/09\/sini2.jpg","width":1175,"height":798,"caption":"Riputatav vitraa\u017e \u00f5itega"},{"@type":"BreadcrumbList","@id":"https:\/\/vitraaz.ee\/fi\/toode\/riputatav-vitraaz\/#breadcrumb","itemListElement":[{"@type":"ListItem","position":1,"name":"Home","item":"https:\/\/vitraaz.ee\/fi\/"},{"@type":"ListItem","position":2,"name":"Pood","item":"https:\/\/vitraaz.ee\/pood\/"},{"@type":"ListItem","position":3,"name":"Riputatav vitraa\u017e"}]},{"@type":"WebSite","@id":"https:\/\/vitraaz.ee\/fi\/#website","url":"https:\/\/vitraaz.ee\/fi\/","name":"Vitraaz.ee","description":"Klaasinterj&ouml;&ouml;r","publisher":{"@id":"https:\/\/vitraaz.ee\/fi\/#organization"},"potentialAction":[{"@type":"SearchAction","target":{"@type":"EntryPoint","urlTemplate":"https:\/\/vitraaz.ee\/fi\/?s={search_term_string}"},"query-input":{"@type":"PropertyValueSpecification","valueRequired":true,"valueName":"search_term_string"}}],"inLanguage":"fi"},{"@type":"Organization","@id":"https:\/\/vitraaz.ee\/fi\/#organization","name":"KLAASINTERJ\u00d6\u00d6R O\u00dc","url":"https:\/\/vitraaz.ee\/fi\/","logo":{"@type":"ImageObject","inLanguage":"fi","@id":"https:\/\/vitraaz.ee\/fi\/#\/schema\/logo\/image\/","url":"https:\/\/vitraaz.ee\/wp-content\/uploads\/2022\/09\/logoKI.png","contentUrl":"https:\/\/vitraaz.ee\/wp-content\/uploads\/2022\/09\/logoKI.png","width":1159,"height":458,"caption":"KLAASINTERJ\u00d6\u00d6R O\u00dc"},"image":{"@id":"https:\/\/vitraaz.ee\/fi\/#\/schema\/logo\/image\/"},"sameAs":["https:\/\/www.facebook.com\/Klaasinterjoor"]}]}},"_links":{"self":[{"href":"https:\/\/vitraaz.ee\/fi\/wp-json\/wp\/v2\/product\/9176","targetHints":{"allow":["GET"]}}],"collection":[{"href":"https:\/\/vitraaz.ee\/fi\/wp-json\/wp\/v2\/product"}],"about":[{"href":"https:\/\/vitraaz.ee\/fi\/wp-json\/wp\/v2\/types\/product"}],"version-history":[{"count":1,"href":"https:\/\/vitraaz.ee\/fi\/wp-json\/wp\/v2\/product\/9176\/revisions"}],"predecessor-version":[{"id":9189,"href":"https:\/\/vitraaz.ee\/fi\/wp-json\/wp\/v2\/product\/9176\/revisions\/9189"}],"wp:featuredmedia":[{"embeddable":true,"href":"https:\/\/vitraaz.ee\/fi\/wp-json\/wp\/v2\/media\/9181"}],"wp:attachment":[{"href":"https:\/\/vitraaz.ee\/fi\/wp-json\/wp\/v2\/media?parent=9176"}],"wp:term":[{"taxonomy":"product_brand","embeddable":true,"href":"https:\/\/vitraaz.ee\/fi\/wp-json\/wp\/v2\/product_brand?post=9176"},{"taxonomy":"product_cat","embeddable":true,"href":"https:\/\/vitraaz.ee\/fi\/wp-json\/wp\/v2\/product_cat?post=9176"},{"taxonomy":"product_tag","embeddable":true,"href":"https:\/\/vitraaz.ee\/fi\/wp-json\/wp\/v2\/product_tag?post=9176"}],"curies":[{"name":"wp","href":"https:\/\/api.w.org\/{rel}","templated":true}]}}