{"id":9157,"date":"2025-09-08T15:38:20","date_gmt":"2025-09-08T15:38:20","guid":{"rendered":"https:\/\/vitraaz.ee\/?post_type=product&#038;p=9157"},"modified":"2025-12-07T18:33:35","modified_gmt":"2025-12-07T18:33:35","slug":"vaike-vitraaz-aknale","status":"publish","type":"product","link":"https:\/\/vitraaz.ee\/fi\/toode\/vaike-vitraaz-aknale\/","title":{"rendered":"V\u00e4ike vitraa\u017e aknale"},"content":{"rendered":"<p>V\u00e4ike vitraa\u017e aknale kujutab kaht s\u00e4ravpunast marja. Rohelise ja punase kontrasti taustal on kasutatud \u00f5rna helerohelist klaasi, matti klaasi ja j\u00e4\u00e4klaasi. Vitraa\u017ei tina on t\u00f6\u00f6deldud tumedaks. P\u00e4ikesevalguses heidab vitraa\u017e tuppa v\u00e4rvilisi varje, mis toovad iga p\u00e4ev r\u00f5\u00f5mu, vitraa\u017e sobib kingituseks nii s\u00f5brale, emale kui vanaemale.<\/p>\n<p><strong>Vitraa\u017ei m\u00f5\u00f5t: 19,2&#215;19,2cm.\u00a0<\/strong><\/p>\n<p>V\u00e4iksemad tooted saadame pakiautomaadiga. Oleme pakkimisel eriti hoolikat, et teieni j\u00f5uaks terve toode ja muretseda pole vaja.<\/p>\n<p>K\u00f5ik Klaasinterj\u00f6\u00f6ri e-poe vitraa\u017eid on kujundatud ja valmistatud kahe klaasikunstniku poolt, kelleks on Anu Suvi ja Sandra Allemann. Stuudios valmivad lisaks v\u00e4iksematele kingitustele ja kodusisustuselementidele ka suurem\u00f5\u00f5tmelised vitraa\u017eid ustesse ja akendesse ning palju muud.<\/p>\n<p>&nbsp;<\/p>\n<p>&nbsp;<\/p>\n","protected":false},"excerpt":{"rendered":"<p>V\u00e4ike vitraa\u017e aknale kujutab kaht s\u00e4ravpunast marja. Rohelise ja punase kontrasti taustal on kasutatud \u00f5rna helerohelist klaasi, matti klaasi ja j\u00e4\u00e4klaasi. Vitraa\u017ei tina on t\u00f6\u00f6deldud tumedaks. P\u00e4ikesevalguses heidab vitraa\u017e tuppa v\u00e4rvilisi varje, mis toovad iga p\u00e4ev r\u00f5\u00f5mu, vitraa\u017e sobib kingituseks nii s\u00f5brale, emale kui vanaemale. Vitraa\u017ei m\u00f5\u00f5t: 19,2&#215;19,2cm.\u00a0 V\u00e4iksemad tooted saadame pakiautomaadiga. Oleme pakkimisel eriti [&hellip;]<\/p>\n","protected":false},"featured_media":9158,"template":"","meta":{"_acf_changed":false},"product_brand":[],"product_cat":[47],"product_tag":[],"class_list":{"0":"post-9157","1":"product","2":"type-product","3":"status-publish","4":"has-post-thumbnail","6":"product_cat-vitraazid","8":"first","9":"outofstock","10":"taxable","11":"shipping-taxable","12":"purchasable","13":"product-type-simple"},"acf":[],"yoast_head":"<!-- This site is optimized with the Yoast SEO plugin v27.3 - https:\/\/yoast.com\/product\/yoast-seo-wordpress\/ -->\n<title>V\u00e4ike vitraa\u017e aknale - Vitraaz.ee<\/title>\n<meta name=\"description\" content=\"Punaste marjade ja s\u00e4ravroheliste lehtedega v\u00e4ike vitraa\u017e aknale. Aknavitraa\u017eid toovad tuppa s\u00e4ravaid v\u00e4rvilisi varje ja r\u00f5\u00f5mustavad saajat.\" \/>\n<meta name=\"robots\" content=\"index, follow, max-snippet:-1, max-image-preview:large, max-video-preview:-1\" \/>\n<link rel=\"canonical\" href=\"https:\/\/vitraaz.ee\/fi\/toode\/vaike-vitraaz-aknale\/\" \/>\n<meta property=\"og:locale\" content=\"fi_FI\" \/>\n<meta property=\"og:type\" content=\"article\" \/>\n<meta property=\"og:title\" content=\"V\u00e4ike vitraa\u017e aknale - Vitraaz.ee\" \/>\n<meta property=\"og:description\" content=\"Punaste marjade ja s\u00e4ravroheliste lehtedega v\u00e4ike vitraa\u017e aknale. Aknavitraa\u017eid toovad tuppa s\u00e4ravaid v\u00e4rvilisi varje ja r\u00f5\u00f5mustavad saajat.\" \/>\n<meta property=\"og:url\" content=\"https:\/\/vitraaz.ee\/fi\/toode\/vaike-vitraaz-aknale\/\" \/>\n<meta property=\"og:site_name\" content=\"Vitraaz.ee\" \/>\n<meta property=\"article:publisher\" content=\"https:\/\/www.facebook.com\/Klaasinterjoor\" \/>\n<meta property=\"article:modified_time\" content=\"2025-12-07T18:33:35+00:00\" \/>\n<meta property=\"og:image\" content=\"https:\/\/vitraaz.ee\/wp-content\/uploads\/2025\/09\/2marja3.jpg\" \/>\n\t<meta property=\"og:image:width\" content=\"531\" \/>\n\t<meta property=\"og:image:height\" content=\"798\" \/>\n\t<meta property=\"og:image:type\" content=\"image\/jpeg\" \/>\n<meta name=\"twitter:card\" content=\"summary_large_image\" \/>\n<meta name=\"twitter:label1\" content=\"Arvioitu lukuaika\" \/>\n\t<meta name=\"twitter:data1\" content=\"1 minuutti\" \/>\n<script type=\"application\/ld+json\" class=\"yoast-schema-graph\">{\"@context\":\"https:\\\/\\\/schema.org\",\"@graph\":[{\"@type\":\"WebPage\",\"@id\":\"https:\\\/\\\/vitraaz.ee\\\/fi\\\/toode\\\/vaike-vitraaz-aknale\\\/\",\"url\":\"https:\\\/\\\/vitraaz.ee\\\/fi\\\/toode\\\/vaike-vitraaz-aknale\\\/\",\"name\":\"V\u00e4ike vitraa\u017e aknale - Vitraaz.ee\",\"isPartOf\":{\"@id\":\"https:\\\/\\\/vitraaz.ee\\\/fi\\\/#website\"},\"primaryImageOfPage\":{\"@id\":\"https:\\\/\\\/vitraaz.ee\\\/fi\\\/toode\\\/vaike-vitraaz-aknale\\\/#primaryimage\"},\"image\":{\"@id\":\"https:\\\/\\\/vitraaz.ee\\\/fi\\\/toode\\\/vaike-vitraaz-aknale\\\/#primaryimage\"},\"thumbnailUrl\":\"https:\\\/\\\/vitraaz.ee\\\/wp-content\\\/uploads\\\/2025\\\/09\\\/2marja3.jpg\",\"datePublished\":\"2025-09-08T15:38:20+00:00\",\"dateModified\":\"2025-12-07T18:33:35+00:00\",\"description\":\"Punaste marjade ja s\u00e4ravroheliste lehtedega v\u00e4ike vitraa\u017e aknale. Aknavitraa\u017eid toovad tuppa s\u00e4ravaid v\u00e4rvilisi varje ja r\u00f5\u00f5mustavad saajat.\",\"breadcrumb\":{\"@id\":\"https:\\\/\\\/vitraaz.ee\\\/fi\\\/toode\\\/vaike-vitraaz-aknale\\\/#breadcrumb\"},\"inLanguage\":\"fi\",\"potentialAction\":[{\"@type\":\"ReadAction\",\"target\":[\"https:\\\/\\\/vitraaz.ee\\\/fi\\\/toode\\\/vaike-vitraaz-aknale\\\/\"]}]},{\"@type\":\"ImageObject\",\"inLanguage\":\"fi\",\"@id\":\"https:\\\/\\\/vitraaz.ee\\\/fi\\\/toode\\\/vaike-vitraaz-aknale\\\/#primaryimage\",\"url\":\"https:\\\/\\\/vitraaz.ee\\\/wp-content\\\/uploads\\\/2025\\\/09\\\/2marja3.jpg\",\"contentUrl\":\"https:\\\/\\\/vitraaz.ee\\\/wp-content\\\/uploads\\\/2025\\\/09\\\/2marja3.jpg\",\"width\":531,\"height\":798,\"caption\":\"Marjadega vitraa\u017e\"},{\"@type\":\"BreadcrumbList\",\"@id\":\"https:\\\/\\\/vitraaz.ee\\\/fi\\\/toode\\\/vaike-vitraaz-aknale\\\/#breadcrumb\",\"itemListElement\":[{\"@type\":\"ListItem\",\"position\":1,\"name\":\"Home\",\"item\":\"https:\\\/\\\/vitraaz.ee\\\/fi\\\/\"},{\"@type\":\"ListItem\",\"position\":2,\"name\":\"Pood\",\"item\":\"https:\\\/\\\/vitraaz.ee\\\/pood\\\/\"},{\"@type\":\"ListItem\",\"position\":3,\"name\":\"V\u00e4ike vitraa\u017e aknale\"}]},{\"@type\":\"WebSite\",\"@id\":\"https:\\\/\\\/vitraaz.ee\\\/fi\\\/#website\",\"url\":\"https:\\\/\\\/vitraaz.ee\\\/fi\\\/\",\"name\":\"Vitraaz.ee\",\"description\":\"Klaasinterj&ouml;&ouml;r\",\"publisher\":{\"@id\":\"https:\\\/\\\/vitraaz.ee\\\/fi\\\/#organization\"},\"potentialAction\":[{\"@type\":\"SearchAction\",\"target\":{\"@type\":\"EntryPoint\",\"urlTemplate\":\"https:\\\/\\\/vitraaz.ee\\\/fi\\\/?s={search_term_string}\"},\"query-input\":{\"@type\":\"PropertyValueSpecification\",\"valueRequired\":true,\"valueName\":\"search_term_string\"}}],\"inLanguage\":\"fi\"},{\"@type\":\"Organization\",\"@id\":\"https:\\\/\\\/vitraaz.ee\\\/fi\\\/#organization\",\"name\":\"KLAASINTERJ\u00d6\u00d6R O\u00dc\",\"url\":\"https:\\\/\\\/vitraaz.ee\\\/fi\\\/\",\"logo\":{\"@type\":\"ImageObject\",\"inLanguage\":\"fi\",\"@id\":\"https:\\\/\\\/vitraaz.ee\\\/fi\\\/#\\\/schema\\\/logo\\\/image\\\/\",\"url\":\"https:\\\/\\\/vitraaz.ee\\\/wp-content\\\/uploads\\\/2022\\\/09\\\/logoKI.png\",\"contentUrl\":\"https:\\\/\\\/vitraaz.ee\\\/wp-content\\\/uploads\\\/2022\\\/09\\\/logoKI.png\",\"width\":1159,\"height\":458,\"caption\":\"KLAASINTERJ\u00d6\u00d6R O\u00dc\"},\"image\":{\"@id\":\"https:\\\/\\\/vitraaz.ee\\\/fi\\\/#\\\/schema\\\/logo\\\/image\\\/\"},\"sameAs\":[\"https:\\\/\\\/www.facebook.com\\\/Klaasinterjoor\"]}]}<\/script>\n<!-- \/ Yoast SEO plugin. -->","yoast_head_json":{"title":"V\u00e4ike vitraa\u017e aknale - Vitraaz.ee","description":"Punaste marjade ja s\u00e4ravroheliste lehtedega v\u00e4ike vitraa\u017e aknale. Aknavitraa\u017eid toovad tuppa s\u00e4ravaid v\u00e4rvilisi varje ja r\u00f5\u00f5mustavad saajat.","robots":{"index":"index","follow":"follow","max-snippet":"max-snippet:-1","max-image-preview":"max-image-preview:large","max-video-preview":"max-video-preview:-1"},"canonical":"https:\/\/vitraaz.ee\/fi\/toode\/vaike-vitraaz-aknale\/","og_locale":"fi_FI","og_type":"article","og_title":"V\u00e4ike vitraa\u017e aknale - Vitraaz.ee","og_description":"Punaste marjade ja s\u00e4ravroheliste lehtedega v\u00e4ike vitraa\u017e aknale. Aknavitraa\u017eid toovad tuppa s\u00e4ravaid v\u00e4rvilisi varje ja r\u00f5\u00f5mustavad saajat.","og_url":"https:\/\/vitraaz.ee\/fi\/toode\/vaike-vitraaz-aknale\/","og_site_name":"Vitraaz.ee","article_publisher":"https:\/\/www.facebook.com\/Klaasinterjoor","article_modified_time":"2025-12-07T18:33:35+00:00","og_image":[{"width":531,"height":798,"url":"https:\/\/vitraaz.ee\/wp-content\/uploads\/2025\/09\/2marja3.jpg","type":"image\/jpeg"}],"twitter_card":"summary_large_image","twitter_misc":{"Arvioitu lukuaika":"1 minuutti"},"schema":{"@context":"https:\/\/schema.org","@graph":[{"@type":"WebPage","@id":"https:\/\/vitraaz.ee\/fi\/toode\/vaike-vitraaz-aknale\/","url":"https:\/\/vitraaz.ee\/fi\/toode\/vaike-vitraaz-aknale\/","name":"V\u00e4ike vitraa\u017e aknale - Vitraaz.ee","isPartOf":{"@id":"https:\/\/vitraaz.ee\/fi\/#website"},"primaryImageOfPage":{"@id":"https:\/\/vitraaz.ee\/fi\/toode\/vaike-vitraaz-aknale\/#primaryimage"},"image":{"@id":"https:\/\/vitraaz.ee\/fi\/toode\/vaike-vitraaz-aknale\/#primaryimage"},"thumbnailUrl":"https:\/\/vitraaz.ee\/wp-content\/uploads\/2025\/09\/2marja3.jpg","datePublished":"2025-09-08T15:38:20+00:00","dateModified":"2025-12-07T18:33:35+00:00","description":"Punaste marjade ja s\u00e4ravroheliste lehtedega v\u00e4ike vitraa\u017e aknale. Aknavitraa\u017eid toovad tuppa s\u00e4ravaid v\u00e4rvilisi varje ja r\u00f5\u00f5mustavad saajat.","breadcrumb":{"@id":"https:\/\/vitraaz.ee\/fi\/toode\/vaike-vitraaz-aknale\/#breadcrumb"},"inLanguage":"fi","potentialAction":[{"@type":"ReadAction","target":["https:\/\/vitraaz.ee\/fi\/toode\/vaike-vitraaz-aknale\/"]}]},{"@type":"ImageObject","inLanguage":"fi","@id":"https:\/\/vitraaz.ee\/fi\/toode\/vaike-vitraaz-aknale\/#primaryimage","url":"https:\/\/vitraaz.ee\/wp-content\/uploads\/2025\/09\/2marja3.jpg","contentUrl":"https:\/\/vitraaz.ee\/wp-content\/uploads\/2025\/09\/2marja3.jpg","width":531,"height":798,"caption":"Marjadega vitraa\u017e"},{"@type":"BreadcrumbList","@id":"https:\/\/vitraaz.ee\/fi\/toode\/vaike-vitraaz-aknale\/#breadcrumb","itemListElement":[{"@type":"ListItem","position":1,"name":"Home","item":"https:\/\/vitraaz.ee\/fi\/"},{"@type":"ListItem","position":2,"name":"Pood","item":"https:\/\/vitraaz.ee\/pood\/"},{"@type":"ListItem","position":3,"name":"V\u00e4ike vitraa\u017e aknale"}]},{"@type":"WebSite","@id":"https:\/\/vitraaz.ee\/fi\/#website","url":"https:\/\/vitraaz.ee\/fi\/","name":"Vitraaz.ee","description":"Klaasinterj&ouml;&ouml;r","publisher":{"@id":"https:\/\/vitraaz.ee\/fi\/#organization"},"potentialAction":[{"@type":"SearchAction","target":{"@type":"EntryPoint","urlTemplate":"https:\/\/vitraaz.ee\/fi\/?s={search_term_string}"},"query-input":{"@type":"PropertyValueSpecification","valueRequired":true,"valueName":"search_term_string"}}],"inLanguage":"fi"},{"@type":"Organization","@id":"https:\/\/vitraaz.ee\/fi\/#organization","name":"KLAASINTERJ\u00d6\u00d6R O\u00dc","url":"https:\/\/vitraaz.ee\/fi\/","logo":{"@type":"ImageObject","inLanguage":"fi","@id":"https:\/\/vitraaz.ee\/fi\/#\/schema\/logo\/image\/","url":"https:\/\/vitraaz.ee\/wp-content\/uploads\/2022\/09\/logoKI.png","contentUrl":"https:\/\/vitraaz.ee\/wp-content\/uploads\/2022\/09\/logoKI.png","width":1159,"height":458,"caption":"KLAASINTERJ\u00d6\u00d6R O\u00dc"},"image":{"@id":"https:\/\/vitraaz.ee\/fi\/#\/schema\/logo\/image\/"},"sameAs":["https:\/\/www.facebook.com\/Klaasinterjoor"]}]}},"_links":{"self":[{"href":"https:\/\/vitraaz.ee\/fi\/wp-json\/wp\/v2\/product\/9157","targetHints":{"allow":["GET"]}}],"collection":[{"href":"https:\/\/vitraaz.ee\/fi\/wp-json\/wp\/v2\/product"}],"about":[{"href":"https:\/\/vitraaz.ee\/fi\/wp-json\/wp\/v2\/types\/product"}],"version-history":[{"count":2,"href":"https:\/\/vitraaz.ee\/fi\/wp-json\/wp\/v2\/product\/9157\/revisions"}],"predecessor-version":[{"id":9175,"href":"https:\/\/vitraaz.ee\/fi\/wp-json\/wp\/v2\/product\/9157\/revisions\/9175"}],"wp:featuredmedia":[{"embeddable":true,"href":"https:\/\/vitraaz.ee\/fi\/wp-json\/wp\/v2\/media\/9158"}],"wp:attachment":[{"href":"https:\/\/vitraaz.ee\/fi\/wp-json\/wp\/v2\/media?parent=9157"}],"wp:term":[{"taxonomy":"product_brand","embeddable":true,"href":"https:\/\/vitraaz.ee\/fi\/wp-json\/wp\/v2\/product_brand?post=9157"},{"taxonomy":"product_cat","embeddable":true,"href":"https:\/\/vitraaz.ee\/fi\/wp-json\/wp\/v2\/product_cat?post=9157"},{"taxonomy":"product_tag","embeddable":true,"href":"https:\/\/vitraaz.ee\/fi\/wp-json\/wp\/v2\/product_tag?post=9157"}],"curies":[{"name":"wp","href":"https:\/\/api.w.org\/{rel}","templated":true}]}}