{"id":9141,"date":"2025-09-08T15:04:30","date_gmt":"2025-09-08T15:04:30","guid":{"rendered":"https:\/\/vitraaz.ee\/?post_type=product&#038;p=9141"},"modified":"2025-09-09T06:56:40","modified_gmt":"2025-09-09T06:56:40","slug":"ummargune-vitraaz-aknale","status":"publish","type":"product","link":"https:\/\/vitraaz.ee\/fi\/toode\/ummargune-vitraaz-aknale\/","title":{"rendered":"\u00dcmmargune vitraa\u017e aknale"},"content":{"rendered":"<p>\u00dcmmargune vitraa\u017e aknale soojades kollastes toonides. Vitraa\u017e kujutab \u00f5it, mis on just puhkemas. Vitraa\u017eis on kasutatud lihvitud servaga klaaskristalli, mis p\u00e4ikesevalguses kaunilt helkleb. Vitraa\u017e on joodetud metallist r\u00f5nga sisse ning sellel on pronksi tooniga riputuskett. Riputatavad vitraa\u017eid elavdavad t\u00fchje aknaid ja toovad koju igap\u00e4evast r\u00f5\u00f5mu ning v\u00e4rvide m\u00e4ngu. See vitraa\u017e sobib edukalt ka seinadekoratsiooniks.<\/p>\n<p>Vitraa\u017e on valmisatud tiffany-tehnikas, mis t\u00e4hendab et k\u00e4ik t\u00fckid vitraa\u017eis on \u00fcmbritsetud vaskfooliumiga ning seej\u00e4rel kokku joodetud. Tinajooned on toonitud pronksi patinaga.<\/p>\n<p><strong>Vitraa\u017ei diameeter: 23 cm.\u00a0<\/strong><\/p>\n<p>Pakiautomaati tellimisel pakendame oma vitraa\u017eid hoolega, et need kannatada ei saaks. Soovi korral saab k\u00fclastada ka Klaasinterj\u00f6\u00f6ri stuudiot, kus k\u00f5ik e-poes olevad vitraa\u017eid on kohe saadaval. Oleme avatud E-R 9.00-17.00. Saate meiega \u00fchendust v\u00f5tta telefoni v\u00f5i e-posti teel.<\/p>\n<p>Lisaks vitraa\u017eidele leiate meie e-poest veel mitmesuguseid teisi tooteid nt sulatatud klaasist vaagnad, kausid, ehted, auhinnad jms.<\/p>\n","protected":false},"excerpt":{"rendered":"<p>\u00dcmmargune vitraa\u017e aknale soojades kollastes toonides. Vitraa\u017e kujutab \u00f5it, mis on just puhkemas. Vitraa\u017eis on kasutatud lihvitud servaga klaaskristalli, mis p\u00e4ikesevalguses kaunilt helkleb. Vitraa\u017e on joodetud metallist r\u00f5nga sisse ning sellel on pronksi tooniga riputuskett. Riputatavad vitraa\u017eid elavdavad t\u00fchje aknaid ja toovad koju igap\u00e4evast r\u00f5\u00f5mu ning v\u00e4rvide m\u00e4ngu. See vitraa\u017e sobib edukalt ka seinadekoratsiooniks. Vitraa\u017e [&hellip;]<\/p>\n","protected":false},"featured_media":9142,"template":"","meta":{"_acf_changed":false},"product_brand":[],"product_cat":[47],"product_tag":[],"class_list":{"0":"post-9141","1":"product","2":"type-product","3":"status-publish","4":"has-post-thumbnail","6":"product_cat-vitraazid","8":"first","9":"instock","10":"taxable","11":"shipping-taxable","12":"purchasable","13":"product-type-simple"},"acf":[],"yoast_head":"<!-- This site is optimized with the Yoast SEO plugin v27.3 - https:\/\/yoast.com\/product\/yoast-seo-wordpress\/ -->\n<title>\u00dcmmargune vitraa\u017e aknale - Vitraaz.ee<\/title>\n<meta name=\"description\" content=\"Kui otsite kodu aknale p\u00f5nevat aktsenti sobib selleks \u00fcmmargune vitraa\u017e aknale. Vitraa\u017ei saab riputada keti abil. Hea idee ka kingituseks.\" \/>\n<meta name=\"robots\" content=\"index, follow, max-snippet:-1, max-image-preview:large, max-video-preview:-1\" \/>\n<link rel=\"canonical\" href=\"https:\/\/vitraaz.ee\/fi\/toode\/ummargune-vitraaz-aknale\/\" \/>\n<meta property=\"og:locale\" content=\"fi_FI\" \/>\n<meta property=\"og:type\" content=\"article\" \/>\n<meta property=\"og:title\" content=\"\u00dcmmargune vitraa\u017e aknale - Vitraaz.ee\" \/>\n<meta property=\"og:description\" content=\"Kui otsite kodu aknale p\u00f5nevat aktsenti sobib selleks \u00fcmmargune vitraa\u017e aknale. Vitraa\u017ei saab riputada keti abil. Hea idee ka kingituseks.\" \/>\n<meta property=\"og:url\" content=\"https:\/\/vitraaz.ee\/fi\/toode\/ummargune-vitraaz-aknale\/\" \/>\n<meta property=\"og:site_name\" content=\"Vitraaz.ee\" \/>\n<meta property=\"article:publisher\" content=\"https:\/\/www.facebook.com\/Klaasinterjoor\" \/>\n<meta property=\"article:modified_time\" content=\"2025-09-09T06:56:40+00:00\" \/>\n<meta property=\"og:image\" content=\"https:\/\/vitraaz.ee\/wp-content\/uploads\/2025\/09\/ring2.jpg\" \/>\n\t<meta property=\"og:image:width\" content=\"556\" \/>\n\t<meta property=\"og:image:height\" content=\"798\" \/>\n\t<meta property=\"og:image:type\" content=\"image\/jpeg\" \/>\n<meta name=\"twitter:card\" content=\"summary_large_image\" \/>\n<meta name=\"twitter:label1\" content=\"Arvioitu lukuaika\" \/>\n\t<meta name=\"twitter:data1\" content=\"1 minuutti\" \/>\n<script type=\"application\/ld+json\" class=\"yoast-schema-graph\">{\"@context\":\"https:\\\/\\\/schema.org\",\"@graph\":[{\"@type\":\"WebPage\",\"@id\":\"https:\\\/\\\/vitraaz.ee\\\/fi\\\/toode\\\/ummargune-vitraaz-aknale\\\/\",\"url\":\"https:\\\/\\\/vitraaz.ee\\\/fi\\\/toode\\\/ummargune-vitraaz-aknale\\\/\",\"name\":\"\u00dcmmargune vitraa\u017e aknale - Vitraaz.ee\",\"isPartOf\":{\"@id\":\"https:\\\/\\\/vitraaz.ee\\\/fi\\\/#website\"},\"primaryImageOfPage\":{\"@id\":\"https:\\\/\\\/vitraaz.ee\\\/fi\\\/toode\\\/ummargune-vitraaz-aknale\\\/#primaryimage\"},\"image\":{\"@id\":\"https:\\\/\\\/vitraaz.ee\\\/fi\\\/toode\\\/ummargune-vitraaz-aknale\\\/#primaryimage\"},\"thumbnailUrl\":\"https:\\\/\\\/vitraaz.ee\\\/wp-content\\\/uploads\\\/2025\\\/09\\\/ring2.jpg\",\"datePublished\":\"2025-09-08T15:04:30+00:00\",\"dateModified\":\"2025-09-09T06:56:40+00:00\",\"description\":\"Kui otsite kodu aknale p\u00f5nevat aktsenti sobib selleks \u00fcmmargune vitraa\u017e aknale. Vitraa\u017ei saab riputada keti abil. Hea idee ka kingituseks.\",\"breadcrumb\":{\"@id\":\"https:\\\/\\\/vitraaz.ee\\\/fi\\\/toode\\\/ummargune-vitraaz-aknale\\\/#breadcrumb\"},\"inLanguage\":\"fi\",\"potentialAction\":[{\"@type\":\"ReadAction\",\"target\":[\"https:\\\/\\\/vitraaz.ee\\\/fi\\\/toode\\\/ummargune-vitraaz-aknale\\\/\"]}]},{\"@type\":\"ImageObject\",\"inLanguage\":\"fi\",\"@id\":\"https:\\\/\\\/vitraaz.ee\\\/fi\\\/toode\\\/ummargune-vitraaz-aknale\\\/#primaryimage\",\"url\":\"https:\\\/\\\/vitraaz.ee\\\/wp-content\\\/uploads\\\/2025\\\/09\\\/ring2.jpg\",\"contentUrl\":\"https:\\\/\\\/vitraaz.ee\\\/wp-content\\\/uploads\\\/2025\\\/09\\\/ring2.jpg\",\"width\":556,\"height\":798,\"caption\":\"vitraa\u017e aknale\"},{\"@type\":\"BreadcrumbList\",\"@id\":\"https:\\\/\\\/vitraaz.ee\\\/fi\\\/toode\\\/ummargune-vitraaz-aknale\\\/#breadcrumb\",\"itemListElement\":[{\"@type\":\"ListItem\",\"position\":1,\"name\":\"Home\",\"item\":\"https:\\\/\\\/vitraaz.ee\\\/fi\\\/\"},{\"@type\":\"ListItem\",\"position\":2,\"name\":\"Pood\",\"item\":\"https:\\\/\\\/vitraaz.ee\\\/pood\\\/\"},{\"@type\":\"ListItem\",\"position\":3,\"name\":\"\u00dcmmargune vitraa\u017e aknale\"}]},{\"@type\":\"WebSite\",\"@id\":\"https:\\\/\\\/vitraaz.ee\\\/fi\\\/#website\",\"url\":\"https:\\\/\\\/vitraaz.ee\\\/fi\\\/\",\"name\":\"Vitraaz.ee\",\"description\":\"Klaasinterj&ouml;&ouml;r\",\"publisher\":{\"@id\":\"https:\\\/\\\/vitraaz.ee\\\/fi\\\/#organization\"},\"potentialAction\":[{\"@type\":\"SearchAction\",\"target\":{\"@type\":\"EntryPoint\",\"urlTemplate\":\"https:\\\/\\\/vitraaz.ee\\\/fi\\\/?s={search_term_string}\"},\"query-input\":{\"@type\":\"PropertyValueSpecification\",\"valueRequired\":true,\"valueName\":\"search_term_string\"}}],\"inLanguage\":\"fi\"},{\"@type\":\"Organization\",\"@id\":\"https:\\\/\\\/vitraaz.ee\\\/fi\\\/#organization\",\"name\":\"KLAASINTERJ\u00d6\u00d6R O\u00dc\",\"url\":\"https:\\\/\\\/vitraaz.ee\\\/fi\\\/\",\"logo\":{\"@type\":\"ImageObject\",\"inLanguage\":\"fi\",\"@id\":\"https:\\\/\\\/vitraaz.ee\\\/fi\\\/#\\\/schema\\\/logo\\\/image\\\/\",\"url\":\"https:\\\/\\\/vitraaz.ee\\\/wp-content\\\/uploads\\\/2022\\\/09\\\/logoKI.png\",\"contentUrl\":\"https:\\\/\\\/vitraaz.ee\\\/wp-content\\\/uploads\\\/2022\\\/09\\\/logoKI.png\",\"width\":1159,\"height\":458,\"caption\":\"KLAASINTERJ\u00d6\u00d6R O\u00dc\"},\"image\":{\"@id\":\"https:\\\/\\\/vitraaz.ee\\\/fi\\\/#\\\/schema\\\/logo\\\/image\\\/\"},\"sameAs\":[\"https:\\\/\\\/www.facebook.com\\\/Klaasinterjoor\"]}]}<\/script>\n<!-- \/ Yoast SEO plugin. -->","yoast_head_json":{"title":"\u00dcmmargune vitraa\u017e aknale - Vitraaz.ee","description":"Kui otsite kodu aknale p\u00f5nevat aktsenti sobib selleks \u00fcmmargune vitraa\u017e aknale. Vitraa\u017ei saab riputada keti abil. Hea idee ka kingituseks.","robots":{"index":"index","follow":"follow","max-snippet":"max-snippet:-1","max-image-preview":"max-image-preview:large","max-video-preview":"max-video-preview:-1"},"canonical":"https:\/\/vitraaz.ee\/fi\/toode\/ummargune-vitraaz-aknale\/","og_locale":"fi_FI","og_type":"article","og_title":"\u00dcmmargune vitraa\u017e aknale - Vitraaz.ee","og_description":"Kui otsite kodu aknale p\u00f5nevat aktsenti sobib selleks \u00fcmmargune vitraa\u017e aknale. Vitraa\u017ei saab riputada keti abil. Hea idee ka kingituseks.","og_url":"https:\/\/vitraaz.ee\/fi\/toode\/ummargune-vitraaz-aknale\/","og_site_name":"Vitraaz.ee","article_publisher":"https:\/\/www.facebook.com\/Klaasinterjoor","article_modified_time":"2025-09-09T06:56:40+00:00","og_image":[{"width":556,"height":798,"url":"https:\/\/vitraaz.ee\/wp-content\/uploads\/2025\/09\/ring2.jpg","type":"image\/jpeg"}],"twitter_card":"summary_large_image","twitter_misc":{"Arvioitu lukuaika":"1 minuutti"},"schema":{"@context":"https:\/\/schema.org","@graph":[{"@type":"WebPage","@id":"https:\/\/vitraaz.ee\/fi\/toode\/ummargune-vitraaz-aknale\/","url":"https:\/\/vitraaz.ee\/fi\/toode\/ummargune-vitraaz-aknale\/","name":"\u00dcmmargune vitraa\u017e aknale - Vitraaz.ee","isPartOf":{"@id":"https:\/\/vitraaz.ee\/fi\/#website"},"primaryImageOfPage":{"@id":"https:\/\/vitraaz.ee\/fi\/toode\/ummargune-vitraaz-aknale\/#primaryimage"},"image":{"@id":"https:\/\/vitraaz.ee\/fi\/toode\/ummargune-vitraaz-aknale\/#primaryimage"},"thumbnailUrl":"https:\/\/vitraaz.ee\/wp-content\/uploads\/2025\/09\/ring2.jpg","datePublished":"2025-09-08T15:04:30+00:00","dateModified":"2025-09-09T06:56:40+00:00","description":"Kui otsite kodu aknale p\u00f5nevat aktsenti sobib selleks \u00fcmmargune vitraa\u017e aknale. Vitraa\u017ei saab riputada keti abil. Hea idee ka kingituseks.","breadcrumb":{"@id":"https:\/\/vitraaz.ee\/fi\/toode\/ummargune-vitraaz-aknale\/#breadcrumb"},"inLanguage":"fi","potentialAction":[{"@type":"ReadAction","target":["https:\/\/vitraaz.ee\/fi\/toode\/ummargune-vitraaz-aknale\/"]}]},{"@type":"ImageObject","inLanguage":"fi","@id":"https:\/\/vitraaz.ee\/fi\/toode\/ummargune-vitraaz-aknale\/#primaryimage","url":"https:\/\/vitraaz.ee\/wp-content\/uploads\/2025\/09\/ring2.jpg","contentUrl":"https:\/\/vitraaz.ee\/wp-content\/uploads\/2025\/09\/ring2.jpg","width":556,"height":798,"caption":"vitraa\u017e aknale"},{"@type":"BreadcrumbList","@id":"https:\/\/vitraaz.ee\/fi\/toode\/ummargune-vitraaz-aknale\/#breadcrumb","itemListElement":[{"@type":"ListItem","position":1,"name":"Home","item":"https:\/\/vitraaz.ee\/fi\/"},{"@type":"ListItem","position":2,"name":"Pood","item":"https:\/\/vitraaz.ee\/pood\/"},{"@type":"ListItem","position":3,"name":"\u00dcmmargune vitraa\u017e aknale"}]},{"@type":"WebSite","@id":"https:\/\/vitraaz.ee\/fi\/#website","url":"https:\/\/vitraaz.ee\/fi\/","name":"Vitraaz.ee","description":"Klaasinterj&ouml;&ouml;r","publisher":{"@id":"https:\/\/vitraaz.ee\/fi\/#organization"},"potentialAction":[{"@type":"SearchAction","target":{"@type":"EntryPoint","urlTemplate":"https:\/\/vitraaz.ee\/fi\/?s={search_term_string}"},"query-input":{"@type":"PropertyValueSpecification","valueRequired":true,"valueName":"search_term_string"}}],"inLanguage":"fi"},{"@type":"Organization","@id":"https:\/\/vitraaz.ee\/fi\/#organization","name":"KLAASINTERJ\u00d6\u00d6R O\u00dc","url":"https:\/\/vitraaz.ee\/fi\/","logo":{"@type":"ImageObject","inLanguage":"fi","@id":"https:\/\/vitraaz.ee\/fi\/#\/schema\/logo\/image\/","url":"https:\/\/vitraaz.ee\/wp-content\/uploads\/2022\/09\/logoKI.png","contentUrl":"https:\/\/vitraaz.ee\/wp-content\/uploads\/2022\/09\/logoKI.png","width":1159,"height":458,"caption":"KLAASINTERJ\u00d6\u00d6R O\u00dc"},"image":{"@id":"https:\/\/vitraaz.ee\/fi\/#\/schema\/logo\/image\/"},"sameAs":["https:\/\/www.facebook.com\/Klaasinterjoor"]}]}},"_links":{"self":[{"href":"https:\/\/vitraaz.ee\/fi\/wp-json\/wp\/v2\/product\/9141","targetHints":{"allow":["GET"]}}],"collection":[{"href":"https:\/\/vitraaz.ee\/fi\/wp-json\/wp\/v2\/product"}],"about":[{"href":"https:\/\/vitraaz.ee\/fi\/wp-json\/wp\/v2\/types\/product"}],"version-history":[{"count":3,"href":"https:\/\/vitraaz.ee\/fi\/wp-json\/wp\/v2\/product\/9141\/revisions"}],"predecessor-version":[{"id":9174,"href":"https:\/\/vitraaz.ee\/fi\/wp-json\/wp\/v2\/product\/9141\/revisions\/9174"}],"wp:featuredmedia":[{"embeddable":true,"href":"https:\/\/vitraaz.ee\/fi\/wp-json\/wp\/v2\/media\/9142"}],"wp:attachment":[{"href":"https:\/\/vitraaz.ee\/fi\/wp-json\/wp\/v2\/media?parent=9141"}],"wp:term":[{"taxonomy":"product_brand","embeddable":true,"href":"https:\/\/vitraaz.ee\/fi\/wp-json\/wp\/v2\/product_brand?post=9141"},{"taxonomy":"product_cat","embeddable":true,"href":"https:\/\/vitraaz.ee\/fi\/wp-json\/wp\/v2\/product_cat?post=9141"},{"taxonomy":"product_tag","embeddable":true,"href":"https:\/\/vitraaz.ee\/fi\/wp-json\/wp\/v2\/product_tag?post=9141"}],"curies":[{"name":"wp","href":"https:\/\/api.w.org\/{rel}","templated":true}]}}