{"id":9122,"date":"2025-09-08T13:15:20","date_gmt":"2025-09-08T13:15:20","guid":{"rendered":"https:\/\/vitraaz.ee\/?post_type=product&#038;p=9122"},"modified":"2026-03-20T19:10:43","modified_gmt":"2026-03-20T19:10:43","slug":"aknale-riputatav-vitraaz-tarkab","status":"publish","type":"product","link":"https:\/\/vitraaz.ee\/fi\/toode\/aknale-riputatav-vitraaz-tarkab\/","title":{"rendered":"Aknale riputatav vitraa\u017e T\u00e4rkab"},"content":{"rendered":"<p>Aknale riputatav vitraa\u017e T\u00e4rkab on justkui pilt kevadest, mil sirguvad \u00f5ied ja lehed ning k\u00f5ik muutub roheliseks ja vohavaks. Selles vitraa\u017eis on kasutatud v\u00e4ga erinevaid klaasikunsti tehnikaid, mis muudab vitraa\u017ei p\u00f5nevaks ja mitmek\u00fclgseks. Sinaka tooniga \u00f5iemotiivid on valminud sulatusahjus. Rohelised mummulised lehed on samuti saanud oma struktuurse pinna sulatuse teel. Taustal v\u00e4\u00e4nlevad v\u00e4\u00e4did on matistatud klaasile liivapritsi abil. Erinevad\u00a0 struktuurid ja pinnad annavad vitraa\u017eile mitmek\u00fclgsust ja elu.<\/p>\n<p><strong>Vitraa\u017ei suurus: 16,5&#215;46,5cm.\u00a0<\/strong><\/p>\n<p>Klaasinterj\u00f6\u00f6ri stuudios valmistatud vitraa\u017eid sobivad suurep\u00e4raselt kingituseks. Kunstnike poolt kavandatud ja valmistatud tiffany-tehnikas vitraa\u017eid on kerge ja voolava joonega. Vitraa\u017eidele saab lisada graveeringuid. Selleks v\u00f5ta meiega \u00fchendust info@vitraaz.ee.<\/p>\n<p>Pakendame sinu tellimuse v\u00e4ga hoolikalt, et seda oleks v\u00f5imalik saata mugavalt pakiautomaati.<\/p>\n<p>&nbsp;<\/p>\n","protected":false},"excerpt":{"rendered":"<p>Aknale riputatav vitraa\u017e T\u00e4rkab on justkui pilt kevadest, mil sirguvad \u00f5ied ja lehed ning k\u00f5ik muutub roheliseks ja vohavaks. Selles vitraa\u017eis on kasutatud v\u00e4ga erinevaid klaasikunsti tehnikaid, mis muudab vitraa\u017ei p\u00f5nevaks ja mitmek\u00fclgseks. Sinaka tooniga \u00f5iemotiivid on valminud sulatusahjus. Rohelised mummulised lehed on samuti saanud oma struktuurse pinna sulatuse teel. Taustal v\u00e4\u00e4nlevad v\u00e4\u00e4did on matistatud [&hellip;]<\/p>\n","protected":false},"featured_media":9123,"template":"","meta":{"_acf_changed":false},"product_brand":[],"product_cat":[47],"product_tag":[],"class_list":{"0":"post-9122","1":"product","2":"type-product","3":"status-publish","4":"has-post-thumbnail","6":"product_cat-vitraazid","8":"first","9":"onbackorder","10":"taxable","11":"shipping-taxable","12":"purchasable","13":"product-type-simple"},"acf":[],"yoast_head":"<!-- This site is optimized with the Yoast SEO plugin v27.3 - https:\/\/yoast.com\/product\/yoast-seo-wordpress\/ -->\n<title>Aknale riputatav vitraa\u017e T\u00e4rkab - Vitraaz.ee<\/title>\n<meta name=\"description\" content=\"Aknale riputatav vitraa\u017e T\u00e4rkab on v\u00e4rskes ja kevadises v\u00e4rvigammas. Vitraa\u017eis on kasutatud v\u00e4\u00e4di mustrit ja p\u00f5nevaid sulatatud detaile.\" \/>\n<meta name=\"robots\" content=\"index, follow, max-snippet:-1, max-image-preview:large, max-video-preview:-1\" \/>\n<link rel=\"canonical\" href=\"https:\/\/vitraaz.ee\/fi\/toode\/aknale-riputatav-vitraaz-tarkab\/\" \/>\n<meta property=\"og:locale\" content=\"fi_FI\" \/>\n<meta property=\"og:type\" content=\"article\" \/>\n<meta property=\"og:title\" content=\"Aknale riputatav vitraa\u017e T\u00e4rkab - Vitraaz.ee\" \/>\n<meta property=\"og:description\" content=\"Aknale riputatav vitraa\u017e T\u00e4rkab on v\u00e4rskes ja kevadises v\u00e4rvigammas. Vitraa\u017eis on kasutatud v\u00e4\u00e4di mustrit ja p\u00f5nevaid sulatatud detaile.\" \/>\n<meta property=\"og:url\" content=\"https:\/\/vitraaz.ee\/fi\/toode\/aknale-riputatav-vitraaz-tarkab\/\" \/>\n<meta property=\"og:site_name\" content=\"Vitraaz.ee\" \/>\n<meta property=\"article:publisher\" content=\"https:\/\/www.facebook.com\/Klaasinterjoor\" \/>\n<meta property=\"article:modified_time\" content=\"2026-03-20T19:10:43+00:00\" \/>\n<meta property=\"og:image\" content=\"https:\/\/vitraaz.ee\/wp-content\/uploads\/2025\/09\/kasvab2.jpg\" \/>\n\t<meta property=\"og:image:width\" content=\"534\" \/>\n\t<meta property=\"og:image:height\" content=\"798\" \/>\n\t<meta property=\"og:image:type\" content=\"image\/jpeg\" \/>\n<meta name=\"twitter:card\" content=\"summary_large_image\" \/>\n<meta name=\"twitter:label1\" content=\"Arvioitu lukuaika\" \/>\n\t<meta name=\"twitter:data1\" content=\"1 minuutti\" \/>\n<script type=\"application\/ld+json\" class=\"yoast-schema-graph\">{\"@context\":\"https:\\\/\\\/schema.org\",\"@graph\":[{\"@type\":\"WebPage\",\"@id\":\"https:\\\/\\\/vitraaz.ee\\\/fi\\\/toode\\\/aknale-riputatav-vitraaz-tarkab\\\/\",\"url\":\"https:\\\/\\\/vitraaz.ee\\\/fi\\\/toode\\\/aknale-riputatav-vitraaz-tarkab\\\/\",\"name\":\"Aknale riputatav vitraa\u017e T\u00e4rkab - Vitraaz.ee\",\"isPartOf\":{\"@id\":\"https:\\\/\\\/vitraaz.ee\\\/fi\\\/#website\"},\"primaryImageOfPage\":{\"@id\":\"https:\\\/\\\/vitraaz.ee\\\/fi\\\/toode\\\/aknale-riputatav-vitraaz-tarkab\\\/#primaryimage\"},\"image\":{\"@id\":\"https:\\\/\\\/vitraaz.ee\\\/fi\\\/toode\\\/aknale-riputatav-vitraaz-tarkab\\\/#primaryimage\"},\"thumbnailUrl\":\"https:\\\/\\\/vitraaz.ee\\\/wp-content\\\/uploads\\\/2025\\\/09\\\/kasvab2.jpg\",\"datePublished\":\"2025-09-08T13:15:20+00:00\",\"dateModified\":\"2026-03-20T19:10:43+00:00\",\"description\":\"Aknale riputatav vitraa\u017e T\u00e4rkab on v\u00e4rskes ja kevadises v\u00e4rvigammas. Vitraa\u017eis on kasutatud v\u00e4\u00e4di mustrit ja p\u00f5nevaid sulatatud detaile.\",\"breadcrumb\":{\"@id\":\"https:\\\/\\\/vitraaz.ee\\\/fi\\\/toode\\\/aknale-riputatav-vitraaz-tarkab\\\/#breadcrumb\"},\"inLanguage\":\"fi\",\"potentialAction\":[{\"@type\":\"ReadAction\",\"target\":[\"https:\\\/\\\/vitraaz.ee\\\/fi\\\/toode\\\/aknale-riputatav-vitraaz-tarkab\\\/\"]}]},{\"@type\":\"ImageObject\",\"inLanguage\":\"fi\",\"@id\":\"https:\\\/\\\/vitraaz.ee\\\/fi\\\/toode\\\/aknale-riputatav-vitraaz-tarkab\\\/#primaryimage\",\"url\":\"https:\\\/\\\/vitraaz.ee\\\/wp-content\\\/uploads\\\/2025\\\/09\\\/kasvab2.jpg\",\"contentUrl\":\"https:\\\/\\\/vitraaz.ee\\\/wp-content\\\/uploads\\\/2025\\\/09\\\/kasvab2.jpg\",\"width\":534,\"height\":798,\"caption\":\"Aknale riputatav vitraa\u017e\"},{\"@type\":\"BreadcrumbList\",\"@id\":\"https:\\\/\\\/vitraaz.ee\\\/fi\\\/toode\\\/aknale-riputatav-vitraaz-tarkab\\\/#breadcrumb\",\"itemListElement\":[{\"@type\":\"ListItem\",\"position\":1,\"name\":\"Home\",\"item\":\"https:\\\/\\\/vitraaz.ee\\\/fi\\\/\"},{\"@type\":\"ListItem\",\"position\":2,\"name\":\"Pood\",\"item\":\"https:\\\/\\\/vitraaz.ee\\\/pood\\\/\"},{\"@type\":\"ListItem\",\"position\":3,\"name\":\"Aknale riputatav vitraa\u017e T\u00e4rkab\"}]},{\"@type\":\"WebSite\",\"@id\":\"https:\\\/\\\/vitraaz.ee\\\/fi\\\/#website\",\"url\":\"https:\\\/\\\/vitraaz.ee\\\/fi\\\/\",\"name\":\"Vitraaz.ee\",\"description\":\"Klaasinterj&ouml;&ouml;r\",\"publisher\":{\"@id\":\"https:\\\/\\\/vitraaz.ee\\\/fi\\\/#organization\"},\"potentialAction\":[{\"@type\":\"SearchAction\",\"target\":{\"@type\":\"EntryPoint\",\"urlTemplate\":\"https:\\\/\\\/vitraaz.ee\\\/fi\\\/?s={search_term_string}\"},\"query-input\":{\"@type\":\"PropertyValueSpecification\",\"valueRequired\":true,\"valueName\":\"search_term_string\"}}],\"inLanguage\":\"fi\"},{\"@type\":\"Organization\",\"@id\":\"https:\\\/\\\/vitraaz.ee\\\/fi\\\/#organization\",\"name\":\"KLAASINTERJ\u00d6\u00d6R O\u00dc\",\"url\":\"https:\\\/\\\/vitraaz.ee\\\/fi\\\/\",\"logo\":{\"@type\":\"ImageObject\",\"inLanguage\":\"fi\",\"@id\":\"https:\\\/\\\/vitraaz.ee\\\/fi\\\/#\\\/schema\\\/logo\\\/image\\\/\",\"url\":\"https:\\\/\\\/vitraaz.ee\\\/wp-content\\\/uploads\\\/2022\\\/09\\\/logoKI.png\",\"contentUrl\":\"https:\\\/\\\/vitraaz.ee\\\/wp-content\\\/uploads\\\/2022\\\/09\\\/logoKI.png\",\"width\":1159,\"height\":458,\"caption\":\"KLAASINTERJ\u00d6\u00d6R O\u00dc\"},\"image\":{\"@id\":\"https:\\\/\\\/vitraaz.ee\\\/fi\\\/#\\\/schema\\\/logo\\\/image\\\/\"},\"sameAs\":[\"https:\\\/\\\/www.facebook.com\\\/Klaasinterjoor\"]}]}<\/script>\n<!-- \/ Yoast SEO plugin. -->","yoast_head_json":{"title":"Aknale riputatav vitraa\u017e T\u00e4rkab - Vitraaz.ee","description":"Aknale riputatav vitraa\u017e T\u00e4rkab on v\u00e4rskes ja kevadises v\u00e4rvigammas. Vitraa\u017eis on kasutatud v\u00e4\u00e4di mustrit ja p\u00f5nevaid sulatatud detaile.","robots":{"index":"index","follow":"follow","max-snippet":"max-snippet:-1","max-image-preview":"max-image-preview:large","max-video-preview":"max-video-preview:-1"},"canonical":"https:\/\/vitraaz.ee\/fi\/toode\/aknale-riputatav-vitraaz-tarkab\/","og_locale":"fi_FI","og_type":"article","og_title":"Aknale riputatav vitraa\u017e T\u00e4rkab - Vitraaz.ee","og_description":"Aknale riputatav vitraa\u017e T\u00e4rkab on v\u00e4rskes ja kevadises v\u00e4rvigammas. Vitraa\u017eis on kasutatud v\u00e4\u00e4di mustrit ja p\u00f5nevaid sulatatud detaile.","og_url":"https:\/\/vitraaz.ee\/fi\/toode\/aknale-riputatav-vitraaz-tarkab\/","og_site_name":"Vitraaz.ee","article_publisher":"https:\/\/www.facebook.com\/Klaasinterjoor","article_modified_time":"2026-03-20T19:10:43+00:00","og_image":[{"width":534,"height":798,"url":"https:\/\/vitraaz.ee\/wp-content\/uploads\/2025\/09\/kasvab2.jpg","type":"image\/jpeg"}],"twitter_card":"summary_large_image","twitter_misc":{"Arvioitu lukuaika":"1 minuutti"},"schema":{"@context":"https:\/\/schema.org","@graph":[{"@type":"WebPage","@id":"https:\/\/vitraaz.ee\/fi\/toode\/aknale-riputatav-vitraaz-tarkab\/","url":"https:\/\/vitraaz.ee\/fi\/toode\/aknale-riputatav-vitraaz-tarkab\/","name":"Aknale riputatav vitraa\u017e T\u00e4rkab - Vitraaz.ee","isPartOf":{"@id":"https:\/\/vitraaz.ee\/fi\/#website"},"primaryImageOfPage":{"@id":"https:\/\/vitraaz.ee\/fi\/toode\/aknale-riputatav-vitraaz-tarkab\/#primaryimage"},"image":{"@id":"https:\/\/vitraaz.ee\/fi\/toode\/aknale-riputatav-vitraaz-tarkab\/#primaryimage"},"thumbnailUrl":"https:\/\/vitraaz.ee\/wp-content\/uploads\/2025\/09\/kasvab2.jpg","datePublished":"2025-09-08T13:15:20+00:00","dateModified":"2026-03-20T19:10:43+00:00","description":"Aknale riputatav vitraa\u017e T\u00e4rkab on v\u00e4rskes ja kevadises v\u00e4rvigammas. Vitraa\u017eis on kasutatud v\u00e4\u00e4di mustrit ja p\u00f5nevaid sulatatud detaile.","breadcrumb":{"@id":"https:\/\/vitraaz.ee\/fi\/toode\/aknale-riputatav-vitraaz-tarkab\/#breadcrumb"},"inLanguage":"fi","potentialAction":[{"@type":"ReadAction","target":["https:\/\/vitraaz.ee\/fi\/toode\/aknale-riputatav-vitraaz-tarkab\/"]}]},{"@type":"ImageObject","inLanguage":"fi","@id":"https:\/\/vitraaz.ee\/fi\/toode\/aknale-riputatav-vitraaz-tarkab\/#primaryimage","url":"https:\/\/vitraaz.ee\/wp-content\/uploads\/2025\/09\/kasvab2.jpg","contentUrl":"https:\/\/vitraaz.ee\/wp-content\/uploads\/2025\/09\/kasvab2.jpg","width":534,"height":798,"caption":"Aknale riputatav vitraa\u017e"},{"@type":"BreadcrumbList","@id":"https:\/\/vitraaz.ee\/fi\/toode\/aknale-riputatav-vitraaz-tarkab\/#breadcrumb","itemListElement":[{"@type":"ListItem","position":1,"name":"Home","item":"https:\/\/vitraaz.ee\/fi\/"},{"@type":"ListItem","position":2,"name":"Pood","item":"https:\/\/vitraaz.ee\/pood\/"},{"@type":"ListItem","position":3,"name":"Aknale riputatav vitraa\u017e T\u00e4rkab"}]},{"@type":"WebSite","@id":"https:\/\/vitraaz.ee\/fi\/#website","url":"https:\/\/vitraaz.ee\/fi\/","name":"Vitraaz.ee","description":"Klaasinterj&ouml;&ouml;r","publisher":{"@id":"https:\/\/vitraaz.ee\/fi\/#organization"},"potentialAction":[{"@type":"SearchAction","target":{"@type":"EntryPoint","urlTemplate":"https:\/\/vitraaz.ee\/fi\/?s={search_term_string}"},"query-input":{"@type":"PropertyValueSpecification","valueRequired":true,"valueName":"search_term_string"}}],"inLanguage":"fi"},{"@type":"Organization","@id":"https:\/\/vitraaz.ee\/fi\/#organization","name":"KLAASINTERJ\u00d6\u00d6R O\u00dc","url":"https:\/\/vitraaz.ee\/fi\/","logo":{"@type":"ImageObject","inLanguage":"fi","@id":"https:\/\/vitraaz.ee\/fi\/#\/schema\/logo\/image\/","url":"https:\/\/vitraaz.ee\/wp-content\/uploads\/2022\/09\/logoKI.png","contentUrl":"https:\/\/vitraaz.ee\/wp-content\/uploads\/2022\/09\/logoKI.png","width":1159,"height":458,"caption":"KLAASINTERJ\u00d6\u00d6R O\u00dc"},"image":{"@id":"https:\/\/vitraaz.ee\/fi\/#\/schema\/logo\/image\/"},"sameAs":["https:\/\/www.facebook.com\/Klaasinterjoor"]}]}},"_links":{"self":[{"href":"https:\/\/vitraaz.ee\/fi\/wp-json\/wp\/v2\/product\/9122","targetHints":{"allow":["GET"]}}],"collection":[{"href":"https:\/\/vitraaz.ee\/fi\/wp-json\/wp\/v2\/product"}],"about":[{"href":"https:\/\/vitraaz.ee\/fi\/wp-json\/wp\/v2\/types\/product"}],"version-history":[{"count":3,"href":"https:\/\/vitraaz.ee\/fi\/wp-json\/wp\/v2\/product\/9122\/revisions"}],"predecessor-version":[{"id":9173,"href":"https:\/\/vitraaz.ee\/fi\/wp-json\/wp\/v2\/product\/9122\/revisions\/9173"}],"wp:featuredmedia":[{"embeddable":true,"href":"https:\/\/vitraaz.ee\/fi\/wp-json\/wp\/v2\/media\/9123"}],"wp:attachment":[{"href":"https:\/\/vitraaz.ee\/fi\/wp-json\/wp\/v2\/media?parent=9122"}],"wp:term":[{"taxonomy":"product_brand","embeddable":true,"href":"https:\/\/vitraaz.ee\/fi\/wp-json\/wp\/v2\/product_brand?post=9122"},{"taxonomy":"product_cat","embeddable":true,"href":"https:\/\/vitraaz.ee\/fi\/wp-json\/wp\/v2\/product_cat?post=9122"},{"taxonomy":"product_tag","embeddable":true,"href":"https:\/\/vitraaz.ee\/fi\/wp-json\/wp\/v2\/product_tag?post=9122"}],"curies":[{"name":"wp","href":"https:\/\/api.w.org\/{rel}","templated":true}]}}