{"id":9106,"date":"2025-09-08T12:48:22","date_gmt":"2025-09-08T12:48:22","guid":{"rendered":"https:\/\/vitraaz.ee\/?post_type=product&#038;p=9106"},"modified":"2025-09-09T06:53:49","modified_gmt":"2025-09-09T06:53:49","slug":"vaike-kinkevitraaz","status":"publish","type":"product","link":"https:\/\/vitraaz.ee\/fi\/toode\/vaike-kinkevitraaz\/","title":{"rendered":"V\u00e4ike kinkevitraa\u017e"},"content":{"rendered":"<p>See v\u00e4ike kinkevitraa\u017e on eriline oma motiivi poolest, kus kaks \u00f5it justkui embaksid v\u00f5i kaitseksid teineteist. Just selle motiivi poolest sobib vitraa\u017e suurep\u00e4raselt kingituseks emalt t\u00fctrele v\u00f5i vastupidi, s\u00fcmboliseerides suhete soojust ja l\u00e4hedust. Vitraa\u017ei kirkal osal on korratud \u00f5ie elemente. Need on matistatud klaasile liivapritisi abil. Matt ja pehme muster toob pisikesse aknavitraa\u017ei pehmust juurde.\u00a0 Tiffany-tehnikas valmistatud vitraa\u017e sobib nii s\u00fcnnip\u00e4evaks kui emadep\u00e4evaks v\u00f5i kingituseks vanaemale vanavanemate p\u00e4eval. Vitraa\u017ei tinajoontele on tooni antud\u00a0 vaskse pruunika patinaga.<\/p>\n<p><strong>Vitraa\u017ei suurus: 19,5&#215;19,5 cm.<\/strong><\/p>\n<p>Pakime vitraa\u017eid hoole ja armastusega ning need on v\u00f5imalik mugavalt pakiautomaati tellida. Soovi korral lisa ostukorvi ka riputuskonksud, mis muudavad vitraa\u017ei riputamise eriti lihtsaks. Need leiad samuti meie e-poest. Kui soovid vitraa\u017eile graveeringut, v\u00f5ta meiega \u00fchendust e-kirja teel: info@vitraaz.ee. Kui sul on hoopiski soov tulla ise ja proovida k\u00e4tt vitraa\u017ei valmistamises loe l\u00e4hemalt meie <a href=\"https:\/\/vitraaz.ee\/klaasi-tootoad\/\">t\u00f6\u00f6tubade koha<\/a>, mida on v\u00f5imalik v\u00f5tta gruppidele. T\u00f6\u00f6tube juhendavad klaasikunstnikud Sandra Allemann ja Anu suvi.<\/p>\n<p>&nbsp;<\/p>\n","protected":false},"excerpt":{"rendered":"<p>See v\u00e4ike kinkevitraa\u017e on eriline oma motiivi poolest, kus kaks \u00f5it justkui embaksid v\u00f5i kaitseksid teineteist. Just selle motiivi poolest sobib vitraa\u017e suurep\u00e4raselt kingituseks emalt t\u00fctrele v\u00f5i vastupidi, s\u00fcmboliseerides suhete soojust ja l\u00e4hedust. Vitraa\u017ei kirkal osal on korratud \u00f5ie elemente. Need on matistatud klaasile liivapritisi abil. Matt ja pehme muster toob pisikesse aknavitraa\u017ei pehmust juurde.\u00a0 [&hellip;]<\/p>\n","protected":false},"featured_media":9107,"template":"","meta":{"_acf_changed":false},"product_brand":[],"product_cat":[47],"product_tag":[],"class_list":{"0":"post-9106","1":"product","2":"type-product","3":"status-publish","4":"has-post-thumbnail","6":"product_cat-vitraazid","8":"first","9":"instock","10":"taxable","11":"shipping-taxable","12":"purchasable","13":"product-type-simple"},"acf":[],"yoast_head":"<!-- This site is optimized with the Yoast SEO plugin v27.3 - https:\/\/yoast.com\/product\/yoast-seo-wordpress\/ -->\n<title>V\u00e4ike kinkevitraa\u017e - Vitraaz.ee<\/title>\n<meta name=\"description\" content=\"V\u00e4ike kinkevitraa\u017e sobib h\u00e4sti kingituseks vanavanemate p\u00e4eval v\u00f5i emadep\u00e4eval. Pea k\u00f5ige kallimat meeles selle armsa vitraa\u017eiga.\" \/>\n<meta name=\"robots\" content=\"index, follow, max-snippet:-1, max-image-preview:large, max-video-preview:-1\" \/>\n<link rel=\"canonical\" href=\"https:\/\/vitraaz.ee\/fi\/toode\/vaike-kinkevitraaz\/\" \/>\n<meta property=\"og:locale\" content=\"fi_FI\" \/>\n<meta property=\"og:type\" content=\"article\" \/>\n<meta property=\"og:title\" content=\"V\u00e4ike kinkevitraa\u017e - Vitraaz.ee\" \/>\n<meta property=\"og:description\" content=\"V\u00e4ike kinkevitraa\u017e sobib h\u00e4sti kingituseks vanavanemate p\u00e4eval v\u00f5i emadep\u00e4eval. Pea k\u00f5ige kallimat meeles selle armsa vitraa\u017eiga.\" \/>\n<meta property=\"og:url\" content=\"https:\/\/vitraaz.ee\/fi\/toode\/vaike-kinkevitraaz\/\" \/>\n<meta property=\"og:site_name\" content=\"Vitraaz.ee\" \/>\n<meta property=\"article:publisher\" content=\"https:\/\/www.facebook.com\/Klaasinterjoor\" \/>\n<meta property=\"article:modified_time\" content=\"2025-09-09T06:53:49+00:00\" \/>\n<meta property=\"og:image\" content=\"https:\/\/vitraaz.ee\/wp-content\/uploads\/2025\/09\/kaksik.jpg\" \/>\n\t<meta property=\"og:image:width\" content=\"1200\" \/>\n\t<meta property=\"og:image:height\" content=\"798\" \/>\n\t<meta property=\"og:image:type\" content=\"image\/jpeg\" \/>\n<meta name=\"twitter:card\" content=\"summary_large_image\" \/>\n<meta name=\"twitter:label1\" content=\"Arvioitu lukuaika\" \/>\n\t<meta name=\"twitter:data1\" content=\"2 minuuttia\" \/>\n<script type=\"application\/ld+json\" class=\"yoast-schema-graph\">{\"@context\":\"https:\\\/\\\/schema.org\",\"@graph\":[{\"@type\":\"WebPage\",\"@id\":\"https:\\\/\\\/vitraaz.ee\\\/fi\\\/toode\\\/vaike-kinkevitraaz\\\/\",\"url\":\"https:\\\/\\\/vitraaz.ee\\\/fi\\\/toode\\\/vaike-kinkevitraaz\\\/\",\"name\":\"V\u00e4ike kinkevitraa\u017e - Vitraaz.ee\",\"isPartOf\":{\"@id\":\"https:\\\/\\\/vitraaz.ee\\\/fi\\\/#website\"},\"primaryImageOfPage\":{\"@id\":\"https:\\\/\\\/vitraaz.ee\\\/fi\\\/toode\\\/vaike-kinkevitraaz\\\/#primaryimage\"},\"image\":{\"@id\":\"https:\\\/\\\/vitraaz.ee\\\/fi\\\/toode\\\/vaike-kinkevitraaz\\\/#primaryimage\"},\"thumbnailUrl\":\"https:\\\/\\\/vitraaz.ee\\\/wp-content\\\/uploads\\\/2025\\\/09\\\/kaksik.jpg\",\"datePublished\":\"2025-09-08T12:48:22+00:00\",\"dateModified\":\"2025-09-09T06:53:49+00:00\",\"description\":\"V\u00e4ike kinkevitraa\u017e sobib h\u00e4sti kingituseks vanavanemate p\u00e4eval v\u00f5i emadep\u00e4eval. Pea k\u00f5ige kallimat meeles selle armsa vitraa\u017eiga.\",\"breadcrumb\":{\"@id\":\"https:\\\/\\\/vitraaz.ee\\\/fi\\\/toode\\\/vaike-kinkevitraaz\\\/#breadcrumb\"},\"inLanguage\":\"fi\",\"potentialAction\":[{\"@type\":\"ReadAction\",\"target\":[\"https:\\\/\\\/vitraaz.ee\\\/fi\\\/toode\\\/vaike-kinkevitraaz\\\/\"]}]},{\"@type\":\"ImageObject\",\"inLanguage\":\"fi\",\"@id\":\"https:\\\/\\\/vitraaz.ee\\\/fi\\\/toode\\\/vaike-kinkevitraaz\\\/#primaryimage\",\"url\":\"https:\\\/\\\/vitraaz.ee\\\/wp-content\\\/uploads\\\/2025\\\/09\\\/kaksik.jpg\",\"contentUrl\":\"https:\\\/\\\/vitraaz.ee\\\/wp-content\\\/uploads\\\/2025\\\/09\\\/kaksik.jpg\",\"width\":1200,\"height\":798,\"caption\":\"Kinkevitraa\u017e\"},{\"@type\":\"BreadcrumbList\",\"@id\":\"https:\\\/\\\/vitraaz.ee\\\/fi\\\/toode\\\/vaike-kinkevitraaz\\\/#breadcrumb\",\"itemListElement\":[{\"@type\":\"ListItem\",\"position\":1,\"name\":\"Home\",\"item\":\"https:\\\/\\\/vitraaz.ee\\\/fi\\\/\"},{\"@type\":\"ListItem\",\"position\":2,\"name\":\"Pood\",\"item\":\"https:\\\/\\\/vitraaz.ee\\\/pood\\\/\"},{\"@type\":\"ListItem\",\"position\":3,\"name\":\"V\u00e4ike kinkevitraa\u017e\"}]},{\"@type\":\"WebSite\",\"@id\":\"https:\\\/\\\/vitraaz.ee\\\/fi\\\/#website\",\"url\":\"https:\\\/\\\/vitraaz.ee\\\/fi\\\/\",\"name\":\"Vitraaz.ee\",\"description\":\"Klaasinterj&ouml;&ouml;r\",\"publisher\":{\"@id\":\"https:\\\/\\\/vitraaz.ee\\\/fi\\\/#organization\"},\"potentialAction\":[{\"@type\":\"SearchAction\",\"target\":{\"@type\":\"EntryPoint\",\"urlTemplate\":\"https:\\\/\\\/vitraaz.ee\\\/fi\\\/?s={search_term_string}\"},\"query-input\":{\"@type\":\"PropertyValueSpecification\",\"valueRequired\":true,\"valueName\":\"search_term_string\"}}],\"inLanguage\":\"fi\"},{\"@type\":\"Organization\",\"@id\":\"https:\\\/\\\/vitraaz.ee\\\/fi\\\/#organization\",\"name\":\"KLAASINTERJ\u00d6\u00d6R O\u00dc\",\"url\":\"https:\\\/\\\/vitraaz.ee\\\/fi\\\/\",\"logo\":{\"@type\":\"ImageObject\",\"inLanguage\":\"fi\",\"@id\":\"https:\\\/\\\/vitraaz.ee\\\/fi\\\/#\\\/schema\\\/logo\\\/image\\\/\",\"url\":\"https:\\\/\\\/vitraaz.ee\\\/wp-content\\\/uploads\\\/2022\\\/09\\\/logoKI.png\",\"contentUrl\":\"https:\\\/\\\/vitraaz.ee\\\/wp-content\\\/uploads\\\/2022\\\/09\\\/logoKI.png\",\"width\":1159,\"height\":458,\"caption\":\"KLAASINTERJ\u00d6\u00d6R O\u00dc\"},\"image\":{\"@id\":\"https:\\\/\\\/vitraaz.ee\\\/fi\\\/#\\\/schema\\\/logo\\\/image\\\/\"},\"sameAs\":[\"https:\\\/\\\/www.facebook.com\\\/Klaasinterjoor\"]}]}<\/script>\n<!-- \/ Yoast SEO plugin. -->","yoast_head_json":{"title":"V\u00e4ike kinkevitraa\u017e - Vitraaz.ee","description":"V\u00e4ike kinkevitraa\u017e sobib h\u00e4sti kingituseks vanavanemate p\u00e4eval v\u00f5i emadep\u00e4eval. Pea k\u00f5ige kallimat meeles selle armsa vitraa\u017eiga.","robots":{"index":"index","follow":"follow","max-snippet":"max-snippet:-1","max-image-preview":"max-image-preview:large","max-video-preview":"max-video-preview:-1"},"canonical":"https:\/\/vitraaz.ee\/fi\/toode\/vaike-kinkevitraaz\/","og_locale":"fi_FI","og_type":"article","og_title":"V\u00e4ike kinkevitraa\u017e - Vitraaz.ee","og_description":"V\u00e4ike kinkevitraa\u017e sobib h\u00e4sti kingituseks vanavanemate p\u00e4eval v\u00f5i emadep\u00e4eval. Pea k\u00f5ige kallimat meeles selle armsa vitraa\u017eiga.","og_url":"https:\/\/vitraaz.ee\/fi\/toode\/vaike-kinkevitraaz\/","og_site_name":"Vitraaz.ee","article_publisher":"https:\/\/www.facebook.com\/Klaasinterjoor","article_modified_time":"2025-09-09T06:53:49+00:00","og_image":[{"width":1200,"height":798,"url":"https:\/\/vitraaz.ee\/wp-content\/uploads\/2025\/09\/kaksik.jpg","type":"image\/jpeg"}],"twitter_card":"summary_large_image","twitter_misc":{"Arvioitu lukuaika":"2 minuuttia"},"schema":{"@context":"https:\/\/schema.org","@graph":[{"@type":"WebPage","@id":"https:\/\/vitraaz.ee\/fi\/toode\/vaike-kinkevitraaz\/","url":"https:\/\/vitraaz.ee\/fi\/toode\/vaike-kinkevitraaz\/","name":"V\u00e4ike kinkevitraa\u017e - Vitraaz.ee","isPartOf":{"@id":"https:\/\/vitraaz.ee\/fi\/#website"},"primaryImageOfPage":{"@id":"https:\/\/vitraaz.ee\/fi\/toode\/vaike-kinkevitraaz\/#primaryimage"},"image":{"@id":"https:\/\/vitraaz.ee\/fi\/toode\/vaike-kinkevitraaz\/#primaryimage"},"thumbnailUrl":"https:\/\/vitraaz.ee\/wp-content\/uploads\/2025\/09\/kaksik.jpg","datePublished":"2025-09-08T12:48:22+00:00","dateModified":"2025-09-09T06:53:49+00:00","description":"V\u00e4ike kinkevitraa\u017e sobib h\u00e4sti kingituseks vanavanemate p\u00e4eval v\u00f5i emadep\u00e4eval. Pea k\u00f5ige kallimat meeles selle armsa vitraa\u017eiga.","breadcrumb":{"@id":"https:\/\/vitraaz.ee\/fi\/toode\/vaike-kinkevitraaz\/#breadcrumb"},"inLanguage":"fi","potentialAction":[{"@type":"ReadAction","target":["https:\/\/vitraaz.ee\/fi\/toode\/vaike-kinkevitraaz\/"]}]},{"@type":"ImageObject","inLanguage":"fi","@id":"https:\/\/vitraaz.ee\/fi\/toode\/vaike-kinkevitraaz\/#primaryimage","url":"https:\/\/vitraaz.ee\/wp-content\/uploads\/2025\/09\/kaksik.jpg","contentUrl":"https:\/\/vitraaz.ee\/wp-content\/uploads\/2025\/09\/kaksik.jpg","width":1200,"height":798,"caption":"Kinkevitraa\u017e"},{"@type":"BreadcrumbList","@id":"https:\/\/vitraaz.ee\/fi\/toode\/vaike-kinkevitraaz\/#breadcrumb","itemListElement":[{"@type":"ListItem","position":1,"name":"Home","item":"https:\/\/vitraaz.ee\/fi\/"},{"@type":"ListItem","position":2,"name":"Pood","item":"https:\/\/vitraaz.ee\/pood\/"},{"@type":"ListItem","position":3,"name":"V\u00e4ike kinkevitraa\u017e"}]},{"@type":"WebSite","@id":"https:\/\/vitraaz.ee\/fi\/#website","url":"https:\/\/vitraaz.ee\/fi\/","name":"Vitraaz.ee","description":"Klaasinterj&ouml;&ouml;r","publisher":{"@id":"https:\/\/vitraaz.ee\/fi\/#organization"},"potentialAction":[{"@type":"SearchAction","target":{"@type":"EntryPoint","urlTemplate":"https:\/\/vitraaz.ee\/fi\/?s={search_term_string}"},"query-input":{"@type":"PropertyValueSpecification","valueRequired":true,"valueName":"search_term_string"}}],"inLanguage":"fi"},{"@type":"Organization","@id":"https:\/\/vitraaz.ee\/fi\/#organization","name":"KLAASINTERJ\u00d6\u00d6R O\u00dc","url":"https:\/\/vitraaz.ee\/fi\/","logo":{"@type":"ImageObject","inLanguage":"fi","@id":"https:\/\/vitraaz.ee\/fi\/#\/schema\/logo\/image\/","url":"https:\/\/vitraaz.ee\/wp-content\/uploads\/2022\/09\/logoKI.png","contentUrl":"https:\/\/vitraaz.ee\/wp-content\/uploads\/2022\/09\/logoKI.png","width":1159,"height":458,"caption":"KLAASINTERJ\u00d6\u00d6R O\u00dc"},"image":{"@id":"https:\/\/vitraaz.ee\/fi\/#\/schema\/logo\/image\/"},"sameAs":["https:\/\/www.facebook.com\/Klaasinterjoor"]}]}},"_links":{"self":[{"href":"https:\/\/vitraaz.ee\/fi\/wp-json\/wp\/v2\/product\/9106","targetHints":{"allow":["GET"]}}],"collection":[{"href":"https:\/\/vitraaz.ee\/fi\/wp-json\/wp\/v2\/product"}],"about":[{"href":"https:\/\/vitraaz.ee\/fi\/wp-json\/wp\/v2\/types\/product"}],"version-history":[{"count":2,"href":"https:\/\/vitraaz.ee\/fi\/wp-json\/wp\/v2\/product\/9106\/revisions"}],"predecessor-version":[{"id":9172,"href":"https:\/\/vitraaz.ee\/fi\/wp-json\/wp\/v2\/product\/9106\/revisions\/9172"}],"wp:featuredmedia":[{"embeddable":true,"href":"https:\/\/vitraaz.ee\/fi\/wp-json\/wp\/v2\/media\/9107"}],"wp:attachment":[{"href":"https:\/\/vitraaz.ee\/fi\/wp-json\/wp\/v2\/media?parent=9106"}],"wp:term":[{"taxonomy":"product_brand","embeddable":true,"href":"https:\/\/vitraaz.ee\/fi\/wp-json\/wp\/v2\/product_brand?post=9106"},{"taxonomy":"product_cat","embeddable":true,"href":"https:\/\/vitraaz.ee\/fi\/wp-json\/wp\/v2\/product_cat?post=9106"},{"taxonomy":"product_tag","embeddable":true,"href":"https:\/\/vitraaz.ee\/fi\/wp-json\/wp\/v2\/product_tag?post=9106"}],"curies":[{"name":"wp","href":"https:\/\/api.w.org\/{rel}","templated":true}]}}