{"id":9091,"date":"2025-09-08T11:50:22","date_gmt":"2025-09-08T11:50:22","guid":{"rendered":"https:\/\/vitraaz.ee\/?post_type=product&#038;p=9091"},"modified":"2025-09-09T06:52:39","modified_gmt":"2025-09-09T06:52:39","slug":"vaike-vitraaz-maastik","status":"publish","type":"product","link":"https:\/\/vitraaz.ee\/fi\/toode\/vaike-vitraaz-maastik\/","title":{"rendered":"V\u00e4ike vitraa\u017e Maastik"},"content":{"rendered":"<p data-start=\"0\" data-end=\"402\">V\u00e4ike, kuid silmapaistev vitraa\u017e on loodud tiffany-tehnikas ning kujutab\u00a0 maastikku, kus p\u00f5imuvad soojad kollased ja rohelised toonid. Kirkale klaasile on lisatud matistatud muster, mis toob vitraa\u017ei pehmet ja tundlikku joont. P\u00e4ikesevalguses hakkavad klaasit\u00fckid s\u00e4rama, tehes vitraa\u017eist pidevalt muutuva v\u00e4ikese kunstiteose. Vitraa\u017ei v\u00e4ike m\u00f5\u00f5t teeb sellest ideaalse aksessuaari iga kodu interj\u00f6\u00f6ri \u2013 seda saab riputada aknale v\u00f5i seinale. See loob ruumi hubasust ning lisab killukese kunsti.<\/p>\n<p data-start=\"0\" data-end=\"402\">Vitraa\u017e on valmistatud tiffany-tehnikas. Iga t\u00fckk on l\u00f5igatud ja lihvitud ning kokku joodetud tina abil. Vitraa\u017ei tina on t\u00f6\u00f6deldud vase tooni patinaga, mis annab tinale sooja ja s\u00e4rava pruunikas kuldse viimistluse.<\/p>\n<p data-start=\"0\" data-end=\"402\"><strong>Vitraa\u017ei suurus: 18&#215;18 cm.<\/strong><\/p>\n<p data-start=\"897\" data-end=\"1146\">Kuna tegemist on unikaalse, k\u00e4sitsi valmistatud esemega sobib see suurep\u00e4raselt kingituseks. Kingituseks m\u00f5eldud vitraa\u017eidele saame lisada graveeringu v\u00f5i teksti, mis muudab vitraa\u017ei eriliseks ja personaalseks kingituseks. Kui soovite vitraa\u017eile graveeringut v\u00f5ib meile saata e-kirja oma sooviga v\u00f5i p\u00e4rast ostu sooritamist e-poest v\u00f5tta meiega \u00fchendust e-kirja teel info@vitraaz.ee. Graveeringu hind 10-20 \u20ac s\u00f5ltuvalt soovi keerukusest.<\/p>\n<p data-start=\"897\" data-end=\"1146\">Klaasinterj\u00f6\u00f6ri vitraa\u017eid valmistavad klaasikunstnikud Anu Suvi ja Sandra Allemann.<\/p>\n<p data-start=\"1148\" data-end=\"1266\" data-is-last-node=\"\" data-is-only-node=\"\">\n","protected":false},"excerpt":{"rendered":"<p>V\u00e4ike, kuid silmapaistev vitraa\u017e on loodud tiffany-tehnikas ning kujutab\u00a0 maastikku, kus p\u00f5imuvad soojad kollased ja rohelised toonid. Kirkale klaasile on lisatud matistatud muster, mis toob vitraa\u017ei pehmet ja tundlikku joont. P\u00e4ikesevalguses hakkavad klaasit\u00fckid s\u00e4rama, tehes vitraa\u017eist pidevalt muutuva v\u00e4ikese kunstiteose. Vitraa\u017ei v\u00e4ike m\u00f5\u00f5t teeb sellest ideaalse aksessuaari iga kodu interj\u00f6\u00f6ri \u2013 seda saab riputada aknale [&hellip;]<\/p>\n","protected":false},"featured_media":9100,"template":"","meta":{"_acf_changed":false},"product_brand":[],"product_cat":[47],"product_tag":[],"class_list":{"0":"post-9091","1":"product","2":"type-product","3":"status-publish","4":"has-post-thumbnail","6":"product_cat-vitraazid","8":"first","9":"instock","10":"taxable","11":"shipping-taxable","12":"purchasable","13":"product-type-simple"},"acf":[],"yoast_head":"<!-- This site is optimized with the Yoast SEO plugin v27.3 - https:\/\/yoast.com\/product\/yoast-seo-wordpress\/ -->\n<title>V\u00e4ike vitraa\u017e Maastik - Vitraaz.ee<\/title>\n<meta name=\"description\" content=\"V\u00e4ike vitraa\u017e Maastik on tore t\u00e4nukingitus v\u00f5i meene. Lisades vitraa\u017eile graveeringu, saame muuta selle personaalseks kingituseks.\" \/>\n<meta name=\"robots\" content=\"index, follow, max-snippet:-1, max-image-preview:large, max-video-preview:-1\" \/>\n<link rel=\"canonical\" href=\"https:\/\/vitraaz.ee\/fi\/toode\/vaike-vitraaz-maastik\/\" \/>\n<meta property=\"og:locale\" content=\"fi_FI\" \/>\n<meta property=\"og:type\" content=\"article\" \/>\n<meta property=\"og:title\" content=\"V\u00e4ike vitraa\u017e Maastik - Vitraaz.ee\" \/>\n<meta property=\"og:description\" content=\"V\u00e4ike vitraa\u017e Maastik on tore t\u00e4nukingitus v\u00f5i meene. Lisades vitraa\u017eile graveeringu, saame muuta selle personaalseks kingituseks.\" \/>\n<meta property=\"og:url\" content=\"https:\/\/vitraaz.ee\/fi\/toode\/vaike-vitraaz-maastik\/\" \/>\n<meta property=\"og:site_name\" content=\"Vitraaz.ee\" \/>\n<meta property=\"article:publisher\" content=\"https:\/\/www.facebook.com\/Klaasinterjoor\" \/>\n<meta property=\"article:modified_time\" content=\"2025-09-09T06:52:39+00:00\" \/>\n<meta property=\"og:image\" content=\"https:\/\/vitraaz.ee\/wp-content\/uploads\/2025\/09\/maastik3-1.jpg\" \/>\n\t<meta property=\"og:image:width\" content=\"556\" \/>\n\t<meta property=\"og:image:height\" content=\"798\" \/>\n\t<meta property=\"og:image:type\" content=\"image\/jpeg\" \/>\n<meta name=\"twitter:card\" content=\"summary_large_image\" \/>\n<meta name=\"twitter:label1\" content=\"Arvioitu lukuaika\" \/>\n\t<meta name=\"twitter:data1\" content=\"2 minuuttia\" \/>\n<script type=\"application\/ld+json\" class=\"yoast-schema-graph\">{\"@context\":\"https:\\\/\\\/schema.org\",\"@graph\":[{\"@type\":\"WebPage\",\"@id\":\"https:\\\/\\\/vitraaz.ee\\\/fi\\\/toode\\\/vaike-vitraaz-maastik\\\/\",\"url\":\"https:\\\/\\\/vitraaz.ee\\\/fi\\\/toode\\\/vaike-vitraaz-maastik\\\/\",\"name\":\"V\u00e4ike vitraa\u017e Maastik - Vitraaz.ee\",\"isPartOf\":{\"@id\":\"https:\\\/\\\/vitraaz.ee\\\/fi\\\/#website\"},\"primaryImageOfPage\":{\"@id\":\"https:\\\/\\\/vitraaz.ee\\\/fi\\\/toode\\\/vaike-vitraaz-maastik\\\/#primaryimage\"},\"image\":{\"@id\":\"https:\\\/\\\/vitraaz.ee\\\/fi\\\/toode\\\/vaike-vitraaz-maastik\\\/#primaryimage\"},\"thumbnailUrl\":\"https:\\\/\\\/vitraaz.ee\\\/wp-content\\\/uploads\\\/2025\\\/09\\\/maastik3-1.jpg\",\"datePublished\":\"2025-09-08T11:50:22+00:00\",\"dateModified\":\"2025-09-09T06:52:39+00:00\",\"description\":\"V\u00e4ike vitraa\u017e Maastik on tore t\u00e4nukingitus v\u00f5i meene. Lisades vitraa\u017eile graveeringu, saame muuta selle personaalseks kingituseks.\",\"breadcrumb\":{\"@id\":\"https:\\\/\\\/vitraaz.ee\\\/fi\\\/toode\\\/vaike-vitraaz-maastik\\\/#breadcrumb\"},\"inLanguage\":\"fi\",\"potentialAction\":[{\"@type\":\"ReadAction\",\"target\":[\"https:\\\/\\\/vitraaz.ee\\\/fi\\\/toode\\\/vaike-vitraaz-maastik\\\/\"]}]},{\"@type\":\"ImageObject\",\"inLanguage\":\"fi\",\"@id\":\"https:\\\/\\\/vitraaz.ee\\\/fi\\\/toode\\\/vaike-vitraaz-maastik\\\/#primaryimage\",\"url\":\"https:\\\/\\\/vitraaz.ee\\\/wp-content\\\/uploads\\\/2025\\\/09\\\/maastik3-1.jpg\",\"contentUrl\":\"https:\\\/\\\/vitraaz.ee\\\/wp-content\\\/uploads\\\/2025\\\/09\\\/maastik3-1.jpg\",\"width\":556,\"height\":798,\"caption\":\"Erksav\u00e4rviline vitraa\u017e\"},{\"@type\":\"BreadcrumbList\",\"@id\":\"https:\\\/\\\/vitraaz.ee\\\/fi\\\/toode\\\/vaike-vitraaz-maastik\\\/#breadcrumb\",\"itemListElement\":[{\"@type\":\"ListItem\",\"position\":1,\"name\":\"Home\",\"item\":\"https:\\\/\\\/vitraaz.ee\\\/fi\\\/\"},{\"@type\":\"ListItem\",\"position\":2,\"name\":\"Pood\",\"item\":\"https:\\\/\\\/vitraaz.ee\\\/pood\\\/\"},{\"@type\":\"ListItem\",\"position\":3,\"name\":\"V\u00e4ike vitraa\u017e Maastik\"}]},{\"@type\":\"WebSite\",\"@id\":\"https:\\\/\\\/vitraaz.ee\\\/fi\\\/#website\",\"url\":\"https:\\\/\\\/vitraaz.ee\\\/fi\\\/\",\"name\":\"Vitraaz.ee\",\"description\":\"Klaasinterj&ouml;&ouml;r\",\"publisher\":{\"@id\":\"https:\\\/\\\/vitraaz.ee\\\/fi\\\/#organization\"},\"potentialAction\":[{\"@type\":\"SearchAction\",\"target\":{\"@type\":\"EntryPoint\",\"urlTemplate\":\"https:\\\/\\\/vitraaz.ee\\\/fi\\\/?s={search_term_string}\"},\"query-input\":{\"@type\":\"PropertyValueSpecification\",\"valueRequired\":true,\"valueName\":\"search_term_string\"}}],\"inLanguage\":\"fi\"},{\"@type\":\"Organization\",\"@id\":\"https:\\\/\\\/vitraaz.ee\\\/fi\\\/#organization\",\"name\":\"KLAASINTERJ\u00d6\u00d6R O\u00dc\",\"url\":\"https:\\\/\\\/vitraaz.ee\\\/fi\\\/\",\"logo\":{\"@type\":\"ImageObject\",\"inLanguage\":\"fi\",\"@id\":\"https:\\\/\\\/vitraaz.ee\\\/fi\\\/#\\\/schema\\\/logo\\\/image\\\/\",\"url\":\"https:\\\/\\\/vitraaz.ee\\\/wp-content\\\/uploads\\\/2022\\\/09\\\/logoKI.png\",\"contentUrl\":\"https:\\\/\\\/vitraaz.ee\\\/wp-content\\\/uploads\\\/2022\\\/09\\\/logoKI.png\",\"width\":1159,\"height\":458,\"caption\":\"KLAASINTERJ\u00d6\u00d6R O\u00dc\"},\"image\":{\"@id\":\"https:\\\/\\\/vitraaz.ee\\\/fi\\\/#\\\/schema\\\/logo\\\/image\\\/\"},\"sameAs\":[\"https:\\\/\\\/www.facebook.com\\\/Klaasinterjoor\"]}]}<\/script>\n<!-- \/ Yoast SEO plugin. -->","yoast_head_json":{"title":"V\u00e4ike vitraa\u017e Maastik - Vitraaz.ee","description":"V\u00e4ike vitraa\u017e Maastik on tore t\u00e4nukingitus v\u00f5i meene. Lisades vitraa\u017eile graveeringu, saame muuta selle personaalseks kingituseks.","robots":{"index":"index","follow":"follow","max-snippet":"max-snippet:-1","max-image-preview":"max-image-preview:large","max-video-preview":"max-video-preview:-1"},"canonical":"https:\/\/vitraaz.ee\/fi\/toode\/vaike-vitraaz-maastik\/","og_locale":"fi_FI","og_type":"article","og_title":"V\u00e4ike vitraa\u017e Maastik - Vitraaz.ee","og_description":"V\u00e4ike vitraa\u017e Maastik on tore t\u00e4nukingitus v\u00f5i meene. Lisades vitraa\u017eile graveeringu, saame muuta selle personaalseks kingituseks.","og_url":"https:\/\/vitraaz.ee\/fi\/toode\/vaike-vitraaz-maastik\/","og_site_name":"Vitraaz.ee","article_publisher":"https:\/\/www.facebook.com\/Klaasinterjoor","article_modified_time":"2025-09-09T06:52:39+00:00","og_image":[{"width":556,"height":798,"url":"https:\/\/vitraaz.ee\/wp-content\/uploads\/2025\/09\/maastik3-1.jpg","type":"image\/jpeg"}],"twitter_card":"summary_large_image","twitter_misc":{"Arvioitu lukuaika":"2 minuuttia"},"schema":{"@context":"https:\/\/schema.org","@graph":[{"@type":"WebPage","@id":"https:\/\/vitraaz.ee\/fi\/toode\/vaike-vitraaz-maastik\/","url":"https:\/\/vitraaz.ee\/fi\/toode\/vaike-vitraaz-maastik\/","name":"V\u00e4ike vitraa\u017e Maastik - Vitraaz.ee","isPartOf":{"@id":"https:\/\/vitraaz.ee\/fi\/#website"},"primaryImageOfPage":{"@id":"https:\/\/vitraaz.ee\/fi\/toode\/vaike-vitraaz-maastik\/#primaryimage"},"image":{"@id":"https:\/\/vitraaz.ee\/fi\/toode\/vaike-vitraaz-maastik\/#primaryimage"},"thumbnailUrl":"https:\/\/vitraaz.ee\/wp-content\/uploads\/2025\/09\/maastik3-1.jpg","datePublished":"2025-09-08T11:50:22+00:00","dateModified":"2025-09-09T06:52:39+00:00","description":"V\u00e4ike vitraa\u017e Maastik on tore t\u00e4nukingitus v\u00f5i meene. Lisades vitraa\u017eile graveeringu, saame muuta selle personaalseks kingituseks.","breadcrumb":{"@id":"https:\/\/vitraaz.ee\/fi\/toode\/vaike-vitraaz-maastik\/#breadcrumb"},"inLanguage":"fi","potentialAction":[{"@type":"ReadAction","target":["https:\/\/vitraaz.ee\/fi\/toode\/vaike-vitraaz-maastik\/"]}]},{"@type":"ImageObject","inLanguage":"fi","@id":"https:\/\/vitraaz.ee\/fi\/toode\/vaike-vitraaz-maastik\/#primaryimage","url":"https:\/\/vitraaz.ee\/wp-content\/uploads\/2025\/09\/maastik3-1.jpg","contentUrl":"https:\/\/vitraaz.ee\/wp-content\/uploads\/2025\/09\/maastik3-1.jpg","width":556,"height":798,"caption":"Erksav\u00e4rviline vitraa\u017e"},{"@type":"BreadcrumbList","@id":"https:\/\/vitraaz.ee\/fi\/toode\/vaike-vitraaz-maastik\/#breadcrumb","itemListElement":[{"@type":"ListItem","position":1,"name":"Home","item":"https:\/\/vitraaz.ee\/fi\/"},{"@type":"ListItem","position":2,"name":"Pood","item":"https:\/\/vitraaz.ee\/pood\/"},{"@type":"ListItem","position":3,"name":"V\u00e4ike vitraa\u017e Maastik"}]},{"@type":"WebSite","@id":"https:\/\/vitraaz.ee\/fi\/#website","url":"https:\/\/vitraaz.ee\/fi\/","name":"Vitraaz.ee","description":"Klaasinterj&ouml;&ouml;r","publisher":{"@id":"https:\/\/vitraaz.ee\/fi\/#organization"},"potentialAction":[{"@type":"SearchAction","target":{"@type":"EntryPoint","urlTemplate":"https:\/\/vitraaz.ee\/fi\/?s={search_term_string}"},"query-input":{"@type":"PropertyValueSpecification","valueRequired":true,"valueName":"search_term_string"}}],"inLanguage":"fi"},{"@type":"Organization","@id":"https:\/\/vitraaz.ee\/fi\/#organization","name":"KLAASINTERJ\u00d6\u00d6R O\u00dc","url":"https:\/\/vitraaz.ee\/fi\/","logo":{"@type":"ImageObject","inLanguage":"fi","@id":"https:\/\/vitraaz.ee\/fi\/#\/schema\/logo\/image\/","url":"https:\/\/vitraaz.ee\/wp-content\/uploads\/2022\/09\/logoKI.png","contentUrl":"https:\/\/vitraaz.ee\/wp-content\/uploads\/2022\/09\/logoKI.png","width":1159,"height":458,"caption":"KLAASINTERJ\u00d6\u00d6R O\u00dc"},"image":{"@id":"https:\/\/vitraaz.ee\/fi\/#\/schema\/logo\/image\/"},"sameAs":["https:\/\/www.facebook.com\/Klaasinterjoor"]}]}},"_links":{"self":[{"href":"https:\/\/vitraaz.ee\/fi\/wp-json\/wp\/v2\/product\/9091","targetHints":{"allow":["GET"]}}],"collection":[{"href":"https:\/\/vitraaz.ee\/fi\/wp-json\/wp\/v2\/product"}],"about":[{"href":"https:\/\/vitraaz.ee\/fi\/wp-json\/wp\/v2\/types\/product"}],"version-history":[{"count":2,"href":"https:\/\/vitraaz.ee\/fi\/wp-json\/wp\/v2\/product\/9091\/revisions"}],"predecessor-version":[{"id":9171,"href":"https:\/\/vitraaz.ee\/fi\/wp-json\/wp\/v2\/product\/9091\/revisions\/9171"}],"wp:featuredmedia":[{"embeddable":true,"href":"https:\/\/vitraaz.ee\/fi\/wp-json\/wp\/v2\/media\/9100"}],"wp:attachment":[{"href":"https:\/\/vitraaz.ee\/fi\/wp-json\/wp\/v2\/media?parent=9091"}],"wp:term":[{"taxonomy":"product_brand","embeddable":true,"href":"https:\/\/vitraaz.ee\/fi\/wp-json\/wp\/v2\/product_brand?post=9091"},{"taxonomy":"product_cat","embeddable":true,"href":"https:\/\/vitraaz.ee\/fi\/wp-json\/wp\/v2\/product_cat?post=9091"},{"taxonomy":"product_tag","embeddable":true,"href":"https:\/\/vitraaz.ee\/fi\/wp-json\/wp\/v2\/product_tag?post=9091"}],"curies":[{"name":"wp","href":"https:\/\/api.w.org\/{rel}","templated":true}]}}