{"id":9088,"date":"2025-09-08T11:02:36","date_gmt":"2025-09-08T11:02:36","guid":{"rendered":"https:\/\/vitraaz.ee\/?post_type=product&#038;p=9088"},"modified":"2025-11-01T08:29:25","modified_gmt":"2025-11-01T08:29:25","slug":"vitraaz-puud-tuules","status":"publish","type":"product","link":"https:\/\/vitraaz.ee\/fi\/toode\/vitraaz-puud-tuules\/","title":{"rendered":"Vitraa\u017e Puud tuules"},"content":{"rendered":"<p>Vitraa\u017e Puud tuules kujutab tuules painduvaid puid. Ovaalsete joontega graafiline vitraa\u017e on m\u00f5eldud aknale riputamiseks. Vitraa\u017eis vastanduvad \u00f6\u00f6 sinine ja soe meekarva kollane. Taustas on kasutatud matti klaasi ja j\u00e4\u00e4klaasi. Osaliselt on vitraa\u017eis kasutatud ka matistatud graafilist mustrit. Matistatud\u00a0 jooned annavad vitraa\u017eile kergust. Vitraa\u017ei tinajooned on t\u00f6\u00f6deldud patinaga, mis muudab tinajooned tumedaks. See r\u00f5hutab eriti vitraa\u017ei graafilist joonist. Vitraa\u017e on valmistatud tiffany-tehnikas. Klaasit\u00fckid l\u00f5igatakse v\u00e4lja, lihvitakse ning seej\u00e4rel \u00e4\u00e4ristatakse servad vaskteibiga. \u00dcmbritsetud t\u00fckid asetatakse joonise j\u00e4rgi k\u00f5rvuti ja joodetakse tinaga kokku. Vitraa\u017ei riputamiseks on sellel tamiil. Vajadusel saab meie e-poest tellida vitraa\u017ei riputamiseks konksud. Konksud saab lihtsalt paigaldada akna \u00fclaserva, ilma et peaks puurima auke vms. <a href=\"https:\/\/vitraaz.ee\/toode\/vitraazi-riputuskonksud-aknale\/\">Vaata konkse siit!<\/a><\/p>\n<p><strong>Vitraa\u017ei suurus: 31&#215;40,5 cm.<\/strong><\/p>\n<p>Vitraa\u017e Puud tuules on v\u00e4hese v\u00e4rviga kuid efektne ning sobib h\u00e4sti kingituseks nii mehele kui naisele.<\/p>\n<p>Saadame vitraa\u017eid mugavalt pakiautomaati. Selleks, et need kenasti ja tervelt teieni j\u00f5uaks pakime vitraa\u017eid hoolikalt. Soovi korral saab k\u00fclastada meie stuudiot E-R 9.00-17.00, Tallinnas Laki 9a ning osta e-poes olevad vitraa\u017eid kohe kaasa. Klaasinterj\u00f6\u00f6ri stuudios valmivad igap\u00e4evaselt suuremad ja v\u00e4iksemad vitraa\u017eid, tellimust\u00f6\u00f6d aga ka v\u00e4iksemad tooted kingitusteks ja meeneteks.<\/p>\n<p>Meie e-poes olevad vitraa\u017eid on valmistatud klaasikunstnike Sandra Allemanni ja Anu Suvi poolt.<\/p>\n<p>&nbsp;<\/p>\n","protected":false},"excerpt":{"rendered":"<p>Vitraa\u017e Puud tuules kujutab tuules painduvaid puid. Ovaalsete joontega graafiline vitraa\u017e on m\u00f5eldud aknale riputamiseks. Vitraa\u017eis vastanduvad \u00f6\u00f6 sinine ja soe meekarva kollane. Taustas on kasutatud matti klaasi ja j\u00e4\u00e4klaasi. Osaliselt on vitraa\u017eis kasutatud ka matistatud graafilist mustrit. Matistatud\u00a0 jooned annavad vitraa\u017eile kergust. Vitraa\u017ei tinajooned on t\u00f6\u00f6deldud patinaga, mis muudab tinajooned tumedaks. See r\u00f5hutab eriti [&hellip;]<\/p>\n","protected":false},"featured_media":9079,"template":"","meta":{"_acf_changed":false},"product_brand":[],"product_cat":[47],"product_tag":[],"class_list":{"0":"post-9088","1":"product","2":"type-product","3":"status-publish","4":"has-post-thumbnail","6":"product_cat-vitraazid","8":"first","9":"instock","10":"taxable","11":"shipping-taxable","12":"purchasable","13":"product-type-simple"},"acf":[],"yoast_head":"<!-- This site is optimized with the Yoast SEO plugin v27.3 - https:\/\/yoast.com\/product\/yoast-seo-wordpress\/ -->\n<title>Vitraa\u017e Puud tuules - Vitraaz.ee<\/title>\n<meta name=\"description\" content=\"Vitraa\u017e Puud tuules on m\u00f5eldud aknale riputamiseks. V\u00e4hese v\u00e4rvi, kuid graafilise kujundusega vitraa\u017e on pretensioonitu ja sobib h\u00e4sti igasse koju.\" \/>\n<meta name=\"robots\" content=\"index, follow, max-snippet:-1, max-image-preview:large, max-video-preview:-1\" \/>\n<link rel=\"canonical\" href=\"https:\/\/vitraaz.ee\/fi\/toode\/vitraaz-puud-tuules\/\" \/>\n<meta property=\"og:locale\" content=\"fi_FI\" \/>\n<meta property=\"og:type\" content=\"article\" \/>\n<meta property=\"og:title\" content=\"Vitraa\u017e Puud tuules - Vitraaz.ee\" \/>\n<meta property=\"og:description\" content=\"Vitraa\u017e Puud tuules on m\u00f5eldud aknale riputamiseks. V\u00e4hese v\u00e4rvi, kuid graafilise kujundusega vitraa\u017e on pretensioonitu ja sobib h\u00e4sti igasse koju.\" \/>\n<meta property=\"og:url\" content=\"https:\/\/vitraaz.ee\/fi\/toode\/vitraaz-puud-tuules\/\" \/>\n<meta property=\"og:site_name\" content=\"Vitraaz.ee\" \/>\n<meta property=\"article:publisher\" content=\"https:\/\/www.facebook.com\/Klaasinterjoor\" \/>\n<meta property=\"article:modified_time\" content=\"2025-11-01T08:29:25+00:00\" \/>\n<meta property=\"og:image\" content=\"https:\/\/vitraaz.ee\/wp-content\/uploads\/2025\/09\/geom2-1.jpg\" \/>\n\t<meta property=\"og:image:width\" content=\"531\" \/>\n\t<meta property=\"og:image:height\" content=\"798\" \/>\n\t<meta property=\"og:image:type\" content=\"image\/jpeg\" \/>\n<meta name=\"twitter:card\" content=\"summary_large_image\" \/>\n<meta name=\"twitter:label1\" content=\"Arvioitu lukuaika\" \/>\n\t<meta name=\"twitter:data1\" content=\"2 minuuttia\" \/>\n<script type=\"application\/ld+json\" class=\"yoast-schema-graph\">{\"@context\":\"https:\\\/\\\/schema.org\",\"@graph\":[{\"@type\":\"WebPage\",\"@id\":\"https:\\\/\\\/vitraaz.ee\\\/fi\\\/toode\\\/vitraaz-puud-tuules\\\/\",\"url\":\"https:\\\/\\\/vitraaz.ee\\\/fi\\\/toode\\\/vitraaz-puud-tuules\\\/\",\"name\":\"Vitraa\u017e Puud tuules - Vitraaz.ee\",\"isPartOf\":{\"@id\":\"https:\\\/\\\/vitraaz.ee\\\/fi\\\/#website\"},\"primaryImageOfPage\":{\"@id\":\"https:\\\/\\\/vitraaz.ee\\\/fi\\\/toode\\\/vitraaz-puud-tuules\\\/#primaryimage\"},\"image\":{\"@id\":\"https:\\\/\\\/vitraaz.ee\\\/fi\\\/toode\\\/vitraaz-puud-tuules\\\/#primaryimage\"},\"thumbnailUrl\":\"https:\\\/\\\/vitraaz.ee\\\/wp-content\\\/uploads\\\/2025\\\/09\\\/geom2-1.jpg\",\"datePublished\":\"2025-09-08T11:02:36+00:00\",\"dateModified\":\"2025-11-01T08:29:25+00:00\",\"description\":\"Vitraa\u017e Puud tuules on m\u00f5eldud aknale riputamiseks. V\u00e4hese v\u00e4rvi, kuid graafilise kujundusega vitraa\u017e on pretensioonitu ja sobib h\u00e4sti igasse koju.\",\"breadcrumb\":{\"@id\":\"https:\\\/\\\/vitraaz.ee\\\/fi\\\/toode\\\/vitraaz-puud-tuules\\\/#breadcrumb\"},\"inLanguage\":\"fi\",\"potentialAction\":[{\"@type\":\"ReadAction\",\"target\":[\"https:\\\/\\\/vitraaz.ee\\\/fi\\\/toode\\\/vitraaz-puud-tuules\\\/\"]}]},{\"@type\":\"ImageObject\",\"inLanguage\":\"fi\",\"@id\":\"https:\\\/\\\/vitraaz.ee\\\/fi\\\/toode\\\/vitraaz-puud-tuules\\\/#primaryimage\",\"url\":\"https:\\\/\\\/vitraaz.ee\\\/wp-content\\\/uploads\\\/2025\\\/09\\\/geom2-1.jpg\",\"contentUrl\":\"https:\\\/\\\/vitraaz.ee\\\/wp-content\\\/uploads\\\/2025\\\/09\\\/geom2-1.jpg\",\"width\":531,\"height\":798,\"caption\":\"Vitraa\u017e aknale\"},{\"@type\":\"BreadcrumbList\",\"@id\":\"https:\\\/\\\/vitraaz.ee\\\/fi\\\/toode\\\/vitraaz-puud-tuules\\\/#breadcrumb\",\"itemListElement\":[{\"@type\":\"ListItem\",\"position\":1,\"name\":\"Home\",\"item\":\"https:\\\/\\\/vitraaz.ee\\\/fi\\\/\"},{\"@type\":\"ListItem\",\"position\":2,\"name\":\"Pood\",\"item\":\"https:\\\/\\\/vitraaz.ee\\\/pood\\\/\"},{\"@type\":\"ListItem\",\"position\":3,\"name\":\"Vitraa\u017e Puud tuules\"}]},{\"@type\":\"WebSite\",\"@id\":\"https:\\\/\\\/vitraaz.ee\\\/fi\\\/#website\",\"url\":\"https:\\\/\\\/vitraaz.ee\\\/fi\\\/\",\"name\":\"Vitraaz.ee\",\"description\":\"Klaasinterj&ouml;&ouml;r\",\"publisher\":{\"@id\":\"https:\\\/\\\/vitraaz.ee\\\/fi\\\/#organization\"},\"potentialAction\":[{\"@type\":\"SearchAction\",\"target\":{\"@type\":\"EntryPoint\",\"urlTemplate\":\"https:\\\/\\\/vitraaz.ee\\\/fi\\\/?s={search_term_string}\"},\"query-input\":{\"@type\":\"PropertyValueSpecification\",\"valueRequired\":true,\"valueName\":\"search_term_string\"}}],\"inLanguage\":\"fi\"},{\"@type\":\"Organization\",\"@id\":\"https:\\\/\\\/vitraaz.ee\\\/fi\\\/#organization\",\"name\":\"KLAASINTERJ\u00d6\u00d6R O\u00dc\",\"url\":\"https:\\\/\\\/vitraaz.ee\\\/fi\\\/\",\"logo\":{\"@type\":\"ImageObject\",\"inLanguage\":\"fi\",\"@id\":\"https:\\\/\\\/vitraaz.ee\\\/fi\\\/#\\\/schema\\\/logo\\\/image\\\/\",\"url\":\"https:\\\/\\\/vitraaz.ee\\\/wp-content\\\/uploads\\\/2022\\\/09\\\/logoKI.png\",\"contentUrl\":\"https:\\\/\\\/vitraaz.ee\\\/wp-content\\\/uploads\\\/2022\\\/09\\\/logoKI.png\",\"width\":1159,\"height\":458,\"caption\":\"KLAASINTERJ\u00d6\u00d6R O\u00dc\"},\"image\":{\"@id\":\"https:\\\/\\\/vitraaz.ee\\\/fi\\\/#\\\/schema\\\/logo\\\/image\\\/\"},\"sameAs\":[\"https:\\\/\\\/www.facebook.com\\\/Klaasinterjoor\"]}]}<\/script>\n<!-- \/ Yoast SEO plugin. -->","yoast_head_json":{"title":"Vitraa\u017e Puud tuules - Vitraaz.ee","description":"Vitraa\u017e Puud tuules on m\u00f5eldud aknale riputamiseks. V\u00e4hese v\u00e4rvi, kuid graafilise kujundusega vitraa\u017e on pretensioonitu ja sobib h\u00e4sti igasse koju.","robots":{"index":"index","follow":"follow","max-snippet":"max-snippet:-1","max-image-preview":"max-image-preview:large","max-video-preview":"max-video-preview:-1"},"canonical":"https:\/\/vitraaz.ee\/fi\/toode\/vitraaz-puud-tuules\/","og_locale":"fi_FI","og_type":"article","og_title":"Vitraa\u017e Puud tuules - Vitraaz.ee","og_description":"Vitraa\u017e Puud tuules on m\u00f5eldud aknale riputamiseks. V\u00e4hese v\u00e4rvi, kuid graafilise kujundusega vitraa\u017e on pretensioonitu ja sobib h\u00e4sti igasse koju.","og_url":"https:\/\/vitraaz.ee\/fi\/toode\/vitraaz-puud-tuules\/","og_site_name":"Vitraaz.ee","article_publisher":"https:\/\/www.facebook.com\/Klaasinterjoor","article_modified_time":"2025-11-01T08:29:25+00:00","og_image":[{"width":531,"height":798,"url":"https:\/\/vitraaz.ee\/wp-content\/uploads\/2025\/09\/geom2-1.jpg","type":"image\/jpeg"}],"twitter_card":"summary_large_image","twitter_misc":{"Arvioitu lukuaika":"2 minuuttia"},"schema":{"@context":"https:\/\/schema.org","@graph":[{"@type":"WebPage","@id":"https:\/\/vitraaz.ee\/fi\/toode\/vitraaz-puud-tuules\/","url":"https:\/\/vitraaz.ee\/fi\/toode\/vitraaz-puud-tuules\/","name":"Vitraa\u017e Puud tuules - Vitraaz.ee","isPartOf":{"@id":"https:\/\/vitraaz.ee\/fi\/#website"},"primaryImageOfPage":{"@id":"https:\/\/vitraaz.ee\/fi\/toode\/vitraaz-puud-tuules\/#primaryimage"},"image":{"@id":"https:\/\/vitraaz.ee\/fi\/toode\/vitraaz-puud-tuules\/#primaryimage"},"thumbnailUrl":"https:\/\/vitraaz.ee\/wp-content\/uploads\/2025\/09\/geom2-1.jpg","datePublished":"2025-09-08T11:02:36+00:00","dateModified":"2025-11-01T08:29:25+00:00","description":"Vitraa\u017e Puud tuules on m\u00f5eldud aknale riputamiseks. V\u00e4hese v\u00e4rvi, kuid graafilise kujundusega vitraa\u017e on pretensioonitu ja sobib h\u00e4sti igasse koju.","breadcrumb":{"@id":"https:\/\/vitraaz.ee\/fi\/toode\/vitraaz-puud-tuules\/#breadcrumb"},"inLanguage":"fi","potentialAction":[{"@type":"ReadAction","target":["https:\/\/vitraaz.ee\/fi\/toode\/vitraaz-puud-tuules\/"]}]},{"@type":"ImageObject","inLanguage":"fi","@id":"https:\/\/vitraaz.ee\/fi\/toode\/vitraaz-puud-tuules\/#primaryimage","url":"https:\/\/vitraaz.ee\/wp-content\/uploads\/2025\/09\/geom2-1.jpg","contentUrl":"https:\/\/vitraaz.ee\/wp-content\/uploads\/2025\/09\/geom2-1.jpg","width":531,"height":798,"caption":"Vitraa\u017e aknale"},{"@type":"BreadcrumbList","@id":"https:\/\/vitraaz.ee\/fi\/toode\/vitraaz-puud-tuules\/#breadcrumb","itemListElement":[{"@type":"ListItem","position":1,"name":"Home","item":"https:\/\/vitraaz.ee\/fi\/"},{"@type":"ListItem","position":2,"name":"Pood","item":"https:\/\/vitraaz.ee\/pood\/"},{"@type":"ListItem","position":3,"name":"Vitraa\u017e Puud tuules"}]},{"@type":"WebSite","@id":"https:\/\/vitraaz.ee\/fi\/#website","url":"https:\/\/vitraaz.ee\/fi\/","name":"Vitraaz.ee","description":"Klaasinterj&ouml;&ouml;r","publisher":{"@id":"https:\/\/vitraaz.ee\/fi\/#organization"},"potentialAction":[{"@type":"SearchAction","target":{"@type":"EntryPoint","urlTemplate":"https:\/\/vitraaz.ee\/fi\/?s={search_term_string}"},"query-input":{"@type":"PropertyValueSpecification","valueRequired":true,"valueName":"search_term_string"}}],"inLanguage":"fi"},{"@type":"Organization","@id":"https:\/\/vitraaz.ee\/fi\/#organization","name":"KLAASINTERJ\u00d6\u00d6R O\u00dc","url":"https:\/\/vitraaz.ee\/fi\/","logo":{"@type":"ImageObject","inLanguage":"fi","@id":"https:\/\/vitraaz.ee\/fi\/#\/schema\/logo\/image\/","url":"https:\/\/vitraaz.ee\/wp-content\/uploads\/2022\/09\/logoKI.png","contentUrl":"https:\/\/vitraaz.ee\/wp-content\/uploads\/2022\/09\/logoKI.png","width":1159,"height":458,"caption":"KLAASINTERJ\u00d6\u00d6R O\u00dc"},"image":{"@id":"https:\/\/vitraaz.ee\/fi\/#\/schema\/logo\/image\/"},"sameAs":["https:\/\/www.facebook.com\/Klaasinterjoor"]}]}},"_links":{"self":[{"href":"https:\/\/vitraaz.ee\/fi\/wp-json\/wp\/v2\/product\/9088","targetHints":{"allow":["GET"]}}],"collection":[{"href":"https:\/\/vitraaz.ee\/fi\/wp-json\/wp\/v2\/product"}],"about":[{"href":"https:\/\/vitraaz.ee\/fi\/wp-json\/wp\/v2\/types\/product"}],"version-history":[{"count":4,"href":"https:\/\/vitraaz.ee\/fi\/wp-json\/wp\/v2\/product\/9088\/revisions"}],"predecessor-version":[{"id":9170,"href":"https:\/\/vitraaz.ee\/fi\/wp-json\/wp\/v2\/product\/9088\/revisions\/9170"}],"wp:featuredmedia":[{"embeddable":true,"href":"https:\/\/vitraaz.ee\/fi\/wp-json\/wp\/v2\/media\/9079"}],"wp:attachment":[{"href":"https:\/\/vitraaz.ee\/fi\/wp-json\/wp\/v2\/media?parent=9088"}],"wp:term":[{"taxonomy":"product_brand","embeddable":true,"href":"https:\/\/vitraaz.ee\/fi\/wp-json\/wp\/v2\/product_brand?post=9088"},{"taxonomy":"product_cat","embeddable":true,"href":"https:\/\/vitraaz.ee\/fi\/wp-json\/wp\/v2\/product_cat?post=9088"},{"taxonomy":"product_tag","embeddable":true,"href":"https:\/\/vitraaz.ee\/fi\/wp-json\/wp\/v2\/product_tag?post=9088"}],"curies":[{"name":"wp","href":"https:\/\/api.w.org\/{rel}","templated":true}]}}