{"id":9018,"date":"2025-09-08T08:08:32","date_gmt":"2025-09-08T08:08:32","guid":{"rendered":"https:\/\/vitraaz.ee\/?post_type=product&#038;p=9018"},"modified":"2025-11-01T08:29:25","modified_gmt":"2025-11-01T08:29:25","slug":"vitraaz-ois","status":"publish","type":"product","link":"https:\/\/vitraaz.ee\/fi\/toode\/vitraaz-ois\/","title":{"rendered":"Vitraa\u017e \u00d5is"},"content":{"rendered":"<p>Vitraa\u017e \u00d5is on kaunis kingitus. Vitraa\u017e on valmistatud erinevat tooni lilladest vitraa\u017eiklaasidest. Aktsendiks on lisatud sulatatud mitmev\u00e4rvilisi klaasit\u00fckke. Lisaks v\u00e4rvilistele klaasidele on vitraa\u017eis kasutatud mummulise struktuuriga j\u00e4\u00e4klaasi. \u00d5rnust lisavad vitraa\u017eile matistatud v\u00e4\u00e4did ja lehed. Vitraa\u017e on diameetriga 40 cm. Vitraa\u017e on suurep\u00e4rane kingitus emale v\u00f5i vanaemale, k\u00f5ikide t\u00e4htp\u00e4evade puhul nt s\u00fcnnip\u00e4evad v\u00f5i emadep\u00e4ev.<\/p>\n<p>Vitraa\u017ei mugavaks riputamiseks on v\u00f5imalik tellida meie e-poest konksud, millega saab vitraa\u017ei mugavalt riputada avatava akna \u00fclaserva.<\/p>\n<p>K\u00f5ik Klaasinterj\u00f6\u00f6ri stuudio e-poes m\u00fc\u00fcdavad vitraa\u017eid on valmistatud kunstnike Anu Suvi ja Sandra Allemanni poolt.<\/p>\n","protected":false},"excerpt":{"rendered":"<p>Vitraa\u017e \u00d5is on kaunis kingitus. Vitraa\u017e on valmistatud erinevat tooni lilladest vitraa\u017eiklaasidest. Aktsendiks on lisatud sulatatud mitmev\u00e4rvilisi klaasit\u00fckke. Lisaks v\u00e4rvilistele klaasidele on vitraa\u017eis kasutatud mummulise struktuuriga j\u00e4\u00e4klaasi. \u00d5rnust lisavad vitraa\u017eile matistatud v\u00e4\u00e4did ja lehed. Vitraa\u017e on diameetriga 40 cm. Vitraa\u017e on suurep\u00e4rane kingitus emale v\u00f5i vanaemale, k\u00f5ikide t\u00e4htp\u00e4evade puhul nt s\u00fcnnip\u00e4evad v\u00f5i emadep\u00e4ev. Vitraa\u017ei mugavaks [&hellip;]<\/p>\n","protected":false},"featured_media":9019,"template":"","meta":{"_acf_changed":false},"product_brand":[],"product_cat":[47],"product_tag":[],"class_list":{"0":"post-9018","1":"product","2":"type-product","3":"status-publish","4":"has-post-thumbnail","6":"product_cat-vitraazid","8":"first","9":"instock","10":"taxable","11":"shipping-taxable","12":"purchasable","13":"product-type-simple"},"acf":[],"yoast_head":"<!-- This site is optimized with the Yoast SEO plugin v27.3 - https:\/\/yoast.com\/product\/yoast-seo-wordpress\/ -->\n<title>Vitraa\u017e \u00d5is - Vitraaz.ee<\/title>\n<meta name=\"description\" content=\"Vitraa\u017e \u00d5is on voogava joonega kaunis kodusisustusaksessuaar aknale. Vitraa\u017e on kordumatu ja ainulaadne kingitus l\u00e4hedastele, mis toob r\u00f5\u00f5mu pikaks ajaks.\" \/>\n<meta name=\"robots\" content=\"index, follow, max-snippet:-1, max-image-preview:large, max-video-preview:-1\" \/>\n<link rel=\"canonical\" href=\"https:\/\/vitraaz.ee\/fi\/toode\/vitraaz-ois\/\" \/>\n<meta property=\"og:locale\" content=\"fi_FI\" \/>\n<meta property=\"og:type\" content=\"article\" \/>\n<meta property=\"og:title\" content=\"Vitraa\u017e \u00d5is - Vitraaz.ee\" \/>\n<meta property=\"og:description\" content=\"Vitraa\u017e \u00d5is on voogava joonega kaunis kodusisustusaksessuaar aknale. Vitraa\u017e on kordumatu ja ainulaadne kingitus l\u00e4hedastele, mis toob r\u00f5\u00f5mu pikaks ajaks.\" \/>\n<meta property=\"og:url\" content=\"https:\/\/vitraaz.ee\/fi\/toode\/vitraaz-ois\/\" \/>\n<meta property=\"og:site_name\" content=\"Vitraaz.ee\" \/>\n<meta property=\"article:publisher\" content=\"https:\/\/www.facebook.com\/Klaasinterjoor\" \/>\n<meta property=\"article:modified_time\" content=\"2025-11-01T08:29:25+00:00\" \/>\n<meta property=\"og:image\" content=\"https:\/\/vitraaz.ee\/wp-content\/uploads\/2025\/09\/lillalill.jpg\" \/>\n\t<meta property=\"og:image:width\" content=\"1200\" \/>\n\t<meta property=\"og:image:height\" content=\"798\" \/>\n\t<meta property=\"og:image:type\" content=\"image\/jpeg\" \/>\n<meta name=\"twitter:card\" content=\"summary_large_image\" \/>\n<meta name=\"twitter:label1\" content=\"Arvioitu lukuaika\" \/>\n\t<meta name=\"twitter:data1\" content=\"1 minuutti\" \/>\n<script type=\"application\/ld+json\" class=\"yoast-schema-graph\">{\"@context\":\"https:\\\/\\\/schema.org\",\"@graph\":[{\"@type\":\"WebPage\",\"@id\":\"https:\\\/\\\/vitraaz.ee\\\/fi\\\/toode\\\/vitraaz-ois\\\/\",\"url\":\"https:\\\/\\\/vitraaz.ee\\\/fi\\\/toode\\\/vitraaz-ois\\\/\",\"name\":\"Vitraa\u017e \u00d5is - Vitraaz.ee\",\"isPartOf\":{\"@id\":\"https:\\\/\\\/vitraaz.ee\\\/fi\\\/#website\"},\"primaryImageOfPage\":{\"@id\":\"https:\\\/\\\/vitraaz.ee\\\/fi\\\/toode\\\/vitraaz-ois\\\/#primaryimage\"},\"image\":{\"@id\":\"https:\\\/\\\/vitraaz.ee\\\/fi\\\/toode\\\/vitraaz-ois\\\/#primaryimage\"},\"thumbnailUrl\":\"https:\\\/\\\/vitraaz.ee\\\/wp-content\\\/uploads\\\/2025\\\/09\\\/lillalill.jpg\",\"datePublished\":\"2025-09-08T08:08:32+00:00\",\"dateModified\":\"2025-11-01T08:29:25+00:00\",\"description\":\"Vitraa\u017e \u00d5is on voogava joonega kaunis kodusisustusaksessuaar aknale. Vitraa\u017e on kordumatu ja ainulaadne kingitus l\u00e4hedastele, mis toob r\u00f5\u00f5mu pikaks ajaks.\",\"breadcrumb\":{\"@id\":\"https:\\\/\\\/vitraaz.ee\\\/fi\\\/toode\\\/vitraaz-ois\\\/#breadcrumb\"},\"inLanguage\":\"fi\",\"potentialAction\":[{\"@type\":\"ReadAction\",\"target\":[\"https:\\\/\\\/vitraaz.ee\\\/fi\\\/toode\\\/vitraaz-ois\\\/\"]}]},{\"@type\":\"ImageObject\",\"inLanguage\":\"fi\",\"@id\":\"https:\\\/\\\/vitraaz.ee\\\/fi\\\/toode\\\/vitraaz-ois\\\/#primaryimage\",\"url\":\"https:\\\/\\\/vitraaz.ee\\\/wp-content\\\/uploads\\\/2025\\\/09\\\/lillalill.jpg\",\"contentUrl\":\"https:\\\/\\\/vitraaz.ee\\\/wp-content\\\/uploads\\\/2025\\\/09\\\/lillalill.jpg\",\"width\":1200,\"height\":798,\"caption\":\"lillades toonides vitraa\u017e\"},{\"@type\":\"BreadcrumbList\",\"@id\":\"https:\\\/\\\/vitraaz.ee\\\/fi\\\/toode\\\/vitraaz-ois\\\/#breadcrumb\",\"itemListElement\":[{\"@type\":\"ListItem\",\"position\":1,\"name\":\"Home\",\"item\":\"https:\\\/\\\/vitraaz.ee\\\/fi\\\/\"},{\"@type\":\"ListItem\",\"position\":2,\"name\":\"Pood\",\"item\":\"https:\\\/\\\/vitraaz.ee\\\/pood\\\/\"},{\"@type\":\"ListItem\",\"position\":3,\"name\":\"Vitraa\u017e \u00d5is\"}]},{\"@type\":\"WebSite\",\"@id\":\"https:\\\/\\\/vitraaz.ee\\\/fi\\\/#website\",\"url\":\"https:\\\/\\\/vitraaz.ee\\\/fi\\\/\",\"name\":\"Vitraaz.ee\",\"description\":\"Klaasinterj&ouml;&ouml;r\",\"publisher\":{\"@id\":\"https:\\\/\\\/vitraaz.ee\\\/fi\\\/#organization\"},\"potentialAction\":[{\"@type\":\"SearchAction\",\"target\":{\"@type\":\"EntryPoint\",\"urlTemplate\":\"https:\\\/\\\/vitraaz.ee\\\/fi\\\/?s={search_term_string}\"},\"query-input\":{\"@type\":\"PropertyValueSpecification\",\"valueRequired\":true,\"valueName\":\"search_term_string\"}}],\"inLanguage\":\"fi\"},{\"@type\":\"Organization\",\"@id\":\"https:\\\/\\\/vitraaz.ee\\\/fi\\\/#organization\",\"name\":\"KLAASINTERJ\u00d6\u00d6R O\u00dc\",\"url\":\"https:\\\/\\\/vitraaz.ee\\\/fi\\\/\",\"logo\":{\"@type\":\"ImageObject\",\"inLanguage\":\"fi\",\"@id\":\"https:\\\/\\\/vitraaz.ee\\\/fi\\\/#\\\/schema\\\/logo\\\/image\\\/\",\"url\":\"https:\\\/\\\/vitraaz.ee\\\/wp-content\\\/uploads\\\/2022\\\/09\\\/logoKI.png\",\"contentUrl\":\"https:\\\/\\\/vitraaz.ee\\\/wp-content\\\/uploads\\\/2022\\\/09\\\/logoKI.png\",\"width\":1159,\"height\":458,\"caption\":\"KLAASINTERJ\u00d6\u00d6R O\u00dc\"},\"image\":{\"@id\":\"https:\\\/\\\/vitraaz.ee\\\/fi\\\/#\\\/schema\\\/logo\\\/image\\\/\"},\"sameAs\":[\"https:\\\/\\\/www.facebook.com\\\/Klaasinterjoor\"]}]}<\/script>\n<!-- \/ Yoast SEO plugin. -->","yoast_head_json":{"title":"Vitraa\u017e \u00d5is - Vitraaz.ee","description":"Vitraa\u017e \u00d5is on voogava joonega kaunis kodusisustusaksessuaar aknale. Vitraa\u017e on kordumatu ja ainulaadne kingitus l\u00e4hedastele, mis toob r\u00f5\u00f5mu pikaks ajaks.","robots":{"index":"index","follow":"follow","max-snippet":"max-snippet:-1","max-image-preview":"max-image-preview:large","max-video-preview":"max-video-preview:-1"},"canonical":"https:\/\/vitraaz.ee\/fi\/toode\/vitraaz-ois\/","og_locale":"fi_FI","og_type":"article","og_title":"Vitraa\u017e \u00d5is - Vitraaz.ee","og_description":"Vitraa\u017e \u00d5is on voogava joonega kaunis kodusisustusaksessuaar aknale. Vitraa\u017e on kordumatu ja ainulaadne kingitus l\u00e4hedastele, mis toob r\u00f5\u00f5mu pikaks ajaks.","og_url":"https:\/\/vitraaz.ee\/fi\/toode\/vitraaz-ois\/","og_site_name":"Vitraaz.ee","article_publisher":"https:\/\/www.facebook.com\/Klaasinterjoor","article_modified_time":"2025-11-01T08:29:25+00:00","og_image":[{"width":1200,"height":798,"url":"https:\/\/vitraaz.ee\/wp-content\/uploads\/2025\/09\/lillalill.jpg","type":"image\/jpeg"}],"twitter_card":"summary_large_image","twitter_misc":{"Arvioitu lukuaika":"1 minuutti"},"schema":{"@context":"https:\/\/schema.org","@graph":[{"@type":"WebPage","@id":"https:\/\/vitraaz.ee\/fi\/toode\/vitraaz-ois\/","url":"https:\/\/vitraaz.ee\/fi\/toode\/vitraaz-ois\/","name":"Vitraa\u017e \u00d5is - Vitraaz.ee","isPartOf":{"@id":"https:\/\/vitraaz.ee\/fi\/#website"},"primaryImageOfPage":{"@id":"https:\/\/vitraaz.ee\/fi\/toode\/vitraaz-ois\/#primaryimage"},"image":{"@id":"https:\/\/vitraaz.ee\/fi\/toode\/vitraaz-ois\/#primaryimage"},"thumbnailUrl":"https:\/\/vitraaz.ee\/wp-content\/uploads\/2025\/09\/lillalill.jpg","datePublished":"2025-09-08T08:08:32+00:00","dateModified":"2025-11-01T08:29:25+00:00","description":"Vitraa\u017e \u00d5is on voogava joonega kaunis kodusisustusaksessuaar aknale. Vitraa\u017e on kordumatu ja ainulaadne kingitus l\u00e4hedastele, mis toob r\u00f5\u00f5mu pikaks ajaks.","breadcrumb":{"@id":"https:\/\/vitraaz.ee\/fi\/toode\/vitraaz-ois\/#breadcrumb"},"inLanguage":"fi","potentialAction":[{"@type":"ReadAction","target":["https:\/\/vitraaz.ee\/fi\/toode\/vitraaz-ois\/"]}]},{"@type":"ImageObject","inLanguage":"fi","@id":"https:\/\/vitraaz.ee\/fi\/toode\/vitraaz-ois\/#primaryimage","url":"https:\/\/vitraaz.ee\/wp-content\/uploads\/2025\/09\/lillalill.jpg","contentUrl":"https:\/\/vitraaz.ee\/wp-content\/uploads\/2025\/09\/lillalill.jpg","width":1200,"height":798,"caption":"lillades toonides vitraa\u017e"},{"@type":"BreadcrumbList","@id":"https:\/\/vitraaz.ee\/fi\/toode\/vitraaz-ois\/#breadcrumb","itemListElement":[{"@type":"ListItem","position":1,"name":"Home","item":"https:\/\/vitraaz.ee\/fi\/"},{"@type":"ListItem","position":2,"name":"Pood","item":"https:\/\/vitraaz.ee\/pood\/"},{"@type":"ListItem","position":3,"name":"Vitraa\u017e \u00d5is"}]},{"@type":"WebSite","@id":"https:\/\/vitraaz.ee\/fi\/#website","url":"https:\/\/vitraaz.ee\/fi\/","name":"Vitraaz.ee","description":"Klaasinterj&ouml;&ouml;r","publisher":{"@id":"https:\/\/vitraaz.ee\/fi\/#organization"},"potentialAction":[{"@type":"SearchAction","target":{"@type":"EntryPoint","urlTemplate":"https:\/\/vitraaz.ee\/fi\/?s={search_term_string}"},"query-input":{"@type":"PropertyValueSpecification","valueRequired":true,"valueName":"search_term_string"}}],"inLanguage":"fi"},{"@type":"Organization","@id":"https:\/\/vitraaz.ee\/fi\/#organization","name":"KLAASINTERJ\u00d6\u00d6R O\u00dc","url":"https:\/\/vitraaz.ee\/fi\/","logo":{"@type":"ImageObject","inLanguage":"fi","@id":"https:\/\/vitraaz.ee\/fi\/#\/schema\/logo\/image\/","url":"https:\/\/vitraaz.ee\/wp-content\/uploads\/2022\/09\/logoKI.png","contentUrl":"https:\/\/vitraaz.ee\/wp-content\/uploads\/2022\/09\/logoKI.png","width":1159,"height":458,"caption":"KLAASINTERJ\u00d6\u00d6R O\u00dc"},"image":{"@id":"https:\/\/vitraaz.ee\/fi\/#\/schema\/logo\/image\/"},"sameAs":["https:\/\/www.facebook.com\/Klaasinterjoor"]}]}},"_links":{"self":[{"href":"https:\/\/vitraaz.ee\/fi\/wp-json\/wp\/v2\/product\/9018","targetHints":{"allow":["GET"]}}],"collection":[{"href":"https:\/\/vitraaz.ee\/fi\/wp-json\/wp\/v2\/product"}],"about":[{"href":"https:\/\/vitraaz.ee\/fi\/wp-json\/wp\/v2\/types\/product"}],"version-history":[{"count":1,"href":"https:\/\/vitraaz.ee\/fi\/wp-json\/wp\/v2\/product\/9018\/revisions"}],"predecessor-version":[{"id":9039,"href":"https:\/\/vitraaz.ee\/fi\/wp-json\/wp\/v2\/product\/9018\/revisions\/9039"}],"wp:featuredmedia":[{"embeddable":true,"href":"https:\/\/vitraaz.ee\/fi\/wp-json\/wp\/v2\/media\/9019"}],"wp:attachment":[{"href":"https:\/\/vitraaz.ee\/fi\/wp-json\/wp\/v2\/media?parent=9018"}],"wp:term":[{"taxonomy":"product_brand","embeddable":true,"href":"https:\/\/vitraaz.ee\/fi\/wp-json\/wp\/v2\/product_brand?post=9018"},{"taxonomy":"product_cat","embeddable":true,"href":"https:\/\/vitraaz.ee\/fi\/wp-json\/wp\/v2\/product_cat?post=9018"},{"taxonomy":"product_tag","embeddable":true,"href":"https:\/\/vitraaz.ee\/fi\/wp-json\/wp\/v2\/product_tag?post=9018"}],"curies":[{"name":"wp","href":"https:\/\/api.w.org\/{rel}","templated":true}]}}