{"id":8654,"date":"2025-04-16T12:00:11","date_gmt":"2025-04-16T12:00:11","guid":{"rendered":"https:\/\/vitraaz.ee\/?post_type=product&#038;p=8654"},"modified":"2025-04-16T12:00:11","modified_gmt":"2025-04-16T12:00:11","slug":"kirkast-klaasist-auhind","status":"publish","type":"product","link":"https:\/\/vitraaz.ee\/fi\/toode\/kirkast-klaasist-auhind\/","title":{"rendered":"Kirkast klaasist auhind"},"content":{"rendered":"<p>P\u00fcstise formaadiga kirkast klaasist auhind. Auhind on valmistatud v\u00e4rvitust sulatusklaasist ja tumedast peitsitud puidust. Lisades sellele logo ja teksti saame kujundada teile sobiva auhinna. Auhinna suurus:\u00a0 100x210mm. Saada tellimus otse e-kirjana v\u00f5i vormista juba e-poes. E-kirja teel saada logo ja soovitud tekst.\u00a0 Teeme auhinnale sinu saadetud info p\u00f5hjal kujunduse. Auhinna valmimise ajaks v\u00f5iks arvestada v\u00e4hemalt 5 t\u00f6\u00f6p\u00e4eva. Auhind on pakendatud karpi. Saab tellida ka suuremat kogust.<\/p>\n","protected":false},"excerpt":{"rendered":"<p>P\u00fcstise formaadiga kirkast klaasist auhind. Auhind on valmistatud v\u00e4rvitust sulatusklaasist ja tumedast peitsitud puidust. Lisades sellele logo ja teksti saame kujundada teile sobiva auhinna. Auhinna suurus:\u00a0 100x210mm. Saada tellimus otse e-kirjana v\u00f5i vormista juba e-poes. E-kirja teel saada logo ja soovitud tekst.\u00a0 Teeme auhinnale sinu saadetud info p\u00f5hjal kujunduse. Auhinna valmimise ajaks v\u00f5iks arvestada v\u00e4hemalt [&hellip;]<\/p>\n","protected":false},"featured_media":8656,"template":"","meta":{"_acf_changed":false},"product_brand":[],"product_cat":[38],"product_tag":[],"class_list":{"0":"post-8654","1":"product","2":"type-product","3":"status-publish","4":"has-post-thumbnail","6":"product_cat-auhinnad","8":"first","9":"instock","10":"taxable","11":"shipping-taxable","12":"purchasable","13":"product-type-simple"},"acf":[],"yoast_head":"<!-- This site is optimized with the Yoast SEO plugin v27.3 - https:\/\/yoast.com\/product\/yoast-seo-wordpress\/ -->\n<title>Kirkast klaasist auhind - Vitraaz.ee<\/title>\n<meta name=\"description\" content=\"Kirkast klaasist auhind on pretensioonitu ning ajatu. Sobib ettev\u00f5tte n\u00e4o ja s\u00fcndmusega alati. Lisada on vaja vaid tekst ja logo.\" \/>\n<meta name=\"robots\" content=\"index, follow, max-snippet:-1, max-image-preview:large, max-video-preview:-1\" \/>\n<link rel=\"canonical\" href=\"https:\/\/vitraaz.ee\/fi\/toode\/kirkast-klaasist-auhind\/\" \/>\n<meta property=\"og:locale\" content=\"fi_FI\" \/>\n<meta property=\"og:type\" content=\"article\" \/>\n<meta property=\"og:title\" content=\"Kirkast klaasist auhind - Vitraaz.ee\" \/>\n<meta property=\"og:description\" content=\"Kirkast klaasist auhind on pretensioonitu ning ajatu. Sobib ettev\u00f5tte n\u00e4o ja s\u00fcndmusega alati. Lisada on vaja vaid tekst ja logo.\" \/>\n<meta property=\"og:url\" content=\"https:\/\/vitraaz.ee\/fi\/toode\/kirkast-klaasist-auhind\/\" \/>\n<meta property=\"og:site_name\" content=\"Vitraaz.ee\" \/>\n<meta property=\"article:publisher\" content=\"https:\/\/www.facebook.com\/Klaasinterjoor\" \/>\n<meta property=\"og:image\" content=\"https:\/\/vitraaz.ee\/wp-content\/uploads\/2025\/04\/kirgad-pikk.jpg\" \/>\n\t<meta property=\"og:image:width\" content=\"531\" \/>\n\t<meta property=\"og:image:height\" content=\"798\" \/>\n\t<meta property=\"og:image:type\" content=\"image\/jpeg\" \/>\n<meta name=\"twitter:card\" content=\"summary_large_image\" \/>\n<meta name=\"twitter:label1\" content=\"Arvioitu lukuaika\" \/>\n\t<meta name=\"twitter:data1\" content=\"1 minuutti\" \/>\n<script type=\"application\/ld+json\" class=\"yoast-schema-graph\">{\"@context\":\"https:\\\/\\\/schema.org\",\"@graph\":[{\"@type\":\"WebPage\",\"@id\":\"https:\\\/\\\/vitraaz.ee\\\/fi\\\/toode\\\/kirkast-klaasist-auhind\\\/\",\"url\":\"https:\\\/\\\/vitraaz.ee\\\/fi\\\/toode\\\/kirkast-klaasist-auhind\\\/\",\"name\":\"Kirkast klaasist auhind - Vitraaz.ee\",\"isPartOf\":{\"@id\":\"https:\\\/\\\/vitraaz.ee\\\/fi\\\/#website\"},\"primaryImageOfPage\":{\"@id\":\"https:\\\/\\\/vitraaz.ee\\\/fi\\\/toode\\\/kirkast-klaasist-auhind\\\/#primaryimage\"},\"image\":{\"@id\":\"https:\\\/\\\/vitraaz.ee\\\/fi\\\/toode\\\/kirkast-klaasist-auhind\\\/#primaryimage\"},\"thumbnailUrl\":\"https:\\\/\\\/vitraaz.ee\\\/wp-content\\\/uploads\\\/2025\\\/04\\\/kirgad-pikk.jpg\",\"datePublished\":\"2025-04-16T12:00:11+00:00\",\"description\":\"Kirkast klaasist auhind on pretensioonitu ning ajatu. Sobib ettev\u00f5tte n\u00e4o ja s\u00fcndmusega alati. Lisada on vaja vaid tekst ja logo.\",\"breadcrumb\":{\"@id\":\"https:\\\/\\\/vitraaz.ee\\\/fi\\\/toode\\\/kirkast-klaasist-auhind\\\/#breadcrumb\"},\"inLanguage\":\"fi\",\"potentialAction\":[{\"@type\":\"ReadAction\",\"target\":[\"https:\\\/\\\/vitraaz.ee\\\/fi\\\/toode\\\/kirkast-klaasist-auhind\\\/\"]}]},{\"@type\":\"ImageObject\",\"inLanguage\":\"fi\",\"@id\":\"https:\\\/\\\/vitraaz.ee\\\/fi\\\/toode\\\/kirkast-klaasist-auhind\\\/#primaryimage\",\"url\":\"https:\\\/\\\/vitraaz.ee\\\/wp-content\\\/uploads\\\/2025\\\/04\\\/kirgad-pikk.jpg\",\"contentUrl\":\"https:\\\/\\\/vitraaz.ee\\\/wp-content\\\/uploads\\\/2025\\\/04\\\/kirgad-pikk.jpg\",\"width\":531,\"height\":798,\"caption\":\"klaasauhind\"},{\"@type\":\"BreadcrumbList\",\"@id\":\"https:\\\/\\\/vitraaz.ee\\\/fi\\\/toode\\\/kirkast-klaasist-auhind\\\/#breadcrumb\",\"itemListElement\":[{\"@type\":\"ListItem\",\"position\":1,\"name\":\"Home\",\"item\":\"https:\\\/\\\/vitraaz.ee\\\/fi\\\/\"},{\"@type\":\"ListItem\",\"position\":2,\"name\":\"Pood\",\"item\":\"https:\\\/\\\/vitraaz.ee\\\/pood\\\/\"},{\"@type\":\"ListItem\",\"position\":3,\"name\":\"Kirkast klaasist auhind\"}]},{\"@type\":\"WebSite\",\"@id\":\"https:\\\/\\\/vitraaz.ee\\\/fi\\\/#website\",\"url\":\"https:\\\/\\\/vitraaz.ee\\\/fi\\\/\",\"name\":\"Vitraaz.ee\",\"description\":\"Klaasinterj&ouml;&ouml;r\",\"publisher\":{\"@id\":\"https:\\\/\\\/vitraaz.ee\\\/fi\\\/#organization\"},\"potentialAction\":[{\"@type\":\"SearchAction\",\"target\":{\"@type\":\"EntryPoint\",\"urlTemplate\":\"https:\\\/\\\/vitraaz.ee\\\/fi\\\/?s={search_term_string}\"},\"query-input\":{\"@type\":\"PropertyValueSpecification\",\"valueRequired\":true,\"valueName\":\"search_term_string\"}}],\"inLanguage\":\"fi\"},{\"@type\":\"Organization\",\"@id\":\"https:\\\/\\\/vitraaz.ee\\\/fi\\\/#organization\",\"name\":\"KLAASINTERJ\u00d6\u00d6R O\u00dc\",\"url\":\"https:\\\/\\\/vitraaz.ee\\\/fi\\\/\",\"logo\":{\"@type\":\"ImageObject\",\"inLanguage\":\"fi\",\"@id\":\"https:\\\/\\\/vitraaz.ee\\\/fi\\\/#\\\/schema\\\/logo\\\/image\\\/\",\"url\":\"https:\\\/\\\/vitraaz.ee\\\/wp-content\\\/uploads\\\/2022\\\/09\\\/logoKI.png\",\"contentUrl\":\"https:\\\/\\\/vitraaz.ee\\\/wp-content\\\/uploads\\\/2022\\\/09\\\/logoKI.png\",\"width\":1159,\"height\":458,\"caption\":\"KLAASINTERJ\u00d6\u00d6R O\u00dc\"},\"image\":{\"@id\":\"https:\\\/\\\/vitraaz.ee\\\/fi\\\/#\\\/schema\\\/logo\\\/image\\\/\"},\"sameAs\":[\"https:\\\/\\\/www.facebook.com\\\/Klaasinterjoor\"]}]}<\/script>\n<!-- \/ Yoast SEO plugin. -->","yoast_head_json":{"title":"Kirkast klaasist auhind - Vitraaz.ee","description":"Kirkast klaasist auhind on pretensioonitu ning ajatu. Sobib ettev\u00f5tte n\u00e4o ja s\u00fcndmusega alati. Lisada on vaja vaid tekst ja logo.","robots":{"index":"index","follow":"follow","max-snippet":"max-snippet:-1","max-image-preview":"max-image-preview:large","max-video-preview":"max-video-preview:-1"},"canonical":"https:\/\/vitraaz.ee\/fi\/toode\/kirkast-klaasist-auhind\/","og_locale":"fi_FI","og_type":"article","og_title":"Kirkast klaasist auhind - Vitraaz.ee","og_description":"Kirkast klaasist auhind on pretensioonitu ning ajatu. Sobib ettev\u00f5tte n\u00e4o ja s\u00fcndmusega alati. Lisada on vaja vaid tekst ja logo.","og_url":"https:\/\/vitraaz.ee\/fi\/toode\/kirkast-klaasist-auhind\/","og_site_name":"Vitraaz.ee","article_publisher":"https:\/\/www.facebook.com\/Klaasinterjoor","og_image":[{"width":531,"height":798,"url":"https:\/\/vitraaz.ee\/wp-content\/uploads\/2025\/04\/kirgad-pikk.jpg","type":"image\/jpeg"}],"twitter_card":"summary_large_image","twitter_misc":{"Arvioitu lukuaika":"1 minuutti"},"schema":{"@context":"https:\/\/schema.org","@graph":[{"@type":"WebPage","@id":"https:\/\/vitraaz.ee\/fi\/toode\/kirkast-klaasist-auhind\/","url":"https:\/\/vitraaz.ee\/fi\/toode\/kirkast-klaasist-auhind\/","name":"Kirkast klaasist auhind - Vitraaz.ee","isPartOf":{"@id":"https:\/\/vitraaz.ee\/fi\/#website"},"primaryImageOfPage":{"@id":"https:\/\/vitraaz.ee\/fi\/toode\/kirkast-klaasist-auhind\/#primaryimage"},"image":{"@id":"https:\/\/vitraaz.ee\/fi\/toode\/kirkast-klaasist-auhind\/#primaryimage"},"thumbnailUrl":"https:\/\/vitraaz.ee\/wp-content\/uploads\/2025\/04\/kirgad-pikk.jpg","datePublished":"2025-04-16T12:00:11+00:00","description":"Kirkast klaasist auhind on pretensioonitu ning ajatu. Sobib ettev\u00f5tte n\u00e4o ja s\u00fcndmusega alati. Lisada on vaja vaid tekst ja logo.","breadcrumb":{"@id":"https:\/\/vitraaz.ee\/fi\/toode\/kirkast-klaasist-auhind\/#breadcrumb"},"inLanguage":"fi","potentialAction":[{"@type":"ReadAction","target":["https:\/\/vitraaz.ee\/fi\/toode\/kirkast-klaasist-auhind\/"]}]},{"@type":"ImageObject","inLanguage":"fi","@id":"https:\/\/vitraaz.ee\/fi\/toode\/kirkast-klaasist-auhind\/#primaryimage","url":"https:\/\/vitraaz.ee\/wp-content\/uploads\/2025\/04\/kirgad-pikk.jpg","contentUrl":"https:\/\/vitraaz.ee\/wp-content\/uploads\/2025\/04\/kirgad-pikk.jpg","width":531,"height":798,"caption":"klaasauhind"},{"@type":"BreadcrumbList","@id":"https:\/\/vitraaz.ee\/fi\/toode\/kirkast-klaasist-auhind\/#breadcrumb","itemListElement":[{"@type":"ListItem","position":1,"name":"Home","item":"https:\/\/vitraaz.ee\/fi\/"},{"@type":"ListItem","position":2,"name":"Pood","item":"https:\/\/vitraaz.ee\/pood\/"},{"@type":"ListItem","position":3,"name":"Kirkast klaasist auhind"}]},{"@type":"WebSite","@id":"https:\/\/vitraaz.ee\/fi\/#website","url":"https:\/\/vitraaz.ee\/fi\/","name":"Vitraaz.ee","description":"Klaasinterj&ouml;&ouml;r","publisher":{"@id":"https:\/\/vitraaz.ee\/fi\/#organization"},"potentialAction":[{"@type":"SearchAction","target":{"@type":"EntryPoint","urlTemplate":"https:\/\/vitraaz.ee\/fi\/?s={search_term_string}"},"query-input":{"@type":"PropertyValueSpecification","valueRequired":true,"valueName":"search_term_string"}}],"inLanguage":"fi"},{"@type":"Organization","@id":"https:\/\/vitraaz.ee\/fi\/#organization","name":"KLAASINTERJ\u00d6\u00d6R O\u00dc","url":"https:\/\/vitraaz.ee\/fi\/","logo":{"@type":"ImageObject","inLanguage":"fi","@id":"https:\/\/vitraaz.ee\/fi\/#\/schema\/logo\/image\/","url":"https:\/\/vitraaz.ee\/wp-content\/uploads\/2022\/09\/logoKI.png","contentUrl":"https:\/\/vitraaz.ee\/wp-content\/uploads\/2022\/09\/logoKI.png","width":1159,"height":458,"caption":"KLAASINTERJ\u00d6\u00d6R O\u00dc"},"image":{"@id":"https:\/\/vitraaz.ee\/fi\/#\/schema\/logo\/image\/"},"sameAs":["https:\/\/www.facebook.com\/Klaasinterjoor"]}]}},"_links":{"self":[{"href":"https:\/\/vitraaz.ee\/fi\/wp-json\/wp\/v2\/product\/8654","targetHints":{"allow":["GET"]}}],"collection":[{"href":"https:\/\/vitraaz.ee\/fi\/wp-json\/wp\/v2\/product"}],"about":[{"href":"https:\/\/vitraaz.ee\/fi\/wp-json\/wp\/v2\/types\/product"}],"version-history":[{"count":1,"href":"https:\/\/vitraaz.ee\/fi\/wp-json\/wp\/v2\/product\/8654\/revisions"}],"predecessor-version":[{"id":8664,"href":"https:\/\/vitraaz.ee\/fi\/wp-json\/wp\/v2\/product\/8654\/revisions\/8664"}],"wp:featuredmedia":[{"embeddable":true,"href":"https:\/\/vitraaz.ee\/fi\/wp-json\/wp\/v2\/media\/8656"}],"wp:attachment":[{"href":"https:\/\/vitraaz.ee\/fi\/wp-json\/wp\/v2\/media?parent=8654"}],"wp:term":[{"taxonomy":"product_brand","embeddable":true,"href":"https:\/\/vitraaz.ee\/fi\/wp-json\/wp\/v2\/product_brand?post=8654"},{"taxonomy":"product_cat","embeddable":true,"href":"https:\/\/vitraaz.ee\/fi\/wp-json\/wp\/v2\/product_cat?post=8654"},{"taxonomy":"product_tag","embeddable":true,"href":"https:\/\/vitraaz.ee\/fi\/wp-json\/wp\/v2\/product_tag?post=8654"}],"curies":[{"name":"wp","href":"https:\/\/api.w.org\/{rel}","templated":true}]}}