{"id":8647,"date":"2025-04-16T11:25:51","date_gmt":"2025-04-16T11:25:51","guid":{"rendered":"https:\/\/vitraaz.ee\/?post_type=product&#038;p=8647"},"modified":"2025-04-16T11:41:56","modified_gmt":"2025-04-16T11:41:56","slug":"vaike-meene","status":"publish","type":"product","link":"https:\/\/vitraaz.ee\/fi\/toode\/vaike-meene\/","title":{"rendered":"V\u00e4ike meene"},"content":{"rendered":"<p>V\u00e4ike meene v\u00f5i auhind tumerohelisest klaasist. Meene klaasist osa on valmistatud k\u00e4sitsi sulatusklaasist. Meene alus on valmistatud puidust ning peitsitud. Pisike aga silmapaistev t\u00e4nu\u017eest sinu ettev\u00f5tte v\u00f5i asutuse \u00fcritusel. Vormista ost e-poes v\u00f5i v\u00f5ta meiega e-kirja teel \u00fchendust. Edasta logo ning soovitud tekst ja \u00fclej\u00e4\u00e4nu j\u00e4\u00e4b juba meie teha. Lepime kliendiga kokku l\u00f5pliku kujunduse ning v\u00e4ike meene saabki just teie asutuse n\u00e4o. Kui sa pole v\u00e4rvitoonis kindel vaata e-poes veelgi ringi\u00a0 &#8211; toone on teisigi. Miks mitte neid ka omavahel kombineerida. Iga meene pakitakse karpi, et saajal oleks seda lihtne k\u00e4sitleda. Meene m\u00f5\u00f5t: 140x120mm.<\/p>\n","protected":false},"excerpt":{"rendered":"<p>V\u00e4ike meene v\u00f5i auhind tumerohelisest klaasist. Meene klaasist osa on valmistatud k\u00e4sitsi sulatusklaasist. Meene alus on valmistatud puidust ning peitsitud. Pisike aga silmapaistev t\u00e4nu\u017eest sinu ettev\u00f5tte v\u00f5i asutuse \u00fcritusel. Vormista ost e-poes v\u00f5i v\u00f5ta meiega e-kirja teel \u00fchendust. Edasta logo ning soovitud tekst ja \u00fclej\u00e4\u00e4nu j\u00e4\u00e4b juba meie teha. Lepime kliendiga kokku l\u00f5pliku kujunduse ning [&hellip;]<\/p>\n","protected":false},"featured_media":8648,"template":"","meta":{"_acf_changed":false},"product_brand":[],"product_cat":[38],"product_tag":[],"class_list":{"0":"post-8647","1":"product","2":"type-product","3":"status-publish","4":"has-post-thumbnail","6":"product_cat-auhinnad","8":"first","9":"instock","10":"taxable","11":"shipping-taxable","12":"purchasable","13":"product-type-simple"},"acf":[],"yoast_head":"<!-- This site is optimized with the Yoast SEO plugin v27.3 - https:\/\/yoast.com\/product\/yoast-seo-wordpress\/ -->\n<title>V\u00e4ike meene - Vitraaz.ee<\/title>\n<meta name=\"description\" content=\"V\u00e4ike meene v\u00f5i auhind - aegajalt vajatakse neid igas asutuses ja ettev\u00f5ttes, et tunnustada tublisid, tarku ja osavaid. Kujundame tooriku sinule sobivaks.\" \/>\n<meta name=\"robots\" content=\"index, follow, max-snippet:-1, max-image-preview:large, max-video-preview:-1\" \/>\n<link rel=\"canonical\" href=\"https:\/\/vitraaz.ee\/fi\/toode\/vaike-meene\/\" \/>\n<meta property=\"og:locale\" content=\"fi_FI\" \/>\n<meta property=\"og:type\" content=\"article\" \/>\n<meta property=\"og:title\" content=\"V\u00e4ike meene - Vitraaz.ee\" \/>\n<meta property=\"og:description\" content=\"V\u00e4ike meene v\u00f5i auhind - aegajalt vajatakse neid igas asutuses ja ettev\u00f5ttes, et tunnustada tublisid, tarku ja osavaid. Kujundame tooriku sinule sobivaks.\" \/>\n<meta property=\"og:url\" content=\"https:\/\/vitraaz.ee\/fi\/toode\/vaike-meene\/\" \/>\n<meta property=\"og:site_name\" content=\"Vitraaz.ee\" \/>\n<meta property=\"article:publisher\" content=\"https:\/\/www.facebook.com\/Klaasinterjoor\" \/>\n<meta property=\"article:modified_time\" content=\"2025-04-16T11:41:56+00:00\" \/>\n<meta property=\"og:image\" content=\"https:\/\/vitraaz.ee\/wp-content\/uploads\/2025\/04\/troh-1.jpg\" \/>\n\t<meta property=\"og:image:width\" content=\"1231\" \/>\n\t<meta property=\"og:image:height\" content=\"798\" \/>\n\t<meta property=\"og:image:type\" content=\"image\/jpeg\" \/>\n<meta name=\"twitter:card\" content=\"summary_large_image\" \/>\n<meta name=\"twitter:label1\" content=\"Arvioitu lukuaika\" \/>\n\t<meta name=\"twitter:data1\" content=\"1 minuutti\" \/>\n<script type=\"application\/ld+json\" class=\"yoast-schema-graph\">{\"@context\":\"https:\\\/\\\/schema.org\",\"@graph\":[{\"@type\":\"WebPage\",\"@id\":\"https:\\\/\\\/vitraaz.ee\\\/fi\\\/toode\\\/vaike-meene\\\/\",\"url\":\"https:\\\/\\\/vitraaz.ee\\\/fi\\\/toode\\\/vaike-meene\\\/\",\"name\":\"V\u00e4ike meene - Vitraaz.ee\",\"isPartOf\":{\"@id\":\"https:\\\/\\\/vitraaz.ee\\\/fi\\\/#website\"},\"primaryImageOfPage\":{\"@id\":\"https:\\\/\\\/vitraaz.ee\\\/fi\\\/toode\\\/vaike-meene\\\/#primaryimage\"},\"image\":{\"@id\":\"https:\\\/\\\/vitraaz.ee\\\/fi\\\/toode\\\/vaike-meene\\\/#primaryimage\"},\"thumbnailUrl\":\"https:\\\/\\\/vitraaz.ee\\\/wp-content\\\/uploads\\\/2025\\\/04\\\/troh-1.jpg\",\"datePublished\":\"2025-04-16T11:25:51+00:00\",\"dateModified\":\"2025-04-16T11:41:56+00:00\",\"description\":\"V\u00e4ike meene v\u00f5i auhind - aegajalt vajatakse neid igas asutuses ja ettev\u00f5ttes, et tunnustada tublisid, tarku ja osavaid. Kujundame tooriku sinule sobivaks.\",\"breadcrumb\":{\"@id\":\"https:\\\/\\\/vitraaz.ee\\\/fi\\\/toode\\\/vaike-meene\\\/#breadcrumb\"},\"inLanguage\":\"fi\",\"potentialAction\":[{\"@type\":\"ReadAction\",\"target\":[\"https:\\\/\\\/vitraaz.ee\\\/fi\\\/toode\\\/vaike-meene\\\/\"]}]},{\"@type\":\"ImageObject\",\"inLanguage\":\"fi\",\"@id\":\"https:\\\/\\\/vitraaz.ee\\\/fi\\\/toode\\\/vaike-meene\\\/#primaryimage\",\"url\":\"https:\\\/\\\/vitraaz.ee\\\/wp-content\\\/uploads\\\/2025\\\/04\\\/troh-1.jpg\",\"contentUrl\":\"https:\\\/\\\/vitraaz.ee\\\/wp-content\\\/uploads\\\/2025\\\/04\\\/troh-1.jpg\",\"width\":1231,\"height\":798},{\"@type\":\"BreadcrumbList\",\"@id\":\"https:\\\/\\\/vitraaz.ee\\\/fi\\\/toode\\\/vaike-meene\\\/#breadcrumb\",\"itemListElement\":[{\"@type\":\"ListItem\",\"position\":1,\"name\":\"Home\",\"item\":\"https:\\\/\\\/vitraaz.ee\\\/fi\\\/\"},{\"@type\":\"ListItem\",\"position\":2,\"name\":\"Pood\",\"item\":\"https:\\\/\\\/vitraaz.ee\\\/pood\\\/\"},{\"@type\":\"ListItem\",\"position\":3,\"name\":\"V\u00e4ike meene\"}]},{\"@type\":\"WebSite\",\"@id\":\"https:\\\/\\\/vitraaz.ee\\\/fi\\\/#website\",\"url\":\"https:\\\/\\\/vitraaz.ee\\\/fi\\\/\",\"name\":\"Vitraaz.ee\",\"description\":\"Klaasinterj&ouml;&ouml;r\",\"publisher\":{\"@id\":\"https:\\\/\\\/vitraaz.ee\\\/fi\\\/#organization\"},\"potentialAction\":[{\"@type\":\"SearchAction\",\"target\":{\"@type\":\"EntryPoint\",\"urlTemplate\":\"https:\\\/\\\/vitraaz.ee\\\/fi\\\/?s={search_term_string}\"},\"query-input\":{\"@type\":\"PropertyValueSpecification\",\"valueRequired\":true,\"valueName\":\"search_term_string\"}}],\"inLanguage\":\"fi\"},{\"@type\":\"Organization\",\"@id\":\"https:\\\/\\\/vitraaz.ee\\\/fi\\\/#organization\",\"name\":\"KLAASINTERJ\u00d6\u00d6R O\u00dc\",\"url\":\"https:\\\/\\\/vitraaz.ee\\\/fi\\\/\",\"logo\":{\"@type\":\"ImageObject\",\"inLanguage\":\"fi\",\"@id\":\"https:\\\/\\\/vitraaz.ee\\\/fi\\\/#\\\/schema\\\/logo\\\/image\\\/\",\"url\":\"https:\\\/\\\/vitraaz.ee\\\/wp-content\\\/uploads\\\/2022\\\/09\\\/logoKI.png\",\"contentUrl\":\"https:\\\/\\\/vitraaz.ee\\\/wp-content\\\/uploads\\\/2022\\\/09\\\/logoKI.png\",\"width\":1159,\"height\":458,\"caption\":\"KLAASINTERJ\u00d6\u00d6R O\u00dc\"},\"image\":{\"@id\":\"https:\\\/\\\/vitraaz.ee\\\/fi\\\/#\\\/schema\\\/logo\\\/image\\\/\"},\"sameAs\":[\"https:\\\/\\\/www.facebook.com\\\/Klaasinterjoor\"]}]}<\/script>\n<!-- \/ Yoast SEO plugin. -->","yoast_head_json":{"title":"V\u00e4ike meene - Vitraaz.ee","description":"V\u00e4ike meene v\u00f5i auhind - aegajalt vajatakse neid igas asutuses ja ettev\u00f5ttes, et tunnustada tublisid, tarku ja osavaid. Kujundame tooriku sinule sobivaks.","robots":{"index":"index","follow":"follow","max-snippet":"max-snippet:-1","max-image-preview":"max-image-preview:large","max-video-preview":"max-video-preview:-1"},"canonical":"https:\/\/vitraaz.ee\/fi\/toode\/vaike-meene\/","og_locale":"fi_FI","og_type":"article","og_title":"V\u00e4ike meene - Vitraaz.ee","og_description":"V\u00e4ike meene v\u00f5i auhind - aegajalt vajatakse neid igas asutuses ja ettev\u00f5ttes, et tunnustada tublisid, tarku ja osavaid. Kujundame tooriku sinule sobivaks.","og_url":"https:\/\/vitraaz.ee\/fi\/toode\/vaike-meene\/","og_site_name":"Vitraaz.ee","article_publisher":"https:\/\/www.facebook.com\/Klaasinterjoor","article_modified_time":"2025-04-16T11:41:56+00:00","og_image":[{"width":1231,"height":798,"url":"https:\/\/vitraaz.ee\/wp-content\/uploads\/2025\/04\/troh-1.jpg","type":"image\/jpeg"}],"twitter_card":"summary_large_image","twitter_misc":{"Arvioitu lukuaika":"1 minuutti"},"schema":{"@context":"https:\/\/schema.org","@graph":[{"@type":"WebPage","@id":"https:\/\/vitraaz.ee\/fi\/toode\/vaike-meene\/","url":"https:\/\/vitraaz.ee\/fi\/toode\/vaike-meene\/","name":"V\u00e4ike meene - Vitraaz.ee","isPartOf":{"@id":"https:\/\/vitraaz.ee\/fi\/#website"},"primaryImageOfPage":{"@id":"https:\/\/vitraaz.ee\/fi\/toode\/vaike-meene\/#primaryimage"},"image":{"@id":"https:\/\/vitraaz.ee\/fi\/toode\/vaike-meene\/#primaryimage"},"thumbnailUrl":"https:\/\/vitraaz.ee\/wp-content\/uploads\/2025\/04\/troh-1.jpg","datePublished":"2025-04-16T11:25:51+00:00","dateModified":"2025-04-16T11:41:56+00:00","description":"V\u00e4ike meene v\u00f5i auhind - aegajalt vajatakse neid igas asutuses ja ettev\u00f5ttes, et tunnustada tublisid, tarku ja osavaid. Kujundame tooriku sinule sobivaks.","breadcrumb":{"@id":"https:\/\/vitraaz.ee\/fi\/toode\/vaike-meene\/#breadcrumb"},"inLanguage":"fi","potentialAction":[{"@type":"ReadAction","target":["https:\/\/vitraaz.ee\/fi\/toode\/vaike-meene\/"]}]},{"@type":"ImageObject","inLanguage":"fi","@id":"https:\/\/vitraaz.ee\/fi\/toode\/vaike-meene\/#primaryimage","url":"https:\/\/vitraaz.ee\/wp-content\/uploads\/2025\/04\/troh-1.jpg","contentUrl":"https:\/\/vitraaz.ee\/wp-content\/uploads\/2025\/04\/troh-1.jpg","width":1231,"height":798},{"@type":"BreadcrumbList","@id":"https:\/\/vitraaz.ee\/fi\/toode\/vaike-meene\/#breadcrumb","itemListElement":[{"@type":"ListItem","position":1,"name":"Home","item":"https:\/\/vitraaz.ee\/fi\/"},{"@type":"ListItem","position":2,"name":"Pood","item":"https:\/\/vitraaz.ee\/pood\/"},{"@type":"ListItem","position":3,"name":"V\u00e4ike meene"}]},{"@type":"WebSite","@id":"https:\/\/vitraaz.ee\/fi\/#website","url":"https:\/\/vitraaz.ee\/fi\/","name":"Vitraaz.ee","description":"Klaasinterj&ouml;&ouml;r","publisher":{"@id":"https:\/\/vitraaz.ee\/fi\/#organization"},"potentialAction":[{"@type":"SearchAction","target":{"@type":"EntryPoint","urlTemplate":"https:\/\/vitraaz.ee\/fi\/?s={search_term_string}"},"query-input":{"@type":"PropertyValueSpecification","valueRequired":true,"valueName":"search_term_string"}}],"inLanguage":"fi"},{"@type":"Organization","@id":"https:\/\/vitraaz.ee\/fi\/#organization","name":"KLAASINTERJ\u00d6\u00d6R O\u00dc","url":"https:\/\/vitraaz.ee\/fi\/","logo":{"@type":"ImageObject","inLanguage":"fi","@id":"https:\/\/vitraaz.ee\/fi\/#\/schema\/logo\/image\/","url":"https:\/\/vitraaz.ee\/wp-content\/uploads\/2022\/09\/logoKI.png","contentUrl":"https:\/\/vitraaz.ee\/wp-content\/uploads\/2022\/09\/logoKI.png","width":1159,"height":458,"caption":"KLAASINTERJ\u00d6\u00d6R O\u00dc"},"image":{"@id":"https:\/\/vitraaz.ee\/fi\/#\/schema\/logo\/image\/"},"sameAs":["https:\/\/www.facebook.com\/Klaasinterjoor"]}]}},"_links":{"self":[{"href":"https:\/\/vitraaz.ee\/fi\/wp-json\/wp\/v2\/product\/8647","targetHints":{"allow":["GET"]}}],"collection":[{"href":"https:\/\/vitraaz.ee\/fi\/wp-json\/wp\/v2\/product"}],"about":[{"href":"https:\/\/vitraaz.ee\/fi\/wp-json\/wp\/v2\/types\/product"}],"version-history":[{"count":2,"href":"https:\/\/vitraaz.ee\/fi\/wp-json\/wp\/v2\/product\/8647\/revisions"}],"predecessor-version":[{"id":8653,"href":"https:\/\/vitraaz.ee\/fi\/wp-json\/wp\/v2\/product\/8647\/revisions\/8653"}],"wp:featuredmedia":[{"embeddable":true,"href":"https:\/\/vitraaz.ee\/fi\/wp-json\/wp\/v2\/media\/8648"}],"wp:attachment":[{"href":"https:\/\/vitraaz.ee\/fi\/wp-json\/wp\/v2\/media?parent=8647"}],"wp:term":[{"taxonomy":"product_brand","embeddable":true,"href":"https:\/\/vitraaz.ee\/fi\/wp-json\/wp\/v2\/product_brand?post=8647"},{"taxonomy":"product_cat","embeddable":true,"href":"https:\/\/vitraaz.ee\/fi\/wp-json\/wp\/v2\/product_cat?post=8647"},{"taxonomy":"product_tag","embeddable":true,"href":"https:\/\/vitraaz.ee\/fi\/wp-json\/wp\/v2\/product_tag?post=8647"}],"curies":[{"name":"wp","href":"https:\/\/api.w.org\/{rel}","templated":true}]}}