{"id":8641,"date":"2025-04-16T11:16:39","date_gmt":"2025-04-16T11:16:39","guid":{"rendered":"https:\/\/vitraaz.ee\/?post_type=product&#038;p=8641"},"modified":"2025-04-16T11:45:19","modified_gmt":"2025-04-16T11:45:19","slug":"vaike-klaasauhind","status":"publish","type":"product","link":"https:\/\/vitraaz.ee\/fi\/toode\/vaike-klaasauhind\/","title":{"rendered":"V\u00e4ike klaasauhind"},"content":{"rendered":"<p>See v\u00e4ike klaasauhind on valmistatud helesinisest klaasist. auhinnal on puidust alus. Puidust alus on peitsitud sooja tooniga. Auhinnatoorikule saab tellida teie poolt soovitud teksti ja logo. Paigutamisel ja kujundamisel oleme kindlasti abiks. Soorita ost ning seej\u00e4rel v\u00f5ta meiega e-kirja teel \u00fchendust, et\u00a0 kujundus kokku leppida. Tellimuse v\u00f5ib l\u00e4kitada ka otse e-posti. Meene on lihtsa disainiga ja ajatu, kuid oma toreda v\u00e4rviga p\u00fc\u00fcab kindlasti pilke. Tellimust vormistades arvesta kindlasti umbes viie t\u00f6\u00f6p\u00e4evaga, sest valmistame auhinna teile spetsiaalselt. V\u00f5imalik on tellida ka suuremaid koguseid. Sobiva v\u00e4rvi ja vormi leidmiseks vaata auhindade galeriis ringi, kindlasti leidub midagi just teie soovidele. Soovi korral saame kujundada teile p\u00e4ris oma meene alustades nullist.<\/p>\n","protected":false},"excerpt":{"rendered":"<p>See v\u00e4ike klaasauhind on valmistatud helesinisest klaasist. auhinnal on puidust alus. Puidust alus on peitsitud sooja tooniga. Auhinnatoorikule saab tellida teie poolt soovitud teksti ja logo. Paigutamisel ja kujundamisel oleme kindlasti abiks. Soorita ost ning seej\u00e4rel v\u00f5ta meiega e-kirja teel \u00fchendust, et\u00a0 kujundus kokku leppida. Tellimuse v\u00f5ib l\u00e4kitada ka otse e-posti. Meene on lihtsa disainiga [&hellip;]<\/p>\n","protected":false},"featured_media":8642,"template":"","meta":{"_acf_changed":false},"product_brand":[],"product_cat":[38],"product_tag":[],"class_list":{"0":"post-8641","1":"product","2":"type-product","3":"status-publish","4":"has-post-thumbnail","6":"product_cat-auhinnad","8":"first","9":"instock","10":"taxable","11":"shipping-taxable","12":"purchasable","13":"product-type-simple"},"acf":[],"yoast_head":"<!-- This site is optimized with the Yoast SEO plugin v27.3 - https:\/\/yoast.com\/product\/yoast-seo-wordpress\/ -->\n<title>V\u00e4ike klaasauhind - Vitraaz.ee<\/title>\n<meta name=\"description\" content=\"V\u00e4ike klaasauhind, suur auhind, logoga meene - pea igal ettev\u00f5ttel, asutusel v\u00f5i omavalitsusel on aegajalt vaja s\u00fcmboolikaga meeneid. Saame selles aidata!\" \/>\n<meta name=\"robots\" content=\"index, follow, max-snippet:-1, max-image-preview:large, max-video-preview:-1\" \/>\n<link rel=\"canonical\" href=\"https:\/\/vitraaz.ee\/fi\/toode\/vaike-klaasauhind\/\" \/>\n<meta property=\"og:locale\" content=\"fi_FI\" \/>\n<meta property=\"og:type\" content=\"article\" \/>\n<meta property=\"og:title\" content=\"V\u00e4ike klaasauhind - Vitraaz.ee\" \/>\n<meta property=\"og:description\" content=\"V\u00e4ike klaasauhind, suur auhind, logoga meene - pea igal ettev\u00f5ttel, asutusel v\u00f5i omavalitsusel on aegajalt vaja s\u00fcmboolikaga meeneid. Saame selles aidata!\" \/>\n<meta property=\"og:url\" content=\"https:\/\/vitraaz.ee\/fi\/toode\/vaike-klaasauhind\/\" \/>\n<meta property=\"og:site_name\" content=\"Vitraaz.ee\" \/>\n<meta property=\"article:publisher\" content=\"https:\/\/www.facebook.com\/Klaasinterjoor\" \/>\n<meta property=\"article:modified_time\" content=\"2025-04-16T11:45:19+00:00\" \/>\n<meta property=\"og:image\" content=\"https:\/\/vitraaz.ee\/wp-content\/uploads\/2025\/04\/helesinine1-scaled.jpg\" \/>\n\t<meta property=\"og:image:width\" content=\"2560\" \/>\n\t<meta property=\"og:image:height\" content=\"1759\" \/>\n\t<meta property=\"og:image:type\" content=\"image\/jpeg\" \/>\n<meta name=\"twitter:card\" content=\"summary_large_image\" \/>\n<meta name=\"twitter:label1\" content=\"Arvioitu lukuaika\" \/>\n\t<meta name=\"twitter:data1\" content=\"1 minuutti\" \/>\n<script type=\"application\/ld+json\" class=\"yoast-schema-graph\">{\"@context\":\"https:\\\/\\\/schema.org\",\"@graph\":[{\"@type\":\"WebPage\",\"@id\":\"https:\\\/\\\/vitraaz.ee\\\/fi\\\/toode\\\/vaike-klaasauhind\\\/\",\"url\":\"https:\\\/\\\/vitraaz.ee\\\/fi\\\/toode\\\/vaike-klaasauhind\\\/\",\"name\":\"V\u00e4ike klaasauhind - Vitraaz.ee\",\"isPartOf\":{\"@id\":\"https:\\\/\\\/vitraaz.ee\\\/fi\\\/#website\"},\"primaryImageOfPage\":{\"@id\":\"https:\\\/\\\/vitraaz.ee\\\/fi\\\/toode\\\/vaike-klaasauhind\\\/#primaryimage\"},\"image\":{\"@id\":\"https:\\\/\\\/vitraaz.ee\\\/fi\\\/toode\\\/vaike-klaasauhind\\\/#primaryimage\"},\"thumbnailUrl\":\"https:\\\/\\\/vitraaz.ee\\\/wp-content\\\/uploads\\\/2025\\\/04\\\/helesinine1-scaled.jpg\",\"datePublished\":\"2025-04-16T11:16:39+00:00\",\"dateModified\":\"2025-04-16T11:45:19+00:00\",\"description\":\"V\u00e4ike klaasauhind, suur auhind, logoga meene - pea igal ettev\u00f5ttel, asutusel v\u00f5i omavalitsusel on aegajalt vaja s\u00fcmboolikaga meeneid. Saame selles aidata!\",\"breadcrumb\":{\"@id\":\"https:\\\/\\\/vitraaz.ee\\\/fi\\\/toode\\\/vaike-klaasauhind\\\/#breadcrumb\"},\"inLanguage\":\"fi\",\"potentialAction\":[{\"@type\":\"ReadAction\",\"target\":[\"https:\\\/\\\/vitraaz.ee\\\/fi\\\/toode\\\/vaike-klaasauhind\\\/\"]}]},{\"@type\":\"ImageObject\",\"inLanguage\":\"fi\",\"@id\":\"https:\\\/\\\/vitraaz.ee\\\/fi\\\/toode\\\/vaike-klaasauhind\\\/#primaryimage\",\"url\":\"https:\\\/\\\/vitraaz.ee\\\/wp-content\\\/uploads\\\/2025\\\/04\\\/helesinine1-scaled.jpg\",\"contentUrl\":\"https:\\\/\\\/vitraaz.ee\\\/wp-content\\\/uploads\\\/2025\\\/04\\\/helesinine1-scaled.jpg\",\"width\":2560,\"height\":1759,\"caption\":\"klaasauhind v\u00f5i meene\"},{\"@type\":\"BreadcrumbList\",\"@id\":\"https:\\\/\\\/vitraaz.ee\\\/fi\\\/toode\\\/vaike-klaasauhind\\\/#breadcrumb\",\"itemListElement\":[{\"@type\":\"ListItem\",\"position\":1,\"name\":\"Home\",\"item\":\"https:\\\/\\\/vitraaz.ee\\\/fi\\\/\"},{\"@type\":\"ListItem\",\"position\":2,\"name\":\"Pood\",\"item\":\"https:\\\/\\\/vitraaz.ee\\\/pood\\\/\"},{\"@type\":\"ListItem\",\"position\":3,\"name\":\"V\u00e4ike klaasauhind\"}]},{\"@type\":\"WebSite\",\"@id\":\"https:\\\/\\\/vitraaz.ee\\\/fi\\\/#website\",\"url\":\"https:\\\/\\\/vitraaz.ee\\\/fi\\\/\",\"name\":\"Vitraaz.ee\",\"description\":\"Klaasinterj&ouml;&ouml;r\",\"publisher\":{\"@id\":\"https:\\\/\\\/vitraaz.ee\\\/fi\\\/#organization\"},\"potentialAction\":[{\"@type\":\"SearchAction\",\"target\":{\"@type\":\"EntryPoint\",\"urlTemplate\":\"https:\\\/\\\/vitraaz.ee\\\/fi\\\/?s={search_term_string}\"},\"query-input\":{\"@type\":\"PropertyValueSpecification\",\"valueRequired\":true,\"valueName\":\"search_term_string\"}}],\"inLanguage\":\"fi\"},{\"@type\":\"Organization\",\"@id\":\"https:\\\/\\\/vitraaz.ee\\\/fi\\\/#organization\",\"name\":\"KLAASINTERJ\u00d6\u00d6R O\u00dc\",\"url\":\"https:\\\/\\\/vitraaz.ee\\\/fi\\\/\",\"logo\":{\"@type\":\"ImageObject\",\"inLanguage\":\"fi\",\"@id\":\"https:\\\/\\\/vitraaz.ee\\\/fi\\\/#\\\/schema\\\/logo\\\/image\\\/\",\"url\":\"https:\\\/\\\/vitraaz.ee\\\/wp-content\\\/uploads\\\/2022\\\/09\\\/logoKI.png\",\"contentUrl\":\"https:\\\/\\\/vitraaz.ee\\\/wp-content\\\/uploads\\\/2022\\\/09\\\/logoKI.png\",\"width\":1159,\"height\":458,\"caption\":\"KLAASINTERJ\u00d6\u00d6R O\u00dc\"},\"image\":{\"@id\":\"https:\\\/\\\/vitraaz.ee\\\/fi\\\/#\\\/schema\\\/logo\\\/image\\\/\"},\"sameAs\":[\"https:\\\/\\\/www.facebook.com\\\/Klaasinterjoor\"]}]}<\/script>\n<!-- \/ Yoast SEO plugin. -->","yoast_head_json":{"title":"V\u00e4ike klaasauhind - Vitraaz.ee","description":"V\u00e4ike klaasauhind, suur auhind, logoga meene - pea igal ettev\u00f5ttel, asutusel v\u00f5i omavalitsusel on aegajalt vaja s\u00fcmboolikaga meeneid. Saame selles aidata!","robots":{"index":"index","follow":"follow","max-snippet":"max-snippet:-1","max-image-preview":"max-image-preview:large","max-video-preview":"max-video-preview:-1"},"canonical":"https:\/\/vitraaz.ee\/fi\/toode\/vaike-klaasauhind\/","og_locale":"fi_FI","og_type":"article","og_title":"V\u00e4ike klaasauhind - Vitraaz.ee","og_description":"V\u00e4ike klaasauhind, suur auhind, logoga meene - pea igal ettev\u00f5ttel, asutusel v\u00f5i omavalitsusel on aegajalt vaja s\u00fcmboolikaga meeneid. Saame selles aidata!","og_url":"https:\/\/vitraaz.ee\/fi\/toode\/vaike-klaasauhind\/","og_site_name":"Vitraaz.ee","article_publisher":"https:\/\/www.facebook.com\/Klaasinterjoor","article_modified_time":"2025-04-16T11:45:19+00:00","og_image":[{"width":2560,"height":1759,"url":"https:\/\/vitraaz.ee\/wp-content\/uploads\/2025\/04\/helesinine1-scaled.jpg","type":"image\/jpeg"}],"twitter_card":"summary_large_image","twitter_misc":{"Arvioitu lukuaika":"1 minuutti"},"schema":{"@context":"https:\/\/schema.org","@graph":[{"@type":"WebPage","@id":"https:\/\/vitraaz.ee\/fi\/toode\/vaike-klaasauhind\/","url":"https:\/\/vitraaz.ee\/fi\/toode\/vaike-klaasauhind\/","name":"V\u00e4ike klaasauhind - Vitraaz.ee","isPartOf":{"@id":"https:\/\/vitraaz.ee\/fi\/#website"},"primaryImageOfPage":{"@id":"https:\/\/vitraaz.ee\/fi\/toode\/vaike-klaasauhind\/#primaryimage"},"image":{"@id":"https:\/\/vitraaz.ee\/fi\/toode\/vaike-klaasauhind\/#primaryimage"},"thumbnailUrl":"https:\/\/vitraaz.ee\/wp-content\/uploads\/2025\/04\/helesinine1-scaled.jpg","datePublished":"2025-04-16T11:16:39+00:00","dateModified":"2025-04-16T11:45:19+00:00","description":"V\u00e4ike klaasauhind, suur auhind, logoga meene - pea igal ettev\u00f5ttel, asutusel v\u00f5i omavalitsusel on aegajalt vaja s\u00fcmboolikaga meeneid. Saame selles aidata!","breadcrumb":{"@id":"https:\/\/vitraaz.ee\/fi\/toode\/vaike-klaasauhind\/#breadcrumb"},"inLanguage":"fi","potentialAction":[{"@type":"ReadAction","target":["https:\/\/vitraaz.ee\/fi\/toode\/vaike-klaasauhind\/"]}]},{"@type":"ImageObject","inLanguage":"fi","@id":"https:\/\/vitraaz.ee\/fi\/toode\/vaike-klaasauhind\/#primaryimage","url":"https:\/\/vitraaz.ee\/wp-content\/uploads\/2025\/04\/helesinine1-scaled.jpg","contentUrl":"https:\/\/vitraaz.ee\/wp-content\/uploads\/2025\/04\/helesinine1-scaled.jpg","width":2560,"height":1759,"caption":"klaasauhind v\u00f5i meene"},{"@type":"BreadcrumbList","@id":"https:\/\/vitraaz.ee\/fi\/toode\/vaike-klaasauhind\/#breadcrumb","itemListElement":[{"@type":"ListItem","position":1,"name":"Home","item":"https:\/\/vitraaz.ee\/fi\/"},{"@type":"ListItem","position":2,"name":"Pood","item":"https:\/\/vitraaz.ee\/pood\/"},{"@type":"ListItem","position":3,"name":"V\u00e4ike klaasauhind"}]},{"@type":"WebSite","@id":"https:\/\/vitraaz.ee\/fi\/#website","url":"https:\/\/vitraaz.ee\/fi\/","name":"Vitraaz.ee","description":"Klaasinterj&ouml;&ouml;r","publisher":{"@id":"https:\/\/vitraaz.ee\/fi\/#organization"},"potentialAction":[{"@type":"SearchAction","target":{"@type":"EntryPoint","urlTemplate":"https:\/\/vitraaz.ee\/fi\/?s={search_term_string}"},"query-input":{"@type":"PropertyValueSpecification","valueRequired":true,"valueName":"search_term_string"}}],"inLanguage":"fi"},{"@type":"Organization","@id":"https:\/\/vitraaz.ee\/fi\/#organization","name":"KLAASINTERJ\u00d6\u00d6R O\u00dc","url":"https:\/\/vitraaz.ee\/fi\/","logo":{"@type":"ImageObject","inLanguage":"fi","@id":"https:\/\/vitraaz.ee\/fi\/#\/schema\/logo\/image\/","url":"https:\/\/vitraaz.ee\/wp-content\/uploads\/2022\/09\/logoKI.png","contentUrl":"https:\/\/vitraaz.ee\/wp-content\/uploads\/2022\/09\/logoKI.png","width":1159,"height":458,"caption":"KLAASINTERJ\u00d6\u00d6R O\u00dc"},"image":{"@id":"https:\/\/vitraaz.ee\/fi\/#\/schema\/logo\/image\/"},"sameAs":["https:\/\/www.facebook.com\/Klaasinterjoor"]}]}},"_links":{"self":[{"href":"https:\/\/vitraaz.ee\/fi\/wp-json\/wp\/v2\/product\/8641","targetHints":{"allow":["GET"]}}],"collection":[{"href":"https:\/\/vitraaz.ee\/fi\/wp-json\/wp\/v2\/product"}],"about":[{"href":"https:\/\/vitraaz.ee\/fi\/wp-json\/wp\/v2\/types\/product"}],"version-history":[{"count":2,"href":"https:\/\/vitraaz.ee\/fi\/wp-json\/wp\/v2\/product\/8641\/revisions"}],"predecessor-version":[{"id":8655,"href":"https:\/\/vitraaz.ee\/fi\/wp-json\/wp\/v2\/product\/8641\/revisions\/8655"}],"wp:featuredmedia":[{"embeddable":true,"href":"https:\/\/vitraaz.ee\/fi\/wp-json\/wp\/v2\/media\/8642"}],"wp:attachment":[{"href":"https:\/\/vitraaz.ee\/fi\/wp-json\/wp\/v2\/media?parent=8641"}],"wp:term":[{"taxonomy":"product_brand","embeddable":true,"href":"https:\/\/vitraaz.ee\/fi\/wp-json\/wp\/v2\/product_brand?post=8641"},{"taxonomy":"product_cat","embeddable":true,"href":"https:\/\/vitraaz.ee\/fi\/wp-json\/wp\/v2\/product_cat?post=8641"},{"taxonomy":"product_tag","embeddable":true,"href":"https:\/\/vitraaz.ee\/fi\/wp-json\/wp\/v2\/product_tag?post=8641"}],"curies":[{"name":"wp","href":"https:\/\/api.w.org\/{rel}","templated":true}]}}