{"id":8631,"date":"2025-04-16T11:03:23","date_gmt":"2025-04-16T11:03:23","guid":{"rendered":"https:\/\/vitraaz.ee\/?post_type=product&#038;p=8631"},"modified":"2025-04-16T11:03:23","modified_gmt":"2025-04-16T11:03:23","slug":"logoga-auhind","status":"publish","type":"product","link":"https:\/\/vitraaz.ee\/fi\/toode\/logoga-auhind\/","title":{"rendered":"Logoga auhind"},"content":{"rendered":"<p>Kas teie t\u00e4nu\u00fcrituselt on puudu logoga auhind v\u00f5i meene? Saame teid aidata! Meie e-poest leiate valiku k\u00e4sit\u00f6\u00f6na valminud auhinnatoorikuid. Toorikud on erksate v\u00e4rvidega ja pilkup\u00fc\u00fcdvad. Lisades logo ja soovitud teksti saab valmistada just teile sobiva meene. Oleme kindlasti teksti kujundamisel ja paigutamisel abiks.<\/p>\n<p>See helesinisest klaasist auhind on m\u00f5\u00f5tudega 100x210mm. Auhinnal on puidust alus. Puitosa on samuti valmistatud k\u00e4sitsi ning peitsitud. P\u00e4rast toote eest maksmist, saada meile e-kiri soovitud teksti ja logoga. Palume auhindade tellimisel varuda pisut aega. Keskmiselt v\u00f5ib tellimuse t\u00e4itmiseks kuluda 5 t\u00f6\u00f6p\u00e4eva. Suurte koguste puhul rohkemgi. Auhind on pakendatud karpi. Sobiva v\u00e4rvitooni leidmiseks vaata ringi meie e-poes v\u00f5i kirjuta k\u00fcsimus postkasti. Kindlasti leiame lahenduse.<\/p>\n<p>&nbsp;<\/p>\n","protected":false},"excerpt":{"rendered":"<p>Kas teie t\u00e4nu\u00fcrituselt on puudu logoga auhind v\u00f5i meene? Saame teid aidata! Meie e-poest leiate valiku k\u00e4sit\u00f6\u00f6na valminud auhinnatoorikuid. Toorikud on erksate v\u00e4rvidega ja pilkup\u00fc\u00fcdvad. Lisades logo ja soovitud teksti saab valmistada just teile sobiva meene. Oleme kindlasti teksti kujundamisel ja paigutamisel abiks. See helesinisest klaasist auhind on m\u00f5\u00f5tudega 100x210mm. Auhinnal on puidust alus. Puitosa [&hellip;]<\/p>\n","protected":false},"featured_media":8632,"template":"","meta":{"_acf_changed":false},"product_brand":[],"product_cat":[38],"product_tag":[],"class_list":{"0":"post-8631","1":"product","2":"type-product","3":"status-publish","4":"has-post-thumbnail","6":"product_cat-auhinnad","8":"first","9":"instock","10":"taxable","11":"shipping-taxable","12":"purchasable","13":"product-type-simple"},"acf":[],"yoast_head":"<!-- This site is optimized with the Yoast SEO plugin v27.3 - https:\/\/yoast.com\/product\/yoast-seo-wordpress\/ -->\n<title>Logoga auhind - Vitraaz.ee<\/title>\n<meta name=\"description\" content=\"Lisame soovitud teksti ja logo, et kujundada sellest toorikust just teile sobiv auhind. Ajatu ja lihtne disain ning kaunis v\u00e4rv.\" \/>\n<meta name=\"robots\" content=\"index, follow, max-snippet:-1, max-image-preview:large, max-video-preview:-1\" \/>\n<link rel=\"canonical\" href=\"https:\/\/vitraaz.ee\/fi\/toode\/logoga-auhind\/\" \/>\n<meta property=\"og:locale\" content=\"fi_FI\" \/>\n<meta property=\"og:type\" content=\"article\" \/>\n<meta property=\"og:title\" content=\"Logoga auhind - Vitraaz.ee\" \/>\n<meta property=\"og:description\" content=\"Lisame soovitud teksti ja logo, et kujundada sellest toorikust just teile sobiv auhind. Ajatu ja lihtne disain ning kaunis v\u00e4rv.\" \/>\n<meta property=\"og:url\" content=\"https:\/\/vitraaz.ee\/fi\/toode\/logoga-auhind\/\" \/>\n<meta property=\"og:site_name\" content=\"Vitraaz.ee\" \/>\n<meta property=\"article:publisher\" content=\"https:\/\/www.facebook.com\/Klaasinterjoor\" \/>\n<meta property=\"og:image\" content=\"https:\/\/vitraaz.ee\/wp-content\/uploads\/2025\/04\/hsin-kor.jpg\" \/>\n\t<meta property=\"og:image:width\" content=\"541\" \/>\n\t<meta property=\"og:image:height\" content=\"798\" \/>\n\t<meta property=\"og:image:type\" content=\"image\/jpeg\" \/>\n<meta name=\"twitter:card\" content=\"summary_large_image\" \/>\n<meta name=\"twitter:label1\" content=\"Arvioitu lukuaika\" \/>\n\t<meta name=\"twitter:data1\" content=\"1 minuutti\" \/>\n<script type=\"application\/ld+json\" class=\"yoast-schema-graph\">{\"@context\":\"https:\\\/\\\/schema.org\",\"@graph\":[{\"@type\":\"WebPage\",\"@id\":\"https:\\\/\\\/vitraaz.ee\\\/fi\\\/toode\\\/logoga-auhind\\\/\",\"url\":\"https:\\\/\\\/vitraaz.ee\\\/fi\\\/toode\\\/logoga-auhind\\\/\",\"name\":\"Logoga auhind - Vitraaz.ee\",\"isPartOf\":{\"@id\":\"https:\\\/\\\/vitraaz.ee\\\/fi\\\/#website\"},\"primaryImageOfPage\":{\"@id\":\"https:\\\/\\\/vitraaz.ee\\\/fi\\\/toode\\\/logoga-auhind\\\/#primaryimage\"},\"image\":{\"@id\":\"https:\\\/\\\/vitraaz.ee\\\/fi\\\/toode\\\/logoga-auhind\\\/#primaryimage\"},\"thumbnailUrl\":\"https:\\\/\\\/vitraaz.ee\\\/wp-content\\\/uploads\\\/2025\\\/04\\\/hsin-kor.jpg\",\"datePublished\":\"2025-04-16T11:03:23+00:00\",\"description\":\"Lisame soovitud teksti ja logo, et kujundada sellest toorikust just teile sobiv auhind. Ajatu ja lihtne disain ning kaunis v\u00e4rv.\",\"breadcrumb\":{\"@id\":\"https:\\\/\\\/vitraaz.ee\\\/fi\\\/toode\\\/logoga-auhind\\\/#breadcrumb\"},\"inLanguage\":\"fi\",\"potentialAction\":[{\"@type\":\"ReadAction\",\"target\":[\"https:\\\/\\\/vitraaz.ee\\\/fi\\\/toode\\\/logoga-auhind\\\/\"]}]},{\"@type\":\"ImageObject\",\"inLanguage\":\"fi\",\"@id\":\"https:\\\/\\\/vitraaz.ee\\\/fi\\\/toode\\\/logoga-auhind\\\/#primaryimage\",\"url\":\"https:\\\/\\\/vitraaz.ee\\\/wp-content\\\/uploads\\\/2025\\\/04\\\/hsin-kor.jpg\",\"contentUrl\":\"https:\\\/\\\/vitraaz.ee\\\/wp-content\\\/uploads\\\/2025\\\/04\\\/hsin-kor.jpg\",\"width\":541,\"height\":798,\"caption\":\"Klaasauhind\"},{\"@type\":\"BreadcrumbList\",\"@id\":\"https:\\\/\\\/vitraaz.ee\\\/fi\\\/toode\\\/logoga-auhind\\\/#breadcrumb\",\"itemListElement\":[{\"@type\":\"ListItem\",\"position\":1,\"name\":\"Home\",\"item\":\"https:\\\/\\\/vitraaz.ee\\\/fi\\\/\"},{\"@type\":\"ListItem\",\"position\":2,\"name\":\"Pood\",\"item\":\"https:\\\/\\\/vitraaz.ee\\\/pood\\\/\"},{\"@type\":\"ListItem\",\"position\":3,\"name\":\"Logoga auhind\"}]},{\"@type\":\"WebSite\",\"@id\":\"https:\\\/\\\/vitraaz.ee\\\/fi\\\/#website\",\"url\":\"https:\\\/\\\/vitraaz.ee\\\/fi\\\/\",\"name\":\"Vitraaz.ee\",\"description\":\"Klaasinterj&ouml;&ouml;r\",\"publisher\":{\"@id\":\"https:\\\/\\\/vitraaz.ee\\\/fi\\\/#organization\"},\"potentialAction\":[{\"@type\":\"SearchAction\",\"target\":{\"@type\":\"EntryPoint\",\"urlTemplate\":\"https:\\\/\\\/vitraaz.ee\\\/fi\\\/?s={search_term_string}\"},\"query-input\":{\"@type\":\"PropertyValueSpecification\",\"valueRequired\":true,\"valueName\":\"search_term_string\"}}],\"inLanguage\":\"fi\"},{\"@type\":\"Organization\",\"@id\":\"https:\\\/\\\/vitraaz.ee\\\/fi\\\/#organization\",\"name\":\"KLAASINTERJ\u00d6\u00d6R O\u00dc\",\"url\":\"https:\\\/\\\/vitraaz.ee\\\/fi\\\/\",\"logo\":{\"@type\":\"ImageObject\",\"inLanguage\":\"fi\",\"@id\":\"https:\\\/\\\/vitraaz.ee\\\/fi\\\/#\\\/schema\\\/logo\\\/image\\\/\",\"url\":\"https:\\\/\\\/vitraaz.ee\\\/wp-content\\\/uploads\\\/2022\\\/09\\\/logoKI.png\",\"contentUrl\":\"https:\\\/\\\/vitraaz.ee\\\/wp-content\\\/uploads\\\/2022\\\/09\\\/logoKI.png\",\"width\":1159,\"height\":458,\"caption\":\"KLAASINTERJ\u00d6\u00d6R O\u00dc\"},\"image\":{\"@id\":\"https:\\\/\\\/vitraaz.ee\\\/fi\\\/#\\\/schema\\\/logo\\\/image\\\/\"},\"sameAs\":[\"https:\\\/\\\/www.facebook.com\\\/Klaasinterjoor\"]}]}<\/script>\n<!-- \/ Yoast SEO plugin. -->","yoast_head_json":{"title":"Logoga auhind - Vitraaz.ee","description":"Lisame soovitud teksti ja logo, et kujundada sellest toorikust just teile sobiv auhind. Ajatu ja lihtne disain ning kaunis v\u00e4rv.","robots":{"index":"index","follow":"follow","max-snippet":"max-snippet:-1","max-image-preview":"max-image-preview:large","max-video-preview":"max-video-preview:-1"},"canonical":"https:\/\/vitraaz.ee\/fi\/toode\/logoga-auhind\/","og_locale":"fi_FI","og_type":"article","og_title":"Logoga auhind - Vitraaz.ee","og_description":"Lisame soovitud teksti ja logo, et kujundada sellest toorikust just teile sobiv auhind. Ajatu ja lihtne disain ning kaunis v\u00e4rv.","og_url":"https:\/\/vitraaz.ee\/fi\/toode\/logoga-auhind\/","og_site_name":"Vitraaz.ee","article_publisher":"https:\/\/www.facebook.com\/Klaasinterjoor","og_image":[{"width":541,"height":798,"url":"https:\/\/vitraaz.ee\/wp-content\/uploads\/2025\/04\/hsin-kor.jpg","type":"image\/jpeg"}],"twitter_card":"summary_large_image","twitter_misc":{"Arvioitu lukuaika":"1 minuutti"},"schema":{"@context":"https:\/\/schema.org","@graph":[{"@type":"WebPage","@id":"https:\/\/vitraaz.ee\/fi\/toode\/logoga-auhind\/","url":"https:\/\/vitraaz.ee\/fi\/toode\/logoga-auhind\/","name":"Logoga auhind - Vitraaz.ee","isPartOf":{"@id":"https:\/\/vitraaz.ee\/fi\/#website"},"primaryImageOfPage":{"@id":"https:\/\/vitraaz.ee\/fi\/toode\/logoga-auhind\/#primaryimage"},"image":{"@id":"https:\/\/vitraaz.ee\/fi\/toode\/logoga-auhind\/#primaryimage"},"thumbnailUrl":"https:\/\/vitraaz.ee\/wp-content\/uploads\/2025\/04\/hsin-kor.jpg","datePublished":"2025-04-16T11:03:23+00:00","description":"Lisame soovitud teksti ja logo, et kujundada sellest toorikust just teile sobiv auhind. Ajatu ja lihtne disain ning kaunis v\u00e4rv.","breadcrumb":{"@id":"https:\/\/vitraaz.ee\/fi\/toode\/logoga-auhind\/#breadcrumb"},"inLanguage":"fi","potentialAction":[{"@type":"ReadAction","target":["https:\/\/vitraaz.ee\/fi\/toode\/logoga-auhind\/"]}]},{"@type":"ImageObject","inLanguage":"fi","@id":"https:\/\/vitraaz.ee\/fi\/toode\/logoga-auhind\/#primaryimage","url":"https:\/\/vitraaz.ee\/wp-content\/uploads\/2025\/04\/hsin-kor.jpg","contentUrl":"https:\/\/vitraaz.ee\/wp-content\/uploads\/2025\/04\/hsin-kor.jpg","width":541,"height":798,"caption":"Klaasauhind"},{"@type":"BreadcrumbList","@id":"https:\/\/vitraaz.ee\/fi\/toode\/logoga-auhind\/#breadcrumb","itemListElement":[{"@type":"ListItem","position":1,"name":"Home","item":"https:\/\/vitraaz.ee\/fi\/"},{"@type":"ListItem","position":2,"name":"Pood","item":"https:\/\/vitraaz.ee\/pood\/"},{"@type":"ListItem","position":3,"name":"Logoga auhind"}]},{"@type":"WebSite","@id":"https:\/\/vitraaz.ee\/fi\/#website","url":"https:\/\/vitraaz.ee\/fi\/","name":"Vitraaz.ee","description":"Klaasinterj&ouml;&ouml;r","publisher":{"@id":"https:\/\/vitraaz.ee\/fi\/#organization"},"potentialAction":[{"@type":"SearchAction","target":{"@type":"EntryPoint","urlTemplate":"https:\/\/vitraaz.ee\/fi\/?s={search_term_string}"},"query-input":{"@type":"PropertyValueSpecification","valueRequired":true,"valueName":"search_term_string"}}],"inLanguage":"fi"},{"@type":"Organization","@id":"https:\/\/vitraaz.ee\/fi\/#organization","name":"KLAASINTERJ\u00d6\u00d6R O\u00dc","url":"https:\/\/vitraaz.ee\/fi\/","logo":{"@type":"ImageObject","inLanguage":"fi","@id":"https:\/\/vitraaz.ee\/fi\/#\/schema\/logo\/image\/","url":"https:\/\/vitraaz.ee\/wp-content\/uploads\/2022\/09\/logoKI.png","contentUrl":"https:\/\/vitraaz.ee\/wp-content\/uploads\/2022\/09\/logoKI.png","width":1159,"height":458,"caption":"KLAASINTERJ\u00d6\u00d6R O\u00dc"},"image":{"@id":"https:\/\/vitraaz.ee\/fi\/#\/schema\/logo\/image\/"},"sameAs":["https:\/\/www.facebook.com\/Klaasinterjoor"]}]}},"_links":{"self":[{"href":"https:\/\/vitraaz.ee\/fi\/wp-json\/wp\/v2\/product\/8631","targetHints":{"allow":["GET"]}}],"collection":[{"href":"https:\/\/vitraaz.ee\/fi\/wp-json\/wp\/v2\/product"}],"about":[{"href":"https:\/\/vitraaz.ee\/fi\/wp-json\/wp\/v2\/types\/product"}],"version-history":[{"count":1,"href":"https:\/\/vitraaz.ee\/fi\/wp-json\/wp\/v2\/product\/8631\/revisions"}],"predecessor-version":[{"id":8640,"href":"https:\/\/vitraaz.ee\/fi\/wp-json\/wp\/v2\/product\/8631\/revisions\/8640"}],"wp:featuredmedia":[{"embeddable":true,"href":"https:\/\/vitraaz.ee\/fi\/wp-json\/wp\/v2\/media\/8632"}],"wp:attachment":[{"href":"https:\/\/vitraaz.ee\/fi\/wp-json\/wp\/v2\/media?parent=8631"}],"wp:term":[{"taxonomy":"product_brand","embeddable":true,"href":"https:\/\/vitraaz.ee\/fi\/wp-json\/wp\/v2\/product_brand?post=8631"},{"taxonomy":"product_cat","embeddable":true,"href":"https:\/\/vitraaz.ee\/fi\/wp-json\/wp\/v2\/product_cat?post=8631"},{"taxonomy":"product_tag","embeddable":true,"href":"https:\/\/vitraaz.ee\/fi\/wp-json\/wp\/v2\/product_tag?post=8631"}],"curies":[{"name":"wp","href":"https:\/\/api.w.org\/{rel}","templated":true}]}}