{"id":8628,"date":"2025-04-16T10:25:19","date_gmt":"2025-04-16T10:25:19","guid":{"rendered":"https:\/\/vitraaz.ee\/?post_type=product&#038;p=8628"},"modified":"2025-04-16T11:43:52","modified_gmt":"2025-04-16T11:43:52","slug":"tunnustusauhind","status":"publish","type":"product","link":"https:\/\/vitraaz.ee\/fi\/toode\/tunnustusauhind\/","title":{"rendered":"Tunnustusauhind"},"content":{"rendered":"<p>Tunnustusauhind s\u00e4ravsinisest klaasist. Nii ettev\u00f5tted kui asutused vajavad aegajalt meeneid tunnustus\u00fcritustele v\u00f5i t\u00e4nugaladele. See armas v\u00e4iksem\u00f5\u00f5duline ent v\u00e4ga silmapaistev meene sobib selleks suurep\u00e4raselt. Meene toorik on valmistatud k\u00e4sitsi sinisest sulatusklaasist. Puidust alus on samuti valminud k\u00e4sit\u00f6\u00f6na ning peitsitud tumedaks. Tegu on toorikuga, kuhu saab lisada nii teksti kui logo. P\u00e4rast ostu sooritamist palun edasta meile soovitud tekst ja logo, et saaksime teha kujunduse just teile. Tellimise soovi v\u00f5ib edastada ka e-posti aadressile info@vitraaz.ee. Meenega on kaasas sobiv pakend. Palume arvestada tellimuse t\u00e4itmise ajaks keskmiselt 5 t\u00f6\u00f6p\u00e4eva. K\u00f5ikide \u00fcksikasjade selgitamiseks oleme alati k\u00e4ttesaadavad e-kirja teel.<\/p>\n","protected":false},"excerpt":{"rendered":"<p>Tunnustusauhind s\u00e4ravsinisest klaasist. Nii ettev\u00f5tted kui asutused vajavad aegajalt meeneid tunnustus\u00fcritustele v\u00f5i t\u00e4nugaladele. See armas v\u00e4iksem\u00f5\u00f5duline ent v\u00e4ga silmapaistev meene sobib selleks suurep\u00e4raselt. Meene toorik on valmistatud k\u00e4sitsi sinisest sulatusklaasist. Puidust alus on samuti valminud k\u00e4sit\u00f6\u00f6na ning peitsitud tumedaks. Tegu on toorikuga, kuhu saab lisada nii teksti kui logo. P\u00e4rast ostu sooritamist palun edasta meile [&hellip;]<\/p>\n","protected":false},"featured_media":8623,"template":"","meta":{"_acf_changed":false},"product_brand":[],"product_cat":[38],"product_tag":[],"class_list":{"0":"post-8628","1":"product","2":"type-product","3":"status-publish","4":"has-post-thumbnail","6":"product_cat-auhinnad","8":"first","9":"instock","10":"taxable","11":"shipping-taxable","12":"purchasable","13":"product-type-simple"},"acf":[],"yoast_head":"<!-- This site is optimized with the Yoast SEO plugin v27.3 - https:\/\/yoast.com\/product\/yoast-seo-wordpress\/ -->\n<title>Tunnustusauhind - Vitraaz.ee<\/title>\n<meta name=\"description\" content=\"S\u00e4ravsinisest klaasist tunnustusauhind sinu \u00fcritusele. Lisame toorikule teksti ja logo. V\u00e4ike aga pilkup\u00fc\u00fcdev klaasist ja puidust auhind.\" \/>\n<meta name=\"robots\" content=\"index, follow, max-snippet:-1, max-image-preview:large, max-video-preview:-1\" \/>\n<link rel=\"canonical\" href=\"https:\/\/vitraaz.ee\/fi\/toode\/tunnustusauhind\/\" \/>\n<meta property=\"og:locale\" content=\"fi_FI\" \/>\n<meta property=\"og:type\" content=\"article\" \/>\n<meta property=\"og:title\" content=\"Tunnustusauhind - Vitraaz.ee\" \/>\n<meta property=\"og:description\" content=\"S\u00e4ravsinisest klaasist tunnustusauhind sinu \u00fcritusele. Lisame toorikule teksti ja logo. V\u00e4ike aga pilkup\u00fc\u00fcdev klaasist ja puidust auhind.\" \/>\n<meta property=\"og:url\" content=\"https:\/\/vitraaz.ee\/fi\/toode\/tunnustusauhind\/\" \/>\n<meta property=\"og:site_name\" content=\"Vitraaz.ee\" \/>\n<meta property=\"article:publisher\" content=\"https:\/\/www.facebook.com\/Klaasinterjoor\" \/>\n<meta property=\"article:modified_time\" content=\"2025-04-16T11:43:52+00:00\" \/>\n<meta property=\"og:image\" content=\"https:\/\/vitraaz.ee\/wp-content\/uploads\/2025\/04\/tsin.jpg\" \/>\n\t<meta property=\"og:image:width\" content=\"1182\" \/>\n\t<meta property=\"og:image:height\" content=\"798\" \/>\n\t<meta property=\"og:image:type\" content=\"image\/jpeg\" \/>\n<meta name=\"twitter:card\" content=\"summary_large_image\" \/>\n<meta name=\"twitter:label1\" content=\"Arvioitu lukuaika\" \/>\n\t<meta name=\"twitter:data1\" content=\"1 minuutti\" \/>\n<script type=\"application\/ld+json\" class=\"yoast-schema-graph\">{\"@context\":\"https:\\\/\\\/schema.org\",\"@graph\":[{\"@type\":\"WebPage\",\"@id\":\"https:\\\/\\\/vitraaz.ee\\\/fi\\\/toode\\\/tunnustusauhind\\\/\",\"url\":\"https:\\\/\\\/vitraaz.ee\\\/fi\\\/toode\\\/tunnustusauhind\\\/\",\"name\":\"Tunnustusauhind - Vitraaz.ee\",\"isPartOf\":{\"@id\":\"https:\\\/\\\/vitraaz.ee\\\/fi\\\/#website\"},\"primaryImageOfPage\":{\"@id\":\"https:\\\/\\\/vitraaz.ee\\\/fi\\\/toode\\\/tunnustusauhind\\\/#primaryimage\"},\"image\":{\"@id\":\"https:\\\/\\\/vitraaz.ee\\\/fi\\\/toode\\\/tunnustusauhind\\\/#primaryimage\"},\"thumbnailUrl\":\"https:\\\/\\\/vitraaz.ee\\\/wp-content\\\/uploads\\\/2025\\\/04\\\/tsin.jpg\",\"datePublished\":\"2025-04-16T10:25:19+00:00\",\"dateModified\":\"2025-04-16T11:43:52+00:00\",\"description\":\"S\u00e4ravsinisest klaasist tunnustusauhind sinu \u00fcritusele. Lisame toorikule teksti ja logo. V\u00e4ike aga pilkup\u00fc\u00fcdev klaasist ja puidust auhind.\",\"breadcrumb\":{\"@id\":\"https:\\\/\\\/vitraaz.ee\\\/fi\\\/toode\\\/tunnustusauhind\\\/#breadcrumb\"},\"inLanguage\":\"fi\",\"potentialAction\":[{\"@type\":\"ReadAction\",\"target\":[\"https:\\\/\\\/vitraaz.ee\\\/fi\\\/toode\\\/tunnustusauhind\\\/\"]}]},{\"@type\":\"ImageObject\",\"inLanguage\":\"fi\",\"@id\":\"https:\\\/\\\/vitraaz.ee\\\/fi\\\/toode\\\/tunnustusauhind\\\/#primaryimage\",\"url\":\"https:\\\/\\\/vitraaz.ee\\\/wp-content\\\/uploads\\\/2025\\\/04\\\/tsin.jpg\",\"contentUrl\":\"https:\\\/\\\/vitraaz.ee\\\/wp-content\\\/uploads\\\/2025\\\/04\\\/tsin.jpg\",\"width\":1182,\"height\":798,\"caption\":\"puidust ja klaasist auhind\"},{\"@type\":\"BreadcrumbList\",\"@id\":\"https:\\\/\\\/vitraaz.ee\\\/fi\\\/toode\\\/tunnustusauhind\\\/#breadcrumb\",\"itemListElement\":[{\"@type\":\"ListItem\",\"position\":1,\"name\":\"Home\",\"item\":\"https:\\\/\\\/vitraaz.ee\\\/fi\\\/\"},{\"@type\":\"ListItem\",\"position\":2,\"name\":\"Pood\",\"item\":\"https:\\\/\\\/vitraaz.ee\\\/pood\\\/\"},{\"@type\":\"ListItem\",\"position\":3,\"name\":\"Tunnustusauhind\"}]},{\"@type\":\"WebSite\",\"@id\":\"https:\\\/\\\/vitraaz.ee\\\/fi\\\/#website\",\"url\":\"https:\\\/\\\/vitraaz.ee\\\/fi\\\/\",\"name\":\"Vitraaz.ee\",\"description\":\"Klaasinterj&ouml;&ouml;r\",\"publisher\":{\"@id\":\"https:\\\/\\\/vitraaz.ee\\\/fi\\\/#organization\"},\"potentialAction\":[{\"@type\":\"SearchAction\",\"target\":{\"@type\":\"EntryPoint\",\"urlTemplate\":\"https:\\\/\\\/vitraaz.ee\\\/fi\\\/?s={search_term_string}\"},\"query-input\":{\"@type\":\"PropertyValueSpecification\",\"valueRequired\":true,\"valueName\":\"search_term_string\"}}],\"inLanguage\":\"fi\"},{\"@type\":\"Organization\",\"@id\":\"https:\\\/\\\/vitraaz.ee\\\/fi\\\/#organization\",\"name\":\"KLAASINTERJ\u00d6\u00d6R O\u00dc\",\"url\":\"https:\\\/\\\/vitraaz.ee\\\/fi\\\/\",\"logo\":{\"@type\":\"ImageObject\",\"inLanguage\":\"fi\",\"@id\":\"https:\\\/\\\/vitraaz.ee\\\/fi\\\/#\\\/schema\\\/logo\\\/image\\\/\",\"url\":\"https:\\\/\\\/vitraaz.ee\\\/wp-content\\\/uploads\\\/2022\\\/09\\\/logoKI.png\",\"contentUrl\":\"https:\\\/\\\/vitraaz.ee\\\/wp-content\\\/uploads\\\/2022\\\/09\\\/logoKI.png\",\"width\":1159,\"height\":458,\"caption\":\"KLAASINTERJ\u00d6\u00d6R O\u00dc\"},\"image\":{\"@id\":\"https:\\\/\\\/vitraaz.ee\\\/fi\\\/#\\\/schema\\\/logo\\\/image\\\/\"},\"sameAs\":[\"https:\\\/\\\/www.facebook.com\\\/Klaasinterjoor\"]}]}<\/script>\n<!-- \/ Yoast SEO plugin. -->","yoast_head_json":{"title":"Tunnustusauhind - Vitraaz.ee","description":"S\u00e4ravsinisest klaasist tunnustusauhind sinu \u00fcritusele. Lisame toorikule teksti ja logo. V\u00e4ike aga pilkup\u00fc\u00fcdev klaasist ja puidust auhind.","robots":{"index":"index","follow":"follow","max-snippet":"max-snippet:-1","max-image-preview":"max-image-preview:large","max-video-preview":"max-video-preview:-1"},"canonical":"https:\/\/vitraaz.ee\/fi\/toode\/tunnustusauhind\/","og_locale":"fi_FI","og_type":"article","og_title":"Tunnustusauhind - Vitraaz.ee","og_description":"S\u00e4ravsinisest klaasist tunnustusauhind sinu \u00fcritusele. Lisame toorikule teksti ja logo. V\u00e4ike aga pilkup\u00fc\u00fcdev klaasist ja puidust auhind.","og_url":"https:\/\/vitraaz.ee\/fi\/toode\/tunnustusauhind\/","og_site_name":"Vitraaz.ee","article_publisher":"https:\/\/www.facebook.com\/Klaasinterjoor","article_modified_time":"2025-04-16T11:43:52+00:00","og_image":[{"width":1182,"height":798,"url":"https:\/\/vitraaz.ee\/wp-content\/uploads\/2025\/04\/tsin.jpg","type":"image\/jpeg"}],"twitter_card":"summary_large_image","twitter_misc":{"Arvioitu lukuaika":"1 minuutti"},"schema":{"@context":"https:\/\/schema.org","@graph":[{"@type":"WebPage","@id":"https:\/\/vitraaz.ee\/fi\/toode\/tunnustusauhind\/","url":"https:\/\/vitraaz.ee\/fi\/toode\/tunnustusauhind\/","name":"Tunnustusauhind - Vitraaz.ee","isPartOf":{"@id":"https:\/\/vitraaz.ee\/fi\/#website"},"primaryImageOfPage":{"@id":"https:\/\/vitraaz.ee\/fi\/toode\/tunnustusauhind\/#primaryimage"},"image":{"@id":"https:\/\/vitraaz.ee\/fi\/toode\/tunnustusauhind\/#primaryimage"},"thumbnailUrl":"https:\/\/vitraaz.ee\/wp-content\/uploads\/2025\/04\/tsin.jpg","datePublished":"2025-04-16T10:25:19+00:00","dateModified":"2025-04-16T11:43:52+00:00","description":"S\u00e4ravsinisest klaasist tunnustusauhind sinu \u00fcritusele. Lisame toorikule teksti ja logo. V\u00e4ike aga pilkup\u00fc\u00fcdev klaasist ja puidust auhind.","breadcrumb":{"@id":"https:\/\/vitraaz.ee\/fi\/toode\/tunnustusauhind\/#breadcrumb"},"inLanguage":"fi","potentialAction":[{"@type":"ReadAction","target":["https:\/\/vitraaz.ee\/fi\/toode\/tunnustusauhind\/"]}]},{"@type":"ImageObject","inLanguage":"fi","@id":"https:\/\/vitraaz.ee\/fi\/toode\/tunnustusauhind\/#primaryimage","url":"https:\/\/vitraaz.ee\/wp-content\/uploads\/2025\/04\/tsin.jpg","contentUrl":"https:\/\/vitraaz.ee\/wp-content\/uploads\/2025\/04\/tsin.jpg","width":1182,"height":798,"caption":"puidust ja klaasist auhind"},{"@type":"BreadcrumbList","@id":"https:\/\/vitraaz.ee\/fi\/toode\/tunnustusauhind\/#breadcrumb","itemListElement":[{"@type":"ListItem","position":1,"name":"Home","item":"https:\/\/vitraaz.ee\/fi\/"},{"@type":"ListItem","position":2,"name":"Pood","item":"https:\/\/vitraaz.ee\/pood\/"},{"@type":"ListItem","position":3,"name":"Tunnustusauhind"}]},{"@type":"WebSite","@id":"https:\/\/vitraaz.ee\/fi\/#website","url":"https:\/\/vitraaz.ee\/fi\/","name":"Vitraaz.ee","description":"Klaasinterj&ouml;&ouml;r","publisher":{"@id":"https:\/\/vitraaz.ee\/fi\/#organization"},"potentialAction":[{"@type":"SearchAction","target":{"@type":"EntryPoint","urlTemplate":"https:\/\/vitraaz.ee\/fi\/?s={search_term_string}"},"query-input":{"@type":"PropertyValueSpecification","valueRequired":true,"valueName":"search_term_string"}}],"inLanguage":"fi"},{"@type":"Organization","@id":"https:\/\/vitraaz.ee\/fi\/#organization","name":"KLAASINTERJ\u00d6\u00d6R O\u00dc","url":"https:\/\/vitraaz.ee\/fi\/","logo":{"@type":"ImageObject","inLanguage":"fi","@id":"https:\/\/vitraaz.ee\/fi\/#\/schema\/logo\/image\/","url":"https:\/\/vitraaz.ee\/wp-content\/uploads\/2022\/09\/logoKI.png","contentUrl":"https:\/\/vitraaz.ee\/wp-content\/uploads\/2022\/09\/logoKI.png","width":1159,"height":458,"caption":"KLAASINTERJ\u00d6\u00d6R O\u00dc"},"image":{"@id":"https:\/\/vitraaz.ee\/fi\/#\/schema\/logo\/image\/"},"sameAs":["https:\/\/www.facebook.com\/Klaasinterjoor"]}]}},"_links":{"self":[{"href":"https:\/\/vitraaz.ee\/fi\/wp-json\/wp\/v2\/product\/8628","targetHints":{"allow":["GET"]}}],"collection":[{"href":"https:\/\/vitraaz.ee\/fi\/wp-json\/wp\/v2\/product"}],"about":[{"href":"https:\/\/vitraaz.ee\/fi\/wp-json\/wp\/v2\/types\/product"}],"version-history":[{"count":2,"href":"https:\/\/vitraaz.ee\/fi\/wp-json\/wp\/v2\/product\/8628\/revisions"}],"predecessor-version":[{"id":8630,"href":"https:\/\/vitraaz.ee\/fi\/wp-json\/wp\/v2\/product\/8628\/revisions\/8630"}],"wp:featuredmedia":[{"embeddable":true,"href":"https:\/\/vitraaz.ee\/fi\/wp-json\/wp\/v2\/media\/8623"}],"wp:attachment":[{"href":"https:\/\/vitraaz.ee\/fi\/wp-json\/wp\/v2\/media?parent=8628"}],"wp:term":[{"taxonomy":"product_brand","embeddable":true,"href":"https:\/\/vitraaz.ee\/fi\/wp-json\/wp\/v2\/product_brand?post=8628"},{"taxonomy":"product_cat","embeddable":true,"href":"https:\/\/vitraaz.ee\/fi\/wp-json\/wp\/v2\/product_cat?post=8628"},{"taxonomy":"product_tag","embeddable":true,"href":"https:\/\/vitraaz.ee\/fi\/wp-json\/wp\/v2\/product_tag?post=8628"}],"curies":[{"name":"wp","href":"https:\/\/api.w.org\/{rel}","templated":true}]}}