{"id":8606,"date":"2025-04-16T10:00:25","date_gmt":"2025-04-16T10:00:25","guid":{"rendered":"https:\/\/vitraaz.ee\/?post_type=product&#038;p=8606"},"modified":"2025-04-16T11:42:48","modified_gmt":"2025-04-16T11:42:48","slug":"roheline-klaasist-auhind","status":"publish","type":"product","link":"https:\/\/vitraaz.ee\/fi\/toode\/roheline-klaasist-auhind\/","title":{"rendered":"Roheline klaasist auhind"},"content":{"rendered":"<p>Roheline klaasist auhind tumedast puidust alusel.\u00a0 Erikujuline auhind on erkroheline ning paistab kindlasti silma. Telli toorikule soovitud tekst ja logo. Kujundame sellest just sinu s\u00fcndmusele sobiva auhinna. Toorik on piisavalt suur ka pikema teksti paigutamiseks. \u00c4ra muretse, teksti kujunduse ja paigutamise teeme sinu eest! P\u00e4rast ostu sooritamist e-poest v\u00f5ta meiega \u00fchendust e-kirja teel, et edastada soovitud tekstid ja logo. Soovi korral v\u00f5id tellimuse esitada ka lihtsalt e-kirja teel. Palun arvestage meenete tellimisel\u00a0 keskmiselt viiep\u00e4evase tellimuse t\u00e4itmise ajaga, sest valmistame auhinnad spetsiaalselt teile. Iga auhind on pakitud karpi, et neid oleks kergem transportida. Tutvu e-poes ka teiste v\u00e4rvide ja kujudega. See auhinna toorik on m\u00f5\u00f5tudega: 220&#215;140 mm.<\/p>\n","protected":false},"excerpt":{"rendered":"<p>Roheline klaasist auhind tumedast puidust alusel.\u00a0 Erikujuline auhind on erkroheline ning paistab kindlasti silma. Telli toorikule soovitud tekst ja logo. Kujundame sellest just sinu s\u00fcndmusele sobiva auhinna. Toorik on piisavalt suur ka pikema teksti paigutamiseks. \u00c4ra muretse, teksti kujunduse ja paigutamise teeme sinu eest! P\u00e4rast ostu sooritamist e-poest v\u00f5ta meiega \u00fchendust e-kirja teel, et edastada [&hellip;]<\/p>\n","protected":false},"featured_media":8607,"template":"","meta":{"_acf_changed":false},"product_brand":[],"product_cat":[38],"product_tag":[],"class_list":{"0":"post-8606","1":"product","2":"type-product","3":"status-publish","4":"has-post-thumbnail","6":"product_cat-auhinnad","8":"first","9":"instock","10":"taxable","11":"shipping-taxable","12":"purchasable","13":"product-type-simple"},"acf":[],"yoast_head":"<!-- This site is optimized with the Yoast SEO plugin v27.3 - https:\/\/yoast.com\/product\/yoast-seo-wordpress\/ -->\n<title>Roheline klaasist auhind - Vitraaz.ee<\/title>\n<meta name=\"description\" content=\"Roheline klaasist auhind - s\u00e4rav ja silmapaistev, piisavalt suur ja n\u00e4gus. Kujundame toorikust just teie asutuse n\u00e4gu meene.\" \/>\n<meta name=\"robots\" content=\"index, follow, max-snippet:-1, max-image-preview:large, max-video-preview:-1\" \/>\n<link rel=\"canonical\" href=\"https:\/\/vitraaz.ee\/fi\/toode\/roheline-klaasist-auhind\/\" \/>\n<meta property=\"og:locale\" content=\"fi_FI\" \/>\n<meta property=\"og:type\" content=\"article\" \/>\n<meta property=\"og:title\" content=\"Roheline klaasist auhind - Vitraaz.ee\" \/>\n<meta property=\"og:description\" content=\"Roheline klaasist auhind - s\u00e4rav ja silmapaistev, piisavalt suur ja n\u00e4gus. Kujundame toorikust just teie asutuse n\u00e4gu meene.\" \/>\n<meta property=\"og:url\" content=\"https:\/\/vitraaz.ee\/fi\/toode\/roheline-klaasist-auhind\/\" \/>\n<meta property=\"og:site_name\" content=\"Vitraaz.ee\" \/>\n<meta property=\"article:publisher\" content=\"https:\/\/www.facebook.com\/Klaasinterjoor\" \/>\n<meta property=\"article:modified_time\" content=\"2025-04-16T11:42:48+00:00\" \/>\n<meta property=\"og:image\" content=\"https:\/\/vitraaz.ee\/wp-content\/uploads\/2025\/04\/roh-erik.jpg\" \/>\n\t<meta property=\"og:image:width\" content=\"1194\" \/>\n\t<meta property=\"og:image:height\" content=\"798\" \/>\n\t<meta property=\"og:image:type\" content=\"image\/jpeg\" \/>\n<meta name=\"twitter:card\" content=\"summary_large_image\" \/>\n<meta name=\"twitter:label1\" content=\"Arvioitu lukuaika\" \/>\n\t<meta name=\"twitter:data1\" content=\"1 minuutti\" \/>\n<script type=\"application\/ld+json\" class=\"yoast-schema-graph\">{\"@context\":\"https:\\\/\\\/schema.org\",\"@graph\":[{\"@type\":\"WebPage\",\"@id\":\"https:\\\/\\\/vitraaz.ee\\\/fi\\\/toode\\\/roheline-klaasist-auhind\\\/\",\"url\":\"https:\\\/\\\/vitraaz.ee\\\/fi\\\/toode\\\/roheline-klaasist-auhind\\\/\",\"name\":\"Roheline klaasist auhind - Vitraaz.ee\",\"isPartOf\":{\"@id\":\"https:\\\/\\\/vitraaz.ee\\\/fi\\\/#website\"},\"primaryImageOfPage\":{\"@id\":\"https:\\\/\\\/vitraaz.ee\\\/fi\\\/toode\\\/roheline-klaasist-auhind\\\/#primaryimage\"},\"image\":{\"@id\":\"https:\\\/\\\/vitraaz.ee\\\/fi\\\/toode\\\/roheline-klaasist-auhind\\\/#primaryimage\"},\"thumbnailUrl\":\"https:\\\/\\\/vitraaz.ee\\\/wp-content\\\/uploads\\\/2025\\\/04\\\/roh-erik.jpg\",\"datePublished\":\"2025-04-16T10:00:25+00:00\",\"dateModified\":\"2025-04-16T11:42:48+00:00\",\"description\":\"Roheline klaasist auhind - s\u00e4rav ja silmapaistev, piisavalt suur ja n\u00e4gus. Kujundame toorikust just teie asutuse n\u00e4gu meene.\",\"breadcrumb\":{\"@id\":\"https:\\\/\\\/vitraaz.ee\\\/fi\\\/toode\\\/roheline-klaasist-auhind\\\/#breadcrumb\"},\"inLanguage\":\"fi\",\"potentialAction\":[{\"@type\":\"ReadAction\",\"target\":[\"https:\\\/\\\/vitraaz.ee\\\/fi\\\/toode\\\/roheline-klaasist-auhind\\\/\"]}]},{\"@type\":\"ImageObject\",\"inLanguage\":\"fi\",\"@id\":\"https:\\\/\\\/vitraaz.ee\\\/fi\\\/toode\\\/roheline-klaasist-auhind\\\/#primaryimage\",\"url\":\"https:\\\/\\\/vitraaz.ee\\\/wp-content\\\/uploads\\\/2025\\\/04\\\/roh-erik.jpg\",\"contentUrl\":\"https:\\\/\\\/vitraaz.ee\\\/wp-content\\\/uploads\\\/2025\\\/04\\\/roh-erik.jpg\",\"width\":1194,\"height\":798},{\"@type\":\"BreadcrumbList\",\"@id\":\"https:\\\/\\\/vitraaz.ee\\\/fi\\\/toode\\\/roheline-klaasist-auhind\\\/#breadcrumb\",\"itemListElement\":[{\"@type\":\"ListItem\",\"position\":1,\"name\":\"Home\",\"item\":\"https:\\\/\\\/vitraaz.ee\\\/fi\\\/\"},{\"@type\":\"ListItem\",\"position\":2,\"name\":\"Pood\",\"item\":\"https:\\\/\\\/vitraaz.ee\\\/pood\\\/\"},{\"@type\":\"ListItem\",\"position\":3,\"name\":\"Roheline klaasist auhind\"}]},{\"@type\":\"WebSite\",\"@id\":\"https:\\\/\\\/vitraaz.ee\\\/fi\\\/#website\",\"url\":\"https:\\\/\\\/vitraaz.ee\\\/fi\\\/\",\"name\":\"Vitraaz.ee\",\"description\":\"Klaasinterj&ouml;&ouml;r\",\"publisher\":{\"@id\":\"https:\\\/\\\/vitraaz.ee\\\/fi\\\/#organization\"},\"potentialAction\":[{\"@type\":\"SearchAction\",\"target\":{\"@type\":\"EntryPoint\",\"urlTemplate\":\"https:\\\/\\\/vitraaz.ee\\\/fi\\\/?s={search_term_string}\"},\"query-input\":{\"@type\":\"PropertyValueSpecification\",\"valueRequired\":true,\"valueName\":\"search_term_string\"}}],\"inLanguage\":\"fi\"},{\"@type\":\"Organization\",\"@id\":\"https:\\\/\\\/vitraaz.ee\\\/fi\\\/#organization\",\"name\":\"KLAASINTERJ\u00d6\u00d6R O\u00dc\",\"url\":\"https:\\\/\\\/vitraaz.ee\\\/fi\\\/\",\"logo\":{\"@type\":\"ImageObject\",\"inLanguage\":\"fi\",\"@id\":\"https:\\\/\\\/vitraaz.ee\\\/fi\\\/#\\\/schema\\\/logo\\\/image\\\/\",\"url\":\"https:\\\/\\\/vitraaz.ee\\\/wp-content\\\/uploads\\\/2022\\\/09\\\/logoKI.png\",\"contentUrl\":\"https:\\\/\\\/vitraaz.ee\\\/wp-content\\\/uploads\\\/2022\\\/09\\\/logoKI.png\",\"width\":1159,\"height\":458,\"caption\":\"KLAASINTERJ\u00d6\u00d6R O\u00dc\"},\"image\":{\"@id\":\"https:\\\/\\\/vitraaz.ee\\\/fi\\\/#\\\/schema\\\/logo\\\/image\\\/\"},\"sameAs\":[\"https:\\\/\\\/www.facebook.com\\\/Klaasinterjoor\"]}]}<\/script>\n<!-- \/ Yoast SEO plugin. -->","yoast_head_json":{"title":"Roheline klaasist auhind - Vitraaz.ee","description":"Roheline klaasist auhind - s\u00e4rav ja silmapaistev, piisavalt suur ja n\u00e4gus. Kujundame toorikust just teie asutuse n\u00e4gu meene.","robots":{"index":"index","follow":"follow","max-snippet":"max-snippet:-1","max-image-preview":"max-image-preview:large","max-video-preview":"max-video-preview:-1"},"canonical":"https:\/\/vitraaz.ee\/fi\/toode\/roheline-klaasist-auhind\/","og_locale":"fi_FI","og_type":"article","og_title":"Roheline klaasist auhind - Vitraaz.ee","og_description":"Roheline klaasist auhind - s\u00e4rav ja silmapaistev, piisavalt suur ja n\u00e4gus. Kujundame toorikust just teie asutuse n\u00e4gu meene.","og_url":"https:\/\/vitraaz.ee\/fi\/toode\/roheline-klaasist-auhind\/","og_site_name":"Vitraaz.ee","article_publisher":"https:\/\/www.facebook.com\/Klaasinterjoor","article_modified_time":"2025-04-16T11:42:48+00:00","og_image":[{"width":1194,"height":798,"url":"https:\/\/vitraaz.ee\/wp-content\/uploads\/2025\/04\/roh-erik.jpg","type":"image\/jpeg"}],"twitter_card":"summary_large_image","twitter_misc":{"Arvioitu lukuaika":"1 minuutti"},"schema":{"@context":"https:\/\/schema.org","@graph":[{"@type":"WebPage","@id":"https:\/\/vitraaz.ee\/fi\/toode\/roheline-klaasist-auhind\/","url":"https:\/\/vitraaz.ee\/fi\/toode\/roheline-klaasist-auhind\/","name":"Roheline klaasist auhind - Vitraaz.ee","isPartOf":{"@id":"https:\/\/vitraaz.ee\/fi\/#website"},"primaryImageOfPage":{"@id":"https:\/\/vitraaz.ee\/fi\/toode\/roheline-klaasist-auhind\/#primaryimage"},"image":{"@id":"https:\/\/vitraaz.ee\/fi\/toode\/roheline-klaasist-auhind\/#primaryimage"},"thumbnailUrl":"https:\/\/vitraaz.ee\/wp-content\/uploads\/2025\/04\/roh-erik.jpg","datePublished":"2025-04-16T10:00:25+00:00","dateModified":"2025-04-16T11:42:48+00:00","description":"Roheline klaasist auhind - s\u00e4rav ja silmapaistev, piisavalt suur ja n\u00e4gus. Kujundame toorikust just teie asutuse n\u00e4gu meene.","breadcrumb":{"@id":"https:\/\/vitraaz.ee\/fi\/toode\/roheline-klaasist-auhind\/#breadcrumb"},"inLanguage":"fi","potentialAction":[{"@type":"ReadAction","target":["https:\/\/vitraaz.ee\/fi\/toode\/roheline-klaasist-auhind\/"]}]},{"@type":"ImageObject","inLanguage":"fi","@id":"https:\/\/vitraaz.ee\/fi\/toode\/roheline-klaasist-auhind\/#primaryimage","url":"https:\/\/vitraaz.ee\/wp-content\/uploads\/2025\/04\/roh-erik.jpg","contentUrl":"https:\/\/vitraaz.ee\/wp-content\/uploads\/2025\/04\/roh-erik.jpg","width":1194,"height":798},{"@type":"BreadcrumbList","@id":"https:\/\/vitraaz.ee\/fi\/toode\/roheline-klaasist-auhind\/#breadcrumb","itemListElement":[{"@type":"ListItem","position":1,"name":"Home","item":"https:\/\/vitraaz.ee\/fi\/"},{"@type":"ListItem","position":2,"name":"Pood","item":"https:\/\/vitraaz.ee\/pood\/"},{"@type":"ListItem","position":3,"name":"Roheline klaasist auhind"}]},{"@type":"WebSite","@id":"https:\/\/vitraaz.ee\/fi\/#website","url":"https:\/\/vitraaz.ee\/fi\/","name":"Vitraaz.ee","description":"Klaasinterj&ouml;&ouml;r","publisher":{"@id":"https:\/\/vitraaz.ee\/fi\/#organization"},"potentialAction":[{"@type":"SearchAction","target":{"@type":"EntryPoint","urlTemplate":"https:\/\/vitraaz.ee\/fi\/?s={search_term_string}"},"query-input":{"@type":"PropertyValueSpecification","valueRequired":true,"valueName":"search_term_string"}}],"inLanguage":"fi"},{"@type":"Organization","@id":"https:\/\/vitraaz.ee\/fi\/#organization","name":"KLAASINTERJ\u00d6\u00d6R O\u00dc","url":"https:\/\/vitraaz.ee\/fi\/","logo":{"@type":"ImageObject","inLanguage":"fi","@id":"https:\/\/vitraaz.ee\/fi\/#\/schema\/logo\/image\/","url":"https:\/\/vitraaz.ee\/wp-content\/uploads\/2022\/09\/logoKI.png","contentUrl":"https:\/\/vitraaz.ee\/wp-content\/uploads\/2022\/09\/logoKI.png","width":1159,"height":458,"caption":"KLAASINTERJ\u00d6\u00d6R O\u00dc"},"image":{"@id":"https:\/\/vitraaz.ee\/fi\/#\/schema\/logo\/image\/"},"sameAs":["https:\/\/www.facebook.com\/Klaasinterjoor"]}]}},"_links":{"self":[{"href":"https:\/\/vitraaz.ee\/fi\/wp-json\/wp\/v2\/product\/8606","targetHints":{"allow":["GET"]}}],"collection":[{"href":"https:\/\/vitraaz.ee\/fi\/wp-json\/wp\/v2\/product"}],"about":[{"href":"https:\/\/vitraaz.ee\/fi\/wp-json\/wp\/v2\/types\/product"}],"version-history":[{"count":1,"href":"https:\/\/vitraaz.ee\/fi\/wp-json\/wp\/v2\/product\/8606\/revisions"}],"predecessor-version":[{"id":8627,"href":"https:\/\/vitraaz.ee\/fi\/wp-json\/wp\/v2\/product\/8606\/revisions\/8627"}],"wp:featuredmedia":[{"embeddable":true,"href":"https:\/\/vitraaz.ee\/fi\/wp-json\/wp\/v2\/media\/8607"}],"wp:attachment":[{"href":"https:\/\/vitraaz.ee\/fi\/wp-json\/wp\/v2\/media?parent=8606"}],"wp:term":[{"taxonomy":"product_brand","embeddable":true,"href":"https:\/\/vitraaz.ee\/fi\/wp-json\/wp\/v2\/product_brand?post=8606"},{"taxonomy":"product_cat","embeddable":true,"href":"https:\/\/vitraaz.ee\/fi\/wp-json\/wp\/v2\/product_cat?post=8606"},{"taxonomy":"product_tag","embeddable":true,"href":"https:\/\/vitraaz.ee\/fi\/wp-json\/wp\/v2\/product_tag?post=8606"}],"curies":[{"name":"wp","href":"https:\/\/api.w.org\/{rel}","templated":true}]}}