{"id":8590,"date":"2025-04-16T09:42:06","date_gmt":"2025-04-16T09:42:06","guid":{"rendered":"https:\/\/vitraaz.ee\/?post_type=product&#038;p=8590"},"modified":"2025-04-16T09:44:41","modified_gmt":"2025-04-16T09:44:41","slug":"erikujuline-klaasmeene","status":"publish","type":"product","link":"https:\/\/vitraaz.ee\/fi\/toode\/erikujuline-klaasmeene\/","title":{"rendered":"Erikujuline klaasmeene"},"content":{"rendered":"<p>Erikujuline klaasmeene puidust alusel. Meenetoorik on valmistatud k\u00e4sitsi. See on ideaalne l\u00f5uend oman\u00e4olise auhinna v\u00f5i meene kujundamiseks. Meene suurus 210x 150mm. Meene toorik on piisavalt suur ja t\u00e4helepanuv\u00e4\u00e4rne, et igal \u00fcritusel silma paista. Sellele meenele on v\u00f5imalik paigutada nii logo kui rohkelt teksti. Anna meile \u00fcksikasjadest teada e-kirja teel p\u00e4rast ostu sooritamist. Tekstid ja logod kanname klaasile liivapritsiga.\u00a0 Tellimiseks v\u00f5ib saata ka e-kirja. M\u00f5lemal juhul peaks arvestama tellimuse valmimise ajaks keskmiselt 5 t\u00f6\u00f6p\u00e4eva. Enne l\u00f5plikku valmimist saame eelnevalt saata teksti ja meene kujunduse. Iga meene on pakitud eraldi karpi mugavaks transportimiseks.<\/p>\n","protected":false},"excerpt":{"rendered":"<p>Erikujuline klaasmeene puidust alusel. Meenetoorik on valmistatud k\u00e4sitsi. See on ideaalne l\u00f5uend oman\u00e4olise auhinna v\u00f5i meene kujundamiseks. Meene suurus 210x 150mm. Meene toorik on piisavalt suur ja t\u00e4helepanuv\u00e4\u00e4rne, et igal \u00fcritusel silma paista. Sellele meenele on v\u00f5imalik paigutada nii logo kui rohkelt teksti. Anna meile \u00fcksikasjadest teada e-kirja teel p\u00e4rast ostu sooritamist. Tekstid ja logod [&hellip;]<\/p>\n","protected":false},"featured_media":8591,"template":"","meta":{"_acf_changed":false},"product_brand":[],"product_cat":[38,123],"product_tag":[],"class_list":{"0":"post-8590","1":"product","2":"type-product","3":"status-publish","4":"has-post-thumbnail","6":"product_cat-auhinnad","7":"product_cat-vaikimisi","9":"first","10":"instock","11":"taxable","12":"shipping-taxable","13":"purchasable","14":"product-type-simple"},"acf":[],"yoast_head":"<!-- This site is optimized with the Yoast SEO plugin v27.3 - https:\/\/yoast.com\/product\/yoast-seo-wordpress\/ -->\n<title>Erikujuline klaasmeene - Vitraaz.ee<\/title>\n<meta name=\"description\" content=\"See erikujuline klaasmeene toorik sobib h\u00e4sti nii t\u00e4nu\u00fcritustele kui auhindade jagamisele. Teeme sellest toorikust sinu asutuse n\u00e4gu meene.\" \/>\n<meta name=\"robots\" content=\"index, follow, max-snippet:-1, max-image-preview:large, max-video-preview:-1\" \/>\n<link rel=\"canonical\" href=\"https:\/\/vitraaz.ee\/fi\/toode\/erikujuline-klaasmeene\/\" \/>\n<meta property=\"og:locale\" content=\"fi_FI\" \/>\n<meta property=\"og:type\" content=\"article\" \/>\n<meta property=\"og:title\" content=\"Erikujuline klaasmeene - Vitraaz.ee\" \/>\n<meta property=\"og:description\" content=\"See erikujuline klaasmeene toorik sobib h\u00e4sti nii t\u00e4nu\u00fcritustele kui auhindade jagamisele. Teeme sellest toorikust sinu asutuse n\u00e4gu meene.\" \/>\n<meta property=\"og:url\" content=\"https:\/\/vitraaz.ee\/fi\/toode\/erikujuline-klaasmeene\/\" \/>\n<meta property=\"og:site_name\" content=\"Vitraaz.ee\" \/>\n<meta property=\"article:publisher\" content=\"https:\/\/www.facebook.com\/Klaasinterjoor\" \/>\n<meta property=\"article:modified_time\" content=\"2025-04-16T09:44:41+00:00\" \/>\n<meta property=\"og:image\" content=\"https:\/\/vitraaz.ee\/wp-content\/uploads\/2025\/04\/kirgas1.jpg\" \/>\n\t<meta property=\"og:image:width\" content=\"1215\" \/>\n\t<meta property=\"og:image:height\" content=\"798\" \/>\n\t<meta property=\"og:image:type\" content=\"image\/jpeg\" \/>\n<meta name=\"twitter:card\" content=\"summary_large_image\" \/>\n<meta name=\"twitter:label1\" content=\"Arvioitu lukuaika\" \/>\n\t<meta name=\"twitter:data1\" content=\"1 minuutti\" \/>\n<script type=\"application\/ld+json\" class=\"yoast-schema-graph\">{\"@context\":\"https:\\\/\\\/schema.org\",\"@graph\":[{\"@type\":\"WebPage\",\"@id\":\"https:\\\/\\\/vitraaz.ee\\\/fi\\\/toode\\\/erikujuline-klaasmeene\\\/\",\"url\":\"https:\\\/\\\/vitraaz.ee\\\/fi\\\/toode\\\/erikujuline-klaasmeene\\\/\",\"name\":\"Erikujuline klaasmeene - Vitraaz.ee\",\"isPartOf\":{\"@id\":\"https:\\\/\\\/vitraaz.ee\\\/fi\\\/#website\"},\"primaryImageOfPage\":{\"@id\":\"https:\\\/\\\/vitraaz.ee\\\/fi\\\/toode\\\/erikujuline-klaasmeene\\\/#primaryimage\"},\"image\":{\"@id\":\"https:\\\/\\\/vitraaz.ee\\\/fi\\\/toode\\\/erikujuline-klaasmeene\\\/#primaryimage\"},\"thumbnailUrl\":\"https:\\\/\\\/vitraaz.ee\\\/wp-content\\\/uploads\\\/2025\\\/04\\\/kirgas1.jpg\",\"datePublished\":\"2025-04-16T09:42:06+00:00\",\"dateModified\":\"2025-04-16T09:44:41+00:00\",\"description\":\"See erikujuline klaasmeene toorik sobib h\u00e4sti nii t\u00e4nu\u00fcritustele kui auhindade jagamisele. Teeme sellest toorikust sinu asutuse n\u00e4gu meene.\",\"breadcrumb\":{\"@id\":\"https:\\\/\\\/vitraaz.ee\\\/fi\\\/toode\\\/erikujuline-klaasmeene\\\/#breadcrumb\"},\"inLanguage\":\"fi\",\"potentialAction\":[{\"@type\":\"ReadAction\",\"target\":[\"https:\\\/\\\/vitraaz.ee\\\/fi\\\/toode\\\/erikujuline-klaasmeene\\\/\"]}]},{\"@type\":\"ImageObject\",\"inLanguage\":\"fi\",\"@id\":\"https:\\\/\\\/vitraaz.ee\\\/fi\\\/toode\\\/erikujuline-klaasmeene\\\/#primaryimage\",\"url\":\"https:\\\/\\\/vitraaz.ee\\\/wp-content\\\/uploads\\\/2025\\\/04\\\/kirgas1.jpg\",\"contentUrl\":\"https:\\\/\\\/vitraaz.ee\\\/wp-content\\\/uploads\\\/2025\\\/04\\\/kirgas1.jpg\",\"width\":1215,\"height\":798,\"caption\":\"Klaasist meene\"},{\"@type\":\"BreadcrumbList\",\"@id\":\"https:\\\/\\\/vitraaz.ee\\\/fi\\\/toode\\\/erikujuline-klaasmeene\\\/#breadcrumb\",\"itemListElement\":[{\"@type\":\"ListItem\",\"position\":1,\"name\":\"Home\",\"item\":\"https:\\\/\\\/vitraaz.ee\\\/fi\\\/\"},{\"@type\":\"ListItem\",\"position\":2,\"name\":\"Pood\",\"item\":\"https:\\\/\\\/vitraaz.ee\\\/pood\\\/\"},{\"@type\":\"ListItem\",\"position\":3,\"name\":\"Erikujuline klaasmeene\"}]},{\"@type\":\"WebSite\",\"@id\":\"https:\\\/\\\/vitraaz.ee\\\/fi\\\/#website\",\"url\":\"https:\\\/\\\/vitraaz.ee\\\/fi\\\/\",\"name\":\"Vitraaz.ee\",\"description\":\"Klaasinterj&ouml;&ouml;r\",\"publisher\":{\"@id\":\"https:\\\/\\\/vitraaz.ee\\\/fi\\\/#organization\"},\"potentialAction\":[{\"@type\":\"SearchAction\",\"target\":{\"@type\":\"EntryPoint\",\"urlTemplate\":\"https:\\\/\\\/vitraaz.ee\\\/fi\\\/?s={search_term_string}\"},\"query-input\":{\"@type\":\"PropertyValueSpecification\",\"valueRequired\":true,\"valueName\":\"search_term_string\"}}],\"inLanguage\":\"fi\"},{\"@type\":\"Organization\",\"@id\":\"https:\\\/\\\/vitraaz.ee\\\/fi\\\/#organization\",\"name\":\"KLAASINTERJ\u00d6\u00d6R O\u00dc\",\"url\":\"https:\\\/\\\/vitraaz.ee\\\/fi\\\/\",\"logo\":{\"@type\":\"ImageObject\",\"inLanguage\":\"fi\",\"@id\":\"https:\\\/\\\/vitraaz.ee\\\/fi\\\/#\\\/schema\\\/logo\\\/image\\\/\",\"url\":\"https:\\\/\\\/vitraaz.ee\\\/wp-content\\\/uploads\\\/2022\\\/09\\\/logoKI.png\",\"contentUrl\":\"https:\\\/\\\/vitraaz.ee\\\/wp-content\\\/uploads\\\/2022\\\/09\\\/logoKI.png\",\"width\":1159,\"height\":458,\"caption\":\"KLAASINTERJ\u00d6\u00d6R O\u00dc\"},\"image\":{\"@id\":\"https:\\\/\\\/vitraaz.ee\\\/fi\\\/#\\\/schema\\\/logo\\\/image\\\/\"},\"sameAs\":[\"https:\\\/\\\/www.facebook.com\\\/Klaasinterjoor\"]}]}<\/script>\n<!-- \/ Yoast SEO plugin. -->","yoast_head_json":{"title":"Erikujuline klaasmeene - Vitraaz.ee","description":"See erikujuline klaasmeene toorik sobib h\u00e4sti nii t\u00e4nu\u00fcritustele kui auhindade jagamisele. Teeme sellest toorikust sinu asutuse n\u00e4gu meene.","robots":{"index":"index","follow":"follow","max-snippet":"max-snippet:-1","max-image-preview":"max-image-preview:large","max-video-preview":"max-video-preview:-1"},"canonical":"https:\/\/vitraaz.ee\/fi\/toode\/erikujuline-klaasmeene\/","og_locale":"fi_FI","og_type":"article","og_title":"Erikujuline klaasmeene - Vitraaz.ee","og_description":"See erikujuline klaasmeene toorik sobib h\u00e4sti nii t\u00e4nu\u00fcritustele kui auhindade jagamisele. Teeme sellest toorikust sinu asutuse n\u00e4gu meene.","og_url":"https:\/\/vitraaz.ee\/fi\/toode\/erikujuline-klaasmeene\/","og_site_name":"Vitraaz.ee","article_publisher":"https:\/\/www.facebook.com\/Klaasinterjoor","article_modified_time":"2025-04-16T09:44:41+00:00","og_image":[{"width":1215,"height":798,"url":"https:\/\/vitraaz.ee\/wp-content\/uploads\/2025\/04\/kirgas1.jpg","type":"image\/jpeg"}],"twitter_card":"summary_large_image","twitter_misc":{"Arvioitu lukuaika":"1 minuutti"},"schema":{"@context":"https:\/\/schema.org","@graph":[{"@type":"WebPage","@id":"https:\/\/vitraaz.ee\/fi\/toode\/erikujuline-klaasmeene\/","url":"https:\/\/vitraaz.ee\/fi\/toode\/erikujuline-klaasmeene\/","name":"Erikujuline klaasmeene - Vitraaz.ee","isPartOf":{"@id":"https:\/\/vitraaz.ee\/fi\/#website"},"primaryImageOfPage":{"@id":"https:\/\/vitraaz.ee\/fi\/toode\/erikujuline-klaasmeene\/#primaryimage"},"image":{"@id":"https:\/\/vitraaz.ee\/fi\/toode\/erikujuline-klaasmeene\/#primaryimage"},"thumbnailUrl":"https:\/\/vitraaz.ee\/wp-content\/uploads\/2025\/04\/kirgas1.jpg","datePublished":"2025-04-16T09:42:06+00:00","dateModified":"2025-04-16T09:44:41+00:00","description":"See erikujuline klaasmeene toorik sobib h\u00e4sti nii t\u00e4nu\u00fcritustele kui auhindade jagamisele. Teeme sellest toorikust sinu asutuse n\u00e4gu meene.","breadcrumb":{"@id":"https:\/\/vitraaz.ee\/fi\/toode\/erikujuline-klaasmeene\/#breadcrumb"},"inLanguage":"fi","potentialAction":[{"@type":"ReadAction","target":["https:\/\/vitraaz.ee\/fi\/toode\/erikujuline-klaasmeene\/"]}]},{"@type":"ImageObject","inLanguage":"fi","@id":"https:\/\/vitraaz.ee\/fi\/toode\/erikujuline-klaasmeene\/#primaryimage","url":"https:\/\/vitraaz.ee\/wp-content\/uploads\/2025\/04\/kirgas1.jpg","contentUrl":"https:\/\/vitraaz.ee\/wp-content\/uploads\/2025\/04\/kirgas1.jpg","width":1215,"height":798,"caption":"Klaasist meene"},{"@type":"BreadcrumbList","@id":"https:\/\/vitraaz.ee\/fi\/toode\/erikujuline-klaasmeene\/#breadcrumb","itemListElement":[{"@type":"ListItem","position":1,"name":"Home","item":"https:\/\/vitraaz.ee\/fi\/"},{"@type":"ListItem","position":2,"name":"Pood","item":"https:\/\/vitraaz.ee\/pood\/"},{"@type":"ListItem","position":3,"name":"Erikujuline klaasmeene"}]},{"@type":"WebSite","@id":"https:\/\/vitraaz.ee\/fi\/#website","url":"https:\/\/vitraaz.ee\/fi\/","name":"Vitraaz.ee","description":"Klaasinterj&ouml;&ouml;r","publisher":{"@id":"https:\/\/vitraaz.ee\/fi\/#organization"},"potentialAction":[{"@type":"SearchAction","target":{"@type":"EntryPoint","urlTemplate":"https:\/\/vitraaz.ee\/fi\/?s={search_term_string}"},"query-input":{"@type":"PropertyValueSpecification","valueRequired":true,"valueName":"search_term_string"}}],"inLanguage":"fi"},{"@type":"Organization","@id":"https:\/\/vitraaz.ee\/fi\/#organization","name":"KLAASINTERJ\u00d6\u00d6R O\u00dc","url":"https:\/\/vitraaz.ee\/fi\/","logo":{"@type":"ImageObject","inLanguage":"fi","@id":"https:\/\/vitraaz.ee\/fi\/#\/schema\/logo\/image\/","url":"https:\/\/vitraaz.ee\/wp-content\/uploads\/2022\/09\/logoKI.png","contentUrl":"https:\/\/vitraaz.ee\/wp-content\/uploads\/2022\/09\/logoKI.png","width":1159,"height":458,"caption":"KLAASINTERJ\u00d6\u00d6R O\u00dc"},"image":{"@id":"https:\/\/vitraaz.ee\/fi\/#\/schema\/logo\/image\/"},"sameAs":["https:\/\/www.facebook.com\/Klaasinterjoor"]}]}},"_links":{"self":[{"href":"https:\/\/vitraaz.ee\/fi\/wp-json\/wp\/v2\/product\/8590","targetHints":{"allow":["GET"]}}],"collection":[{"href":"https:\/\/vitraaz.ee\/fi\/wp-json\/wp\/v2\/product"}],"about":[{"href":"https:\/\/vitraaz.ee\/fi\/wp-json\/wp\/v2\/types\/product"}],"version-history":[{"count":1,"href":"https:\/\/vitraaz.ee\/fi\/wp-json\/wp\/v2\/product\/8590\/revisions"}],"predecessor-version":[{"id":8603,"href":"https:\/\/vitraaz.ee\/fi\/wp-json\/wp\/v2\/product\/8590\/revisions\/8603"}],"wp:featuredmedia":[{"embeddable":true,"href":"https:\/\/vitraaz.ee\/fi\/wp-json\/wp\/v2\/media\/8591"}],"wp:attachment":[{"href":"https:\/\/vitraaz.ee\/fi\/wp-json\/wp\/v2\/media?parent=8590"}],"wp:term":[{"taxonomy":"product_brand","embeddable":true,"href":"https:\/\/vitraaz.ee\/fi\/wp-json\/wp\/v2\/product_brand?post=8590"},{"taxonomy":"product_cat","embeddable":true,"href":"https:\/\/vitraaz.ee\/fi\/wp-json\/wp\/v2\/product_cat?post=8590"},{"taxonomy":"product_tag","embeddable":true,"href":"https:\/\/vitraaz.ee\/fi\/wp-json\/wp\/v2\/product_tag?post=8590"}],"curies":[{"name":"wp","href":"https:\/\/api.w.org\/{rel}","templated":true}]}}