{"id":8579,"date":"2025-04-16T09:09:22","date_gmt":"2025-04-16T09:09:22","guid":{"rendered":"https:\/\/vitraaz.ee\/?post_type=product&#038;p=8579"},"modified":"2025-04-16T09:09:49","modified_gmt":"2025-04-16T09:09:49","slug":"auhind-helesinisest-klaasist","status":"publish","type":"product","link":"https:\/\/vitraaz.ee\/fi\/toode\/auhind-helesinisest-klaasist\/","title":{"rendered":"Auhind helesinisest klaasist"},"content":{"rendered":"<p>Auhind helesinisest klaasist. Horisontaalne auhind helesinisest sulatusklaasist puidust alusel. Auhind on valmistatud k\u00e4sitsi. Tegemist on auhinnatoorikuga, millele saame graveerida teile meelep\u00e4rase teksti ja logo. P\u00e4rast ostu sooritamist e-poest, v\u00f5ta meiega \u00fchendust e-kirja teel, et edastada logo ja tekst. Teeme tekstipaigutuse ja kujunduse. Auhinna tellimiseks v\u00f5ib ka otse e-kirja teel \u00fchendust v\u00f5tta. Saame valmistada teie poolt soovitud koguse. Oma s\u00e4rava v\u00e4rvi ja lihtsa disainiga sobib auhind nii t\u00e4nu kui tunnustus\u00fcritustele v\u00f5i lihtsalt ettev\u00f5tte meeneks. V\u00f5ta meiega \u00fchendust ja teeme sellest Teie asutuse n\u00e4gu auhinna. Iga meene on pakendatud eraldi karpi, et saajal oleks seda mugav transportida. Kuna klaasist auhind on vaja isikup\u00e4rastada, palume arvestada valmimisajaks keskmiselt 5 t\u00f6\u00f6p\u00e4eva. Auhindade valikust v\u00f5ite leida ka teiste v\u00e4rvitoonide ja kujuga auhindu.\u00a0 Erisoovide puhul saame samuti abiks olla.<\/p>\n","protected":false},"excerpt":{"rendered":"<p>Auhind helesinisest klaasist. Horisontaalne auhind helesinisest sulatusklaasist puidust alusel. Auhind on valmistatud k\u00e4sitsi. Tegemist on auhinnatoorikuga, millele saame graveerida teile meelep\u00e4rase teksti ja logo. P\u00e4rast ostu sooritamist e-poest, v\u00f5ta meiega \u00fchendust e-kirja teel, et edastada logo ja tekst. Teeme tekstipaigutuse ja kujunduse. Auhinna tellimiseks v\u00f5ib ka otse e-kirja teel \u00fchendust v\u00f5tta. Saame valmistada teie poolt [&hellip;]<\/p>\n","protected":false},"featured_media":8580,"template":"","meta":{"_acf_changed":false},"product_brand":[],"product_cat":[38],"product_tag":[],"class_list":{"0":"post-8579","1":"product","2":"type-product","3":"status-publish","4":"has-post-thumbnail","6":"product_cat-auhinnad","8":"first","9":"instock","10":"taxable","11":"shipping-taxable","12":"purchasable","13":"product-type-simple"},"acf":[],"yoast_head":"<!-- This site is optimized with the Yoast SEO plugin v27.3 - https:\/\/yoast.com\/product\/yoast-seo-wordpress\/ -->\n<title>Auhind helesinisest klaasist - Vitraaz.ee<\/title>\n<meta name=\"description\" content=\"Auhind helesinisest klaasist: horisontaalne meenetoorik peitsitud puidust alusel. V\u00f5ta meiega \u00fchendust, et tellida toorikule tekst ja logo.\" \/>\n<meta name=\"robots\" content=\"index, follow, max-snippet:-1, max-image-preview:large, max-video-preview:-1\" \/>\n<link rel=\"canonical\" href=\"https:\/\/vitraaz.ee\/fi\/toode\/auhind-helesinisest-klaasist\/\" \/>\n<meta property=\"og:locale\" content=\"fi_FI\" \/>\n<meta property=\"og:type\" content=\"article\" \/>\n<meta property=\"og:title\" content=\"Auhind helesinisest klaasist - Vitraaz.ee\" \/>\n<meta property=\"og:description\" content=\"Auhind helesinisest klaasist: horisontaalne meenetoorik peitsitud puidust alusel. V\u00f5ta meiega \u00fchendust, et tellida toorikule tekst ja logo.\" \/>\n<meta property=\"og:url\" content=\"https:\/\/vitraaz.ee\/fi\/toode\/auhind-helesinisest-klaasist\/\" \/>\n<meta property=\"og:site_name\" content=\"Vitraaz.ee\" \/>\n<meta property=\"article:publisher\" content=\"https:\/\/www.facebook.com\/Klaasinterjoor\" \/>\n<meta property=\"article:modified_time\" content=\"2025-04-16T09:09:49+00:00\" \/>\n<meta property=\"og:image\" content=\"https:\/\/vitraaz.ee\/wp-content\/uploads\/2025\/04\/helesinine.jpg\" \/>\n\t<meta property=\"og:image:width\" content=\"1186\" \/>\n\t<meta property=\"og:image:height\" content=\"798\" \/>\n\t<meta property=\"og:image:type\" content=\"image\/jpeg\" \/>\n<meta name=\"twitter:card\" content=\"summary_large_image\" \/>\n<meta name=\"twitter:label1\" content=\"Arvioitu lukuaika\" \/>\n\t<meta name=\"twitter:data1\" content=\"1 minuutti\" \/>\n<script type=\"application\/ld+json\" class=\"yoast-schema-graph\">{\"@context\":\"https:\\\/\\\/schema.org\",\"@graph\":[{\"@type\":\"WebPage\",\"@id\":\"https:\\\/\\\/vitraaz.ee\\\/fi\\\/toode\\\/auhind-helesinisest-klaasist\\\/\",\"url\":\"https:\\\/\\\/vitraaz.ee\\\/fi\\\/toode\\\/auhind-helesinisest-klaasist\\\/\",\"name\":\"Auhind helesinisest klaasist - Vitraaz.ee\",\"isPartOf\":{\"@id\":\"https:\\\/\\\/vitraaz.ee\\\/fi\\\/#website\"},\"primaryImageOfPage\":{\"@id\":\"https:\\\/\\\/vitraaz.ee\\\/fi\\\/toode\\\/auhind-helesinisest-klaasist\\\/#primaryimage\"},\"image\":{\"@id\":\"https:\\\/\\\/vitraaz.ee\\\/fi\\\/toode\\\/auhind-helesinisest-klaasist\\\/#primaryimage\"},\"thumbnailUrl\":\"https:\\\/\\\/vitraaz.ee\\\/wp-content\\\/uploads\\\/2025\\\/04\\\/helesinine.jpg\",\"datePublished\":\"2025-04-16T09:09:22+00:00\",\"dateModified\":\"2025-04-16T09:09:49+00:00\",\"description\":\"Auhind helesinisest klaasist: horisontaalne meenetoorik peitsitud puidust alusel. V\u00f5ta meiega \u00fchendust, et tellida toorikule tekst ja logo.\",\"breadcrumb\":{\"@id\":\"https:\\\/\\\/vitraaz.ee\\\/fi\\\/toode\\\/auhind-helesinisest-klaasist\\\/#breadcrumb\"},\"inLanguage\":\"fi\",\"potentialAction\":[{\"@type\":\"ReadAction\",\"target\":[\"https:\\\/\\\/vitraaz.ee\\\/fi\\\/toode\\\/auhind-helesinisest-klaasist\\\/\"]}]},{\"@type\":\"ImageObject\",\"inLanguage\":\"fi\",\"@id\":\"https:\\\/\\\/vitraaz.ee\\\/fi\\\/toode\\\/auhind-helesinisest-klaasist\\\/#primaryimage\",\"url\":\"https:\\\/\\\/vitraaz.ee\\\/wp-content\\\/uploads\\\/2025\\\/04\\\/helesinine.jpg\",\"contentUrl\":\"https:\\\/\\\/vitraaz.ee\\\/wp-content\\\/uploads\\\/2025\\\/04\\\/helesinine.jpg\",\"width\":1186,\"height\":798,\"caption\":\"puidust alusel klaasist auhind\"},{\"@type\":\"BreadcrumbList\",\"@id\":\"https:\\\/\\\/vitraaz.ee\\\/fi\\\/toode\\\/auhind-helesinisest-klaasist\\\/#breadcrumb\",\"itemListElement\":[{\"@type\":\"ListItem\",\"position\":1,\"name\":\"Home\",\"item\":\"https:\\\/\\\/vitraaz.ee\\\/fi\\\/\"},{\"@type\":\"ListItem\",\"position\":2,\"name\":\"Pood\",\"item\":\"https:\\\/\\\/vitraaz.ee\\\/pood\\\/\"},{\"@type\":\"ListItem\",\"position\":3,\"name\":\"Auhind helesinisest klaasist\"}]},{\"@type\":\"WebSite\",\"@id\":\"https:\\\/\\\/vitraaz.ee\\\/fi\\\/#website\",\"url\":\"https:\\\/\\\/vitraaz.ee\\\/fi\\\/\",\"name\":\"Vitraaz.ee\",\"description\":\"Klaasinterj&ouml;&ouml;r\",\"publisher\":{\"@id\":\"https:\\\/\\\/vitraaz.ee\\\/fi\\\/#organization\"},\"potentialAction\":[{\"@type\":\"SearchAction\",\"target\":{\"@type\":\"EntryPoint\",\"urlTemplate\":\"https:\\\/\\\/vitraaz.ee\\\/fi\\\/?s={search_term_string}\"},\"query-input\":{\"@type\":\"PropertyValueSpecification\",\"valueRequired\":true,\"valueName\":\"search_term_string\"}}],\"inLanguage\":\"fi\"},{\"@type\":\"Organization\",\"@id\":\"https:\\\/\\\/vitraaz.ee\\\/fi\\\/#organization\",\"name\":\"KLAASINTERJ\u00d6\u00d6R O\u00dc\",\"url\":\"https:\\\/\\\/vitraaz.ee\\\/fi\\\/\",\"logo\":{\"@type\":\"ImageObject\",\"inLanguage\":\"fi\",\"@id\":\"https:\\\/\\\/vitraaz.ee\\\/fi\\\/#\\\/schema\\\/logo\\\/image\\\/\",\"url\":\"https:\\\/\\\/vitraaz.ee\\\/wp-content\\\/uploads\\\/2022\\\/09\\\/logoKI.png\",\"contentUrl\":\"https:\\\/\\\/vitraaz.ee\\\/wp-content\\\/uploads\\\/2022\\\/09\\\/logoKI.png\",\"width\":1159,\"height\":458,\"caption\":\"KLAASINTERJ\u00d6\u00d6R O\u00dc\"},\"image\":{\"@id\":\"https:\\\/\\\/vitraaz.ee\\\/fi\\\/#\\\/schema\\\/logo\\\/image\\\/\"},\"sameAs\":[\"https:\\\/\\\/www.facebook.com\\\/Klaasinterjoor\"]}]}<\/script>\n<!-- \/ Yoast SEO plugin. -->","yoast_head_json":{"title":"Auhind helesinisest klaasist - Vitraaz.ee","description":"Auhind helesinisest klaasist: horisontaalne meenetoorik peitsitud puidust alusel. V\u00f5ta meiega \u00fchendust, et tellida toorikule tekst ja logo.","robots":{"index":"index","follow":"follow","max-snippet":"max-snippet:-1","max-image-preview":"max-image-preview:large","max-video-preview":"max-video-preview:-1"},"canonical":"https:\/\/vitraaz.ee\/fi\/toode\/auhind-helesinisest-klaasist\/","og_locale":"fi_FI","og_type":"article","og_title":"Auhind helesinisest klaasist - Vitraaz.ee","og_description":"Auhind helesinisest klaasist: horisontaalne meenetoorik peitsitud puidust alusel. V\u00f5ta meiega \u00fchendust, et tellida toorikule tekst ja logo.","og_url":"https:\/\/vitraaz.ee\/fi\/toode\/auhind-helesinisest-klaasist\/","og_site_name":"Vitraaz.ee","article_publisher":"https:\/\/www.facebook.com\/Klaasinterjoor","article_modified_time":"2025-04-16T09:09:49+00:00","og_image":[{"width":1186,"height":798,"url":"https:\/\/vitraaz.ee\/wp-content\/uploads\/2025\/04\/helesinine.jpg","type":"image\/jpeg"}],"twitter_card":"summary_large_image","twitter_misc":{"Arvioitu lukuaika":"1 minuutti"},"schema":{"@context":"https:\/\/schema.org","@graph":[{"@type":"WebPage","@id":"https:\/\/vitraaz.ee\/fi\/toode\/auhind-helesinisest-klaasist\/","url":"https:\/\/vitraaz.ee\/fi\/toode\/auhind-helesinisest-klaasist\/","name":"Auhind helesinisest klaasist - Vitraaz.ee","isPartOf":{"@id":"https:\/\/vitraaz.ee\/fi\/#website"},"primaryImageOfPage":{"@id":"https:\/\/vitraaz.ee\/fi\/toode\/auhind-helesinisest-klaasist\/#primaryimage"},"image":{"@id":"https:\/\/vitraaz.ee\/fi\/toode\/auhind-helesinisest-klaasist\/#primaryimage"},"thumbnailUrl":"https:\/\/vitraaz.ee\/wp-content\/uploads\/2025\/04\/helesinine.jpg","datePublished":"2025-04-16T09:09:22+00:00","dateModified":"2025-04-16T09:09:49+00:00","description":"Auhind helesinisest klaasist: horisontaalne meenetoorik peitsitud puidust alusel. V\u00f5ta meiega \u00fchendust, et tellida toorikule tekst ja logo.","breadcrumb":{"@id":"https:\/\/vitraaz.ee\/fi\/toode\/auhind-helesinisest-klaasist\/#breadcrumb"},"inLanguage":"fi","potentialAction":[{"@type":"ReadAction","target":["https:\/\/vitraaz.ee\/fi\/toode\/auhind-helesinisest-klaasist\/"]}]},{"@type":"ImageObject","inLanguage":"fi","@id":"https:\/\/vitraaz.ee\/fi\/toode\/auhind-helesinisest-klaasist\/#primaryimage","url":"https:\/\/vitraaz.ee\/wp-content\/uploads\/2025\/04\/helesinine.jpg","contentUrl":"https:\/\/vitraaz.ee\/wp-content\/uploads\/2025\/04\/helesinine.jpg","width":1186,"height":798,"caption":"puidust alusel klaasist auhind"},{"@type":"BreadcrumbList","@id":"https:\/\/vitraaz.ee\/fi\/toode\/auhind-helesinisest-klaasist\/#breadcrumb","itemListElement":[{"@type":"ListItem","position":1,"name":"Home","item":"https:\/\/vitraaz.ee\/fi\/"},{"@type":"ListItem","position":2,"name":"Pood","item":"https:\/\/vitraaz.ee\/pood\/"},{"@type":"ListItem","position":3,"name":"Auhind helesinisest klaasist"}]},{"@type":"WebSite","@id":"https:\/\/vitraaz.ee\/fi\/#website","url":"https:\/\/vitraaz.ee\/fi\/","name":"Vitraaz.ee","description":"Klaasinterj&ouml;&ouml;r","publisher":{"@id":"https:\/\/vitraaz.ee\/fi\/#organization"},"potentialAction":[{"@type":"SearchAction","target":{"@type":"EntryPoint","urlTemplate":"https:\/\/vitraaz.ee\/fi\/?s={search_term_string}"},"query-input":{"@type":"PropertyValueSpecification","valueRequired":true,"valueName":"search_term_string"}}],"inLanguage":"fi"},{"@type":"Organization","@id":"https:\/\/vitraaz.ee\/fi\/#organization","name":"KLAASINTERJ\u00d6\u00d6R O\u00dc","url":"https:\/\/vitraaz.ee\/fi\/","logo":{"@type":"ImageObject","inLanguage":"fi","@id":"https:\/\/vitraaz.ee\/fi\/#\/schema\/logo\/image\/","url":"https:\/\/vitraaz.ee\/wp-content\/uploads\/2022\/09\/logoKI.png","contentUrl":"https:\/\/vitraaz.ee\/wp-content\/uploads\/2022\/09\/logoKI.png","width":1159,"height":458,"caption":"KLAASINTERJ\u00d6\u00d6R O\u00dc"},"image":{"@id":"https:\/\/vitraaz.ee\/fi\/#\/schema\/logo\/image\/"},"sameAs":["https:\/\/www.facebook.com\/Klaasinterjoor"]}]}},"_links":{"self":[{"href":"https:\/\/vitraaz.ee\/fi\/wp-json\/wp\/v2\/product\/8579","targetHints":{"allow":["GET"]}}],"collection":[{"href":"https:\/\/vitraaz.ee\/fi\/wp-json\/wp\/v2\/product"}],"about":[{"href":"https:\/\/vitraaz.ee\/fi\/wp-json\/wp\/v2\/types\/product"}],"version-history":[{"count":2,"href":"https:\/\/vitraaz.ee\/fi\/wp-json\/wp\/v2\/product\/8579\/revisions"}],"predecessor-version":[{"id":8589,"href":"https:\/\/vitraaz.ee\/fi\/wp-json\/wp\/v2\/product\/8579\/revisions\/8589"}],"wp:featuredmedia":[{"embeddable":true,"href":"https:\/\/vitraaz.ee\/fi\/wp-json\/wp\/v2\/media\/8580"}],"wp:attachment":[{"href":"https:\/\/vitraaz.ee\/fi\/wp-json\/wp\/v2\/media?parent=8579"}],"wp:term":[{"taxonomy":"product_brand","embeddable":true,"href":"https:\/\/vitraaz.ee\/fi\/wp-json\/wp\/v2\/product_brand?post=8579"},{"taxonomy":"product_cat","embeddable":true,"href":"https:\/\/vitraaz.ee\/fi\/wp-json\/wp\/v2\/product_cat?post=8579"},{"taxonomy":"product_tag","embeddable":true,"href":"https:\/\/vitraaz.ee\/fi\/wp-json\/wp\/v2\/product_tag?post=8579"}],"curies":[{"name":"wp","href":"https:\/\/api.w.org\/{rel}","templated":true}]}}