{"id":8568,"date":"2025-04-16T08:42:45","date_gmt":"2025-04-16T08:42:45","guid":{"rendered":"https:\/\/vitraaz.ee\/?post_type=product&#038;p=8568"},"modified":"2025-04-16T08:42:45","modified_gmt":"2025-04-16T08:42:45","slug":"punane-klaasauhind","status":"publish","type":"product","link":"https:\/\/vitraaz.ee\/fi\/toode\/punane-klaasauhind\/","title":{"rendered":"Punane klaasauhind"},"content":{"rendered":"<p>Punane klaasauhind on toorik, millele graveerime teie logo ja teksti. See v\u00e4ike, aga \u00e4\u00e4rmiselt s\u00e4rav auhind paistab silma igal t\u00e4nu\u00fcritusel v\u00f5i auhindade jagamisel. Auhind on valmistatud punasest sulatusklaasist ja puidust. Puidust alus on peitsitud. Auhind on m\u00f5\u00f5tudega 140&#215;120 mm. P\u00e4rast toote eest tasumist palun v\u00f5tke meiega \u00fchendust ning saatke meile oma logo ja tekst. Ostusoovist v\u00f5ib teavitada ka lihtsalt e-kirja teel, et \u00fcksikasjad kokku leppida. Teeme teile tekstipaigutuse ja kujunduse. Iga auhind on pakendatud karpi. Auhinna tellimisel palume arvestada tellimuse t\u00e4itmise ajaks keskmiselt kuni 5 t\u00f6\u00f6p\u00e4eva. Valmistame soovitud koguse. Kui punane ei sobitu teie ettev\u00f5tte v\u00f5i asutuse v\u00e4rvidega leiad e-poest veel palju teisi v\u00e4rve. Kui sobilikku ei leidu, kirjuta meile ning saame pakkuda ka teisi toone.<\/p>\n","protected":false},"excerpt":{"rendered":"<p>Punane klaasauhind on toorik, millele graveerime teie logo ja teksti. See v\u00e4ike, aga \u00e4\u00e4rmiselt s\u00e4rav auhind paistab silma igal t\u00e4nu\u00fcritusel v\u00f5i auhindade jagamisel. Auhind on valmistatud punasest sulatusklaasist ja puidust. Puidust alus on peitsitud. Auhind on m\u00f5\u00f5tudega 140&#215;120 mm. P\u00e4rast toote eest tasumist palun v\u00f5tke meiega \u00fchendust ning saatke meile oma logo ja tekst. Ostusoovist [&hellip;]<\/p>\n","protected":false},"featured_media":8569,"template":"","meta":{"_acf_changed":false},"product_brand":[],"product_cat":[38],"product_tag":[],"class_list":{"0":"post-8568","1":"product","2":"type-product","3":"status-publish","4":"has-post-thumbnail","6":"product_cat-auhinnad","8":"first","9":"instock","10":"taxable","11":"shipping-taxable","12":"purchasable","13":"product-type-simple"},"acf":[],"yoast_head":"<!-- This site is optimized with the Yoast SEO plugin v27.3 - https:\/\/yoast.com\/product\/yoast-seo-wordpress\/ -->\n<title>Punane klaasauhind - Vitraaz.ee<\/title>\n<meta name=\"description\" content=\"S\u00e4rav punane klaasauhind teie s\u00fcndmuse jaoks. Kujundame teksti ja lisame logo, et teha sellest teie ettev\u00f5tte v\u00f5i asutuse n\u00e4gu auhind.\" \/>\n<meta name=\"robots\" content=\"index, follow, max-snippet:-1, max-image-preview:large, max-video-preview:-1\" \/>\n<link rel=\"canonical\" href=\"https:\/\/vitraaz.ee\/fi\/toode\/punane-klaasauhind\/\" \/>\n<meta property=\"og:locale\" content=\"fi_FI\" \/>\n<meta property=\"og:type\" content=\"article\" \/>\n<meta property=\"og:title\" content=\"Punane klaasauhind - Vitraaz.ee\" \/>\n<meta property=\"og:description\" content=\"S\u00e4rav punane klaasauhind teie s\u00fcndmuse jaoks. Kujundame teksti ja lisame logo, et teha sellest teie ettev\u00f5tte v\u00f5i asutuse n\u00e4gu auhind.\" \/>\n<meta property=\"og:url\" content=\"https:\/\/vitraaz.ee\/fi\/toode\/punane-klaasauhind\/\" \/>\n<meta property=\"og:site_name\" content=\"Vitraaz.ee\" \/>\n<meta property=\"article:publisher\" content=\"https:\/\/www.facebook.com\/Klaasinterjoor\" \/>\n<meta property=\"og:image\" content=\"https:\/\/vitraaz.ee\/wp-content\/uploads\/2025\/04\/punane.jpg\" \/>\n\t<meta property=\"og:image:width\" content=\"1200\" \/>\n\t<meta property=\"og:image:height\" content=\"798\" \/>\n\t<meta property=\"og:image:type\" content=\"image\/jpeg\" \/>\n<meta name=\"twitter:card\" content=\"summary_large_image\" \/>\n<meta name=\"twitter:label1\" content=\"Arvioitu lukuaika\" \/>\n\t<meta name=\"twitter:data1\" content=\"1 minuutti\" \/>\n<script type=\"application\/ld+json\" class=\"yoast-schema-graph\">{\"@context\":\"https:\\\/\\\/schema.org\",\"@graph\":[{\"@type\":\"WebPage\",\"@id\":\"https:\\\/\\\/vitraaz.ee\\\/fi\\\/toode\\\/punane-klaasauhind\\\/\",\"url\":\"https:\\\/\\\/vitraaz.ee\\\/fi\\\/toode\\\/punane-klaasauhind\\\/\",\"name\":\"Punane klaasauhind - Vitraaz.ee\",\"isPartOf\":{\"@id\":\"https:\\\/\\\/vitraaz.ee\\\/fi\\\/#website\"},\"primaryImageOfPage\":{\"@id\":\"https:\\\/\\\/vitraaz.ee\\\/fi\\\/toode\\\/punane-klaasauhind\\\/#primaryimage\"},\"image\":{\"@id\":\"https:\\\/\\\/vitraaz.ee\\\/fi\\\/toode\\\/punane-klaasauhind\\\/#primaryimage\"},\"thumbnailUrl\":\"https:\\\/\\\/vitraaz.ee\\\/wp-content\\\/uploads\\\/2025\\\/04\\\/punane.jpg\",\"datePublished\":\"2025-04-16T08:42:45+00:00\",\"description\":\"S\u00e4rav punane klaasauhind teie s\u00fcndmuse jaoks. Kujundame teksti ja lisame logo, et teha sellest teie ettev\u00f5tte v\u00f5i asutuse n\u00e4gu auhind.\",\"breadcrumb\":{\"@id\":\"https:\\\/\\\/vitraaz.ee\\\/fi\\\/toode\\\/punane-klaasauhind\\\/#breadcrumb\"},\"inLanguage\":\"fi\",\"potentialAction\":[{\"@type\":\"ReadAction\",\"target\":[\"https:\\\/\\\/vitraaz.ee\\\/fi\\\/toode\\\/punane-klaasauhind\\\/\"]}]},{\"@type\":\"ImageObject\",\"inLanguage\":\"fi\",\"@id\":\"https:\\\/\\\/vitraaz.ee\\\/fi\\\/toode\\\/punane-klaasauhind\\\/#primaryimage\",\"url\":\"https:\\\/\\\/vitraaz.ee\\\/wp-content\\\/uploads\\\/2025\\\/04\\\/punane.jpg\",\"contentUrl\":\"https:\\\/\\\/vitraaz.ee\\\/wp-content\\\/uploads\\\/2025\\\/04\\\/punane.jpg\",\"width\":1200,\"height\":798,\"caption\":\"v\u00e4ike auhind\"},{\"@type\":\"BreadcrumbList\",\"@id\":\"https:\\\/\\\/vitraaz.ee\\\/fi\\\/toode\\\/punane-klaasauhind\\\/#breadcrumb\",\"itemListElement\":[{\"@type\":\"ListItem\",\"position\":1,\"name\":\"Home\",\"item\":\"https:\\\/\\\/vitraaz.ee\\\/fi\\\/\"},{\"@type\":\"ListItem\",\"position\":2,\"name\":\"Pood\",\"item\":\"https:\\\/\\\/vitraaz.ee\\\/pood\\\/\"},{\"@type\":\"ListItem\",\"position\":3,\"name\":\"Punane klaasauhind\"}]},{\"@type\":\"WebSite\",\"@id\":\"https:\\\/\\\/vitraaz.ee\\\/fi\\\/#website\",\"url\":\"https:\\\/\\\/vitraaz.ee\\\/fi\\\/\",\"name\":\"Vitraaz.ee\",\"description\":\"Klaasinterj&ouml;&ouml;r\",\"publisher\":{\"@id\":\"https:\\\/\\\/vitraaz.ee\\\/fi\\\/#organization\"},\"potentialAction\":[{\"@type\":\"SearchAction\",\"target\":{\"@type\":\"EntryPoint\",\"urlTemplate\":\"https:\\\/\\\/vitraaz.ee\\\/fi\\\/?s={search_term_string}\"},\"query-input\":{\"@type\":\"PropertyValueSpecification\",\"valueRequired\":true,\"valueName\":\"search_term_string\"}}],\"inLanguage\":\"fi\"},{\"@type\":\"Organization\",\"@id\":\"https:\\\/\\\/vitraaz.ee\\\/fi\\\/#organization\",\"name\":\"KLAASINTERJ\u00d6\u00d6R O\u00dc\",\"url\":\"https:\\\/\\\/vitraaz.ee\\\/fi\\\/\",\"logo\":{\"@type\":\"ImageObject\",\"inLanguage\":\"fi\",\"@id\":\"https:\\\/\\\/vitraaz.ee\\\/fi\\\/#\\\/schema\\\/logo\\\/image\\\/\",\"url\":\"https:\\\/\\\/vitraaz.ee\\\/wp-content\\\/uploads\\\/2022\\\/09\\\/logoKI.png\",\"contentUrl\":\"https:\\\/\\\/vitraaz.ee\\\/wp-content\\\/uploads\\\/2022\\\/09\\\/logoKI.png\",\"width\":1159,\"height\":458,\"caption\":\"KLAASINTERJ\u00d6\u00d6R O\u00dc\"},\"image\":{\"@id\":\"https:\\\/\\\/vitraaz.ee\\\/fi\\\/#\\\/schema\\\/logo\\\/image\\\/\"},\"sameAs\":[\"https:\\\/\\\/www.facebook.com\\\/Klaasinterjoor\"]}]}<\/script>\n<!-- \/ Yoast SEO plugin. -->","yoast_head_json":{"title":"Punane klaasauhind - Vitraaz.ee","description":"S\u00e4rav punane klaasauhind teie s\u00fcndmuse jaoks. Kujundame teksti ja lisame logo, et teha sellest teie ettev\u00f5tte v\u00f5i asutuse n\u00e4gu auhind.","robots":{"index":"index","follow":"follow","max-snippet":"max-snippet:-1","max-image-preview":"max-image-preview:large","max-video-preview":"max-video-preview:-1"},"canonical":"https:\/\/vitraaz.ee\/fi\/toode\/punane-klaasauhind\/","og_locale":"fi_FI","og_type":"article","og_title":"Punane klaasauhind - Vitraaz.ee","og_description":"S\u00e4rav punane klaasauhind teie s\u00fcndmuse jaoks. Kujundame teksti ja lisame logo, et teha sellest teie ettev\u00f5tte v\u00f5i asutuse n\u00e4gu auhind.","og_url":"https:\/\/vitraaz.ee\/fi\/toode\/punane-klaasauhind\/","og_site_name":"Vitraaz.ee","article_publisher":"https:\/\/www.facebook.com\/Klaasinterjoor","og_image":[{"width":1200,"height":798,"url":"https:\/\/vitraaz.ee\/wp-content\/uploads\/2025\/04\/punane.jpg","type":"image\/jpeg"}],"twitter_card":"summary_large_image","twitter_misc":{"Arvioitu lukuaika":"1 minuutti"},"schema":{"@context":"https:\/\/schema.org","@graph":[{"@type":"WebPage","@id":"https:\/\/vitraaz.ee\/fi\/toode\/punane-klaasauhind\/","url":"https:\/\/vitraaz.ee\/fi\/toode\/punane-klaasauhind\/","name":"Punane klaasauhind - Vitraaz.ee","isPartOf":{"@id":"https:\/\/vitraaz.ee\/fi\/#website"},"primaryImageOfPage":{"@id":"https:\/\/vitraaz.ee\/fi\/toode\/punane-klaasauhind\/#primaryimage"},"image":{"@id":"https:\/\/vitraaz.ee\/fi\/toode\/punane-klaasauhind\/#primaryimage"},"thumbnailUrl":"https:\/\/vitraaz.ee\/wp-content\/uploads\/2025\/04\/punane.jpg","datePublished":"2025-04-16T08:42:45+00:00","description":"S\u00e4rav punane klaasauhind teie s\u00fcndmuse jaoks. Kujundame teksti ja lisame logo, et teha sellest teie ettev\u00f5tte v\u00f5i asutuse n\u00e4gu auhind.","breadcrumb":{"@id":"https:\/\/vitraaz.ee\/fi\/toode\/punane-klaasauhind\/#breadcrumb"},"inLanguage":"fi","potentialAction":[{"@type":"ReadAction","target":["https:\/\/vitraaz.ee\/fi\/toode\/punane-klaasauhind\/"]}]},{"@type":"ImageObject","inLanguage":"fi","@id":"https:\/\/vitraaz.ee\/fi\/toode\/punane-klaasauhind\/#primaryimage","url":"https:\/\/vitraaz.ee\/wp-content\/uploads\/2025\/04\/punane.jpg","contentUrl":"https:\/\/vitraaz.ee\/wp-content\/uploads\/2025\/04\/punane.jpg","width":1200,"height":798,"caption":"v\u00e4ike auhind"},{"@type":"BreadcrumbList","@id":"https:\/\/vitraaz.ee\/fi\/toode\/punane-klaasauhind\/#breadcrumb","itemListElement":[{"@type":"ListItem","position":1,"name":"Home","item":"https:\/\/vitraaz.ee\/fi\/"},{"@type":"ListItem","position":2,"name":"Pood","item":"https:\/\/vitraaz.ee\/pood\/"},{"@type":"ListItem","position":3,"name":"Punane klaasauhind"}]},{"@type":"WebSite","@id":"https:\/\/vitraaz.ee\/fi\/#website","url":"https:\/\/vitraaz.ee\/fi\/","name":"Vitraaz.ee","description":"Klaasinterj&ouml;&ouml;r","publisher":{"@id":"https:\/\/vitraaz.ee\/fi\/#organization"},"potentialAction":[{"@type":"SearchAction","target":{"@type":"EntryPoint","urlTemplate":"https:\/\/vitraaz.ee\/fi\/?s={search_term_string}"},"query-input":{"@type":"PropertyValueSpecification","valueRequired":true,"valueName":"search_term_string"}}],"inLanguage":"fi"},{"@type":"Organization","@id":"https:\/\/vitraaz.ee\/fi\/#organization","name":"KLAASINTERJ\u00d6\u00d6R O\u00dc","url":"https:\/\/vitraaz.ee\/fi\/","logo":{"@type":"ImageObject","inLanguage":"fi","@id":"https:\/\/vitraaz.ee\/fi\/#\/schema\/logo\/image\/","url":"https:\/\/vitraaz.ee\/wp-content\/uploads\/2022\/09\/logoKI.png","contentUrl":"https:\/\/vitraaz.ee\/wp-content\/uploads\/2022\/09\/logoKI.png","width":1159,"height":458,"caption":"KLAASINTERJ\u00d6\u00d6R O\u00dc"},"image":{"@id":"https:\/\/vitraaz.ee\/fi\/#\/schema\/logo\/image\/"},"sameAs":["https:\/\/www.facebook.com\/Klaasinterjoor"]}]}},"_links":{"self":[{"href":"https:\/\/vitraaz.ee\/fi\/wp-json\/wp\/v2\/product\/8568","targetHints":{"allow":["GET"]}}],"collection":[{"href":"https:\/\/vitraaz.ee\/fi\/wp-json\/wp\/v2\/product"}],"about":[{"href":"https:\/\/vitraaz.ee\/fi\/wp-json\/wp\/v2\/types\/product"}],"version-history":[{"count":1,"href":"https:\/\/vitraaz.ee\/fi\/wp-json\/wp\/v2\/product\/8568\/revisions"}],"predecessor-version":[{"id":8577,"href":"https:\/\/vitraaz.ee\/fi\/wp-json\/wp\/v2\/product\/8568\/revisions\/8577"}],"wp:featuredmedia":[{"embeddable":true,"href":"https:\/\/vitraaz.ee\/fi\/wp-json\/wp\/v2\/media\/8569"}],"wp:attachment":[{"href":"https:\/\/vitraaz.ee\/fi\/wp-json\/wp\/v2\/media?parent=8568"}],"wp:term":[{"taxonomy":"product_brand","embeddable":true,"href":"https:\/\/vitraaz.ee\/fi\/wp-json\/wp\/v2\/product_brand?post=8568"},{"taxonomy":"product_cat","embeddable":true,"href":"https:\/\/vitraaz.ee\/fi\/wp-json\/wp\/v2\/product_cat?post=8568"},{"taxonomy":"product_tag","embeddable":true,"href":"https:\/\/vitraaz.ee\/fi\/wp-json\/wp\/v2\/product_tag?post=8568"}],"curies":[{"name":"wp","href":"https:\/\/api.w.org\/{rel}","templated":true}]}}