{"id":8243,"date":"2025-01-17T08:36:07","date_gmt":"2025-01-17T08:36:07","guid":{"rendered":"https:\/\/vitraaz.ee\/?post_type=product&#038;p=8243"},"modified":"2025-10-24T15:24:06","modified_gmt":"2025-10-24T15:24:06","slug":"aknavitraaz-barbariss","status":"publish","type":"product","link":"https:\/\/vitraaz.ee\/fi\/toode\/aknavitraaz-barbariss\/","title":{"rendered":"Aknavitraa\u017e Barbariss"},"content":{"rendered":"<p>Aknavitraa\u017e Barbariss on punakas-oran\u017eide toonidega riputatav vitraa\u017e. K\u00f5ik ju m\u00e4letavad neid punaseid ja magusamaitselisi klaaskomme lapsep\u00f5lvest. Tegelikkuses on barbarissi mari hirmus hapu. Vitraa\u017eis on kujutatud kobarana oksal rippuvaid marju. Vitraa\u017eis on kasutatud \u00fcmaraid ovaalseid klaasist mumme, mis veidi\u00a0 just lutsukomme meenutavad. Vitraa\u017ei taustas on kasutatud j\u00e4\u00e4klaase ja halli tooniga satiinklaasi. Vitraa\u017e on pikliku kujuga ning sobib h\u00e4sti k\u00f5rgematesse akendesse. Vitraa\u017e on m\u00f5\u00f5tudega 17,5&#215;63 cm.<\/p>\n<p>Vitraa\u017ei kinkimine on tore idee, sest iga vitraa\u017e on eriline ja kohe kindlasti kunstniku n\u00e4gu. Aknavitraa\u017e Barbariss on valmistatud tiffany-tehnikas, kus iga klaasit\u00fckk l\u00f5igatakse joonise j\u00e4rgi v\u00e4lja ja lihvitakse. Klaasit\u00fckkide omavahel liitmiseks kasutatakse vaskfooliumit ja jootetina. Vitraa\u017e on \u00fcmbritsetud metallist raamiga, mille k\u00fcljes on riputusaasad. Vitraa\u017ei on parim riputada tamiiliga, mis on piisavalt tugev, et klaasi raskust hoida. \u00a0Kui tundub, et vitraa\u017ee on keeruline aknale riputada ja selleks peab palju vaeva n\u00e4gema siis meil on selleks hea lahendus. Meie e-poest leiad akna servale asetatavad riputuskonksud.<\/p>\n<p>Kui vitraa\u017eid sind v\u00f5luvad, vaata kindlasti ka meie galeriid portfoolios: <a href=\"https:\/\/vitraaz.ee\/vitraazid\/\">vitraazid.<\/a><\/p>\n","protected":false},"excerpt":{"rendered":"<p>Aknavitraa\u017e Barbariss on punakas-oran\u017eide toonidega riputatav vitraa\u017e. K\u00f5ik ju m\u00e4letavad neid punaseid ja magusamaitselisi klaaskomme lapsep\u00f5lvest. Tegelikkuses on barbarissi mari hirmus hapu. Vitraa\u017eis on kujutatud kobarana oksal rippuvaid marju. Vitraa\u017eis on kasutatud \u00fcmaraid ovaalseid klaasist mumme, mis veidi\u00a0 just lutsukomme meenutavad. Vitraa\u017ei taustas on kasutatud j\u00e4\u00e4klaase ja halli tooniga satiinklaasi. Vitraa\u017e on pikliku kujuga ning [&hellip;]<\/p>\n","protected":false},"featured_media":8244,"template":"","meta":{"_acf_changed":false},"product_brand":[],"product_cat":[47],"product_tag":[],"class_list":{"0":"post-8243","1":"product","2":"type-product","3":"status-publish","4":"has-post-thumbnail","6":"product_cat-vitraazid","8":"first","9":"outofstock","10":"taxable","11":"shipping-taxable","12":"purchasable","13":"product-type-simple"},"acf":[],"yoast_head":"<!-- This site is optimized with the Yoast SEO plugin v27.3 - https:\/\/yoast.com\/product\/yoast-seo-wordpress\/ -->\n<title>Aknavitraa\u017e Barbariss - Vitraaz.ee<\/title>\n<meta name=\"description\" content=\"Aknavitraa\u017e Barbariss on kena kingitus kolleegile, emale v\u00f5i vanaemale. Punased marjad oran\u017eide lehtede vahel on m\u00f5nusalt l\u00e4ikivad ja kutsuvad.\" \/>\n<meta name=\"robots\" content=\"index, follow, max-snippet:-1, max-image-preview:large, max-video-preview:-1\" \/>\n<link rel=\"canonical\" href=\"https:\/\/vitraaz.ee\/fi\/toode\/aknavitraaz-barbariss\/\" \/>\n<meta property=\"og:locale\" content=\"fi_FI\" \/>\n<meta property=\"og:type\" content=\"article\" \/>\n<meta property=\"og:title\" content=\"Aknavitraa\u017e Barbariss - Vitraaz.ee\" \/>\n<meta property=\"og:description\" content=\"Aknavitraa\u017e Barbariss on kena kingitus kolleegile, emale v\u00f5i vanaemale. Punased marjad oran\u017eide lehtede vahel on m\u00f5nusalt l\u00e4ikivad ja kutsuvad.\" \/>\n<meta property=\"og:url\" content=\"https:\/\/vitraaz.ee\/fi\/toode\/aknavitraaz-barbariss\/\" \/>\n<meta property=\"og:site_name\" content=\"Vitraaz.ee\" \/>\n<meta property=\"article:publisher\" content=\"https:\/\/www.facebook.com\/Klaasinterjoor\" \/>\n<meta property=\"article:modified_time\" content=\"2025-10-24T15:24:06+00:00\" \/>\n<meta property=\"og:image\" content=\"https:\/\/vitraaz.ee\/wp-content\/uploads\/2025\/01\/mam-scaled.jpg\" \/>\n\t<meta property=\"og:image:width\" content=\"1702\" \/>\n\t<meta property=\"og:image:height\" content=\"2560\" \/>\n\t<meta property=\"og:image:type\" content=\"image\/jpeg\" \/>\n<meta name=\"twitter:card\" content=\"summary_large_image\" \/>\n<meta name=\"twitter:label1\" content=\"Arvioitu lukuaika\" \/>\n\t<meta name=\"twitter:data1\" content=\"2 minuuttia\" \/>\n<script type=\"application\/ld+json\" class=\"yoast-schema-graph\">{\"@context\":\"https:\\\/\\\/schema.org\",\"@graph\":[{\"@type\":\"WebPage\",\"@id\":\"https:\\\/\\\/vitraaz.ee\\\/fi\\\/toode\\\/aknavitraaz-barbariss\\\/\",\"url\":\"https:\\\/\\\/vitraaz.ee\\\/fi\\\/toode\\\/aknavitraaz-barbariss\\\/\",\"name\":\"Aknavitraa\u017e Barbariss - Vitraaz.ee\",\"isPartOf\":{\"@id\":\"https:\\\/\\\/vitraaz.ee\\\/fi\\\/#website\"},\"primaryImageOfPage\":{\"@id\":\"https:\\\/\\\/vitraaz.ee\\\/fi\\\/toode\\\/aknavitraaz-barbariss\\\/#primaryimage\"},\"image\":{\"@id\":\"https:\\\/\\\/vitraaz.ee\\\/fi\\\/toode\\\/aknavitraaz-barbariss\\\/#primaryimage\"},\"thumbnailUrl\":\"https:\\\/\\\/vitraaz.ee\\\/wp-content\\\/uploads\\\/2025\\\/01\\\/mam-scaled.jpg\",\"datePublished\":\"2025-01-17T08:36:07+00:00\",\"dateModified\":\"2025-10-24T15:24:06+00:00\",\"description\":\"Aknavitraa\u017e Barbariss on kena kingitus kolleegile, emale v\u00f5i vanaemale. Punased marjad oran\u017eide lehtede vahel on m\u00f5nusalt l\u00e4ikivad ja kutsuvad.\",\"breadcrumb\":{\"@id\":\"https:\\\/\\\/vitraaz.ee\\\/fi\\\/toode\\\/aknavitraaz-barbariss\\\/#breadcrumb\"},\"inLanguage\":\"fi\",\"potentialAction\":[{\"@type\":\"ReadAction\",\"target\":[\"https:\\\/\\\/vitraaz.ee\\\/fi\\\/toode\\\/aknavitraaz-barbariss\\\/\"]}]},{\"@type\":\"ImageObject\",\"inLanguage\":\"fi\",\"@id\":\"https:\\\/\\\/vitraaz.ee\\\/fi\\\/toode\\\/aknavitraaz-barbariss\\\/#primaryimage\",\"url\":\"https:\\\/\\\/vitraaz.ee\\\/wp-content\\\/uploads\\\/2025\\\/01\\\/mam-scaled.jpg\",\"contentUrl\":\"https:\\\/\\\/vitraaz.ee\\\/wp-content\\\/uploads\\\/2025\\\/01\\\/mam-scaled.jpg\",\"width\":1702,\"height\":2560,\"caption\":\"aknale riputatav vitraa\u017e\"},{\"@type\":\"BreadcrumbList\",\"@id\":\"https:\\\/\\\/vitraaz.ee\\\/fi\\\/toode\\\/aknavitraaz-barbariss\\\/#breadcrumb\",\"itemListElement\":[{\"@type\":\"ListItem\",\"position\":1,\"name\":\"Home\",\"item\":\"https:\\\/\\\/vitraaz.ee\\\/fi\\\/\"},{\"@type\":\"ListItem\",\"position\":2,\"name\":\"Pood\",\"item\":\"https:\\\/\\\/vitraaz.ee\\\/pood\\\/\"},{\"@type\":\"ListItem\",\"position\":3,\"name\":\"Aknavitraa\u017e Barbariss\"}]},{\"@type\":\"WebSite\",\"@id\":\"https:\\\/\\\/vitraaz.ee\\\/fi\\\/#website\",\"url\":\"https:\\\/\\\/vitraaz.ee\\\/fi\\\/\",\"name\":\"Vitraaz.ee\",\"description\":\"Klaasinterj&ouml;&ouml;r\",\"publisher\":{\"@id\":\"https:\\\/\\\/vitraaz.ee\\\/fi\\\/#organization\"},\"potentialAction\":[{\"@type\":\"SearchAction\",\"target\":{\"@type\":\"EntryPoint\",\"urlTemplate\":\"https:\\\/\\\/vitraaz.ee\\\/fi\\\/?s={search_term_string}\"},\"query-input\":{\"@type\":\"PropertyValueSpecification\",\"valueRequired\":true,\"valueName\":\"search_term_string\"}}],\"inLanguage\":\"fi\"},{\"@type\":\"Organization\",\"@id\":\"https:\\\/\\\/vitraaz.ee\\\/fi\\\/#organization\",\"name\":\"KLAASINTERJ\u00d6\u00d6R O\u00dc\",\"url\":\"https:\\\/\\\/vitraaz.ee\\\/fi\\\/\",\"logo\":{\"@type\":\"ImageObject\",\"inLanguage\":\"fi\",\"@id\":\"https:\\\/\\\/vitraaz.ee\\\/fi\\\/#\\\/schema\\\/logo\\\/image\\\/\",\"url\":\"https:\\\/\\\/vitraaz.ee\\\/wp-content\\\/uploads\\\/2022\\\/09\\\/logoKI.png\",\"contentUrl\":\"https:\\\/\\\/vitraaz.ee\\\/wp-content\\\/uploads\\\/2022\\\/09\\\/logoKI.png\",\"width\":1159,\"height\":458,\"caption\":\"KLAASINTERJ\u00d6\u00d6R O\u00dc\"},\"image\":{\"@id\":\"https:\\\/\\\/vitraaz.ee\\\/fi\\\/#\\\/schema\\\/logo\\\/image\\\/\"},\"sameAs\":[\"https:\\\/\\\/www.facebook.com\\\/Klaasinterjoor\"]}]}<\/script>\n<!-- \/ Yoast SEO plugin. -->","yoast_head_json":{"title":"Aknavitraa\u017e Barbariss - Vitraaz.ee","description":"Aknavitraa\u017e Barbariss on kena kingitus kolleegile, emale v\u00f5i vanaemale. Punased marjad oran\u017eide lehtede vahel on m\u00f5nusalt l\u00e4ikivad ja kutsuvad.","robots":{"index":"index","follow":"follow","max-snippet":"max-snippet:-1","max-image-preview":"max-image-preview:large","max-video-preview":"max-video-preview:-1"},"canonical":"https:\/\/vitraaz.ee\/fi\/toode\/aknavitraaz-barbariss\/","og_locale":"fi_FI","og_type":"article","og_title":"Aknavitraa\u017e Barbariss - Vitraaz.ee","og_description":"Aknavitraa\u017e Barbariss on kena kingitus kolleegile, emale v\u00f5i vanaemale. Punased marjad oran\u017eide lehtede vahel on m\u00f5nusalt l\u00e4ikivad ja kutsuvad.","og_url":"https:\/\/vitraaz.ee\/fi\/toode\/aknavitraaz-barbariss\/","og_site_name":"Vitraaz.ee","article_publisher":"https:\/\/www.facebook.com\/Klaasinterjoor","article_modified_time":"2025-10-24T15:24:06+00:00","og_image":[{"width":1702,"height":2560,"url":"https:\/\/vitraaz.ee\/wp-content\/uploads\/2025\/01\/mam-scaled.jpg","type":"image\/jpeg"}],"twitter_card":"summary_large_image","twitter_misc":{"Arvioitu lukuaika":"2 minuuttia"},"schema":{"@context":"https:\/\/schema.org","@graph":[{"@type":"WebPage","@id":"https:\/\/vitraaz.ee\/fi\/toode\/aknavitraaz-barbariss\/","url":"https:\/\/vitraaz.ee\/fi\/toode\/aknavitraaz-barbariss\/","name":"Aknavitraa\u017e Barbariss - Vitraaz.ee","isPartOf":{"@id":"https:\/\/vitraaz.ee\/fi\/#website"},"primaryImageOfPage":{"@id":"https:\/\/vitraaz.ee\/fi\/toode\/aknavitraaz-barbariss\/#primaryimage"},"image":{"@id":"https:\/\/vitraaz.ee\/fi\/toode\/aknavitraaz-barbariss\/#primaryimage"},"thumbnailUrl":"https:\/\/vitraaz.ee\/wp-content\/uploads\/2025\/01\/mam-scaled.jpg","datePublished":"2025-01-17T08:36:07+00:00","dateModified":"2025-10-24T15:24:06+00:00","description":"Aknavitraa\u017e Barbariss on kena kingitus kolleegile, emale v\u00f5i vanaemale. Punased marjad oran\u017eide lehtede vahel on m\u00f5nusalt l\u00e4ikivad ja kutsuvad.","breadcrumb":{"@id":"https:\/\/vitraaz.ee\/fi\/toode\/aknavitraaz-barbariss\/#breadcrumb"},"inLanguage":"fi","potentialAction":[{"@type":"ReadAction","target":["https:\/\/vitraaz.ee\/fi\/toode\/aknavitraaz-barbariss\/"]}]},{"@type":"ImageObject","inLanguage":"fi","@id":"https:\/\/vitraaz.ee\/fi\/toode\/aknavitraaz-barbariss\/#primaryimage","url":"https:\/\/vitraaz.ee\/wp-content\/uploads\/2025\/01\/mam-scaled.jpg","contentUrl":"https:\/\/vitraaz.ee\/wp-content\/uploads\/2025\/01\/mam-scaled.jpg","width":1702,"height":2560,"caption":"aknale riputatav vitraa\u017e"},{"@type":"BreadcrumbList","@id":"https:\/\/vitraaz.ee\/fi\/toode\/aknavitraaz-barbariss\/#breadcrumb","itemListElement":[{"@type":"ListItem","position":1,"name":"Home","item":"https:\/\/vitraaz.ee\/fi\/"},{"@type":"ListItem","position":2,"name":"Pood","item":"https:\/\/vitraaz.ee\/pood\/"},{"@type":"ListItem","position":3,"name":"Aknavitraa\u017e Barbariss"}]},{"@type":"WebSite","@id":"https:\/\/vitraaz.ee\/fi\/#website","url":"https:\/\/vitraaz.ee\/fi\/","name":"Vitraaz.ee","description":"Klaasinterj&ouml;&ouml;r","publisher":{"@id":"https:\/\/vitraaz.ee\/fi\/#organization"},"potentialAction":[{"@type":"SearchAction","target":{"@type":"EntryPoint","urlTemplate":"https:\/\/vitraaz.ee\/fi\/?s={search_term_string}"},"query-input":{"@type":"PropertyValueSpecification","valueRequired":true,"valueName":"search_term_string"}}],"inLanguage":"fi"},{"@type":"Organization","@id":"https:\/\/vitraaz.ee\/fi\/#organization","name":"KLAASINTERJ\u00d6\u00d6R O\u00dc","url":"https:\/\/vitraaz.ee\/fi\/","logo":{"@type":"ImageObject","inLanguage":"fi","@id":"https:\/\/vitraaz.ee\/fi\/#\/schema\/logo\/image\/","url":"https:\/\/vitraaz.ee\/wp-content\/uploads\/2022\/09\/logoKI.png","contentUrl":"https:\/\/vitraaz.ee\/wp-content\/uploads\/2022\/09\/logoKI.png","width":1159,"height":458,"caption":"KLAASINTERJ\u00d6\u00d6R O\u00dc"},"image":{"@id":"https:\/\/vitraaz.ee\/fi\/#\/schema\/logo\/image\/"},"sameAs":["https:\/\/www.facebook.com\/Klaasinterjoor"]}]}},"_links":{"self":[{"href":"https:\/\/vitraaz.ee\/fi\/wp-json\/wp\/v2\/product\/8243","targetHints":{"allow":["GET"]}}],"collection":[{"href":"https:\/\/vitraaz.ee\/fi\/wp-json\/wp\/v2\/product"}],"about":[{"href":"https:\/\/vitraaz.ee\/fi\/wp-json\/wp\/v2\/types\/product"}],"version-history":[{"count":3,"href":"https:\/\/vitraaz.ee\/fi\/wp-json\/wp\/v2\/product\/8243\/revisions"}],"predecessor-version":[{"id":8258,"href":"https:\/\/vitraaz.ee\/fi\/wp-json\/wp\/v2\/product\/8243\/revisions\/8258"}],"wp:featuredmedia":[{"embeddable":true,"href":"https:\/\/vitraaz.ee\/fi\/wp-json\/wp\/v2\/media\/8244"}],"wp:attachment":[{"href":"https:\/\/vitraaz.ee\/fi\/wp-json\/wp\/v2\/media?parent=8243"}],"wp:term":[{"taxonomy":"product_brand","embeddable":true,"href":"https:\/\/vitraaz.ee\/fi\/wp-json\/wp\/v2\/product_brand?post=8243"},{"taxonomy":"product_cat","embeddable":true,"href":"https:\/\/vitraaz.ee\/fi\/wp-json\/wp\/v2\/product_cat?post=8243"},{"taxonomy":"product_tag","embeddable":true,"href":"https:\/\/vitraaz.ee\/fi\/wp-json\/wp\/v2\/product_tag?post=8243"}],"curies":[{"name":"wp","href":"https:\/\/api.w.org\/{rel}","templated":true}]}}