{"id":8225,"date":"2025-01-17T08:15:28","date_gmt":"2025-01-17T08:15:28","guid":{"rendered":"https:\/\/vitraaz.ee\/?post_type=product&#038;p=8225"},"modified":"2025-04-09T12:32:40","modified_gmt":"2025-04-09T12:32:40","slug":"vitraaz-aknale","status":"publish","type":"product","link":"https:\/\/vitraaz.ee\/fi\/toode\/vitraaz-aknale\/","title":{"rendered":"vitraa\u017e aknale"},"content":{"rendered":"<p>Peaaegu v\u00e4rvitu vitraa\u017e aknale riputamiseks. See \u00f5rnailmeline ja v\u00e4rske vitraa\u017e on eriline just seet\u00f5ttu, et sellel v\u00e4rve peaaegu polegi. Vaatamata sellele on vitraa\u017e v\u00e4ga edev. Vitraa\u017ei valmistamisel. Erineva struktuuriga j\u00e4\u00e4klaasidest ja\u00a0 lihvitud servadega klaaskristallidest tekib p\u00f5nev tervik. Kristallid annavad vitraa\u017eile s\u00e4ra ja l\u00e4iget. Vitraa\u017eis on kujutatud oksamotiivi ning ka taustale on matistatud liivapritsiga oksad. Oma v\u00e4rvitu olemuse t\u00f5ttu sobitub vitraa\u017e h\u00e4sti igasse interj\u00f6\u00f6ri, kuid ei tasu muretseda, et see m\u00e4rkamatuks j\u00e4\u00e4b.<\/p>\n<p>Vitraa\u017ee on hea kasutada t\u00fchjades haigutavates akendes. Kui kardinad ei ole sinu teema kuid veidi tahaks ikka varjata ka v\u00f5i aknaava p\u00f5nevamaks muuta sobib vitraa\u017e selleks suurep\u00e4raselt. Kui kodu on alles planeerimisj\u00e4rgus v\u00f5ib vitraa\u017eid koheselt aknapakettidesse panna. Kui aga kodu on juba valmis saab avale ilmekust lisada just aknale riputatavate vitraa\u017eidega. Vitraa\u017ei m\u00f5\u00f5dud: 42&#215;42 cm.<\/p>\n<p>NB! &#8221;J\u00e4reltellimisel\u00b4\u00b4 m\u00e4rkega vitraa\u017eid pole laos olemas. V\u00f5tame ostjaga \u00fchendust, et kokku leppida tellimuse valmistamise t\u00e4htaeg. Tavaliselt v\u00f5ib selleks kuluda kuni 5 t\u00f6\u00f6p\u00e4eva ning seej\u00e4rel saame paki postitada.<\/p>\n<p>&nbsp;<\/p>\n","protected":false},"excerpt":{"rendered":"<p>Peaaegu v\u00e4rvitu vitraa\u017e aknale riputamiseks. See \u00f5rnailmeline ja v\u00e4rske vitraa\u017e on eriline just seet\u00f5ttu, et sellel v\u00e4rve peaaegu polegi. Vaatamata sellele on vitraa\u017e v\u00e4ga edev. Vitraa\u017ei valmistamisel. Erineva struktuuriga j\u00e4\u00e4klaasidest ja\u00a0 lihvitud servadega klaaskristallidest tekib p\u00f5nev tervik. Kristallid annavad vitraa\u017eile s\u00e4ra ja l\u00e4iget. Vitraa\u017eis on kujutatud oksamotiivi ning ka taustale on matistatud liivapritsiga oksad. Oma [&hellip;]<\/p>\n","protected":false},"featured_media":8234,"template":"","meta":{"_acf_changed":false},"product_brand":[],"product_cat":[47],"product_tag":[],"class_list":{"0":"post-8225","1":"product","2":"type-product","3":"status-publish","4":"has-post-thumbnail","6":"product_cat-vitraazid","8":"first","9":"onbackorder","10":"taxable","11":"shipping-taxable","12":"purchasable","13":"product-type-simple"},"acf":[],"yoast_head":"<!-- This site is optimized with the Yoast SEO plugin v27.3 - https:\/\/yoast.com\/product\/yoast-seo-wordpress\/ -->\n<title>vitraa\u017e aknale - Vitraaz.ee<\/title>\n<meta name=\"description\" content=\"Vitraa\u017e aknale ei pea sugugi pakatama v\u00e4rvidest. Vitraa\u017e v\u00f5ib olla tagasihoidlik, kuid see ei t\u00e4henda igavat. Erinevad klaasimustrid loovad kauni terviku.\" \/>\n<meta name=\"robots\" content=\"index, follow, max-snippet:-1, max-image-preview:large, max-video-preview:-1\" \/>\n<link rel=\"canonical\" href=\"https:\/\/vitraaz.ee\/fi\/toode\/vitraaz-aknale\/\" \/>\n<meta property=\"og:locale\" content=\"fi_FI\" \/>\n<meta property=\"og:type\" content=\"article\" \/>\n<meta property=\"og:title\" content=\"vitraa\u017e aknale - Vitraaz.ee\" \/>\n<meta property=\"og:description\" content=\"Vitraa\u017e aknale ei pea sugugi pakatama v\u00e4rvidest. Vitraa\u017e v\u00f5ib olla tagasihoidlik, kuid see ei t\u00e4henda igavat. Erinevad klaasimustrid loovad kauni terviku.\" \/>\n<meta property=\"og:url\" content=\"https:\/\/vitraaz.ee\/fi\/toode\/vitraaz-aknale\/\" \/>\n<meta property=\"og:site_name\" content=\"Vitraaz.ee\" \/>\n<meta property=\"article:publisher\" content=\"https:\/\/www.facebook.com\/Klaasinterjoor\" \/>\n<meta property=\"article:modified_time\" content=\"2025-04-09T12:32:40+00:00\" \/>\n<meta property=\"og:image\" content=\"https:\/\/vitraaz.ee\/wp-content\/uploads\/2025\/01\/valgevitraazikeva.jpg\" \/>\n\t<meta property=\"og:image:width\" content=\"1200\" \/>\n\t<meta property=\"og:image:height\" content=\"798\" \/>\n\t<meta property=\"og:image:type\" content=\"image\/jpeg\" \/>\n<meta name=\"twitter:card\" content=\"summary_large_image\" \/>\n<meta name=\"twitter:label1\" content=\"Arvioitu lukuaika\" \/>\n\t<meta name=\"twitter:data1\" content=\"2 minuuttia\" \/>\n<script type=\"application\/ld+json\" class=\"yoast-schema-graph\">{\"@context\":\"https:\\\/\\\/schema.org\",\"@graph\":[{\"@type\":\"WebPage\",\"@id\":\"https:\\\/\\\/vitraaz.ee\\\/fi\\\/toode\\\/vitraaz-aknale\\\/\",\"url\":\"https:\\\/\\\/vitraaz.ee\\\/fi\\\/toode\\\/vitraaz-aknale\\\/\",\"name\":\"vitraa\u017e aknale - Vitraaz.ee\",\"isPartOf\":{\"@id\":\"https:\\\/\\\/vitraaz.ee\\\/fi\\\/#website\"},\"primaryImageOfPage\":{\"@id\":\"https:\\\/\\\/vitraaz.ee\\\/fi\\\/toode\\\/vitraaz-aknale\\\/#primaryimage\"},\"image\":{\"@id\":\"https:\\\/\\\/vitraaz.ee\\\/fi\\\/toode\\\/vitraaz-aknale\\\/#primaryimage\"},\"thumbnailUrl\":\"https:\\\/\\\/vitraaz.ee\\\/wp-content\\\/uploads\\\/2025\\\/01\\\/valgevitraazikeva.jpg\",\"datePublished\":\"2025-01-17T08:15:28+00:00\",\"dateModified\":\"2025-04-09T12:32:40+00:00\",\"description\":\"Vitraa\u017e aknale ei pea sugugi pakatama v\u00e4rvidest. Vitraa\u017e v\u00f5ib olla tagasihoidlik, kuid see ei t\u00e4henda igavat. Erinevad klaasimustrid loovad kauni terviku.\",\"breadcrumb\":{\"@id\":\"https:\\\/\\\/vitraaz.ee\\\/fi\\\/toode\\\/vitraaz-aknale\\\/#breadcrumb\"},\"inLanguage\":\"fi\",\"potentialAction\":[{\"@type\":\"ReadAction\",\"target\":[\"https:\\\/\\\/vitraaz.ee\\\/fi\\\/toode\\\/vitraaz-aknale\\\/\"]}]},{\"@type\":\"ImageObject\",\"inLanguage\":\"fi\",\"@id\":\"https:\\\/\\\/vitraaz.ee\\\/fi\\\/toode\\\/vitraaz-aknale\\\/#primaryimage\",\"url\":\"https:\\\/\\\/vitraaz.ee\\\/wp-content\\\/uploads\\\/2025\\\/01\\\/valgevitraazikeva.jpg\",\"contentUrl\":\"https:\\\/\\\/vitraaz.ee\\\/wp-content\\\/uploads\\\/2025\\\/01\\\/valgevitraazikeva.jpg\",\"width\":1200,\"height\":798,\"caption\":\"aknavitraa\u017e kingituseks\"},{\"@type\":\"BreadcrumbList\",\"@id\":\"https:\\\/\\\/vitraaz.ee\\\/fi\\\/toode\\\/vitraaz-aknale\\\/#breadcrumb\",\"itemListElement\":[{\"@type\":\"ListItem\",\"position\":1,\"name\":\"Home\",\"item\":\"https:\\\/\\\/vitraaz.ee\\\/fi\\\/\"},{\"@type\":\"ListItem\",\"position\":2,\"name\":\"Pood\",\"item\":\"https:\\\/\\\/vitraaz.ee\\\/pood\\\/\"},{\"@type\":\"ListItem\",\"position\":3,\"name\":\"vitraa\u017e aknale\"}]},{\"@type\":\"WebSite\",\"@id\":\"https:\\\/\\\/vitraaz.ee\\\/fi\\\/#website\",\"url\":\"https:\\\/\\\/vitraaz.ee\\\/fi\\\/\",\"name\":\"Vitraaz.ee\",\"description\":\"Klaasinterj&ouml;&ouml;r\",\"publisher\":{\"@id\":\"https:\\\/\\\/vitraaz.ee\\\/fi\\\/#organization\"},\"potentialAction\":[{\"@type\":\"SearchAction\",\"target\":{\"@type\":\"EntryPoint\",\"urlTemplate\":\"https:\\\/\\\/vitraaz.ee\\\/fi\\\/?s={search_term_string}\"},\"query-input\":{\"@type\":\"PropertyValueSpecification\",\"valueRequired\":true,\"valueName\":\"search_term_string\"}}],\"inLanguage\":\"fi\"},{\"@type\":\"Organization\",\"@id\":\"https:\\\/\\\/vitraaz.ee\\\/fi\\\/#organization\",\"name\":\"KLAASINTERJ\u00d6\u00d6R O\u00dc\",\"url\":\"https:\\\/\\\/vitraaz.ee\\\/fi\\\/\",\"logo\":{\"@type\":\"ImageObject\",\"inLanguage\":\"fi\",\"@id\":\"https:\\\/\\\/vitraaz.ee\\\/fi\\\/#\\\/schema\\\/logo\\\/image\\\/\",\"url\":\"https:\\\/\\\/vitraaz.ee\\\/wp-content\\\/uploads\\\/2022\\\/09\\\/logoKI.png\",\"contentUrl\":\"https:\\\/\\\/vitraaz.ee\\\/wp-content\\\/uploads\\\/2022\\\/09\\\/logoKI.png\",\"width\":1159,\"height\":458,\"caption\":\"KLAASINTERJ\u00d6\u00d6R O\u00dc\"},\"image\":{\"@id\":\"https:\\\/\\\/vitraaz.ee\\\/fi\\\/#\\\/schema\\\/logo\\\/image\\\/\"},\"sameAs\":[\"https:\\\/\\\/www.facebook.com\\\/Klaasinterjoor\"]}]}<\/script>\n<!-- \/ Yoast SEO plugin. -->","yoast_head_json":{"title":"vitraa\u017e aknale - Vitraaz.ee","description":"Vitraa\u017e aknale ei pea sugugi pakatama v\u00e4rvidest. Vitraa\u017e v\u00f5ib olla tagasihoidlik, kuid see ei t\u00e4henda igavat. Erinevad klaasimustrid loovad kauni terviku.","robots":{"index":"index","follow":"follow","max-snippet":"max-snippet:-1","max-image-preview":"max-image-preview:large","max-video-preview":"max-video-preview:-1"},"canonical":"https:\/\/vitraaz.ee\/fi\/toode\/vitraaz-aknale\/","og_locale":"fi_FI","og_type":"article","og_title":"vitraa\u017e aknale - Vitraaz.ee","og_description":"Vitraa\u017e aknale ei pea sugugi pakatama v\u00e4rvidest. Vitraa\u017e v\u00f5ib olla tagasihoidlik, kuid see ei t\u00e4henda igavat. Erinevad klaasimustrid loovad kauni terviku.","og_url":"https:\/\/vitraaz.ee\/fi\/toode\/vitraaz-aknale\/","og_site_name":"Vitraaz.ee","article_publisher":"https:\/\/www.facebook.com\/Klaasinterjoor","article_modified_time":"2025-04-09T12:32:40+00:00","og_image":[{"width":1200,"height":798,"url":"https:\/\/vitraaz.ee\/wp-content\/uploads\/2025\/01\/valgevitraazikeva.jpg","type":"image\/jpeg"}],"twitter_card":"summary_large_image","twitter_misc":{"Arvioitu lukuaika":"2 minuuttia"},"schema":{"@context":"https:\/\/schema.org","@graph":[{"@type":"WebPage","@id":"https:\/\/vitraaz.ee\/fi\/toode\/vitraaz-aknale\/","url":"https:\/\/vitraaz.ee\/fi\/toode\/vitraaz-aknale\/","name":"vitraa\u017e aknale - Vitraaz.ee","isPartOf":{"@id":"https:\/\/vitraaz.ee\/fi\/#website"},"primaryImageOfPage":{"@id":"https:\/\/vitraaz.ee\/fi\/toode\/vitraaz-aknale\/#primaryimage"},"image":{"@id":"https:\/\/vitraaz.ee\/fi\/toode\/vitraaz-aknale\/#primaryimage"},"thumbnailUrl":"https:\/\/vitraaz.ee\/wp-content\/uploads\/2025\/01\/valgevitraazikeva.jpg","datePublished":"2025-01-17T08:15:28+00:00","dateModified":"2025-04-09T12:32:40+00:00","description":"Vitraa\u017e aknale ei pea sugugi pakatama v\u00e4rvidest. Vitraa\u017e v\u00f5ib olla tagasihoidlik, kuid see ei t\u00e4henda igavat. Erinevad klaasimustrid loovad kauni terviku.","breadcrumb":{"@id":"https:\/\/vitraaz.ee\/fi\/toode\/vitraaz-aknale\/#breadcrumb"},"inLanguage":"fi","potentialAction":[{"@type":"ReadAction","target":["https:\/\/vitraaz.ee\/fi\/toode\/vitraaz-aknale\/"]}]},{"@type":"ImageObject","inLanguage":"fi","@id":"https:\/\/vitraaz.ee\/fi\/toode\/vitraaz-aknale\/#primaryimage","url":"https:\/\/vitraaz.ee\/wp-content\/uploads\/2025\/01\/valgevitraazikeva.jpg","contentUrl":"https:\/\/vitraaz.ee\/wp-content\/uploads\/2025\/01\/valgevitraazikeva.jpg","width":1200,"height":798,"caption":"aknavitraa\u017e kingituseks"},{"@type":"BreadcrumbList","@id":"https:\/\/vitraaz.ee\/fi\/toode\/vitraaz-aknale\/#breadcrumb","itemListElement":[{"@type":"ListItem","position":1,"name":"Home","item":"https:\/\/vitraaz.ee\/fi\/"},{"@type":"ListItem","position":2,"name":"Pood","item":"https:\/\/vitraaz.ee\/pood\/"},{"@type":"ListItem","position":3,"name":"vitraa\u017e aknale"}]},{"@type":"WebSite","@id":"https:\/\/vitraaz.ee\/fi\/#website","url":"https:\/\/vitraaz.ee\/fi\/","name":"Vitraaz.ee","description":"Klaasinterj&ouml;&ouml;r","publisher":{"@id":"https:\/\/vitraaz.ee\/fi\/#organization"},"potentialAction":[{"@type":"SearchAction","target":{"@type":"EntryPoint","urlTemplate":"https:\/\/vitraaz.ee\/fi\/?s={search_term_string}"},"query-input":{"@type":"PropertyValueSpecification","valueRequired":true,"valueName":"search_term_string"}}],"inLanguage":"fi"},{"@type":"Organization","@id":"https:\/\/vitraaz.ee\/fi\/#organization","name":"KLAASINTERJ\u00d6\u00d6R O\u00dc","url":"https:\/\/vitraaz.ee\/fi\/","logo":{"@type":"ImageObject","inLanguage":"fi","@id":"https:\/\/vitraaz.ee\/fi\/#\/schema\/logo\/image\/","url":"https:\/\/vitraaz.ee\/wp-content\/uploads\/2022\/09\/logoKI.png","contentUrl":"https:\/\/vitraaz.ee\/wp-content\/uploads\/2022\/09\/logoKI.png","width":1159,"height":458,"caption":"KLAASINTERJ\u00d6\u00d6R O\u00dc"},"image":{"@id":"https:\/\/vitraaz.ee\/fi\/#\/schema\/logo\/image\/"},"sameAs":["https:\/\/www.facebook.com\/Klaasinterjoor"]}]}},"_links":{"self":[{"href":"https:\/\/vitraaz.ee\/fi\/wp-json\/wp\/v2\/product\/8225","targetHints":{"allow":["GET"]}}],"collection":[{"href":"https:\/\/vitraaz.ee\/fi\/wp-json\/wp\/v2\/product"}],"about":[{"href":"https:\/\/vitraaz.ee\/fi\/wp-json\/wp\/v2\/types\/product"}],"version-history":[{"count":3,"href":"https:\/\/vitraaz.ee\/fi\/wp-json\/wp\/v2\/product\/8225\/revisions"}],"predecessor-version":[{"id":8558,"href":"https:\/\/vitraaz.ee\/fi\/wp-json\/wp\/v2\/product\/8225\/revisions\/8558"}],"wp:featuredmedia":[{"embeddable":true,"href":"https:\/\/vitraaz.ee\/fi\/wp-json\/wp\/v2\/media\/8234"}],"wp:attachment":[{"href":"https:\/\/vitraaz.ee\/fi\/wp-json\/wp\/v2\/media?parent=8225"}],"wp:term":[{"taxonomy":"product_brand","embeddable":true,"href":"https:\/\/vitraaz.ee\/fi\/wp-json\/wp\/v2\/product_brand?post=8225"},{"taxonomy":"product_cat","embeddable":true,"href":"https:\/\/vitraaz.ee\/fi\/wp-json\/wp\/v2\/product_cat?post=8225"},{"taxonomy":"product_tag","embeddable":true,"href":"https:\/\/vitraaz.ee\/fi\/wp-json\/wp\/v2\/product_tag?post=8225"}],"curies":[{"name":"wp","href":"https:\/\/api.w.org\/{rel}","templated":true}]}}