{"id":8183,"date":"2025-01-08T13:57:02","date_gmt":"2025-01-08T13:57:02","guid":{"rendered":"https:\/\/vitraaz.ee\/?post_type=product&#038;p=8183"},"modified":"2025-01-08T13:57:02","modified_gmt":"2025-01-08T13:57:02","slug":"triibuline-kauss-flow","status":"publish","type":"product","link":"https:\/\/vitraaz.ee\/fi\/toode\/triibuline-kauss-flow\/","title":{"rendered":"Triibuline kauss Flow"},"content":{"rendered":"<p>Triibuline kauss Flow on saanud oma kuju sulatusahjus, kus klaasi nurgad kuumuse m\u00f5jul vormuvad. Just seep\u00e4rast on k\u00f5ik \u201dFlow\u201d sarja tooted veidi erineva kujuga. Kauss on valmistatud sinise, kirka ja valge klaasi ribadest.\u00a0 Kaunis ja unikaalne kingituseks v\u00f5i hoopis pilkup\u00fc\u00fcdev aksessuaar koju. M\u00f5\u00f5dud 27\u00d713 cm. \u00a0Lisaks kunstilisele v\u00e4\u00e4rtusele on kauss praktiline ning sobib h\u00e4sti n\u00e4iteks maiustuste serveerimiseks. Eriline kingitus kolleegile v\u00f5i l\u00e4hedasele inimesele.<\/p>\n","protected":false},"excerpt":{"rendered":"<p>Triibuline kauss Flow on saanud oma kuju sulatusahjus, kus klaasi nurgad kuumuse m\u00f5jul vormuvad. Just seep\u00e4rast on k\u00f5ik \u201dFlow\u201d sarja tooted veidi erineva kujuga. Kauss on valmistatud sinise, kirka ja valge klaasi ribadest.\u00a0 Kaunis ja unikaalne kingituseks v\u00f5i hoopis pilkup\u00fc\u00fcdev aksessuaar koju. M\u00f5\u00f5dud 27\u00d713 cm. \u00a0Lisaks kunstilisele v\u00e4\u00e4rtusele on kauss praktiline ning sobib h\u00e4sti n\u00e4iteks [&hellip;]<\/p>\n","protected":false},"featured_media":8192,"template":"","meta":{"_acf_changed":false},"product_brand":[],"product_cat":[35],"product_tag":[],"class_list":{"0":"post-8183","1":"product","2":"type-product","3":"status-publish","4":"has-post-thumbnail","6":"product_cat-kingitused-ja-meened","8":"first","9":"instock","10":"taxable","11":"shipping-taxable","12":"purchasable","13":"product-type-simple"},"acf":[],"yoast_head":"<!-- This site is optimized with the Yoast SEO plugin v27.3 - https:\/\/yoast.com\/product\/yoast-seo-wordpress\/ -->\n<title>Triibuline kauss Flow - Vitraaz.ee<\/title>\n<meta name=\"description\" content=\"Silmapaistev triibuline kauss Flow. Kauss on valminud k\u00e4sit\u00f6\u00f6na ning saanud kuju klaasisulatusahjus. K\u00fclasta Klaasinterj\u00f6\u00f6ri e-poodi: vitraaz.ee\/pood\" \/>\n<meta name=\"robots\" content=\"index, follow, max-snippet:-1, max-image-preview:large, max-video-preview:-1\" \/>\n<link rel=\"canonical\" href=\"https:\/\/vitraaz.ee\/fi\/toode\/triibuline-kauss-flow\/\" \/>\n<meta property=\"og:locale\" content=\"fi_FI\" \/>\n<meta property=\"og:type\" content=\"article\" \/>\n<meta property=\"og:title\" content=\"Triibuline kauss Flow - Vitraaz.ee\" \/>\n<meta property=\"og:description\" content=\"Silmapaistev triibuline kauss Flow. Kauss on valminud k\u00e4sit\u00f6\u00f6na ning saanud kuju klaasisulatusahjus. K\u00fclasta Klaasinterj\u00f6\u00f6ri e-poodi: vitraaz.ee\/pood\" \/>\n<meta property=\"og:url\" content=\"https:\/\/vitraaz.ee\/fi\/toode\/triibuline-kauss-flow\/\" \/>\n<meta property=\"og:site_name\" content=\"Vitraaz.ee\" \/>\n<meta property=\"article:publisher\" content=\"https:\/\/www.facebook.com\/Klaasinterjoor\" \/>\n<meta property=\"og:image\" content=\"https:\/\/vitraaz.ee\/wp-content\/uploads\/2025\/01\/sin3.jpg\" \/>\n\t<meta property=\"og:image:width\" content=\"1200\" \/>\n\t<meta property=\"og:image:height\" content=\"798\" \/>\n\t<meta property=\"og:image:type\" content=\"image\/jpeg\" \/>\n<meta name=\"twitter:card\" content=\"summary_large_image\" \/>\n<meta name=\"twitter:label1\" content=\"Arvioitu lukuaika\" \/>\n\t<meta name=\"twitter:data1\" content=\"1 minuutti\" \/>\n<script type=\"application\/ld+json\" class=\"yoast-schema-graph\">{\"@context\":\"https:\\\/\\\/schema.org\",\"@graph\":[{\"@type\":\"WebPage\",\"@id\":\"https:\\\/\\\/vitraaz.ee\\\/fi\\\/toode\\\/triibuline-kauss-flow\\\/\",\"url\":\"https:\\\/\\\/vitraaz.ee\\\/fi\\\/toode\\\/triibuline-kauss-flow\\\/\",\"name\":\"Triibuline kauss Flow - Vitraaz.ee\",\"isPartOf\":{\"@id\":\"https:\\\/\\\/vitraaz.ee\\\/fi\\\/#website\"},\"primaryImageOfPage\":{\"@id\":\"https:\\\/\\\/vitraaz.ee\\\/fi\\\/toode\\\/triibuline-kauss-flow\\\/#primaryimage\"},\"image\":{\"@id\":\"https:\\\/\\\/vitraaz.ee\\\/fi\\\/toode\\\/triibuline-kauss-flow\\\/#primaryimage\"},\"thumbnailUrl\":\"https:\\\/\\\/vitraaz.ee\\\/wp-content\\\/uploads\\\/2025\\\/01\\\/sin3.jpg\",\"datePublished\":\"2025-01-08T13:57:02+00:00\",\"description\":\"Silmapaistev triibuline kauss Flow. Kauss on valminud k\u00e4sit\u00f6\u00f6na ning saanud kuju klaasisulatusahjus. K\u00fclasta Klaasinterj\u00f6\u00f6ri e-poodi: vitraaz.ee\\\/pood\",\"breadcrumb\":{\"@id\":\"https:\\\/\\\/vitraaz.ee\\\/fi\\\/toode\\\/triibuline-kauss-flow\\\/#breadcrumb\"},\"inLanguage\":\"fi\",\"potentialAction\":[{\"@type\":\"ReadAction\",\"target\":[\"https:\\\/\\\/vitraaz.ee\\\/fi\\\/toode\\\/triibuline-kauss-flow\\\/\"]}]},{\"@type\":\"ImageObject\",\"inLanguage\":\"fi\",\"@id\":\"https:\\\/\\\/vitraaz.ee\\\/fi\\\/toode\\\/triibuline-kauss-flow\\\/#primaryimage\",\"url\":\"https:\\\/\\\/vitraaz.ee\\\/wp-content\\\/uploads\\\/2025\\\/01\\\/sin3.jpg\",\"contentUrl\":\"https:\\\/\\\/vitraaz.ee\\\/wp-content\\\/uploads\\\/2025\\\/01\\\/sin3.jpg\",\"width\":1200,\"height\":798,\"caption\":\"Klaasist kauss flow\"},{\"@type\":\"BreadcrumbList\",\"@id\":\"https:\\\/\\\/vitraaz.ee\\\/fi\\\/toode\\\/triibuline-kauss-flow\\\/#breadcrumb\",\"itemListElement\":[{\"@type\":\"ListItem\",\"position\":1,\"name\":\"Home\",\"item\":\"https:\\\/\\\/vitraaz.ee\\\/fi\\\/\"},{\"@type\":\"ListItem\",\"position\":2,\"name\":\"Pood\",\"item\":\"https:\\\/\\\/vitraaz.ee\\\/pood\\\/\"},{\"@type\":\"ListItem\",\"position\":3,\"name\":\"Triibuline kauss Flow\"}]},{\"@type\":\"WebSite\",\"@id\":\"https:\\\/\\\/vitraaz.ee\\\/fi\\\/#website\",\"url\":\"https:\\\/\\\/vitraaz.ee\\\/fi\\\/\",\"name\":\"Vitraaz.ee\",\"description\":\"Klaasinterj&ouml;&ouml;r\",\"publisher\":{\"@id\":\"https:\\\/\\\/vitraaz.ee\\\/fi\\\/#organization\"},\"potentialAction\":[{\"@type\":\"SearchAction\",\"target\":{\"@type\":\"EntryPoint\",\"urlTemplate\":\"https:\\\/\\\/vitraaz.ee\\\/fi\\\/?s={search_term_string}\"},\"query-input\":{\"@type\":\"PropertyValueSpecification\",\"valueRequired\":true,\"valueName\":\"search_term_string\"}}],\"inLanguage\":\"fi\"},{\"@type\":\"Organization\",\"@id\":\"https:\\\/\\\/vitraaz.ee\\\/fi\\\/#organization\",\"name\":\"KLAASINTERJ\u00d6\u00d6R O\u00dc\",\"url\":\"https:\\\/\\\/vitraaz.ee\\\/fi\\\/\",\"logo\":{\"@type\":\"ImageObject\",\"inLanguage\":\"fi\",\"@id\":\"https:\\\/\\\/vitraaz.ee\\\/fi\\\/#\\\/schema\\\/logo\\\/image\\\/\",\"url\":\"https:\\\/\\\/vitraaz.ee\\\/wp-content\\\/uploads\\\/2022\\\/09\\\/logoKI.png\",\"contentUrl\":\"https:\\\/\\\/vitraaz.ee\\\/wp-content\\\/uploads\\\/2022\\\/09\\\/logoKI.png\",\"width\":1159,\"height\":458,\"caption\":\"KLAASINTERJ\u00d6\u00d6R O\u00dc\"},\"image\":{\"@id\":\"https:\\\/\\\/vitraaz.ee\\\/fi\\\/#\\\/schema\\\/logo\\\/image\\\/\"},\"sameAs\":[\"https:\\\/\\\/www.facebook.com\\\/Klaasinterjoor\"]}]}<\/script>\n<!-- \/ Yoast SEO plugin. -->","yoast_head_json":{"title":"Triibuline kauss Flow - Vitraaz.ee","description":"Silmapaistev triibuline kauss Flow. Kauss on valminud k\u00e4sit\u00f6\u00f6na ning saanud kuju klaasisulatusahjus. K\u00fclasta Klaasinterj\u00f6\u00f6ri e-poodi: vitraaz.ee\/pood","robots":{"index":"index","follow":"follow","max-snippet":"max-snippet:-1","max-image-preview":"max-image-preview:large","max-video-preview":"max-video-preview:-1"},"canonical":"https:\/\/vitraaz.ee\/fi\/toode\/triibuline-kauss-flow\/","og_locale":"fi_FI","og_type":"article","og_title":"Triibuline kauss Flow - Vitraaz.ee","og_description":"Silmapaistev triibuline kauss Flow. Kauss on valminud k\u00e4sit\u00f6\u00f6na ning saanud kuju klaasisulatusahjus. K\u00fclasta Klaasinterj\u00f6\u00f6ri e-poodi: vitraaz.ee\/pood","og_url":"https:\/\/vitraaz.ee\/fi\/toode\/triibuline-kauss-flow\/","og_site_name":"Vitraaz.ee","article_publisher":"https:\/\/www.facebook.com\/Klaasinterjoor","og_image":[{"width":1200,"height":798,"url":"https:\/\/vitraaz.ee\/wp-content\/uploads\/2025\/01\/sin3.jpg","type":"image\/jpeg"}],"twitter_card":"summary_large_image","twitter_misc":{"Arvioitu lukuaika":"1 minuutti"},"schema":{"@context":"https:\/\/schema.org","@graph":[{"@type":"WebPage","@id":"https:\/\/vitraaz.ee\/fi\/toode\/triibuline-kauss-flow\/","url":"https:\/\/vitraaz.ee\/fi\/toode\/triibuline-kauss-flow\/","name":"Triibuline kauss Flow - Vitraaz.ee","isPartOf":{"@id":"https:\/\/vitraaz.ee\/fi\/#website"},"primaryImageOfPage":{"@id":"https:\/\/vitraaz.ee\/fi\/toode\/triibuline-kauss-flow\/#primaryimage"},"image":{"@id":"https:\/\/vitraaz.ee\/fi\/toode\/triibuline-kauss-flow\/#primaryimage"},"thumbnailUrl":"https:\/\/vitraaz.ee\/wp-content\/uploads\/2025\/01\/sin3.jpg","datePublished":"2025-01-08T13:57:02+00:00","description":"Silmapaistev triibuline kauss Flow. Kauss on valminud k\u00e4sit\u00f6\u00f6na ning saanud kuju klaasisulatusahjus. K\u00fclasta Klaasinterj\u00f6\u00f6ri e-poodi: vitraaz.ee\/pood","breadcrumb":{"@id":"https:\/\/vitraaz.ee\/fi\/toode\/triibuline-kauss-flow\/#breadcrumb"},"inLanguage":"fi","potentialAction":[{"@type":"ReadAction","target":["https:\/\/vitraaz.ee\/fi\/toode\/triibuline-kauss-flow\/"]}]},{"@type":"ImageObject","inLanguage":"fi","@id":"https:\/\/vitraaz.ee\/fi\/toode\/triibuline-kauss-flow\/#primaryimage","url":"https:\/\/vitraaz.ee\/wp-content\/uploads\/2025\/01\/sin3.jpg","contentUrl":"https:\/\/vitraaz.ee\/wp-content\/uploads\/2025\/01\/sin3.jpg","width":1200,"height":798,"caption":"Klaasist kauss flow"},{"@type":"BreadcrumbList","@id":"https:\/\/vitraaz.ee\/fi\/toode\/triibuline-kauss-flow\/#breadcrumb","itemListElement":[{"@type":"ListItem","position":1,"name":"Home","item":"https:\/\/vitraaz.ee\/fi\/"},{"@type":"ListItem","position":2,"name":"Pood","item":"https:\/\/vitraaz.ee\/pood\/"},{"@type":"ListItem","position":3,"name":"Triibuline kauss Flow"}]},{"@type":"WebSite","@id":"https:\/\/vitraaz.ee\/fi\/#website","url":"https:\/\/vitraaz.ee\/fi\/","name":"Vitraaz.ee","description":"Klaasinterj&ouml;&ouml;r","publisher":{"@id":"https:\/\/vitraaz.ee\/fi\/#organization"},"potentialAction":[{"@type":"SearchAction","target":{"@type":"EntryPoint","urlTemplate":"https:\/\/vitraaz.ee\/fi\/?s={search_term_string}"},"query-input":{"@type":"PropertyValueSpecification","valueRequired":true,"valueName":"search_term_string"}}],"inLanguage":"fi"},{"@type":"Organization","@id":"https:\/\/vitraaz.ee\/fi\/#organization","name":"KLAASINTERJ\u00d6\u00d6R O\u00dc","url":"https:\/\/vitraaz.ee\/fi\/","logo":{"@type":"ImageObject","inLanguage":"fi","@id":"https:\/\/vitraaz.ee\/fi\/#\/schema\/logo\/image\/","url":"https:\/\/vitraaz.ee\/wp-content\/uploads\/2022\/09\/logoKI.png","contentUrl":"https:\/\/vitraaz.ee\/wp-content\/uploads\/2022\/09\/logoKI.png","width":1159,"height":458,"caption":"KLAASINTERJ\u00d6\u00d6R O\u00dc"},"image":{"@id":"https:\/\/vitraaz.ee\/fi\/#\/schema\/logo\/image\/"},"sameAs":["https:\/\/www.facebook.com\/Klaasinterjoor"]}]}},"_links":{"self":[{"href":"https:\/\/vitraaz.ee\/fi\/wp-json\/wp\/v2\/product\/8183","targetHints":{"allow":["GET"]}}],"collection":[{"href":"https:\/\/vitraaz.ee\/fi\/wp-json\/wp\/v2\/product"}],"about":[{"href":"https:\/\/vitraaz.ee\/fi\/wp-json\/wp\/v2\/types\/product"}],"version-history":[{"count":2,"href":"https:\/\/vitraaz.ee\/fi\/wp-json\/wp\/v2\/product\/8183\/revisions"}],"predecessor-version":[{"id":8199,"href":"https:\/\/vitraaz.ee\/fi\/wp-json\/wp\/v2\/product\/8183\/revisions\/8199"}],"wp:featuredmedia":[{"embeddable":true,"href":"https:\/\/vitraaz.ee\/fi\/wp-json\/wp\/v2\/media\/8192"}],"wp:attachment":[{"href":"https:\/\/vitraaz.ee\/fi\/wp-json\/wp\/v2\/media?parent=8183"}],"wp:term":[{"taxonomy":"product_brand","embeddable":true,"href":"https:\/\/vitraaz.ee\/fi\/wp-json\/wp\/v2\/product_brand?post=8183"},{"taxonomy":"product_cat","embeddable":true,"href":"https:\/\/vitraaz.ee\/fi\/wp-json\/wp\/v2\/product_cat?post=8183"},{"taxonomy":"product_tag","embeddable":true,"href":"https:\/\/vitraaz.ee\/fi\/wp-json\/wp\/v2\/product_tag?post=8183"}],"curies":[{"name":"wp","href":"https:\/\/api.w.org\/{rel}","templated":true}]}}