{"id":8147,"date":"2025-01-08T12:51:41","date_gmt":"2025-01-08T12:51:41","guid":{"rendered":"https:\/\/vitraaz.ee\/?post_type=product&#038;p=8147"},"modified":"2025-01-30T14:20:20","modified_gmt":"2025-01-30T14:20:20","slug":"serveerimisalus-upcycle","status":"publish","type":"product","link":"https:\/\/vitraaz.ee\/fi\/toode\/serveerimisalus-upcycle\/","title":{"rendered":"Serveerimisalus Upcycle!"},"content":{"rendered":"<p dir=\"ltr\">V\u00e4ikestest klaasit\u00fckkidest mosaiigina kokku laotud madala servaga serveerimisalus Upcycle! Serveerimisaluse valmistamisel on kasutatud valget, kirgast ja punast klaasi.\u00a0 Serveerimisalus laotakse mitme kihina. Klaasit\u00fckid sulatatakse siledaks plaadiks ning alles seej\u00e4rel antakse ahjus sellele soovitud vorm. Sulatatult j\u00e4tavad klaasit\u00fckid abstraktse, justkui maalitud mulje. S\u00e4rav valge ja punane loovad t\u00f5eliselt kontrastse vaatem\u00e4ngu. Kuigi klaasit\u00fckid asetsevad tihedalt \u00fcksteise k\u00f5rval juhtub sisse j\u00e4\u00e4ma ka v\u00e4iksemaid augukesi, mis lisavad kausile veelgi v\u00f5lu. Kausi servad on samuti ebakorrap\u00e4rased. S\u00f5ltuvalt t\u00fckikeste kujust ja nende asetusest on iga ese unikaalne ja kordumatu nii ka serveerimisalus Upcycle. serveerimisaluse l\u00e4bim\u00f5\u00f5t: 33 cm, serva k\u00f5rgus 2 cm.<\/p>\n<p dir=\"ltr\">Serveerimisalus Upcycle sobib suurep\u00e4raselt suupistete, puuviljade v\u00f5i kommide serveerimiseks. Sellel on kaunis minimalistlik vorm, kuid samas sobib oma p\u00f5neva v\u00e4limuse t\u00f5ttu pilgup\u00fc\u00fcdjaks diivanilauale v\u00f5i kapiservale. Kuna tegu on unikaalse esemega on see ka suurep\u00e4rane kingitus, sest teist t\u00e4pselt samasugust pole v\u00f5imalik ka parima tahtmise juures luua.<\/p>\n<p dir=\"ltr\">Klaasinterj\u00f6\u00f6ri stuudios tekib paratamatult palju klaasij\u00e4\u00e4ki. Klaas on aga \u00e4\u00e4rmiselt t\u00e4nuv\u00e4\u00e4rne materjal, sest seda annab korduvalt kasutada ja \u00fcmbergi sulatada. V\u00e4iksem\u00f5\u00f5dulisest sulatusklaasi j\u00e4\u00e4gist valmivad klaasist kausid ja serveerimisalused, et p\u00e4\u00e4sta kaunis materjalij\u00e4\u00e4k pr\u00fcgisse sattumisest. Nii on v\u00f5imalik\u00a0 j\u00e4\u00e4kide teket v\u00e4hendada ja neid \u00e4ra kasutada. Samuti valmivad klaasi j\u00e4\u00e4kidest Klaasinterj\u00f6\u00f6ris toimuvate klaasit\u00f6\u00f6tubade esemed. T\u00f6\u00f6toast osa v\u00f5ttes saad sinagi kaasa aidata, v\u00e4hendada j\u00e4\u00e4ke ning luua midagi armsat ja isetehtut p\u00e4ris endale. Mis muud kui <em>UPCYCLE!\u00a0<\/em><\/p>\n<p dir=\"ltr\">Siin saad tutvuda sarnase tootega:\u00a0<a href=\"https:\/\/vitraaz.ee\/toode\/klaasist-kauss-upcycle-me\/\">https:\/\/vitraaz.ee\/toode\/klaasist-kauss-upcycle-me\/<\/a><\/p>\n","protected":false},"excerpt":{"rendered":"<p>V\u00e4ikestest klaasit\u00fckkidest mosaiigina kokku laotud madala servaga serveerimisalus Upcycle! Serveerimisaluse valmistamisel on kasutatud valget, kirgast ja punast klaasi.\u00a0 Serveerimisalus laotakse mitme kihina. Klaasit\u00fckid sulatatakse siledaks plaadiks ning alles seej\u00e4rel antakse ahjus sellele soovitud vorm. Sulatatult j\u00e4tavad klaasit\u00fckid abstraktse, justkui maalitud mulje. S\u00e4rav valge ja punane loovad t\u00f5eliselt kontrastse vaatem\u00e4ngu. Kuigi klaasit\u00fckid asetsevad tihedalt \u00fcksteise k\u00f5rval [&hellip;]<\/p>\n","protected":false},"featured_media":8494,"template":"","meta":{"_acf_changed":false},"product_brand":[],"product_cat":[35],"product_tag":[],"class_list":{"0":"post-8147","1":"product","2":"type-product","3":"status-publish","4":"has-post-thumbnail","6":"product_cat-kingitused-ja-meened","8":"first","9":"instock","10":"taxable","11":"shipping-taxable","12":"purchasable","13":"product-type-simple"},"acf":[],"yoast_head":"<!-- This site is optimized with the Yoast SEO plugin v27.3 - https:\/\/yoast.com\/product\/yoast-seo-wordpress\/ -->\n<title>Serveerimisalus Upcycle! - Vitraaz.ee<\/title>\n<meta name=\"description\" content=\"Punasest ja valgest klaasist serveerimisalus Upcycle on valmistatud klaasij\u00e4\u00e4kidest, mis Klaasinterj\u00f6\u00f6ri stuudios tekivad.\" \/>\n<meta name=\"robots\" content=\"index, follow, max-snippet:-1, max-image-preview:large, max-video-preview:-1\" \/>\n<link rel=\"canonical\" href=\"https:\/\/vitraaz.ee\/fi\/toode\/serveerimisalus-upcycle\/\" \/>\n<meta property=\"og:locale\" content=\"fi_FI\" \/>\n<meta property=\"og:type\" content=\"article\" \/>\n<meta property=\"og:title\" content=\"Serveerimisalus Upcycle! - Vitraaz.ee\" \/>\n<meta property=\"og:description\" content=\"Punasest ja valgest klaasist serveerimisalus Upcycle on valmistatud klaasij\u00e4\u00e4kidest, mis Klaasinterj\u00f6\u00f6ri stuudios tekivad.\" \/>\n<meta property=\"og:url\" content=\"https:\/\/vitraaz.ee\/fi\/toode\/serveerimisalus-upcycle\/\" \/>\n<meta property=\"og:site_name\" content=\"Vitraaz.ee\" \/>\n<meta property=\"article:publisher\" content=\"https:\/\/www.facebook.com\/Klaasinterjoor\" \/>\n<meta property=\"article:modified_time\" content=\"2025-01-30T14:20:20+00:00\" \/>\n<meta property=\"og:image\" content=\"https:\/\/vitraaz.ee\/wp-content\/uploads\/2025\/01\/punv.jpg\" \/>\n\t<meta property=\"og:image:width\" content=\"1200\" \/>\n\t<meta property=\"og:image:height\" content=\"798\" \/>\n\t<meta property=\"og:image:type\" content=\"image\/jpeg\" \/>\n<meta name=\"twitter:card\" content=\"summary_large_image\" \/>\n<meta name=\"twitter:label1\" content=\"Arvioitu lukuaika\" \/>\n\t<meta name=\"twitter:data1\" content=\"2 minuuttia\" \/>\n<script type=\"application\/ld+json\" class=\"yoast-schema-graph\">{\"@context\":\"https:\\\/\\\/schema.org\",\"@graph\":[{\"@type\":\"WebPage\",\"@id\":\"https:\\\/\\\/vitraaz.ee\\\/fi\\\/toode\\\/serveerimisalus-upcycle\\\/\",\"url\":\"https:\\\/\\\/vitraaz.ee\\\/fi\\\/toode\\\/serveerimisalus-upcycle\\\/\",\"name\":\"Serveerimisalus Upcycle! - Vitraaz.ee\",\"isPartOf\":{\"@id\":\"https:\\\/\\\/vitraaz.ee\\\/fi\\\/#website\"},\"primaryImageOfPage\":{\"@id\":\"https:\\\/\\\/vitraaz.ee\\\/fi\\\/toode\\\/serveerimisalus-upcycle\\\/#primaryimage\"},\"image\":{\"@id\":\"https:\\\/\\\/vitraaz.ee\\\/fi\\\/toode\\\/serveerimisalus-upcycle\\\/#primaryimage\"},\"thumbnailUrl\":\"https:\\\/\\\/vitraaz.ee\\\/wp-content\\\/uploads\\\/2025\\\/01\\\/punv.jpg\",\"datePublished\":\"2025-01-08T12:51:41+00:00\",\"dateModified\":\"2025-01-30T14:20:20+00:00\",\"description\":\"Punasest ja valgest klaasist serveerimisalus Upcycle on valmistatud klaasij\u00e4\u00e4kidest, mis Klaasinterj\u00f6\u00f6ri stuudios tekivad.\",\"breadcrumb\":{\"@id\":\"https:\\\/\\\/vitraaz.ee\\\/fi\\\/toode\\\/serveerimisalus-upcycle\\\/#breadcrumb\"},\"inLanguage\":\"fi\",\"potentialAction\":[{\"@type\":\"ReadAction\",\"target\":[\"https:\\\/\\\/vitraaz.ee\\\/fi\\\/toode\\\/serveerimisalus-upcycle\\\/\"]}]},{\"@type\":\"ImageObject\",\"inLanguage\":\"fi\",\"@id\":\"https:\\\/\\\/vitraaz.ee\\\/fi\\\/toode\\\/serveerimisalus-upcycle\\\/#primaryimage\",\"url\":\"https:\\\/\\\/vitraaz.ee\\\/wp-content\\\/uploads\\\/2025\\\/01\\\/punv.jpg\",\"contentUrl\":\"https:\\\/\\\/vitraaz.ee\\\/wp-content\\\/uploads\\\/2025\\\/01\\\/punv.jpg\",\"width\":1200,\"height\":798},{\"@type\":\"BreadcrumbList\",\"@id\":\"https:\\\/\\\/vitraaz.ee\\\/fi\\\/toode\\\/serveerimisalus-upcycle\\\/#breadcrumb\",\"itemListElement\":[{\"@type\":\"ListItem\",\"position\":1,\"name\":\"Home\",\"item\":\"https:\\\/\\\/vitraaz.ee\\\/fi\\\/\"},{\"@type\":\"ListItem\",\"position\":2,\"name\":\"Pood\",\"item\":\"https:\\\/\\\/vitraaz.ee\\\/pood\\\/\"},{\"@type\":\"ListItem\",\"position\":3,\"name\":\"Serveerimisalus Upcycle!\"}]},{\"@type\":\"WebSite\",\"@id\":\"https:\\\/\\\/vitraaz.ee\\\/fi\\\/#website\",\"url\":\"https:\\\/\\\/vitraaz.ee\\\/fi\\\/\",\"name\":\"Vitraaz.ee\",\"description\":\"Klaasinterj&ouml;&ouml;r\",\"publisher\":{\"@id\":\"https:\\\/\\\/vitraaz.ee\\\/fi\\\/#organization\"},\"potentialAction\":[{\"@type\":\"SearchAction\",\"target\":{\"@type\":\"EntryPoint\",\"urlTemplate\":\"https:\\\/\\\/vitraaz.ee\\\/fi\\\/?s={search_term_string}\"},\"query-input\":{\"@type\":\"PropertyValueSpecification\",\"valueRequired\":true,\"valueName\":\"search_term_string\"}}],\"inLanguage\":\"fi\"},{\"@type\":\"Organization\",\"@id\":\"https:\\\/\\\/vitraaz.ee\\\/fi\\\/#organization\",\"name\":\"KLAASINTERJ\u00d6\u00d6R O\u00dc\",\"url\":\"https:\\\/\\\/vitraaz.ee\\\/fi\\\/\",\"logo\":{\"@type\":\"ImageObject\",\"inLanguage\":\"fi\",\"@id\":\"https:\\\/\\\/vitraaz.ee\\\/fi\\\/#\\\/schema\\\/logo\\\/image\\\/\",\"url\":\"https:\\\/\\\/vitraaz.ee\\\/wp-content\\\/uploads\\\/2022\\\/09\\\/logoKI.png\",\"contentUrl\":\"https:\\\/\\\/vitraaz.ee\\\/wp-content\\\/uploads\\\/2022\\\/09\\\/logoKI.png\",\"width\":1159,\"height\":458,\"caption\":\"KLAASINTERJ\u00d6\u00d6R O\u00dc\"},\"image\":{\"@id\":\"https:\\\/\\\/vitraaz.ee\\\/fi\\\/#\\\/schema\\\/logo\\\/image\\\/\"},\"sameAs\":[\"https:\\\/\\\/www.facebook.com\\\/Klaasinterjoor\"]}]}<\/script>\n<!-- \/ Yoast SEO plugin. -->","yoast_head_json":{"title":"Serveerimisalus Upcycle! - Vitraaz.ee","description":"Punasest ja valgest klaasist serveerimisalus Upcycle on valmistatud klaasij\u00e4\u00e4kidest, mis Klaasinterj\u00f6\u00f6ri stuudios tekivad.","robots":{"index":"index","follow":"follow","max-snippet":"max-snippet:-1","max-image-preview":"max-image-preview:large","max-video-preview":"max-video-preview:-1"},"canonical":"https:\/\/vitraaz.ee\/fi\/toode\/serveerimisalus-upcycle\/","og_locale":"fi_FI","og_type":"article","og_title":"Serveerimisalus Upcycle! - Vitraaz.ee","og_description":"Punasest ja valgest klaasist serveerimisalus Upcycle on valmistatud klaasij\u00e4\u00e4kidest, mis Klaasinterj\u00f6\u00f6ri stuudios tekivad.","og_url":"https:\/\/vitraaz.ee\/fi\/toode\/serveerimisalus-upcycle\/","og_site_name":"Vitraaz.ee","article_publisher":"https:\/\/www.facebook.com\/Klaasinterjoor","article_modified_time":"2025-01-30T14:20:20+00:00","og_image":[{"width":1200,"height":798,"url":"https:\/\/vitraaz.ee\/wp-content\/uploads\/2025\/01\/punv.jpg","type":"image\/jpeg"}],"twitter_card":"summary_large_image","twitter_misc":{"Arvioitu lukuaika":"2 minuuttia"},"schema":{"@context":"https:\/\/schema.org","@graph":[{"@type":"WebPage","@id":"https:\/\/vitraaz.ee\/fi\/toode\/serveerimisalus-upcycle\/","url":"https:\/\/vitraaz.ee\/fi\/toode\/serveerimisalus-upcycle\/","name":"Serveerimisalus Upcycle! - Vitraaz.ee","isPartOf":{"@id":"https:\/\/vitraaz.ee\/fi\/#website"},"primaryImageOfPage":{"@id":"https:\/\/vitraaz.ee\/fi\/toode\/serveerimisalus-upcycle\/#primaryimage"},"image":{"@id":"https:\/\/vitraaz.ee\/fi\/toode\/serveerimisalus-upcycle\/#primaryimage"},"thumbnailUrl":"https:\/\/vitraaz.ee\/wp-content\/uploads\/2025\/01\/punv.jpg","datePublished":"2025-01-08T12:51:41+00:00","dateModified":"2025-01-30T14:20:20+00:00","description":"Punasest ja valgest klaasist serveerimisalus Upcycle on valmistatud klaasij\u00e4\u00e4kidest, mis Klaasinterj\u00f6\u00f6ri stuudios tekivad.","breadcrumb":{"@id":"https:\/\/vitraaz.ee\/fi\/toode\/serveerimisalus-upcycle\/#breadcrumb"},"inLanguage":"fi","potentialAction":[{"@type":"ReadAction","target":["https:\/\/vitraaz.ee\/fi\/toode\/serveerimisalus-upcycle\/"]}]},{"@type":"ImageObject","inLanguage":"fi","@id":"https:\/\/vitraaz.ee\/fi\/toode\/serveerimisalus-upcycle\/#primaryimage","url":"https:\/\/vitraaz.ee\/wp-content\/uploads\/2025\/01\/punv.jpg","contentUrl":"https:\/\/vitraaz.ee\/wp-content\/uploads\/2025\/01\/punv.jpg","width":1200,"height":798},{"@type":"BreadcrumbList","@id":"https:\/\/vitraaz.ee\/fi\/toode\/serveerimisalus-upcycle\/#breadcrumb","itemListElement":[{"@type":"ListItem","position":1,"name":"Home","item":"https:\/\/vitraaz.ee\/fi\/"},{"@type":"ListItem","position":2,"name":"Pood","item":"https:\/\/vitraaz.ee\/pood\/"},{"@type":"ListItem","position":3,"name":"Serveerimisalus Upcycle!"}]},{"@type":"WebSite","@id":"https:\/\/vitraaz.ee\/fi\/#website","url":"https:\/\/vitraaz.ee\/fi\/","name":"Vitraaz.ee","description":"Klaasinterj&ouml;&ouml;r","publisher":{"@id":"https:\/\/vitraaz.ee\/fi\/#organization"},"potentialAction":[{"@type":"SearchAction","target":{"@type":"EntryPoint","urlTemplate":"https:\/\/vitraaz.ee\/fi\/?s={search_term_string}"},"query-input":{"@type":"PropertyValueSpecification","valueRequired":true,"valueName":"search_term_string"}}],"inLanguage":"fi"},{"@type":"Organization","@id":"https:\/\/vitraaz.ee\/fi\/#organization","name":"KLAASINTERJ\u00d6\u00d6R O\u00dc","url":"https:\/\/vitraaz.ee\/fi\/","logo":{"@type":"ImageObject","inLanguage":"fi","@id":"https:\/\/vitraaz.ee\/fi\/#\/schema\/logo\/image\/","url":"https:\/\/vitraaz.ee\/wp-content\/uploads\/2022\/09\/logoKI.png","contentUrl":"https:\/\/vitraaz.ee\/wp-content\/uploads\/2022\/09\/logoKI.png","width":1159,"height":458,"caption":"KLAASINTERJ\u00d6\u00d6R O\u00dc"},"image":{"@id":"https:\/\/vitraaz.ee\/fi\/#\/schema\/logo\/image\/"},"sameAs":["https:\/\/www.facebook.com\/Klaasinterjoor"]}]}},"_links":{"self":[{"href":"https:\/\/vitraaz.ee\/fi\/wp-json\/wp\/v2\/product\/8147","targetHints":{"allow":["GET"]}}],"collection":[{"href":"https:\/\/vitraaz.ee\/fi\/wp-json\/wp\/v2\/product"}],"about":[{"href":"https:\/\/vitraaz.ee\/fi\/wp-json\/wp\/v2\/types\/product"}],"version-history":[{"count":1,"href":"https:\/\/vitraaz.ee\/fi\/wp-json\/wp\/v2\/product\/8147\/revisions"}],"predecessor-version":[{"id":8168,"href":"https:\/\/vitraaz.ee\/fi\/wp-json\/wp\/v2\/product\/8147\/revisions\/8168"}],"wp:featuredmedia":[{"embeddable":true,"href":"https:\/\/vitraaz.ee\/fi\/wp-json\/wp\/v2\/media\/8494"}],"wp:attachment":[{"href":"https:\/\/vitraaz.ee\/fi\/wp-json\/wp\/v2\/media?parent=8147"}],"wp:term":[{"taxonomy":"product_brand","embeddable":true,"href":"https:\/\/vitraaz.ee\/fi\/wp-json\/wp\/v2\/product_brand?post=8147"},{"taxonomy":"product_cat","embeddable":true,"href":"https:\/\/vitraaz.ee\/fi\/wp-json\/wp\/v2\/product_cat?post=8147"},{"taxonomy":"product_tag","embeddable":true,"href":"https:\/\/vitraaz.ee\/fi\/wp-json\/wp\/v2\/product_tag?post=8147"}],"curies":[{"name":"wp","href":"https:\/\/api.w.org\/{rel}","templated":true}]}}