{"id":8132,"date":"2025-01-08T12:24:52","date_gmt":"2025-01-08T12:24:52","guid":{"rendered":"https:\/\/vitraaz.ee\/?post_type=product&#038;p=8132"},"modified":"2025-01-30T14:18:05","modified_gmt":"2025-01-30T14:18:05","slug":"klaasist-kauss-upcycle-me","status":"publish","type":"product","link":"https:\/\/vitraaz.ee\/fi\/toode\/klaasist-kauss-upcycle-me\/","title":{"rendered":"Klaasist kauss Upcycle me!"},"content":{"rendered":"<div dir=\"auto\">\n<p dir=\"ltr\">V\u00e4ikestest klaasit\u00fckkidest mosaiigina kokku laotud klaasist kauss Upcycle me. Ladumisel on kasutatud valget, kirgast, halli ja nahatooni klaasi.\u00a0 Serveerimisalus laotakse mitme kihina, seej\u00e4rel sulatatakse klaasist siledaks plaadiks ning sulatusahjus antakse sellele soovitud vorm. Andes klaasit\u00fckkidele suuna ja neid kihiliselt ladudes j\u00e4tavad klaasit\u00fckid sulatatult abstraktse ja maalilise mulje. Kuigi klaasit\u00fckid asetsevad tihedalt \u00fcksteise k\u00f5rval juhtub sisse j\u00e4\u00e4ma ka v\u00e4iksemaid augukesi, mis lisavad kausile veelgi v\u00f5lu. Kausi servad on samuti ebakorrap\u00e4rased. S\u00f5ltuvalt t\u00fckikeste kujust ja nende asetusest on iga ese unikaalne ja kordumatu. Klaasist kauss Upcycle me on m\u00f5\u00f5tudega: 33 cm, s\u00fcgavus 6 cm.<\/p>\n<p dir=\"ltr\">Klaasinter\u00f6\u00f6ri stuudios tekib paratamatult palju klaasij\u00e4\u00e4ki. Klaas on aga \u00e4\u00e4rmiselt t\u00e4nuv\u00e4\u00e4rne materjal, sest seda annab korduvalt kasutada ja \u00fcmbergi sulatada. V\u00e4iksem\u00f5\u00f5dulisest sulatusklaasi j\u00e4\u00e4gist valmivad klaasist kausid ja serveerimisalused, et p\u00e4\u00e4sta kaunis j\u00e4\u00e4k pr\u00fcgisse sattumisest. Nii on v\u00f5imalik\u00a0 j\u00e4\u00e4kide teket v\u00e4hendada ja \u00e4ra kasutada. Samuti valmivad klaasi j\u00e4\u00e4kidest Klaasinterj\u00f6\u00f6ris toimuvate klaasit\u00f6\u00f6tubade esemed. T\u00f6\u00f6toast osa v\u00f5ttes saad sinagi kaasa aidata, v\u00e4hendada j\u00e4\u00e4ke ning luua midagi armsat ja isetehtut p\u00e4ris endale. Mis muud kui <em>UPCYCLE!<\/em><\/p>\n<p dir=\"ltr\">Meie e-poest v\u00f5id leida teisigi klaasij\u00e4\u00e4kidest valminud tooteid nagu n\u00e4iteks lillades toonides kauss: <a href=\"https:\/\/vitraaz.ee\/toode\/kauss-upcycle\/\">vaata siia!<\/a><\/p>\n<\/div>\n","protected":false},"excerpt":{"rendered":"<p>V\u00e4ikestest klaasit\u00fckkidest mosaiigina kokku laotud klaasist kauss Upcycle me. Ladumisel on kasutatud valget, kirgast, halli ja nahatooni klaasi.\u00a0 Serveerimisalus laotakse mitme kihina, seej\u00e4rel sulatatakse klaasist siledaks plaadiks ning sulatusahjus antakse sellele soovitud vorm. Andes klaasit\u00fckkidele suuna ja neid kihiliselt ladudes j\u00e4tavad klaasit\u00fckid sulatatult abstraktse ja maalilise mulje. Kuigi klaasit\u00fckid asetsevad tihedalt \u00fcksteise k\u00f5rval juhtub sisse [&hellip;]<\/p>\n","protected":false},"featured_media":8466,"template":"","meta":{"_acf_changed":false},"product_brand":[],"product_cat":[35],"product_tag":[],"class_list":{"0":"post-8132","1":"product","2":"type-product","3":"status-publish","4":"has-post-thumbnail","6":"product_cat-kingitused-ja-meened","8":"first","9":"instock","10":"taxable","11":"shipping-taxable","12":"purchasable","13":"product-type-simple"},"acf":[],"yoast_head":"<!-- This site is optimized with the Yoast SEO plugin v27.3 - https:\/\/yoast.com\/product\/yoast-seo-wordpress\/ -->\n<title>Klaasist kauss Upcycle me! - Vitraaz.ee<\/title>\n<meta name=\"description\" content=\"Klaasist kauss Upcycle me! on klaasistuudio klaasij\u00e4\u00e4kidest loodud maaliline serveerimisn\u00f5u. Iga ese on unikaalne ja kordumatu.\" \/>\n<meta name=\"robots\" content=\"index, follow, max-snippet:-1, max-image-preview:large, max-video-preview:-1\" \/>\n<link rel=\"canonical\" href=\"https:\/\/vitraaz.ee\/fi\/toode\/klaasist-kauss-upcycle-me\/\" \/>\n<meta property=\"og:locale\" content=\"fi_FI\" \/>\n<meta property=\"og:type\" content=\"article\" \/>\n<meta property=\"og:title\" content=\"Klaasist kauss Upcycle me! - Vitraaz.ee\" \/>\n<meta property=\"og:description\" content=\"Klaasist kauss Upcycle me! on klaasistuudio klaasij\u00e4\u00e4kidest loodud maaliline serveerimisn\u00f5u. Iga ese on unikaalne ja kordumatu.\" \/>\n<meta property=\"og:url\" content=\"https:\/\/vitraaz.ee\/fi\/toode\/klaasist-kauss-upcycle-me\/\" \/>\n<meta property=\"og:site_name\" content=\"Vitraaz.ee\" \/>\n<meta property=\"article:publisher\" content=\"https:\/\/www.facebook.com\/Klaasinterjoor\" \/>\n<meta property=\"article:modified_time\" content=\"2025-01-30T14:18:05+00:00\" \/>\n<meta property=\"og:image\" content=\"https:\/\/vitraaz.ee\/wp-content\/uploads\/2025\/01\/Rhv2.jpg\" \/>\n\t<meta property=\"og:image:width\" content=\"798\" \/>\n\t<meta property=\"og:image:height\" content=\"1200\" \/>\n\t<meta property=\"og:image:type\" content=\"image\/jpeg\" \/>\n<meta name=\"twitter:card\" content=\"summary_large_image\" \/>\n<meta name=\"twitter:label1\" content=\"Arvioitu lukuaika\" \/>\n\t<meta name=\"twitter:data1\" content=\"2 minuuttia\" \/>\n<script type=\"application\/ld+json\" class=\"yoast-schema-graph\">{\"@context\":\"https:\\\/\\\/schema.org\",\"@graph\":[{\"@type\":\"WebPage\",\"@id\":\"https:\\\/\\\/vitraaz.ee\\\/fi\\\/toode\\\/klaasist-kauss-upcycle-me\\\/\",\"url\":\"https:\\\/\\\/vitraaz.ee\\\/fi\\\/toode\\\/klaasist-kauss-upcycle-me\\\/\",\"name\":\"Klaasist kauss Upcycle me! - Vitraaz.ee\",\"isPartOf\":{\"@id\":\"https:\\\/\\\/vitraaz.ee\\\/fi\\\/#website\"},\"primaryImageOfPage\":{\"@id\":\"https:\\\/\\\/vitraaz.ee\\\/fi\\\/toode\\\/klaasist-kauss-upcycle-me\\\/#primaryimage\"},\"image\":{\"@id\":\"https:\\\/\\\/vitraaz.ee\\\/fi\\\/toode\\\/klaasist-kauss-upcycle-me\\\/#primaryimage\"},\"thumbnailUrl\":\"https:\\\/\\\/vitraaz.ee\\\/wp-content\\\/uploads\\\/2025\\\/01\\\/Rhv2.jpg\",\"datePublished\":\"2025-01-08T12:24:52+00:00\",\"dateModified\":\"2025-01-30T14:18:05+00:00\",\"description\":\"Klaasist kauss Upcycle me! on klaasistuudio klaasij\u00e4\u00e4kidest loodud maaliline serveerimisn\u00f5u. Iga ese on unikaalne ja kordumatu.\",\"breadcrumb\":{\"@id\":\"https:\\\/\\\/vitraaz.ee\\\/fi\\\/toode\\\/klaasist-kauss-upcycle-me\\\/#breadcrumb\"},\"inLanguage\":\"fi\",\"potentialAction\":[{\"@type\":\"ReadAction\",\"target\":[\"https:\\\/\\\/vitraaz.ee\\\/fi\\\/toode\\\/klaasist-kauss-upcycle-me\\\/\"]}]},{\"@type\":\"ImageObject\",\"inLanguage\":\"fi\",\"@id\":\"https:\\\/\\\/vitraaz.ee\\\/fi\\\/toode\\\/klaasist-kauss-upcycle-me\\\/#primaryimage\",\"url\":\"https:\\\/\\\/vitraaz.ee\\\/wp-content\\\/uploads\\\/2025\\\/01\\\/Rhv2.jpg\",\"contentUrl\":\"https:\\\/\\\/vitraaz.ee\\\/wp-content\\\/uploads\\\/2025\\\/01\\\/Rhv2.jpg\",\"width\":798,\"height\":1200},{\"@type\":\"BreadcrumbList\",\"@id\":\"https:\\\/\\\/vitraaz.ee\\\/fi\\\/toode\\\/klaasist-kauss-upcycle-me\\\/#breadcrumb\",\"itemListElement\":[{\"@type\":\"ListItem\",\"position\":1,\"name\":\"Home\",\"item\":\"https:\\\/\\\/vitraaz.ee\\\/fi\\\/\"},{\"@type\":\"ListItem\",\"position\":2,\"name\":\"Pood\",\"item\":\"https:\\\/\\\/vitraaz.ee\\\/pood\\\/\"},{\"@type\":\"ListItem\",\"position\":3,\"name\":\"Klaasist kauss Upcycle me!\"}]},{\"@type\":\"WebSite\",\"@id\":\"https:\\\/\\\/vitraaz.ee\\\/fi\\\/#website\",\"url\":\"https:\\\/\\\/vitraaz.ee\\\/fi\\\/\",\"name\":\"Vitraaz.ee\",\"description\":\"Klaasinterj&ouml;&ouml;r\",\"publisher\":{\"@id\":\"https:\\\/\\\/vitraaz.ee\\\/fi\\\/#organization\"},\"potentialAction\":[{\"@type\":\"SearchAction\",\"target\":{\"@type\":\"EntryPoint\",\"urlTemplate\":\"https:\\\/\\\/vitraaz.ee\\\/fi\\\/?s={search_term_string}\"},\"query-input\":{\"@type\":\"PropertyValueSpecification\",\"valueRequired\":true,\"valueName\":\"search_term_string\"}}],\"inLanguage\":\"fi\"},{\"@type\":\"Organization\",\"@id\":\"https:\\\/\\\/vitraaz.ee\\\/fi\\\/#organization\",\"name\":\"KLAASINTERJ\u00d6\u00d6R O\u00dc\",\"url\":\"https:\\\/\\\/vitraaz.ee\\\/fi\\\/\",\"logo\":{\"@type\":\"ImageObject\",\"inLanguage\":\"fi\",\"@id\":\"https:\\\/\\\/vitraaz.ee\\\/fi\\\/#\\\/schema\\\/logo\\\/image\\\/\",\"url\":\"https:\\\/\\\/vitraaz.ee\\\/wp-content\\\/uploads\\\/2022\\\/09\\\/logoKI.png\",\"contentUrl\":\"https:\\\/\\\/vitraaz.ee\\\/wp-content\\\/uploads\\\/2022\\\/09\\\/logoKI.png\",\"width\":1159,\"height\":458,\"caption\":\"KLAASINTERJ\u00d6\u00d6R O\u00dc\"},\"image\":{\"@id\":\"https:\\\/\\\/vitraaz.ee\\\/fi\\\/#\\\/schema\\\/logo\\\/image\\\/\"},\"sameAs\":[\"https:\\\/\\\/www.facebook.com\\\/Klaasinterjoor\"]}]}<\/script>\n<!-- \/ Yoast SEO plugin. -->","yoast_head_json":{"title":"Klaasist kauss Upcycle me! - Vitraaz.ee","description":"Klaasist kauss Upcycle me! on klaasistuudio klaasij\u00e4\u00e4kidest loodud maaliline serveerimisn\u00f5u. Iga ese on unikaalne ja kordumatu.","robots":{"index":"index","follow":"follow","max-snippet":"max-snippet:-1","max-image-preview":"max-image-preview:large","max-video-preview":"max-video-preview:-1"},"canonical":"https:\/\/vitraaz.ee\/fi\/toode\/klaasist-kauss-upcycle-me\/","og_locale":"fi_FI","og_type":"article","og_title":"Klaasist kauss Upcycle me! - Vitraaz.ee","og_description":"Klaasist kauss Upcycle me! on klaasistuudio klaasij\u00e4\u00e4kidest loodud maaliline serveerimisn\u00f5u. Iga ese on unikaalne ja kordumatu.","og_url":"https:\/\/vitraaz.ee\/fi\/toode\/klaasist-kauss-upcycle-me\/","og_site_name":"Vitraaz.ee","article_publisher":"https:\/\/www.facebook.com\/Klaasinterjoor","article_modified_time":"2025-01-30T14:18:05+00:00","og_image":[{"width":798,"height":1200,"url":"https:\/\/vitraaz.ee\/wp-content\/uploads\/2025\/01\/Rhv2.jpg","type":"image\/jpeg"}],"twitter_card":"summary_large_image","twitter_misc":{"Arvioitu lukuaika":"2 minuuttia"},"schema":{"@context":"https:\/\/schema.org","@graph":[{"@type":"WebPage","@id":"https:\/\/vitraaz.ee\/fi\/toode\/klaasist-kauss-upcycle-me\/","url":"https:\/\/vitraaz.ee\/fi\/toode\/klaasist-kauss-upcycle-me\/","name":"Klaasist kauss Upcycle me! - Vitraaz.ee","isPartOf":{"@id":"https:\/\/vitraaz.ee\/fi\/#website"},"primaryImageOfPage":{"@id":"https:\/\/vitraaz.ee\/fi\/toode\/klaasist-kauss-upcycle-me\/#primaryimage"},"image":{"@id":"https:\/\/vitraaz.ee\/fi\/toode\/klaasist-kauss-upcycle-me\/#primaryimage"},"thumbnailUrl":"https:\/\/vitraaz.ee\/wp-content\/uploads\/2025\/01\/Rhv2.jpg","datePublished":"2025-01-08T12:24:52+00:00","dateModified":"2025-01-30T14:18:05+00:00","description":"Klaasist kauss Upcycle me! on klaasistuudio klaasij\u00e4\u00e4kidest loodud maaliline serveerimisn\u00f5u. Iga ese on unikaalne ja kordumatu.","breadcrumb":{"@id":"https:\/\/vitraaz.ee\/fi\/toode\/klaasist-kauss-upcycle-me\/#breadcrumb"},"inLanguage":"fi","potentialAction":[{"@type":"ReadAction","target":["https:\/\/vitraaz.ee\/fi\/toode\/klaasist-kauss-upcycle-me\/"]}]},{"@type":"ImageObject","inLanguage":"fi","@id":"https:\/\/vitraaz.ee\/fi\/toode\/klaasist-kauss-upcycle-me\/#primaryimage","url":"https:\/\/vitraaz.ee\/wp-content\/uploads\/2025\/01\/Rhv2.jpg","contentUrl":"https:\/\/vitraaz.ee\/wp-content\/uploads\/2025\/01\/Rhv2.jpg","width":798,"height":1200},{"@type":"BreadcrumbList","@id":"https:\/\/vitraaz.ee\/fi\/toode\/klaasist-kauss-upcycle-me\/#breadcrumb","itemListElement":[{"@type":"ListItem","position":1,"name":"Home","item":"https:\/\/vitraaz.ee\/fi\/"},{"@type":"ListItem","position":2,"name":"Pood","item":"https:\/\/vitraaz.ee\/pood\/"},{"@type":"ListItem","position":3,"name":"Klaasist kauss Upcycle me!"}]},{"@type":"WebSite","@id":"https:\/\/vitraaz.ee\/fi\/#website","url":"https:\/\/vitraaz.ee\/fi\/","name":"Vitraaz.ee","description":"Klaasinterj&ouml;&ouml;r","publisher":{"@id":"https:\/\/vitraaz.ee\/fi\/#organization"},"potentialAction":[{"@type":"SearchAction","target":{"@type":"EntryPoint","urlTemplate":"https:\/\/vitraaz.ee\/fi\/?s={search_term_string}"},"query-input":{"@type":"PropertyValueSpecification","valueRequired":true,"valueName":"search_term_string"}}],"inLanguage":"fi"},{"@type":"Organization","@id":"https:\/\/vitraaz.ee\/fi\/#organization","name":"KLAASINTERJ\u00d6\u00d6R O\u00dc","url":"https:\/\/vitraaz.ee\/fi\/","logo":{"@type":"ImageObject","inLanguage":"fi","@id":"https:\/\/vitraaz.ee\/fi\/#\/schema\/logo\/image\/","url":"https:\/\/vitraaz.ee\/wp-content\/uploads\/2022\/09\/logoKI.png","contentUrl":"https:\/\/vitraaz.ee\/wp-content\/uploads\/2022\/09\/logoKI.png","width":1159,"height":458,"caption":"KLAASINTERJ\u00d6\u00d6R O\u00dc"},"image":{"@id":"https:\/\/vitraaz.ee\/fi\/#\/schema\/logo\/image\/"},"sameAs":["https:\/\/www.facebook.com\/Klaasinterjoor"]}]}},"_links":{"self":[{"href":"https:\/\/vitraaz.ee\/fi\/wp-json\/wp\/v2\/product\/8132","targetHints":{"allow":["GET"]}}],"collection":[{"href":"https:\/\/vitraaz.ee\/fi\/wp-json\/wp\/v2\/product"}],"about":[{"href":"https:\/\/vitraaz.ee\/fi\/wp-json\/wp\/v2\/types\/product"}],"version-history":[{"count":4,"href":"https:\/\/vitraaz.ee\/fi\/wp-json\/wp\/v2\/product\/8132\/revisions"}],"predecessor-version":[{"id":8202,"href":"https:\/\/vitraaz.ee\/fi\/wp-json\/wp\/v2\/product\/8132\/revisions\/8202"}],"wp:featuredmedia":[{"embeddable":true,"href":"https:\/\/vitraaz.ee\/fi\/wp-json\/wp\/v2\/media\/8466"}],"wp:attachment":[{"href":"https:\/\/vitraaz.ee\/fi\/wp-json\/wp\/v2\/media?parent=8132"}],"wp:term":[{"taxonomy":"product_brand","embeddable":true,"href":"https:\/\/vitraaz.ee\/fi\/wp-json\/wp\/v2\/product_brand?post=8132"},{"taxonomy":"product_cat","embeddable":true,"href":"https:\/\/vitraaz.ee\/fi\/wp-json\/wp\/v2\/product_cat?post=8132"},{"taxonomy":"product_tag","embeddable":true,"href":"https:\/\/vitraaz.ee\/fi\/wp-json\/wp\/v2\/product_tag?post=8132"}],"curies":[{"name":"wp","href":"https:\/\/api.w.org\/{rel}","templated":true}]}}