{"id":8052,"date":"2024-11-25T22:03:37","date_gmt":"2024-11-25T22:03:37","guid":{"rendered":"https:\/\/vitraaz.ee\/?post_type=product&#038;p=8052"},"modified":"2025-01-17T02:09:28","modified_gmt":"2025-01-17T02:09:28","slug":"kauss-roheline-flow","status":"publish","type":"product","link":"https:\/\/vitraaz.ee\/fi\/toode\/kauss-roheline-flow\/","title":{"rendered":"Kauss Roheline flow"},"content":{"rendered":"<p>Kauss Roheline flow on t\u00f5eliselt j\u00f5ulist v\u00e4rvi. Kausil on tumeroheline l\u00e4ikiv v\u00e4lispind. Seest poolt on aga kauss mahedalt matt ning mati pinna sees l\u00e4ikiv lehemuster. Iga Flow on pisut erinev, sest otsustab ahjus ise kuhu poole oma nurgad keerab. Nii v\u00f5ib ka sellel kausil n\u00e4ha kelmikaid looklevaid servi. Kauss roheline flow sobib v\u00e4rvi poolest h\u00e4sti j\u00f5uludesse, kuid on piisavalt oman\u00e4oline, et olla dekoratiivne ja ka praktiline staar igas interj\u00f6\u00f6ris.<\/p>\n","protected":false},"excerpt":{"rendered":"<p>Kauss Roheline flow on t\u00f5eliselt j\u00f5ulist v\u00e4rvi. Kausil on tumeroheline l\u00e4ikiv v\u00e4lispind. Seest poolt on aga kauss mahedalt matt ning mati pinna sees l\u00e4ikiv lehemuster. Iga Flow on pisut erinev, sest otsustab ahjus ise kuhu poole oma nurgad keerab. Nii v\u00f5ib ka sellel kausil n\u00e4ha kelmikaid looklevaid servi. Kauss roheline flow sobib v\u00e4rvi poolest h\u00e4sti [&hellip;]<\/p>\n","protected":false},"featured_media":8061,"template":"","meta":{"_acf_changed":false},"product_brand":[],"product_cat":[35],"product_tag":[],"class_list":{"0":"post-8052","1":"product","2":"type-product","3":"status-publish","4":"has-post-thumbnail","6":"product_cat-kingitused-ja-meened","8":"first","9":"instock","10":"taxable","11":"shipping-taxable","12":"purchasable","13":"product-type-simple"},"acf":[],"yoast_head":"<!-- This site is optimized with the Yoast SEO plugin v27.3 - https:\/\/yoast.com\/product\/yoast-seo-wordpress\/ -->\n<title>Kauss Roheline flow - Vitraaz.ee<\/title>\n<meta name=\"description\" content=\"Kauss roheline flow on t\u00f5eliselt tugeva iseloomuga; selle \u00e4ge kuju ja v\u00e4rv p\u00e4\u00e4sevad igal juhul esile ega j\u00e4ta k\u00fclmaks. Praktiline ja efektne kingitus.\" \/>\n<meta name=\"robots\" content=\"index, follow, max-snippet:-1, max-image-preview:large, max-video-preview:-1\" \/>\n<link rel=\"canonical\" href=\"https:\/\/vitraaz.ee\/fi\/toode\/kauss-roheline-flow\/\" \/>\n<meta property=\"og:locale\" content=\"fi_FI\" \/>\n<meta property=\"og:type\" content=\"article\" \/>\n<meta property=\"og:title\" content=\"Kauss Roheline flow - Vitraaz.ee\" \/>\n<meta property=\"og:description\" content=\"Kauss roheline flow on t\u00f5eliselt tugeva iseloomuga; selle \u00e4ge kuju ja v\u00e4rv p\u00e4\u00e4sevad igal juhul esile ega j\u00e4ta k\u00fclmaks. Praktiline ja efektne kingitus.\" \/>\n<meta property=\"og:url\" content=\"https:\/\/vitraaz.ee\/fi\/toode\/kauss-roheline-flow\/\" \/>\n<meta property=\"og:site_name\" content=\"Vitraaz.ee\" \/>\n<meta property=\"article:publisher\" content=\"https:\/\/www.facebook.com\/Klaasinterjoor\" \/>\n<meta property=\"article:modified_time\" content=\"2025-01-17T02:09:28+00:00\" \/>\n<meta property=\"og:image\" content=\"https:\/\/vitraaz.ee\/wp-content\/uploads\/2024\/11\/k3.jpg\" \/>\n\t<meta property=\"og:image:width\" content=\"1200\" \/>\n\t<meta property=\"og:image:height\" content=\"798\" \/>\n\t<meta property=\"og:image:type\" content=\"image\/jpeg\" \/>\n<meta name=\"twitter:card\" content=\"summary_large_image\" \/>\n<meta name=\"twitter:label1\" content=\"Arvioitu lukuaika\" \/>\n\t<meta name=\"twitter:data1\" content=\"1 minuutti\" \/>\n<script type=\"application\/ld+json\" class=\"yoast-schema-graph\">{\"@context\":\"https:\\\/\\\/schema.org\",\"@graph\":[{\"@type\":\"WebPage\",\"@id\":\"https:\\\/\\\/vitraaz.ee\\\/fi\\\/toode\\\/kauss-roheline-flow\\\/\",\"url\":\"https:\\\/\\\/vitraaz.ee\\\/fi\\\/toode\\\/kauss-roheline-flow\\\/\",\"name\":\"Kauss Roheline flow - Vitraaz.ee\",\"isPartOf\":{\"@id\":\"https:\\\/\\\/vitraaz.ee\\\/fi\\\/#website\"},\"primaryImageOfPage\":{\"@id\":\"https:\\\/\\\/vitraaz.ee\\\/fi\\\/toode\\\/kauss-roheline-flow\\\/#primaryimage\"},\"image\":{\"@id\":\"https:\\\/\\\/vitraaz.ee\\\/fi\\\/toode\\\/kauss-roheline-flow\\\/#primaryimage\"},\"thumbnailUrl\":\"https:\\\/\\\/vitraaz.ee\\\/wp-content\\\/uploads\\\/2024\\\/11\\\/k3.jpg\",\"datePublished\":\"2024-11-25T22:03:37+00:00\",\"dateModified\":\"2025-01-17T02:09:28+00:00\",\"description\":\"Kauss roheline flow on t\u00f5eliselt tugeva iseloomuga; selle \u00e4ge kuju ja v\u00e4rv p\u00e4\u00e4sevad igal juhul esile ega j\u00e4ta k\u00fclmaks. Praktiline ja efektne kingitus.\",\"breadcrumb\":{\"@id\":\"https:\\\/\\\/vitraaz.ee\\\/fi\\\/toode\\\/kauss-roheline-flow\\\/#breadcrumb\"},\"inLanguage\":\"fi\",\"potentialAction\":[{\"@type\":\"ReadAction\",\"target\":[\"https:\\\/\\\/vitraaz.ee\\\/fi\\\/toode\\\/kauss-roheline-flow\\\/\"]}]},{\"@type\":\"ImageObject\",\"inLanguage\":\"fi\",\"@id\":\"https:\\\/\\\/vitraaz.ee\\\/fi\\\/toode\\\/kauss-roheline-flow\\\/#primaryimage\",\"url\":\"https:\\\/\\\/vitraaz.ee\\\/wp-content\\\/uploads\\\/2024\\\/11\\\/k3.jpg\",\"contentUrl\":\"https:\\\/\\\/vitraaz.ee\\\/wp-content\\\/uploads\\\/2024\\\/11\\\/k3.jpg\",\"width\":1200,\"height\":798,\"caption\":\"kauss flow lehe mustriga\"},{\"@type\":\"BreadcrumbList\",\"@id\":\"https:\\\/\\\/vitraaz.ee\\\/fi\\\/toode\\\/kauss-roheline-flow\\\/#breadcrumb\",\"itemListElement\":[{\"@type\":\"ListItem\",\"position\":1,\"name\":\"Home\",\"item\":\"https:\\\/\\\/vitraaz.ee\\\/fi\\\/\"},{\"@type\":\"ListItem\",\"position\":2,\"name\":\"Pood\",\"item\":\"https:\\\/\\\/vitraaz.ee\\\/pood\\\/\"},{\"@type\":\"ListItem\",\"position\":3,\"name\":\"Kauss Roheline flow\"}]},{\"@type\":\"WebSite\",\"@id\":\"https:\\\/\\\/vitraaz.ee\\\/fi\\\/#website\",\"url\":\"https:\\\/\\\/vitraaz.ee\\\/fi\\\/\",\"name\":\"Vitraaz.ee\",\"description\":\"Klaasinterj&ouml;&ouml;r\",\"publisher\":{\"@id\":\"https:\\\/\\\/vitraaz.ee\\\/fi\\\/#organization\"},\"potentialAction\":[{\"@type\":\"SearchAction\",\"target\":{\"@type\":\"EntryPoint\",\"urlTemplate\":\"https:\\\/\\\/vitraaz.ee\\\/fi\\\/?s={search_term_string}\"},\"query-input\":{\"@type\":\"PropertyValueSpecification\",\"valueRequired\":true,\"valueName\":\"search_term_string\"}}],\"inLanguage\":\"fi\"},{\"@type\":\"Organization\",\"@id\":\"https:\\\/\\\/vitraaz.ee\\\/fi\\\/#organization\",\"name\":\"KLAASINTERJ\u00d6\u00d6R O\u00dc\",\"url\":\"https:\\\/\\\/vitraaz.ee\\\/fi\\\/\",\"logo\":{\"@type\":\"ImageObject\",\"inLanguage\":\"fi\",\"@id\":\"https:\\\/\\\/vitraaz.ee\\\/fi\\\/#\\\/schema\\\/logo\\\/image\\\/\",\"url\":\"https:\\\/\\\/vitraaz.ee\\\/wp-content\\\/uploads\\\/2022\\\/09\\\/logoKI.png\",\"contentUrl\":\"https:\\\/\\\/vitraaz.ee\\\/wp-content\\\/uploads\\\/2022\\\/09\\\/logoKI.png\",\"width\":1159,\"height\":458,\"caption\":\"KLAASINTERJ\u00d6\u00d6R O\u00dc\"},\"image\":{\"@id\":\"https:\\\/\\\/vitraaz.ee\\\/fi\\\/#\\\/schema\\\/logo\\\/image\\\/\"},\"sameAs\":[\"https:\\\/\\\/www.facebook.com\\\/Klaasinterjoor\"]}]}<\/script>\n<!-- \/ Yoast SEO plugin. -->","yoast_head_json":{"title":"Kauss Roheline flow - Vitraaz.ee","description":"Kauss roheline flow on t\u00f5eliselt tugeva iseloomuga; selle \u00e4ge kuju ja v\u00e4rv p\u00e4\u00e4sevad igal juhul esile ega j\u00e4ta k\u00fclmaks. Praktiline ja efektne kingitus.","robots":{"index":"index","follow":"follow","max-snippet":"max-snippet:-1","max-image-preview":"max-image-preview:large","max-video-preview":"max-video-preview:-1"},"canonical":"https:\/\/vitraaz.ee\/fi\/toode\/kauss-roheline-flow\/","og_locale":"fi_FI","og_type":"article","og_title":"Kauss Roheline flow - Vitraaz.ee","og_description":"Kauss roheline flow on t\u00f5eliselt tugeva iseloomuga; selle \u00e4ge kuju ja v\u00e4rv p\u00e4\u00e4sevad igal juhul esile ega j\u00e4ta k\u00fclmaks. Praktiline ja efektne kingitus.","og_url":"https:\/\/vitraaz.ee\/fi\/toode\/kauss-roheline-flow\/","og_site_name":"Vitraaz.ee","article_publisher":"https:\/\/www.facebook.com\/Klaasinterjoor","article_modified_time":"2025-01-17T02:09:28+00:00","og_image":[{"width":1200,"height":798,"url":"https:\/\/vitraaz.ee\/wp-content\/uploads\/2024\/11\/k3.jpg","type":"image\/jpeg"}],"twitter_card":"summary_large_image","twitter_misc":{"Arvioitu lukuaika":"1 minuutti"},"schema":{"@context":"https:\/\/schema.org","@graph":[{"@type":"WebPage","@id":"https:\/\/vitraaz.ee\/fi\/toode\/kauss-roheline-flow\/","url":"https:\/\/vitraaz.ee\/fi\/toode\/kauss-roheline-flow\/","name":"Kauss Roheline flow - Vitraaz.ee","isPartOf":{"@id":"https:\/\/vitraaz.ee\/fi\/#website"},"primaryImageOfPage":{"@id":"https:\/\/vitraaz.ee\/fi\/toode\/kauss-roheline-flow\/#primaryimage"},"image":{"@id":"https:\/\/vitraaz.ee\/fi\/toode\/kauss-roheline-flow\/#primaryimage"},"thumbnailUrl":"https:\/\/vitraaz.ee\/wp-content\/uploads\/2024\/11\/k3.jpg","datePublished":"2024-11-25T22:03:37+00:00","dateModified":"2025-01-17T02:09:28+00:00","description":"Kauss roheline flow on t\u00f5eliselt tugeva iseloomuga; selle \u00e4ge kuju ja v\u00e4rv p\u00e4\u00e4sevad igal juhul esile ega j\u00e4ta k\u00fclmaks. Praktiline ja efektne kingitus.","breadcrumb":{"@id":"https:\/\/vitraaz.ee\/fi\/toode\/kauss-roheline-flow\/#breadcrumb"},"inLanguage":"fi","potentialAction":[{"@type":"ReadAction","target":["https:\/\/vitraaz.ee\/fi\/toode\/kauss-roheline-flow\/"]}]},{"@type":"ImageObject","inLanguage":"fi","@id":"https:\/\/vitraaz.ee\/fi\/toode\/kauss-roheline-flow\/#primaryimage","url":"https:\/\/vitraaz.ee\/wp-content\/uploads\/2024\/11\/k3.jpg","contentUrl":"https:\/\/vitraaz.ee\/wp-content\/uploads\/2024\/11\/k3.jpg","width":1200,"height":798,"caption":"kauss flow lehe mustriga"},{"@type":"BreadcrumbList","@id":"https:\/\/vitraaz.ee\/fi\/toode\/kauss-roheline-flow\/#breadcrumb","itemListElement":[{"@type":"ListItem","position":1,"name":"Home","item":"https:\/\/vitraaz.ee\/fi\/"},{"@type":"ListItem","position":2,"name":"Pood","item":"https:\/\/vitraaz.ee\/pood\/"},{"@type":"ListItem","position":3,"name":"Kauss Roheline flow"}]},{"@type":"WebSite","@id":"https:\/\/vitraaz.ee\/fi\/#website","url":"https:\/\/vitraaz.ee\/fi\/","name":"Vitraaz.ee","description":"Klaasinterj&ouml;&ouml;r","publisher":{"@id":"https:\/\/vitraaz.ee\/fi\/#organization"},"potentialAction":[{"@type":"SearchAction","target":{"@type":"EntryPoint","urlTemplate":"https:\/\/vitraaz.ee\/fi\/?s={search_term_string}"},"query-input":{"@type":"PropertyValueSpecification","valueRequired":true,"valueName":"search_term_string"}}],"inLanguage":"fi"},{"@type":"Organization","@id":"https:\/\/vitraaz.ee\/fi\/#organization","name":"KLAASINTERJ\u00d6\u00d6R O\u00dc","url":"https:\/\/vitraaz.ee\/fi\/","logo":{"@type":"ImageObject","inLanguage":"fi","@id":"https:\/\/vitraaz.ee\/fi\/#\/schema\/logo\/image\/","url":"https:\/\/vitraaz.ee\/wp-content\/uploads\/2022\/09\/logoKI.png","contentUrl":"https:\/\/vitraaz.ee\/wp-content\/uploads\/2022\/09\/logoKI.png","width":1159,"height":458,"caption":"KLAASINTERJ\u00d6\u00d6R O\u00dc"},"image":{"@id":"https:\/\/vitraaz.ee\/fi\/#\/schema\/logo\/image\/"},"sameAs":["https:\/\/www.facebook.com\/Klaasinterjoor"]}]}},"_links":{"self":[{"href":"https:\/\/vitraaz.ee\/fi\/wp-json\/wp\/v2\/product\/8052","targetHints":{"allow":["GET"]}}],"collection":[{"href":"https:\/\/vitraaz.ee\/fi\/wp-json\/wp\/v2\/product"}],"about":[{"href":"https:\/\/vitraaz.ee\/fi\/wp-json\/wp\/v2\/types\/product"}],"version-history":[{"count":1,"href":"https:\/\/vitraaz.ee\/fi\/wp-json\/wp\/v2\/product\/8052\/revisions"}],"predecessor-version":[{"id":8069,"href":"https:\/\/vitraaz.ee\/fi\/wp-json\/wp\/v2\/product\/8052\/revisions\/8069"}],"wp:featuredmedia":[{"embeddable":true,"href":"https:\/\/vitraaz.ee\/fi\/wp-json\/wp\/v2\/media\/8061"}],"wp:attachment":[{"href":"https:\/\/vitraaz.ee\/fi\/wp-json\/wp\/v2\/media?parent=8052"}],"wp:term":[{"taxonomy":"product_brand","embeddable":true,"href":"https:\/\/vitraaz.ee\/fi\/wp-json\/wp\/v2\/product_brand?post=8052"},{"taxonomy":"product_cat","embeddable":true,"href":"https:\/\/vitraaz.ee\/fi\/wp-json\/wp\/v2\/product_cat?post=8052"},{"taxonomy":"product_tag","embeddable":true,"href":"https:\/\/vitraaz.ee\/fi\/wp-json\/wp\/v2\/product_tag?post=8052"}],"curies":[{"name":"wp","href":"https:\/\/api.w.org\/{rel}","templated":true}]}}