{"id":7952,"date":"2024-11-25T21:04:04","date_gmt":"2024-11-25T21:04:04","guid":{"rendered":"https:\/\/vitraaz.ee\/?post_type=product&#038;p=7952"},"modified":"2024-11-25T21:04:50","modified_gmt":"2024-11-25T21:04:50","slug":"riputatav-vitraaz-ploomid","status":"publish","type":"product","link":"https:\/\/vitraaz.ee\/fi\/toode\/riputatav-vitraaz-ploomid\/","title":{"rendered":"Riputatav vitraa\u017e Ploomid"},"content":{"rendered":"<p>Riputatav vitraa\u017e Ploomid kujutab k\u00fcpseid s\u00fcgisesi vilju, mis lihtsalt kutsuvad maitsma. Vitraa\u017ei joonises domineerivad tugevad ovaalsed jooned. S\u00fcgava lilla k\u00f5rval on vitraa\u017eis kasutatud mahedat roosat ja rohelisi klaase. Erineva struktuuriga klaasid on p\u00f5nevalt m\u00e4ngulised. Riputatav vitraa\u017e toob p\u00f5nevat v\u00e4rvidem\u00e4ngu igavasse ja t\u00fchja aknasse. Aknavitraa\u017eid valmivad Klaasinterj\u00f6\u00f6ri stuudios tiffany-tehnikas. Klaasist l\u00f5igatakse t\u00fckid, lihvitakse ning \u00e4\u00e4ristatakse fooliumlindiga. Seej\u00e4rel joodetakse t\u00fckid omavahel kokku. Kui Teile tundub, et vitraa\u017ei riputamine v\u00f5ib olla keerukas, ei pea samuti muretsema. Seleks pakume oma e-poes riputuskonkse, mis asetuvad avatava akna \u00fclaserva. Vaata l\u00e4hemalt <a href=\"https:\/\/vitraaz.ee\/toode\/vitraazi-riputuskonksud-aknale\/\">riputuskonksud<\/a>, ning lisa needki ostukorvi.\u00a0 Meie e-poest v\u00f5ib leida teisigi riputatavaid vitraa\u017ee. Samuti saab meie juurest tellida ka eritellimusel just teile sobivate v\u00e4rvide ja joonisega vitraa\u017ee. Vitraa\u017eid valmistame joonisest t\u00f6\u00f6ni ise.<\/p>\n","protected":false},"excerpt":{"rendered":"<p>Riputatav vitraa\u017e Ploomid kujutab k\u00fcpseid s\u00fcgisesi vilju, mis lihtsalt kutsuvad maitsma. Vitraa\u017ei joonises domineerivad tugevad ovaalsed jooned. S\u00fcgava lilla k\u00f5rval on vitraa\u017eis kasutatud mahedat roosat ja rohelisi klaase. Erineva struktuuriga klaasid on p\u00f5nevalt m\u00e4ngulised. Riputatav vitraa\u017e toob p\u00f5nevat v\u00e4rvidem\u00e4ngu igavasse ja t\u00fchja aknasse. Aknavitraa\u017eid valmivad Klaasinterj\u00f6\u00f6ri stuudios tiffany-tehnikas. Klaasist l\u00f5igatakse t\u00fckid, lihvitakse ning \u00e4\u00e4ristatakse fooliumlindiga. [&hellip;]<\/p>\n","protected":false},"featured_media":7972,"template":"","meta":{"_acf_changed":false},"product_brand":[],"product_cat":[47],"product_tag":[],"class_list":{"0":"post-7952","1":"product","2":"type-product","3":"status-publish","4":"has-post-thumbnail","6":"product_cat-vitraazid","8":"first","9":"instock","10":"taxable","11":"shipping-taxable","12":"purchasable","13":"product-type-simple"},"acf":[],"yoast_head":"<!-- This site is optimized with the Yoast SEO plugin v27.3 - https:\/\/yoast.com\/product\/yoast-seo-wordpress\/ -->\n<title>Riputatav vitraa\u017e Ploomid - Vitraaz.ee<\/title>\n<meta name=\"description\" content=\"Riputatav vitraa\u017e Ploomid - s\u00fcgava lilla k\u00f5rval on vitraa\u017eis kasutatud mahedat roosat ja rohelisi toone. Kaunis ja kordumatu kingitus.\" \/>\n<meta name=\"robots\" content=\"index, follow, max-snippet:-1, max-image-preview:large, max-video-preview:-1\" \/>\n<link rel=\"canonical\" href=\"https:\/\/vitraaz.ee\/fi\/toode\/riputatav-vitraaz-ploomid\/\" \/>\n<meta property=\"og:locale\" content=\"fi_FI\" \/>\n<meta property=\"og:type\" content=\"article\" \/>\n<meta property=\"og:title\" content=\"Riputatav vitraa\u017e Ploomid - Vitraaz.ee\" \/>\n<meta property=\"og:description\" content=\"Riputatav vitraa\u017e Ploomid - s\u00fcgava lilla k\u00f5rval on vitraa\u017eis kasutatud mahedat roosat ja rohelisi toone. Kaunis ja kordumatu kingitus.\" \/>\n<meta property=\"og:url\" content=\"https:\/\/vitraaz.ee\/fi\/toode\/riputatav-vitraaz-ploomid\/\" \/>\n<meta property=\"og:site_name\" content=\"Vitraaz.ee\" \/>\n<meta property=\"article:publisher\" content=\"https:\/\/www.facebook.com\/Klaasinterjoor\" \/>\n<meta property=\"article:modified_time\" content=\"2024-11-25T21:04:50+00:00\" \/>\n<meta property=\"og:image\" content=\"https:\/\/vitraaz.ee\/wp-content\/uploads\/2024\/11\/ploom3.jpg\" \/>\n\t<meta property=\"og:image:width\" content=\"544\" \/>\n\t<meta property=\"og:image:height\" content=\"798\" \/>\n\t<meta property=\"og:image:type\" content=\"image\/jpeg\" \/>\n<meta name=\"twitter:card\" content=\"summary_large_image\" \/>\n<meta name=\"twitter:label1\" content=\"Arvioitu lukuaika\" \/>\n\t<meta name=\"twitter:data1\" content=\"1 minuutti\" \/>\n<script type=\"application\/ld+json\" class=\"yoast-schema-graph\">{\"@context\":\"https:\\\/\\\/schema.org\",\"@graph\":[{\"@type\":\"WebPage\",\"@id\":\"https:\\\/\\\/vitraaz.ee\\\/fi\\\/toode\\\/riputatav-vitraaz-ploomid\\\/\",\"url\":\"https:\\\/\\\/vitraaz.ee\\\/fi\\\/toode\\\/riputatav-vitraaz-ploomid\\\/\",\"name\":\"Riputatav vitraa\u017e Ploomid - Vitraaz.ee\",\"isPartOf\":{\"@id\":\"https:\\\/\\\/vitraaz.ee\\\/fi\\\/#website\"},\"primaryImageOfPage\":{\"@id\":\"https:\\\/\\\/vitraaz.ee\\\/fi\\\/toode\\\/riputatav-vitraaz-ploomid\\\/#primaryimage\"},\"image\":{\"@id\":\"https:\\\/\\\/vitraaz.ee\\\/fi\\\/toode\\\/riputatav-vitraaz-ploomid\\\/#primaryimage\"},\"thumbnailUrl\":\"https:\\\/\\\/vitraaz.ee\\\/wp-content\\\/uploads\\\/2024\\\/11\\\/ploom3.jpg\",\"datePublished\":\"2024-11-25T21:04:04+00:00\",\"dateModified\":\"2024-11-25T21:04:50+00:00\",\"description\":\"Riputatav vitraa\u017e Ploomid - s\u00fcgava lilla k\u00f5rval on vitraa\u017eis kasutatud mahedat roosat ja rohelisi toone. Kaunis ja kordumatu kingitus.\",\"breadcrumb\":{\"@id\":\"https:\\\/\\\/vitraaz.ee\\\/fi\\\/toode\\\/riputatav-vitraaz-ploomid\\\/#breadcrumb\"},\"inLanguage\":\"fi\",\"potentialAction\":[{\"@type\":\"ReadAction\",\"target\":[\"https:\\\/\\\/vitraaz.ee\\\/fi\\\/toode\\\/riputatav-vitraaz-ploomid\\\/\"]}]},{\"@type\":\"ImageObject\",\"inLanguage\":\"fi\",\"@id\":\"https:\\\/\\\/vitraaz.ee\\\/fi\\\/toode\\\/riputatav-vitraaz-ploomid\\\/#primaryimage\",\"url\":\"https:\\\/\\\/vitraaz.ee\\\/wp-content\\\/uploads\\\/2024\\\/11\\\/ploom3.jpg\",\"contentUrl\":\"https:\\\/\\\/vitraaz.ee\\\/wp-content\\\/uploads\\\/2024\\\/11\\\/ploom3.jpg\",\"width\":544,\"height\":798,\"caption\":\"vitraa\u017e kingituseks\"},{\"@type\":\"BreadcrumbList\",\"@id\":\"https:\\\/\\\/vitraaz.ee\\\/fi\\\/toode\\\/riputatav-vitraaz-ploomid\\\/#breadcrumb\",\"itemListElement\":[{\"@type\":\"ListItem\",\"position\":1,\"name\":\"Home\",\"item\":\"https:\\\/\\\/vitraaz.ee\\\/fi\\\/\"},{\"@type\":\"ListItem\",\"position\":2,\"name\":\"Pood\",\"item\":\"https:\\\/\\\/vitraaz.ee\\\/pood\\\/\"},{\"@type\":\"ListItem\",\"position\":3,\"name\":\"Riputatav vitraa\u017e Ploomid\"}]},{\"@type\":\"WebSite\",\"@id\":\"https:\\\/\\\/vitraaz.ee\\\/fi\\\/#website\",\"url\":\"https:\\\/\\\/vitraaz.ee\\\/fi\\\/\",\"name\":\"Vitraaz.ee\",\"description\":\"Klaasinterj&ouml;&ouml;r\",\"publisher\":{\"@id\":\"https:\\\/\\\/vitraaz.ee\\\/fi\\\/#organization\"},\"potentialAction\":[{\"@type\":\"SearchAction\",\"target\":{\"@type\":\"EntryPoint\",\"urlTemplate\":\"https:\\\/\\\/vitraaz.ee\\\/fi\\\/?s={search_term_string}\"},\"query-input\":{\"@type\":\"PropertyValueSpecification\",\"valueRequired\":true,\"valueName\":\"search_term_string\"}}],\"inLanguage\":\"fi\"},{\"@type\":\"Organization\",\"@id\":\"https:\\\/\\\/vitraaz.ee\\\/fi\\\/#organization\",\"name\":\"KLAASINTERJ\u00d6\u00d6R O\u00dc\",\"url\":\"https:\\\/\\\/vitraaz.ee\\\/fi\\\/\",\"logo\":{\"@type\":\"ImageObject\",\"inLanguage\":\"fi\",\"@id\":\"https:\\\/\\\/vitraaz.ee\\\/fi\\\/#\\\/schema\\\/logo\\\/image\\\/\",\"url\":\"https:\\\/\\\/vitraaz.ee\\\/wp-content\\\/uploads\\\/2022\\\/09\\\/logoKI.png\",\"contentUrl\":\"https:\\\/\\\/vitraaz.ee\\\/wp-content\\\/uploads\\\/2022\\\/09\\\/logoKI.png\",\"width\":1159,\"height\":458,\"caption\":\"KLAASINTERJ\u00d6\u00d6R O\u00dc\"},\"image\":{\"@id\":\"https:\\\/\\\/vitraaz.ee\\\/fi\\\/#\\\/schema\\\/logo\\\/image\\\/\"},\"sameAs\":[\"https:\\\/\\\/www.facebook.com\\\/Klaasinterjoor\"]}]}<\/script>\n<!-- \/ Yoast SEO plugin. -->","yoast_head_json":{"title":"Riputatav vitraa\u017e Ploomid - Vitraaz.ee","description":"Riputatav vitraa\u017e Ploomid - s\u00fcgava lilla k\u00f5rval on vitraa\u017eis kasutatud mahedat roosat ja rohelisi toone. Kaunis ja kordumatu kingitus.","robots":{"index":"index","follow":"follow","max-snippet":"max-snippet:-1","max-image-preview":"max-image-preview:large","max-video-preview":"max-video-preview:-1"},"canonical":"https:\/\/vitraaz.ee\/fi\/toode\/riputatav-vitraaz-ploomid\/","og_locale":"fi_FI","og_type":"article","og_title":"Riputatav vitraa\u017e Ploomid - Vitraaz.ee","og_description":"Riputatav vitraa\u017e Ploomid - s\u00fcgava lilla k\u00f5rval on vitraa\u017eis kasutatud mahedat roosat ja rohelisi toone. Kaunis ja kordumatu kingitus.","og_url":"https:\/\/vitraaz.ee\/fi\/toode\/riputatav-vitraaz-ploomid\/","og_site_name":"Vitraaz.ee","article_publisher":"https:\/\/www.facebook.com\/Klaasinterjoor","article_modified_time":"2024-11-25T21:04:50+00:00","og_image":[{"width":544,"height":798,"url":"https:\/\/vitraaz.ee\/wp-content\/uploads\/2024\/11\/ploom3.jpg","type":"image\/jpeg"}],"twitter_card":"summary_large_image","twitter_misc":{"Arvioitu lukuaika":"1 minuutti"},"schema":{"@context":"https:\/\/schema.org","@graph":[{"@type":"WebPage","@id":"https:\/\/vitraaz.ee\/fi\/toode\/riputatav-vitraaz-ploomid\/","url":"https:\/\/vitraaz.ee\/fi\/toode\/riputatav-vitraaz-ploomid\/","name":"Riputatav vitraa\u017e Ploomid - Vitraaz.ee","isPartOf":{"@id":"https:\/\/vitraaz.ee\/fi\/#website"},"primaryImageOfPage":{"@id":"https:\/\/vitraaz.ee\/fi\/toode\/riputatav-vitraaz-ploomid\/#primaryimage"},"image":{"@id":"https:\/\/vitraaz.ee\/fi\/toode\/riputatav-vitraaz-ploomid\/#primaryimage"},"thumbnailUrl":"https:\/\/vitraaz.ee\/wp-content\/uploads\/2024\/11\/ploom3.jpg","datePublished":"2024-11-25T21:04:04+00:00","dateModified":"2024-11-25T21:04:50+00:00","description":"Riputatav vitraa\u017e Ploomid - s\u00fcgava lilla k\u00f5rval on vitraa\u017eis kasutatud mahedat roosat ja rohelisi toone. Kaunis ja kordumatu kingitus.","breadcrumb":{"@id":"https:\/\/vitraaz.ee\/fi\/toode\/riputatav-vitraaz-ploomid\/#breadcrumb"},"inLanguage":"fi","potentialAction":[{"@type":"ReadAction","target":["https:\/\/vitraaz.ee\/fi\/toode\/riputatav-vitraaz-ploomid\/"]}]},{"@type":"ImageObject","inLanguage":"fi","@id":"https:\/\/vitraaz.ee\/fi\/toode\/riputatav-vitraaz-ploomid\/#primaryimage","url":"https:\/\/vitraaz.ee\/wp-content\/uploads\/2024\/11\/ploom3.jpg","contentUrl":"https:\/\/vitraaz.ee\/wp-content\/uploads\/2024\/11\/ploom3.jpg","width":544,"height":798,"caption":"vitraa\u017e kingituseks"},{"@type":"BreadcrumbList","@id":"https:\/\/vitraaz.ee\/fi\/toode\/riputatav-vitraaz-ploomid\/#breadcrumb","itemListElement":[{"@type":"ListItem","position":1,"name":"Home","item":"https:\/\/vitraaz.ee\/fi\/"},{"@type":"ListItem","position":2,"name":"Pood","item":"https:\/\/vitraaz.ee\/pood\/"},{"@type":"ListItem","position":3,"name":"Riputatav vitraa\u017e Ploomid"}]},{"@type":"WebSite","@id":"https:\/\/vitraaz.ee\/fi\/#website","url":"https:\/\/vitraaz.ee\/fi\/","name":"Vitraaz.ee","description":"Klaasinterj&ouml;&ouml;r","publisher":{"@id":"https:\/\/vitraaz.ee\/fi\/#organization"},"potentialAction":[{"@type":"SearchAction","target":{"@type":"EntryPoint","urlTemplate":"https:\/\/vitraaz.ee\/fi\/?s={search_term_string}"},"query-input":{"@type":"PropertyValueSpecification","valueRequired":true,"valueName":"search_term_string"}}],"inLanguage":"fi"},{"@type":"Organization","@id":"https:\/\/vitraaz.ee\/fi\/#organization","name":"KLAASINTERJ\u00d6\u00d6R O\u00dc","url":"https:\/\/vitraaz.ee\/fi\/","logo":{"@type":"ImageObject","inLanguage":"fi","@id":"https:\/\/vitraaz.ee\/fi\/#\/schema\/logo\/image\/","url":"https:\/\/vitraaz.ee\/wp-content\/uploads\/2022\/09\/logoKI.png","contentUrl":"https:\/\/vitraaz.ee\/wp-content\/uploads\/2022\/09\/logoKI.png","width":1159,"height":458,"caption":"KLAASINTERJ\u00d6\u00d6R O\u00dc"},"image":{"@id":"https:\/\/vitraaz.ee\/fi\/#\/schema\/logo\/image\/"},"sameAs":["https:\/\/www.facebook.com\/Klaasinterjoor"]}]}},"_links":{"self":[{"href":"https:\/\/vitraaz.ee\/fi\/wp-json\/wp\/v2\/product\/7952","targetHints":{"allow":["GET"]}}],"collection":[{"href":"https:\/\/vitraaz.ee\/fi\/wp-json\/wp\/v2\/product"}],"about":[{"href":"https:\/\/vitraaz.ee\/fi\/wp-json\/wp\/v2\/types\/product"}],"version-history":[{"count":1,"href":"https:\/\/vitraaz.ee\/fi\/wp-json\/wp\/v2\/product\/7952\/revisions"}],"predecessor-version":[{"id":7953,"href":"https:\/\/vitraaz.ee\/fi\/wp-json\/wp\/v2\/product\/7952\/revisions\/7953"}],"wp:featuredmedia":[{"embeddable":true,"href":"https:\/\/vitraaz.ee\/fi\/wp-json\/wp\/v2\/media\/7972"}],"wp:attachment":[{"href":"https:\/\/vitraaz.ee\/fi\/wp-json\/wp\/v2\/media?parent=7952"}],"wp:term":[{"taxonomy":"product_brand","embeddable":true,"href":"https:\/\/vitraaz.ee\/fi\/wp-json\/wp\/v2\/product_brand?post=7952"},{"taxonomy":"product_cat","embeddable":true,"href":"https:\/\/vitraaz.ee\/fi\/wp-json\/wp\/v2\/product_cat?post=7952"},{"taxonomy":"product_tag","embeddable":true,"href":"https:\/\/vitraaz.ee\/fi\/wp-json\/wp\/v2\/product_tag?post=7952"}],"curies":[{"name":"wp","href":"https:\/\/api.w.org\/{rel}","templated":true}]}}