{"id":7950,"date":"2024-11-25T21:09:41","date_gmt":"2024-11-25T21:09:41","guid":{"rendered":"https:\/\/vitraaz.ee\/?post_type=product&#038;p=7950"},"modified":"2025-05-09T12:01:08","modified_gmt":"2025-05-09T12:01:08","slug":"vitraaz-kadakamari","status":"publish","type":"product","link":"https:\/\/vitraaz.ee\/fi\/toode\/vitraaz-kadakamari\/","title":{"rendered":"Vitraa\u017e Kadakamari"},"content":{"rendered":"<p>Aknale riputatav vitraa\u017e Kadakamari. Kadakas on sitke taim, mis j\u00e4\u00e4b ellu ka kasinal pinnasel. Tugev taim kasvatab teravate okaste vahele sinakad marjad. Kadakas on samuti v\u00e4etaim ning talle omistatakse mitmeid tervistavaid omadusi. Tugevate siniste toonidega vitraa\u017e\u00a0 Kadakamari valmis inspireeritult sellest erilisest taimest. Vitraa\u017eis on kasutatud tugevaid siniseid ja rohelisi toone. Samuti on vitraa\u017eis kasutatud mullilist j\u00e4\u00e4klaasi justkui oleks tegu vihmasajuga. Vitraa\u017e on valmistatud tiffany- tehnikas. Klaasi t\u00fckid l\u00f5igatakse joonise j\u00e4rgi v\u00e4lja ning lihvitakse. seej\u00e4rel \u00fcmbritsetakse need vask fooliumiga ning joodetakse tervikuks. Tiffany tehnika\u00a0 v\u00f5imaldab luua v\u00e4ga keerukaid ja v\u00e4ikestest t\u00fckkidest koosnevaid vitraa\u017ee. Vitraa\u017e Kadakamari on suurep\u00e4rane kingitus, r\u00f5\u00f5mustades saajat veel pikka\u00a0 aega. Vitraa\u017e on suurusega 21&#215;30 cm. Vitraa\u017ee saab saata pakiautomaati, sest pakendame need alati hoolikalt.<\/p>\n<p>Klaasinterj\u00f6\u00f6ri stuudios on vitraa\u017e valmistatud juba \u00fcle 20 aasta. Lisaks v\u00e4ikestele aknavitraa\u017eidele saab meilt tellida ka suuri t\u00f6id ustesse ja akendesse, mille kavandame ja valmistame algusest l\u00f5puni ise. <a href=\"https:\/\/vitraaz.ee\/portfoolio\/\">Vaata l\u00e4hemalt meie portfooliost!<\/a><\/p>\n","protected":false},"excerpt":{"rendered":"<p>Aknale riputatav vitraa\u017e Kadakamari. Kadakas on sitke taim, mis j\u00e4\u00e4b ellu ka kasinal pinnasel. Tugev taim kasvatab teravate okaste vahele sinakad marjad. Kadakas on samuti v\u00e4etaim ning talle omistatakse mitmeid tervistavaid omadusi. Tugevate siniste toonidega vitraa\u017e\u00a0 Kadakamari valmis inspireeritult sellest erilisest taimest. Vitraa\u017eis on kasutatud tugevaid siniseid ja rohelisi toone. Samuti on vitraa\u017eis kasutatud mullilist [&hellip;]<\/p>\n","protected":false},"featured_media":7984,"template":"","meta":{"_acf_changed":false},"product_brand":[],"product_cat":[47],"product_tag":[],"class_list":{"0":"post-7950","1":"product","2":"type-product","3":"status-publish","4":"has-post-thumbnail","6":"product_cat-vitraazid","8":"first","9":"onbackorder","10":"taxable","11":"shipping-taxable","12":"purchasable","13":"product-type-simple"},"acf":[],"yoast_head":"<!-- This site is optimized with the Yoast SEO plugin v27.3 - https:\/\/yoast.com\/product\/yoast-seo-wordpress\/ -->\n<title>Vitraa\u017e Kadakamari - Vitraaz.ee<\/title>\n<meta name=\"description\" content=\"Vitraa\u017e kadakamari on m\u00f5eldud aknale riputamiseks. Vitraa\u017eis on kasutatud tugevaid siniseid ja rohelisi toone. Riputatav vitraa\u017e on suurep\u00e4rane kingituseks.\" \/>\n<meta name=\"robots\" content=\"index, follow, max-snippet:-1, max-image-preview:large, max-video-preview:-1\" \/>\n<link rel=\"canonical\" href=\"https:\/\/vitraaz.ee\/fi\/toode\/vitraaz-kadakamari\/\" \/>\n<meta property=\"og:locale\" content=\"fi_FI\" \/>\n<meta property=\"og:type\" content=\"article\" \/>\n<meta property=\"og:title\" content=\"Vitraa\u017e Kadakamari - Vitraaz.ee\" \/>\n<meta property=\"og:description\" content=\"Vitraa\u017e kadakamari on m\u00f5eldud aknale riputamiseks. Vitraa\u017eis on kasutatud tugevaid siniseid ja rohelisi toone. Riputatav vitraa\u017e on suurep\u00e4rane kingituseks.\" \/>\n<meta property=\"og:url\" content=\"https:\/\/vitraaz.ee\/fi\/toode\/vitraaz-kadakamari\/\" \/>\n<meta property=\"og:site_name\" content=\"Vitraaz.ee\" \/>\n<meta property=\"article:publisher\" content=\"https:\/\/www.facebook.com\/Klaasinterjoor\" \/>\n<meta property=\"article:modified_time\" content=\"2025-05-09T12:01:08+00:00\" \/>\n<meta property=\"og:image\" content=\"https:\/\/vitraaz.ee\/wp-content\/uploads\/2024\/11\/kadaka.jpg\" \/>\n\t<meta property=\"og:image:width\" content=\"1176\" \/>\n\t<meta property=\"og:image:height\" content=\"798\" \/>\n\t<meta property=\"og:image:type\" content=\"image\/jpeg\" \/>\n<meta name=\"twitter:card\" content=\"summary_large_image\" \/>\n<meta name=\"twitter:label1\" content=\"Arvioitu lukuaika\" \/>\n\t<meta name=\"twitter:data1\" content=\"2 minuuttia\" \/>\n<script type=\"application\/ld+json\" class=\"yoast-schema-graph\">{\"@context\":\"https:\\\/\\\/schema.org\",\"@graph\":[{\"@type\":\"WebPage\",\"@id\":\"https:\\\/\\\/vitraaz.ee\\\/fi\\\/toode\\\/vitraaz-kadakamari\\\/\",\"url\":\"https:\\\/\\\/vitraaz.ee\\\/fi\\\/toode\\\/vitraaz-kadakamari\\\/\",\"name\":\"Vitraa\u017e Kadakamari - Vitraaz.ee\",\"isPartOf\":{\"@id\":\"https:\\\/\\\/vitraaz.ee\\\/fi\\\/#website\"},\"primaryImageOfPage\":{\"@id\":\"https:\\\/\\\/vitraaz.ee\\\/fi\\\/toode\\\/vitraaz-kadakamari\\\/#primaryimage\"},\"image\":{\"@id\":\"https:\\\/\\\/vitraaz.ee\\\/fi\\\/toode\\\/vitraaz-kadakamari\\\/#primaryimage\"},\"thumbnailUrl\":\"https:\\\/\\\/vitraaz.ee\\\/wp-content\\\/uploads\\\/2024\\\/11\\\/kadaka.jpg\",\"datePublished\":\"2024-11-25T21:09:41+00:00\",\"dateModified\":\"2025-05-09T12:01:08+00:00\",\"description\":\"Vitraa\u017e kadakamari on m\u00f5eldud aknale riputamiseks. Vitraa\u017eis on kasutatud tugevaid siniseid ja rohelisi toone. Riputatav vitraa\u017e on suurep\u00e4rane kingituseks.\",\"breadcrumb\":{\"@id\":\"https:\\\/\\\/vitraaz.ee\\\/fi\\\/toode\\\/vitraaz-kadakamari\\\/#breadcrumb\"},\"inLanguage\":\"fi\",\"potentialAction\":[{\"@type\":\"ReadAction\",\"target\":[\"https:\\\/\\\/vitraaz.ee\\\/fi\\\/toode\\\/vitraaz-kadakamari\\\/\"]}]},{\"@type\":\"ImageObject\",\"inLanguage\":\"fi\",\"@id\":\"https:\\\/\\\/vitraaz.ee\\\/fi\\\/toode\\\/vitraaz-kadakamari\\\/#primaryimage\",\"url\":\"https:\\\/\\\/vitraaz.ee\\\/wp-content\\\/uploads\\\/2024\\\/11\\\/kadaka.jpg\",\"contentUrl\":\"https:\\\/\\\/vitraaz.ee\\\/wp-content\\\/uploads\\\/2024\\\/11\\\/kadaka.jpg\",\"width\":1176,\"height\":798},{\"@type\":\"BreadcrumbList\",\"@id\":\"https:\\\/\\\/vitraaz.ee\\\/fi\\\/toode\\\/vitraaz-kadakamari\\\/#breadcrumb\",\"itemListElement\":[{\"@type\":\"ListItem\",\"position\":1,\"name\":\"Home\",\"item\":\"https:\\\/\\\/vitraaz.ee\\\/fi\\\/\"},{\"@type\":\"ListItem\",\"position\":2,\"name\":\"Pood\",\"item\":\"https:\\\/\\\/vitraaz.ee\\\/pood\\\/\"},{\"@type\":\"ListItem\",\"position\":3,\"name\":\"Vitraa\u017e Kadakamari\"}]},{\"@type\":\"WebSite\",\"@id\":\"https:\\\/\\\/vitraaz.ee\\\/fi\\\/#website\",\"url\":\"https:\\\/\\\/vitraaz.ee\\\/fi\\\/\",\"name\":\"Vitraaz.ee\",\"description\":\"Klaasinterj&ouml;&ouml;r\",\"publisher\":{\"@id\":\"https:\\\/\\\/vitraaz.ee\\\/fi\\\/#organization\"},\"potentialAction\":[{\"@type\":\"SearchAction\",\"target\":{\"@type\":\"EntryPoint\",\"urlTemplate\":\"https:\\\/\\\/vitraaz.ee\\\/fi\\\/?s={search_term_string}\"},\"query-input\":{\"@type\":\"PropertyValueSpecification\",\"valueRequired\":true,\"valueName\":\"search_term_string\"}}],\"inLanguage\":\"fi\"},{\"@type\":\"Organization\",\"@id\":\"https:\\\/\\\/vitraaz.ee\\\/fi\\\/#organization\",\"name\":\"KLAASINTERJ\u00d6\u00d6R O\u00dc\",\"url\":\"https:\\\/\\\/vitraaz.ee\\\/fi\\\/\",\"logo\":{\"@type\":\"ImageObject\",\"inLanguage\":\"fi\",\"@id\":\"https:\\\/\\\/vitraaz.ee\\\/fi\\\/#\\\/schema\\\/logo\\\/image\\\/\",\"url\":\"https:\\\/\\\/vitraaz.ee\\\/wp-content\\\/uploads\\\/2022\\\/09\\\/logoKI.png\",\"contentUrl\":\"https:\\\/\\\/vitraaz.ee\\\/wp-content\\\/uploads\\\/2022\\\/09\\\/logoKI.png\",\"width\":1159,\"height\":458,\"caption\":\"KLAASINTERJ\u00d6\u00d6R O\u00dc\"},\"image\":{\"@id\":\"https:\\\/\\\/vitraaz.ee\\\/fi\\\/#\\\/schema\\\/logo\\\/image\\\/\"},\"sameAs\":[\"https:\\\/\\\/www.facebook.com\\\/Klaasinterjoor\"]}]}<\/script>\n<!-- \/ Yoast SEO plugin. -->","yoast_head_json":{"title":"Vitraa\u017e Kadakamari - Vitraaz.ee","description":"Vitraa\u017e kadakamari on m\u00f5eldud aknale riputamiseks. Vitraa\u017eis on kasutatud tugevaid siniseid ja rohelisi toone. Riputatav vitraa\u017e on suurep\u00e4rane kingituseks.","robots":{"index":"index","follow":"follow","max-snippet":"max-snippet:-1","max-image-preview":"max-image-preview:large","max-video-preview":"max-video-preview:-1"},"canonical":"https:\/\/vitraaz.ee\/fi\/toode\/vitraaz-kadakamari\/","og_locale":"fi_FI","og_type":"article","og_title":"Vitraa\u017e Kadakamari - Vitraaz.ee","og_description":"Vitraa\u017e kadakamari on m\u00f5eldud aknale riputamiseks. Vitraa\u017eis on kasutatud tugevaid siniseid ja rohelisi toone. Riputatav vitraa\u017e on suurep\u00e4rane kingituseks.","og_url":"https:\/\/vitraaz.ee\/fi\/toode\/vitraaz-kadakamari\/","og_site_name":"Vitraaz.ee","article_publisher":"https:\/\/www.facebook.com\/Klaasinterjoor","article_modified_time":"2025-05-09T12:01:08+00:00","og_image":[{"width":1176,"height":798,"url":"https:\/\/vitraaz.ee\/wp-content\/uploads\/2024\/11\/kadaka.jpg","type":"image\/jpeg"}],"twitter_card":"summary_large_image","twitter_misc":{"Arvioitu lukuaika":"2 minuuttia"},"schema":{"@context":"https:\/\/schema.org","@graph":[{"@type":"WebPage","@id":"https:\/\/vitraaz.ee\/fi\/toode\/vitraaz-kadakamari\/","url":"https:\/\/vitraaz.ee\/fi\/toode\/vitraaz-kadakamari\/","name":"Vitraa\u017e Kadakamari - Vitraaz.ee","isPartOf":{"@id":"https:\/\/vitraaz.ee\/fi\/#website"},"primaryImageOfPage":{"@id":"https:\/\/vitraaz.ee\/fi\/toode\/vitraaz-kadakamari\/#primaryimage"},"image":{"@id":"https:\/\/vitraaz.ee\/fi\/toode\/vitraaz-kadakamari\/#primaryimage"},"thumbnailUrl":"https:\/\/vitraaz.ee\/wp-content\/uploads\/2024\/11\/kadaka.jpg","datePublished":"2024-11-25T21:09:41+00:00","dateModified":"2025-05-09T12:01:08+00:00","description":"Vitraa\u017e kadakamari on m\u00f5eldud aknale riputamiseks. Vitraa\u017eis on kasutatud tugevaid siniseid ja rohelisi toone. Riputatav vitraa\u017e on suurep\u00e4rane kingituseks.","breadcrumb":{"@id":"https:\/\/vitraaz.ee\/fi\/toode\/vitraaz-kadakamari\/#breadcrumb"},"inLanguage":"fi","potentialAction":[{"@type":"ReadAction","target":["https:\/\/vitraaz.ee\/fi\/toode\/vitraaz-kadakamari\/"]}]},{"@type":"ImageObject","inLanguage":"fi","@id":"https:\/\/vitraaz.ee\/fi\/toode\/vitraaz-kadakamari\/#primaryimage","url":"https:\/\/vitraaz.ee\/wp-content\/uploads\/2024\/11\/kadaka.jpg","contentUrl":"https:\/\/vitraaz.ee\/wp-content\/uploads\/2024\/11\/kadaka.jpg","width":1176,"height":798},{"@type":"BreadcrumbList","@id":"https:\/\/vitraaz.ee\/fi\/toode\/vitraaz-kadakamari\/#breadcrumb","itemListElement":[{"@type":"ListItem","position":1,"name":"Home","item":"https:\/\/vitraaz.ee\/fi\/"},{"@type":"ListItem","position":2,"name":"Pood","item":"https:\/\/vitraaz.ee\/pood\/"},{"@type":"ListItem","position":3,"name":"Vitraa\u017e Kadakamari"}]},{"@type":"WebSite","@id":"https:\/\/vitraaz.ee\/fi\/#website","url":"https:\/\/vitraaz.ee\/fi\/","name":"Vitraaz.ee","description":"Klaasinterj&ouml;&ouml;r","publisher":{"@id":"https:\/\/vitraaz.ee\/fi\/#organization"},"potentialAction":[{"@type":"SearchAction","target":{"@type":"EntryPoint","urlTemplate":"https:\/\/vitraaz.ee\/fi\/?s={search_term_string}"},"query-input":{"@type":"PropertyValueSpecification","valueRequired":true,"valueName":"search_term_string"}}],"inLanguage":"fi"},{"@type":"Organization","@id":"https:\/\/vitraaz.ee\/fi\/#organization","name":"KLAASINTERJ\u00d6\u00d6R O\u00dc","url":"https:\/\/vitraaz.ee\/fi\/","logo":{"@type":"ImageObject","inLanguage":"fi","@id":"https:\/\/vitraaz.ee\/fi\/#\/schema\/logo\/image\/","url":"https:\/\/vitraaz.ee\/wp-content\/uploads\/2022\/09\/logoKI.png","contentUrl":"https:\/\/vitraaz.ee\/wp-content\/uploads\/2022\/09\/logoKI.png","width":1159,"height":458,"caption":"KLAASINTERJ\u00d6\u00d6R O\u00dc"},"image":{"@id":"https:\/\/vitraaz.ee\/fi\/#\/schema\/logo\/image\/"},"sameAs":["https:\/\/www.facebook.com\/Klaasinterjoor"]}]}},"_links":{"self":[{"href":"https:\/\/vitraaz.ee\/fi\/wp-json\/wp\/v2\/product\/7950","targetHints":{"allow":["GET"]}}],"collection":[{"href":"https:\/\/vitraaz.ee\/fi\/wp-json\/wp\/v2\/product"}],"about":[{"href":"https:\/\/vitraaz.ee\/fi\/wp-json\/wp\/v2\/types\/product"}],"version-history":[{"count":1,"href":"https:\/\/vitraaz.ee\/fi\/wp-json\/wp\/v2\/product\/7950\/revisions"}],"predecessor-version":[{"id":7951,"href":"https:\/\/vitraaz.ee\/fi\/wp-json\/wp\/v2\/product\/7950\/revisions\/7951"}],"wp:featuredmedia":[{"embeddable":true,"href":"https:\/\/vitraaz.ee\/fi\/wp-json\/wp\/v2\/media\/7984"}],"wp:attachment":[{"href":"https:\/\/vitraaz.ee\/fi\/wp-json\/wp\/v2\/media?parent=7950"}],"wp:term":[{"taxonomy":"product_brand","embeddable":true,"href":"https:\/\/vitraaz.ee\/fi\/wp-json\/wp\/v2\/product_brand?post=7950"},{"taxonomy":"product_cat","embeddable":true,"href":"https:\/\/vitraaz.ee\/fi\/wp-json\/wp\/v2\/product_cat?post=7950"},{"taxonomy":"product_tag","embeddable":true,"href":"https:\/\/vitraaz.ee\/fi\/wp-json\/wp\/v2\/product_tag?post=7950"}],"curies":[{"name":"wp","href":"https:\/\/api.w.org\/{rel}","templated":true}]}}