{"id":7944,"date":"2024-11-25T21:24:26","date_gmt":"2024-11-25T21:24:26","guid":{"rendered":"https:\/\/vitraaz.ee\/?post_type=product&#038;p=7944"},"modified":"2025-08-22T13:28:12","modified_gmt":"2025-08-22T13:28:12","slug":"vitraaz-johvikas","status":"publish","type":"product","link":"https:\/\/vitraaz.ee\/fi\/toode\/vitraaz-johvikas\/","title":{"rendered":"Vitraa\u017e J\u00f5hvikas"},"content":{"rendered":"<div dir=\"auto\">\n<p dir=\"ltr\">Vitraa\u017e j\u00f5hvikas &#8211; tore v\u00e4rvilaik sinu aknasse. S\u00e4ravpunaseid marju v\u00f5ib soosamblast leida veel talvelgi. V\u00e4ikesed \u00fcmarad lehed ja punased marjad lihtsalt kutsuvad noppima. J\u00f5hvikas, teadagi on v\u00e4ga tervislik mari. Sellest vahvast ja v\u00e4ekast marjast inspireeritult valmis vitraa\u017e J\u00f5hvikas. S\u00e4rav puna-roheline kombinatsioon sobib h\u00e4sti kargesse talve ja j\u00f5uluaega. R\u00f5\u00f5musta oma l\u00e4hedast, ning soeta kingitus kingikotti. Aknale riputatav vitraa\u017e r\u00f5\u00f5mustab saajat aasta l\u00e4bi.\u00a0 Vitraaz on valmistatud tiffany-tehnikas, kus iga klaasit\u00fckk l\u00f5igatakse ja lihvitakse. Seej\u00e4rel \u00fcmbritsetakse t\u00fckid vaskfooliumiga ning joodetakse kokku. Vitraa\u017ei m\u00f5\u00f5t 21&#215;21 cm. Vitraa\u017ei pakime hoolikalt ning sa ei pea muretsema &#8211; see j\u00f5uab sinuni pakiautomaadi vahendusel. Kui kingitusega on eriti kiire, saate k\u00fclastada meie klaasistuudiot E-R 9.00-17.00 ning osta kingituse kaasa.<br \/>\n<a href=\"http:\/\/Vitraaz.ee\" target=\"_blank\" rel=\"noopener\" data-saferedirecturl=\"https:\/\/www.google.com\/url?q=http:\/\/Vitraaz.ee&amp;source=gmail&amp;ust=1732107088278000&amp;usg=AOvVaw2KtX-SME9GP7HX4pJ34F7a\">Vitraaz.ee<\/a> e-poes on m\u00fc\u00fcgil Klaasinterj\u00f6\u00f6r o\u00fc kunstnike Anu Suvi ja Sandra Allemanni poolt kavandatud ja valmistatud. Stuudios valmistataks nii v\u00e4ikseid riputatavaid vitraa\u017ee kui ka eritellimusel vitraa\u017ee ustesse ja akendesse, just teie m\u00f5\u00f5tude ja soovide j\u00e4rgi.<\/p>\n<\/div>\n","protected":false},"excerpt":{"rendered":"<p>Vitraa\u017e j\u00f5hvikas &#8211; tore v\u00e4rvilaik sinu aknasse. S\u00e4ravpunaseid marju v\u00f5ib soosamblast leida veel talvelgi. V\u00e4ikesed \u00fcmarad lehed ja punased marjad lihtsalt kutsuvad noppima. J\u00f5hvikas, teadagi on v\u00e4ga tervislik mari. Sellest vahvast ja v\u00e4ekast marjast inspireeritult valmis vitraa\u017e J\u00f5hvikas. S\u00e4rav puna-roheline kombinatsioon sobib h\u00e4sti kargesse talve ja j\u00f5uluaega. R\u00f5\u00f5musta oma l\u00e4hedast, ning soeta kingitus kingikotti. Aknale [&hellip;]<\/p>\n","protected":false},"featured_media":8014,"template":"","meta":{"_acf_changed":false},"product_brand":[],"product_cat":[47],"product_tag":[],"class_list":{"0":"post-7944","1":"product","2":"type-product","3":"status-publish","4":"has-post-thumbnail","6":"product_cat-vitraazid","8":"first","9":"outofstock","10":"taxable","11":"shipping-taxable","12":"purchasable","13":"product-type-simple"},"acf":[],"yoast_head":"<!-- This site is optimized with the Yoast SEO plugin v27.3 - https:\/\/yoast.com\/product\/yoast-seo-wordpress\/ -->\n<title>Vitraa\u017e J\u00f5hvikas - Vitraaz.ee<\/title>\n<meta name=\"description\" content=\"Vitraa\u017e J\u00f5hvikas sobib m\u00f5nusaks v\u00e4rviaktsendiks sinu aknale. V\u00e4ike riputatav vitraa\u017e on m\u00f5\u00f5tudega 21x21 cm. Vitraa\u017e on tore kingitus.\" \/>\n<meta name=\"robots\" content=\"index, follow, max-snippet:-1, max-image-preview:large, max-video-preview:-1\" \/>\n<link rel=\"canonical\" href=\"https:\/\/vitraaz.ee\/fi\/toode\/vitraaz-johvikas\/\" \/>\n<meta property=\"og:locale\" content=\"fi_FI\" \/>\n<meta property=\"og:type\" content=\"article\" \/>\n<meta property=\"og:title\" content=\"Vitraa\u017e J\u00f5hvikas - Vitraaz.ee\" \/>\n<meta property=\"og:description\" content=\"Vitraa\u017e J\u00f5hvikas sobib m\u00f5nusaks v\u00e4rviaktsendiks sinu aknale. V\u00e4ike riputatav vitraa\u017e on m\u00f5\u00f5tudega 21x21 cm. Vitraa\u017e on tore kingitus.\" \/>\n<meta property=\"og:url\" content=\"https:\/\/vitraaz.ee\/fi\/toode\/vitraaz-johvikas\/\" \/>\n<meta property=\"og:site_name\" content=\"Vitraaz.ee\" \/>\n<meta property=\"article:publisher\" content=\"https:\/\/www.facebook.com\/Klaasinterjoor\" \/>\n<meta property=\"article:modified_time\" content=\"2025-08-22T13:28:12+00:00\" \/>\n<meta property=\"og:image\" content=\"https:\/\/vitraaz.ee\/wp-content\/uploads\/2024\/11\/johvikas2.jpg\" \/>\n\t<meta property=\"og:image:width\" content=\"1195\" \/>\n\t<meta property=\"og:image:height\" content=\"795\" \/>\n\t<meta property=\"og:image:type\" content=\"image\/jpeg\" \/>\n<meta name=\"twitter:card\" content=\"summary_large_image\" \/>\n<meta name=\"twitter:label1\" content=\"Arvioitu lukuaika\" \/>\n\t<meta name=\"twitter:data1\" content=\"1 minuutti\" \/>\n<script type=\"application\/ld+json\" class=\"yoast-schema-graph\">{\"@context\":\"https:\\\/\\\/schema.org\",\"@graph\":[{\"@type\":\"WebPage\",\"@id\":\"https:\\\/\\\/vitraaz.ee\\\/fi\\\/toode\\\/vitraaz-johvikas\\\/\",\"url\":\"https:\\\/\\\/vitraaz.ee\\\/fi\\\/toode\\\/vitraaz-johvikas\\\/\",\"name\":\"Vitraa\u017e J\u00f5hvikas - Vitraaz.ee\",\"isPartOf\":{\"@id\":\"https:\\\/\\\/vitraaz.ee\\\/fi\\\/#website\"},\"primaryImageOfPage\":{\"@id\":\"https:\\\/\\\/vitraaz.ee\\\/fi\\\/toode\\\/vitraaz-johvikas\\\/#primaryimage\"},\"image\":{\"@id\":\"https:\\\/\\\/vitraaz.ee\\\/fi\\\/toode\\\/vitraaz-johvikas\\\/#primaryimage\"},\"thumbnailUrl\":\"https:\\\/\\\/vitraaz.ee\\\/wp-content\\\/uploads\\\/2024\\\/11\\\/johvikas2.jpg\",\"datePublished\":\"2024-11-25T21:24:26+00:00\",\"dateModified\":\"2025-08-22T13:28:12+00:00\",\"description\":\"Vitraa\u017e J\u00f5hvikas sobib m\u00f5nusaks v\u00e4rviaktsendiks sinu aknale. V\u00e4ike riputatav vitraa\u017e on m\u00f5\u00f5tudega 21x21 cm. Vitraa\u017e on tore kingitus.\",\"breadcrumb\":{\"@id\":\"https:\\\/\\\/vitraaz.ee\\\/fi\\\/toode\\\/vitraaz-johvikas\\\/#breadcrumb\"},\"inLanguage\":\"fi\",\"potentialAction\":[{\"@type\":\"ReadAction\",\"target\":[\"https:\\\/\\\/vitraaz.ee\\\/fi\\\/toode\\\/vitraaz-johvikas\\\/\"]}]},{\"@type\":\"ImageObject\",\"inLanguage\":\"fi\",\"@id\":\"https:\\\/\\\/vitraaz.ee\\\/fi\\\/toode\\\/vitraaz-johvikas\\\/#primaryimage\",\"url\":\"https:\\\/\\\/vitraaz.ee\\\/wp-content\\\/uploads\\\/2024\\\/11\\\/johvikas2.jpg\",\"contentUrl\":\"https:\\\/\\\/vitraaz.ee\\\/wp-content\\\/uploads\\\/2024\\\/11\\\/johvikas2.jpg\",\"width\":1195,\"height\":795,\"caption\":\"vitraa\u017e j\u00f5ulukingituseks\"},{\"@type\":\"BreadcrumbList\",\"@id\":\"https:\\\/\\\/vitraaz.ee\\\/fi\\\/toode\\\/vitraaz-johvikas\\\/#breadcrumb\",\"itemListElement\":[{\"@type\":\"ListItem\",\"position\":1,\"name\":\"Home\",\"item\":\"https:\\\/\\\/vitraaz.ee\\\/fi\\\/\"},{\"@type\":\"ListItem\",\"position\":2,\"name\":\"Pood\",\"item\":\"https:\\\/\\\/vitraaz.ee\\\/pood\\\/\"},{\"@type\":\"ListItem\",\"position\":3,\"name\":\"Vitraa\u017e J\u00f5hvikas\"}]},{\"@type\":\"WebSite\",\"@id\":\"https:\\\/\\\/vitraaz.ee\\\/fi\\\/#website\",\"url\":\"https:\\\/\\\/vitraaz.ee\\\/fi\\\/\",\"name\":\"Vitraaz.ee\",\"description\":\"Klaasinterj&ouml;&ouml;r\",\"publisher\":{\"@id\":\"https:\\\/\\\/vitraaz.ee\\\/fi\\\/#organization\"},\"potentialAction\":[{\"@type\":\"SearchAction\",\"target\":{\"@type\":\"EntryPoint\",\"urlTemplate\":\"https:\\\/\\\/vitraaz.ee\\\/fi\\\/?s={search_term_string}\"},\"query-input\":{\"@type\":\"PropertyValueSpecification\",\"valueRequired\":true,\"valueName\":\"search_term_string\"}}],\"inLanguage\":\"fi\"},{\"@type\":\"Organization\",\"@id\":\"https:\\\/\\\/vitraaz.ee\\\/fi\\\/#organization\",\"name\":\"KLAASINTERJ\u00d6\u00d6R O\u00dc\",\"url\":\"https:\\\/\\\/vitraaz.ee\\\/fi\\\/\",\"logo\":{\"@type\":\"ImageObject\",\"inLanguage\":\"fi\",\"@id\":\"https:\\\/\\\/vitraaz.ee\\\/fi\\\/#\\\/schema\\\/logo\\\/image\\\/\",\"url\":\"https:\\\/\\\/vitraaz.ee\\\/wp-content\\\/uploads\\\/2022\\\/09\\\/logoKI.png\",\"contentUrl\":\"https:\\\/\\\/vitraaz.ee\\\/wp-content\\\/uploads\\\/2022\\\/09\\\/logoKI.png\",\"width\":1159,\"height\":458,\"caption\":\"KLAASINTERJ\u00d6\u00d6R O\u00dc\"},\"image\":{\"@id\":\"https:\\\/\\\/vitraaz.ee\\\/fi\\\/#\\\/schema\\\/logo\\\/image\\\/\"},\"sameAs\":[\"https:\\\/\\\/www.facebook.com\\\/Klaasinterjoor\"]}]}<\/script>\n<!-- \/ Yoast SEO plugin. -->","yoast_head_json":{"title":"Vitraa\u017e J\u00f5hvikas - Vitraaz.ee","description":"Vitraa\u017e J\u00f5hvikas sobib m\u00f5nusaks v\u00e4rviaktsendiks sinu aknale. V\u00e4ike riputatav vitraa\u017e on m\u00f5\u00f5tudega 21x21 cm. Vitraa\u017e on tore kingitus.","robots":{"index":"index","follow":"follow","max-snippet":"max-snippet:-1","max-image-preview":"max-image-preview:large","max-video-preview":"max-video-preview:-1"},"canonical":"https:\/\/vitraaz.ee\/fi\/toode\/vitraaz-johvikas\/","og_locale":"fi_FI","og_type":"article","og_title":"Vitraa\u017e J\u00f5hvikas - Vitraaz.ee","og_description":"Vitraa\u017e J\u00f5hvikas sobib m\u00f5nusaks v\u00e4rviaktsendiks sinu aknale. V\u00e4ike riputatav vitraa\u017e on m\u00f5\u00f5tudega 21x21 cm. Vitraa\u017e on tore kingitus.","og_url":"https:\/\/vitraaz.ee\/fi\/toode\/vitraaz-johvikas\/","og_site_name":"Vitraaz.ee","article_publisher":"https:\/\/www.facebook.com\/Klaasinterjoor","article_modified_time":"2025-08-22T13:28:12+00:00","og_image":[{"width":1195,"height":795,"url":"https:\/\/vitraaz.ee\/wp-content\/uploads\/2024\/11\/johvikas2.jpg","type":"image\/jpeg"}],"twitter_card":"summary_large_image","twitter_misc":{"Arvioitu lukuaika":"1 minuutti"},"schema":{"@context":"https:\/\/schema.org","@graph":[{"@type":"WebPage","@id":"https:\/\/vitraaz.ee\/fi\/toode\/vitraaz-johvikas\/","url":"https:\/\/vitraaz.ee\/fi\/toode\/vitraaz-johvikas\/","name":"Vitraa\u017e J\u00f5hvikas - Vitraaz.ee","isPartOf":{"@id":"https:\/\/vitraaz.ee\/fi\/#website"},"primaryImageOfPage":{"@id":"https:\/\/vitraaz.ee\/fi\/toode\/vitraaz-johvikas\/#primaryimage"},"image":{"@id":"https:\/\/vitraaz.ee\/fi\/toode\/vitraaz-johvikas\/#primaryimage"},"thumbnailUrl":"https:\/\/vitraaz.ee\/wp-content\/uploads\/2024\/11\/johvikas2.jpg","datePublished":"2024-11-25T21:24:26+00:00","dateModified":"2025-08-22T13:28:12+00:00","description":"Vitraa\u017e J\u00f5hvikas sobib m\u00f5nusaks v\u00e4rviaktsendiks sinu aknale. V\u00e4ike riputatav vitraa\u017e on m\u00f5\u00f5tudega 21x21 cm. Vitraa\u017e on tore kingitus.","breadcrumb":{"@id":"https:\/\/vitraaz.ee\/fi\/toode\/vitraaz-johvikas\/#breadcrumb"},"inLanguage":"fi","potentialAction":[{"@type":"ReadAction","target":["https:\/\/vitraaz.ee\/fi\/toode\/vitraaz-johvikas\/"]}]},{"@type":"ImageObject","inLanguage":"fi","@id":"https:\/\/vitraaz.ee\/fi\/toode\/vitraaz-johvikas\/#primaryimage","url":"https:\/\/vitraaz.ee\/wp-content\/uploads\/2024\/11\/johvikas2.jpg","contentUrl":"https:\/\/vitraaz.ee\/wp-content\/uploads\/2024\/11\/johvikas2.jpg","width":1195,"height":795,"caption":"vitraa\u017e j\u00f5ulukingituseks"},{"@type":"BreadcrumbList","@id":"https:\/\/vitraaz.ee\/fi\/toode\/vitraaz-johvikas\/#breadcrumb","itemListElement":[{"@type":"ListItem","position":1,"name":"Home","item":"https:\/\/vitraaz.ee\/fi\/"},{"@type":"ListItem","position":2,"name":"Pood","item":"https:\/\/vitraaz.ee\/pood\/"},{"@type":"ListItem","position":3,"name":"Vitraa\u017e J\u00f5hvikas"}]},{"@type":"WebSite","@id":"https:\/\/vitraaz.ee\/fi\/#website","url":"https:\/\/vitraaz.ee\/fi\/","name":"Vitraaz.ee","description":"Klaasinterj&ouml;&ouml;r","publisher":{"@id":"https:\/\/vitraaz.ee\/fi\/#organization"},"potentialAction":[{"@type":"SearchAction","target":{"@type":"EntryPoint","urlTemplate":"https:\/\/vitraaz.ee\/fi\/?s={search_term_string}"},"query-input":{"@type":"PropertyValueSpecification","valueRequired":true,"valueName":"search_term_string"}}],"inLanguage":"fi"},{"@type":"Organization","@id":"https:\/\/vitraaz.ee\/fi\/#organization","name":"KLAASINTERJ\u00d6\u00d6R O\u00dc","url":"https:\/\/vitraaz.ee\/fi\/","logo":{"@type":"ImageObject","inLanguage":"fi","@id":"https:\/\/vitraaz.ee\/fi\/#\/schema\/logo\/image\/","url":"https:\/\/vitraaz.ee\/wp-content\/uploads\/2022\/09\/logoKI.png","contentUrl":"https:\/\/vitraaz.ee\/wp-content\/uploads\/2022\/09\/logoKI.png","width":1159,"height":458,"caption":"KLAASINTERJ\u00d6\u00d6R O\u00dc"},"image":{"@id":"https:\/\/vitraaz.ee\/fi\/#\/schema\/logo\/image\/"},"sameAs":["https:\/\/www.facebook.com\/Klaasinterjoor"]}]}},"_links":{"self":[{"href":"https:\/\/vitraaz.ee\/fi\/wp-json\/wp\/v2\/product\/7944","targetHints":{"allow":["GET"]}}],"collection":[{"href":"https:\/\/vitraaz.ee\/fi\/wp-json\/wp\/v2\/product"}],"about":[{"href":"https:\/\/vitraaz.ee\/fi\/wp-json\/wp\/v2\/types\/product"}],"version-history":[{"count":2,"href":"https:\/\/vitraaz.ee\/fi\/wp-json\/wp\/v2\/product\/7944\/revisions"}],"predecessor-version":[{"id":8026,"href":"https:\/\/vitraaz.ee\/fi\/wp-json\/wp\/v2\/product\/7944\/revisions\/8026"}],"wp:featuredmedia":[{"embeddable":true,"href":"https:\/\/vitraaz.ee\/fi\/wp-json\/wp\/v2\/media\/8014"}],"wp:attachment":[{"href":"https:\/\/vitraaz.ee\/fi\/wp-json\/wp\/v2\/media?parent=7944"}],"wp:term":[{"taxonomy":"product_brand","embeddable":true,"href":"https:\/\/vitraaz.ee\/fi\/wp-json\/wp\/v2\/product_brand?post=7944"},{"taxonomy":"product_cat","embeddable":true,"href":"https:\/\/vitraaz.ee\/fi\/wp-json\/wp\/v2\/product_cat?post=7944"},{"taxonomy":"product_tag","embeddable":true,"href":"https:\/\/vitraaz.ee\/fi\/wp-json\/wp\/v2\/product_tag?post=7944"}],"curies":[{"name":"wp","href":"https:\/\/api.w.org\/{rel}","templated":true}]}}