{"id":7054,"date":"2024-08-16T13:25:50","date_gmt":"2024-08-16T13:25:50","guid":{"rendered":"https:\/\/vitraaz.ee\/?post_type=product&#038;p=7054"},"modified":"2024-09-05T11:00:19","modified_gmt":"2024-09-05T11:00:19","slug":"soodusmuuk","status":"publish","type":"product","link":"https:\/\/vitraaz.ee\/fi\/toode\/soodusmuuk\/","title":{"rendered":"SOODUSM\u00dc\u00dcK"},"content":{"rendered":"\t\t<div data-elementor-type=\"wp-post\" data-elementor-id=\"7054\" class=\"elementor elementor-7054\">\n\t\t\t\t\t\t<section class=\"elementor-section elementor-top-section elementor-element elementor-element-1396fdba elementor-section-boxed elementor-section-height-default elementor-section-height-default\" data-id=\"1396fdba\" data-element_type=\"section\" data-e-type=\"section\">\n\t\t\t\t\t\t<div class=\"elementor-container elementor-column-gap-default\">\n\t\t\t\t\t<div class=\"elementor-column elementor-col-100 elementor-top-column elementor-element elementor-element-6edf7cf4\" data-id=\"6edf7cf4\" data-element_type=\"column\" data-e-type=\"column\">\n\t\t\t<div class=\"elementor-widget-wrap elementor-element-populated\">\n\t\t\t\t\t\t<div class=\"elementor-element elementor-element-22993c93 elementor-widget elementor-widget-text-editor\" data-id=\"22993c93\" data-element_type=\"widget\" data-e-type=\"widget\" data-widget_type=\"text-editor.default\">\n\t\t\t\t<div class=\"elementor-widget-container\">\n\t\t\t\t\t\t\t\t\t<p>Soodusm\u00fc\u00fck: siit leiad valiku kellasid, mis on meie stuudiosse pisut kauaks pidama j\u00e4\u00e4nud. Tahame need \u00e4ra m\u00fc\u00fca, et uuele loomingule ruumi teha. Leia galeriist oma lemmik ning lisa see rippmen\u00fc\u00fcst ostukorvi. <span style=\"color: var( --e-global-color-text ); font-family: var( --e-global-typography-text-font-family ), Sans-serif; font-weight: var( --e-global-typography-text-font-weight );\">Kelladel on vaikselt tiksuv mehhanism, pakendatud karpi, t\u00f6\u00f6tavad AA-t\u00fc\u00fcpi patareil.<\/span> Veel soodsa hinnaga tooteid v\u00f5ib leida siit:<a href=\"https:\/\/vitraaz.ee\/toode\/soodus\/\"> SOODNE!<\/a>\u00a0<\/p>\t\t\t\t\t\t\t\t<\/div>\n\t\t\t\t<\/div>\n\t\t\t\t\t<\/div>\n\t\t<\/div>\n\t\t\t\t\t<\/div>\n\t\t<\/section>\n\t\t\t\t<section class=\"elementor-section elementor-top-section elementor-element elementor-element-6bf541d elementor-section-boxed elementor-section-height-default elementor-section-height-default\" data-id=\"6bf541d\" data-element_type=\"section\" data-e-type=\"section\">\n\t\t\t\t\t\t<div class=\"elementor-container elementor-column-gap-default\">\n\t\t\t\t\t<div class=\"elementor-column elementor-col-100 elementor-top-column elementor-element elementor-element-52a892d\" data-id=\"52a892d\" data-element_type=\"column\" data-e-type=\"column\">\n\t\t\t<div class=\"elementor-widget-wrap elementor-element-populated\">\n\t\t\t\t\t\t<div class=\"elementor-element elementor-element-1801df8 elementor-widget elementor-widget-image-gallery\" data-id=\"1801df8\" data-element_type=\"widget\" data-e-type=\"widget\" data-widget_type=\"image-gallery.default\">\n\t\t\t\t<div class=\"elementor-widget-container\">\n\t\t\t\t\t\t\t<div class=\"elementor-image-gallery\">\n\t\t\t<div class=\"row gallery galleryid-7054 gallery-columns-3 gallery-size-ImageSize500x500\" data-uk-grid-margin=\"\"><figure class=\"gallery-item\"><div class=\"gallery-icon landscape\"><a data-elementor-open-lightbox=\"yes\" data-elementor-lightbox-slideshow=\"1801df8\" data-elementor-lightbox-title=\"kell\" data-elementor-lightbox-description=\"Peegel ja must kell \" data-e-action-hash=\"#elementor-action%3Aaction%3Dlightbox%26settings%3DeyJpZCI6NzExNSwidXJsIjoiaHR0cHM6XC9cL3ZpdHJhYXouZWVcL3dwLWNvbnRlbnRcL3VwbG9hZHNcLzIwMjRcLzA4XC9rZWxsLmpwZyIsInNsaWRlc2hvdyI6IjE4MDFkZjgifQ%3D%3D\" href='https:\/\/vitraaz.ee\/wp-content\/uploads\/2024\/08\/kell.jpg'><img fetchpriority=\"high\" decoding=\"async\" width=\"500\" height=\"500\" src=\"https:\/\/vitraaz.ee\/wp-content\/uploads\/2024\/08\/kell-500x500.jpg\" class=\"attachment-Image Size 500x500 size-Image Size 500x500\" alt=\"Kell\" aria-describedby=\"gallery-7054\" srcset=\"https:\/\/vitraaz.ee\/wp-content\/uploads\/2024\/08\/kell-500x500.jpg 500w, https:\/\/vitraaz.ee\/wp-content\/uploads\/2024\/08\/kell-150x150.jpg 150w, https:\/\/vitraaz.ee\/wp-content\/uploads\/2024\/08\/kell-300x300.jpg 300w, https:\/\/vitraaz.ee\/wp-content\/uploads\/2024\/08\/kell-100x100.jpg 100w\" sizes=\"(max-width: 500px) 100vw, 500px\" \/><\/a><\/div><figcaption class=\"wp-caption-text gallery-caption\">Kell 1 25&#215;25<\/figcaption><\/figure><figure class=\"gallery-item\"><div class=\"gallery-icon landscape\"><a data-elementor-open-lightbox=\"yes\" data-elementor-lightbox-slideshow=\"1801df8\" data-elementor-lightbox-title=\"KL7\" data-elementor-lightbox-description=\"Peegel ja must kell \" data-e-action-hash=\"#elementor-action%3Aaction%3Dlightbox%26settings%3DeyJpZCI6NzEzOSwidXJsIjoiaHR0cHM6XC9cL3ZpdHJhYXouZWVcL3dwLWNvbnRlbnRcL3VwbG9hZHNcLzIwMjRcLzA4XC9LTDcuanBnIiwic2xpZGVzaG93IjoiMTgwMWRmOCJ9\" href='https:\/\/vitraaz.ee\/wp-content\/uploads\/2024\/08\/KL7.jpg'><img decoding=\"async\" width=\"500\" height=\"500\" src=\"https:\/\/vitraaz.ee\/wp-content\/uploads\/2024\/08\/KL7-500x500.jpg\" class=\"attachment-Image Size 500x500 size-Image Size 500x500\" alt=\"\" aria-describedby=\"gallery-7054\" srcset=\"https:\/\/vitraaz.ee\/wp-content\/uploads\/2024\/08\/KL7-500x500.jpg 500w, https:\/\/vitraaz.ee\/wp-content\/uploads\/2024\/08\/KL7-150x150.jpg 150w, https:\/\/vitraaz.ee\/wp-content\/uploads\/2024\/08\/KL7-300x300.jpg 300w, https:\/\/vitraaz.ee\/wp-content\/uploads\/2024\/08\/KL7-100x100.jpg 100w\" sizes=\"(max-width: 500px) 100vw, 500px\" \/><\/a><\/div><figcaption class=\"wp-caption-text gallery-caption\">Kell 2 30&#215;30<\/figcaption><\/figure><figure class=\"gallery-item\"><div class=\"gallery-icon landscape\"><a data-elementor-open-lightbox=\"yes\" data-elementor-lightbox-slideshow=\"1801df8\" data-elementor-lightbox-title=\"kell8\" data-elementor-lightbox-description=\"Peegel ja must kell \" data-e-action-hash=\"#elementor-action%3Aaction%3Dlightbox%26settings%3DeyJpZCI6NzEzMSwidXJsIjoiaHR0cHM6XC9cL3ZpdHJhYXouZWVcL3dwLWNvbnRlbnRcL3VwbG9hZHNcLzIwMjRcLzA4XC9rZWxsOC5qcGciLCJzbGlkZXNob3ciOiIxODAxZGY4In0%3D\" href='https:\/\/vitraaz.ee\/wp-content\/uploads\/2024\/08\/kell8.jpg'><img decoding=\"async\" width=\"500\" height=\"500\" src=\"https:\/\/vitraaz.ee\/wp-content\/uploads\/2024\/08\/kell8-500x500.jpg\" class=\"attachment-Image Size 500x500 size-Image Size 500x500\" alt=\"\" aria-describedby=\"gallery-7054\" srcset=\"https:\/\/vitraaz.ee\/wp-content\/uploads\/2024\/08\/kell8-500x500.jpg 500w, https:\/\/vitraaz.ee\/wp-content\/uploads\/2024\/08\/kell8-150x150.jpg 150w, https:\/\/vitraaz.ee\/wp-content\/uploads\/2024\/08\/kell8-300x300.jpg 300w, https:\/\/vitraaz.ee\/wp-content\/uploads\/2024\/08\/kell8-100x100.jpg 100w\" sizes=\"(max-width: 500px) 100vw, 500px\" \/><\/a><\/div><figcaption class=\"wp-caption-text gallery-caption\">Kell 3 30&#215;30<\/figcaption><\/figure><figure class=\"gallery-item\"><div class=\"gallery-icon landscape\"><a data-elementor-open-lightbox=\"yes\" data-elementor-lightbox-slideshow=\"1801df8\" data-elementor-lightbox-title=\"kell14\" data-elementor-lightbox-description=\"Peegel ja must kell \" data-e-action-hash=\"#elementor-action%3Aaction%3Dlightbox%26settings%3DeyJpZCI6NzEzNSwidXJsIjoiaHR0cHM6XC9cL3ZpdHJhYXouZWVcL3dwLWNvbnRlbnRcL3VwbG9hZHNcLzIwMjRcLzA4XC9rZWxsMTQuanBnIiwic2xpZGVzaG93IjoiMTgwMWRmOCJ9\" href='https:\/\/vitraaz.ee\/wp-content\/uploads\/2024\/08\/kell14.jpg'><img loading=\"lazy\" decoding=\"async\" width=\"500\" height=\"500\" src=\"https:\/\/vitraaz.ee\/wp-content\/uploads\/2024\/08\/kell14-500x500.jpg\" class=\"attachment-Image Size 500x500 size-Image Size 500x500\" alt=\"\" aria-describedby=\"gallery-7054\" srcset=\"https:\/\/vitraaz.ee\/wp-content\/uploads\/2024\/08\/kell14-500x500.jpg 500w, https:\/\/vitraaz.ee\/wp-content\/uploads\/2024\/08\/kell14-150x150.jpg 150w, https:\/\/vitraaz.ee\/wp-content\/uploads\/2024\/08\/kell14-300x300.jpg 300w, https:\/\/vitraaz.ee\/wp-content\/uploads\/2024\/08\/kell14-100x100.jpg 100w\" sizes=\"(max-width: 500px) 100vw, 500px\" \/><\/a><\/div><figcaption class=\"wp-caption-text gallery-caption\">Kell 4 30&#215;30<\/figcaption><\/figure><figure class=\"gallery-item\"><div class=\"gallery-icon landscape\"><a data-elementor-open-lightbox=\"yes\" data-elementor-lightbox-slideshow=\"1801df8\" data-elementor-lightbox-title=\"kell6\" data-elementor-lightbox-description=\"Peegel ja must kell \" data-e-action-hash=\"#elementor-action%3Aaction%3Dlightbox%26settings%3DeyJpZCI6NzEyMywidXJsIjoiaHR0cHM6XC9cL3ZpdHJhYXouZWVcL3dwLWNvbnRlbnRcL3VwbG9hZHNcLzIwMjRcLzA4XC9rZWxsNi5qcGciLCJzbGlkZXNob3ciOiIxODAxZGY4In0%3D\" href='https:\/\/vitraaz.ee\/wp-content\/uploads\/2024\/08\/kell6.jpg'><img loading=\"lazy\" decoding=\"async\" width=\"500\" height=\"500\" src=\"https:\/\/vitraaz.ee\/wp-content\/uploads\/2024\/08\/kell6-500x500.jpg\" class=\"attachment-Image Size 500x500 size-Image Size 500x500\" alt=\"\" aria-describedby=\"gallery-7054\" srcset=\"https:\/\/vitraaz.ee\/wp-content\/uploads\/2024\/08\/kell6-500x500.jpg 500w, https:\/\/vitraaz.ee\/wp-content\/uploads\/2024\/08\/kell6-150x150.jpg 150w, https:\/\/vitraaz.ee\/wp-content\/uploads\/2024\/08\/kell6-300x300.jpg 300w, https:\/\/vitraaz.ee\/wp-content\/uploads\/2024\/08\/kell6-100x100.jpg 100w\" sizes=\"(max-width: 500px) 100vw, 500px\" \/><\/a><\/div><figcaption class=\"wp-caption-text gallery-caption\">Kell 5 30&#215;30 Peegel ja valge<\/figcaption><\/figure><figure class=\"gallery-item\"><div class=\"gallery-icon landscape\"><a data-elementor-open-lightbox=\"yes\" data-elementor-lightbox-slideshow=\"1801df8\" data-elementor-lightbox-title=\"kell7\" data-elementor-lightbox-description=\"Peegel ja must kell \" data-e-action-hash=\"#elementor-action%3Aaction%3Dlightbox%26settings%3DeyJpZCI6NzEyNywidXJsIjoiaHR0cHM6XC9cL3ZpdHJhYXouZWVcL3dwLWNvbnRlbnRcL3VwbG9hZHNcLzIwMjRcLzA4XC9rZWxsNy5qcGciLCJzbGlkZXNob3ciOiIxODAxZGY4In0%3D\" href='https:\/\/vitraaz.ee\/wp-content\/uploads\/2024\/08\/kell7.jpg'><img loading=\"lazy\" decoding=\"async\" width=\"500\" height=\"500\" src=\"https:\/\/vitraaz.ee\/wp-content\/uploads\/2024\/08\/kell7-500x500.jpg\" class=\"attachment-Image Size 500x500 size-Image Size 500x500\" alt=\"\" aria-describedby=\"gallery-7054\" srcset=\"https:\/\/vitraaz.ee\/wp-content\/uploads\/2024\/08\/kell7-500x500.jpg 500w, https:\/\/vitraaz.ee\/wp-content\/uploads\/2024\/08\/kell7-150x150.jpg 150w, https:\/\/vitraaz.ee\/wp-content\/uploads\/2024\/08\/kell7-300x300.jpg 300w, https:\/\/vitraaz.ee\/wp-content\/uploads\/2024\/08\/kell7-100x100.jpg 100w\" sizes=\"(max-width: 500px) 100vw, 500px\" \/><\/a><\/div><figcaption class=\"wp-caption-text gallery-caption\">Kell 6 30&#215;30 Mullidega lilla <\/figcaption><\/figure><figure class=\"gallery-item\"><div class=\"gallery-icon landscape\"><a data-elementor-open-lightbox=\"yes\" data-elementor-lightbox-slideshow=\"1801df8\" data-elementor-lightbox-title=\"KL19\" data-elementor-lightbox-description=\"Peegel ja must kell \" data-e-action-hash=\"#elementor-action%3Aaction%3Dlightbox%26settings%3DeyJpZCI6NzE0NywidXJsIjoiaHR0cHM6XC9cL3ZpdHJhYXouZWVcL3dwLWNvbnRlbnRcL3VwbG9hZHNcLzIwMjRcLzA4XC9LTDE5LTIuanBnIiwic2xpZGVzaG93IjoiMTgwMWRmOCJ9\" href='https:\/\/vitraaz.ee\/wp-content\/uploads\/2024\/08\/KL19-2.jpg'><img loading=\"lazy\" decoding=\"async\" width=\"500\" height=\"500\" src=\"https:\/\/vitraaz.ee\/wp-content\/uploads\/2024\/08\/KL19-2-500x500.jpg\" class=\"attachment-Image Size 500x500 size-Image Size 500x500\" alt=\"\" aria-describedby=\"gallery-7054\" srcset=\"https:\/\/vitraaz.ee\/wp-content\/uploads\/2024\/08\/KL19-2-500x500.jpg 500w, https:\/\/vitraaz.ee\/wp-content\/uploads\/2024\/08\/KL19-2-150x150.jpg 150w, https:\/\/vitraaz.ee\/wp-content\/uploads\/2024\/08\/KL19-2-300x300.jpg 300w, https:\/\/vitraaz.ee\/wp-content\/uploads\/2024\/08\/KL19-2-100x100.jpg 100w\" sizes=\"(max-width: 500px) 100vw, 500px\" \/><\/a><\/div><figcaption class=\"wp-caption-text gallery-caption\">Kell 7 30&#215;30 Pronks peegel  ja lilla<\/figcaption><\/figure><figure class=\"gallery-item\"><div class=\"gallery-icon landscape\"><a data-elementor-open-lightbox=\"yes\" data-elementor-lightbox-slideshow=\"1801df8\" data-elementor-lightbox-title=\"KL11\" data-elementor-lightbox-description=\"Peegel ja must kell \" data-e-action-hash=\"#elementor-action%3Aaction%3Dlightbox%26settings%3DeyJpZCI6NzE0MywidXJsIjoiaHR0cHM6XC9cL3ZpdHJhYXouZWVcL3dwLWNvbnRlbnRcL3VwbG9hZHNcLzIwMjRcLzA4XC9LTDExLmpwZyIsInNsaWRlc2hvdyI6IjE4MDFkZjgifQ%3D%3D\" href='https:\/\/vitraaz.ee\/wp-content\/uploads\/2024\/08\/KL11.jpg'><img loading=\"lazy\" decoding=\"async\" width=\"500\" height=\"500\" src=\"https:\/\/vitraaz.ee\/wp-content\/uploads\/2024\/08\/KL11-500x500.jpg\" class=\"attachment-Image Size 500x500 size-Image Size 500x500\" alt=\"\" aria-describedby=\"gallery-7054\" srcset=\"https:\/\/vitraaz.ee\/wp-content\/uploads\/2024\/08\/KL11-500x500.jpg 500w, https:\/\/vitraaz.ee\/wp-content\/uploads\/2024\/08\/KL11-150x150.jpg 150w, https:\/\/vitraaz.ee\/wp-content\/uploads\/2024\/08\/KL11-300x300.jpg 300w, https:\/\/vitraaz.ee\/wp-content\/uploads\/2024\/08\/KL11-100x100.jpg 100w\" sizes=\"(max-width: 500px) 100vw, 500px\" \/><\/a><\/div><figcaption class=\"wp-caption-text gallery-caption\">Kell 8 30&#215;30 roheline<\/figcaption><\/figure><figure class=\"gallery-item\"><div class=\"gallery-icon landscape\"><a data-elementor-open-lightbox=\"yes\" data-elementor-lightbox-slideshow=\"1801df8\" data-elementor-lightbox-title=\"kell5\" data-elementor-lightbox-description=\"Peegel ja must kell \" data-e-action-hash=\"#elementor-action%3Aaction%3Dlightbox%26settings%3DeyJpZCI6NzExOSwidXJsIjoiaHR0cHM6XC9cL3ZpdHJhYXouZWVcL3dwLWNvbnRlbnRcL3VwbG9hZHNcLzIwMjRcLzA4XC9rZWxsNS0xLmpwZyIsInNsaWRlc2hvdyI6IjE4MDFkZjgifQ%3D%3D\" href='https:\/\/vitraaz.ee\/wp-content\/uploads\/2024\/08\/kell5-1.jpg'><img loading=\"lazy\" decoding=\"async\" width=\"500\" height=\"500\" src=\"https:\/\/vitraaz.ee\/wp-content\/uploads\/2024\/08\/kell5-1-500x500.jpg\" class=\"attachment-Image Size 500x500 size-Image Size 500x500\" alt=\"\" aria-describedby=\"gallery-7054\" srcset=\"https:\/\/vitraaz.ee\/wp-content\/uploads\/2024\/08\/kell5-1-500x500.jpg 500w, https:\/\/vitraaz.ee\/wp-content\/uploads\/2024\/08\/kell5-1-150x150.jpg 150w, https:\/\/vitraaz.ee\/wp-content\/uploads\/2024\/08\/kell5-1-300x300.jpg 300w, https:\/\/vitraaz.ee\/wp-content\/uploads\/2024\/08\/kell5-1-100x100.jpg 100w\" sizes=\"(max-width: 500px) 100vw, 500px\" \/><\/a><\/div><figcaption class=\"wp-caption-text gallery-caption\">Kell 9 30&#215;30 sulatatud must<\/figcaption><\/figure><\/div>\t\t<\/div>\n\t\t\t\t\t\t<\/div>\n\t\t\t\t<\/div>\n\t\t\t\t\t<\/div>\n\t\t<\/div>\n\t\t\t\t\t<\/div>\n\t\t<\/section>\n\t\t\t\t<\/div>\n\t\t","protected":false},"excerpt":{"rendered":"<p>Soodusm\u00fc\u00fck: siit leiad valiku kellasid, mis on meie stuudiosse pisut kauaks pidama j\u00e4\u00e4nud. Tahame need \u00e4ra m\u00fc\u00fca, et uuele loomingule ruumi teha. Leia galeriist oma lemmik ning lisa see rippmen\u00fc\u00fcst ostukorvi. Kelladel on vaikselt tiksuv mehhanism, pakendatud karpi, t\u00f6\u00f6tavad AA-t\u00fc\u00fcpi patareil. Veel soodsa hinnaga tooteid v\u00f5ib leida siit: SOODNE! Kell 1, 25\u00d725 Peegel ja must [&hellip;]<\/p>\n","protected":false},"featured_media":7061,"template":"","meta":{"_acf_changed":false},"product_brand":[],"product_cat":[37],"product_tag":[],"class_list":{"0":"post-7054","1":"product","2":"type-product","3":"status-publish","4":"has-post-thumbnail","6":"product_cat-seinakellad-lauakellad","8":"first","9":"instock","10":"taxable","11":"shipping-taxable","12":"purchasable","13":"product-type-variable"},"acf":[],"yoast_head":"<!-- This site is optimized with the Yoast SEO plugin v27.3 - https:\/\/yoast.com\/product\/yoast-seo-wordpress\/ -->\n<title>SOODUSM\u00dc\u00dcK - Vitraaz.ee<\/title>\n<meta name=\"robots\" content=\"index, follow, max-snippet:-1, max-image-preview:large, max-video-preview:-1\" \/>\n<link rel=\"canonical\" href=\"https:\/\/vitraaz.ee\/fi\/toode\/soodusmuuk\/\" \/>\n<meta property=\"og:locale\" content=\"fi_FI\" \/>\n<meta property=\"og:type\" content=\"article\" \/>\n<meta property=\"og:title\" content=\"SOODUSM\u00dc\u00dcK - Vitraaz.ee\" \/>\n<meta property=\"og:description\" content=\"Soodusm\u00fc\u00fck: siit leiad valiku kellasid, mis on meie stuudiosse pisut kauaks pidama j\u00e4\u00e4nud. Tahame need \u00e4ra m\u00fc\u00fca, et uuele loomingule ruumi teha. Leia galeriist oma lemmik ning lisa see rippmen\u00fc\u00fcst ostukorvi. Kelladel on vaikselt tiksuv mehhanism, pakendatud karpi, t\u00f6\u00f6tavad AA-t\u00fc\u00fcpi patareil. Veel soodsa hinnaga tooteid v\u00f5ib leida siit: SOODNE! Kell 1, 25\u00d725 Peegel ja must [&hellip;]\" \/>\n<meta property=\"og:url\" content=\"https:\/\/vitraaz.ee\/fi\/toode\/soodusmuuk\/\" \/>\n<meta property=\"og:site_name\" content=\"Vitraaz.ee\" \/>\n<meta property=\"article:publisher\" content=\"https:\/\/www.facebook.com\/Klaasinterjoor\" \/>\n<meta property=\"article:modified_time\" content=\"2024-09-05T11:00:19+00:00\" \/>\n<meta property=\"og:image\" content=\"https:\/\/vitraaz.ee\/wp-content\/uploads\/2024\/08\/protsent.jpg\" \/>\n\t<meta property=\"og:image:width\" content=\"1015\" \/>\n\t<meta property=\"og:image:height\" content=\"798\" \/>\n\t<meta property=\"og:image:type\" content=\"image\/jpeg\" \/>\n<meta name=\"twitter:card\" content=\"summary_large_image\" \/>\n<meta name=\"twitter:label1\" content=\"Arvioitu lukuaika\" \/>\n\t<meta name=\"twitter:data1\" content=\"3 minuuttia\" \/>\n<script type=\"application\/ld+json\" class=\"yoast-schema-graph\">{\"@context\":\"https:\\\/\\\/schema.org\",\"@graph\":[{\"@type\":\"WebPage\",\"@id\":\"https:\\\/\\\/vitraaz.ee\\\/fi\\\/toode\\\/soodusmuuk\\\/\",\"url\":\"https:\\\/\\\/vitraaz.ee\\\/fi\\\/toode\\\/soodusmuuk\\\/\",\"name\":\"SOODUSM\u00dc\u00dcK - Vitraaz.ee\",\"isPartOf\":{\"@id\":\"https:\\\/\\\/vitraaz.ee\\\/fi\\\/#website\"},\"primaryImageOfPage\":{\"@id\":\"https:\\\/\\\/vitraaz.ee\\\/fi\\\/toode\\\/soodusmuuk\\\/#primaryimage\"},\"image\":{\"@id\":\"https:\\\/\\\/vitraaz.ee\\\/fi\\\/toode\\\/soodusmuuk\\\/#primaryimage\"},\"thumbnailUrl\":\"https:\\\/\\\/vitraaz.ee\\\/wp-content\\\/uploads\\\/2024\\\/08\\\/protsent.jpg\",\"datePublished\":\"2024-08-16T13:25:50+00:00\",\"dateModified\":\"2024-09-05T11:00:19+00:00\",\"breadcrumb\":{\"@id\":\"https:\\\/\\\/vitraaz.ee\\\/fi\\\/toode\\\/soodusmuuk\\\/#breadcrumb\"},\"inLanguage\":\"fi\",\"potentialAction\":[{\"@type\":\"ReadAction\",\"target\":[\"https:\\\/\\\/vitraaz.ee\\\/fi\\\/toode\\\/soodusmuuk\\\/\"]}]},{\"@type\":\"ImageObject\",\"inLanguage\":\"fi\",\"@id\":\"https:\\\/\\\/vitraaz.ee\\\/fi\\\/toode\\\/soodusmuuk\\\/#primaryimage\",\"url\":\"https:\\\/\\\/vitraaz.ee\\\/wp-content\\\/uploads\\\/2024\\\/08\\\/protsent.jpg\",\"contentUrl\":\"https:\\\/\\\/vitraaz.ee\\\/wp-content\\\/uploads\\\/2024\\\/08\\\/protsent.jpg\",\"width\":1015,\"height\":798},{\"@type\":\"BreadcrumbList\",\"@id\":\"https:\\\/\\\/vitraaz.ee\\\/fi\\\/toode\\\/soodusmuuk\\\/#breadcrumb\",\"itemListElement\":[{\"@type\":\"ListItem\",\"position\":1,\"name\":\"Home\",\"item\":\"https:\\\/\\\/vitraaz.ee\\\/fi\\\/\"},{\"@type\":\"ListItem\",\"position\":2,\"name\":\"Pood\",\"item\":\"https:\\\/\\\/vitraaz.ee\\\/pood\\\/\"},{\"@type\":\"ListItem\",\"position\":3,\"name\":\"SOODUSM\u00dc\u00dcK\"}]},{\"@type\":\"WebSite\",\"@id\":\"https:\\\/\\\/vitraaz.ee\\\/fi\\\/#website\",\"url\":\"https:\\\/\\\/vitraaz.ee\\\/fi\\\/\",\"name\":\"Vitraaz.ee\",\"description\":\"Klaasinterj&ouml;&ouml;r\",\"publisher\":{\"@id\":\"https:\\\/\\\/vitraaz.ee\\\/fi\\\/#organization\"},\"potentialAction\":[{\"@type\":\"SearchAction\",\"target\":{\"@type\":\"EntryPoint\",\"urlTemplate\":\"https:\\\/\\\/vitraaz.ee\\\/fi\\\/?s={search_term_string}\"},\"query-input\":{\"@type\":\"PropertyValueSpecification\",\"valueRequired\":true,\"valueName\":\"search_term_string\"}}],\"inLanguage\":\"fi\"},{\"@type\":\"Organization\",\"@id\":\"https:\\\/\\\/vitraaz.ee\\\/fi\\\/#organization\",\"name\":\"KLAASINTERJ\u00d6\u00d6R O\u00dc\",\"url\":\"https:\\\/\\\/vitraaz.ee\\\/fi\\\/\",\"logo\":{\"@type\":\"ImageObject\",\"inLanguage\":\"fi\",\"@id\":\"https:\\\/\\\/vitraaz.ee\\\/fi\\\/#\\\/schema\\\/logo\\\/image\\\/\",\"url\":\"https:\\\/\\\/vitraaz.ee\\\/wp-content\\\/uploads\\\/2022\\\/09\\\/logoKI.png\",\"contentUrl\":\"https:\\\/\\\/vitraaz.ee\\\/wp-content\\\/uploads\\\/2022\\\/09\\\/logoKI.png\",\"width\":1159,\"height\":458,\"caption\":\"KLAASINTERJ\u00d6\u00d6R O\u00dc\"},\"image\":{\"@id\":\"https:\\\/\\\/vitraaz.ee\\\/fi\\\/#\\\/schema\\\/logo\\\/image\\\/\"},\"sameAs\":[\"https:\\\/\\\/www.facebook.com\\\/Klaasinterjoor\"]}]}<\/script>\n<!-- \/ Yoast SEO plugin. -->","yoast_head_json":{"title":"SOODUSM\u00dc\u00dcK - Vitraaz.ee","robots":{"index":"index","follow":"follow","max-snippet":"max-snippet:-1","max-image-preview":"max-image-preview:large","max-video-preview":"max-video-preview:-1"},"canonical":"https:\/\/vitraaz.ee\/fi\/toode\/soodusmuuk\/","og_locale":"fi_FI","og_type":"article","og_title":"SOODUSM\u00dc\u00dcK - Vitraaz.ee","og_description":"Soodusm\u00fc\u00fck: siit leiad valiku kellasid, mis on meie stuudiosse pisut kauaks pidama j\u00e4\u00e4nud. Tahame need \u00e4ra m\u00fc\u00fca, et uuele loomingule ruumi teha. Leia galeriist oma lemmik ning lisa see rippmen\u00fc\u00fcst ostukorvi. Kelladel on vaikselt tiksuv mehhanism, pakendatud karpi, t\u00f6\u00f6tavad AA-t\u00fc\u00fcpi patareil. Veel soodsa hinnaga tooteid v\u00f5ib leida siit: SOODNE! Kell 1, 25\u00d725 Peegel ja must [&hellip;]","og_url":"https:\/\/vitraaz.ee\/fi\/toode\/soodusmuuk\/","og_site_name":"Vitraaz.ee","article_publisher":"https:\/\/www.facebook.com\/Klaasinterjoor","article_modified_time":"2024-09-05T11:00:19+00:00","og_image":[{"width":1015,"height":798,"url":"https:\/\/vitraaz.ee\/wp-content\/uploads\/2024\/08\/protsent.jpg","type":"image\/jpeg"}],"twitter_card":"summary_large_image","twitter_misc":{"Arvioitu lukuaika":"3 minuuttia"},"schema":{"@context":"https:\/\/schema.org","@graph":[{"@type":"WebPage","@id":"https:\/\/vitraaz.ee\/fi\/toode\/soodusmuuk\/","url":"https:\/\/vitraaz.ee\/fi\/toode\/soodusmuuk\/","name":"SOODUSM\u00dc\u00dcK - Vitraaz.ee","isPartOf":{"@id":"https:\/\/vitraaz.ee\/fi\/#website"},"primaryImageOfPage":{"@id":"https:\/\/vitraaz.ee\/fi\/toode\/soodusmuuk\/#primaryimage"},"image":{"@id":"https:\/\/vitraaz.ee\/fi\/toode\/soodusmuuk\/#primaryimage"},"thumbnailUrl":"https:\/\/vitraaz.ee\/wp-content\/uploads\/2024\/08\/protsent.jpg","datePublished":"2024-08-16T13:25:50+00:00","dateModified":"2024-09-05T11:00:19+00:00","breadcrumb":{"@id":"https:\/\/vitraaz.ee\/fi\/toode\/soodusmuuk\/#breadcrumb"},"inLanguage":"fi","potentialAction":[{"@type":"ReadAction","target":["https:\/\/vitraaz.ee\/fi\/toode\/soodusmuuk\/"]}]},{"@type":"ImageObject","inLanguage":"fi","@id":"https:\/\/vitraaz.ee\/fi\/toode\/soodusmuuk\/#primaryimage","url":"https:\/\/vitraaz.ee\/wp-content\/uploads\/2024\/08\/protsent.jpg","contentUrl":"https:\/\/vitraaz.ee\/wp-content\/uploads\/2024\/08\/protsent.jpg","width":1015,"height":798},{"@type":"BreadcrumbList","@id":"https:\/\/vitraaz.ee\/fi\/toode\/soodusmuuk\/#breadcrumb","itemListElement":[{"@type":"ListItem","position":1,"name":"Home","item":"https:\/\/vitraaz.ee\/fi\/"},{"@type":"ListItem","position":2,"name":"Pood","item":"https:\/\/vitraaz.ee\/pood\/"},{"@type":"ListItem","position":3,"name":"SOODUSM\u00dc\u00dcK"}]},{"@type":"WebSite","@id":"https:\/\/vitraaz.ee\/fi\/#website","url":"https:\/\/vitraaz.ee\/fi\/","name":"Vitraaz.ee","description":"Klaasinterj&ouml;&ouml;r","publisher":{"@id":"https:\/\/vitraaz.ee\/fi\/#organization"},"potentialAction":[{"@type":"SearchAction","target":{"@type":"EntryPoint","urlTemplate":"https:\/\/vitraaz.ee\/fi\/?s={search_term_string}"},"query-input":{"@type":"PropertyValueSpecification","valueRequired":true,"valueName":"search_term_string"}}],"inLanguage":"fi"},{"@type":"Organization","@id":"https:\/\/vitraaz.ee\/fi\/#organization","name":"KLAASINTERJ\u00d6\u00d6R O\u00dc","url":"https:\/\/vitraaz.ee\/fi\/","logo":{"@type":"ImageObject","inLanguage":"fi","@id":"https:\/\/vitraaz.ee\/fi\/#\/schema\/logo\/image\/","url":"https:\/\/vitraaz.ee\/wp-content\/uploads\/2022\/09\/logoKI.png","contentUrl":"https:\/\/vitraaz.ee\/wp-content\/uploads\/2022\/09\/logoKI.png","width":1159,"height":458,"caption":"KLAASINTERJ\u00d6\u00d6R O\u00dc"},"image":{"@id":"https:\/\/vitraaz.ee\/fi\/#\/schema\/logo\/image\/"},"sameAs":["https:\/\/www.facebook.com\/Klaasinterjoor"]}]}},"_links":{"self":[{"href":"https:\/\/vitraaz.ee\/fi\/wp-json\/wp\/v2\/product\/7054","targetHints":{"allow":["GET"]}}],"collection":[{"href":"https:\/\/vitraaz.ee\/fi\/wp-json\/wp\/v2\/product"}],"about":[{"href":"https:\/\/vitraaz.ee\/fi\/wp-json\/wp\/v2\/types\/product"}],"version-history":[{"count":0,"href":"https:\/\/vitraaz.ee\/fi\/wp-json\/wp\/v2\/product\/7054\/revisions"}],"wp:featuredmedia":[{"embeddable":true,"href":"https:\/\/vitraaz.ee\/fi\/wp-json\/wp\/v2\/media\/7061"}],"wp:attachment":[{"href":"https:\/\/vitraaz.ee\/fi\/wp-json\/wp\/v2\/media?parent=7054"}],"wp:term":[{"taxonomy":"product_brand","embeddable":true,"href":"https:\/\/vitraaz.ee\/fi\/wp-json\/wp\/v2\/product_brand?post=7054"},{"taxonomy":"product_cat","embeddable":true,"href":"https:\/\/vitraaz.ee\/fi\/wp-json\/wp\/v2\/product_cat?post=7054"},{"taxonomy":"product_tag","embeddable":true,"href":"https:\/\/vitraaz.ee\/fi\/wp-json\/wp\/v2\/product_tag?post=7054"}],"curies":[{"name":"wp","href":"https:\/\/api.w.org\/{rel}","templated":true}]}}