{"id":6961,"date":"2024-08-07T12:20:15","date_gmt":"2024-08-07T12:20:15","guid":{"rendered":"https:\/\/vitraaz.ee\/?post_type=product&#038;p=6961"},"modified":"2024-08-16T12:31:55","modified_gmt":"2024-08-16T12:31:55","slug":"klaasvaagen-moon","status":"publish","type":"product","link":"https:\/\/vitraaz.ee\/fi\/toode\/klaasvaagen-moon\/","title":{"rendered":"Klaasvaagen &#8221;Moon&#8221;"},"content":{"rendered":"<p>S\u00e4ravpunane klaasvaagen &#8221;Moon&#8221; on inspireeritud \u00f5rnast mooni\u00f5iest, mis lihtsalt sunnib pilku p\u00f6\u00f6rama. Teate ju k\u00fcll, kuidas mooni\u00f5itega \u00e4\u00e4ristatud p\u00f5llud suisa peatavad autosid ja kutsuvad pildistama. Erksav\u00e4rviline klaasvaagen on valmistatud l\u00e4bipaistvast punasest sulatusklaasist, millele on lisatud peoga musta klaasipuru. Ka kinkimiseks on &#8221;Moon&#8221; suurep\u00e4rane leid, sest selline v\u00e4rv ei j\u00e4ta k\u00fcll kedagi k\u00fclmaks. Lisaks on klaasvaagna t\u00fchjem serv lausa loodud graveeringute ja p\u00fchenduste jaoks, kui olete parasjagu kingituse otsinguil. Kui soovite lisada graveeringut, andke p\u00e4rast ostu sooritamist meile sellest m\u00e4rku, lisandub graveeringu hind 20\u20ac.<\/p>\n","protected":false},"excerpt":{"rendered":"<p>S\u00e4ravpunane klaasvaagen &#8221;Moon&#8221; on inspireeritud \u00f5rnast mooni\u00f5iest, mis lihtsalt sunnib pilku p\u00f6\u00f6rama. Teate ju k\u00fcll, kuidas mooni\u00f5itega \u00e4\u00e4ristatud p\u00f5llud suisa peatavad autosid ja kutsuvad pildistama. Erksav\u00e4rviline klaasvaagen on valmistatud l\u00e4bipaistvast punasest sulatusklaasist, millele on lisatud peoga musta klaasipuru. Ka kinkimiseks on &#8221;Moon&#8221; suurep\u00e4rane leid, sest selline v\u00e4rv ei j\u00e4ta k\u00fcll kedagi k\u00fclmaks. Lisaks on klaasvaagna [&hellip;]<\/p>\n","protected":false},"featured_media":6962,"template":"","meta":{"_acf_changed":false},"product_brand":[],"product_cat":[35],"product_tag":[],"class_list":{"0":"post-6961","1":"product","2":"type-product","3":"status-publish","4":"has-post-thumbnail","6":"product_cat-kingitused-ja-meened","8":"first","9":"instock","10":"taxable","11":"shipping-taxable","12":"purchasable","13":"product-type-simple"},"acf":[],"yoast_head":"<!-- This site is optimized with the Yoast SEO plugin v27.3 - https:\/\/yoast.com\/product\/yoast-seo-wordpress\/ -->\n<title>Klaasvaagen &#039;&#039;Moon&#039;&#039; - Vitraaz.ee<\/title>\n<meta name=\"description\" content=\"Kui armastad punast on klaasvaagen &#039;&#039;Moon&#039;&#039; just sinule loodud. Anna kodusele interj\u00f6\u00f6rile s\u00e4ra tugevate v\u00e4rvide ja h\u00e4sti valitud aksessuaaridaga.\" \/>\n<meta name=\"robots\" content=\"index, follow, max-snippet:-1, max-image-preview:large, max-video-preview:-1\" \/>\n<link rel=\"canonical\" href=\"https:\/\/vitraaz.ee\/fi\/toode\/klaasvaagen-moon\/\" \/>\n<meta property=\"og:locale\" content=\"fi_FI\" \/>\n<meta property=\"og:type\" content=\"article\" \/>\n<meta property=\"og:title\" content=\"Klaasvaagen &#039;&#039;Moon&#039;&#039; - Vitraaz.ee\" \/>\n<meta property=\"og:description\" content=\"Kui armastad punast on klaasvaagen &#039;&#039;Moon&#039;&#039; just sinule loodud. Anna kodusele interj\u00f6\u00f6rile s\u00e4ra tugevate v\u00e4rvide ja h\u00e4sti valitud aksessuaaridaga.\" \/>\n<meta property=\"og:url\" content=\"https:\/\/vitraaz.ee\/fi\/toode\/klaasvaagen-moon\/\" \/>\n<meta property=\"og:site_name\" content=\"Vitraaz.ee\" \/>\n<meta property=\"article:publisher\" content=\"https:\/\/www.facebook.com\/Klaasinterjoor\" \/>\n<meta property=\"article:modified_time\" content=\"2024-08-16T12:31:55+00:00\" \/>\n<meta property=\"og:image\" content=\"https:\/\/vitraaz.ee\/wp-content\/uploads\/2024\/08\/moon1.jpg\" \/>\n\t<meta property=\"og:image:width\" content=\"1200\" \/>\n\t<meta property=\"og:image:height\" content=\"798\" \/>\n\t<meta property=\"og:image:type\" content=\"image\/jpeg\" \/>\n<meta name=\"twitter:card\" content=\"summary_large_image\" \/>\n<meta name=\"twitter:label1\" content=\"Arvioitu lukuaika\" \/>\n\t<meta name=\"twitter:data1\" content=\"1 minuutti\" \/>\n<script type=\"application\/ld+json\" class=\"yoast-schema-graph\">{\"@context\":\"https:\\\/\\\/schema.org\",\"@graph\":[{\"@type\":\"WebPage\",\"@id\":\"https:\\\/\\\/vitraaz.ee\\\/fi\\\/toode\\\/klaasvaagen-moon\\\/\",\"url\":\"https:\\\/\\\/vitraaz.ee\\\/fi\\\/toode\\\/klaasvaagen-moon\\\/\",\"name\":\"Klaasvaagen ''Moon'' - Vitraaz.ee\",\"isPartOf\":{\"@id\":\"https:\\\/\\\/vitraaz.ee\\\/fi\\\/#website\"},\"primaryImageOfPage\":{\"@id\":\"https:\\\/\\\/vitraaz.ee\\\/fi\\\/toode\\\/klaasvaagen-moon\\\/#primaryimage\"},\"image\":{\"@id\":\"https:\\\/\\\/vitraaz.ee\\\/fi\\\/toode\\\/klaasvaagen-moon\\\/#primaryimage\"},\"thumbnailUrl\":\"https:\\\/\\\/vitraaz.ee\\\/wp-content\\\/uploads\\\/2024\\\/08\\\/moon1.jpg\",\"datePublished\":\"2024-08-07T12:20:15+00:00\",\"dateModified\":\"2024-08-16T12:31:55+00:00\",\"description\":\"Kui armastad punast on klaasvaagen ''Moon'' just sinule loodud. Anna kodusele interj\u00f6\u00f6rile s\u00e4ra tugevate v\u00e4rvide ja h\u00e4sti valitud aksessuaaridaga.\",\"breadcrumb\":{\"@id\":\"https:\\\/\\\/vitraaz.ee\\\/fi\\\/toode\\\/klaasvaagen-moon\\\/#breadcrumb\"},\"inLanguage\":\"fi\",\"potentialAction\":[{\"@type\":\"ReadAction\",\"target\":[\"https:\\\/\\\/vitraaz.ee\\\/fi\\\/toode\\\/klaasvaagen-moon\\\/\"]}]},{\"@type\":\"ImageObject\",\"inLanguage\":\"fi\",\"@id\":\"https:\\\/\\\/vitraaz.ee\\\/fi\\\/toode\\\/klaasvaagen-moon\\\/#primaryimage\",\"url\":\"https:\\\/\\\/vitraaz.ee\\\/wp-content\\\/uploads\\\/2024\\\/08\\\/moon1.jpg\",\"contentUrl\":\"https:\\\/\\\/vitraaz.ee\\\/wp-content\\\/uploads\\\/2024\\\/08\\\/moon1.jpg\",\"width\":1200,\"height\":798,\"caption\":\"Punane klaaas\"},{\"@type\":\"BreadcrumbList\",\"@id\":\"https:\\\/\\\/vitraaz.ee\\\/fi\\\/toode\\\/klaasvaagen-moon\\\/#breadcrumb\",\"itemListElement\":[{\"@type\":\"ListItem\",\"position\":1,\"name\":\"Home\",\"item\":\"https:\\\/\\\/vitraaz.ee\\\/fi\\\/\"},{\"@type\":\"ListItem\",\"position\":2,\"name\":\"Pood\",\"item\":\"https:\\\/\\\/vitraaz.ee\\\/pood\\\/\"},{\"@type\":\"ListItem\",\"position\":3,\"name\":\"Klaasvaagen &#8221;Moon&#8221;\"}]},{\"@type\":\"WebSite\",\"@id\":\"https:\\\/\\\/vitraaz.ee\\\/fi\\\/#website\",\"url\":\"https:\\\/\\\/vitraaz.ee\\\/fi\\\/\",\"name\":\"Vitraaz.ee\",\"description\":\"Klaasinterj&ouml;&ouml;r\",\"publisher\":{\"@id\":\"https:\\\/\\\/vitraaz.ee\\\/fi\\\/#organization\"},\"potentialAction\":[{\"@type\":\"SearchAction\",\"target\":{\"@type\":\"EntryPoint\",\"urlTemplate\":\"https:\\\/\\\/vitraaz.ee\\\/fi\\\/?s={search_term_string}\"},\"query-input\":{\"@type\":\"PropertyValueSpecification\",\"valueRequired\":true,\"valueName\":\"search_term_string\"}}],\"inLanguage\":\"fi\"},{\"@type\":\"Organization\",\"@id\":\"https:\\\/\\\/vitraaz.ee\\\/fi\\\/#organization\",\"name\":\"KLAASINTERJ\u00d6\u00d6R O\u00dc\",\"url\":\"https:\\\/\\\/vitraaz.ee\\\/fi\\\/\",\"logo\":{\"@type\":\"ImageObject\",\"inLanguage\":\"fi\",\"@id\":\"https:\\\/\\\/vitraaz.ee\\\/fi\\\/#\\\/schema\\\/logo\\\/image\\\/\",\"url\":\"https:\\\/\\\/vitraaz.ee\\\/wp-content\\\/uploads\\\/2022\\\/09\\\/logoKI.png\",\"contentUrl\":\"https:\\\/\\\/vitraaz.ee\\\/wp-content\\\/uploads\\\/2022\\\/09\\\/logoKI.png\",\"width\":1159,\"height\":458,\"caption\":\"KLAASINTERJ\u00d6\u00d6R O\u00dc\"},\"image\":{\"@id\":\"https:\\\/\\\/vitraaz.ee\\\/fi\\\/#\\\/schema\\\/logo\\\/image\\\/\"},\"sameAs\":[\"https:\\\/\\\/www.facebook.com\\\/Klaasinterjoor\"]}]}<\/script>\n<!-- \/ Yoast SEO plugin. -->","yoast_head_json":{"title":"Klaasvaagen ''Moon'' - Vitraaz.ee","description":"Kui armastad punast on klaasvaagen ''Moon'' just sinule loodud. Anna kodusele interj\u00f6\u00f6rile s\u00e4ra tugevate v\u00e4rvide ja h\u00e4sti valitud aksessuaaridaga.","robots":{"index":"index","follow":"follow","max-snippet":"max-snippet:-1","max-image-preview":"max-image-preview:large","max-video-preview":"max-video-preview:-1"},"canonical":"https:\/\/vitraaz.ee\/fi\/toode\/klaasvaagen-moon\/","og_locale":"fi_FI","og_type":"article","og_title":"Klaasvaagen ''Moon'' - Vitraaz.ee","og_description":"Kui armastad punast on klaasvaagen ''Moon'' just sinule loodud. Anna kodusele interj\u00f6\u00f6rile s\u00e4ra tugevate v\u00e4rvide ja h\u00e4sti valitud aksessuaaridaga.","og_url":"https:\/\/vitraaz.ee\/fi\/toode\/klaasvaagen-moon\/","og_site_name":"Vitraaz.ee","article_publisher":"https:\/\/www.facebook.com\/Klaasinterjoor","article_modified_time":"2024-08-16T12:31:55+00:00","og_image":[{"width":1200,"height":798,"url":"https:\/\/vitraaz.ee\/wp-content\/uploads\/2024\/08\/moon1.jpg","type":"image\/jpeg"}],"twitter_card":"summary_large_image","twitter_misc":{"Arvioitu lukuaika":"1 minuutti"},"schema":{"@context":"https:\/\/schema.org","@graph":[{"@type":"WebPage","@id":"https:\/\/vitraaz.ee\/fi\/toode\/klaasvaagen-moon\/","url":"https:\/\/vitraaz.ee\/fi\/toode\/klaasvaagen-moon\/","name":"Klaasvaagen ''Moon'' - Vitraaz.ee","isPartOf":{"@id":"https:\/\/vitraaz.ee\/fi\/#website"},"primaryImageOfPage":{"@id":"https:\/\/vitraaz.ee\/fi\/toode\/klaasvaagen-moon\/#primaryimage"},"image":{"@id":"https:\/\/vitraaz.ee\/fi\/toode\/klaasvaagen-moon\/#primaryimage"},"thumbnailUrl":"https:\/\/vitraaz.ee\/wp-content\/uploads\/2024\/08\/moon1.jpg","datePublished":"2024-08-07T12:20:15+00:00","dateModified":"2024-08-16T12:31:55+00:00","description":"Kui armastad punast on klaasvaagen ''Moon'' just sinule loodud. Anna kodusele interj\u00f6\u00f6rile s\u00e4ra tugevate v\u00e4rvide ja h\u00e4sti valitud aksessuaaridaga.","breadcrumb":{"@id":"https:\/\/vitraaz.ee\/fi\/toode\/klaasvaagen-moon\/#breadcrumb"},"inLanguage":"fi","potentialAction":[{"@type":"ReadAction","target":["https:\/\/vitraaz.ee\/fi\/toode\/klaasvaagen-moon\/"]}]},{"@type":"ImageObject","inLanguage":"fi","@id":"https:\/\/vitraaz.ee\/fi\/toode\/klaasvaagen-moon\/#primaryimage","url":"https:\/\/vitraaz.ee\/wp-content\/uploads\/2024\/08\/moon1.jpg","contentUrl":"https:\/\/vitraaz.ee\/wp-content\/uploads\/2024\/08\/moon1.jpg","width":1200,"height":798,"caption":"Punane klaaas"},{"@type":"BreadcrumbList","@id":"https:\/\/vitraaz.ee\/fi\/toode\/klaasvaagen-moon\/#breadcrumb","itemListElement":[{"@type":"ListItem","position":1,"name":"Home","item":"https:\/\/vitraaz.ee\/fi\/"},{"@type":"ListItem","position":2,"name":"Pood","item":"https:\/\/vitraaz.ee\/pood\/"},{"@type":"ListItem","position":3,"name":"Klaasvaagen &#8221;Moon&#8221;"}]},{"@type":"WebSite","@id":"https:\/\/vitraaz.ee\/fi\/#website","url":"https:\/\/vitraaz.ee\/fi\/","name":"Vitraaz.ee","description":"Klaasinterj&ouml;&ouml;r","publisher":{"@id":"https:\/\/vitraaz.ee\/fi\/#organization"},"potentialAction":[{"@type":"SearchAction","target":{"@type":"EntryPoint","urlTemplate":"https:\/\/vitraaz.ee\/fi\/?s={search_term_string}"},"query-input":{"@type":"PropertyValueSpecification","valueRequired":true,"valueName":"search_term_string"}}],"inLanguage":"fi"},{"@type":"Organization","@id":"https:\/\/vitraaz.ee\/fi\/#organization","name":"KLAASINTERJ\u00d6\u00d6R O\u00dc","url":"https:\/\/vitraaz.ee\/fi\/","logo":{"@type":"ImageObject","inLanguage":"fi","@id":"https:\/\/vitraaz.ee\/fi\/#\/schema\/logo\/image\/","url":"https:\/\/vitraaz.ee\/wp-content\/uploads\/2022\/09\/logoKI.png","contentUrl":"https:\/\/vitraaz.ee\/wp-content\/uploads\/2022\/09\/logoKI.png","width":1159,"height":458,"caption":"KLAASINTERJ\u00d6\u00d6R O\u00dc"},"image":{"@id":"https:\/\/vitraaz.ee\/fi\/#\/schema\/logo\/image\/"},"sameAs":["https:\/\/www.facebook.com\/Klaasinterjoor"]}]}},"_links":{"self":[{"href":"https:\/\/vitraaz.ee\/fi\/wp-json\/wp\/v2\/product\/6961","targetHints":{"allow":["GET"]}}],"collection":[{"href":"https:\/\/vitraaz.ee\/fi\/wp-json\/wp\/v2\/product"}],"about":[{"href":"https:\/\/vitraaz.ee\/fi\/wp-json\/wp\/v2\/types\/product"}],"version-history":[{"count":0,"href":"https:\/\/vitraaz.ee\/fi\/wp-json\/wp\/v2\/product\/6961\/revisions"}],"wp:featuredmedia":[{"embeddable":true,"href":"https:\/\/vitraaz.ee\/fi\/wp-json\/wp\/v2\/media\/6962"}],"wp:attachment":[{"href":"https:\/\/vitraaz.ee\/fi\/wp-json\/wp\/v2\/media?parent=6961"}],"wp:term":[{"taxonomy":"product_brand","embeddable":true,"href":"https:\/\/vitraaz.ee\/fi\/wp-json\/wp\/v2\/product_brand?post=6961"},{"taxonomy":"product_cat","embeddable":true,"href":"https:\/\/vitraaz.ee\/fi\/wp-json\/wp\/v2\/product_cat?post=6961"},{"taxonomy":"product_tag","embeddable":true,"href":"https:\/\/vitraaz.ee\/fi\/wp-json\/wp\/v2\/product_tag?post=6961"}],"curies":[{"name":"wp","href":"https:\/\/api.w.org\/{rel}","templated":true}]}}