{"id":6951,"date":"2024-08-07T11:42:14","date_gmt":"2024-08-07T11:42:14","guid":{"rendered":"https:\/\/vitraaz.ee\/?post_type=product&#038;p=6951"},"modified":"2024-08-07T11:45:25","modified_gmt":"2024-08-07T11:45:25","slug":"klaaskauss","status":"publish","type":"product","link":"https:\/\/vitraaz.ee\/fi\/toode\/klaaskauss\/","title":{"rendered":"Klaaskauss &#8221;Pesa&#8221;"},"content":{"rendered":"<p>Klaaskauss &#8221;Pesa&#8221; on valminud k\u00e4sit\u00f6\u00f6na Klaasinterj\u00f6\u00f6ri klaasistuudios. Klaaspulgakesi \u00fcksteisele asetades ja neid kokku sulatades ongi tekkinud r\u00f5\u00f5mus pesa. Klaasistuudio t\u00f6\u00f6 igap\u00e4evaseks peavaluks on klaasij\u00e4\u00e4gi tekkimine. Sulatusklaas on aga \u00e4\u00e4rmiselt hinnaline materjal, ning selle \u00e4raviskamine oleks t\u00f5eline raiskamine. Nii tuleb j\u00e4\u00e4kidele leida otstarve. \u00d5nneks on klaas niiv\u00f5rd t\u00e4nuv\u00e4\u00e4rne materjal, et lubab endast korduvalt vormida ja sulatada ja vajadusel isegi \u00fcmber sulatada. Ka pesa on valmistatud sulatusklaasi j\u00e4\u00e4kidest. Nii saame m\u00f5elda, et oleme natukenegi rohelised. Kasutatud on kirgast ja erinevaid kollaseid toone. &#8221;Pesa&#8221; serv on sakiline, nagu pesal olema peabki. Pesa v\u00f5ib olla hea leid kingituseks v\u00f5i iseendale meeler\u00f5\u00f5muks. Klaaskauss &#8221;Pesa&#8221; on l\u00e4bim\u00f5\u00f5duga 30 cm.\u00a0Kuna klaasij\u00e4\u00e4ke on meil igas v\u00e4rvitoonis, v\u00f5iks pesa olla ka sinine, roheline v\u00f5i punane. Kui sooviksid p\u00e4ris oma v\u00e4rvides &#8221;Pesa&#8221; tellida v\u00f5ta meiega \u00fchendust.<\/p>\n<p>&nbsp;<\/p>\n<p>&nbsp;<\/p>\n","protected":false},"excerpt":{"rendered":"<p>Klaaskauss &#8221;Pesa&#8221; on valminud k\u00e4sit\u00f6\u00f6na Klaasinterj\u00f6\u00f6ri klaasistuudios. Klaaspulgakesi \u00fcksteisele asetades ja neid kokku sulatades ongi tekkinud r\u00f5\u00f5mus pesa. Klaasistuudio t\u00f6\u00f6 igap\u00e4evaseks peavaluks on klaasij\u00e4\u00e4gi tekkimine. Sulatusklaas on aga \u00e4\u00e4rmiselt hinnaline materjal, ning selle \u00e4raviskamine oleks t\u00f5eline raiskamine. Nii tuleb j\u00e4\u00e4kidele leida otstarve. \u00d5nneks on klaas niiv\u00f5rd t\u00e4nuv\u00e4\u00e4rne materjal, et lubab endast korduvalt vormida ja sulatada [&hellip;]<\/p>\n","protected":false},"featured_media":6952,"template":"","meta":{"_acf_changed":false},"product_brand":[],"product_cat":[35],"product_tag":[],"class_list":{"0":"post-6951","1":"product","2":"type-product","3":"status-publish","4":"has-post-thumbnail","6":"product_cat-kingitused-ja-meened","8":"first","9":"instock","10":"taxable","11":"shipping-taxable","12":"purchasable","13":"product-type-simple"},"acf":[],"yoast_head":"<!-- This site is optimized with the Yoast SEO plugin v27.3 - https:\/\/yoast.com\/product\/yoast-seo-wordpress\/ -->\n<title>Klaaskauss &#039;&#039;Pesa&#039;&#039; - Vitraaz.ee<\/title>\n<meta name=\"description\" content=\"Klaaskauss &#039;&#039;Pesa&#039;&#039; on k\u00e4sit\u00f6\u00f6na valminud tore serveerimisalus. See v\u00f5ib olla m\u00f5nus pesa millele iganes: puuviljadele, lihav\u00f5ttemunadele v\u00f5i k\u00fcpsistele.\" \/>\n<meta name=\"robots\" content=\"index, follow, max-snippet:-1, max-image-preview:large, max-video-preview:-1\" \/>\n<link rel=\"canonical\" href=\"https:\/\/vitraaz.ee\/fi\/toode\/klaaskauss\/\" \/>\n<meta property=\"og:locale\" content=\"fi_FI\" \/>\n<meta property=\"og:type\" content=\"article\" \/>\n<meta property=\"og:title\" content=\"Klaaskauss &#039;&#039;Pesa&#039;&#039; - Vitraaz.ee\" \/>\n<meta property=\"og:description\" content=\"Klaaskauss &#039;&#039;Pesa&#039;&#039; on k\u00e4sit\u00f6\u00f6na valminud tore serveerimisalus. See v\u00f5ib olla m\u00f5nus pesa millele iganes: puuviljadele, lihav\u00f5ttemunadele v\u00f5i k\u00fcpsistele.\" \/>\n<meta property=\"og:url\" content=\"https:\/\/vitraaz.ee\/fi\/toode\/klaaskauss\/\" \/>\n<meta property=\"og:site_name\" content=\"Vitraaz.ee\" \/>\n<meta property=\"article:publisher\" content=\"https:\/\/www.facebook.com\/Klaasinterjoor\" \/>\n<meta property=\"article:modified_time\" content=\"2024-08-07T11:45:25+00:00\" \/>\n<meta property=\"og:image\" content=\"https:\/\/vitraaz.ee\/wp-content\/uploads\/2024\/08\/vgn-koll1.jpg\" \/>\n\t<meta property=\"og:image:width\" content=\"1222\" \/>\n\t<meta property=\"og:image:height\" content=\"798\" \/>\n\t<meta property=\"og:image:type\" content=\"image\/jpeg\" \/>\n<meta name=\"twitter:card\" content=\"summary_large_image\" \/>\n<meta name=\"twitter:label1\" content=\"Arvioitu lukuaika\" \/>\n\t<meta name=\"twitter:data1\" content=\"1 minuutti\" \/>\n<script type=\"application\/ld+json\" class=\"yoast-schema-graph\">{\"@context\":\"https:\\\/\\\/schema.org\",\"@graph\":[{\"@type\":\"WebPage\",\"@id\":\"https:\\\/\\\/vitraaz.ee\\\/fi\\\/toode\\\/klaaskauss\\\/\",\"url\":\"https:\\\/\\\/vitraaz.ee\\\/fi\\\/toode\\\/klaaskauss\\\/\",\"name\":\"Klaaskauss ''Pesa'' - Vitraaz.ee\",\"isPartOf\":{\"@id\":\"https:\\\/\\\/vitraaz.ee\\\/fi\\\/#website\"},\"primaryImageOfPage\":{\"@id\":\"https:\\\/\\\/vitraaz.ee\\\/fi\\\/toode\\\/klaaskauss\\\/#primaryimage\"},\"image\":{\"@id\":\"https:\\\/\\\/vitraaz.ee\\\/fi\\\/toode\\\/klaaskauss\\\/#primaryimage\"},\"thumbnailUrl\":\"https:\\\/\\\/vitraaz.ee\\\/wp-content\\\/uploads\\\/2024\\\/08\\\/vgn-koll1.jpg\",\"datePublished\":\"2024-08-07T11:42:14+00:00\",\"dateModified\":\"2024-08-07T11:45:25+00:00\",\"description\":\"Klaaskauss ''Pesa'' on k\u00e4sit\u00f6\u00f6na valminud tore serveerimisalus. See v\u00f5ib olla m\u00f5nus pesa millele iganes: puuviljadele, lihav\u00f5ttemunadele v\u00f5i k\u00fcpsistele.\",\"breadcrumb\":{\"@id\":\"https:\\\/\\\/vitraaz.ee\\\/fi\\\/toode\\\/klaaskauss\\\/#breadcrumb\"},\"inLanguage\":\"fi\",\"potentialAction\":[{\"@type\":\"ReadAction\",\"target\":[\"https:\\\/\\\/vitraaz.ee\\\/fi\\\/toode\\\/klaaskauss\\\/\"]}]},{\"@type\":\"ImageObject\",\"inLanguage\":\"fi\",\"@id\":\"https:\\\/\\\/vitraaz.ee\\\/fi\\\/toode\\\/klaaskauss\\\/#primaryimage\",\"url\":\"https:\\\/\\\/vitraaz.ee\\\/wp-content\\\/uploads\\\/2024\\\/08\\\/vgn-koll1.jpg\",\"contentUrl\":\"https:\\\/\\\/vitraaz.ee\\\/wp-content\\\/uploads\\\/2024\\\/08\\\/vgn-koll1.jpg\",\"width\":1222,\"height\":798,\"caption\":\"Kollane kauss\"},{\"@type\":\"BreadcrumbList\",\"@id\":\"https:\\\/\\\/vitraaz.ee\\\/fi\\\/toode\\\/klaaskauss\\\/#breadcrumb\",\"itemListElement\":[{\"@type\":\"ListItem\",\"position\":1,\"name\":\"Home\",\"item\":\"https:\\\/\\\/vitraaz.ee\\\/fi\\\/\"},{\"@type\":\"ListItem\",\"position\":2,\"name\":\"Pood\",\"item\":\"https:\\\/\\\/vitraaz.ee\\\/pood\\\/\"},{\"@type\":\"ListItem\",\"position\":3,\"name\":\"Klaaskauss &#8221;Pesa&#8221;\"}]},{\"@type\":\"WebSite\",\"@id\":\"https:\\\/\\\/vitraaz.ee\\\/fi\\\/#website\",\"url\":\"https:\\\/\\\/vitraaz.ee\\\/fi\\\/\",\"name\":\"Vitraaz.ee\",\"description\":\"Klaasinterj&ouml;&ouml;r\",\"publisher\":{\"@id\":\"https:\\\/\\\/vitraaz.ee\\\/fi\\\/#organization\"},\"potentialAction\":[{\"@type\":\"SearchAction\",\"target\":{\"@type\":\"EntryPoint\",\"urlTemplate\":\"https:\\\/\\\/vitraaz.ee\\\/fi\\\/?s={search_term_string}\"},\"query-input\":{\"@type\":\"PropertyValueSpecification\",\"valueRequired\":true,\"valueName\":\"search_term_string\"}}],\"inLanguage\":\"fi\"},{\"@type\":\"Organization\",\"@id\":\"https:\\\/\\\/vitraaz.ee\\\/fi\\\/#organization\",\"name\":\"KLAASINTERJ\u00d6\u00d6R O\u00dc\",\"url\":\"https:\\\/\\\/vitraaz.ee\\\/fi\\\/\",\"logo\":{\"@type\":\"ImageObject\",\"inLanguage\":\"fi\",\"@id\":\"https:\\\/\\\/vitraaz.ee\\\/fi\\\/#\\\/schema\\\/logo\\\/image\\\/\",\"url\":\"https:\\\/\\\/vitraaz.ee\\\/wp-content\\\/uploads\\\/2022\\\/09\\\/logoKI.png\",\"contentUrl\":\"https:\\\/\\\/vitraaz.ee\\\/wp-content\\\/uploads\\\/2022\\\/09\\\/logoKI.png\",\"width\":1159,\"height\":458,\"caption\":\"KLAASINTERJ\u00d6\u00d6R O\u00dc\"},\"image\":{\"@id\":\"https:\\\/\\\/vitraaz.ee\\\/fi\\\/#\\\/schema\\\/logo\\\/image\\\/\"},\"sameAs\":[\"https:\\\/\\\/www.facebook.com\\\/Klaasinterjoor\"]}]}<\/script>\n<!-- \/ Yoast SEO plugin. -->","yoast_head_json":{"title":"Klaaskauss ''Pesa'' - Vitraaz.ee","description":"Klaaskauss ''Pesa'' on k\u00e4sit\u00f6\u00f6na valminud tore serveerimisalus. See v\u00f5ib olla m\u00f5nus pesa millele iganes: puuviljadele, lihav\u00f5ttemunadele v\u00f5i k\u00fcpsistele.","robots":{"index":"index","follow":"follow","max-snippet":"max-snippet:-1","max-image-preview":"max-image-preview:large","max-video-preview":"max-video-preview:-1"},"canonical":"https:\/\/vitraaz.ee\/fi\/toode\/klaaskauss\/","og_locale":"fi_FI","og_type":"article","og_title":"Klaaskauss ''Pesa'' - Vitraaz.ee","og_description":"Klaaskauss ''Pesa'' on k\u00e4sit\u00f6\u00f6na valminud tore serveerimisalus. See v\u00f5ib olla m\u00f5nus pesa millele iganes: puuviljadele, lihav\u00f5ttemunadele v\u00f5i k\u00fcpsistele.","og_url":"https:\/\/vitraaz.ee\/fi\/toode\/klaaskauss\/","og_site_name":"Vitraaz.ee","article_publisher":"https:\/\/www.facebook.com\/Klaasinterjoor","article_modified_time":"2024-08-07T11:45:25+00:00","og_image":[{"width":1222,"height":798,"url":"https:\/\/vitraaz.ee\/wp-content\/uploads\/2024\/08\/vgn-koll1.jpg","type":"image\/jpeg"}],"twitter_card":"summary_large_image","twitter_misc":{"Arvioitu lukuaika":"1 minuutti"},"schema":{"@context":"https:\/\/schema.org","@graph":[{"@type":"WebPage","@id":"https:\/\/vitraaz.ee\/fi\/toode\/klaaskauss\/","url":"https:\/\/vitraaz.ee\/fi\/toode\/klaaskauss\/","name":"Klaaskauss ''Pesa'' - Vitraaz.ee","isPartOf":{"@id":"https:\/\/vitraaz.ee\/fi\/#website"},"primaryImageOfPage":{"@id":"https:\/\/vitraaz.ee\/fi\/toode\/klaaskauss\/#primaryimage"},"image":{"@id":"https:\/\/vitraaz.ee\/fi\/toode\/klaaskauss\/#primaryimage"},"thumbnailUrl":"https:\/\/vitraaz.ee\/wp-content\/uploads\/2024\/08\/vgn-koll1.jpg","datePublished":"2024-08-07T11:42:14+00:00","dateModified":"2024-08-07T11:45:25+00:00","description":"Klaaskauss ''Pesa'' on k\u00e4sit\u00f6\u00f6na valminud tore serveerimisalus. See v\u00f5ib olla m\u00f5nus pesa millele iganes: puuviljadele, lihav\u00f5ttemunadele v\u00f5i k\u00fcpsistele.","breadcrumb":{"@id":"https:\/\/vitraaz.ee\/fi\/toode\/klaaskauss\/#breadcrumb"},"inLanguage":"fi","potentialAction":[{"@type":"ReadAction","target":["https:\/\/vitraaz.ee\/fi\/toode\/klaaskauss\/"]}]},{"@type":"ImageObject","inLanguage":"fi","@id":"https:\/\/vitraaz.ee\/fi\/toode\/klaaskauss\/#primaryimage","url":"https:\/\/vitraaz.ee\/wp-content\/uploads\/2024\/08\/vgn-koll1.jpg","contentUrl":"https:\/\/vitraaz.ee\/wp-content\/uploads\/2024\/08\/vgn-koll1.jpg","width":1222,"height":798,"caption":"Kollane kauss"},{"@type":"BreadcrumbList","@id":"https:\/\/vitraaz.ee\/fi\/toode\/klaaskauss\/#breadcrumb","itemListElement":[{"@type":"ListItem","position":1,"name":"Home","item":"https:\/\/vitraaz.ee\/fi\/"},{"@type":"ListItem","position":2,"name":"Pood","item":"https:\/\/vitraaz.ee\/pood\/"},{"@type":"ListItem","position":3,"name":"Klaaskauss &#8221;Pesa&#8221;"}]},{"@type":"WebSite","@id":"https:\/\/vitraaz.ee\/fi\/#website","url":"https:\/\/vitraaz.ee\/fi\/","name":"Vitraaz.ee","description":"Klaasinterj&ouml;&ouml;r","publisher":{"@id":"https:\/\/vitraaz.ee\/fi\/#organization"},"potentialAction":[{"@type":"SearchAction","target":{"@type":"EntryPoint","urlTemplate":"https:\/\/vitraaz.ee\/fi\/?s={search_term_string}"},"query-input":{"@type":"PropertyValueSpecification","valueRequired":true,"valueName":"search_term_string"}}],"inLanguage":"fi"},{"@type":"Organization","@id":"https:\/\/vitraaz.ee\/fi\/#organization","name":"KLAASINTERJ\u00d6\u00d6R O\u00dc","url":"https:\/\/vitraaz.ee\/fi\/","logo":{"@type":"ImageObject","inLanguage":"fi","@id":"https:\/\/vitraaz.ee\/fi\/#\/schema\/logo\/image\/","url":"https:\/\/vitraaz.ee\/wp-content\/uploads\/2022\/09\/logoKI.png","contentUrl":"https:\/\/vitraaz.ee\/wp-content\/uploads\/2022\/09\/logoKI.png","width":1159,"height":458,"caption":"KLAASINTERJ\u00d6\u00d6R O\u00dc"},"image":{"@id":"https:\/\/vitraaz.ee\/fi\/#\/schema\/logo\/image\/"},"sameAs":["https:\/\/www.facebook.com\/Klaasinterjoor"]}]}},"_links":{"self":[{"href":"https:\/\/vitraaz.ee\/fi\/wp-json\/wp\/v2\/product\/6951","targetHints":{"allow":["GET"]}}],"collection":[{"href":"https:\/\/vitraaz.ee\/fi\/wp-json\/wp\/v2\/product"}],"about":[{"href":"https:\/\/vitraaz.ee\/fi\/wp-json\/wp\/v2\/types\/product"}],"version-history":[{"count":0,"href":"https:\/\/vitraaz.ee\/fi\/wp-json\/wp\/v2\/product\/6951\/revisions"}],"wp:featuredmedia":[{"embeddable":true,"href":"https:\/\/vitraaz.ee\/fi\/wp-json\/wp\/v2\/media\/6952"}],"wp:attachment":[{"href":"https:\/\/vitraaz.ee\/fi\/wp-json\/wp\/v2\/media?parent=6951"}],"wp:term":[{"taxonomy":"product_brand","embeddable":true,"href":"https:\/\/vitraaz.ee\/fi\/wp-json\/wp\/v2\/product_brand?post=6951"},{"taxonomy":"product_cat","embeddable":true,"href":"https:\/\/vitraaz.ee\/fi\/wp-json\/wp\/v2\/product_cat?post=6951"},{"taxonomy":"product_tag","embeddable":true,"href":"https:\/\/vitraaz.ee\/fi\/wp-json\/wp\/v2\/product_tag?post=6951"}],"curies":[{"name":"wp","href":"https:\/\/api.w.org\/{rel}","templated":true}]}}