{"id":6949,"date":"2024-08-07T11:06:45","date_gmt":"2024-08-07T11:06:45","guid":{"rendered":"https:\/\/vitraaz.ee\/?post_type=product&#038;p=6949"},"modified":"2025-04-11T12:39:24","modified_gmt":"2025-04-11T12:39:24","slug":"klaasist-meene","status":"publish","type":"product","link":"https:\/\/vitraaz.ee\/fi\/toode\/klaasist-meene\/","title":{"rendered":"Klaasist meene"},"content":{"rendered":"<p>See paksust klaasist meene v\u00f5ib olla leid just sinu \u00fcrituse jaoks. Tegu on toorikuga, millele saab graveerida tekste v\u00f5i logosid. Ehk on teil tulemas spordiv\u00f5istlus v\u00f5i t\u00e4natakse parimat kolleegi? Kirkast klaasist toorik on piisavalt v\u00e4\u00e4rikas ja lihtsa vormiga, sobides auhinnaks v\u00f5i kingituseks v\u00e4ga erinevate s\u00fcndmuste korral. Klaasist meene on 12x12x2,5 cm. Kuubik on piisavalt paks, et iseseisvalt p\u00fcsti p\u00fcsida. Klaasi massis on toredad mullid, mis kuubikule elu lisavad. Ostu sooritamisel lisa lahtrisse M\u00c4RKUSED TELLIMUSE KOHTA tekst, mida sooviksid oma meenel n\u00e4ha. Kui soovite t\u00e4psemalt kokku leppida kujunduse ja nt saata meile logo, saab peale ostu sooritamist meile saata e-kirja aadressile info@vitraaz.ee. Kuna toorikule tekstide tegemine v\u00f5tab pisut aega, arvestada t\u00f6\u00f6 valmimise ajaks v\u00e4hemalt kolm t\u00f6\u00f6p\u00e4eva.\u00a0Klaasinterj\u00f6\u00f6ri klaasistuudios kanname tekstid ja logod klaasile liivapritsi abil. Tekst j\u00e4\u00e4b hele.<\/p>\n","protected":false},"excerpt":{"rendered":"<p>See paksust klaasist meene v\u00f5ib olla leid just sinu \u00fcrituse jaoks. Tegu on toorikuga, millele saab graveerida tekste v\u00f5i logosid. Ehk on teil tulemas spordiv\u00f5istlus v\u00f5i t\u00e4natakse parimat kolleegi? Kirkast klaasist toorik on piisavalt v\u00e4\u00e4rikas ja lihtsa vormiga, sobides auhinnaks v\u00f5i kingituseks v\u00e4ga erinevate s\u00fcndmuste korral. Klaasist meene on 12x12x2,5 cm. Kuubik on piisavalt paks, [&hellip;]<\/p>\n","protected":false},"featured_media":6780,"template":"","meta":{"_acf_changed":false},"product_brand":[],"product_cat":[38],"product_tag":[],"class_list":{"0":"post-6949","1":"product","2":"type-product","3":"status-publish","4":"has-post-thumbnail","6":"product_cat-auhinnad","8":"first","9":"outofstock","10":"taxable","11":"shipping-taxable","12":"purchasable","13":"product-type-simple"},"acf":[],"yoast_head":"<!-- This site is optimized with the Yoast SEO plugin v27.3 - https:\/\/yoast.com\/product\/yoast-seo-wordpress\/ -->\n<title>Klaasist meene - Vitraaz.ee<\/title>\n<meta name=\"description\" content=\"Kirkast mullidega klaasist meene sobib sinu \u00fcritusele auhinnaks v\u00f5i t\u00e4nukingituseks. Lisada tuleb vaid graveering ning meene ongi valimis!\" \/>\n<meta name=\"robots\" content=\"index, follow, max-snippet:-1, max-image-preview:large, max-video-preview:-1\" \/>\n<link rel=\"canonical\" href=\"https:\/\/vitraaz.ee\/fi\/toode\/klaasist-meene\/\" \/>\n<meta property=\"og:locale\" content=\"fi_FI\" \/>\n<meta property=\"og:type\" content=\"article\" \/>\n<meta property=\"og:title\" content=\"Klaasist meene - Vitraaz.ee\" \/>\n<meta property=\"og:description\" content=\"Kirkast mullidega klaasist meene sobib sinu \u00fcritusele auhinnaks v\u00f5i t\u00e4nukingituseks. Lisada tuleb vaid graveering ning meene ongi valimis!\" \/>\n<meta property=\"og:url\" content=\"https:\/\/vitraaz.ee\/fi\/toode\/klaasist-meene\/\" \/>\n<meta property=\"og:site_name\" content=\"Vitraaz.ee\" \/>\n<meta property=\"article:publisher\" content=\"https:\/\/www.facebook.com\/Klaasinterjoor\" \/>\n<meta property=\"article:modified_time\" content=\"2025-04-11T12:39:24+00:00\" \/>\n<meta property=\"og:image\" content=\"https:\/\/vitraaz.ee\/wp-content\/uploads\/2024\/07\/kuups1-scaled.jpg\" \/>\n\t<meta property=\"og:image:width\" content=\"2560\" \/>\n\t<meta property=\"og:image:height\" content=\"1663\" \/>\n\t<meta property=\"og:image:type\" content=\"image\/jpeg\" \/>\n<meta name=\"twitter:card\" content=\"summary_large_image\" \/>\n<meta name=\"twitter:label1\" content=\"Arvioitu lukuaika\" \/>\n\t<meta name=\"twitter:data1\" content=\"1 minuutti\" \/>\n<script type=\"application\/ld+json\" class=\"yoast-schema-graph\">{\"@context\":\"https:\\\/\\\/schema.org\",\"@graph\":[{\"@type\":\"WebPage\",\"@id\":\"https:\\\/\\\/vitraaz.ee\\\/fi\\\/toode\\\/klaasist-meene\\\/\",\"url\":\"https:\\\/\\\/vitraaz.ee\\\/fi\\\/toode\\\/klaasist-meene\\\/\",\"name\":\"Klaasist meene - Vitraaz.ee\",\"isPartOf\":{\"@id\":\"https:\\\/\\\/vitraaz.ee\\\/fi\\\/#website\"},\"primaryImageOfPage\":{\"@id\":\"https:\\\/\\\/vitraaz.ee\\\/fi\\\/toode\\\/klaasist-meene\\\/#primaryimage\"},\"image\":{\"@id\":\"https:\\\/\\\/vitraaz.ee\\\/fi\\\/toode\\\/klaasist-meene\\\/#primaryimage\"},\"thumbnailUrl\":\"https:\\\/\\\/vitraaz.ee\\\/wp-content\\\/uploads\\\/2024\\\/07\\\/kuups1-scaled.jpg\",\"datePublished\":\"2024-08-07T11:06:45+00:00\",\"dateModified\":\"2025-04-11T12:39:24+00:00\",\"description\":\"Kirkast mullidega klaasist meene sobib sinu \u00fcritusele auhinnaks v\u00f5i t\u00e4nukingituseks. Lisada tuleb vaid graveering ning meene ongi valimis!\",\"breadcrumb\":{\"@id\":\"https:\\\/\\\/vitraaz.ee\\\/fi\\\/toode\\\/klaasist-meene\\\/#breadcrumb\"},\"inLanguage\":\"fi\",\"potentialAction\":[{\"@type\":\"ReadAction\",\"target\":[\"https:\\\/\\\/vitraaz.ee\\\/fi\\\/toode\\\/klaasist-meene\\\/\"]}]},{\"@type\":\"ImageObject\",\"inLanguage\":\"fi\",\"@id\":\"https:\\\/\\\/vitraaz.ee\\\/fi\\\/toode\\\/klaasist-meene\\\/#primaryimage\",\"url\":\"https:\\\/\\\/vitraaz.ee\\\/wp-content\\\/uploads\\\/2024\\\/07\\\/kuups1-scaled.jpg\",\"contentUrl\":\"https:\\\/\\\/vitraaz.ee\\\/wp-content\\\/uploads\\\/2024\\\/07\\\/kuups1-scaled.jpg\",\"width\":2560,\"height\":1663},{\"@type\":\"BreadcrumbList\",\"@id\":\"https:\\\/\\\/vitraaz.ee\\\/fi\\\/toode\\\/klaasist-meene\\\/#breadcrumb\",\"itemListElement\":[{\"@type\":\"ListItem\",\"position\":1,\"name\":\"Home\",\"item\":\"https:\\\/\\\/vitraaz.ee\\\/fi\\\/\"},{\"@type\":\"ListItem\",\"position\":2,\"name\":\"Pood\",\"item\":\"https:\\\/\\\/vitraaz.ee\\\/pood\\\/\"},{\"@type\":\"ListItem\",\"position\":3,\"name\":\"Klaasist meene\"}]},{\"@type\":\"WebSite\",\"@id\":\"https:\\\/\\\/vitraaz.ee\\\/fi\\\/#website\",\"url\":\"https:\\\/\\\/vitraaz.ee\\\/fi\\\/\",\"name\":\"Vitraaz.ee\",\"description\":\"Klaasinterj&ouml;&ouml;r\",\"publisher\":{\"@id\":\"https:\\\/\\\/vitraaz.ee\\\/fi\\\/#organization\"},\"potentialAction\":[{\"@type\":\"SearchAction\",\"target\":{\"@type\":\"EntryPoint\",\"urlTemplate\":\"https:\\\/\\\/vitraaz.ee\\\/fi\\\/?s={search_term_string}\"},\"query-input\":{\"@type\":\"PropertyValueSpecification\",\"valueRequired\":true,\"valueName\":\"search_term_string\"}}],\"inLanguage\":\"fi\"},{\"@type\":\"Organization\",\"@id\":\"https:\\\/\\\/vitraaz.ee\\\/fi\\\/#organization\",\"name\":\"KLAASINTERJ\u00d6\u00d6R O\u00dc\",\"url\":\"https:\\\/\\\/vitraaz.ee\\\/fi\\\/\",\"logo\":{\"@type\":\"ImageObject\",\"inLanguage\":\"fi\",\"@id\":\"https:\\\/\\\/vitraaz.ee\\\/fi\\\/#\\\/schema\\\/logo\\\/image\\\/\",\"url\":\"https:\\\/\\\/vitraaz.ee\\\/wp-content\\\/uploads\\\/2022\\\/09\\\/logoKI.png\",\"contentUrl\":\"https:\\\/\\\/vitraaz.ee\\\/wp-content\\\/uploads\\\/2022\\\/09\\\/logoKI.png\",\"width\":1159,\"height\":458,\"caption\":\"KLAASINTERJ\u00d6\u00d6R O\u00dc\"},\"image\":{\"@id\":\"https:\\\/\\\/vitraaz.ee\\\/fi\\\/#\\\/schema\\\/logo\\\/image\\\/\"},\"sameAs\":[\"https:\\\/\\\/www.facebook.com\\\/Klaasinterjoor\"]}]}<\/script>\n<!-- \/ Yoast SEO plugin. -->","yoast_head_json":{"title":"Klaasist meene - Vitraaz.ee","description":"Kirkast mullidega klaasist meene sobib sinu \u00fcritusele auhinnaks v\u00f5i t\u00e4nukingituseks. Lisada tuleb vaid graveering ning meene ongi valimis!","robots":{"index":"index","follow":"follow","max-snippet":"max-snippet:-1","max-image-preview":"max-image-preview:large","max-video-preview":"max-video-preview:-1"},"canonical":"https:\/\/vitraaz.ee\/fi\/toode\/klaasist-meene\/","og_locale":"fi_FI","og_type":"article","og_title":"Klaasist meene - Vitraaz.ee","og_description":"Kirkast mullidega klaasist meene sobib sinu \u00fcritusele auhinnaks v\u00f5i t\u00e4nukingituseks. Lisada tuleb vaid graveering ning meene ongi valimis!","og_url":"https:\/\/vitraaz.ee\/fi\/toode\/klaasist-meene\/","og_site_name":"Vitraaz.ee","article_publisher":"https:\/\/www.facebook.com\/Klaasinterjoor","article_modified_time":"2025-04-11T12:39:24+00:00","og_image":[{"width":2560,"height":1663,"url":"https:\/\/vitraaz.ee\/wp-content\/uploads\/2024\/07\/kuups1-scaled.jpg","type":"image\/jpeg"}],"twitter_card":"summary_large_image","twitter_misc":{"Arvioitu lukuaika":"1 minuutti"},"schema":{"@context":"https:\/\/schema.org","@graph":[{"@type":"WebPage","@id":"https:\/\/vitraaz.ee\/fi\/toode\/klaasist-meene\/","url":"https:\/\/vitraaz.ee\/fi\/toode\/klaasist-meene\/","name":"Klaasist meene - Vitraaz.ee","isPartOf":{"@id":"https:\/\/vitraaz.ee\/fi\/#website"},"primaryImageOfPage":{"@id":"https:\/\/vitraaz.ee\/fi\/toode\/klaasist-meene\/#primaryimage"},"image":{"@id":"https:\/\/vitraaz.ee\/fi\/toode\/klaasist-meene\/#primaryimage"},"thumbnailUrl":"https:\/\/vitraaz.ee\/wp-content\/uploads\/2024\/07\/kuups1-scaled.jpg","datePublished":"2024-08-07T11:06:45+00:00","dateModified":"2025-04-11T12:39:24+00:00","description":"Kirkast mullidega klaasist meene sobib sinu \u00fcritusele auhinnaks v\u00f5i t\u00e4nukingituseks. Lisada tuleb vaid graveering ning meene ongi valimis!","breadcrumb":{"@id":"https:\/\/vitraaz.ee\/fi\/toode\/klaasist-meene\/#breadcrumb"},"inLanguage":"fi","potentialAction":[{"@type":"ReadAction","target":["https:\/\/vitraaz.ee\/fi\/toode\/klaasist-meene\/"]}]},{"@type":"ImageObject","inLanguage":"fi","@id":"https:\/\/vitraaz.ee\/fi\/toode\/klaasist-meene\/#primaryimage","url":"https:\/\/vitraaz.ee\/wp-content\/uploads\/2024\/07\/kuups1-scaled.jpg","contentUrl":"https:\/\/vitraaz.ee\/wp-content\/uploads\/2024\/07\/kuups1-scaled.jpg","width":2560,"height":1663},{"@type":"BreadcrumbList","@id":"https:\/\/vitraaz.ee\/fi\/toode\/klaasist-meene\/#breadcrumb","itemListElement":[{"@type":"ListItem","position":1,"name":"Home","item":"https:\/\/vitraaz.ee\/fi\/"},{"@type":"ListItem","position":2,"name":"Pood","item":"https:\/\/vitraaz.ee\/pood\/"},{"@type":"ListItem","position":3,"name":"Klaasist meene"}]},{"@type":"WebSite","@id":"https:\/\/vitraaz.ee\/fi\/#website","url":"https:\/\/vitraaz.ee\/fi\/","name":"Vitraaz.ee","description":"Klaasinterj&ouml;&ouml;r","publisher":{"@id":"https:\/\/vitraaz.ee\/fi\/#organization"},"potentialAction":[{"@type":"SearchAction","target":{"@type":"EntryPoint","urlTemplate":"https:\/\/vitraaz.ee\/fi\/?s={search_term_string}"},"query-input":{"@type":"PropertyValueSpecification","valueRequired":true,"valueName":"search_term_string"}}],"inLanguage":"fi"},{"@type":"Organization","@id":"https:\/\/vitraaz.ee\/fi\/#organization","name":"KLAASINTERJ\u00d6\u00d6R O\u00dc","url":"https:\/\/vitraaz.ee\/fi\/","logo":{"@type":"ImageObject","inLanguage":"fi","@id":"https:\/\/vitraaz.ee\/fi\/#\/schema\/logo\/image\/","url":"https:\/\/vitraaz.ee\/wp-content\/uploads\/2022\/09\/logoKI.png","contentUrl":"https:\/\/vitraaz.ee\/wp-content\/uploads\/2022\/09\/logoKI.png","width":1159,"height":458,"caption":"KLAASINTERJ\u00d6\u00d6R O\u00dc"},"image":{"@id":"https:\/\/vitraaz.ee\/fi\/#\/schema\/logo\/image\/"},"sameAs":["https:\/\/www.facebook.com\/Klaasinterjoor"]}]}},"_links":{"self":[{"href":"https:\/\/vitraaz.ee\/fi\/wp-json\/wp\/v2\/product\/6949","targetHints":{"allow":["GET"]}}],"collection":[{"href":"https:\/\/vitraaz.ee\/fi\/wp-json\/wp\/v2\/product"}],"about":[{"href":"https:\/\/vitraaz.ee\/fi\/wp-json\/wp\/v2\/types\/product"}],"version-history":[{"count":1,"href":"https:\/\/vitraaz.ee\/fi\/wp-json\/wp\/v2\/product\/6949\/revisions"}],"predecessor-version":[{"id":8567,"href":"https:\/\/vitraaz.ee\/fi\/wp-json\/wp\/v2\/product\/6949\/revisions\/8567"}],"wp:featuredmedia":[{"embeddable":true,"href":"https:\/\/vitraaz.ee\/fi\/wp-json\/wp\/v2\/media\/6780"}],"wp:attachment":[{"href":"https:\/\/vitraaz.ee\/fi\/wp-json\/wp\/v2\/media?parent=6949"}],"wp:term":[{"taxonomy":"product_brand","embeddable":true,"href":"https:\/\/vitraaz.ee\/fi\/wp-json\/wp\/v2\/product_brand?post=6949"},{"taxonomy":"product_cat","embeddable":true,"href":"https:\/\/vitraaz.ee\/fi\/wp-json\/wp\/v2\/product_cat?post=6949"},{"taxonomy":"product_tag","embeddable":true,"href":"https:\/\/vitraaz.ee\/fi\/wp-json\/wp\/v2\/product_tag?post=6949"}],"curies":[{"name":"wp","href":"https:\/\/api.w.org\/{rel}","templated":true}]}}