{"id":6939,"date":"2024-08-07T09:33:14","date_gmt":"2024-08-07T09:33:14","guid":{"rendered":"https:\/\/vitraaz.ee\/?post_type=product&#038;p=6939"},"modified":"2025-04-09T12:39:15","modified_gmt":"2025-04-09T12:39:15","slug":"kauss","status":"publish","type":"product","link":"https:\/\/vitraaz.ee\/fi\/toode\/kauss\/","title":{"rendered":"Kauss"},"content":{"rendered":"<p>Vaba vormiga kauss on \u00f5rna bee\u017eikasroosa tooniga. Kauss on valmistatud l\u00e4bipaistmatust klaasist. Kauss on m\u00f5\u00f5tudega umbes 13x 25 cm. Sulatatud klaasist Kauni graatsilise vormi t\u00f5ttu sobiks see kauss ideaalselt pulmakingituseks v\u00f5i pulmaastap\u00e4evaks. Vahel lihtsalt tundub v\u00f5imatu leida sobilikku kingitust. Kuna meie l\u00e4hedased on meile v\u00e4ga kallid ja armsad, siis soovime alati teha neile kingitusi, mis oleks saaja v\u00e4\u00e4rilised. Klaasinterj\u00f6\u00f6ri e-poest v\u00f5id leida valiku kunstnike poolt kujundatud ja valmistatud kingitusi. Siit v\u00f5id leida praktilisi kellasid ja kausse aga ka ehteid ja auhindu. Meie e-poes olevad tooted on enamasti ainueksemplarid, mis t\u00e4hendab, et igal juhul leiad sa siit midagi, mida mujalt ei saa.\u00a0 Kas otsid kingitust, emale, naisele v\u00f5i vanaemale, meie e-poest v\u00f5id kindlasti leida midagi teistmoodi.<\/p>\n<p>NB! &#8221;J\u00e4reltellimisel\u00b4\u00b4 m\u00e4rkega vitraa\u017eid pole laos. V\u00f5tame ostjaga \u00fchendust, et kokku leppida tellimuse valmistamise t\u00e4htaeg. Tavaliselt v\u00f5ib selleks kuluda kuni 5 t\u00f6\u00f6p\u00e4eva ning seej\u00e4rel saame paki postitada.<\/p>\n","protected":false},"excerpt":{"rendered":"<p>Vaba vormiga kauss on \u00f5rna bee\u017eikasroosa tooniga. Kauss on valmistatud l\u00e4bipaistmatust klaasist. Kauss on m\u00f5\u00f5tudega umbes 13x 25 cm. Sulatatud klaasist Kauni graatsilise vormi t\u00f5ttu sobiks see kauss ideaalselt pulmakingituseks v\u00f5i pulmaastap\u00e4evaks. Vahel lihtsalt tundub v\u00f5imatu leida sobilikku kingitust. Kuna meie l\u00e4hedased on meile v\u00e4ga kallid ja armsad, siis soovime alati teha neile kingitusi, mis [&hellip;]<\/p>\n","protected":false},"featured_media":6660,"template":"","meta":{"_acf_changed":false},"product_brand":[],"product_cat":[35],"product_tag":[],"class_list":{"0":"post-6939","1":"product","2":"type-product","3":"status-publish","4":"has-post-thumbnail","6":"product_cat-kingitused-ja-meened","8":"first","9":"onbackorder","10":"taxable","11":"shipping-taxable","12":"purchasable","13":"product-type-simple"},"acf":[],"yoast_head":"<!-- This site is optimized with the Yoast SEO plugin v27.3 - https:\/\/yoast.com\/product\/yoast-seo-wordpress\/ -->\n<title>Kauss - Vitraaz.ee<\/title>\n<meta name=\"description\" content=\"\u00d5rna tooniga kauss on veetlevalt lookleva servaga. Praktiline samas ka pilkup\u00fc\u00fcdev ese kingituseks v\u00f5i t\u00e4iustamaks sinu interj\u00f6\u00f6ri.\" \/>\n<meta name=\"robots\" content=\"index, follow, max-snippet:-1, max-image-preview:large, max-video-preview:-1\" \/>\n<link rel=\"canonical\" href=\"https:\/\/vitraaz.ee\/fi\/toode\/kauss\/\" \/>\n<meta property=\"og:locale\" content=\"fi_FI\" \/>\n<meta property=\"og:type\" content=\"article\" \/>\n<meta property=\"og:title\" content=\"Kauss - Vitraaz.ee\" \/>\n<meta property=\"og:description\" content=\"\u00d5rna tooniga kauss on veetlevalt lookleva servaga. Praktiline samas ka pilkup\u00fc\u00fcdev ese kingituseks v\u00f5i t\u00e4iustamaks sinu interj\u00f6\u00f6ri.\" \/>\n<meta property=\"og:url\" content=\"https:\/\/vitraaz.ee\/fi\/toode\/kauss\/\" \/>\n<meta property=\"og:site_name\" content=\"Vitraaz.ee\" \/>\n<meta property=\"article:publisher\" content=\"https:\/\/www.facebook.com\/Klaasinterjoor\" \/>\n<meta property=\"article:modified_time\" content=\"2025-04-09T12:39:15+00:00\" \/>\n<meta property=\"og:image\" content=\"https:\/\/vitraaz.ee\/wp-content\/uploads\/2024\/07\/skinflo.jpg\" \/>\n\t<meta property=\"og:image:width\" content=\"1200\" \/>\n\t<meta property=\"og:image:height\" content=\"798\" \/>\n\t<meta property=\"og:image:type\" content=\"image\/jpeg\" \/>\n<meta name=\"twitter:card\" content=\"summary_large_image\" \/>\n<meta name=\"twitter:label1\" content=\"Arvioitu lukuaika\" \/>\n\t<meta name=\"twitter:data1\" content=\"1 minuutti\" \/>\n<script type=\"application\/ld+json\" class=\"yoast-schema-graph\">{\"@context\":\"https:\\\/\\\/schema.org\",\"@graph\":[{\"@type\":\"WebPage\",\"@id\":\"https:\\\/\\\/vitraaz.ee\\\/fi\\\/toode\\\/kauss\\\/\",\"url\":\"https:\\\/\\\/vitraaz.ee\\\/fi\\\/toode\\\/kauss\\\/\",\"name\":\"Kauss - Vitraaz.ee\",\"isPartOf\":{\"@id\":\"https:\\\/\\\/vitraaz.ee\\\/fi\\\/#website\"},\"primaryImageOfPage\":{\"@id\":\"https:\\\/\\\/vitraaz.ee\\\/fi\\\/toode\\\/kauss\\\/#primaryimage\"},\"image\":{\"@id\":\"https:\\\/\\\/vitraaz.ee\\\/fi\\\/toode\\\/kauss\\\/#primaryimage\"},\"thumbnailUrl\":\"https:\\\/\\\/vitraaz.ee\\\/wp-content\\\/uploads\\\/2024\\\/07\\\/skinflo.jpg\",\"datePublished\":\"2024-08-07T09:33:14+00:00\",\"dateModified\":\"2025-04-09T12:39:15+00:00\",\"description\":\"\u00d5rna tooniga kauss on veetlevalt lookleva servaga. Praktiline samas ka pilkup\u00fc\u00fcdev ese kingituseks v\u00f5i t\u00e4iustamaks sinu interj\u00f6\u00f6ri.\",\"breadcrumb\":{\"@id\":\"https:\\\/\\\/vitraaz.ee\\\/fi\\\/toode\\\/kauss\\\/#breadcrumb\"},\"inLanguage\":\"fi\",\"potentialAction\":[{\"@type\":\"ReadAction\",\"target\":[\"https:\\\/\\\/vitraaz.ee\\\/fi\\\/toode\\\/kauss\\\/\"]}]},{\"@type\":\"ImageObject\",\"inLanguage\":\"fi\",\"@id\":\"https:\\\/\\\/vitraaz.ee\\\/fi\\\/toode\\\/kauss\\\/#primaryimage\",\"url\":\"https:\\\/\\\/vitraaz.ee\\\/wp-content\\\/uploads\\\/2024\\\/07\\\/skinflo.jpg\",\"contentUrl\":\"https:\\\/\\\/vitraaz.ee\\\/wp-content\\\/uploads\\\/2024\\\/07\\\/skinflo.jpg\",\"width\":1200,\"height\":798},{\"@type\":\"BreadcrumbList\",\"@id\":\"https:\\\/\\\/vitraaz.ee\\\/fi\\\/toode\\\/kauss\\\/#breadcrumb\",\"itemListElement\":[{\"@type\":\"ListItem\",\"position\":1,\"name\":\"Home\",\"item\":\"https:\\\/\\\/vitraaz.ee\\\/fi\\\/\"},{\"@type\":\"ListItem\",\"position\":2,\"name\":\"Pood\",\"item\":\"https:\\\/\\\/vitraaz.ee\\\/pood\\\/\"},{\"@type\":\"ListItem\",\"position\":3,\"name\":\"Kauss\"}]},{\"@type\":\"WebSite\",\"@id\":\"https:\\\/\\\/vitraaz.ee\\\/fi\\\/#website\",\"url\":\"https:\\\/\\\/vitraaz.ee\\\/fi\\\/\",\"name\":\"Vitraaz.ee\",\"description\":\"Klaasinterj&ouml;&ouml;r\",\"publisher\":{\"@id\":\"https:\\\/\\\/vitraaz.ee\\\/fi\\\/#organization\"},\"potentialAction\":[{\"@type\":\"SearchAction\",\"target\":{\"@type\":\"EntryPoint\",\"urlTemplate\":\"https:\\\/\\\/vitraaz.ee\\\/fi\\\/?s={search_term_string}\"},\"query-input\":{\"@type\":\"PropertyValueSpecification\",\"valueRequired\":true,\"valueName\":\"search_term_string\"}}],\"inLanguage\":\"fi\"},{\"@type\":\"Organization\",\"@id\":\"https:\\\/\\\/vitraaz.ee\\\/fi\\\/#organization\",\"name\":\"KLAASINTERJ\u00d6\u00d6R O\u00dc\",\"url\":\"https:\\\/\\\/vitraaz.ee\\\/fi\\\/\",\"logo\":{\"@type\":\"ImageObject\",\"inLanguage\":\"fi\",\"@id\":\"https:\\\/\\\/vitraaz.ee\\\/fi\\\/#\\\/schema\\\/logo\\\/image\\\/\",\"url\":\"https:\\\/\\\/vitraaz.ee\\\/wp-content\\\/uploads\\\/2022\\\/09\\\/logoKI.png\",\"contentUrl\":\"https:\\\/\\\/vitraaz.ee\\\/wp-content\\\/uploads\\\/2022\\\/09\\\/logoKI.png\",\"width\":1159,\"height\":458,\"caption\":\"KLAASINTERJ\u00d6\u00d6R O\u00dc\"},\"image\":{\"@id\":\"https:\\\/\\\/vitraaz.ee\\\/fi\\\/#\\\/schema\\\/logo\\\/image\\\/\"},\"sameAs\":[\"https:\\\/\\\/www.facebook.com\\\/Klaasinterjoor\"]}]}<\/script>\n<!-- \/ Yoast SEO plugin. -->","yoast_head_json":{"title":"Kauss - Vitraaz.ee","description":"\u00d5rna tooniga kauss on veetlevalt lookleva servaga. Praktiline samas ka pilkup\u00fc\u00fcdev ese kingituseks v\u00f5i t\u00e4iustamaks sinu interj\u00f6\u00f6ri.","robots":{"index":"index","follow":"follow","max-snippet":"max-snippet:-1","max-image-preview":"max-image-preview:large","max-video-preview":"max-video-preview:-1"},"canonical":"https:\/\/vitraaz.ee\/fi\/toode\/kauss\/","og_locale":"fi_FI","og_type":"article","og_title":"Kauss - Vitraaz.ee","og_description":"\u00d5rna tooniga kauss on veetlevalt lookleva servaga. Praktiline samas ka pilkup\u00fc\u00fcdev ese kingituseks v\u00f5i t\u00e4iustamaks sinu interj\u00f6\u00f6ri.","og_url":"https:\/\/vitraaz.ee\/fi\/toode\/kauss\/","og_site_name":"Vitraaz.ee","article_publisher":"https:\/\/www.facebook.com\/Klaasinterjoor","article_modified_time":"2025-04-09T12:39:15+00:00","og_image":[{"width":1200,"height":798,"url":"https:\/\/vitraaz.ee\/wp-content\/uploads\/2024\/07\/skinflo.jpg","type":"image\/jpeg"}],"twitter_card":"summary_large_image","twitter_misc":{"Arvioitu lukuaika":"1 minuutti"},"schema":{"@context":"https:\/\/schema.org","@graph":[{"@type":"WebPage","@id":"https:\/\/vitraaz.ee\/fi\/toode\/kauss\/","url":"https:\/\/vitraaz.ee\/fi\/toode\/kauss\/","name":"Kauss - Vitraaz.ee","isPartOf":{"@id":"https:\/\/vitraaz.ee\/fi\/#website"},"primaryImageOfPage":{"@id":"https:\/\/vitraaz.ee\/fi\/toode\/kauss\/#primaryimage"},"image":{"@id":"https:\/\/vitraaz.ee\/fi\/toode\/kauss\/#primaryimage"},"thumbnailUrl":"https:\/\/vitraaz.ee\/wp-content\/uploads\/2024\/07\/skinflo.jpg","datePublished":"2024-08-07T09:33:14+00:00","dateModified":"2025-04-09T12:39:15+00:00","description":"\u00d5rna tooniga kauss on veetlevalt lookleva servaga. Praktiline samas ka pilkup\u00fc\u00fcdev ese kingituseks v\u00f5i t\u00e4iustamaks sinu interj\u00f6\u00f6ri.","breadcrumb":{"@id":"https:\/\/vitraaz.ee\/fi\/toode\/kauss\/#breadcrumb"},"inLanguage":"fi","potentialAction":[{"@type":"ReadAction","target":["https:\/\/vitraaz.ee\/fi\/toode\/kauss\/"]}]},{"@type":"ImageObject","inLanguage":"fi","@id":"https:\/\/vitraaz.ee\/fi\/toode\/kauss\/#primaryimage","url":"https:\/\/vitraaz.ee\/wp-content\/uploads\/2024\/07\/skinflo.jpg","contentUrl":"https:\/\/vitraaz.ee\/wp-content\/uploads\/2024\/07\/skinflo.jpg","width":1200,"height":798},{"@type":"BreadcrumbList","@id":"https:\/\/vitraaz.ee\/fi\/toode\/kauss\/#breadcrumb","itemListElement":[{"@type":"ListItem","position":1,"name":"Home","item":"https:\/\/vitraaz.ee\/fi\/"},{"@type":"ListItem","position":2,"name":"Pood","item":"https:\/\/vitraaz.ee\/pood\/"},{"@type":"ListItem","position":3,"name":"Kauss"}]},{"@type":"WebSite","@id":"https:\/\/vitraaz.ee\/fi\/#website","url":"https:\/\/vitraaz.ee\/fi\/","name":"Vitraaz.ee","description":"Klaasinterj&ouml;&ouml;r","publisher":{"@id":"https:\/\/vitraaz.ee\/fi\/#organization"},"potentialAction":[{"@type":"SearchAction","target":{"@type":"EntryPoint","urlTemplate":"https:\/\/vitraaz.ee\/fi\/?s={search_term_string}"},"query-input":{"@type":"PropertyValueSpecification","valueRequired":true,"valueName":"search_term_string"}}],"inLanguage":"fi"},{"@type":"Organization","@id":"https:\/\/vitraaz.ee\/fi\/#organization","name":"KLAASINTERJ\u00d6\u00d6R O\u00dc","url":"https:\/\/vitraaz.ee\/fi\/","logo":{"@type":"ImageObject","inLanguage":"fi","@id":"https:\/\/vitraaz.ee\/fi\/#\/schema\/logo\/image\/","url":"https:\/\/vitraaz.ee\/wp-content\/uploads\/2022\/09\/logoKI.png","contentUrl":"https:\/\/vitraaz.ee\/wp-content\/uploads\/2022\/09\/logoKI.png","width":1159,"height":458,"caption":"KLAASINTERJ\u00d6\u00d6R O\u00dc"},"image":{"@id":"https:\/\/vitraaz.ee\/fi\/#\/schema\/logo\/image\/"},"sameAs":["https:\/\/www.facebook.com\/Klaasinterjoor"]}]}},"_links":{"self":[{"href":"https:\/\/vitraaz.ee\/fi\/wp-json\/wp\/v2\/product\/6939","targetHints":{"allow":["GET"]}}],"collection":[{"href":"https:\/\/vitraaz.ee\/fi\/wp-json\/wp\/v2\/product"}],"about":[{"href":"https:\/\/vitraaz.ee\/fi\/wp-json\/wp\/v2\/types\/product"}],"version-history":[{"count":2,"href":"https:\/\/vitraaz.ee\/fi\/wp-json\/wp\/v2\/product\/6939\/revisions"}],"predecessor-version":[{"id":8562,"href":"https:\/\/vitraaz.ee\/fi\/wp-json\/wp\/v2\/product\/6939\/revisions\/8562"}],"wp:featuredmedia":[{"embeddable":true,"href":"https:\/\/vitraaz.ee\/fi\/wp-json\/wp\/v2\/media\/6660"}],"wp:attachment":[{"href":"https:\/\/vitraaz.ee\/fi\/wp-json\/wp\/v2\/media?parent=6939"}],"wp:term":[{"taxonomy":"product_brand","embeddable":true,"href":"https:\/\/vitraaz.ee\/fi\/wp-json\/wp\/v2\/product_brand?post=6939"},{"taxonomy":"product_cat","embeddable":true,"href":"https:\/\/vitraaz.ee\/fi\/wp-json\/wp\/v2\/product_cat?post=6939"},{"taxonomy":"product_tag","embeddable":true,"href":"https:\/\/vitraaz.ee\/fi\/wp-json\/wp\/v2\/product_tag?post=6939"}],"curies":[{"name":"wp","href":"https:\/\/api.w.org\/{rel}","templated":true}]}}