{"id":6828,"date":"2024-07-31T12:51:04","date_gmt":"2024-07-31T12:51:04","guid":{"rendered":"https:\/\/vitraaz.ee\/?post_type=product&#038;p=6828"},"modified":"2024-08-05T07:26:52","modified_gmt":"2024-08-05T07:26:52","slug":"klaasist-kauss","status":"publish","type":"product","link":"https:\/\/vitraaz.ee\/fi\/toode\/klaasist-kauss\/","title":{"rendered":"Klaasist kauss &#8221;Meri on&#8221;"},"content":{"rendered":"<p>Klaasist kauss &#8221;Meri on&#8221; on valmistatud sulatusklaasist. Kauss on saanud oma kuju sulatusahjus, kus klaasist plaat kuumuse m\u00f5jul oma vormi saab. Nii nagu merelgi on varjundeid mitu v\u00f5ib ka selles kausist leida sinakaid, hallikaid ja roosakaid toone. Kausi looklev serv meenutab randa m\u00fchisevaid laineid. Kauss on r\u00f5\u00f5msalt lainetav, s\u00fcgav ja pisut ettearvamatu, nii nagu merigi. Kausi sisepind on siidja mati pinnaga, v\u00e4ljast on kauss aga s\u00e4rav ja l\u00e4ikiv.<\/p>\n<h1>Personaliseeritud kingitus<\/h1>\n<div dir=\"auto\">\n<div dir=\"auto\">Klaasist kauss &#8221;Meri on&#8221; on hea valik kingituseks kui otsite midagi, mis oleks ainulaadne, sest t\u00e4pselt samasugust ei ole v\u00f5imalik korrata. Kui mahe sinine on teie jaoks liiga rahumeelne v\u00f5ib kiigata e-poes kaussi &#8221;Tuljak&#8221;, mis on valminud samal meetodil, ent tunduvalt s\u00e4rtsakam. <a href=\"https:\/\/vitraaz.ee\/toode\/kauss-tuljak\/\">&#8221;Tuljaku&#8221; leiad siit!<\/a>\u00a0 Kauss on valmistatud mitmest v\u00e4rvilise klaasi kihist, seega \u00fcsna toekas. M\u00f5\u00f5dult on kauss ca 13 cm k\u00f5rge ja 25 cm lai. Tellides pakendame kausi kinkimiseks sobivasse karpi. Kui soovite kaussi kingituseks on sellele v\u00f5imalik lisada graveering. Graveeringu lisamiseks v\u00f5tke meiega p\u00e4rast ostu sooritamist e-posti teel \u00fchendust. Graveeringuga toote tellimisel palume tellimise t\u00e4itmiseks arvestada lisaajaga v\u00e4hemalt 3 t\u00f6\u00f6p\u00e4eva.<\/div>\n<\/div>\n<div dir=\"auto\">Kogu e-poes leiduv valik on disainitud ja valmistatud Klaasinterj\u00f6\u00f6ri klaasistuudio kunstnike Anu Suvi ja Sandra Allemanni poolt. Oleme Klaasinterj\u00f6\u00f6ri klaasistuudios valmistanud vitraa\u017ee, peegleid, kellasid ja muid v\u00e4iksemaid kingitusi juba \u00fcle 20 aasta. Tutvu meie loominguga l\u00e4hemalt <a href=\"https:\/\/vitraaz.ee\/portfoolio\/\">portfoolios.<\/a><\/div>\n","protected":false},"excerpt":{"rendered":"<p>Klaasist kauss &#8221;Meri on&#8221; on valmistatud sulatusklaasist. Kauss on saanud oma kuju sulatusahjus, kus klaasist plaat kuumuse m\u00f5jul oma vormi saab. Nii nagu merelgi on varjundeid mitu v\u00f5ib ka selles kausist leida sinakaid, hallikaid ja roosakaid toone. Kausi looklev serv meenutab randa m\u00fchisevaid laineid. Kauss on r\u00f5\u00f5msalt lainetav, s\u00fcgav ja pisut ettearvamatu, nii nagu merigi. [&hellip;]<\/p>\n","protected":false},"featured_media":6636,"template":"","meta":{"_acf_changed":false},"product_brand":[],"product_cat":[35],"product_tag":[],"class_list":{"0":"post-6828","1":"product","2":"type-product","3":"status-publish","4":"has-post-thumbnail","6":"product_cat-kingitused-ja-meened","8":"first","9":"instock","10":"taxable","11":"shipping-taxable","12":"purchasable","13":"product-type-simple"},"acf":[],"yoast_head":"<!-- This site is optimized with the Yoast SEO plugin v27.3 - https:\/\/yoast.com\/product\/yoast-seo-wordpress\/ -->\n<title>Klaasist kauss &#039;&#039;Meri on&#039;&#039; - Vitraaz.ee<\/title>\n<meta name=\"description\" content=\"Klaasist kauss kannab nime &#039;&#039;Meri on&#039;&#039; oma siniste toonide ja lainetava graatsilise serva t\u00f5ttu. Klaasinterj\u00f6\u00f6rist leiad teisigi p\u00f5nevaid kingitusi.\" \/>\n<meta name=\"robots\" content=\"index, follow, max-snippet:-1, max-image-preview:large, max-video-preview:-1\" \/>\n<link rel=\"canonical\" href=\"https:\/\/vitraaz.ee\/fi\/toode\/klaasist-kauss\/\" \/>\n<meta property=\"og:locale\" content=\"fi_FI\" \/>\n<meta property=\"og:type\" content=\"article\" \/>\n<meta property=\"og:title\" content=\"Klaasist kauss &#039;&#039;Meri on&#039;&#039; - Vitraaz.ee\" \/>\n<meta property=\"og:description\" content=\"Klaasist kauss kannab nime &#039;&#039;Meri on&#039;&#039; oma siniste toonide ja lainetava graatsilise serva t\u00f5ttu. Klaasinterj\u00f6\u00f6rist leiad teisigi p\u00f5nevaid kingitusi.\" \/>\n<meta property=\"og:url\" content=\"https:\/\/vitraaz.ee\/fi\/toode\/klaasist-kauss\/\" \/>\n<meta property=\"og:site_name\" content=\"Vitraaz.ee\" \/>\n<meta property=\"article:publisher\" content=\"https:\/\/www.facebook.com\/Klaasinterjoor\" \/>\n<meta property=\"article:modified_time\" content=\"2024-08-05T07:26:52+00:00\" \/>\n<meta property=\"og:image\" content=\"https:\/\/vitraaz.ee\/wp-content\/uploads\/2024\/07\/paiketuul.jpg\" \/>\n\t<meta property=\"og:image:width\" content=\"1215\" \/>\n\t<meta property=\"og:image:height\" content=\"798\" \/>\n\t<meta property=\"og:image:type\" content=\"image\/jpeg\" \/>\n<meta name=\"twitter:card\" content=\"summary_large_image\" \/>\n<meta name=\"twitter:label1\" content=\"Arvioitu lukuaika\" \/>\n\t<meta name=\"twitter:data1\" content=\"2 minuuttia\" \/>\n<script type=\"application\/ld+json\" class=\"yoast-schema-graph\">{\"@context\":\"https:\\\/\\\/schema.org\",\"@graph\":[{\"@type\":\"WebPage\",\"@id\":\"https:\\\/\\\/vitraaz.ee\\\/fi\\\/toode\\\/klaasist-kauss\\\/\",\"url\":\"https:\\\/\\\/vitraaz.ee\\\/fi\\\/toode\\\/klaasist-kauss\\\/\",\"name\":\"Klaasist kauss ''Meri on'' - Vitraaz.ee\",\"isPartOf\":{\"@id\":\"https:\\\/\\\/vitraaz.ee\\\/fi\\\/#website\"},\"primaryImageOfPage\":{\"@id\":\"https:\\\/\\\/vitraaz.ee\\\/fi\\\/toode\\\/klaasist-kauss\\\/#primaryimage\"},\"image\":{\"@id\":\"https:\\\/\\\/vitraaz.ee\\\/fi\\\/toode\\\/klaasist-kauss\\\/#primaryimage\"},\"thumbnailUrl\":\"https:\\\/\\\/vitraaz.ee\\\/wp-content\\\/uploads\\\/2024\\\/07\\\/paiketuul.jpg\",\"datePublished\":\"2024-07-31T12:51:04+00:00\",\"dateModified\":\"2024-08-05T07:26:52+00:00\",\"description\":\"Klaasist kauss kannab nime ''Meri on'' oma siniste toonide ja lainetava graatsilise serva t\u00f5ttu. Klaasinterj\u00f6\u00f6rist leiad teisigi p\u00f5nevaid kingitusi.\",\"breadcrumb\":{\"@id\":\"https:\\\/\\\/vitraaz.ee\\\/fi\\\/toode\\\/klaasist-kauss\\\/#breadcrumb\"},\"inLanguage\":\"fi\",\"potentialAction\":[{\"@type\":\"ReadAction\",\"target\":[\"https:\\\/\\\/vitraaz.ee\\\/fi\\\/toode\\\/klaasist-kauss\\\/\"]}]},{\"@type\":\"ImageObject\",\"inLanguage\":\"fi\",\"@id\":\"https:\\\/\\\/vitraaz.ee\\\/fi\\\/toode\\\/klaasist-kauss\\\/#primaryimage\",\"url\":\"https:\\\/\\\/vitraaz.ee\\\/wp-content\\\/uploads\\\/2024\\\/07\\\/paiketuul.jpg\",\"contentUrl\":\"https:\\\/\\\/vitraaz.ee\\\/wp-content\\\/uploads\\\/2024\\\/07\\\/paiketuul.jpg\",\"width\":1215,\"height\":798,\"caption\":\"Kauss nimega''Meri on''\"},{\"@type\":\"BreadcrumbList\",\"@id\":\"https:\\\/\\\/vitraaz.ee\\\/fi\\\/toode\\\/klaasist-kauss\\\/#breadcrumb\",\"itemListElement\":[{\"@type\":\"ListItem\",\"position\":1,\"name\":\"Home\",\"item\":\"https:\\\/\\\/vitraaz.ee\\\/fi\\\/\"},{\"@type\":\"ListItem\",\"position\":2,\"name\":\"Pood\",\"item\":\"https:\\\/\\\/vitraaz.ee\\\/pood\\\/\"},{\"@type\":\"ListItem\",\"position\":3,\"name\":\"Klaasist kauss &#8221;Meri on&#8221;\"}]},{\"@type\":\"WebSite\",\"@id\":\"https:\\\/\\\/vitraaz.ee\\\/fi\\\/#website\",\"url\":\"https:\\\/\\\/vitraaz.ee\\\/fi\\\/\",\"name\":\"Vitraaz.ee\",\"description\":\"Klaasinterj&ouml;&ouml;r\",\"publisher\":{\"@id\":\"https:\\\/\\\/vitraaz.ee\\\/fi\\\/#organization\"},\"potentialAction\":[{\"@type\":\"SearchAction\",\"target\":{\"@type\":\"EntryPoint\",\"urlTemplate\":\"https:\\\/\\\/vitraaz.ee\\\/fi\\\/?s={search_term_string}\"},\"query-input\":{\"@type\":\"PropertyValueSpecification\",\"valueRequired\":true,\"valueName\":\"search_term_string\"}}],\"inLanguage\":\"fi\"},{\"@type\":\"Organization\",\"@id\":\"https:\\\/\\\/vitraaz.ee\\\/fi\\\/#organization\",\"name\":\"KLAASINTERJ\u00d6\u00d6R O\u00dc\",\"url\":\"https:\\\/\\\/vitraaz.ee\\\/fi\\\/\",\"logo\":{\"@type\":\"ImageObject\",\"inLanguage\":\"fi\",\"@id\":\"https:\\\/\\\/vitraaz.ee\\\/fi\\\/#\\\/schema\\\/logo\\\/image\\\/\",\"url\":\"https:\\\/\\\/vitraaz.ee\\\/wp-content\\\/uploads\\\/2022\\\/09\\\/logoKI.png\",\"contentUrl\":\"https:\\\/\\\/vitraaz.ee\\\/wp-content\\\/uploads\\\/2022\\\/09\\\/logoKI.png\",\"width\":1159,\"height\":458,\"caption\":\"KLAASINTERJ\u00d6\u00d6R O\u00dc\"},\"image\":{\"@id\":\"https:\\\/\\\/vitraaz.ee\\\/fi\\\/#\\\/schema\\\/logo\\\/image\\\/\"},\"sameAs\":[\"https:\\\/\\\/www.facebook.com\\\/Klaasinterjoor\"]}]}<\/script>\n<!-- \/ Yoast SEO plugin. -->","yoast_head_json":{"title":"Klaasist kauss ''Meri on'' - Vitraaz.ee","description":"Klaasist kauss kannab nime ''Meri on'' oma siniste toonide ja lainetava graatsilise serva t\u00f5ttu. Klaasinterj\u00f6\u00f6rist leiad teisigi p\u00f5nevaid kingitusi.","robots":{"index":"index","follow":"follow","max-snippet":"max-snippet:-1","max-image-preview":"max-image-preview:large","max-video-preview":"max-video-preview:-1"},"canonical":"https:\/\/vitraaz.ee\/fi\/toode\/klaasist-kauss\/","og_locale":"fi_FI","og_type":"article","og_title":"Klaasist kauss ''Meri on'' - Vitraaz.ee","og_description":"Klaasist kauss kannab nime ''Meri on'' oma siniste toonide ja lainetava graatsilise serva t\u00f5ttu. Klaasinterj\u00f6\u00f6rist leiad teisigi p\u00f5nevaid kingitusi.","og_url":"https:\/\/vitraaz.ee\/fi\/toode\/klaasist-kauss\/","og_site_name":"Vitraaz.ee","article_publisher":"https:\/\/www.facebook.com\/Klaasinterjoor","article_modified_time":"2024-08-05T07:26:52+00:00","og_image":[{"width":1215,"height":798,"url":"https:\/\/vitraaz.ee\/wp-content\/uploads\/2024\/07\/paiketuul.jpg","type":"image\/jpeg"}],"twitter_card":"summary_large_image","twitter_misc":{"Arvioitu lukuaika":"2 minuuttia"},"schema":{"@context":"https:\/\/schema.org","@graph":[{"@type":"WebPage","@id":"https:\/\/vitraaz.ee\/fi\/toode\/klaasist-kauss\/","url":"https:\/\/vitraaz.ee\/fi\/toode\/klaasist-kauss\/","name":"Klaasist kauss ''Meri on'' - Vitraaz.ee","isPartOf":{"@id":"https:\/\/vitraaz.ee\/fi\/#website"},"primaryImageOfPage":{"@id":"https:\/\/vitraaz.ee\/fi\/toode\/klaasist-kauss\/#primaryimage"},"image":{"@id":"https:\/\/vitraaz.ee\/fi\/toode\/klaasist-kauss\/#primaryimage"},"thumbnailUrl":"https:\/\/vitraaz.ee\/wp-content\/uploads\/2024\/07\/paiketuul.jpg","datePublished":"2024-07-31T12:51:04+00:00","dateModified":"2024-08-05T07:26:52+00:00","description":"Klaasist kauss kannab nime ''Meri on'' oma siniste toonide ja lainetava graatsilise serva t\u00f5ttu. Klaasinterj\u00f6\u00f6rist leiad teisigi p\u00f5nevaid kingitusi.","breadcrumb":{"@id":"https:\/\/vitraaz.ee\/fi\/toode\/klaasist-kauss\/#breadcrumb"},"inLanguage":"fi","potentialAction":[{"@type":"ReadAction","target":["https:\/\/vitraaz.ee\/fi\/toode\/klaasist-kauss\/"]}]},{"@type":"ImageObject","inLanguage":"fi","@id":"https:\/\/vitraaz.ee\/fi\/toode\/klaasist-kauss\/#primaryimage","url":"https:\/\/vitraaz.ee\/wp-content\/uploads\/2024\/07\/paiketuul.jpg","contentUrl":"https:\/\/vitraaz.ee\/wp-content\/uploads\/2024\/07\/paiketuul.jpg","width":1215,"height":798,"caption":"Kauss nimega''Meri on''"},{"@type":"BreadcrumbList","@id":"https:\/\/vitraaz.ee\/fi\/toode\/klaasist-kauss\/#breadcrumb","itemListElement":[{"@type":"ListItem","position":1,"name":"Home","item":"https:\/\/vitraaz.ee\/fi\/"},{"@type":"ListItem","position":2,"name":"Pood","item":"https:\/\/vitraaz.ee\/pood\/"},{"@type":"ListItem","position":3,"name":"Klaasist kauss &#8221;Meri on&#8221;"}]},{"@type":"WebSite","@id":"https:\/\/vitraaz.ee\/fi\/#website","url":"https:\/\/vitraaz.ee\/fi\/","name":"Vitraaz.ee","description":"Klaasinterj&ouml;&ouml;r","publisher":{"@id":"https:\/\/vitraaz.ee\/fi\/#organization"},"potentialAction":[{"@type":"SearchAction","target":{"@type":"EntryPoint","urlTemplate":"https:\/\/vitraaz.ee\/fi\/?s={search_term_string}"},"query-input":{"@type":"PropertyValueSpecification","valueRequired":true,"valueName":"search_term_string"}}],"inLanguage":"fi"},{"@type":"Organization","@id":"https:\/\/vitraaz.ee\/fi\/#organization","name":"KLAASINTERJ\u00d6\u00d6R O\u00dc","url":"https:\/\/vitraaz.ee\/fi\/","logo":{"@type":"ImageObject","inLanguage":"fi","@id":"https:\/\/vitraaz.ee\/fi\/#\/schema\/logo\/image\/","url":"https:\/\/vitraaz.ee\/wp-content\/uploads\/2022\/09\/logoKI.png","contentUrl":"https:\/\/vitraaz.ee\/wp-content\/uploads\/2022\/09\/logoKI.png","width":1159,"height":458,"caption":"KLAASINTERJ\u00d6\u00d6R O\u00dc"},"image":{"@id":"https:\/\/vitraaz.ee\/fi\/#\/schema\/logo\/image\/"},"sameAs":["https:\/\/www.facebook.com\/Klaasinterjoor"]}]}},"_links":{"self":[{"href":"https:\/\/vitraaz.ee\/fi\/wp-json\/wp\/v2\/product\/6828","targetHints":{"allow":["GET"]}}],"collection":[{"href":"https:\/\/vitraaz.ee\/fi\/wp-json\/wp\/v2\/product"}],"about":[{"href":"https:\/\/vitraaz.ee\/fi\/wp-json\/wp\/v2\/types\/product"}],"version-history":[{"count":0,"href":"https:\/\/vitraaz.ee\/fi\/wp-json\/wp\/v2\/product\/6828\/revisions"}],"wp:featuredmedia":[{"embeddable":true,"href":"https:\/\/vitraaz.ee\/fi\/wp-json\/wp\/v2\/media\/6636"}],"wp:attachment":[{"href":"https:\/\/vitraaz.ee\/fi\/wp-json\/wp\/v2\/media?parent=6828"}],"wp:term":[{"taxonomy":"product_brand","embeddable":true,"href":"https:\/\/vitraaz.ee\/fi\/wp-json\/wp\/v2\/product_brand?post=6828"},{"taxonomy":"product_cat","embeddable":true,"href":"https:\/\/vitraaz.ee\/fi\/wp-json\/wp\/v2\/product_cat?post=6828"},{"taxonomy":"product_tag","embeddable":true,"href":"https:\/\/vitraaz.ee\/fi\/wp-json\/wp\/v2\/product_tag?post=6828"}],"curies":[{"name":"wp","href":"https:\/\/api.w.org\/{rel}","templated":true}]}}