{"id":6821,"date":"2024-07-19T11:56:24","date_gmt":"2024-07-19T11:56:24","guid":{"rendered":"https:\/\/vitraaz.ee\/?post_type=product&#038;p=6821"},"modified":"2024-11-25T22:12:33","modified_gmt":"2024-11-25T22:12:33","slug":"kauss-tuljak","status":"publish","type":"product","link":"https:\/\/vitraaz.ee\/fi\/toode\/kauss-tuljak\/","title":{"rendered":"Kauss Tuljak"},"content":{"rendered":"<p>Elur\u00f5\u00f5mus tuljak paneb tantsupidudel triibuseelikud l\u00f5busalt keerlema. Just oma tantsiskleva serva j\u00e4rgi ongi kauss Tuljak oma nime saanud. S\u00e4ravasse punasesse on pikitud ergas kollane ja sinine, just nagu rahvariideseelikuteski. Klaasist kauss on oma valmistatud sulatusahjus ja seal saanud oma voolava vormi. Just nimelt voolava, sest just nii protsess sulatusahjust toimubki. Sirge klaas\u00a0 muutub kuumuse k\u00e4es pehmeks ning langetab oma servad, kord nii, kord naa. Kuigi vormilt tundub kauss harbras, siis p\u00e4riselt on kauss paksust mitmekihilisest klaasist ja \u00fcpriski raske. Kausi sisepind on siidselt matt ning v\u00e4lispind l\u00e4ikiv.<\/p>\n<h1>Sinu moodi &#8221;Tuljak&#8221;<\/h1>\n<p>Kauss Tuljak sobib h\u00e4sti dekoratiivseks pilgup\u00fc\u00fcdjaks lauale v\u00f5i kapile. Samas on see igati v\u00e4\u00e4rikas anum n\u00e4iteks oma lemmikmaiustuste hoidmiseks. Kausi m\u00f5\u00f5tmed on ca 13 cm k\u00f5rgust ja 25 cm laiust. Kauss on ainueksemplar, ning t\u00e4pselt samasugust ei ole v\u00f5imalik ka parima tahtmise juures korrata. K\u00fcll aga on v\u00f5imalik tellida terve tantsutrupi jagu vahvaid Tuljaku teisendusi. Selleks v\u00f5tke meiega \u00fchendust info@vitraaz.ee. Eritellimusena on v\u00f5imalik kausse teha ka teile sobivates v\u00e4rvitoonides v\u00f5i lisada neile logosid v\u00f5i tekstiga graveeringuid. Kui s\u00e4rtsakas Tuljak on ei sobi sinu rahuliku natuuriga v\u00f5ib kiigata ka mahedamat sinistes toonides kaussi meie e-poes.<\/p>\n<h1>Meened ettev\u00f5tetele ja asutustele<\/h1>\n<p>K\u00f5ik vitraaz.ee\u00a0 e-poes m\u00fc\u00fcgil olevad tooted, mida on v\u00f5imalik e-poest soetada on olemas meie klaasistuudios Tallinnas, Laki tn 9a. Klaasinterj\u00f6\u00f6r on \u00fcldjuhul avatud esmasp\u00e4evast reedeni, kell 9.00-17.00. Alati on muidugi hea veidi ette teavitada kui soovite meid k\u00fclastada. Stuudiost on v\u00f5imalik kaasa osta nii kauss Tuljak kui ka palju teisi tooteid: vitraa\u017ee, ehteid ja n\u00e4iteks seinakellasid. Klaasinterj\u00f6\u00f6ri klientideks on mitmed ettev\u00f5tted ja asutused, kes hindavad kodumaist kunsti ning on seet\u00f5ttu j\u00e4\u00e4nud meie p\u00fcsiklientideks. Kui ka sinu ettev\u00f5te otsib oman\u00e4olist ja erilist \u00e4rikingitust v\u00f5i kingitusi tublidele t\u00f6\u00f6tajatele, on t\u00e4pselt teie n\u00e4gu ese v\u00f5imalik kujundada Klaasinterj\u00f6\u00f6ri kunstnike abiga. Olgu selleks siis \u00fchekordne s\u00fcndmus ja kingitus v\u00f5i soov tellida terve komplekt v\u00f5i seeria. Klaasist kausid ja esemed sobivad suurep\u00e4raselt ka erinavate v\u00f5istluste auhindadeks, erinedes tavap\u00e4rastest masstootena valminud karikatest ja meenetest.<\/p>\n","protected":false},"excerpt":{"rendered":"<p>Elur\u00f5\u00f5mus tuljak paneb tantsupidudel triibuseelikud l\u00f5busalt keerlema. Just oma tantsiskleva serva j\u00e4rgi ongi kauss Tuljak oma nime saanud. S\u00e4ravasse punasesse on pikitud ergas kollane ja sinine, just nagu rahvariideseelikuteski. Klaasist kauss on oma valmistatud sulatusahjus ja seal saanud oma voolava vormi. Just nimelt voolava, sest just nii protsess sulatusahjust toimubki. Sirge klaas\u00a0 muutub kuumuse k\u00e4es [&hellip;]<\/p>\n","protected":false},"featured_media":6366,"template":"","meta":{"_acf_changed":false},"product_brand":[],"product_cat":[35],"product_tag":[],"class_list":{"0":"post-6821","1":"product","2":"type-product","3":"status-publish","4":"has-post-thumbnail","6":"product_cat-kingitused-ja-meened","8":"first","9":"outofstock","10":"taxable","11":"shipping-taxable","12":"purchasable","13":"product-type-simple"},"acf":[],"yoast_head":"<!-- This site is optimized with the Yoast SEO plugin v27.3 - https:\/\/yoast.com\/product\/yoast-seo-wordpress\/ -->\n<title>Kauss Tuljak - Vitraaz.ee<\/title>\n<meta name=\"description\" content=\"Kauss Tuljak on justkui triibuseelik, mis tantsupeol keerlema pandud. Lookleva servaga praktiline, samas dekoratiivne ese, on kaunis kingituseks v\u00f5i koju.\" \/>\n<meta name=\"robots\" content=\"index, follow, max-snippet:-1, max-image-preview:large, max-video-preview:-1\" \/>\n<link rel=\"canonical\" href=\"https:\/\/vitraaz.ee\/fi\/toode\/kauss-tuljak\/\" \/>\n<meta property=\"og:locale\" content=\"fi_FI\" \/>\n<meta property=\"og:type\" content=\"article\" \/>\n<meta property=\"og:title\" content=\"Kauss Tuljak - Vitraaz.ee\" \/>\n<meta property=\"og:description\" content=\"Kauss Tuljak on justkui triibuseelik, mis tantsupeol keerlema pandud. Lookleva servaga praktiline, samas dekoratiivne ese, on kaunis kingituseks v\u00f5i koju.\" \/>\n<meta property=\"og:url\" content=\"https:\/\/vitraaz.ee\/fi\/toode\/kauss-tuljak\/\" \/>\n<meta property=\"og:site_name\" content=\"Vitraaz.ee\" \/>\n<meta property=\"article:publisher\" content=\"https:\/\/www.facebook.com\/Klaasinterjoor\" \/>\n<meta property=\"article:modified_time\" content=\"2024-11-25T22:12:33+00:00\" \/>\n<meta property=\"og:image\" content=\"https:\/\/vitraaz.ee\/wp-content\/uploads\/2024\/06\/tuljak3.jpg\" \/>\n\t<meta property=\"og:image:width\" content=\"1186\" \/>\n\t<meta property=\"og:image:height\" content=\"798\" \/>\n\t<meta property=\"og:image:type\" content=\"image\/jpeg\" \/>\n<meta name=\"twitter:card\" content=\"summary_large_image\" \/>\n<meta name=\"twitter:label1\" content=\"Arvioitu lukuaika\" \/>\n\t<meta name=\"twitter:data1\" content=\"2 minuuttia\" \/>\n<script type=\"application\/ld+json\" class=\"yoast-schema-graph\">{\"@context\":\"https:\\\/\\\/schema.org\",\"@graph\":[{\"@type\":\"WebPage\",\"@id\":\"https:\\\/\\\/vitraaz.ee\\\/fi\\\/toode\\\/kauss-tuljak\\\/\",\"url\":\"https:\\\/\\\/vitraaz.ee\\\/fi\\\/toode\\\/kauss-tuljak\\\/\",\"name\":\"Kauss Tuljak - Vitraaz.ee\",\"isPartOf\":{\"@id\":\"https:\\\/\\\/vitraaz.ee\\\/fi\\\/#website\"},\"primaryImageOfPage\":{\"@id\":\"https:\\\/\\\/vitraaz.ee\\\/fi\\\/toode\\\/kauss-tuljak\\\/#primaryimage\"},\"image\":{\"@id\":\"https:\\\/\\\/vitraaz.ee\\\/fi\\\/toode\\\/kauss-tuljak\\\/#primaryimage\"},\"thumbnailUrl\":\"https:\\\/\\\/vitraaz.ee\\\/wp-content\\\/uploads\\\/2024\\\/06\\\/tuljak3.jpg\",\"datePublished\":\"2024-07-19T11:56:24+00:00\",\"dateModified\":\"2024-11-25T22:12:33+00:00\",\"description\":\"Kauss Tuljak on justkui triibuseelik, mis tantsupeol keerlema pandud. Lookleva servaga praktiline, samas dekoratiivne ese, on kaunis kingituseks v\u00f5i koju.\",\"breadcrumb\":{\"@id\":\"https:\\\/\\\/vitraaz.ee\\\/fi\\\/toode\\\/kauss-tuljak\\\/#breadcrumb\"},\"inLanguage\":\"fi\",\"potentialAction\":[{\"@type\":\"ReadAction\",\"target\":[\"https:\\\/\\\/vitraaz.ee\\\/fi\\\/toode\\\/kauss-tuljak\\\/\"]}]},{\"@type\":\"ImageObject\",\"inLanguage\":\"fi\",\"@id\":\"https:\\\/\\\/vitraaz.ee\\\/fi\\\/toode\\\/kauss-tuljak\\\/#primaryimage\",\"url\":\"https:\\\/\\\/vitraaz.ee\\\/wp-content\\\/uploads\\\/2024\\\/06\\\/tuljak3.jpg\",\"contentUrl\":\"https:\\\/\\\/vitraaz.ee\\\/wp-content\\\/uploads\\\/2024\\\/06\\\/tuljak3.jpg\",\"width\":1186,\"height\":798,\"caption\":\"Kauss\"},{\"@type\":\"BreadcrumbList\",\"@id\":\"https:\\\/\\\/vitraaz.ee\\\/fi\\\/toode\\\/kauss-tuljak\\\/#breadcrumb\",\"itemListElement\":[{\"@type\":\"ListItem\",\"position\":1,\"name\":\"Home\",\"item\":\"https:\\\/\\\/vitraaz.ee\\\/fi\\\/\"},{\"@type\":\"ListItem\",\"position\":2,\"name\":\"Pood\",\"item\":\"https:\\\/\\\/vitraaz.ee\\\/pood\\\/\"},{\"@type\":\"ListItem\",\"position\":3,\"name\":\"Kauss Tuljak\"}]},{\"@type\":\"WebSite\",\"@id\":\"https:\\\/\\\/vitraaz.ee\\\/fi\\\/#website\",\"url\":\"https:\\\/\\\/vitraaz.ee\\\/fi\\\/\",\"name\":\"Vitraaz.ee\",\"description\":\"Klaasinterj&ouml;&ouml;r\",\"publisher\":{\"@id\":\"https:\\\/\\\/vitraaz.ee\\\/fi\\\/#organization\"},\"potentialAction\":[{\"@type\":\"SearchAction\",\"target\":{\"@type\":\"EntryPoint\",\"urlTemplate\":\"https:\\\/\\\/vitraaz.ee\\\/fi\\\/?s={search_term_string}\"},\"query-input\":{\"@type\":\"PropertyValueSpecification\",\"valueRequired\":true,\"valueName\":\"search_term_string\"}}],\"inLanguage\":\"fi\"},{\"@type\":\"Organization\",\"@id\":\"https:\\\/\\\/vitraaz.ee\\\/fi\\\/#organization\",\"name\":\"KLAASINTERJ\u00d6\u00d6R O\u00dc\",\"url\":\"https:\\\/\\\/vitraaz.ee\\\/fi\\\/\",\"logo\":{\"@type\":\"ImageObject\",\"inLanguage\":\"fi\",\"@id\":\"https:\\\/\\\/vitraaz.ee\\\/fi\\\/#\\\/schema\\\/logo\\\/image\\\/\",\"url\":\"https:\\\/\\\/vitraaz.ee\\\/wp-content\\\/uploads\\\/2022\\\/09\\\/logoKI.png\",\"contentUrl\":\"https:\\\/\\\/vitraaz.ee\\\/wp-content\\\/uploads\\\/2022\\\/09\\\/logoKI.png\",\"width\":1159,\"height\":458,\"caption\":\"KLAASINTERJ\u00d6\u00d6R O\u00dc\"},\"image\":{\"@id\":\"https:\\\/\\\/vitraaz.ee\\\/fi\\\/#\\\/schema\\\/logo\\\/image\\\/\"},\"sameAs\":[\"https:\\\/\\\/www.facebook.com\\\/Klaasinterjoor\"]}]}<\/script>\n<!-- \/ Yoast SEO plugin. -->","yoast_head_json":{"title":"Kauss Tuljak - Vitraaz.ee","description":"Kauss Tuljak on justkui triibuseelik, mis tantsupeol keerlema pandud. Lookleva servaga praktiline, samas dekoratiivne ese, on kaunis kingituseks v\u00f5i koju.","robots":{"index":"index","follow":"follow","max-snippet":"max-snippet:-1","max-image-preview":"max-image-preview:large","max-video-preview":"max-video-preview:-1"},"canonical":"https:\/\/vitraaz.ee\/fi\/toode\/kauss-tuljak\/","og_locale":"fi_FI","og_type":"article","og_title":"Kauss Tuljak - Vitraaz.ee","og_description":"Kauss Tuljak on justkui triibuseelik, mis tantsupeol keerlema pandud. Lookleva servaga praktiline, samas dekoratiivne ese, on kaunis kingituseks v\u00f5i koju.","og_url":"https:\/\/vitraaz.ee\/fi\/toode\/kauss-tuljak\/","og_site_name":"Vitraaz.ee","article_publisher":"https:\/\/www.facebook.com\/Klaasinterjoor","article_modified_time":"2024-11-25T22:12:33+00:00","og_image":[{"width":1186,"height":798,"url":"https:\/\/vitraaz.ee\/wp-content\/uploads\/2024\/06\/tuljak3.jpg","type":"image\/jpeg"}],"twitter_card":"summary_large_image","twitter_misc":{"Arvioitu lukuaika":"2 minuuttia"},"schema":{"@context":"https:\/\/schema.org","@graph":[{"@type":"WebPage","@id":"https:\/\/vitraaz.ee\/fi\/toode\/kauss-tuljak\/","url":"https:\/\/vitraaz.ee\/fi\/toode\/kauss-tuljak\/","name":"Kauss Tuljak - Vitraaz.ee","isPartOf":{"@id":"https:\/\/vitraaz.ee\/fi\/#website"},"primaryImageOfPage":{"@id":"https:\/\/vitraaz.ee\/fi\/toode\/kauss-tuljak\/#primaryimage"},"image":{"@id":"https:\/\/vitraaz.ee\/fi\/toode\/kauss-tuljak\/#primaryimage"},"thumbnailUrl":"https:\/\/vitraaz.ee\/wp-content\/uploads\/2024\/06\/tuljak3.jpg","datePublished":"2024-07-19T11:56:24+00:00","dateModified":"2024-11-25T22:12:33+00:00","description":"Kauss Tuljak on justkui triibuseelik, mis tantsupeol keerlema pandud. Lookleva servaga praktiline, samas dekoratiivne ese, on kaunis kingituseks v\u00f5i koju.","breadcrumb":{"@id":"https:\/\/vitraaz.ee\/fi\/toode\/kauss-tuljak\/#breadcrumb"},"inLanguage":"fi","potentialAction":[{"@type":"ReadAction","target":["https:\/\/vitraaz.ee\/fi\/toode\/kauss-tuljak\/"]}]},{"@type":"ImageObject","inLanguage":"fi","@id":"https:\/\/vitraaz.ee\/fi\/toode\/kauss-tuljak\/#primaryimage","url":"https:\/\/vitraaz.ee\/wp-content\/uploads\/2024\/06\/tuljak3.jpg","contentUrl":"https:\/\/vitraaz.ee\/wp-content\/uploads\/2024\/06\/tuljak3.jpg","width":1186,"height":798,"caption":"Kauss"},{"@type":"BreadcrumbList","@id":"https:\/\/vitraaz.ee\/fi\/toode\/kauss-tuljak\/#breadcrumb","itemListElement":[{"@type":"ListItem","position":1,"name":"Home","item":"https:\/\/vitraaz.ee\/fi\/"},{"@type":"ListItem","position":2,"name":"Pood","item":"https:\/\/vitraaz.ee\/pood\/"},{"@type":"ListItem","position":3,"name":"Kauss Tuljak"}]},{"@type":"WebSite","@id":"https:\/\/vitraaz.ee\/fi\/#website","url":"https:\/\/vitraaz.ee\/fi\/","name":"Vitraaz.ee","description":"Klaasinterj&ouml;&ouml;r","publisher":{"@id":"https:\/\/vitraaz.ee\/fi\/#organization"},"potentialAction":[{"@type":"SearchAction","target":{"@type":"EntryPoint","urlTemplate":"https:\/\/vitraaz.ee\/fi\/?s={search_term_string}"},"query-input":{"@type":"PropertyValueSpecification","valueRequired":true,"valueName":"search_term_string"}}],"inLanguage":"fi"},{"@type":"Organization","@id":"https:\/\/vitraaz.ee\/fi\/#organization","name":"KLAASINTERJ\u00d6\u00d6R O\u00dc","url":"https:\/\/vitraaz.ee\/fi\/","logo":{"@type":"ImageObject","inLanguage":"fi","@id":"https:\/\/vitraaz.ee\/fi\/#\/schema\/logo\/image\/","url":"https:\/\/vitraaz.ee\/wp-content\/uploads\/2022\/09\/logoKI.png","contentUrl":"https:\/\/vitraaz.ee\/wp-content\/uploads\/2022\/09\/logoKI.png","width":1159,"height":458,"caption":"KLAASINTERJ\u00d6\u00d6R O\u00dc"},"image":{"@id":"https:\/\/vitraaz.ee\/fi\/#\/schema\/logo\/image\/"},"sameAs":["https:\/\/www.facebook.com\/Klaasinterjoor"]}]}},"_links":{"self":[{"href":"https:\/\/vitraaz.ee\/fi\/wp-json\/wp\/v2\/product\/6821","targetHints":{"allow":["GET"]}}],"collection":[{"href":"https:\/\/vitraaz.ee\/fi\/wp-json\/wp\/v2\/product"}],"about":[{"href":"https:\/\/vitraaz.ee\/fi\/wp-json\/wp\/v2\/types\/product"}],"version-history":[{"count":1,"href":"https:\/\/vitraaz.ee\/fi\/wp-json\/wp\/v2\/product\/6821\/revisions"}],"predecessor-version":[{"id":8074,"href":"https:\/\/vitraaz.ee\/fi\/wp-json\/wp\/v2\/product\/6821\/revisions\/8074"}],"wp:featuredmedia":[{"embeddable":true,"href":"https:\/\/vitraaz.ee\/fi\/wp-json\/wp\/v2\/media\/6366"}],"wp:attachment":[{"href":"https:\/\/vitraaz.ee\/fi\/wp-json\/wp\/v2\/media?parent=6821"}],"wp:term":[{"taxonomy":"product_brand","embeddable":true,"href":"https:\/\/vitraaz.ee\/fi\/wp-json\/wp\/v2\/product_brand?post=6821"},{"taxonomy":"product_cat","embeddable":true,"href":"https:\/\/vitraaz.ee\/fi\/wp-json\/wp\/v2\/product_cat?post=6821"},{"taxonomy":"product_tag","embeddable":true,"href":"https:\/\/vitraaz.ee\/fi\/wp-json\/wp\/v2\/product_tag?post=6821"}],"curies":[{"name":"wp","href":"https:\/\/api.w.org\/{rel}","templated":true}]}}