{"id":6819,"date":"2024-07-19T11:43:24","date_gmt":"2024-07-19T11:43:24","guid":{"rendered":"https:\/\/vitraaz.ee\/?post_type=product&#038;p=6819"},"modified":"2024-11-19T14:52:50","modified_gmt":"2024-11-19T14:52:50","slug":"serveerimisalus","status":"publish","type":"product","link":"https:\/\/vitraaz.ee\/fi\/toode\/serveerimisalus\/","title":{"rendered":"Serveerimisalus"},"content":{"rendered":"<p>Soojade oran\u017eide ja kollaste toonidega serveerimisalus. K\u00e4sit\u00f6\u00f6na valminud sulatusklaasist vaagen. Serveerimisalusel on ribiline struktuur.\u00a0See vaagen on valmistatus sulatusahjust, kus klaas vormi kuju v\u00f5tab. Serveerimisaluse valmistamisel kasutasime kollast, oran\u017ei, valget ja kirgast klaasi. L\u00e4bipaistvad ja l\u00e4bipaistatud klaasid moodustavad m\u00f5nusa ribilise r\u00fctmi. Vaagen on silmatorkavate v\u00e4rvide ent lihtsa vormiga, sobides toredaks pilgup\u00fc\u00fcdjaks. Kasuta seda kommi v\u00f5i puuviljade serveerimiseks. Serveerimisalus on m\u00f5\u00f5duga 25&#215;25 cm. Vaagen on pakendaud karpi. Vaagen sobib h\u00e4sti kinkimiseks, sest sellele on v\u00f5imalik graveerida l\u00fchemaid tekste v\u00f5i n\u00e4iteks \u00f5nnesoove. Kui soovid personaalse teksti v\u00f5i logoga toodet v\u00f5ta meiega peale ostu sooritamist e-poest \u00fchendust e-kirja teel: info@vitraaz.ee ja saada soovitud tekst v\u00f5i logo. Graveeringu maksumus 20\u20ac.<\/p>\n<p>Meie e-poes on tooted enamasti ainueksemplarid. Kui sooviksid aga samasuguseid tooteid mitu, v\u00f5ta meiega \u00fchendust ning valmistame soovitud tooted tellimuse peale. Tellimuse puhul on v\u00f5imalik toote v\u00e4rvi valida.<\/p>\n<p>Kui eelistad lillakaid toone siis<a href=\"https:\/\/vitraaz.ee\/toode\/vaagen\/\"> vaata siia!<\/a><\/p>\n","protected":false},"excerpt":{"rendered":"<p>Soojade oran\u017eide ja kollaste toonidega serveerimisalus. K\u00e4sit\u00f6\u00f6na valminud sulatusklaasist vaagen. Serveerimisalusel on ribiline struktuur.\u00a0See vaagen on valmistatus sulatusahjust, kus klaas vormi kuju v\u00f5tab. Serveerimisaluse valmistamisel kasutasime kollast, oran\u017ei, valget ja kirgast klaasi. L\u00e4bipaistvad ja l\u00e4bipaistatud klaasid moodustavad m\u00f5nusa ribilise r\u00fctmi. Vaagen on silmatorkavate v\u00e4rvide ent lihtsa vormiga, sobides toredaks pilgup\u00fc\u00fcdjaks. Kasuta seda kommi v\u00f5i puuviljade [&hellip;]<\/p>\n","protected":false},"featured_media":6528,"template":"","meta":{"_acf_changed":false},"product_brand":[],"product_cat":[35],"product_tag":[],"class_list":{"0":"post-6819","1":"product","2":"type-product","3":"status-publish","4":"has-post-thumbnail","6":"product_cat-kingitused-ja-meened","8":"first","9":"instock","10":"taxable","11":"shipping-taxable","12":"purchasable","13":"product-type-simple"},"acf":[],"yoast_head":"<!-- This site is optimized with the Yoast SEO plugin v27.3 - https:\/\/yoast.com\/product\/yoast-seo-wordpress\/ -->\n<title>Serveerimisalus - Vitraaz.ee<\/title>\n<meta name=\"description\" content=\"Serveerimisalus, mis paistab laual silma eriti s\u00e4ravate v\u00e4rvidega. Suurep\u00e4rane kingituseks. V\u00f5imalik graveerida logosid ja tekste.\" \/>\n<meta name=\"robots\" content=\"index, follow, max-snippet:-1, max-image-preview:large, max-video-preview:-1\" \/>\n<link rel=\"canonical\" href=\"https:\/\/vitraaz.ee\/fi\/toode\/serveerimisalus\/\" \/>\n<meta property=\"og:locale\" content=\"fi_FI\" \/>\n<meta property=\"og:type\" content=\"article\" \/>\n<meta property=\"og:title\" content=\"Serveerimisalus - Vitraaz.ee\" \/>\n<meta property=\"og:description\" content=\"Serveerimisalus, mis paistab laual silma eriti s\u00e4ravate v\u00e4rvidega. Suurep\u00e4rane kingituseks. V\u00f5imalik graveerida logosid ja tekste.\" \/>\n<meta property=\"og:url\" content=\"https:\/\/vitraaz.ee\/fi\/toode\/serveerimisalus\/\" \/>\n<meta property=\"og:site_name\" content=\"Vitraaz.ee\" \/>\n<meta property=\"article:publisher\" content=\"https:\/\/www.facebook.com\/Klaasinterjoor\" \/>\n<meta property=\"article:modified_time\" content=\"2024-11-19T14:52:50+00:00\" \/>\n<meta property=\"og:image\" content=\"https:\/\/vitraaz.ee\/wp-content\/uploads\/2024\/07\/or-vgn.jpg\" \/>\n\t<meta property=\"og:image:width\" content=\"1233\" \/>\n\t<meta property=\"og:image:height\" content=\"798\" \/>\n\t<meta property=\"og:image:type\" content=\"image\/jpeg\" \/>\n<meta name=\"twitter:card\" content=\"summary_large_image\" \/>\n<meta name=\"twitter:label1\" content=\"Arvioitu lukuaika\" \/>\n\t<meta name=\"twitter:data1\" content=\"1 minuutti\" \/>\n<script type=\"application\/ld+json\" class=\"yoast-schema-graph\">{\"@context\":\"https:\\\/\\\/schema.org\",\"@graph\":[{\"@type\":\"WebPage\",\"@id\":\"https:\\\/\\\/vitraaz.ee\\\/fi\\\/toode\\\/serveerimisalus\\\/\",\"url\":\"https:\\\/\\\/vitraaz.ee\\\/fi\\\/toode\\\/serveerimisalus\\\/\",\"name\":\"Serveerimisalus - Vitraaz.ee\",\"isPartOf\":{\"@id\":\"https:\\\/\\\/vitraaz.ee\\\/fi\\\/#website\"},\"primaryImageOfPage\":{\"@id\":\"https:\\\/\\\/vitraaz.ee\\\/fi\\\/toode\\\/serveerimisalus\\\/#primaryimage\"},\"image\":{\"@id\":\"https:\\\/\\\/vitraaz.ee\\\/fi\\\/toode\\\/serveerimisalus\\\/#primaryimage\"},\"thumbnailUrl\":\"https:\\\/\\\/vitraaz.ee\\\/wp-content\\\/uploads\\\/2024\\\/07\\\/or-vgn.jpg\",\"datePublished\":\"2024-07-19T11:43:24+00:00\",\"dateModified\":\"2024-11-19T14:52:50+00:00\",\"description\":\"Serveerimisalus, mis paistab laual silma eriti s\u00e4ravate v\u00e4rvidega. Suurep\u00e4rane kingituseks. V\u00f5imalik graveerida logosid ja tekste.\",\"breadcrumb\":{\"@id\":\"https:\\\/\\\/vitraaz.ee\\\/fi\\\/toode\\\/serveerimisalus\\\/#breadcrumb\"},\"inLanguage\":\"fi\",\"potentialAction\":[{\"@type\":\"ReadAction\",\"target\":[\"https:\\\/\\\/vitraaz.ee\\\/fi\\\/toode\\\/serveerimisalus\\\/\"]}]},{\"@type\":\"ImageObject\",\"inLanguage\":\"fi\",\"@id\":\"https:\\\/\\\/vitraaz.ee\\\/fi\\\/toode\\\/serveerimisalus\\\/#primaryimage\",\"url\":\"https:\\\/\\\/vitraaz.ee\\\/wp-content\\\/uploads\\\/2024\\\/07\\\/or-vgn.jpg\",\"contentUrl\":\"https:\\\/\\\/vitraaz.ee\\\/wp-content\\\/uploads\\\/2024\\\/07\\\/or-vgn.jpg\",\"width\":1233,\"height\":798,\"caption\":\"soojades toonides serveerimisalus\"},{\"@type\":\"BreadcrumbList\",\"@id\":\"https:\\\/\\\/vitraaz.ee\\\/fi\\\/toode\\\/serveerimisalus\\\/#breadcrumb\",\"itemListElement\":[{\"@type\":\"ListItem\",\"position\":1,\"name\":\"Home\",\"item\":\"https:\\\/\\\/vitraaz.ee\\\/fi\\\/\"},{\"@type\":\"ListItem\",\"position\":2,\"name\":\"Pood\",\"item\":\"https:\\\/\\\/vitraaz.ee\\\/pood\\\/\"},{\"@type\":\"ListItem\",\"position\":3,\"name\":\"Serveerimisalus\"}]},{\"@type\":\"WebSite\",\"@id\":\"https:\\\/\\\/vitraaz.ee\\\/fi\\\/#website\",\"url\":\"https:\\\/\\\/vitraaz.ee\\\/fi\\\/\",\"name\":\"Vitraaz.ee\",\"description\":\"Klaasinterj&ouml;&ouml;r\",\"publisher\":{\"@id\":\"https:\\\/\\\/vitraaz.ee\\\/fi\\\/#organization\"},\"potentialAction\":[{\"@type\":\"SearchAction\",\"target\":{\"@type\":\"EntryPoint\",\"urlTemplate\":\"https:\\\/\\\/vitraaz.ee\\\/fi\\\/?s={search_term_string}\"},\"query-input\":{\"@type\":\"PropertyValueSpecification\",\"valueRequired\":true,\"valueName\":\"search_term_string\"}}],\"inLanguage\":\"fi\"},{\"@type\":\"Organization\",\"@id\":\"https:\\\/\\\/vitraaz.ee\\\/fi\\\/#organization\",\"name\":\"KLAASINTERJ\u00d6\u00d6R O\u00dc\",\"url\":\"https:\\\/\\\/vitraaz.ee\\\/fi\\\/\",\"logo\":{\"@type\":\"ImageObject\",\"inLanguage\":\"fi\",\"@id\":\"https:\\\/\\\/vitraaz.ee\\\/fi\\\/#\\\/schema\\\/logo\\\/image\\\/\",\"url\":\"https:\\\/\\\/vitraaz.ee\\\/wp-content\\\/uploads\\\/2022\\\/09\\\/logoKI.png\",\"contentUrl\":\"https:\\\/\\\/vitraaz.ee\\\/wp-content\\\/uploads\\\/2022\\\/09\\\/logoKI.png\",\"width\":1159,\"height\":458,\"caption\":\"KLAASINTERJ\u00d6\u00d6R O\u00dc\"},\"image\":{\"@id\":\"https:\\\/\\\/vitraaz.ee\\\/fi\\\/#\\\/schema\\\/logo\\\/image\\\/\"},\"sameAs\":[\"https:\\\/\\\/www.facebook.com\\\/Klaasinterjoor\"]}]}<\/script>\n<!-- \/ Yoast SEO plugin. -->","yoast_head_json":{"title":"Serveerimisalus - Vitraaz.ee","description":"Serveerimisalus, mis paistab laual silma eriti s\u00e4ravate v\u00e4rvidega. Suurep\u00e4rane kingituseks. V\u00f5imalik graveerida logosid ja tekste.","robots":{"index":"index","follow":"follow","max-snippet":"max-snippet:-1","max-image-preview":"max-image-preview:large","max-video-preview":"max-video-preview:-1"},"canonical":"https:\/\/vitraaz.ee\/fi\/toode\/serveerimisalus\/","og_locale":"fi_FI","og_type":"article","og_title":"Serveerimisalus - Vitraaz.ee","og_description":"Serveerimisalus, mis paistab laual silma eriti s\u00e4ravate v\u00e4rvidega. Suurep\u00e4rane kingituseks. V\u00f5imalik graveerida logosid ja tekste.","og_url":"https:\/\/vitraaz.ee\/fi\/toode\/serveerimisalus\/","og_site_name":"Vitraaz.ee","article_publisher":"https:\/\/www.facebook.com\/Klaasinterjoor","article_modified_time":"2024-11-19T14:52:50+00:00","og_image":[{"width":1233,"height":798,"url":"https:\/\/vitraaz.ee\/wp-content\/uploads\/2024\/07\/or-vgn.jpg","type":"image\/jpeg"}],"twitter_card":"summary_large_image","twitter_misc":{"Arvioitu lukuaika":"1 minuutti"},"schema":{"@context":"https:\/\/schema.org","@graph":[{"@type":"WebPage","@id":"https:\/\/vitraaz.ee\/fi\/toode\/serveerimisalus\/","url":"https:\/\/vitraaz.ee\/fi\/toode\/serveerimisalus\/","name":"Serveerimisalus - Vitraaz.ee","isPartOf":{"@id":"https:\/\/vitraaz.ee\/fi\/#website"},"primaryImageOfPage":{"@id":"https:\/\/vitraaz.ee\/fi\/toode\/serveerimisalus\/#primaryimage"},"image":{"@id":"https:\/\/vitraaz.ee\/fi\/toode\/serveerimisalus\/#primaryimage"},"thumbnailUrl":"https:\/\/vitraaz.ee\/wp-content\/uploads\/2024\/07\/or-vgn.jpg","datePublished":"2024-07-19T11:43:24+00:00","dateModified":"2024-11-19T14:52:50+00:00","description":"Serveerimisalus, mis paistab laual silma eriti s\u00e4ravate v\u00e4rvidega. Suurep\u00e4rane kingituseks. V\u00f5imalik graveerida logosid ja tekste.","breadcrumb":{"@id":"https:\/\/vitraaz.ee\/fi\/toode\/serveerimisalus\/#breadcrumb"},"inLanguage":"fi","potentialAction":[{"@type":"ReadAction","target":["https:\/\/vitraaz.ee\/fi\/toode\/serveerimisalus\/"]}]},{"@type":"ImageObject","inLanguage":"fi","@id":"https:\/\/vitraaz.ee\/fi\/toode\/serveerimisalus\/#primaryimage","url":"https:\/\/vitraaz.ee\/wp-content\/uploads\/2024\/07\/or-vgn.jpg","contentUrl":"https:\/\/vitraaz.ee\/wp-content\/uploads\/2024\/07\/or-vgn.jpg","width":1233,"height":798,"caption":"soojades toonides serveerimisalus"},{"@type":"BreadcrumbList","@id":"https:\/\/vitraaz.ee\/fi\/toode\/serveerimisalus\/#breadcrumb","itemListElement":[{"@type":"ListItem","position":1,"name":"Home","item":"https:\/\/vitraaz.ee\/fi\/"},{"@type":"ListItem","position":2,"name":"Pood","item":"https:\/\/vitraaz.ee\/pood\/"},{"@type":"ListItem","position":3,"name":"Serveerimisalus"}]},{"@type":"WebSite","@id":"https:\/\/vitraaz.ee\/fi\/#website","url":"https:\/\/vitraaz.ee\/fi\/","name":"Vitraaz.ee","description":"Klaasinterj&ouml;&ouml;r","publisher":{"@id":"https:\/\/vitraaz.ee\/fi\/#organization"},"potentialAction":[{"@type":"SearchAction","target":{"@type":"EntryPoint","urlTemplate":"https:\/\/vitraaz.ee\/fi\/?s={search_term_string}"},"query-input":{"@type":"PropertyValueSpecification","valueRequired":true,"valueName":"search_term_string"}}],"inLanguage":"fi"},{"@type":"Organization","@id":"https:\/\/vitraaz.ee\/fi\/#organization","name":"KLAASINTERJ\u00d6\u00d6R O\u00dc","url":"https:\/\/vitraaz.ee\/fi\/","logo":{"@type":"ImageObject","inLanguage":"fi","@id":"https:\/\/vitraaz.ee\/fi\/#\/schema\/logo\/image\/","url":"https:\/\/vitraaz.ee\/wp-content\/uploads\/2022\/09\/logoKI.png","contentUrl":"https:\/\/vitraaz.ee\/wp-content\/uploads\/2022\/09\/logoKI.png","width":1159,"height":458,"caption":"KLAASINTERJ\u00d6\u00d6R O\u00dc"},"image":{"@id":"https:\/\/vitraaz.ee\/fi\/#\/schema\/logo\/image\/"},"sameAs":["https:\/\/www.facebook.com\/Klaasinterjoor"]}]}},"_links":{"self":[{"href":"https:\/\/vitraaz.ee\/fi\/wp-json\/wp\/v2\/product\/6819","targetHints":{"allow":["GET"]}}],"collection":[{"href":"https:\/\/vitraaz.ee\/fi\/wp-json\/wp\/v2\/product"}],"about":[{"href":"https:\/\/vitraaz.ee\/fi\/wp-json\/wp\/v2\/types\/product"}],"version-history":[{"count":2,"href":"https:\/\/vitraaz.ee\/fi\/wp-json\/wp\/v2\/product\/6819\/revisions"}],"predecessor-version":[{"id":7958,"href":"https:\/\/vitraaz.ee\/fi\/wp-json\/wp\/v2\/product\/6819\/revisions\/7958"}],"wp:featuredmedia":[{"embeddable":true,"href":"https:\/\/vitraaz.ee\/fi\/wp-json\/wp\/v2\/media\/6528"}],"wp:attachment":[{"href":"https:\/\/vitraaz.ee\/fi\/wp-json\/wp\/v2\/media?parent=6819"}],"wp:term":[{"taxonomy":"product_brand","embeddable":true,"href":"https:\/\/vitraaz.ee\/fi\/wp-json\/wp\/v2\/product_brand?post=6819"},{"taxonomy":"product_cat","embeddable":true,"href":"https:\/\/vitraaz.ee\/fi\/wp-json\/wp\/v2\/product_cat?post=6819"},{"taxonomy":"product_tag","embeddable":true,"href":"https:\/\/vitraaz.ee\/fi\/wp-json\/wp\/v2\/product_tag?post=6819"}],"curies":[{"name":"wp","href":"https:\/\/api.w.org\/{rel}","templated":true}]}}