{"id":6817,"date":"2024-07-17T22:25:49","date_gmt":"2024-07-17T22:25:49","guid":{"rendered":"https:\/\/vitraaz.ee\/?post_type=product&#038;p=6817"},"modified":"2024-11-19T15:01:03","modified_gmt":"2024-11-19T15:01:03","slug":"elektrisinine-ehe","status":"publish","type":"product","link":"https:\/\/vitraaz.ee\/fi\/toode\/elektrisinine-ehe\/","title":{"rendered":"Elektrisinine ehe"},"content":{"rendered":"<p>Elektrisinine ehe sobib julgele naisele! Ehte valmistamisel on kasutatud dikroidklaasi. Dikroidklaasi pinnal on metallioksiidide kihid, mis erineva valguse ja nurga all\u00a0 muudavad v\u00e4rvitooni. Selle elektrisinisel ehte pinnal v\u00f5ib lisaks v\u00e4rvitoonide sillerdusele m\u00e4rgata nahkjat struktuuri. Ehte n\u00f5tke ja kitsas klaasist detail v\u00f5imaldab k\u00e4el vabalt liikuda. Samas on ehe oma julge v\u00e4rviga pilkup\u00fc\u00fcdev. Ehte lihtne vorm v\u00f5imaldab seda kanda hallil argip\u00e4eval, mis veidi r\u00f5\u00f5mu vajab kui ka pidulikumatel puhkudel. Sinine r\u00f5hutab sinu enesekindlust ja sisemist rahu. Ehe kinnitub randmele lihtsasti truki abil. Et sinu uus k\u00e4e-ehe v\u00f5imalikult h\u00e4sti k\u00e4ele sobituks, oleks kindlasti vaja m\u00f5\u00f5ta oma k\u00e4e \u00fcmberm\u00f5\u00f5t just sellest kohast kus ehet meelsasti kannaksid. See ehe sobitub k\u00f5ige paremini k\u00e4ele, mille \u00fcmberm\u00f5\u00f5t on 18 cm. K\u00e4eehte nahast rihm on laiusega 1,6 cm. Ehe on pakendatud karpi.<\/p>\n<p>Kui sinine onn sinu lemmik vaata ka seda <a href=\"https:\/\/vitraaz.ee\/toode\/sinine-kaevoru\/\">k\u00e4eehet!<\/a><\/p>\n","protected":false},"excerpt":{"rendered":"<p>Elektrisinine ehe sobib julgele naisele! Ehte valmistamisel on kasutatud dikroidklaasi. Dikroidklaasi pinnal on metallioksiidide kihid, mis erineva valguse ja nurga all\u00a0 muudavad v\u00e4rvitooni. Selle elektrisinisel ehte pinnal v\u00f5ib lisaks v\u00e4rvitoonide sillerdusele m\u00e4rgata nahkjat struktuuri. Ehte n\u00f5tke ja kitsas klaasist detail v\u00f5imaldab k\u00e4el vabalt liikuda. Samas on ehe oma julge v\u00e4rviga pilkup\u00fc\u00fcdev. Ehte lihtne vorm v\u00f5imaldab [&hellip;]<\/p>\n","protected":false},"featured_media":6588,"template":"","meta":{"_acf_changed":false},"product_brand":[],"product_cat":[39],"product_tag":[],"class_list":{"0":"post-6817","1":"product","2":"type-product","3":"status-publish","4":"has-post-thumbnail","6":"product_cat-ehted","8":"first","9":"instock","10":"taxable","11":"shipping-taxable","12":"purchasable","13":"product-type-simple"},"acf":[],"yoast_head":"<!-- This site is optimized with the Yoast SEO plugin v27.3 - https:\/\/yoast.com\/product\/yoast-seo-wordpress\/ -->\n<title>Elektrisinine ehe - Vitraaz.ee<\/title>\n<meta name=\"description\" content=\"J\u00f5uline elektrisinine ehe julgele naisele. Ehtel on pehme nahast rihm. Kanna seda ehet argip\u00e4evale v\u00e4rvi lisamiseks v\u00f5i pidulikul s\u00fcndmusel.\" \/>\n<meta name=\"robots\" content=\"index, follow, max-snippet:-1, max-image-preview:large, max-video-preview:-1\" \/>\n<link rel=\"canonical\" href=\"https:\/\/vitraaz.ee\/fi\/toode\/elektrisinine-ehe\/\" \/>\n<meta property=\"og:locale\" content=\"fi_FI\" \/>\n<meta property=\"og:type\" content=\"article\" \/>\n<meta property=\"og:title\" content=\"Elektrisinine ehe - Vitraaz.ee\" \/>\n<meta property=\"og:description\" content=\"J\u00f5uline elektrisinine ehe julgele naisele. Ehtel on pehme nahast rihm. Kanna seda ehet argip\u00e4evale v\u00e4rvi lisamiseks v\u00f5i pidulikul s\u00fcndmusel.\" \/>\n<meta property=\"og:url\" content=\"https:\/\/vitraaz.ee\/fi\/toode\/elektrisinine-ehe\/\" \/>\n<meta property=\"og:site_name\" content=\"Vitraaz.ee\" \/>\n<meta property=\"article:publisher\" content=\"https:\/\/www.facebook.com\/Klaasinterjoor\" \/>\n<meta property=\"article:modified_time\" content=\"2024-11-19T15:01:03+00:00\" \/>\n<meta property=\"og:image\" content=\"https:\/\/vitraaz.ee\/wp-content\/uploads\/2024\/07\/tum-sin-kitsas.jpg\" \/>\n\t<meta property=\"og:image:width\" content=\"1200\" \/>\n\t<meta property=\"og:image:height\" content=\"798\" \/>\n\t<meta property=\"og:image:type\" content=\"image\/jpeg\" \/>\n<meta name=\"twitter:card\" content=\"summary_large_image\" \/>\n<meta name=\"twitter:label1\" content=\"Arvioitu lukuaika\" \/>\n\t<meta name=\"twitter:data1\" content=\"1 minuutti\" \/>\n<script type=\"application\/ld+json\" class=\"yoast-schema-graph\">{\"@context\":\"https:\\\/\\\/schema.org\",\"@graph\":[{\"@type\":\"WebPage\",\"@id\":\"https:\\\/\\\/vitraaz.ee\\\/fi\\\/toode\\\/elektrisinine-ehe\\\/\",\"url\":\"https:\\\/\\\/vitraaz.ee\\\/fi\\\/toode\\\/elektrisinine-ehe\\\/\",\"name\":\"Elektrisinine ehe - Vitraaz.ee\",\"isPartOf\":{\"@id\":\"https:\\\/\\\/vitraaz.ee\\\/fi\\\/#website\"},\"primaryImageOfPage\":{\"@id\":\"https:\\\/\\\/vitraaz.ee\\\/fi\\\/toode\\\/elektrisinine-ehe\\\/#primaryimage\"},\"image\":{\"@id\":\"https:\\\/\\\/vitraaz.ee\\\/fi\\\/toode\\\/elektrisinine-ehe\\\/#primaryimage\"},\"thumbnailUrl\":\"https:\\\/\\\/vitraaz.ee\\\/wp-content\\\/uploads\\\/2024\\\/07\\\/tum-sin-kitsas.jpg\",\"datePublished\":\"2024-07-17T22:25:49+00:00\",\"dateModified\":\"2024-11-19T15:01:03+00:00\",\"description\":\"J\u00f5uline elektrisinine ehe julgele naisele. Ehtel on pehme nahast rihm. Kanna seda ehet argip\u00e4evale v\u00e4rvi lisamiseks v\u00f5i pidulikul s\u00fcndmusel.\",\"breadcrumb\":{\"@id\":\"https:\\\/\\\/vitraaz.ee\\\/fi\\\/toode\\\/elektrisinine-ehe\\\/#breadcrumb\"},\"inLanguage\":\"fi\",\"potentialAction\":[{\"@type\":\"ReadAction\",\"target\":[\"https:\\\/\\\/vitraaz.ee\\\/fi\\\/toode\\\/elektrisinine-ehe\\\/\"]}]},{\"@type\":\"ImageObject\",\"inLanguage\":\"fi\",\"@id\":\"https:\\\/\\\/vitraaz.ee\\\/fi\\\/toode\\\/elektrisinine-ehe\\\/#primaryimage\",\"url\":\"https:\\\/\\\/vitraaz.ee\\\/wp-content\\\/uploads\\\/2024\\\/07\\\/tum-sin-kitsas.jpg\",\"contentUrl\":\"https:\\\/\\\/vitraaz.ee\\\/wp-content\\\/uploads\\\/2024\\\/07\\\/tum-sin-kitsas.jpg\",\"width\":1200,\"height\":798,\"caption\":\"k\u00e4eehe elektrisinine\"},{\"@type\":\"BreadcrumbList\",\"@id\":\"https:\\\/\\\/vitraaz.ee\\\/fi\\\/toode\\\/elektrisinine-ehe\\\/#breadcrumb\",\"itemListElement\":[{\"@type\":\"ListItem\",\"position\":1,\"name\":\"Home\",\"item\":\"https:\\\/\\\/vitraaz.ee\\\/fi\\\/\"},{\"@type\":\"ListItem\",\"position\":2,\"name\":\"Pood\",\"item\":\"https:\\\/\\\/vitraaz.ee\\\/pood\\\/\"},{\"@type\":\"ListItem\",\"position\":3,\"name\":\"Elektrisinine ehe\"}]},{\"@type\":\"WebSite\",\"@id\":\"https:\\\/\\\/vitraaz.ee\\\/fi\\\/#website\",\"url\":\"https:\\\/\\\/vitraaz.ee\\\/fi\\\/\",\"name\":\"Vitraaz.ee\",\"description\":\"Klaasinterj&ouml;&ouml;r\",\"publisher\":{\"@id\":\"https:\\\/\\\/vitraaz.ee\\\/fi\\\/#organization\"},\"potentialAction\":[{\"@type\":\"SearchAction\",\"target\":{\"@type\":\"EntryPoint\",\"urlTemplate\":\"https:\\\/\\\/vitraaz.ee\\\/fi\\\/?s={search_term_string}\"},\"query-input\":{\"@type\":\"PropertyValueSpecification\",\"valueRequired\":true,\"valueName\":\"search_term_string\"}}],\"inLanguage\":\"fi\"},{\"@type\":\"Organization\",\"@id\":\"https:\\\/\\\/vitraaz.ee\\\/fi\\\/#organization\",\"name\":\"KLAASINTERJ\u00d6\u00d6R O\u00dc\",\"url\":\"https:\\\/\\\/vitraaz.ee\\\/fi\\\/\",\"logo\":{\"@type\":\"ImageObject\",\"inLanguage\":\"fi\",\"@id\":\"https:\\\/\\\/vitraaz.ee\\\/fi\\\/#\\\/schema\\\/logo\\\/image\\\/\",\"url\":\"https:\\\/\\\/vitraaz.ee\\\/wp-content\\\/uploads\\\/2022\\\/09\\\/logoKI.png\",\"contentUrl\":\"https:\\\/\\\/vitraaz.ee\\\/wp-content\\\/uploads\\\/2022\\\/09\\\/logoKI.png\",\"width\":1159,\"height\":458,\"caption\":\"KLAASINTERJ\u00d6\u00d6R O\u00dc\"},\"image\":{\"@id\":\"https:\\\/\\\/vitraaz.ee\\\/fi\\\/#\\\/schema\\\/logo\\\/image\\\/\"},\"sameAs\":[\"https:\\\/\\\/www.facebook.com\\\/Klaasinterjoor\"]}]}<\/script>\n<!-- \/ Yoast SEO plugin. -->","yoast_head_json":{"title":"Elektrisinine ehe - Vitraaz.ee","description":"J\u00f5uline elektrisinine ehe julgele naisele. Ehtel on pehme nahast rihm. Kanna seda ehet argip\u00e4evale v\u00e4rvi lisamiseks v\u00f5i pidulikul s\u00fcndmusel.","robots":{"index":"index","follow":"follow","max-snippet":"max-snippet:-1","max-image-preview":"max-image-preview:large","max-video-preview":"max-video-preview:-1"},"canonical":"https:\/\/vitraaz.ee\/fi\/toode\/elektrisinine-ehe\/","og_locale":"fi_FI","og_type":"article","og_title":"Elektrisinine ehe - Vitraaz.ee","og_description":"J\u00f5uline elektrisinine ehe julgele naisele. Ehtel on pehme nahast rihm. Kanna seda ehet argip\u00e4evale v\u00e4rvi lisamiseks v\u00f5i pidulikul s\u00fcndmusel.","og_url":"https:\/\/vitraaz.ee\/fi\/toode\/elektrisinine-ehe\/","og_site_name":"Vitraaz.ee","article_publisher":"https:\/\/www.facebook.com\/Klaasinterjoor","article_modified_time":"2024-11-19T15:01:03+00:00","og_image":[{"width":1200,"height":798,"url":"https:\/\/vitraaz.ee\/wp-content\/uploads\/2024\/07\/tum-sin-kitsas.jpg","type":"image\/jpeg"}],"twitter_card":"summary_large_image","twitter_misc":{"Arvioitu lukuaika":"1 minuutti"},"schema":{"@context":"https:\/\/schema.org","@graph":[{"@type":"WebPage","@id":"https:\/\/vitraaz.ee\/fi\/toode\/elektrisinine-ehe\/","url":"https:\/\/vitraaz.ee\/fi\/toode\/elektrisinine-ehe\/","name":"Elektrisinine ehe - Vitraaz.ee","isPartOf":{"@id":"https:\/\/vitraaz.ee\/fi\/#website"},"primaryImageOfPage":{"@id":"https:\/\/vitraaz.ee\/fi\/toode\/elektrisinine-ehe\/#primaryimage"},"image":{"@id":"https:\/\/vitraaz.ee\/fi\/toode\/elektrisinine-ehe\/#primaryimage"},"thumbnailUrl":"https:\/\/vitraaz.ee\/wp-content\/uploads\/2024\/07\/tum-sin-kitsas.jpg","datePublished":"2024-07-17T22:25:49+00:00","dateModified":"2024-11-19T15:01:03+00:00","description":"J\u00f5uline elektrisinine ehe julgele naisele. Ehtel on pehme nahast rihm. Kanna seda ehet argip\u00e4evale v\u00e4rvi lisamiseks v\u00f5i pidulikul s\u00fcndmusel.","breadcrumb":{"@id":"https:\/\/vitraaz.ee\/fi\/toode\/elektrisinine-ehe\/#breadcrumb"},"inLanguage":"fi","potentialAction":[{"@type":"ReadAction","target":["https:\/\/vitraaz.ee\/fi\/toode\/elektrisinine-ehe\/"]}]},{"@type":"ImageObject","inLanguage":"fi","@id":"https:\/\/vitraaz.ee\/fi\/toode\/elektrisinine-ehe\/#primaryimage","url":"https:\/\/vitraaz.ee\/wp-content\/uploads\/2024\/07\/tum-sin-kitsas.jpg","contentUrl":"https:\/\/vitraaz.ee\/wp-content\/uploads\/2024\/07\/tum-sin-kitsas.jpg","width":1200,"height":798,"caption":"k\u00e4eehe elektrisinine"},{"@type":"BreadcrumbList","@id":"https:\/\/vitraaz.ee\/fi\/toode\/elektrisinine-ehe\/#breadcrumb","itemListElement":[{"@type":"ListItem","position":1,"name":"Home","item":"https:\/\/vitraaz.ee\/fi\/"},{"@type":"ListItem","position":2,"name":"Pood","item":"https:\/\/vitraaz.ee\/pood\/"},{"@type":"ListItem","position":3,"name":"Elektrisinine ehe"}]},{"@type":"WebSite","@id":"https:\/\/vitraaz.ee\/fi\/#website","url":"https:\/\/vitraaz.ee\/fi\/","name":"Vitraaz.ee","description":"Klaasinterj&ouml;&ouml;r","publisher":{"@id":"https:\/\/vitraaz.ee\/fi\/#organization"},"potentialAction":[{"@type":"SearchAction","target":{"@type":"EntryPoint","urlTemplate":"https:\/\/vitraaz.ee\/fi\/?s={search_term_string}"},"query-input":{"@type":"PropertyValueSpecification","valueRequired":true,"valueName":"search_term_string"}}],"inLanguage":"fi"},{"@type":"Organization","@id":"https:\/\/vitraaz.ee\/fi\/#organization","name":"KLAASINTERJ\u00d6\u00d6R O\u00dc","url":"https:\/\/vitraaz.ee\/fi\/","logo":{"@type":"ImageObject","inLanguage":"fi","@id":"https:\/\/vitraaz.ee\/fi\/#\/schema\/logo\/image\/","url":"https:\/\/vitraaz.ee\/wp-content\/uploads\/2022\/09\/logoKI.png","contentUrl":"https:\/\/vitraaz.ee\/wp-content\/uploads\/2022\/09\/logoKI.png","width":1159,"height":458,"caption":"KLAASINTERJ\u00d6\u00d6R O\u00dc"},"image":{"@id":"https:\/\/vitraaz.ee\/fi\/#\/schema\/logo\/image\/"},"sameAs":["https:\/\/www.facebook.com\/Klaasinterjoor"]}]}},"_links":{"self":[{"href":"https:\/\/vitraaz.ee\/fi\/wp-json\/wp\/v2\/product\/6817","targetHints":{"allow":["GET"]}}],"collection":[{"href":"https:\/\/vitraaz.ee\/fi\/wp-json\/wp\/v2\/product"}],"about":[{"href":"https:\/\/vitraaz.ee\/fi\/wp-json\/wp\/v2\/types\/product"}],"version-history":[{"count":2,"href":"https:\/\/vitraaz.ee\/fi\/wp-json\/wp\/v2\/product\/6817\/revisions"}],"predecessor-version":[{"id":7960,"href":"https:\/\/vitraaz.ee\/fi\/wp-json\/wp\/v2\/product\/6817\/revisions\/7960"}],"wp:featuredmedia":[{"embeddable":true,"href":"https:\/\/vitraaz.ee\/fi\/wp-json\/wp\/v2\/media\/6588"}],"wp:attachment":[{"href":"https:\/\/vitraaz.ee\/fi\/wp-json\/wp\/v2\/media?parent=6817"}],"wp:term":[{"taxonomy":"product_brand","embeddable":true,"href":"https:\/\/vitraaz.ee\/fi\/wp-json\/wp\/v2\/product_brand?post=6817"},{"taxonomy":"product_cat","embeddable":true,"href":"https:\/\/vitraaz.ee\/fi\/wp-json\/wp\/v2\/product_cat?post=6817"},{"taxonomy":"product_tag","embeddable":true,"href":"https:\/\/vitraaz.ee\/fi\/wp-json\/wp\/v2\/product_tag?post=6817"}],"curies":[{"name":"wp","href":"https:\/\/api.w.org\/{rel}","templated":true}]}}