{"id":6404,"date":"2024-06-28T10:54:41","date_gmt":"2024-06-28T10:54:41","guid":{"rendered":"https:\/\/vitraaz.ee\/?post_type=product&#038;p=6404"},"modified":"2024-07-15T22:58:12","modified_gmt":"2024-07-15T22:58:12","slug":"akna-vitraaz-vaadid","status":"publish","type":"product","link":"https:\/\/vitraaz.ee\/fi\/toode\/akna-vitraaz-vaadid\/","title":{"rendered":"akna vitraa\u017e &#8221;V\u00e4\u00e4did&#8221;"},"content":{"rendered":"<p>Akna vitraa\u017e &#8221;V\u00e4\u00e4did&#8221; on tiffany tehnikas valminud v\u00e4ike vitraa\u017e. &#8221;V\u00e4\u00e4did&#8221; voolavad vabalt \u00fcle klaasi nii nagu nad seda looduseski teevad. Vitraa\u017eis on kasutatud erinevaid siniseid ja rohelisi rahulikke toone. Vitraa\u017eis kasutatud erinevate struktuuridega j\u00e4\u00e4klaasid panevad vitraa\u017ei pinna p\u00f5nevalt elama ja valguses sillerdama. Lisatud on matistatud jooni ja taimemotiiv. Kunstniku poolt kujundatud ja valmistatud akna vitraa\u017e on armas ja eriline kingitus. Vitraa\u017e sobib h\u00e4sti aknale p\u00e4ikest p\u00fc\u00fcdma ja r\u00f5\u00f5mustama kingi saajat, olgu selleks siis \u00f5petaja, ema v\u00f5i vanaema. Vitraa\u017ei m\u00f5\u00f5t on 17&#215;33 cm. Loodusest inspireeritud aknavitraa\u017ee v\u00f5ib leida Klaasinterj\u00f6\u00f6ri e-poest veel teisigi: <a href=\"https:\/\/vitraaz.ee\/toode\/vitraaz-sirgub\/\">vaata siia! <\/a><\/p>\n<h1>Vitraa\u017ei riputamine on lihtne<\/h1>\n<p>Kui tundub, et vitraa\u017ei riputamine aknale v\u00f5ib olla keeruline, siis ei pea muretsema, sest koos vitraa\u017eiga saab koheselt tellida ka spetsiaalsed riputuskonksud. Neid on h\u00f5lbus lahti k\u00e4iva akna raami \u00fclaserva paigutada lihtsalt akent avades. Konksude puhul ei pea puurima auke v\u00f5i midagi akna raamile kleepima. Sobilikud konksud leiad <a href=\"https:\/\/vitraaz.ee\/toode\/vitraazi-riputuskonksud-aknale\/\">Klaasinterj\u00f6\u00f6ri e-poest.\u00a0<\/a><\/p>\n<h1>Eritellimused<\/h1>\n<p>K\u00f5ik Klaasinterj\u00f6\u00f6ri e-poes m\u00fc\u00fcgil olevad v\u00e4ikesed riputatavad aknavitraa\u017eid on kunstniku poolt kavandatud ja valmistatud ainueksemplarid, seet\u00f5ttu ei ole neid v\u00f5imalik otse e-poest tellida rohkem kui \u00fcks. Kui Teil on siiski soov tellida rohkem vitraa\u017ee, n\u00e4iteks kollektiivsete kingituste puhul, soovitame tellimuse esitada e-kirja teel. Sellisel juhul peab arvestama veidi pikema tellimusajaga. Mitme vitraa\u017ei tellimise puhul v\u00f5iks arvestada tellimuse t\u00e4itmise ajaks v\u00e4hemalt 7 p\u00e4eva. E-kirja teel v\u00f5ib meile edastada ka erisoove, n\u00e4iteks kui soovite vitraa\u017eile graveeringut. Graveering v\u00f5ib sisaldada nii s\u00fcmboleid, nt logo kui ka teksti. Hoiduda v\u00f5iks liiga pikkadest tekstidest, et k\u00f5ik oluline v\u00e4ikesele vitraa\u017eile kindlasti peale mahuks. Lisatud graveeringu puhul peaks arvestama ka lisatasuga 10-20 \u20ac olenevalt t\u00f6\u00f6 keerukusest.<\/p>\n<p>Klaasinterj\u00f6\u00f6ri klaasistuudios valmistavad vitraa\u017ee kunstnikud Anu Suvi ja Sandra Allemann. M\u00f5lemad kunstnikud on l\u00f5petanud Eesti Kunstiakadeemia. Klaasinterj\u00f6\u00f6ri klaasistuudio on tegutsenud juba aastast 2002, ning valmistanud vitraa\u017ee v\u00e4ga paljudesse Eesti kodudesse ja avalikesse ruumidesse. Klaasinterj\u00f6\u00f6ri kunstnike k\u00e4ekiri on alati olnud inspireeritud loodusest, pehme ja detailirohke. <a href=\"https:\/\/vitraaz.ee\/vitraaz\/\">L\u00e4hemalt saab Klaasinterj\u00f6\u00f6riga tutvuda siin!<\/a><\/p>\n","protected":false},"excerpt":{"rendered":"<p>Akna vitraa\u017e &#8221;V\u00e4\u00e4did&#8221; on tiffany tehnikas valminud v\u00e4ike vitraa\u017e. &#8221;V\u00e4\u00e4did&#8221; voolavad vabalt \u00fcle klaasi nii nagu nad seda looduseski teevad. Vitraa\u017eis on kasutatud erinevaid siniseid ja rohelisi rahulikke toone. Vitraa\u017eis kasutatud erinevate struktuuridega j\u00e4\u00e4klaasid panevad vitraa\u017ei pinna p\u00f5nevalt elama ja valguses sillerdama. Lisatud on matistatud jooni ja taimemotiiv. Kunstniku poolt kujundatud ja valmistatud akna vitraa\u017e [&hellip;]<\/p>\n","protected":false},"featured_media":6306,"template":"","meta":{"_acf_changed":false},"product_brand":[],"product_cat":[47],"product_tag":[146,145,151,150,149,147,148],"class_list":{"0":"post-6404","1":"product","2":"type-product","3":"status-publish","4":"has-post-thumbnail","6":"product_cat-vitraazid","7":"product_tag-eriline-kingitus","8":"product_tag-ilus-kingitus","9":"product_tag-kingitus-emale","10":"product_tag-kingitus-vanaemale","11":"product_tag-riputatav-vitraaz","12":"product_tag-vaike-vitraaz","13":"product_tag-vitraaz-kingituseks","15":"first","16":"instock","17":"taxable","18":"shipping-taxable","19":"purchasable","20":"product-type-simple"},"acf":[],"yoast_head":"<!-- This site is optimized with the Yoast SEO plugin v27.3 - https:\/\/yoast.com\/product\/yoast-seo-wordpress\/ -->\n<title>akna vitraa\u017e &#039;&#039;V\u00e4\u00e4did&#039;&#039; - Vitraaz.ee<\/title>\n<meta name=\"description\" content=\"Akna vitraa\u017e &#039;&#039;V\u00e4\u00e4did&#039;&#039; on loodusest inspireeritud nagu paljud Klaasinterj\u00f6\u00f6ri stuudios kujundatud ja valmistatud vitraa\u017eid. Tutvu valikuga vitraaz.ee\/pood\" \/>\n<meta name=\"robots\" content=\"index, follow, max-snippet:-1, max-image-preview:large, max-video-preview:-1\" \/>\n<link rel=\"canonical\" href=\"https:\/\/vitraaz.ee\/fi\/toode\/akna-vitraaz-vaadid\/\" \/>\n<meta property=\"og:locale\" content=\"fi_FI\" \/>\n<meta property=\"og:type\" content=\"article\" \/>\n<meta property=\"og:title\" content=\"akna vitraa\u017e &#039;&#039;V\u00e4\u00e4did&#039;&#039; - Vitraaz.ee\" \/>\n<meta property=\"og:description\" content=\"Akna vitraa\u017e &#039;&#039;V\u00e4\u00e4did&#039;&#039; on loodusest inspireeritud nagu paljud Klaasinterj\u00f6\u00f6ri stuudios kujundatud ja valmistatud vitraa\u017eid. Tutvu valikuga vitraaz.ee\/pood\" \/>\n<meta property=\"og:url\" content=\"https:\/\/vitraaz.ee\/fi\/toode\/akna-vitraaz-vaadid\/\" \/>\n<meta property=\"og:site_name\" content=\"Vitraaz.ee\" \/>\n<meta property=\"article:publisher\" content=\"https:\/\/www.facebook.com\/Klaasinterjoor\" \/>\n<meta property=\"article:modified_time\" content=\"2024-07-15T22:58:12+00:00\" \/>\n<meta property=\"og:image\" content=\"https:\/\/vitraaz.ee\/wp-content\/uploads\/2024\/06\/Hsin1.jpg\" \/>\n\t<meta property=\"og:image:width\" content=\"546\" \/>\n\t<meta property=\"og:image:height\" content=\"798\" \/>\n\t<meta property=\"og:image:type\" content=\"image\/jpeg\" \/>\n<meta name=\"twitter:card\" content=\"summary_large_image\" \/>\n<meta name=\"twitter:label1\" content=\"Arvioitu lukuaika\" \/>\n\t<meta name=\"twitter:data1\" content=\"2 minuuttia\" \/>\n<script type=\"application\/ld+json\" class=\"yoast-schema-graph\">{\"@context\":\"https:\\\/\\\/schema.org\",\"@graph\":[{\"@type\":\"WebPage\",\"@id\":\"https:\\\/\\\/vitraaz.ee\\\/fi\\\/toode\\\/akna-vitraaz-vaadid\\\/\",\"url\":\"https:\\\/\\\/vitraaz.ee\\\/fi\\\/toode\\\/akna-vitraaz-vaadid\\\/\",\"name\":\"akna vitraa\u017e ''V\u00e4\u00e4did'' - Vitraaz.ee\",\"isPartOf\":{\"@id\":\"https:\\\/\\\/vitraaz.ee\\\/fi\\\/#website\"},\"primaryImageOfPage\":{\"@id\":\"https:\\\/\\\/vitraaz.ee\\\/fi\\\/toode\\\/akna-vitraaz-vaadid\\\/#primaryimage\"},\"image\":{\"@id\":\"https:\\\/\\\/vitraaz.ee\\\/fi\\\/toode\\\/akna-vitraaz-vaadid\\\/#primaryimage\"},\"thumbnailUrl\":\"https:\\\/\\\/vitraaz.ee\\\/wp-content\\\/uploads\\\/2024\\\/06\\\/Hsin1.jpg\",\"datePublished\":\"2024-06-28T10:54:41+00:00\",\"dateModified\":\"2024-07-15T22:58:12+00:00\",\"description\":\"Akna vitraa\u017e ''V\u00e4\u00e4did'' on loodusest inspireeritud nagu paljud Klaasinterj\u00f6\u00f6ri stuudios kujundatud ja valmistatud vitraa\u017eid. Tutvu valikuga vitraaz.ee\\\/pood\",\"breadcrumb\":{\"@id\":\"https:\\\/\\\/vitraaz.ee\\\/fi\\\/toode\\\/akna-vitraaz-vaadid\\\/#breadcrumb\"},\"inLanguage\":\"fi\",\"potentialAction\":[{\"@type\":\"ReadAction\",\"target\":[\"https:\\\/\\\/vitraaz.ee\\\/fi\\\/toode\\\/akna-vitraaz-vaadid\\\/\"]}]},{\"@type\":\"ImageObject\",\"inLanguage\":\"fi\",\"@id\":\"https:\\\/\\\/vitraaz.ee\\\/fi\\\/toode\\\/akna-vitraaz-vaadid\\\/#primaryimage\",\"url\":\"https:\\\/\\\/vitraaz.ee\\\/wp-content\\\/uploads\\\/2024\\\/06\\\/Hsin1.jpg\",\"contentUrl\":\"https:\\\/\\\/vitraaz.ee\\\/wp-content\\\/uploads\\\/2024\\\/06\\\/Hsin1.jpg\",\"width\":546,\"height\":798,\"caption\":\"Akna vitraa\u017e kingituseks\"},{\"@type\":\"BreadcrumbList\",\"@id\":\"https:\\\/\\\/vitraaz.ee\\\/fi\\\/toode\\\/akna-vitraaz-vaadid\\\/#breadcrumb\",\"itemListElement\":[{\"@type\":\"ListItem\",\"position\":1,\"name\":\"Home\",\"item\":\"https:\\\/\\\/vitraaz.ee\\\/fi\\\/\"},{\"@type\":\"ListItem\",\"position\":2,\"name\":\"Pood\",\"item\":\"https:\\\/\\\/vitraaz.ee\\\/pood\\\/\"},{\"@type\":\"ListItem\",\"position\":3,\"name\":\"akna vitraa\u017e &#8221;V\u00e4\u00e4did&#8221;\"}]},{\"@type\":\"WebSite\",\"@id\":\"https:\\\/\\\/vitraaz.ee\\\/fi\\\/#website\",\"url\":\"https:\\\/\\\/vitraaz.ee\\\/fi\\\/\",\"name\":\"Vitraaz.ee\",\"description\":\"Klaasinterj&ouml;&ouml;r\",\"publisher\":{\"@id\":\"https:\\\/\\\/vitraaz.ee\\\/fi\\\/#organization\"},\"potentialAction\":[{\"@type\":\"SearchAction\",\"target\":{\"@type\":\"EntryPoint\",\"urlTemplate\":\"https:\\\/\\\/vitraaz.ee\\\/fi\\\/?s={search_term_string}\"},\"query-input\":{\"@type\":\"PropertyValueSpecification\",\"valueRequired\":true,\"valueName\":\"search_term_string\"}}],\"inLanguage\":\"fi\"},{\"@type\":\"Organization\",\"@id\":\"https:\\\/\\\/vitraaz.ee\\\/fi\\\/#organization\",\"name\":\"KLAASINTERJ\u00d6\u00d6R O\u00dc\",\"url\":\"https:\\\/\\\/vitraaz.ee\\\/fi\\\/\",\"logo\":{\"@type\":\"ImageObject\",\"inLanguage\":\"fi\",\"@id\":\"https:\\\/\\\/vitraaz.ee\\\/fi\\\/#\\\/schema\\\/logo\\\/image\\\/\",\"url\":\"https:\\\/\\\/vitraaz.ee\\\/wp-content\\\/uploads\\\/2022\\\/09\\\/logoKI.png\",\"contentUrl\":\"https:\\\/\\\/vitraaz.ee\\\/wp-content\\\/uploads\\\/2022\\\/09\\\/logoKI.png\",\"width\":1159,\"height\":458,\"caption\":\"KLAASINTERJ\u00d6\u00d6R O\u00dc\"},\"image\":{\"@id\":\"https:\\\/\\\/vitraaz.ee\\\/fi\\\/#\\\/schema\\\/logo\\\/image\\\/\"},\"sameAs\":[\"https:\\\/\\\/www.facebook.com\\\/Klaasinterjoor\"]}]}<\/script>\n<!-- \/ Yoast SEO plugin. -->","yoast_head_json":{"title":"akna vitraa\u017e ''V\u00e4\u00e4did'' - Vitraaz.ee","description":"Akna vitraa\u017e ''V\u00e4\u00e4did'' on loodusest inspireeritud nagu paljud Klaasinterj\u00f6\u00f6ri stuudios kujundatud ja valmistatud vitraa\u017eid. Tutvu valikuga vitraaz.ee\/pood","robots":{"index":"index","follow":"follow","max-snippet":"max-snippet:-1","max-image-preview":"max-image-preview:large","max-video-preview":"max-video-preview:-1"},"canonical":"https:\/\/vitraaz.ee\/fi\/toode\/akna-vitraaz-vaadid\/","og_locale":"fi_FI","og_type":"article","og_title":"akna vitraa\u017e ''V\u00e4\u00e4did'' - Vitraaz.ee","og_description":"Akna vitraa\u017e ''V\u00e4\u00e4did'' on loodusest inspireeritud nagu paljud Klaasinterj\u00f6\u00f6ri stuudios kujundatud ja valmistatud vitraa\u017eid. Tutvu valikuga vitraaz.ee\/pood","og_url":"https:\/\/vitraaz.ee\/fi\/toode\/akna-vitraaz-vaadid\/","og_site_name":"Vitraaz.ee","article_publisher":"https:\/\/www.facebook.com\/Klaasinterjoor","article_modified_time":"2024-07-15T22:58:12+00:00","og_image":[{"width":546,"height":798,"url":"https:\/\/vitraaz.ee\/wp-content\/uploads\/2024\/06\/Hsin1.jpg","type":"image\/jpeg"}],"twitter_card":"summary_large_image","twitter_misc":{"Arvioitu lukuaika":"2 minuuttia"},"schema":{"@context":"https:\/\/schema.org","@graph":[{"@type":"WebPage","@id":"https:\/\/vitraaz.ee\/fi\/toode\/akna-vitraaz-vaadid\/","url":"https:\/\/vitraaz.ee\/fi\/toode\/akna-vitraaz-vaadid\/","name":"akna vitraa\u017e ''V\u00e4\u00e4did'' - Vitraaz.ee","isPartOf":{"@id":"https:\/\/vitraaz.ee\/fi\/#website"},"primaryImageOfPage":{"@id":"https:\/\/vitraaz.ee\/fi\/toode\/akna-vitraaz-vaadid\/#primaryimage"},"image":{"@id":"https:\/\/vitraaz.ee\/fi\/toode\/akna-vitraaz-vaadid\/#primaryimage"},"thumbnailUrl":"https:\/\/vitraaz.ee\/wp-content\/uploads\/2024\/06\/Hsin1.jpg","datePublished":"2024-06-28T10:54:41+00:00","dateModified":"2024-07-15T22:58:12+00:00","description":"Akna vitraa\u017e ''V\u00e4\u00e4did'' on loodusest inspireeritud nagu paljud Klaasinterj\u00f6\u00f6ri stuudios kujundatud ja valmistatud vitraa\u017eid. Tutvu valikuga vitraaz.ee\/pood","breadcrumb":{"@id":"https:\/\/vitraaz.ee\/fi\/toode\/akna-vitraaz-vaadid\/#breadcrumb"},"inLanguage":"fi","potentialAction":[{"@type":"ReadAction","target":["https:\/\/vitraaz.ee\/fi\/toode\/akna-vitraaz-vaadid\/"]}]},{"@type":"ImageObject","inLanguage":"fi","@id":"https:\/\/vitraaz.ee\/fi\/toode\/akna-vitraaz-vaadid\/#primaryimage","url":"https:\/\/vitraaz.ee\/wp-content\/uploads\/2024\/06\/Hsin1.jpg","contentUrl":"https:\/\/vitraaz.ee\/wp-content\/uploads\/2024\/06\/Hsin1.jpg","width":546,"height":798,"caption":"Akna vitraa\u017e kingituseks"},{"@type":"BreadcrumbList","@id":"https:\/\/vitraaz.ee\/fi\/toode\/akna-vitraaz-vaadid\/#breadcrumb","itemListElement":[{"@type":"ListItem","position":1,"name":"Home","item":"https:\/\/vitraaz.ee\/fi\/"},{"@type":"ListItem","position":2,"name":"Pood","item":"https:\/\/vitraaz.ee\/pood\/"},{"@type":"ListItem","position":3,"name":"akna vitraa\u017e &#8221;V\u00e4\u00e4did&#8221;"}]},{"@type":"WebSite","@id":"https:\/\/vitraaz.ee\/fi\/#website","url":"https:\/\/vitraaz.ee\/fi\/","name":"Vitraaz.ee","description":"Klaasinterj&ouml;&ouml;r","publisher":{"@id":"https:\/\/vitraaz.ee\/fi\/#organization"},"potentialAction":[{"@type":"SearchAction","target":{"@type":"EntryPoint","urlTemplate":"https:\/\/vitraaz.ee\/fi\/?s={search_term_string}"},"query-input":{"@type":"PropertyValueSpecification","valueRequired":true,"valueName":"search_term_string"}}],"inLanguage":"fi"},{"@type":"Organization","@id":"https:\/\/vitraaz.ee\/fi\/#organization","name":"KLAASINTERJ\u00d6\u00d6R O\u00dc","url":"https:\/\/vitraaz.ee\/fi\/","logo":{"@type":"ImageObject","inLanguage":"fi","@id":"https:\/\/vitraaz.ee\/fi\/#\/schema\/logo\/image\/","url":"https:\/\/vitraaz.ee\/wp-content\/uploads\/2022\/09\/logoKI.png","contentUrl":"https:\/\/vitraaz.ee\/wp-content\/uploads\/2022\/09\/logoKI.png","width":1159,"height":458,"caption":"KLAASINTERJ\u00d6\u00d6R O\u00dc"},"image":{"@id":"https:\/\/vitraaz.ee\/fi\/#\/schema\/logo\/image\/"},"sameAs":["https:\/\/www.facebook.com\/Klaasinterjoor"]}]}},"_links":{"self":[{"href":"https:\/\/vitraaz.ee\/fi\/wp-json\/wp\/v2\/product\/6404","targetHints":{"allow":["GET"]}}],"collection":[{"href":"https:\/\/vitraaz.ee\/fi\/wp-json\/wp\/v2\/product"}],"about":[{"href":"https:\/\/vitraaz.ee\/fi\/wp-json\/wp\/v2\/types\/product"}],"version-history":[{"count":0,"href":"https:\/\/vitraaz.ee\/fi\/wp-json\/wp\/v2\/product\/6404\/revisions"}],"wp:featuredmedia":[{"embeddable":true,"href":"https:\/\/vitraaz.ee\/fi\/wp-json\/wp\/v2\/media\/6306"}],"wp:attachment":[{"href":"https:\/\/vitraaz.ee\/fi\/wp-json\/wp\/v2\/media?parent=6404"}],"wp:term":[{"taxonomy":"product_brand","embeddable":true,"href":"https:\/\/vitraaz.ee\/fi\/wp-json\/wp\/v2\/product_brand?post=6404"},{"taxonomy":"product_cat","embeddable":true,"href":"https:\/\/vitraaz.ee\/fi\/wp-json\/wp\/v2\/product_cat?post=6404"},{"taxonomy":"product_tag","embeddable":true,"href":"https:\/\/vitraaz.ee\/fi\/wp-json\/wp\/v2\/product_tag?post=6404"}],"curies":[{"name":"wp","href":"https:\/\/api.w.org\/{rel}","templated":true}]}}