{"id":6293,"date":"2024-06-28T07:51:40","date_gmt":"2024-06-28T07:51:40","guid":{"rendered":"https:\/\/vitraaz.ee\/?post_type=product&#038;p=6293"},"modified":"2025-09-08T12:55:06","modified_gmt":"2025-09-08T12:55:06","slug":"riputatav-vitraaz-aknale","status":"publish","type":"product","link":"https:\/\/vitraaz.ee\/fi\/toode\/riputatav-vitraaz-aknale\/","title":{"rendered":"Riputatav vitraa\u017e aknale &#8221;Varjus&#8221;"},"content":{"rendered":"<p>&#8221;Varjus&#8221; on riputatav vitraa\u017e aknale. &#8221;Varjus&#8221; on toreda v\u00e4rvikombinatsiooniga v\u00e4ike vitraa\u017e. Pool vitraa\u017eist on s\u00fcgavroheline. Sellele on liivapritsiga kantud oksamotiiv. Teine pool vitraa\u017eist on aga soojade kollaste ja oran\u017eide toonidega. Kasutame oma vitraa\u017eide valmistamisel sageli ka liivapritsi mustreid, mis annavad t\u00f6\u00f6le \u00f5rnust ja h\u00f5rkust ning rasketele tinajoontele lisaks kergust. Eelistame v\u00e4iksem\u00f5\u00f5duliste vitraa\u017eide valmistamisel <em>tiffany<\/em> tehnikat, mis on muljelt graatsilisem ja kergem kui klassikaline tinaprofiilis vitraa\u017e. Vitraa\u017eides kasutame erineva struktuuri ja v\u00e4rviga klaase, mis annavad vitraa\u017eile selle l\u00f5pliku valguses m\u00e4ngleva tulemuse. <em>Tiffany<\/em> tehnika nimetus tuleneb selle leiutaja nimest. Louis Comfort Tiffany m\u00f5tles v\u00e4lja tehnika klaasi t\u00fckkide \u00fchendamiseks tina ja fooliumlindi abil. Kodu aknal rippuv v\u00e4ike vitraa\u017e\u00a0 toob lihtsat r\u00f5\u00f5mu igasse p\u00e4eva, sest ergutab meie meeli oma s\u00e4ravate v\u00e4rvidega.\u00a0 Riputatav vitraa\u017e aknale on hea kingiidee.\u00a0 Vitraa\u017ei riputamiseks v\u00f5ib soetada Klaasinterj\u00f6\u00f6r O\u00dc e-poest lisaks spetsiaalsed <a href=\"https:\/\/vitraaz.ee\/toode\/vitraazi-riputuskonksud-aknale\/\">riputuskonksud.\u00a0<\/a><\/p>\n<p>See vitraa\u017e on saadaval j\u00e4reltellimisel ehk on laost otsa saanud, kuid tellimuse laekumisel valmistame selle sulle spetsiaalselt. See v\u00f5ib v\u00f5tta paar p\u00e4eva aega. Palun v\u00f5ta meiega \u00fchendust et saada teada t\u00e4pne valmimise kuup\u00e4ev.<\/p>\n<p>Klaasinterj\u00f6\u00f6ri stuudios valmistavad vitraa\u017ee kunstnikud Anu Suvi ja Sandra Allemann.<\/p>\n","protected":false},"excerpt":{"rendered":"<p>&#8221;Varjus&#8221; on riputatav vitraa\u017e aknale. &#8221;Varjus&#8221; on toreda v\u00e4rvikombinatsiooniga v\u00e4ike vitraa\u017e. Pool vitraa\u017eist on s\u00fcgavroheline. Sellele on liivapritsiga kantud oksamotiiv. Teine pool vitraa\u017eist on aga soojade kollaste ja oran\u017eide toonidega. Kasutame oma vitraa\u017eide valmistamisel sageli ka liivapritsi mustreid, mis annavad t\u00f6\u00f6le \u00f5rnust ja h\u00f5rkust ning rasketele tinajoontele lisaks kergust. Eelistame v\u00e4iksem\u00f5\u00f5duliste vitraa\u017eide valmistamisel tiffany tehnikat, [&hellip;]<\/p>\n","protected":false},"featured_media":6338,"template":"","meta":{"_acf_changed":false},"product_brand":[],"product_cat":[47],"product_tag":[],"class_list":{"0":"post-6293","1":"product","2":"type-product","3":"status-publish","4":"has-post-thumbnail","6":"product_cat-vitraazid","8":"first","9":"onbackorder","10":"taxable","11":"shipping-taxable","12":"purchasable","13":"product-type-simple"},"acf":[],"yoast_head":"<!-- This site is optimized with the Yoast SEO plugin v27.3 - https:\/\/yoast.com\/product\/yoast-seo-wordpress\/ -->\n<title>Riputatav vitraa\u017e aknale &#039;&#039;Varjus&#039;&#039; - Vitraaz.ee<\/title>\n<meta name=\"description\" content=\"Soojades toonides riputatav vitraa\u017e aknale. Kunstniku poolt kavandatud ja valmistatud vitraa\u017e on ainulaadne ja t\u00e4iuslik kingitus.\" \/>\n<meta name=\"robots\" content=\"index, follow, max-snippet:-1, max-image-preview:large, max-video-preview:-1\" \/>\n<link rel=\"canonical\" href=\"https:\/\/vitraaz.ee\/fi\/toode\/riputatav-vitraaz-aknale\/\" \/>\n<meta property=\"og:locale\" content=\"fi_FI\" \/>\n<meta property=\"og:type\" content=\"article\" \/>\n<meta property=\"og:title\" content=\"Riputatav vitraa\u017e aknale &#039;&#039;Varjus&#039;&#039; - Vitraaz.ee\" \/>\n<meta property=\"og:description\" content=\"Soojades toonides riputatav vitraa\u017e aknale. Kunstniku poolt kavandatud ja valmistatud vitraa\u017e on ainulaadne ja t\u00e4iuslik kingitus.\" \/>\n<meta property=\"og:url\" content=\"https:\/\/vitraaz.ee\/fi\/toode\/riputatav-vitraaz-aknale\/\" \/>\n<meta property=\"og:site_name\" content=\"Vitraaz.ee\" \/>\n<meta property=\"article:publisher\" content=\"https:\/\/www.facebook.com\/Klaasinterjoor\" \/>\n<meta property=\"article:modified_time\" content=\"2025-09-08T12:55:06+00:00\" \/>\n<meta property=\"og:image\" content=\"https:\/\/vitraaz.ee\/wp-content\/uploads\/2024\/06\/roh2.jpg\" \/>\n\t<meta property=\"og:image:width\" content=\"531\" \/>\n\t<meta property=\"og:image:height\" content=\"798\" \/>\n\t<meta property=\"og:image:type\" content=\"image\/jpeg\" \/>\n<meta name=\"twitter:card\" content=\"summary_large_image\" \/>\n<meta name=\"twitter:label1\" content=\"Arvioitu lukuaika\" \/>\n\t<meta name=\"twitter:data1\" content=\"2 minuuttia\" \/>\n<script type=\"application\/ld+json\" class=\"yoast-schema-graph\">{\"@context\":\"https:\\\/\\\/schema.org\",\"@graph\":[{\"@type\":\"WebPage\",\"@id\":\"https:\\\/\\\/vitraaz.ee\\\/fi\\\/toode\\\/riputatav-vitraaz-aknale\\\/\",\"url\":\"https:\\\/\\\/vitraaz.ee\\\/fi\\\/toode\\\/riputatav-vitraaz-aknale\\\/\",\"name\":\"Riputatav vitraa\u017e aknale ''Varjus'' - Vitraaz.ee\",\"isPartOf\":{\"@id\":\"https:\\\/\\\/vitraaz.ee\\\/fi\\\/#website\"},\"primaryImageOfPage\":{\"@id\":\"https:\\\/\\\/vitraaz.ee\\\/fi\\\/toode\\\/riputatav-vitraaz-aknale\\\/#primaryimage\"},\"image\":{\"@id\":\"https:\\\/\\\/vitraaz.ee\\\/fi\\\/toode\\\/riputatav-vitraaz-aknale\\\/#primaryimage\"},\"thumbnailUrl\":\"https:\\\/\\\/vitraaz.ee\\\/wp-content\\\/uploads\\\/2024\\\/06\\\/roh2.jpg\",\"datePublished\":\"2024-06-28T07:51:40+00:00\",\"dateModified\":\"2025-09-08T12:55:06+00:00\",\"description\":\"Soojades toonides riputatav vitraa\u017e aknale. Kunstniku poolt kavandatud ja valmistatud vitraa\u017e on ainulaadne ja t\u00e4iuslik kingitus.\",\"breadcrumb\":{\"@id\":\"https:\\\/\\\/vitraaz.ee\\\/fi\\\/toode\\\/riputatav-vitraaz-aknale\\\/#breadcrumb\"},\"inLanguage\":\"fi\",\"potentialAction\":[{\"@type\":\"ReadAction\",\"target\":[\"https:\\\/\\\/vitraaz.ee\\\/fi\\\/toode\\\/riputatav-vitraaz-aknale\\\/\"]}]},{\"@type\":\"ImageObject\",\"inLanguage\":\"fi\",\"@id\":\"https:\\\/\\\/vitraaz.ee\\\/fi\\\/toode\\\/riputatav-vitraaz-aknale\\\/#primaryimage\",\"url\":\"https:\\\/\\\/vitraaz.ee\\\/wp-content\\\/uploads\\\/2024\\\/06\\\/roh2.jpg\",\"contentUrl\":\"https:\\\/\\\/vitraaz.ee\\\/wp-content\\\/uploads\\\/2024\\\/06\\\/roh2.jpg\",\"width\":531,\"height\":798,\"caption\":\"Varjus\"},{\"@type\":\"BreadcrumbList\",\"@id\":\"https:\\\/\\\/vitraaz.ee\\\/fi\\\/toode\\\/riputatav-vitraaz-aknale\\\/#breadcrumb\",\"itemListElement\":[{\"@type\":\"ListItem\",\"position\":1,\"name\":\"Home\",\"item\":\"https:\\\/\\\/vitraaz.ee\\\/fi\\\/\"},{\"@type\":\"ListItem\",\"position\":2,\"name\":\"Pood\",\"item\":\"https:\\\/\\\/vitraaz.ee\\\/pood\\\/\"},{\"@type\":\"ListItem\",\"position\":3,\"name\":\"Riputatav vitraa\u017e aknale &#8221;Varjus&#8221;\"}]},{\"@type\":\"WebSite\",\"@id\":\"https:\\\/\\\/vitraaz.ee\\\/fi\\\/#website\",\"url\":\"https:\\\/\\\/vitraaz.ee\\\/fi\\\/\",\"name\":\"Vitraaz.ee\",\"description\":\"Klaasinterj&ouml;&ouml;r\",\"publisher\":{\"@id\":\"https:\\\/\\\/vitraaz.ee\\\/fi\\\/#organization\"},\"potentialAction\":[{\"@type\":\"SearchAction\",\"target\":{\"@type\":\"EntryPoint\",\"urlTemplate\":\"https:\\\/\\\/vitraaz.ee\\\/fi\\\/?s={search_term_string}\"},\"query-input\":{\"@type\":\"PropertyValueSpecification\",\"valueRequired\":true,\"valueName\":\"search_term_string\"}}],\"inLanguage\":\"fi\"},{\"@type\":\"Organization\",\"@id\":\"https:\\\/\\\/vitraaz.ee\\\/fi\\\/#organization\",\"name\":\"KLAASINTERJ\u00d6\u00d6R O\u00dc\",\"url\":\"https:\\\/\\\/vitraaz.ee\\\/fi\\\/\",\"logo\":{\"@type\":\"ImageObject\",\"inLanguage\":\"fi\",\"@id\":\"https:\\\/\\\/vitraaz.ee\\\/fi\\\/#\\\/schema\\\/logo\\\/image\\\/\",\"url\":\"https:\\\/\\\/vitraaz.ee\\\/wp-content\\\/uploads\\\/2022\\\/09\\\/logoKI.png\",\"contentUrl\":\"https:\\\/\\\/vitraaz.ee\\\/wp-content\\\/uploads\\\/2022\\\/09\\\/logoKI.png\",\"width\":1159,\"height\":458,\"caption\":\"KLAASINTERJ\u00d6\u00d6R O\u00dc\"},\"image\":{\"@id\":\"https:\\\/\\\/vitraaz.ee\\\/fi\\\/#\\\/schema\\\/logo\\\/image\\\/\"},\"sameAs\":[\"https:\\\/\\\/www.facebook.com\\\/Klaasinterjoor\"]}]}<\/script>\n<!-- \/ Yoast SEO plugin. -->","yoast_head_json":{"title":"Riputatav vitraa\u017e aknale ''Varjus'' - Vitraaz.ee","description":"Soojades toonides riputatav vitraa\u017e aknale. Kunstniku poolt kavandatud ja valmistatud vitraa\u017e on ainulaadne ja t\u00e4iuslik kingitus.","robots":{"index":"index","follow":"follow","max-snippet":"max-snippet:-1","max-image-preview":"max-image-preview:large","max-video-preview":"max-video-preview:-1"},"canonical":"https:\/\/vitraaz.ee\/fi\/toode\/riputatav-vitraaz-aknale\/","og_locale":"fi_FI","og_type":"article","og_title":"Riputatav vitraa\u017e aknale ''Varjus'' - Vitraaz.ee","og_description":"Soojades toonides riputatav vitraa\u017e aknale. Kunstniku poolt kavandatud ja valmistatud vitraa\u017e on ainulaadne ja t\u00e4iuslik kingitus.","og_url":"https:\/\/vitraaz.ee\/fi\/toode\/riputatav-vitraaz-aknale\/","og_site_name":"Vitraaz.ee","article_publisher":"https:\/\/www.facebook.com\/Klaasinterjoor","article_modified_time":"2025-09-08T12:55:06+00:00","og_image":[{"width":531,"height":798,"url":"https:\/\/vitraaz.ee\/wp-content\/uploads\/2024\/06\/roh2.jpg","type":"image\/jpeg"}],"twitter_card":"summary_large_image","twitter_misc":{"Arvioitu lukuaika":"2 minuuttia"},"schema":{"@context":"https:\/\/schema.org","@graph":[{"@type":"WebPage","@id":"https:\/\/vitraaz.ee\/fi\/toode\/riputatav-vitraaz-aknale\/","url":"https:\/\/vitraaz.ee\/fi\/toode\/riputatav-vitraaz-aknale\/","name":"Riputatav vitraa\u017e aknale ''Varjus'' - Vitraaz.ee","isPartOf":{"@id":"https:\/\/vitraaz.ee\/fi\/#website"},"primaryImageOfPage":{"@id":"https:\/\/vitraaz.ee\/fi\/toode\/riputatav-vitraaz-aknale\/#primaryimage"},"image":{"@id":"https:\/\/vitraaz.ee\/fi\/toode\/riputatav-vitraaz-aknale\/#primaryimage"},"thumbnailUrl":"https:\/\/vitraaz.ee\/wp-content\/uploads\/2024\/06\/roh2.jpg","datePublished":"2024-06-28T07:51:40+00:00","dateModified":"2025-09-08T12:55:06+00:00","description":"Soojades toonides riputatav vitraa\u017e aknale. Kunstniku poolt kavandatud ja valmistatud vitraa\u017e on ainulaadne ja t\u00e4iuslik kingitus.","breadcrumb":{"@id":"https:\/\/vitraaz.ee\/fi\/toode\/riputatav-vitraaz-aknale\/#breadcrumb"},"inLanguage":"fi","potentialAction":[{"@type":"ReadAction","target":["https:\/\/vitraaz.ee\/fi\/toode\/riputatav-vitraaz-aknale\/"]}]},{"@type":"ImageObject","inLanguage":"fi","@id":"https:\/\/vitraaz.ee\/fi\/toode\/riputatav-vitraaz-aknale\/#primaryimage","url":"https:\/\/vitraaz.ee\/wp-content\/uploads\/2024\/06\/roh2.jpg","contentUrl":"https:\/\/vitraaz.ee\/wp-content\/uploads\/2024\/06\/roh2.jpg","width":531,"height":798,"caption":"Varjus"},{"@type":"BreadcrumbList","@id":"https:\/\/vitraaz.ee\/fi\/toode\/riputatav-vitraaz-aknale\/#breadcrumb","itemListElement":[{"@type":"ListItem","position":1,"name":"Home","item":"https:\/\/vitraaz.ee\/fi\/"},{"@type":"ListItem","position":2,"name":"Pood","item":"https:\/\/vitraaz.ee\/pood\/"},{"@type":"ListItem","position":3,"name":"Riputatav vitraa\u017e aknale &#8221;Varjus&#8221;"}]},{"@type":"WebSite","@id":"https:\/\/vitraaz.ee\/fi\/#website","url":"https:\/\/vitraaz.ee\/fi\/","name":"Vitraaz.ee","description":"Klaasinterj&ouml;&ouml;r","publisher":{"@id":"https:\/\/vitraaz.ee\/fi\/#organization"},"potentialAction":[{"@type":"SearchAction","target":{"@type":"EntryPoint","urlTemplate":"https:\/\/vitraaz.ee\/fi\/?s={search_term_string}"},"query-input":{"@type":"PropertyValueSpecification","valueRequired":true,"valueName":"search_term_string"}}],"inLanguage":"fi"},{"@type":"Organization","@id":"https:\/\/vitraaz.ee\/fi\/#organization","name":"KLAASINTERJ\u00d6\u00d6R O\u00dc","url":"https:\/\/vitraaz.ee\/fi\/","logo":{"@type":"ImageObject","inLanguage":"fi","@id":"https:\/\/vitraaz.ee\/fi\/#\/schema\/logo\/image\/","url":"https:\/\/vitraaz.ee\/wp-content\/uploads\/2022\/09\/logoKI.png","contentUrl":"https:\/\/vitraaz.ee\/wp-content\/uploads\/2022\/09\/logoKI.png","width":1159,"height":458,"caption":"KLAASINTERJ\u00d6\u00d6R O\u00dc"},"image":{"@id":"https:\/\/vitraaz.ee\/fi\/#\/schema\/logo\/image\/"},"sameAs":["https:\/\/www.facebook.com\/Klaasinterjoor"]}]}},"_links":{"self":[{"href":"https:\/\/vitraaz.ee\/fi\/wp-json\/wp\/v2\/product\/6293","targetHints":{"allow":["GET"]}}],"collection":[{"href":"https:\/\/vitraaz.ee\/fi\/wp-json\/wp\/v2\/product"}],"about":[{"href":"https:\/\/vitraaz.ee\/fi\/wp-json\/wp\/v2\/types\/product"}],"version-history":[{"count":1,"href":"https:\/\/vitraaz.ee\/fi\/wp-json\/wp\/v2\/product\/6293\/revisions"}],"predecessor-version":[{"id":9120,"href":"https:\/\/vitraaz.ee\/fi\/wp-json\/wp\/v2\/product\/6293\/revisions\/9120"}],"wp:featuredmedia":[{"embeddable":true,"href":"https:\/\/vitraaz.ee\/fi\/wp-json\/wp\/v2\/media\/6338"}],"wp:attachment":[{"href":"https:\/\/vitraaz.ee\/fi\/wp-json\/wp\/v2\/media?parent=6293"}],"wp:term":[{"taxonomy":"product_brand","embeddable":true,"href":"https:\/\/vitraaz.ee\/fi\/wp-json\/wp\/v2\/product_brand?post=6293"},{"taxonomy":"product_cat","embeddable":true,"href":"https:\/\/vitraaz.ee\/fi\/wp-json\/wp\/v2\/product_cat?post=6293"},{"taxonomy":"product_tag","embeddable":true,"href":"https:\/\/vitraaz.ee\/fi\/wp-json\/wp\/v2\/product_tag?post=6293"}],"curies":[{"name":"wp","href":"https:\/\/api.w.org\/{rel}","templated":true}]}}