{"id":6043,"date":"2023-11-10T10:25:23","date_gmt":"2023-11-10T10:25:23","guid":{"rendered":"https:\/\/vitraaz.ee\/?post_type=product&#038;p=6043"},"modified":"2024-07-16T08:19:51","modified_gmt":"2024-07-16T08:19:51","slug":"nahast-ja-klaasist-kaeehe","status":"publish","type":"product","link":"https:\/\/vitraaz.ee\/fi\/toode\/nahast-ja-klaasist-kaeehe\/","title":{"rendered":"Nahast ja klaasist k\u00e4eehe"},"content":{"rendered":"<p>\u00d5rna sirelililla tooniga nahast ja klaasist k\u00e4eehe. Tagasihoidlik v\u00e4rv ei ole kapriisne ega torka liialt silma, samas on ehe oma vormilt piisavalt j\u00f5uline. Sobib kandmiseks nii peol kui argip\u00e4eval. Ehte nahast rihm on 1.5 cm laiune ja kinnitub trukiga. Veendu, et ehe sobib sinu k\u00e4ele. V\u00f5ta k\u00e4e\u00fcmberm\u00f5\u00f5t randmest veidi k\u00f5rgemalt, ning vali sobiv m\u00f5\u00f5t rippmen\u00fc\u00fcst.<\/p>\n","protected":false},"excerpt":{"rendered":"<p>\u00d5rna sirelililla tooniga nahast ja klaasist k\u00e4eehe. Tagasihoidlik v\u00e4rv ei ole kapriisne ega torka liialt silma, samas on ehe oma vormilt piisavalt j\u00f5uline. Sobib kandmiseks nii peol kui argip\u00e4eval. Ehte nahast rihm on 1.5 cm laiune ja kinnitub trukiga. Veendu, et ehe sobib sinu k\u00e4ele. V\u00f5ta k\u00e4e\u00fcmberm\u00f5\u00f5t randmest veidi k\u00f5rgemalt, ning vali sobiv m\u00f5\u00f5t rippmen\u00fc\u00fcst.<\/p>\n","protected":false},"featured_media":5998,"template":"","meta":{"_acf_changed":false},"product_brand":[],"product_cat":[39],"product_tag":[],"class_list":{"0":"post-6043","1":"product","2":"type-product","3":"status-publish","4":"has-post-thumbnail","6":"product_cat-ehted","8":"first","9":"instock","10":"taxable","11":"shipping-taxable","12":"purchasable","13":"product-type-variable"},"acf":[],"yoast_head":"<!-- This site is optimized with the Yoast SEO plugin v27.3 - https:\/\/yoast.com\/product\/yoast-seo-wordpress\/ -->\n<title>Nahast ja klaasist k\u00e4eehe - Vitraaz.ee<\/title>\n<meta name=\"description\" content=\"Nahast ja klaasist k\u00e4eehe, mis sobib suurep\u00e4raselt iga riietusega. \u0161ikk, selge vormi ja tagasihoidliku v\u00e4rviga ehe v\u00f5ib olla sinu praktilisim aksessuaar.\" \/>\n<meta name=\"robots\" content=\"index, follow, max-snippet:-1, max-image-preview:large, max-video-preview:-1\" \/>\n<link rel=\"canonical\" href=\"https:\/\/vitraaz.ee\/fi\/toode\/nahast-ja-klaasist-kaeehe\/\" \/>\n<meta property=\"og:locale\" content=\"fi_FI\" \/>\n<meta property=\"og:type\" content=\"article\" \/>\n<meta property=\"og:title\" content=\"Nahast ja klaasist k\u00e4eehe - Vitraaz.ee\" \/>\n<meta property=\"og:description\" content=\"Nahast ja klaasist k\u00e4eehe, mis sobib suurep\u00e4raselt iga riietusega. \u0161ikk, selge vormi ja tagasihoidliku v\u00e4rviga ehe v\u00f5ib olla sinu praktilisim aksessuaar.\" \/>\n<meta property=\"og:url\" content=\"https:\/\/vitraaz.ee\/fi\/toode\/nahast-ja-klaasist-kaeehe\/\" \/>\n<meta property=\"og:site_name\" content=\"Vitraaz.ee\" \/>\n<meta property=\"article:publisher\" content=\"https:\/\/www.facebook.com\/Klaasinterjoor\" \/>\n<meta property=\"article:modified_time\" content=\"2024-07-16T08:19:51+00:00\" \/>\n<meta property=\"og:image\" content=\"https:\/\/vitraaz.ee\/wp-content\/uploads\/2023\/11\/Hlilla-kv1-scaled.jpg\" \/>\n\t<meta property=\"og:image:width\" content=\"2560\" \/>\n\t<meta property=\"og:image:height\" content=\"1702\" \/>\n\t<meta property=\"og:image:type\" content=\"image\/jpeg\" \/>\n<meta name=\"twitter:card\" content=\"summary_large_image\" \/>\n<meta name=\"twitter:label1\" content=\"Arvioitu lukuaika\" \/>\n\t<meta name=\"twitter:data1\" content=\"1 minuutti\" \/>\n<script type=\"application\/ld+json\" class=\"yoast-schema-graph\">{\"@context\":\"https:\\\/\\\/schema.org\",\"@graph\":[{\"@type\":\"WebPage\",\"@id\":\"https:\\\/\\\/vitraaz.ee\\\/fi\\\/toode\\\/nahast-ja-klaasist-kaeehe\\\/\",\"url\":\"https:\\\/\\\/vitraaz.ee\\\/fi\\\/toode\\\/nahast-ja-klaasist-kaeehe\\\/\",\"name\":\"Nahast ja klaasist k\u00e4eehe - Vitraaz.ee\",\"isPartOf\":{\"@id\":\"https:\\\/\\\/vitraaz.ee\\\/fi\\\/#website\"},\"primaryImageOfPage\":{\"@id\":\"https:\\\/\\\/vitraaz.ee\\\/fi\\\/toode\\\/nahast-ja-klaasist-kaeehe\\\/#primaryimage\"},\"image\":{\"@id\":\"https:\\\/\\\/vitraaz.ee\\\/fi\\\/toode\\\/nahast-ja-klaasist-kaeehe\\\/#primaryimage\"},\"thumbnailUrl\":\"https:\\\/\\\/vitraaz.ee\\\/wp-content\\\/uploads\\\/2023\\\/11\\\/Hlilla-kv1-scaled.jpg\",\"datePublished\":\"2023-11-10T10:25:23+00:00\",\"dateModified\":\"2024-07-16T08:19:51+00:00\",\"description\":\"Nahast ja klaasist k\u00e4eehe, mis sobib suurep\u00e4raselt iga riietusega. \u0161ikk, selge vormi ja tagasihoidliku v\u00e4rviga ehe v\u00f5ib olla sinu praktilisim aksessuaar.\",\"breadcrumb\":{\"@id\":\"https:\\\/\\\/vitraaz.ee\\\/fi\\\/toode\\\/nahast-ja-klaasist-kaeehe\\\/#breadcrumb\"},\"inLanguage\":\"fi\",\"potentialAction\":[{\"@type\":\"ReadAction\",\"target\":[\"https:\\\/\\\/vitraaz.ee\\\/fi\\\/toode\\\/nahast-ja-klaasist-kaeehe\\\/\"]}]},{\"@type\":\"ImageObject\",\"inLanguage\":\"fi\",\"@id\":\"https:\\\/\\\/vitraaz.ee\\\/fi\\\/toode\\\/nahast-ja-klaasist-kaeehe\\\/#primaryimage\",\"url\":\"https:\\\/\\\/vitraaz.ee\\\/wp-content\\\/uploads\\\/2023\\\/11\\\/Hlilla-kv1-scaled.jpg\",\"contentUrl\":\"https:\\\/\\\/vitraaz.ee\\\/wp-content\\\/uploads\\\/2023\\\/11\\\/Hlilla-kv1-scaled.jpg\",\"width\":2560,\"height\":1702,\"caption\":\"lillast klaasist k\u00e4ev\u00f5ru\"},{\"@type\":\"BreadcrumbList\",\"@id\":\"https:\\\/\\\/vitraaz.ee\\\/fi\\\/toode\\\/nahast-ja-klaasist-kaeehe\\\/#breadcrumb\",\"itemListElement\":[{\"@type\":\"ListItem\",\"position\":1,\"name\":\"Home\",\"item\":\"https:\\\/\\\/vitraaz.ee\\\/fi\\\/\"},{\"@type\":\"ListItem\",\"position\":2,\"name\":\"Pood\",\"item\":\"https:\\\/\\\/vitraaz.ee\\\/pood\\\/\"},{\"@type\":\"ListItem\",\"position\":3,\"name\":\"Nahast ja klaasist k\u00e4eehe\"}]},{\"@type\":\"WebSite\",\"@id\":\"https:\\\/\\\/vitraaz.ee\\\/fi\\\/#website\",\"url\":\"https:\\\/\\\/vitraaz.ee\\\/fi\\\/\",\"name\":\"Vitraaz.ee\",\"description\":\"Klaasinterj&ouml;&ouml;r\",\"publisher\":{\"@id\":\"https:\\\/\\\/vitraaz.ee\\\/fi\\\/#organization\"},\"potentialAction\":[{\"@type\":\"SearchAction\",\"target\":{\"@type\":\"EntryPoint\",\"urlTemplate\":\"https:\\\/\\\/vitraaz.ee\\\/fi\\\/?s={search_term_string}\"},\"query-input\":{\"@type\":\"PropertyValueSpecification\",\"valueRequired\":true,\"valueName\":\"search_term_string\"}}],\"inLanguage\":\"fi\"},{\"@type\":\"Organization\",\"@id\":\"https:\\\/\\\/vitraaz.ee\\\/fi\\\/#organization\",\"name\":\"KLAASINTERJ\u00d6\u00d6R O\u00dc\",\"url\":\"https:\\\/\\\/vitraaz.ee\\\/fi\\\/\",\"logo\":{\"@type\":\"ImageObject\",\"inLanguage\":\"fi\",\"@id\":\"https:\\\/\\\/vitraaz.ee\\\/fi\\\/#\\\/schema\\\/logo\\\/image\\\/\",\"url\":\"https:\\\/\\\/vitraaz.ee\\\/wp-content\\\/uploads\\\/2022\\\/09\\\/logoKI.png\",\"contentUrl\":\"https:\\\/\\\/vitraaz.ee\\\/wp-content\\\/uploads\\\/2022\\\/09\\\/logoKI.png\",\"width\":1159,\"height\":458,\"caption\":\"KLAASINTERJ\u00d6\u00d6R O\u00dc\"},\"image\":{\"@id\":\"https:\\\/\\\/vitraaz.ee\\\/fi\\\/#\\\/schema\\\/logo\\\/image\\\/\"},\"sameAs\":[\"https:\\\/\\\/www.facebook.com\\\/Klaasinterjoor\"]}]}<\/script>\n<!-- \/ Yoast SEO plugin. -->","yoast_head_json":{"title":"Nahast ja klaasist k\u00e4eehe - Vitraaz.ee","description":"Nahast ja klaasist k\u00e4eehe, mis sobib suurep\u00e4raselt iga riietusega. \u0161ikk, selge vormi ja tagasihoidliku v\u00e4rviga ehe v\u00f5ib olla sinu praktilisim aksessuaar.","robots":{"index":"index","follow":"follow","max-snippet":"max-snippet:-1","max-image-preview":"max-image-preview:large","max-video-preview":"max-video-preview:-1"},"canonical":"https:\/\/vitraaz.ee\/fi\/toode\/nahast-ja-klaasist-kaeehe\/","og_locale":"fi_FI","og_type":"article","og_title":"Nahast ja klaasist k\u00e4eehe - Vitraaz.ee","og_description":"Nahast ja klaasist k\u00e4eehe, mis sobib suurep\u00e4raselt iga riietusega. \u0161ikk, selge vormi ja tagasihoidliku v\u00e4rviga ehe v\u00f5ib olla sinu praktilisim aksessuaar.","og_url":"https:\/\/vitraaz.ee\/fi\/toode\/nahast-ja-klaasist-kaeehe\/","og_site_name":"Vitraaz.ee","article_publisher":"https:\/\/www.facebook.com\/Klaasinterjoor","article_modified_time":"2024-07-16T08:19:51+00:00","og_image":[{"width":2560,"height":1702,"url":"https:\/\/vitraaz.ee\/wp-content\/uploads\/2023\/11\/Hlilla-kv1-scaled.jpg","type":"image\/jpeg"}],"twitter_card":"summary_large_image","twitter_misc":{"Arvioitu lukuaika":"1 minuutti"},"schema":{"@context":"https:\/\/schema.org","@graph":[{"@type":"WebPage","@id":"https:\/\/vitraaz.ee\/fi\/toode\/nahast-ja-klaasist-kaeehe\/","url":"https:\/\/vitraaz.ee\/fi\/toode\/nahast-ja-klaasist-kaeehe\/","name":"Nahast ja klaasist k\u00e4eehe - Vitraaz.ee","isPartOf":{"@id":"https:\/\/vitraaz.ee\/fi\/#website"},"primaryImageOfPage":{"@id":"https:\/\/vitraaz.ee\/fi\/toode\/nahast-ja-klaasist-kaeehe\/#primaryimage"},"image":{"@id":"https:\/\/vitraaz.ee\/fi\/toode\/nahast-ja-klaasist-kaeehe\/#primaryimage"},"thumbnailUrl":"https:\/\/vitraaz.ee\/wp-content\/uploads\/2023\/11\/Hlilla-kv1-scaled.jpg","datePublished":"2023-11-10T10:25:23+00:00","dateModified":"2024-07-16T08:19:51+00:00","description":"Nahast ja klaasist k\u00e4eehe, mis sobib suurep\u00e4raselt iga riietusega. \u0161ikk, selge vormi ja tagasihoidliku v\u00e4rviga ehe v\u00f5ib olla sinu praktilisim aksessuaar.","breadcrumb":{"@id":"https:\/\/vitraaz.ee\/fi\/toode\/nahast-ja-klaasist-kaeehe\/#breadcrumb"},"inLanguage":"fi","potentialAction":[{"@type":"ReadAction","target":["https:\/\/vitraaz.ee\/fi\/toode\/nahast-ja-klaasist-kaeehe\/"]}]},{"@type":"ImageObject","inLanguage":"fi","@id":"https:\/\/vitraaz.ee\/fi\/toode\/nahast-ja-klaasist-kaeehe\/#primaryimage","url":"https:\/\/vitraaz.ee\/wp-content\/uploads\/2023\/11\/Hlilla-kv1-scaled.jpg","contentUrl":"https:\/\/vitraaz.ee\/wp-content\/uploads\/2023\/11\/Hlilla-kv1-scaled.jpg","width":2560,"height":1702,"caption":"lillast klaasist k\u00e4ev\u00f5ru"},{"@type":"BreadcrumbList","@id":"https:\/\/vitraaz.ee\/fi\/toode\/nahast-ja-klaasist-kaeehe\/#breadcrumb","itemListElement":[{"@type":"ListItem","position":1,"name":"Home","item":"https:\/\/vitraaz.ee\/fi\/"},{"@type":"ListItem","position":2,"name":"Pood","item":"https:\/\/vitraaz.ee\/pood\/"},{"@type":"ListItem","position":3,"name":"Nahast ja klaasist k\u00e4eehe"}]},{"@type":"WebSite","@id":"https:\/\/vitraaz.ee\/fi\/#website","url":"https:\/\/vitraaz.ee\/fi\/","name":"Vitraaz.ee","description":"Klaasinterj&ouml;&ouml;r","publisher":{"@id":"https:\/\/vitraaz.ee\/fi\/#organization"},"potentialAction":[{"@type":"SearchAction","target":{"@type":"EntryPoint","urlTemplate":"https:\/\/vitraaz.ee\/fi\/?s={search_term_string}"},"query-input":{"@type":"PropertyValueSpecification","valueRequired":true,"valueName":"search_term_string"}}],"inLanguage":"fi"},{"@type":"Organization","@id":"https:\/\/vitraaz.ee\/fi\/#organization","name":"KLAASINTERJ\u00d6\u00d6R O\u00dc","url":"https:\/\/vitraaz.ee\/fi\/","logo":{"@type":"ImageObject","inLanguage":"fi","@id":"https:\/\/vitraaz.ee\/fi\/#\/schema\/logo\/image\/","url":"https:\/\/vitraaz.ee\/wp-content\/uploads\/2022\/09\/logoKI.png","contentUrl":"https:\/\/vitraaz.ee\/wp-content\/uploads\/2022\/09\/logoKI.png","width":1159,"height":458,"caption":"KLAASINTERJ\u00d6\u00d6R O\u00dc"},"image":{"@id":"https:\/\/vitraaz.ee\/fi\/#\/schema\/logo\/image\/"},"sameAs":["https:\/\/www.facebook.com\/Klaasinterjoor"]}]}},"_links":{"self":[{"href":"https:\/\/vitraaz.ee\/fi\/wp-json\/wp\/v2\/product\/6043","targetHints":{"allow":["GET"]}}],"collection":[{"href":"https:\/\/vitraaz.ee\/fi\/wp-json\/wp\/v2\/product"}],"about":[{"href":"https:\/\/vitraaz.ee\/fi\/wp-json\/wp\/v2\/types\/product"}],"version-history":[{"count":0,"href":"https:\/\/vitraaz.ee\/fi\/wp-json\/wp\/v2\/product\/6043\/revisions"}],"wp:featuredmedia":[{"embeddable":true,"href":"https:\/\/vitraaz.ee\/fi\/wp-json\/wp\/v2\/media\/5998"}],"wp:attachment":[{"href":"https:\/\/vitraaz.ee\/fi\/wp-json\/wp\/v2\/media?parent=6043"}],"wp:term":[{"taxonomy":"product_brand","embeddable":true,"href":"https:\/\/vitraaz.ee\/fi\/wp-json\/wp\/v2\/product_brand?post=6043"},{"taxonomy":"product_cat","embeddable":true,"href":"https:\/\/vitraaz.ee\/fi\/wp-json\/wp\/v2\/product_cat?post=6043"},{"taxonomy":"product_tag","embeddable":true,"href":"https:\/\/vitraaz.ee\/fi\/wp-json\/wp\/v2\/product_tag?post=6043"}],"curies":[{"name":"wp","href":"https:\/\/api.w.org\/{rel}","templated":true}]}}