{"id":5942,"date":"2023-11-09T13:52:55","date_gmt":"2023-11-09T13:52:55","guid":{"rendered":"https:\/\/vitraaz.ee\/?post_type=product&#038;p=5942"},"modified":"2024-07-31T13:18:03","modified_gmt":"2024-07-31T13:18:03","slug":"eesti-disain-kaeehe","status":"publish","type":"product","link":"https:\/\/vitraaz.ee\/fi\/toode\/eesti-disain-kaeehe\/","title":{"rendered":"Eesti disain k\u00e4eehe"},"content":{"rendered":"<p>S\u00e4ravsinise klaasist kiviga eesti disain k\u00e4eehe. Ehe sobib suurep\u00e4raselt <i>statement-<\/i>ehteks<wbr \/>, mis paneb pilgud kindlasti peatuma ning r\u00f5hutab sinu oolemust. Eesti disainerite poolt loodud ehted paistavad pea alati silma silma julgete v\u00e4rvide, karakteri ja vormi poolest. Eesti disain on muutunud ka kandjate seas \u00fcha populaarsemaks ning naised on \u00fcha julgemad ning kannavad ehteid mis v\u00f5imaldavad esile tuua isikup\u00e4ra ja iseloomu. Klaasinterj\u00f6\u00f6ri klaasistuudiost v\u00f5ib leida valiku s\u00e4rava v\u00e4rvivalikuga ehteid, mis on vormilt lihtsad ja ajatud. V\u00e4rvi ja selge vormi kombinatsioon ei sea piiranguid kandja vanusele, sobides h\u00e4sti nii nooremaealistele kui vanematele.<\/p>\n<div dir=\"auto\">\n<p dir=\"ltr\">Tasakaalustav sinine<br \/>\nKlassikaline must rihm toob esile klaasis sillerdavad sinakad ja rohekad t\u00fcrkiistoonid. Sinine on vee, taeva, maakera, ebamaisuse, unistamise, igaviku ja \u00f5hulisuse v\u00e4rv. Sinine esindab ka autoriteetsust, edu, selgust, tarkust, enesekindlust ja p\u00fcsivust. Arvatakse, et sinisel on rahustav ja tasakaalustav m\u00f5ju. Klaasist kiviga ehtel on nahast rihm, mis kinnitub k\u00e4e \u00fcmber trukiga. Trukk v\u00f5imaldab ehte k\u00e4ele saada lihtsa vaevaga. Rihma laius on 1,5 cm. Parimaks sobivuseks m\u00f6\u00f6da oma k\u00e4e \u00fcmberm\u00f5\u00f5t randmest veidi k\u00f5rgemalt. Vali sobiva m\u00f5\u00f5duga ehe rippmen\u00fc\u00fcst. Ehte rihm on taimpargitud nahast, seega ei ole t\u00f6\u00f6tlemisel kasutatud m\u00fcrgiseid kemikaale. Nahk on pehme ning muutub k\u00e4e \u00fcmber m\u00f5nusalt mugavaks.<br \/>\nEhe vastavalt sinu soovile<br \/>\nNahast rihmaga k\u00e4eehe on disainitud Klaasinterj\u00f6\u00f6ri klaasistuudio kunstnike poolt, kes on l\u00f5petanud Eesti Kunstiakadeema. Klaasinterj\u00f6\u00f6ri stuudios disainitud ehted on saadaval eksklusiivselt vaid <a href=\"http:\/\/vitraaz.ee\" target=\"_blank\" rel=\"noopener\" data-saferedirecturl=\"https:\/\/www.google.com\/url?q=http:\/\/vitraaz.ee&amp;source=gmail&amp;ust=1722516782164000&amp;usg=AOvVaw0JcHOX7AEYdHJCMbqh4W7Y\">vitraaz.ee<\/a> e-poes. Kui teil on kindel soov soetada meie disainitud ehteid aga ei leidnud sobivat suurust v\u00f5i v\u00e4rvitooni v\u00f5i soovite hoopis ehtekomplekti,\u00a0 p\u00f6\u00f6rduge meie poole e-kirja teel info@vitraaz.ee v\u00f5i k\u00fclastage Klaasinterj\u00f6\u00f6ri stuudiot ning saame kujundada ehted vastavalt teie soovidele. Klaasist kivi taha on v\u00f5imalik l\u00fchidalt graveerida ka nt saaja nimi v\u00f5i oluline kuup\u00e4ev, et muuta ehe saajale veelgi erilisemaks.<\/p>\n<\/div>\n","protected":false},"excerpt":{"rendered":"<p>S\u00e4ravsinise klaasist kiviga eesti disain k\u00e4eehe. Ehe sobib suurep\u00e4raselt statement-ehteks, mis paneb pilgud kindlasti peatuma ning r\u00f5hutab sinu oolemust. Eesti disainerite poolt loodud ehted paistavad pea alati silma silma julgete v\u00e4rvide, karakteri ja vormi poolest. Eesti disain on muutunud ka kandjate seas \u00fcha populaarsemaks ning naised on \u00fcha julgemad ning kannavad ehteid mis v\u00f5imaldavad esile [&hellip;]<\/p>\n","protected":false},"featured_media":6764,"template":"","meta":{"_acf_changed":false},"product_brand":[],"product_cat":[39],"product_tag":[],"class_list":{"0":"post-5942","1":"product","2":"type-product","3":"status-publish","4":"has-post-thumbnail","6":"product_cat-ehted","8":"first","9":"instock","10":"taxable","11":"shipping-taxable","12":"purchasable","13":"product-type-variable"},"acf":[],"yoast_head":"<!-- This site is optimized with the Yoast SEO plugin v27.3 - https:\/\/yoast.com\/product\/yoast-seo-wordpress\/ -->\n<title>Eesti disain k\u00e4eehe - Vitraaz.ee<\/title>\n<meta name=\"description\" content=\"See eesti disain k\u00e4eehe toob parimal viisil esile kandja isikup\u00e4ra ja r\u00f5hutab seda k\u00f5ige paremal viisil. Julge, pilkup\u00fc\u00fcdev, klassikalise vormiga!\" \/>\n<meta name=\"robots\" content=\"index, follow, max-snippet:-1, max-image-preview:large, max-video-preview:-1\" \/>\n<link rel=\"canonical\" href=\"https:\/\/vitraaz.ee\/fi\/toode\/eesti-disain-kaeehe\/\" \/>\n<meta property=\"og:locale\" content=\"fi_FI\" \/>\n<meta property=\"og:type\" content=\"article\" \/>\n<meta property=\"og:title\" content=\"Eesti disain k\u00e4eehe - Vitraaz.ee\" \/>\n<meta property=\"og:description\" content=\"See eesti disain k\u00e4eehe toob parimal viisil esile kandja isikup\u00e4ra ja r\u00f5hutab seda k\u00f5ige paremal viisil. Julge, pilkup\u00fc\u00fcdev, klassikalise vormiga!\" \/>\n<meta property=\"og:url\" content=\"https:\/\/vitraaz.ee\/fi\/toode\/eesti-disain-kaeehe\/\" \/>\n<meta property=\"og:site_name\" content=\"Vitraaz.ee\" \/>\n<meta property=\"article:publisher\" content=\"https:\/\/www.facebook.com\/Klaasinterjoor\" \/>\n<meta property=\"article:modified_time\" content=\"2024-07-31T13:18:03+00:00\" \/>\n<meta property=\"og:image\" content=\"https:\/\/vitraaz.ee\/wp-content\/uploads\/2024\/07\/1112.jpg\" \/>\n\t<meta property=\"og:image:width\" content=\"1200\" \/>\n\t<meta property=\"og:image:height\" content=\"798\" \/>\n\t<meta property=\"og:image:type\" content=\"image\/jpeg\" \/>\n<meta name=\"twitter:card\" content=\"summary_large_image\" \/>\n<meta name=\"twitter:label1\" content=\"Arvioitu lukuaika\" \/>\n\t<meta name=\"twitter:data1\" content=\"2 minuuttia\" \/>\n<script type=\"application\/ld+json\" class=\"yoast-schema-graph\">{\"@context\":\"https:\\\/\\\/schema.org\",\"@graph\":[{\"@type\":\"WebPage\",\"@id\":\"https:\\\/\\\/vitraaz.ee\\\/fi\\\/toode\\\/eesti-disain-kaeehe\\\/\",\"url\":\"https:\\\/\\\/vitraaz.ee\\\/fi\\\/toode\\\/eesti-disain-kaeehe\\\/\",\"name\":\"Eesti disain k\u00e4eehe - Vitraaz.ee\",\"isPartOf\":{\"@id\":\"https:\\\/\\\/vitraaz.ee\\\/fi\\\/#website\"},\"primaryImageOfPage\":{\"@id\":\"https:\\\/\\\/vitraaz.ee\\\/fi\\\/toode\\\/eesti-disain-kaeehe\\\/#primaryimage\"},\"image\":{\"@id\":\"https:\\\/\\\/vitraaz.ee\\\/fi\\\/toode\\\/eesti-disain-kaeehe\\\/#primaryimage\"},\"thumbnailUrl\":\"https:\\\/\\\/vitraaz.ee\\\/wp-content\\\/uploads\\\/2024\\\/07\\\/1112.jpg\",\"datePublished\":\"2023-11-09T13:52:55+00:00\",\"dateModified\":\"2024-07-31T13:18:03+00:00\",\"description\":\"See eesti disain k\u00e4eehe toob parimal viisil esile kandja isikup\u00e4ra ja r\u00f5hutab seda k\u00f5ige paremal viisil. Julge, pilkup\u00fc\u00fcdev, klassikalise vormiga!\",\"breadcrumb\":{\"@id\":\"https:\\\/\\\/vitraaz.ee\\\/fi\\\/toode\\\/eesti-disain-kaeehe\\\/#breadcrumb\"},\"inLanguage\":\"fi\",\"potentialAction\":[{\"@type\":\"ReadAction\",\"target\":[\"https:\\\/\\\/vitraaz.ee\\\/fi\\\/toode\\\/eesti-disain-kaeehe\\\/\"]}]},{\"@type\":\"ImageObject\",\"inLanguage\":\"fi\",\"@id\":\"https:\\\/\\\/vitraaz.ee\\\/fi\\\/toode\\\/eesti-disain-kaeehe\\\/#primaryimage\",\"url\":\"https:\\\/\\\/vitraaz.ee\\\/wp-content\\\/uploads\\\/2024\\\/07\\\/1112.jpg\",\"contentUrl\":\"https:\\\/\\\/vitraaz.ee\\\/wp-content\\\/uploads\\\/2024\\\/07\\\/1112.jpg\",\"width\":1200,\"height\":798,\"caption\":\"nahast ja klaasist disain k\u00e4eehe\"},{\"@type\":\"BreadcrumbList\",\"@id\":\"https:\\\/\\\/vitraaz.ee\\\/fi\\\/toode\\\/eesti-disain-kaeehe\\\/#breadcrumb\",\"itemListElement\":[{\"@type\":\"ListItem\",\"position\":1,\"name\":\"Home\",\"item\":\"https:\\\/\\\/vitraaz.ee\\\/fi\\\/\"},{\"@type\":\"ListItem\",\"position\":2,\"name\":\"Pood\",\"item\":\"https:\\\/\\\/vitraaz.ee\\\/pood\\\/\"},{\"@type\":\"ListItem\",\"position\":3,\"name\":\"Eesti disain k\u00e4eehe\"}]},{\"@type\":\"WebSite\",\"@id\":\"https:\\\/\\\/vitraaz.ee\\\/fi\\\/#website\",\"url\":\"https:\\\/\\\/vitraaz.ee\\\/fi\\\/\",\"name\":\"Vitraaz.ee\",\"description\":\"Klaasinterj&ouml;&ouml;r\",\"publisher\":{\"@id\":\"https:\\\/\\\/vitraaz.ee\\\/fi\\\/#organization\"},\"potentialAction\":[{\"@type\":\"SearchAction\",\"target\":{\"@type\":\"EntryPoint\",\"urlTemplate\":\"https:\\\/\\\/vitraaz.ee\\\/fi\\\/?s={search_term_string}\"},\"query-input\":{\"@type\":\"PropertyValueSpecification\",\"valueRequired\":true,\"valueName\":\"search_term_string\"}}],\"inLanguage\":\"fi\"},{\"@type\":\"Organization\",\"@id\":\"https:\\\/\\\/vitraaz.ee\\\/fi\\\/#organization\",\"name\":\"KLAASINTERJ\u00d6\u00d6R O\u00dc\",\"url\":\"https:\\\/\\\/vitraaz.ee\\\/fi\\\/\",\"logo\":{\"@type\":\"ImageObject\",\"inLanguage\":\"fi\",\"@id\":\"https:\\\/\\\/vitraaz.ee\\\/fi\\\/#\\\/schema\\\/logo\\\/image\\\/\",\"url\":\"https:\\\/\\\/vitraaz.ee\\\/wp-content\\\/uploads\\\/2022\\\/09\\\/logoKI.png\",\"contentUrl\":\"https:\\\/\\\/vitraaz.ee\\\/wp-content\\\/uploads\\\/2022\\\/09\\\/logoKI.png\",\"width\":1159,\"height\":458,\"caption\":\"KLAASINTERJ\u00d6\u00d6R O\u00dc\"},\"image\":{\"@id\":\"https:\\\/\\\/vitraaz.ee\\\/fi\\\/#\\\/schema\\\/logo\\\/image\\\/\"},\"sameAs\":[\"https:\\\/\\\/www.facebook.com\\\/Klaasinterjoor\"]}]}<\/script>\n<!-- \/ Yoast SEO plugin. -->","yoast_head_json":{"title":"Eesti disain k\u00e4eehe - Vitraaz.ee","description":"See eesti disain k\u00e4eehe toob parimal viisil esile kandja isikup\u00e4ra ja r\u00f5hutab seda k\u00f5ige paremal viisil. Julge, pilkup\u00fc\u00fcdev, klassikalise vormiga!","robots":{"index":"index","follow":"follow","max-snippet":"max-snippet:-1","max-image-preview":"max-image-preview:large","max-video-preview":"max-video-preview:-1"},"canonical":"https:\/\/vitraaz.ee\/fi\/toode\/eesti-disain-kaeehe\/","og_locale":"fi_FI","og_type":"article","og_title":"Eesti disain k\u00e4eehe - Vitraaz.ee","og_description":"See eesti disain k\u00e4eehe toob parimal viisil esile kandja isikup\u00e4ra ja r\u00f5hutab seda k\u00f5ige paremal viisil. Julge, pilkup\u00fc\u00fcdev, klassikalise vormiga!","og_url":"https:\/\/vitraaz.ee\/fi\/toode\/eesti-disain-kaeehe\/","og_site_name":"Vitraaz.ee","article_publisher":"https:\/\/www.facebook.com\/Klaasinterjoor","article_modified_time":"2024-07-31T13:18:03+00:00","og_image":[{"width":1200,"height":798,"url":"https:\/\/vitraaz.ee\/wp-content\/uploads\/2024\/07\/1112.jpg","type":"image\/jpeg"}],"twitter_card":"summary_large_image","twitter_misc":{"Arvioitu lukuaika":"2 minuuttia"},"schema":{"@context":"https:\/\/schema.org","@graph":[{"@type":"WebPage","@id":"https:\/\/vitraaz.ee\/fi\/toode\/eesti-disain-kaeehe\/","url":"https:\/\/vitraaz.ee\/fi\/toode\/eesti-disain-kaeehe\/","name":"Eesti disain k\u00e4eehe - Vitraaz.ee","isPartOf":{"@id":"https:\/\/vitraaz.ee\/fi\/#website"},"primaryImageOfPage":{"@id":"https:\/\/vitraaz.ee\/fi\/toode\/eesti-disain-kaeehe\/#primaryimage"},"image":{"@id":"https:\/\/vitraaz.ee\/fi\/toode\/eesti-disain-kaeehe\/#primaryimage"},"thumbnailUrl":"https:\/\/vitraaz.ee\/wp-content\/uploads\/2024\/07\/1112.jpg","datePublished":"2023-11-09T13:52:55+00:00","dateModified":"2024-07-31T13:18:03+00:00","description":"See eesti disain k\u00e4eehe toob parimal viisil esile kandja isikup\u00e4ra ja r\u00f5hutab seda k\u00f5ige paremal viisil. Julge, pilkup\u00fc\u00fcdev, klassikalise vormiga!","breadcrumb":{"@id":"https:\/\/vitraaz.ee\/fi\/toode\/eesti-disain-kaeehe\/#breadcrumb"},"inLanguage":"fi","potentialAction":[{"@type":"ReadAction","target":["https:\/\/vitraaz.ee\/fi\/toode\/eesti-disain-kaeehe\/"]}]},{"@type":"ImageObject","inLanguage":"fi","@id":"https:\/\/vitraaz.ee\/fi\/toode\/eesti-disain-kaeehe\/#primaryimage","url":"https:\/\/vitraaz.ee\/wp-content\/uploads\/2024\/07\/1112.jpg","contentUrl":"https:\/\/vitraaz.ee\/wp-content\/uploads\/2024\/07\/1112.jpg","width":1200,"height":798,"caption":"nahast ja klaasist disain k\u00e4eehe"},{"@type":"BreadcrumbList","@id":"https:\/\/vitraaz.ee\/fi\/toode\/eesti-disain-kaeehe\/#breadcrumb","itemListElement":[{"@type":"ListItem","position":1,"name":"Home","item":"https:\/\/vitraaz.ee\/fi\/"},{"@type":"ListItem","position":2,"name":"Pood","item":"https:\/\/vitraaz.ee\/pood\/"},{"@type":"ListItem","position":3,"name":"Eesti disain k\u00e4eehe"}]},{"@type":"WebSite","@id":"https:\/\/vitraaz.ee\/fi\/#website","url":"https:\/\/vitraaz.ee\/fi\/","name":"Vitraaz.ee","description":"Klaasinterj&ouml;&ouml;r","publisher":{"@id":"https:\/\/vitraaz.ee\/fi\/#organization"},"potentialAction":[{"@type":"SearchAction","target":{"@type":"EntryPoint","urlTemplate":"https:\/\/vitraaz.ee\/fi\/?s={search_term_string}"},"query-input":{"@type":"PropertyValueSpecification","valueRequired":true,"valueName":"search_term_string"}}],"inLanguage":"fi"},{"@type":"Organization","@id":"https:\/\/vitraaz.ee\/fi\/#organization","name":"KLAASINTERJ\u00d6\u00d6R O\u00dc","url":"https:\/\/vitraaz.ee\/fi\/","logo":{"@type":"ImageObject","inLanguage":"fi","@id":"https:\/\/vitraaz.ee\/fi\/#\/schema\/logo\/image\/","url":"https:\/\/vitraaz.ee\/wp-content\/uploads\/2022\/09\/logoKI.png","contentUrl":"https:\/\/vitraaz.ee\/wp-content\/uploads\/2022\/09\/logoKI.png","width":1159,"height":458,"caption":"KLAASINTERJ\u00d6\u00d6R O\u00dc"},"image":{"@id":"https:\/\/vitraaz.ee\/fi\/#\/schema\/logo\/image\/"},"sameAs":["https:\/\/www.facebook.com\/Klaasinterjoor"]}]}},"_links":{"self":[{"href":"https:\/\/vitraaz.ee\/fi\/wp-json\/wp\/v2\/product\/5942","targetHints":{"allow":["GET"]}}],"collection":[{"href":"https:\/\/vitraaz.ee\/fi\/wp-json\/wp\/v2\/product"}],"about":[{"href":"https:\/\/vitraaz.ee\/fi\/wp-json\/wp\/v2\/types\/product"}],"version-history":[{"count":0,"href":"https:\/\/vitraaz.ee\/fi\/wp-json\/wp\/v2\/product\/5942\/revisions"}],"wp:featuredmedia":[{"embeddable":true,"href":"https:\/\/vitraaz.ee\/fi\/wp-json\/wp\/v2\/media\/6764"}],"wp:attachment":[{"href":"https:\/\/vitraaz.ee\/fi\/wp-json\/wp\/v2\/media?parent=5942"}],"wp:term":[{"taxonomy":"product_brand","embeddable":true,"href":"https:\/\/vitraaz.ee\/fi\/wp-json\/wp\/v2\/product_brand?post=5942"},{"taxonomy":"product_cat","embeddable":true,"href":"https:\/\/vitraaz.ee\/fi\/wp-json\/wp\/v2\/product_cat?post=5942"},{"taxonomy":"product_tag","embeddable":true,"href":"https:\/\/vitraaz.ee\/fi\/wp-json\/wp\/v2\/product_tag?post=5942"}],"curies":[{"name":"wp","href":"https:\/\/api.w.org\/{rel}","templated":true}]}}