{"id":5917,"date":"2023-11-02T14:26:22","date_gmt":"2023-11-02T14:26:22","guid":{"rendered":"https:\/\/vitraaz.ee\/?post_type=product&#038;p=5917"},"modified":"2024-07-16T13:23:18","modified_gmt":"2024-07-16T13:23:18","slug":"kaevorud-sobrapaevaks","status":"publish","type":"product","link":"https:\/\/vitraaz.ee\/fi\/toode\/kaevorud-sobrapaevaks\/","title":{"rendered":"K\u00e4ev\u00f5rud s\u00f5brap\u00e4evaks"},"content":{"rendered":"<p>See \u00f5rnlilla klaasiga k\u00e4ev\u00f5rude komplekt on suurep\u00e4rane kingitus s\u00f5brap\u00e4evaks. Kui soovid \u00fcllatada oma ema v\u00f5i t\u00fctart \u00fchesuguste ehetega siis sobib see armas ehtepaar selleks imeh\u00e4sti. \u00d5rna lillat tooni klaasi sisse on s\u00fcvistatud s\u00fcdamed. Ehetel on nahast rihm, mis kinnitatakse k\u00e4e \u00fcmber trukiga. Kindlasti soovitame m\u00f5\u00f5ta ehtekandjate randmed, et veenduda, kas komplekt sobib. Vali \u00f5ige m\u00f5\u00f5duga ehted rippmen\u00fc\u00fcst. Suurema k\u00e4ev\u00f5ru klaasist osa m\u00f5\u00f5t on 3&#215;4 cm, v\u00e4iksemal 1,4&#215;3 cm. M\u00f5lema ehte rihma laius 1,5 cm.<\/p>\n","protected":false},"excerpt":{"rendered":"<p>See \u00f5rnlilla klaasiga k\u00e4ev\u00f5rude komplekt on suurep\u00e4rane kingitus s\u00f5brap\u00e4evaks. Kui soovid \u00fcllatada oma ema v\u00f5i t\u00fctart \u00fchesuguste ehetega siis sobib see armas ehtepaar selleks imeh\u00e4sti. \u00d5rna lillat tooni klaasi sisse on s\u00fcvistatud s\u00fcdamed. Ehetel on nahast rihm, mis kinnitatakse k\u00e4e \u00fcmber trukiga. Kindlasti soovitame m\u00f5\u00f5ta ehtekandjate randmed, et veenduda, kas komplekt sobib. Vali \u00f5ige m\u00f5\u00f5duga [&hellip;]<\/p>\n","protected":false},"featured_media":5904,"template":"","meta":{"_acf_changed":false},"product_brand":[],"product_cat":[39],"product_tag":[],"class_list":{"0":"post-5917","1":"product","2":"type-product","3":"status-publish","4":"has-post-thumbnail","6":"product_cat-ehted","8":"first","9":"instock","10":"taxable","11":"shipping-taxable","12":"purchasable","13":"product-type-variable"},"acf":[],"yoast_head":"<!-- This site is optimized with the Yoast SEO plugin v27.3 - https:\/\/yoast.com\/product\/yoast-seo-wordpress\/ -->\n<title>K\u00e4ev\u00f5rud s\u00f5brap\u00e4evaks - Vitraaz.ee<\/title>\n<meta name=\"description\" content=\"K\u00e4ev\u00f5rud s\u00f5brap\u00e4evaks emmedele ja t\u00fctardele. Armsa lillaka tooniga klaasist kiviga k\u00e4ev\u00f5rul on s\u00fcdamemotiiv. Mis k\u00f5ige parem, neid on kinkimiseks kaks!\" \/>\n<meta name=\"robots\" content=\"index, follow, max-snippet:-1, max-image-preview:large, max-video-preview:-1\" \/>\n<link rel=\"canonical\" href=\"https:\/\/vitraaz.ee\/fi\/toode\/kaevorud-sobrapaevaks\/\" \/>\n<meta property=\"og:locale\" content=\"fi_FI\" \/>\n<meta property=\"og:type\" content=\"article\" \/>\n<meta property=\"og:title\" content=\"K\u00e4ev\u00f5rud s\u00f5brap\u00e4evaks - Vitraaz.ee\" \/>\n<meta property=\"og:description\" content=\"K\u00e4ev\u00f5rud s\u00f5brap\u00e4evaks emmedele ja t\u00fctardele. Armsa lillaka tooniga klaasist kiviga k\u00e4ev\u00f5rul on s\u00fcdamemotiiv. Mis k\u00f5ige parem, neid on kinkimiseks kaks!\" \/>\n<meta property=\"og:url\" content=\"https:\/\/vitraaz.ee\/fi\/toode\/kaevorud-sobrapaevaks\/\" \/>\n<meta property=\"og:site_name\" content=\"Vitraaz.ee\" \/>\n<meta property=\"article:publisher\" content=\"https:\/\/www.facebook.com\/Klaasinterjoor\" \/>\n<meta property=\"article:modified_time\" content=\"2024-07-16T13:23:18+00:00\" \/>\n<meta property=\"og:image\" content=\"https:\/\/vitraaz.ee\/wp-content\/uploads\/2023\/11\/lillad3.jpg\" \/>\n\t<meta property=\"og:image:width\" content=\"1200\" \/>\n\t<meta property=\"og:image:height\" content=\"798\" \/>\n\t<meta property=\"og:image:type\" content=\"image\/jpeg\" \/>\n<meta name=\"twitter:card\" content=\"summary_large_image\" \/>\n<meta name=\"twitter:label1\" content=\"Arvioitu lukuaika\" \/>\n\t<meta name=\"twitter:data1\" content=\"1 minuutti\" \/>\n<script type=\"application\/ld+json\" class=\"yoast-schema-graph\">{\"@context\":\"https:\\\/\\\/schema.org\",\"@graph\":[{\"@type\":\"WebPage\",\"@id\":\"https:\\\/\\\/vitraaz.ee\\\/fi\\\/toode\\\/kaevorud-sobrapaevaks\\\/\",\"url\":\"https:\\\/\\\/vitraaz.ee\\\/fi\\\/toode\\\/kaevorud-sobrapaevaks\\\/\",\"name\":\"K\u00e4ev\u00f5rud s\u00f5brap\u00e4evaks - Vitraaz.ee\",\"isPartOf\":{\"@id\":\"https:\\\/\\\/vitraaz.ee\\\/fi\\\/#website\"},\"primaryImageOfPage\":{\"@id\":\"https:\\\/\\\/vitraaz.ee\\\/fi\\\/toode\\\/kaevorud-sobrapaevaks\\\/#primaryimage\"},\"image\":{\"@id\":\"https:\\\/\\\/vitraaz.ee\\\/fi\\\/toode\\\/kaevorud-sobrapaevaks\\\/#primaryimage\"},\"thumbnailUrl\":\"https:\\\/\\\/vitraaz.ee\\\/wp-content\\\/uploads\\\/2023\\\/11\\\/lillad3.jpg\",\"datePublished\":\"2023-11-02T14:26:22+00:00\",\"dateModified\":\"2024-07-16T13:23:18+00:00\",\"description\":\"K\u00e4ev\u00f5rud s\u00f5brap\u00e4evaks emmedele ja t\u00fctardele. Armsa lillaka tooniga klaasist kiviga k\u00e4ev\u00f5rul on s\u00fcdamemotiiv. Mis k\u00f5ige parem, neid on kinkimiseks kaks!\",\"breadcrumb\":{\"@id\":\"https:\\\/\\\/vitraaz.ee\\\/fi\\\/toode\\\/kaevorud-sobrapaevaks\\\/#breadcrumb\"},\"inLanguage\":\"fi\",\"potentialAction\":[{\"@type\":\"ReadAction\",\"target\":[\"https:\\\/\\\/vitraaz.ee\\\/fi\\\/toode\\\/kaevorud-sobrapaevaks\\\/\"]}]},{\"@type\":\"ImageObject\",\"inLanguage\":\"fi\",\"@id\":\"https:\\\/\\\/vitraaz.ee\\\/fi\\\/toode\\\/kaevorud-sobrapaevaks\\\/#primaryimage\",\"url\":\"https:\\\/\\\/vitraaz.ee\\\/wp-content\\\/uploads\\\/2023\\\/11\\\/lillad3.jpg\",\"contentUrl\":\"https:\\\/\\\/vitraaz.ee\\\/wp-content\\\/uploads\\\/2023\\\/11\\\/lillad3.jpg\",\"width\":1200,\"height\":798,\"caption\":\"klaasist k\u00e4ev\u00f5rud s\u00fcdametega\"},{\"@type\":\"BreadcrumbList\",\"@id\":\"https:\\\/\\\/vitraaz.ee\\\/fi\\\/toode\\\/kaevorud-sobrapaevaks\\\/#breadcrumb\",\"itemListElement\":[{\"@type\":\"ListItem\",\"position\":1,\"name\":\"Home\",\"item\":\"https:\\\/\\\/vitraaz.ee\\\/fi\\\/\"},{\"@type\":\"ListItem\",\"position\":2,\"name\":\"Pood\",\"item\":\"https:\\\/\\\/vitraaz.ee\\\/pood\\\/\"},{\"@type\":\"ListItem\",\"position\":3,\"name\":\"K\u00e4ev\u00f5rud s\u00f5brap\u00e4evaks\"}]},{\"@type\":\"WebSite\",\"@id\":\"https:\\\/\\\/vitraaz.ee\\\/fi\\\/#website\",\"url\":\"https:\\\/\\\/vitraaz.ee\\\/fi\\\/\",\"name\":\"Vitraaz.ee\",\"description\":\"Klaasinterj&ouml;&ouml;r\",\"publisher\":{\"@id\":\"https:\\\/\\\/vitraaz.ee\\\/fi\\\/#organization\"},\"potentialAction\":[{\"@type\":\"SearchAction\",\"target\":{\"@type\":\"EntryPoint\",\"urlTemplate\":\"https:\\\/\\\/vitraaz.ee\\\/fi\\\/?s={search_term_string}\"},\"query-input\":{\"@type\":\"PropertyValueSpecification\",\"valueRequired\":true,\"valueName\":\"search_term_string\"}}],\"inLanguage\":\"fi\"},{\"@type\":\"Organization\",\"@id\":\"https:\\\/\\\/vitraaz.ee\\\/fi\\\/#organization\",\"name\":\"KLAASINTERJ\u00d6\u00d6R O\u00dc\",\"url\":\"https:\\\/\\\/vitraaz.ee\\\/fi\\\/\",\"logo\":{\"@type\":\"ImageObject\",\"inLanguage\":\"fi\",\"@id\":\"https:\\\/\\\/vitraaz.ee\\\/fi\\\/#\\\/schema\\\/logo\\\/image\\\/\",\"url\":\"https:\\\/\\\/vitraaz.ee\\\/wp-content\\\/uploads\\\/2022\\\/09\\\/logoKI.png\",\"contentUrl\":\"https:\\\/\\\/vitraaz.ee\\\/wp-content\\\/uploads\\\/2022\\\/09\\\/logoKI.png\",\"width\":1159,\"height\":458,\"caption\":\"KLAASINTERJ\u00d6\u00d6R O\u00dc\"},\"image\":{\"@id\":\"https:\\\/\\\/vitraaz.ee\\\/fi\\\/#\\\/schema\\\/logo\\\/image\\\/\"},\"sameAs\":[\"https:\\\/\\\/www.facebook.com\\\/Klaasinterjoor\"]}]}<\/script>\n<!-- \/ Yoast SEO plugin. -->","yoast_head_json":{"title":"K\u00e4ev\u00f5rud s\u00f5brap\u00e4evaks - Vitraaz.ee","description":"K\u00e4ev\u00f5rud s\u00f5brap\u00e4evaks emmedele ja t\u00fctardele. Armsa lillaka tooniga klaasist kiviga k\u00e4ev\u00f5rul on s\u00fcdamemotiiv. Mis k\u00f5ige parem, neid on kinkimiseks kaks!","robots":{"index":"index","follow":"follow","max-snippet":"max-snippet:-1","max-image-preview":"max-image-preview:large","max-video-preview":"max-video-preview:-1"},"canonical":"https:\/\/vitraaz.ee\/fi\/toode\/kaevorud-sobrapaevaks\/","og_locale":"fi_FI","og_type":"article","og_title":"K\u00e4ev\u00f5rud s\u00f5brap\u00e4evaks - Vitraaz.ee","og_description":"K\u00e4ev\u00f5rud s\u00f5brap\u00e4evaks emmedele ja t\u00fctardele. Armsa lillaka tooniga klaasist kiviga k\u00e4ev\u00f5rul on s\u00fcdamemotiiv. Mis k\u00f5ige parem, neid on kinkimiseks kaks!","og_url":"https:\/\/vitraaz.ee\/fi\/toode\/kaevorud-sobrapaevaks\/","og_site_name":"Vitraaz.ee","article_publisher":"https:\/\/www.facebook.com\/Klaasinterjoor","article_modified_time":"2024-07-16T13:23:18+00:00","og_image":[{"width":1200,"height":798,"url":"https:\/\/vitraaz.ee\/wp-content\/uploads\/2023\/11\/lillad3.jpg","type":"image\/jpeg"}],"twitter_card":"summary_large_image","twitter_misc":{"Arvioitu lukuaika":"1 minuutti"},"schema":{"@context":"https:\/\/schema.org","@graph":[{"@type":"WebPage","@id":"https:\/\/vitraaz.ee\/fi\/toode\/kaevorud-sobrapaevaks\/","url":"https:\/\/vitraaz.ee\/fi\/toode\/kaevorud-sobrapaevaks\/","name":"K\u00e4ev\u00f5rud s\u00f5brap\u00e4evaks - Vitraaz.ee","isPartOf":{"@id":"https:\/\/vitraaz.ee\/fi\/#website"},"primaryImageOfPage":{"@id":"https:\/\/vitraaz.ee\/fi\/toode\/kaevorud-sobrapaevaks\/#primaryimage"},"image":{"@id":"https:\/\/vitraaz.ee\/fi\/toode\/kaevorud-sobrapaevaks\/#primaryimage"},"thumbnailUrl":"https:\/\/vitraaz.ee\/wp-content\/uploads\/2023\/11\/lillad3.jpg","datePublished":"2023-11-02T14:26:22+00:00","dateModified":"2024-07-16T13:23:18+00:00","description":"K\u00e4ev\u00f5rud s\u00f5brap\u00e4evaks emmedele ja t\u00fctardele. Armsa lillaka tooniga klaasist kiviga k\u00e4ev\u00f5rul on s\u00fcdamemotiiv. Mis k\u00f5ige parem, neid on kinkimiseks kaks!","breadcrumb":{"@id":"https:\/\/vitraaz.ee\/fi\/toode\/kaevorud-sobrapaevaks\/#breadcrumb"},"inLanguage":"fi","potentialAction":[{"@type":"ReadAction","target":["https:\/\/vitraaz.ee\/fi\/toode\/kaevorud-sobrapaevaks\/"]}]},{"@type":"ImageObject","inLanguage":"fi","@id":"https:\/\/vitraaz.ee\/fi\/toode\/kaevorud-sobrapaevaks\/#primaryimage","url":"https:\/\/vitraaz.ee\/wp-content\/uploads\/2023\/11\/lillad3.jpg","contentUrl":"https:\/\/vitraaz.ee\/wp-content\/uploads\/2023\/11\/lillad3.jpg","width":1200,"height":798,"caption":"klaasist k\u00e4ev\u00f5rud s\u00fcdametega"},{"@type":"BreadcrumbList","@id":"https:\/\/vitraaz.ee\/fi\/toode\/kaevorud-sobrapaevaks\/#breadcrumb","itemListElement":[{"@type":"ListItem","position":1,"name":"Home","item":"https:\/\/vitraaz.ee\/fi\/"},{"@type":"ListItem","position":2,"name":"Pood","item":"https:\/\/vitraaz.ee\/pood\/"},{"@type":"ListItem","position":3,"name":"K\u00e4ev\u00f5rud s\u00f5brap\u00e4evaks"}]},{"@type":"WebSite","@id":"https:\/\/vitraaz.ee\/fi\/#website","url":"https:\/\/vitraaz.ee\/fi\/","name":"Vitraaz.ee","description":"Klaasinterj&ouml;&ouml;r","publisher":{"@id":"https:\/\/vitraaz.ee\/fi\/#organization"},"potentialAction":[{"@type":"SearchAction","target":{"@type":"EntryPoint","urlTemplate":"https:\/\/vitraaz.ee\/fi\/?s={search_term_string}"},"query-input":{"@type":"PropertyValueSpecification","valueRequired":true,"valueName":"search_term_string"}}],"inLanguage":"fi"},{"@type":"Organization","@id":"https:\/\/vitraaz.ee\/fi\/#organization","name":"KLAASINTERJ\u00d6\u00d6R O\u00dc","url":"https:\/\/vitraaz.ee\/fi\/","logo":{"@type":"ImageObject","inLanguage":"fi","@id":"https:\/\/vitraaz.ee\/fi\/#\/schema\/logo\/image\/","url":"https:\/\/vitraaz.ee\/wp-content\/uploads\/2022\/09\/logoKI.png","contentUrl":"https:\/\/vitraaz.ee\/wp-content\/uploads\/2022\/09\/logoKI.png","width":1159,"height":458,"caption":"KLAASINTERJ\u00d6\u00d6R O\u00dc"},"image":{"@id":"https:\/\/vitraaz.ee\/fi\/#\/schema\/logo\/image\/"},"sameAs":["https:\/\/www.facebook.com\/Klaasinterjoor"]}]}},"_links":{"self":[{"href":"https:\/\/vitraaz.ee\/fi\/wp-json\/wp\/v2\/product\/5917","targetHints":{"allow":["GET"]}}],"collection":[{"href":"https:\/\/vitraaz.ee\/fi\/wp-json\/wp\/v2\/product"}],"about":[{"href":"https:\/\/vitraaz.ee\/fi\/wp-json\/wp\/v2\/types\/product"}],"version-history":[{"count":0,"href":"https:\/\/vitraaz.ee\/fi\/wp-json\/wp\/v2\/product\/5917\/revisions"}],"wp:featuredmedia":[{"embeddable":true,"href":"https:\/\/vitraaz.ee\/fi\/wp-json\/wp\/v2\/media\/5904"}],"wp:attachment":[{"href":"https:\/\/vitraaz.ee\/fi\/wp-json\/wp\/v2\/media?parent=5917"}],"wp:term":[{"taxonomy":"product_brand","embeddable":true,"href":"https:\/\/vitraaz.ee\/fi\/wp-json\/wp\/v2\/product_brand?post=5917"},{"taxonomy":"product_cat","embeddable":true,"href":"https:\/\/vitraaz.ee\/fi\/wp-json\/wp\/v2\/product_cat?post=5917"},{"taxonomy":"product_tag","embeddable":true,"href":"https:\/\/vitraaz.ee\/fi\/wp-json\/wp\/v2\/product_tag?post=5917"}],"curies":[{"name":"wp","href":"https:\/\/api.w.org\/{rel}","templated":true}]}}