{"id":5895,"date":"2023-11-09T12:55:54","date_gmt":"2023-11-09T12:55:54","guid":{"rendered":"https:\/\/vitraaz.ee\/?post_type=product&#038;p=5895"},"modified":"2024-07-16T13:10:06","modified_gmt":"2024-07-16T13:10:06","slug":"ema-ja-tutre-ehtekomplekt","status":"publish","type":"product","link":"https:\/\/vitraaz.ee\/fi\/toode\/ema-ja-tutre-ehtekomplekt\/","title":{"rendered":"Ema ja t\u00fctre ehtekomplekt"},"content":{"rendered":"<p>Armas s\u00fcdamemotiiviga ehete komplekt sobib imeh\u00e4sti kingituseks emalt t\u00fctrele v\u00f5i t\u00fctrelt emale. Komplekt on kaunis emadep\u00e4eva kingitus v\u00f5i hoopis s\u00f5brap\u00e4evakingitus. T\u00fctred tahavad alati olla oma emmede moodi ja see vahva komplekt sobib selleks h\u00e4sti. Vali rippmen\u00fc\u00fcst sulle sobiva \u00fcmberm\u00f5\u00f5duga komplekt. M\u00f5\u00f5da k\u00e4e\u00fcmberm\u00f5\u00f5te randmest m\u00f5ne cm k\u00f5rguselt.<\/p>\n","protected":false},"excerpt":{"rendered":"<p>Armas s\u00fcdamemotiiviga ehete komplekt sobib imeh\u00e4sti kingituseks emalt t\u00fctrele v\u00f5i t\u00fctrelt emale. Komplekt on kaunis emadep\u00e4eva kingitus v\u00f5i hoopis s\u00f5brap\u00e4evakingitus. T\u00fctred tahavad alati olla oma emmede moodi ja see vahva komplekt sobib selleks h\u00e4sti. Vali rippmen\u00fc\u00fcst sulle sobiva \u00fcmberm\u00f5\u00f5duga komplekt. M\u00f5\u00f5da k\u00e4e\u00fcmberm\u00f5\u00f5te randmest m\u00f5ne cm k\u00f5rguselt.<\/p>\n","protected":false},"featured_media":5912,"template":"","meta":{"_acf_changed":false},"product_brand":[],"product_cat":[39],"product_tag":[],"class_list":{"0":"post-5895","1":"product","2":"type-product","3":"status-publish","4":"has-post-thumbnail","6":"product_cat-ehted","8":"first","9":"instock","10":"taxable","11":"shipping-taxable","12":"purchasable","13":"product-type-variable"},"acf":[],"yoast_head":"<!-- This site is optimized with the Yoast SEO plugin v27.3 - https:\/\/yoast.com\/product\/yoast-seo-wordpress\/ -->\n<title>Ema ja t\u00fctre ehtekomplekt - Vitraaz.ee<\/title>\n<meta name=\"description\" content=\"S\u00fcdamlik kinkekomplekt emalt t\u00fctrele v\u00f5i t\u00fctrelt emale. Armsad s\u00fcdametega ehted lasevad t\u00fctardel olla oma armsa emme koopiad.\" \/>\n<meta name=\"robots\" content=\"index, follow, max-snippet:-1, max-image-preview:large, max-video-preview:-1\" \/>\n<link rel=\"canonical\" href=\"https:\/\/vitraaz.ee\/fi\/toode\/ema-ja-tutre-ehtekomplekt\/\" \/>\n<meta property=\"og:locale\" content=\"fi_FI\" \/>\n<meta property=\"og:type\" content=\"article\" \/>\n<meta property=\"og:title\" content=\"Ema ja t\u00fctre ehtekomplekt - Vitraaz.ee\" \/>\n<meta property=\"og:description\" content=\"S\u00fcdamlik kinkekomplekt emalt t\u00fctrele v\u00f5i t\u00fctrelt emale. Armsad s\u00fcdametega ehted lasevad t\u00fctardel olla oma armsa emme koopiad.\" \/>\n<meta property=\"og:url\" content=\"https:\/\/vitraaz.ee\/fi\/toode\/ema-ja-tutre-ehtekomplekt\/\" \/>\n<meta property=\"og:site_name\" content=\"Vitraaz.ee\" \/>\n<meta property=\"article:publisher\" content=\"https:\/\/www.facebook.com\/Klaasinterjoor\" \/>\n<meta property=\"article:modified_time\" content=\"2024-07-16T13:10:06+00:00\" \/>\n<meta property=\"og:image\" content=\"https:\/\/vitraaz.ee\/wp-content\/uploads\/2023\/11\/valged.jpg\" \/>\n\t<meta property=\"og:image:width\" content=\"1200\" \/>\n\t<meta property=\"og:image:height\" content=\"798\" \/>\n\t<meta property=\"og:image:type\" content=\"image\/jpeg\" \/>\n<meta name=\"twitter:card\" content=\"summary_large_image\" \/>\n<meta name=\"twitter:label1\" content=\"Arvioitu lukuaika\" \/>\n\t<meta name=\"twitter:data1\" content=\"1 minuutti\" \/>\n<script type=\"application\/ld+json\" class=\"yoast-schema-graph\">{\"@context\":\"https:\\\/\\\/schema.org\",\"@graph\":[{\"@type\":\"WebPage\",\"@id\":\"https:\\\/\\\/vitraaz.ee\\\/fi\\\/toode\\\/ema-ja-tutre-ehtekomplekt\\\/\",\"url\":\"https:\\\/\\\/vitraaz.ee\\\/fi\\\/toode\\\/ema-ja-tutre-ehtekomplekt\\\/\",\"name\":\"Ema ja t\u00fctre ehtekomplekt - Vitraaz.ee\",\"isPartOf\":{\"@id\":\"https:\\\/\\\/vitraaz.ee\\\/fi\\\/#website\"},\"primaryImageOfPage\":{\"@id\":\"https:\\\/\\\/vitraaz.ee\\\/fi\\\/toode\\\/ema-ja-tutre-ehtekomplekt\\\/#primaryimage\"},\"image\":{\"@id\":\"https:\\\/\\\/vitraaz.ee\\\/fi\\\/toode\\\/ema-ja-tutre-ehtekomplekt\\\/#primaryimage\"},\"thumbnailUrl\":\"https:\\\/\\\/vitraaz.ee\\\/wp-content\\\/uploads\\\/2023\\\/11\\\/valged.jpg\",\"datePublished\":\"2023-11-09T12:55:54+00:00\",\"dateModified\":\"2024-07-16T13:10:06+00:00\",\"description\":\"S\u00fcdamlik kinkekomplekt emalt t\u00fctrele v\u00f5i t\u00fctrelt emale. Armsad s\u00fcdametega ehted lasevad t\u00fctardel olla oma armsa emme koopiad.\",\"breadcrumb\":{\"@id\":\"https:\\\/\\\/vitraaz.ee\\\/fi\\\/toode\\\/ema-ja-tutre-ehtekomplekt\\\/#breadcrumb\"},\"inLanguage\":\"fi\",\"potentialAction\":[{\"@type\":\"ReadAction\",\"target\":[\"https:\\\/\\\/vitraaz.ee\\\/fi\\\/toode\\\/ema-ja-tutre-ehtekomplekt\\\/\"]}]},{\"@type\":\"ImageObject\",\"inLanguage\":\"fi\",\"@id\":\"https:\\\/\\\/vitraaz.ee\\\/fi\\\/toode\\\/ema-ja-tutre-ehtekomplekt\\\/#primaryimage\",\"url\":\"https:\\\/\\\/vitraaz.ee\\\/wp-content\\\/uploads\\\/2023\\\/11\\\/valged.jpg\",\"contentUrl\":\"https:\\\/\\\/vitraaz.ee\\\/wp-content\\\/uploads\\\/2023\\\/11\\\/valged.jpg\",\"width\":1200,\"height\":798,\"caption\":\"valge klaas ja nahast rihm\"},{\"@type\":\"BreadcrumbList\",\"@id\":\"https:\\\/\\\/vitraaz.ee\\\/fi\\\/toode\\\/ema-ja-tutre-ehtekomplekt\\\/#breadcrumb\",\"itemListElement\":[{\"@type\":\"ListItem\",\"position\":1,\"name\":\"Home\",\"item\":\"https:\\\/\\\/vitraaz.ee\\\/fi\\\/\"},{\"@type\":\"ListItem\",\"position\":2,\"name\":\"Pood\",\"item\":\"https:\\\/\\\/vitraaz.ee\\\/pood\\\/\"},{\"@type\":\"ListItem\",\"position\":3,\"name\":\"Ema ja t\u00fctre ehtekomplekt\"}]},{\"@type\":\"WebSite\",\"@id\":\"https:\\\/\\\/vitraaz.ee\\\/fi\\\/#website\",\"url\":\"https:\\\/\\\/vitraaz.ee\\\/fi\\\/\",\"name\":\"Vitraaz.ee\",\"description\":\"Klaasinterj&ouml;&ouml;r\",\"publisher\":{\"@id\":\"https:\\\/\\\/vitraaz.ee\\\/fi\\\/#organization\"},\"potentialAction\":[{\"@type\":\"SearchAction\",\"target\":{\"@type\":\"EntryPoint\",\"urlTemplate\":\"https:\\\/\\\/vitraaz.ee\\\/fi\\\/?s={search_term_string}\"},\"query-input\":{\"@type\":\"PropertyValueSpecification\",\"valueRequired\":true,\"valueName\":\"search_term_string\"}}],\"inLanguage\":\"fi\"},{\"@type\":\"Organization\",\"@id\":\"https:\\\/\\\/vitraaz.ee\\\/fi\\\/#organization\",\"name\":\"KLAASINTERJ\u00d6\u00d6R O\u00dc\",\"url\":\"https:\\\/\\\/vitraaz.ee\\\/fi\\\/\",\"logo\":{\"@type\":\"ImageObject\",\"inLanguage\":\"fi\",\"@id\":\"https:\\\/\\\/vitraaz.ee\\\/fi\\\/#\\\/schema\\\/logo\\\/image\\\/\",\"url\":\"https:\\\/\\\/vitraaz.ee\\\/wp-content\\\/uploads\\\/2022\\\/09\\\/logoKI.png\",\"contentUrl\":\"https:\\\/\\\/vitraaz.ee\\\/wp-content\\\/uploads\\\/2022\\\/09\\\/logoKI.png\",\"width\":1159,\"height\":458,\"caption\":\"KLAASINTERJ\u00d6\u00d6R O\u00dc\"},\"image\":{\"@id\":\"https:\\\/\\\/vitraaz.ee\\\/fi\\\/#\\\/schema\\\/logo\\\/image\\\/\"},\"sameAs\":[\"https:\\\/\\\/www.facebook.com\\\/Klaasinterjoor\"]}]}<\/script>\n<!-- \/ Yoast SEO plugin. -->","yoast_head_json":{"title":"Ema ja t\u00fctre ehtekomplekt - Vitraaz.ee","description":"S\u00fcdamlik kinkekomplekt emalt t\u00fctrele v\u00f5i t\u00fctrelt emale. Armsad s\u00fcdametega ehted lasevad t\u00fctardel olla oma armsa emme koopiad.","robots":{"index":"index","follow":"follow","max-snippet":"max-snippet:-1","max-image-preview":"max-image-preview:large","max-video-preview":"max-video-preview:-1"},"canonical":"https:\/\/vitraaz.ee\/fi\/toode\/ema-ja-tutre-ehtekomplekt\/","og_locale":"fi_FI","og_type":"article","og_title":"Ema ja t\u00fctre ehtekomplekt - Vitraaz.ee","og_description":"S\u00fcdamlik kinkekomplekt emalt t\u00fctrele v\u00f5i t\u00fctrelt emale. Armsad s\u00fcdametega ehted lasevad t\u00fctardel olla oma armsa emme koopiad.","og_url":"https:\/\/vitraaz.ee\/fi\/toode\/ema-ja-tutre-ehtekomplekt\/","og_site_name":"Vitraaz.ee","article_publisher":"https:\/\/www.facebook.com\/Klaasinterjoor","article_modified_time":"2024-07-16T13:10:06+00:00","og_image":[{"width":1200,"height":798,"url":"https:\/\/vitraaz.ee\/wp-content\/uploads\/2023\/11\/valged.jpg","type":"image\/jpeg"}],"twitter_card":"summary_large_image","twitter_misc":{"Arvioitu lukuaika":"1 minuutti"},"schema":{"@context":"https:\/\/schema.org","@graph":[{"@type":"WebPage","@id":"https:\/\/vitraaz.ee\/fi\/toode\/ema-ja-tutre-ehtekomplekt\/","url":"https:\/\/vitraaz.ee\/fi\/toode\/ema-ja-tutre-ehtekomplekt\/","name":"Ema ja t\u00fctre ehtekomplekt - Vitraaz.ee","isPartOf":{"@id":"https:\/\/vitraaz.ee\/fi\/#website"},"primaryImageOfPage":{"@id":"https:\/\/vitraaz.ee\/fi\/toode\/ema-ja-tutre-ehtekomplekt\/#primaryimage"},"image":{"@id":"https:\/\/vitraaz.ee\/fi\/toode\/ema-ja-tutre-ehtekomplekt\/#primaryimage"},"thumbnailUrl":"https:\/\/vitraaz.ee\/wp-content\/uploads\/2023\/11\/valged.jpg","datePublished":"2023-11-09T12:55:54+00:00","dateModified":"2024-07-16T13:10:06+00:00","description":"S\u00fcdamlik kinkekomplekt emalt t\u00fctrele v\u00f5i t\u00fctrelt emale. Armsad s\u00fcdametega ehted lasevad t\u00fctardel olla oma armsa emme koopiad.","breadcrumb":{"@id":"https:\/\/vitraaz.ee\/fi\/toode\/ema-ja-tutre-ehtekomplekt\/#breadcrumb"},"inLanguage":"fi","potentialAction":[{"@type":"ReadAction","target":["https:\/\/vitraaz.ee\/fi\/toode\/ema-ja-tutre-ehtekomplekt\/"]}]},{"@type":"ImageObject","inLanguage":"fi","@id":"https:\/\/vitraaz.ee\/fi\/toode\/ema-ja-tutre-ehtekomplekt\/#primaryimage","url":"https:\/\/vitraaz.ee\/wp-content\/uploads\/2023\/11\/valged.jpg","contentUrl":"https:\/\/vitraaz.ee\/wp-content\/uploads\/2023\/11\/valged.jpg","width":1200,"height":798,"caption":"valge klaas ja nahast rihm"},{"@type":"BreadcrumbList","@id":"https:\/\/vitraaz.ee\/fi\/toode\/ema-ja-tutre-ehtekomplekt\/#breadcrumb","itemListElement":[{"@type":"ListItem","position":1,"name":"Home","item":"https:\/\/vitraaz.ee\/fi\/"},{"@type":"ListItem","position":2,"name":"Pood","item":"https:\/\/vitraaz.ee\/pood\/"},{"@type":"ListItem","position":3,"name":"Ema ja t\u00fctre ehtekomplekt"}]},{"@type":"WebSite","@id":"https:\/\/vitraaz.ee\/fi\/#website","url":"https:\/\/vitraaz.ee\/fi\/","name":"Vitraaz.ee","description":"Klaasinterj&ouml;&ouml;r","publisher":{"@id":"https:\/\/vitraaz.ee\/fi\/#organization"},"potentialAction":[{"@type":"SearchAction","target":{"@type":"EntryPoint","urlTemplate":"https:\/\/vitraaz.ee\/fi\/?s={search_term_string}"},"query-input":{"@type":"PropertyValueSpecification","valueRequired":true,"valueName":"search_term_string"}}],"inLanguage":"fi"},{"@type":"Organization","@id":"https:\/\/vitraaz.ee\/fi\/#organization","name":"KLAASINTERJ\u00d6\u00d6R O\u00dc","url":"https:\/\/vitraaz.ee\/fi\/","logo":{"@type":"ImageObject","inLanguage":"fi","@id":"https:\/\/vitraaz.ee\/fi\/#\/schema\/logo\/image\/","url":"https:\/\/vitraaz.ee\/wp-content\/uploads\/2022\/09\/logoKI.png","contentUrl":"https:\/\/vitraaz.ee\/wp-content\/uploads\/2022\/09\/logoKI.png","width":1159,"height":458,"caption":"KLAASINTERJ\u00d6\u00d6R O\u00dc"},"image":{"@id":"https:\/\/vitraaz.ee\/fi\/#\/schema\/logo\/image\/"},"sameAs":["https:\/\/www.facebook.com\/Klaasinterjoor"]}]}},"_links":{"self":[{"href":"https:\/\/vitraaz.ee\/fi\/wp-json\/wp\/v2\/product\/5895","targetHints":{"allow":["GET"]}}],"collection":[{"href":"https:\/\/vitraaz.ee\/fi\/wp-json\/wp\/v2\/product"}],"about":[{"href":"https:\/\/vitraaz.ee\/fi\/wp-json\/wp\/v2\/types\/product"}],"version-history":[{"count":0,"href":"https:\/\/vitraaz.ee\/fi\/wp-json\/wp\/v2\/product\/5895\/revisions"}],"wp:featuredmedia":[{"embeddable":true,"href":"https:\/\/vitraaz.ee\/fi\/wp-json\/wp\/v2\/media\/5912"}],"wp:attachment":[{"href":"https:\/\/vitraaz.ee\/fi\/wp-json\/wp\/v2\/media?parent=5895"}],"wp:term":[{"taxonomy":"product_brand","embeddable":true,"href":"https:\/\/vitraaz.ee\/fi\/wp-json\/wp\/v2\/product_brand?post=5895"},{"taxonomy":"product_cat","embeddable":true,"href":"https:\/\/vitraaz.ee\/fi\/wp-json\/wp\/v2\/product_cat?post=5895"},{"taxonomy":"product_tag","embeddable":true,"href":"https:\/\/vitraaz.ee\/fi\/wp-json\/wp\/v2\/product_tag?post=5895"}],"curies":[{"name":"wp","href":"https:\/\/api.w.org\/{rel}","templated":true}]}}