{"id":5893,"date":"2023-11-02T14:37:40","date_gmt":"2023-11-02T14:37:40","guid":{"rendered":"https:\/\/vitraaz.ee\/?post_type=product&#038;p=5893"},"modified":"2025-01-17T02:10:07","modified_gmt":"2025-01-17T02:10:07","slug":"kuldse-klaaskiviga-kaevoru","status":"publish","type":"product","link":"https:\/\/vitraaz.ee\/fi\/toode\/kuldse-klaaskiviga-kaevoru\/","title":{"rendered":"Kuldse klaaskiviga k\u00e4ev\u00f5ru"},"content":{"rendered":"<p>Pilkupaitav kuldse klaaskiviga k\u00e4ev\u00f5ru. K\u00e4eehte lihtne disain sobitub h\u00e4sti iga riietusega, olgu siis argine v\u00f5i pidulik. Tume nahast rihm on alati \u0161ikk, kuid kuldsest k\u00fc\u00fctlevast klaasist detail teeb sellest t\u00f5eliselt kauni aksessuaari. Nahast rihm kinnitub trukiga. Veendu, et ehe sobib kandjale, selleks on vajav m\u00f5\u00f5ta k\u00e4e\u00fcmberm\u00f5\u00f5t randmest pisut k\u00f5rgemalt.<\/p>\n","protected":false},"excerpt":{"rendered":"<p>Pilkupaitav kuldse klaaskiviga k\u00e4ev\u00f5ru. K\u00e4eehte lihtne disain sobitub h\u00e4sti iga riietusega, olgu siis argine v\u00f5i pidulik. Tume nahast rihm on alati \u0161ikk, kuid kuldsest k\u00fc\u00fctlevast klaasist detail teeb sellest t\u00f5eliselt kauni aksessuaari. Nahast rihm kinnitub trukiga. Veendu, et ehe sobib kandjale, selleks on vajav m\u00f5\u00f5ta k\u00e4e\u00fcmberm\u00f5\u00f5t randmest pisut k\u00f5rgemalt.<\/p>\n","protected":false},"featured_media":5785,"template":"","meta":{"_acf_changed":false},"product_brand":[],"product_cat":[39],"product_tag":[],"class_list":{"0":"post-5893","1":"product","2":"type-product","3":"status-publish","4":"has-post-thumbnail","6":"product_cat-ehted","8":"first","9":"instock","10":"taxable","11":"shipping-taxable","12":"purchasable","13":"product-type-variable"},"acf":[],"yoast_head":"<!-- This site is optimized with the Yoast SEO plugin v27.3 - https:\/\/yoast.com\/product\/yoast-seo-wordpress\/ -->\n<title>Kuldse klaaskiviga k\u00e4ev\u00f5ru - Vitraaz.ee<\/title>\n<meta name=\"description\" content=\"Kuldse klaaskiviga k\u00e4ev\u00f5ru on t\u00f5eliselt praktiline leid efektsete ehete kandjale. Vormilt lihtne, kuid s\u00e4rav ehe sobib argip\u00e4eva kui ka pidup\u00e4eva.\" \/>\n<meta name=\"robots\" content=\"index, follow, max-snippet:-1, max-image-preview:large, max-video-preview:-1\" \/>\n<link rel=\"canonical\" href=\"https:\/\/vitraaz.ee\/fi\/toode\/kuldse-klaaskiviga-kaevoru\/\" \/>\n<meta property=\"og:locale\" content=\"fi_FI\" \/>\n<meta property=\"og:type\" content=\"article\" \/>\n<meta property=\"og:title\" content=\"Kuldse klaaskiviga k\u00e4ev\u00f5ru - Vitraaz.ee\" \/>\n<meta property=\"og:description\" content=\"Kuldse klaaskiviga k\u00e4ev\u00f5ru on t\u00f5eliselt praktiline leid efektsete ehete kandjale. Vormilt lihtne, kuid s\u00e4rav ehe sobib argip\u00e4eva kui ka pidup\u00e4eva.\" \/>\n<meta property=\"og:url\" content=\"https:\/\/vitraaz.ee\/fi\/toode\/kuldse-klaaskiviga-kaevoru\/\" \/>\n<meta property=\"og:site_name\" content=\"Vitraaz.ee\" \/>\n<meta property=\"article:publisher\" content=\"https:\/\/www.facebook.com\/Klaasinterjoor\" \/>\n<meta property=\"article:modified_time\" content=\"2025-01-17T02:10:07+00:00\" \/>\n<meta property=\"og:image\" content=\"https:\/\/vitraaz.ee\/wp-content\/uploads\/2023\/10\/kuldne2.jpg\" \/>\n\t<meta property=\"og:image:width\" content=\"1200\" \/>\n\t<meta property=\"og:image:height\" content=\"798\" \/>\n\t<meta property=\"og:image:type\" content=\"image\/jpeg\" \/>\n<meta name=\"twitter:card\" content=\"summary_large_image\" \/>\n<meta name=\"twitter:label1\" content=\"Arvioitu lukuaika\" \/>\n\t<meta name=\"twitter:data1\" content=\"1 minuutti\" \/>\n<script type=\"application\/ld+json\" class=\"yoast-schema-graph\">{\"@context\":\"https:\\\/\\\/schema.org\",\"@graph\":[{\"@type\":\"WebPage\",\"@id\":\"https:\\\/\\\/vitraaz.ee\\\/fi\\\/toode\\\/kuldse-klaaskiviga-kaevoru\\\/\",\"url\":\"https:\\\/\\\/vitraaz.ee\\\/fi\\\/toode\\\/kuldse-klaaskiviga-kaevoru\\\/\",\"name\":\"Kuldse klaaskiviga k\u00e4ev\u00f5ru - Vitraaz.ee\",\"isPartOf\":{\"@id\":\"https:\\\/\\\/vitraaz.ee\\\/fi\\\/#website\"},\"primaryImageOfPage\":{\"@id\":\"https:\\\/\\\/vitraaz.ee\\\/fi\\\/toode\\\/kuldse-klaaskiviga-kaevoru\\\/#primaryimage\"},\"image\":{\"@id\":\"https:\\\/\\\/vitraaz.ee\\\/fi\\\/toode\\\/kuldse-klaaskiviga-kaevoru\\\/#primaryimage\"},\"thumbnailUrl\":\"https:\\\/\\\/vitraaz.ee\\\/wp-content\\\/uploads\\\/2023\\\/10\\\/kuldne2.jpg\",\"datePublished\":\"2023-11-02T14:37:40+00:00\",\"dateModified\":\"2025-01-17T02:10:07+00:00\",\"description\":\"Kuldse klaaskiviga k\u00e4ev\u00f5ru on t\u00f5eliselt praktiline leid efektsete ehete kandjale. Vormilt lihtne, kuid s\u00e4rav ehe sobib argip\u00e4eva kui ka pidup\u00e4eva.\",\"breadcrumb\":{\"@id\":\"https:\\\/\\\/vitraaz.ee\\\/fi\\\/toode\\\/kuldse-klaaskiviga-kaevoru\\\/#breadcrumb\"},\"inLanguage\":\"fi\",\"potentialAction\":[{\"@type\":\"ReadAction\",\"target\":[\"https:\\\/\\\/vitraaz.ee\\\/fi\\\/toode\\\/kuldse-klaaskiviga-kaevoru\\\/\"]}]},{\"@type\":\"ImageObject\",\"inLanguage\":\"fi\",\"@id\":\"https:\\\/\\\/vitraaz.ee\\\/fi\\\/toode\\\/kuldse-klaaskiviga-kaevoru\\\/#primaryimage\",\"url\":\"https:\\\/\\\/vitraaz.ee\\\/wp-content\\\/uploads\\\/2023\\\/10\\\/kuldne2.jpg\",\"contentUrl\":\"https:\\\/\\\/vitraaz.ee\\\/wp-content\\\/uploads\\\/2023\\\/10\\\/kuldne2.jpg\",\"width\":1200,\"height\":798,\"caption\":\"kuldne klaas\"},{\"@type\":\"BreadcrumbList\",\"@id\":\"https:\\\/\\\/vitraaz.ee\\\/fi\\\/toode\\\/kuldse-klaaskiviga-kaevoru\\\/#breadcrumb\",\"itemListElement\":[{\"@type\":\"ListItem\",\"position\":1,\"name\":\"Home\",\"item\":\"https:\\\/\\\/vitraaz.ee\\\/fi\\\/\"},{\"@type\":\"ListItem\",\"position\":2,\"name\":\"Pood\",\"item\":\"https:\\\/\\\/vitraaz.ee\\\/pood\\\/\"},{\"@type\":\"ListItem\",\"position\":3,\"name\":\"Kuldse klaaskiviga k\u00e4ev\u00f5ru\"}]},{\"@type\":\"WebSite\",\"@id\":\"https:\\\/\\\/vitraaz.ee\\\/fi\\\/#website\",\"url\":\"https:\\\/\\\/vitraaz.ee\\\/fi\\\/\",\"name\":\"Vitraaz.ee\",\"description\":\"Klaasinterj&ouml;&ouml;r\",\"publisher\":{\"@id\":\"https:\\\/\\\/vitraaz.ee\\\/fi\\\/#organization\"},\"potentialAction\":[{\"@type\":\"SearchAction\",\"target\":{\"@type\":\"EntryPoint\",\"urlTemplate\":\"https:\\\/\\\/vitraaz.ee\\\/fi\\\/?s={search_term_string}\"},\"query-input\":{\"@type\":\"PropertyValueSpecification\",\"valueRequired\":true,\"valueName\":\"search_term_string\"}}],\"inLanguage\":\"fi\"},{\"@type\":\"Organization\",\"@id\":\"https:\\\/\\\/vitraaz.ee\\\/fi\\\/#organization\",\"name\":\"KLAASINTERJ\u00d6\u00d6R O\u00dc\",\"url\":\"https:\\\/\\\/vitraaz.ee\\\/fi\\\/\",\"logo\":{\"@type\":\"ImageObject\",\"inLanguage\":\"fi\",\"@id\":\"https:\\\/\\\/vitraaz.ee\\\/fi\\\/#\\\/schema\\\/logo\\\/image\\\/\",\"url\":\"https:\\\/\\\/vitraaz.ee\\\/wp-content\\\/uploads\\\/2022\\\/09\\\/logoKI.png\",\"contentUrl\":\"https:\\\/\\\/vitraaz.ee\\\/wp-content\\\/uploads\\\/2022\\\/09\\\/logoKI.png\",\"width\":1159,\"height\":458,\"caption\":\"KLAASINTERJ\u00d6\u00d6R O\u00dc\"},\"image\":{\"@id\":\"https:\\\/\\\/vitraaz.ee\\\/fi\\\/#\\\/schema\\\/logo\\\/image\\\/\"},\"sameAs\":[\"https:\\\/\\\/www.facebook.com\\\/Klaasinterjoor\"]}]}<\/script>\n<!-- \/ Yoast SEO plugin. -->","yoast_head_json":{"title":"Kuldse klaaskiviga k\u00e4ev\u00f5ru - Vitraaz.ee","description":"Kuldse klaaskiviga k\u00e4ev\u00f5ru on t\u00f5eliselt praktiline leid efektsete ehete kandjale. Vormilt lihtne, kuid s\u00e4rav ehe sobib argip\u00e4eva kui ka pidup\u00e4eva.","robots":{"index":"index","follow":"follow","max-snippet":"max-snippet:-1","max-image-preview":"max-image-preview:large","max-video-preview":"max-video-preview:-1"},"canonical":"https:\/\/vitraaz.ee\/fi\/toode\/kuldse-klaaskiviga-kaevoru\/","og_locale":"fi_FI","og_type":"article","og_title":"Kuldse klaaskiviga k\u00e4ev\u00f5ru - Vitraaz.ee","og_description":"Kuldse klaaskiviga k\u00e4ev\u00f5ru on t\u00f5eliselt praktiline leid efektsete ehete kandjale. Vormilt lihtne, kuid s\u00e4rav ehe sobib argip\u00e4eva kui ka pidup\u00e4eva.","og_url":"https:\/\/vitraaz.ee\/fi\/toode\/kuldse-klaaskiviga-kaevoru\/","og_site_name":"Vitraaz.ee","article_publisher":"https:\/\/www.facebook.com\/Klaasinterjoor","article_modified_time":"2025-01-17T02:10:07+00:00","og_image":[{"width":1200,"height":798,"url":"https:\/\/vitraaz.ee\/wp-content\/uploads\/2023\/10\/kuldne2.jpg","type":"image\/jpeg"}],"twitter_card":"summary_large_image","twitter_misc":{"Arvioitu lukuaika":"1 minuutti"},"schema":{"@context":"https:\/\/schema.org","@graph":[{"@type":"WebPage","@id":"https:\/\/vitraaz.ee\/fi\/toode\/kuldse-klaaskiviga-kaevoru\/","url":"https:\/\/vitraaz.ee\/fi\/toode\/kuldse-klaaskiviga-kaevoru\/","name":"Kuldse klaaskiviga k\u00e4ev\u00f5ru - Vitraaz.ee","isPartOf":{"@id":"https:\/\/vitraaz.ee\/fi\/#website"},"primaryImageOfPage":{"@id":"https:\/\/vitraaz.ee\/fi\/toode\/kuldse-klaaskiviga-kaevoru\/#primaryimage"},"image":{"@id":"https:\/\/vitraaz.ee\/fi\/toode\/kuldse-klaaskiviga-kaevoru\/#primaryimage"},"thumbnailUrl":"https:\/\/vitraaz.ee\/wp-content\/uploads\/2023\/10\/kuldne2.jpg","datePublished":"2023-11-02T14:37:40+00:00","dateModified":"2025-01-17T02:10:07+00:00","description":"Kuldse klaaskiviga k\u00e4ev\u00f5ru on t\u00f5eliselt praktiline leid efektsete ehete kandjale. Vormilt lihtne, kuid s\u00e4rav ehe sobib argip\u00e4eva kui ka pidup\u00e4eva.","breadcrumb":{"@id":"https:\/\/vitraaz.ee\/fi\/toode\/kuldse-klaaskiviga-kaevoru\/#breadcrumb"},"inLanguage":"fi","potentialAction":[{"@type":"ReadAction","target":["https:\/\/vitraaz.ee\/fi\/toode\/kuldse-klaaskiviga-kaevoru\/"]}]},{"@type":"ImageObject","inLanguage":"fi","@id":"https:\/\/vitraaz.ee\/fi\/toode\/kuldse-klaaskiviga-kaevoru\/#primaryimage","url":"https:\/\/vitraaz.ee\/wp-content\/uploads\/2023\/10\/kuldne2.jpg","contentUrl":"https:\/\/vitraaz.ee\/wp-content\/uploads\/2023\/10\/kuldne2.jpg","width":1200,"height":798,"caption":"kuldne klaas"},{"@type":"BreadcrumbList","@id":"https:\/\/vitraaz.ee\/fi\/toode\/kuldse-klaaskiviga-kaevoru\/#breadcrumb","itemListElement":[{"@type":"ListItem","position":1,"name":"Home","item":"https:\/\/vitraaz.ee\/fi\/"},{"@type":"ListItem","position":2,"name":"Pood","item":"https:\/\/vitraaz.ee\/pood\/"},{"@type":"ListItem","position":3,"name":"Kuldse klaaskiviga k\u00e4ev\u00f5ru"}]},{"@type":"WebSite","@id":"https:\/\/vitraaz.ee\/fi\/#website","url":"https:\/\/vitraaz.ee\/fi\/","name":"Vitraaz.ee","description":"Klaasinterj&ouml;&ouml;r","publisher":{"@id":"https:\/\/vitraaz.ee\/fi\/#organization"},"potentialAction":[{"@type":"SearchAction","target":{"@type":"EntryPoint","urlTemplate":"https:\/\/vitraaz.ee\/fi\/?s={search_term_string}"},"query-input":{"@type":"PropertyValueSpecification","valueRequired":true,"valueName":"search_term_string"}}],"inLanguage":"fi"},{"@type":"Organization","@id":"https:\/\/vitraaz.ee\/fi\/#organization","name":"KLAASINTERJ\u00d6\u00d6R O\u00dc","url":"https:\/\/vitraaz.ee\/fi\/","logo":{"@type":"ImageObject","inLanguage":"fi","@id":"https:\/\/vitraaz.ee\/fi\/#\/schema\/logo\/image\/","url":"https:\/\/vitraaz.ee\/wp-content\/uploads\/2022\/09\/logoKI.png","contentUrl":"https:\/\/vitraaz.ee\/wp-content\/uploads\/2022\/09\/logoKI.png","width":1159,"height":458,"caption":"KLAASINTERJ\u00d6\u00d6R O\u00dc"},"image":{"@id":"https:\/\/vitraaz.ee\/fi\/#\/schema\/logo\/image\/"},"sameAs":["https:\/\/www.facebook.com\/Klaasinterjoor"]}]}},"_links":{"self":[{"href":"https:\/\/vitraaz.ee\/fi\/wp-json\/wp\/v2\/product\/5893","targetHints":{"allow":["GET"]}}],"collection":[{"href":"https:\/\/vitraaz.ee\/fi\/wp-json\/wp\/v2\/product"}],"about":[{"href":"https:\/\/vitraaz.ee\/fi\/wp-json\/wp\/v2\/types\/product"}],"version-history":[{"count":1,"href":"https:\/\/vitraaz.ee\/fi\/wp-json\/wp\/v2\/product\/5893\/revisions"}],"predecessor-version":[{"id":8071,"href":"https:\/\/vitraaz.ee\/fi\/wp-json\/wp\/v2\/product\/5893\/revisions\/8071"}],"wp:featuredmedia":[{"embeddable":true,"href":"https:\/\/vitraaz.ee\/fi\/wp-json\/wp\/v2\/media\/5785"}],"wp:attachment":[{"href":"https:\/\/vitraaz.ee\/fi\/wp-json\/wp\/v2\/media?parent=5893"}],"wp:term":[{"taxonomy":"product_brand","embeddable":true,"href":"https:\/\/vitraaz.ee\/fi\/wp-json\/wp\/v2\/product_brand?post=5893"},{"taxonomy":"product_cat","embeddable":true,"href":"https:\/\/vitraaz.ee\/fi\/wp-json\/wp\/v2\/product_cat?post=5893"},{"taxonomy":"product_tag","embeddable":true,"href":"https:\/\/vitraaz.ee\/fi\/wp-json\/wp\/v2\/product_tag?post=5893"}],"curies":[{"name":"wp","href":"https:\/\/api.w.org\/{rel}","templated":true}]}}